{"id":16213,"date":"2025-02-13T13:59:20","date_gmt":"2025-02-13T13:59:20","guid":{"rendered":"https:\/\/euvapz.com\/?post_type=product&#038;p=16213"},"modified":"2025-03-27T12:12:05","modified_gmt":"2025-03-27T12:12:05","slug":"atvs-25000-puffs-nejlepsi-volba-pro-dlouhotrvajici-poteseni-z-vapingu","status":"publish","type":"product","link":"https:\/\/euvapz.com\/cs\/produkt\/atvs-25000-puffs-nejlepsi-volba-pro-dlouhotrvajici-poteseni-z-vapingu\/","title":{"rendered":"ATVS 25000 Puffs Nejlep\u0161\u00ed volba pro dlouhotrvaj\u00edc\u00ed pot\u011b\u0161en\u00ed z vapingu!"},"content":{"rendered":"<h2>\u00a0ATVS 25000 Puffs <a href=\"https:\/\/euvapz.com\/cs\">Velkoobchodn\u00ed jednor\u00e1zov\u00e9 Vape<\/a><\/h2>\n<p>Na str\u00e1nk\u00e1ch <strong>ATVS 25000 Puffs Velkoobchodn\u00ed jednor\u00e1zov\u00e9 Vape<\/strong> nastavuje nov\u00fd standard v oblasti jednor\u00e1zov\u00e9ho vapingu a nab\u00edz\u00ed neuv\u011b\u0159iteln\u00fd v\u00fdkon. <strong>25 000 obl\u00e1\u010dk\u016f<\/strong> pro del\u0161\u00ed po\u017eitek. Toto za\u0159\u00edzen\u00ed je ur\u010deno pro ty, kte\u0159\u00ed cht\u011bj\u00ed vysoce v\u00fdkonn\u00fd a dlouhotrvaj\u00edc\u00ed vaping, a je vybaveno funkcemi, kter\u00e9 zaji\u0161\u0165uj\u00ed bohatou chu\u0165 a hladkou p\u00e1ru p\u0159i ka\u017ed\u00e9m potahu. A\u0165 u\u017e hled\u00e1te vapovac\u00ed pero pro osobn\u00ed pou\u017eit\u00ed, nebo pro velkoobchodn\u00ed distribuci, vapovac\u00ed pero <strong>ATVS 25000 Puffs<\/strong> je va\u0161\u00ed nejlep\u0161\u00ed volbou.<\/p>\n<p>S <strong>Kapacita 22 ml e-liquidu<\/strong>, v\u00fdkonn\u00fd <strong>1000mAh baterie<\/strong>a <strong>C\u00edvka DUAL mesh<\/strong>, tento jednor\u00e1zov\u00fd vape je vyroben tak, aby vydr\u017eel. Na <strong>Odpor 0,4\u03a9\/0,8\u03a9<\/strong> poskytuje optimalizovan\u00fd z\u00e1\u017eitek z vapov\u00e1n\u00ed, tak\u017ee je ide\u00e1ln\u00ed volbou jak pro zku\u0161en\u00e9 vapery, tak pro nov\u00e1\u010dky ve sv\u011bt\u011b jednor\u00e1zov\u00fdch vap\u016f. Nav\u00edc s \u0159adou lahodn\u00fdch p\u0159\u00edchut\u00ed, jako je nap\u0159. <strong>Mango Ice<\/strong>, <strong>Bor\u016fvkov\u00fd led<\/strong>a <strong>Jahodov\u00fd meloun<\/strong>, tato vape slibuje poka\u017ed\u00e9 nezapomenuteln\u00fd z\u00e1\u017eitek.<\/p>\n<p>Na euvapz.com nab\u00edz\u00edme toto pr\u00e9miov\u00e9 jednor\u00e1zov\u00e9 vape pero pro velkoobchodn\u00ed odb\u011bratele v cel\u00e9 Evrop\u011b a zaji\u0161\u0165ujeme rychl\u00e9 a snadn\u00e9 dod\u00e1n\u00ed.<\/p>\n<hr \/>\n<h1><img fetchpriority=\"high\" decoding=\"async\" class=\"alignnone size-full wp-image-16238\" src=\"https:\/\/euvapz.com\/wp-content\/uploads\/2025\/02\/ATVS-25000-Puffs-The-Best-Choice-for-Long-Lasting-Vaping-Pleasure-1.webp\" alt=\"ATVS 25000 Puffs Nejlep\u0161\u00ed volba pro dlouhotrvaj\u00edc\u00ed vapingov\u00fd po\u017eitek!\" width=\"1000\" height=\"1000\" srcset=\"https:\/\/euvapz.com\/wp-content\/uploads\/2025\/02\/ATVS-25000-Puffs-The-Best-Choice-for-Long-Lasting-Vaping-Pleasure-1.webp 1000w, https:\/\/euvapz.com\/wp-content\/uploads\/2025\/02\/ATVS-25000-Puffs-The-Best-Choice-for-Long-Lasting-Vaping-Pleasure-1-300x300.webp 300w, https:\/\/euvapz.com\/wp-content\/uploads\/2025\/02\/ATVS-25000-Puffs-The-Best-Choice-for-Long-Lasting-Vaping-Pleasure-1-800x800.webp 800w, https:\/\/euvapz.com\/wp-content\/uploads\/2025\/02\/ATVS-25000-Puffs-The-Best-Choice-for-Long-Lasting-Vaping-Pleasure-1-150x150.webp 150w, https:\/\/euvapz.com\/wp-content\/uploads\/2025\/02\/ATVS-25000-Puffs-The-Best-Choice-for-Long-Lasting-Vaping-Pleasure-1-768x768.webp 768w, https:\/\/euvapz.com\/wp-content\/uploads\/2025\/02\/ATVS-25000-Puffs-The-Best-Choice-for-Long-Lasting-Vaping-Pleasure-1-12x12.webp 12w, https:\/\/euvapz.com\/wp-content\/uploads\/2025\/02\/ATVS-25000-Puffs-The-Best-Choice-for-Long-Lasting-Vaping-Pleasure-1-430x430.webp 430w, https:\/\/euvapz.com\/wp-content\/uploads\/2025\/02\/ATVS-25000-Puffs-The-Best-Choice-for-Long-Lasting-Vaping-Pleasure-1-700x700.webp 700w\" sizes=\"(max-width: 1000px) 100vw, 1000px\" \/><\/h1>\n<h2>Kl\u00ed\u010dov\u00e9 vlastnosti <a href=\"https:\/\/euvapz.com\/cs\/kategorie-produktu\/atvs-disposable-vape\/\">ATVS 25000 Puffs<\/a> Vape na jedno pou\u017eit\u00ed<\/h2>\n<p>Na str\u00e1nk\u00e1ch <strong>ATVS 25000 Puffs Vape na jedno pou\u017eit\u00ed<\/strong> je vybaven pokro\u010dil\u00fdmi funkcemi, kter\u00e9 zaru\u010duj\u00ed vynikaj\u00edc\u00ed z\u00e1\u017eitek z vapingu. Zde jsou kl\u00ed\u010dov\u00e9 specifikace:<\/p>\n<table>\n<thead>\n<tr>\n<th>Funkce<\/th>\n<th>Podrobnosti na<\/th>\n<\/tr>\n<\/thead>\n<tbody>\n<tr>\n<td><strong>Po\u010det puf\u016f<\/strong><\/td>\n<td>25 000 puff\u016f<\/td>\n<\/tr>\n<tr>\n<td><strong>Kapacita e-liquidu<\/strong><\/td>\n<td>22 ml<\/td>\n<\/tr>\n<tr>\n<td><strong>Baterie<\/strong><\/td>\n<td>112040 Baterie<\/td>\n<\/tr>\n<tr>\n<td><strong>Kapacita baterie<\/strong><\/td>\n<td>1000 mAh<\/td>\n<\/tr>\n<tr>\n<td><strong>C\u00edvka<\/strong><\/td>\n<td>C\u00edvka DUAL Mesh<\/td>\n<\/tr>\n<tr>\n<td><strong>Odolnost<\/strong><\/td>\n<td>0,4\u03a9\/0,8\u03a9<\/td>\n<\/tr>\n<tr>\n<td><strong>Velikost v\u00fdrobku (vnit\u0159n\u00ed balen\u00ed)<\/strong><\/td>\n<td>52.2<em>26<\/em>99 mm (jeden kus)<\/td>\n<\/tr>\n<tr>\n<td><strong>Velikost vn\u011bj\u0161\u00edho balen\u00ed<\/strong><\/td>\n<td>132<em>119<\/em>160 mm (jedna krabice\/10 ks)<\/td>\n<\/tr>\n<tr>\n<td><strong>Hrub\u00e1 hmotnost<\/strong><\/td>\n<td>25,6 kg (200 ks)<\/td>\n<\/tr>\n<tr>\n<td><strong>Obsah nikotinov\u00e9 soli<\/strong><\/td>\n<td>K dispozici v r\u016fzn\u00fdch variant\u00e1ch (5%, 3%, 2%, 0%).<\/td>\n<\/tr>\n<tr>\n<td><strong>Podpora<\/strong><\/td>\n<td>OEM\/ODM<\/td>\n<\/tr>\n<\/tbody>\n<\/table>\n<h3>Po\u010det \u0161luk\u016f a kapacita e-liquidu<\/h3>\n<p>Na str\u00e1nk\u00e1ch <strong>ATVS 25000 Puffs Vape na jedno pou\u017eit\u00ed<\/strong> nab\u00edz\u00ed <strong>25 000 obl\u00e1\u010dk\u016f<\/strong>, co\u017e zaji\u0161\u0165uje dlouhotrvaj\u00edc\u00ed po\u017eitek i t\u011bm nejoddan\u011bj\u0161\u00edm vaper\u016fm. . <strong>Kapacita 22 ml e-liquidu<\/strong> D\u00edky tomu se nemus\u00edte starat o dopl\u0148ov\u00e1n\u00ed n\u00e1pln\u011b a m\u016f\u017eete si u\u017e\u00edvat bez probl\u00e9m\u016f.<\/p>\n<h3>V\u00fdkonn\u00e1 baterie a s\u00ed\u0165ov\u00e1 c\u00edvka<\/h3>\n<p>Na str\u00e1nk\u00e1ch <strong>1000mAh baterie<\/strong> poskytuje dokonal\u00fd v\u00fdkon pro konzistentn\u00ed v\u00fdkon, zat\u00edmco <strong>C\u00edvka DUAL mesh<\/strong> zaji\u0161\u0165uje plynulou a konzistentn\u00ed produkci p\u00e1ry. . <strong>Odpor 0,4\u03a9\/0,8\u03a9<\/strong> zaji\u0161\u0165uje optim\u00e1ln\u00ed oh\u0159ev pro bohatou a uspokojivou chu\u0165.<\/p>\n<h3>Snadn\u00e9 pou\u017eit\u00ed a pohodl\u00ed<\/h3>\n<p>Na str\u00e1nk\u00e1ch <strong>ATVS 25000 Puffs<\/strong> je dod\u00e1v\u00e1n s <strong>Dob\u00edjec\u00ed typ C<\/strong> rozhran\u00ed pro v\u011bt\u0161\u00ed pohodl\u00ed. Za\u0159\u00edzen\u00ed je ur\u010deno pro <strong>inhalace do plic<\/strong>, co\u017e v\u00e1m poka\u017ed\u00e9 p\u0159inese uspokojiv\u00fd v\u00fdsledek. A\u0165 u\u017e ji pou\u017e\u00edv\u00e1te na cest\u00e1ch nebo doma, tato jednor\u00e1zov\u00e1 vapka je dokonal\u00fdm spole\u010dn\u00edkem pro va\u0161e pot\u0159eby vapov\u00e1n\u00ed.<\/p>\n<hr \/>\n<h1><img decoding=\"async\" class=\"alignnone size-full wp-image-16247\" src=\"https:\/\/euvapz.com\/wp-content\/uploads\/2025\/02\/ATVS-25000-Puffs-The-Best-Choice-for-Long-Lasting-Vaping-Pleasure-17.webp\" alt=\"ATVS 25000 Puffs Nejlep\u0161\u00ed volba pro dlouhotrvaj\u00edc\u00ed vapingov\u00fd po\u017eitek!\" width=\"1000\" height=\"1000\" srcset=\"https:\/\/euvapz.com\/wp-content\/uploads\/2025\/02\/ATVS-25000-Puffs-The-Best-Choice-for-Long-Lasting-Vaping-Pleasure-17.webp 1000w, https:\/\/euvapz.com\/wp-content\/uploads\/2025\/02\/ATVS-25000-Puffs-The-Best-Choice-for-Long-Lasting-Vaping-Pleasure-17-300x300.webp 300w, https:\/\/euvapz.com\/wp-content\/uploads\/2025\/02\/ATVS-25000-Puffs-The-Best-Choice-for-Long-Lasting-Vaping-Pleasure-17-800x800.webp 800w, https:\/\/euvapz.com\/wp-content\/uploads\/2025\/02\/ATVS-25000-Puffs-The-Best-Choice-for-Long-Lasting-Vaping-Pleasure-17-150x150.webp 150w, https:\/\/euvapz.com\/wp-content\/uploads\/2025\/02\/ATVS-25000-Puffs-The-Best-Choice-for-Long-Lasting-Vaping-Pleasure-17-768x768.webp 768w, https:\/\/euvapz.com\/wp-content\/uploads\/2025\/02\/ATVS-25000-Puffs-The-Best-Choice-for-Long-Lasting-Vaping-Pleasure-17-12x12.webp 12w, https:\/\/euvapz.com\/wp-content\/uploads\/2025\/02\/ATVS-25000-Puffs-The-Best-Choice-for-Long-Lasting-Vaping-Pleasure-17-430x430.webp 430w, https:\/\/euvapz.com\/wp-content\/uploads\/2025\/02\/ATVS-25000-Puffs-The-Best-Choice-for-Long-Lasting-Vaping-Pleasure-17-700x700.webp 700w\" sizes=\"(max-width: 1000px) 100vw, 1000px\" \/><\/h1>\n<h2>Prozkoumejte na\u0161i kolekci lahodn\u00fdch chut\u00ed<\/h2>\n<p>Jedn\u00edm z vrchol\u016f <strong>ATVS 25000 Puffs<\/strong> je jeho \u0161irok\u00e1 \u0161k\u00e1la \u00fa\u017easn\u00fdch chut\u00ed. Zde se bl\u00ed\u017ee sezn\u00e1m\u00edte s dostupn\u00fdmi lahodn\u00fdmi p\u0159\u00edchut\u011bmi:<\/p>\n<table>\n<thead>\n<tr>\n<th>N\u00e1zev p\u0159\u00edchut\u011b<\/th>\n<th>Popis<\/th>\n<\/tr>\n<\/thead>\n<tbody>\n<tr>\n<td><strong>Mango Ice<\/strong><\/td>\n<td>Tropick\u00e1 sm\u011bs sladk\u00e9ho, \u0161\u0165avnat\u00e9ho manga s osv\u011b\u017euj\u00edc\u00edm ledov\u00fdm z\u00e1v\u011brem.<\/td>\n<\/tr>\n<tr>\n<td><strong>Bor\u016fvkov\u00fd led<\/strong><\/td>\n<td>Sladk\u00e9 bor\u016fvky s chladiv\u00fdm, k\u0159upav\u00fdm ledov\u00fdm z\u00e1v\u011brem pro osv\u011b\u017euj\u00edc\u00ed vape.<\/td>\n<\/tr>\n<tr>\n<td><strong>Jahodov\u00fd meloun<\/strong><\/td>\n<td>Ovocn\u00e1 kombinace \u0161\u0165avnat\u00fdch jahod a sladk\u00e9ho melounu pro vyv\u00e1\u017een\u00fd vape.<\/td>\n<\/tr>\n<tr>\n<td><strong>M\u00e1tov\u00fd<\/strong><\/td>\n<td>Klasick\u00e1 chladiv\u00e1 m\u00e1tov\u00e1 p\u0159\u00edchu\u0165 s osv\u011b\u017euj\u00edc\u00edm n\u00e1dechem.<\/td>\n<\/tr>\n<tr>\n<td><strong>Melounov\u00fd led<\/strong><\/td>\n<td>Sladk\u00fd, zral\u00fd meloun s ledov\u011b chladiv\u00fdm z\u00e1v\u011brem.<\/td>\n<\/tr>\n<tr>\n<td><strong>Ban\u00e1nov\u00fd pomeran\u010dov\u00fd led<\/strong><\/td>\n<td>Jemn\u00e1 sm\u011bs zral\u00e9ho ban\u00e1nu a pikantn\u00edho pomeran\u010de s osv\u011b\u017euj\u00edc\u00edm ledov\u00fdm z\u00e1v\u011brem.<\/td>\n<\/tr>\n<tr>\n<td><strong>Jahodov\u00e1 zmrzlina<\/strong><\/td>\n<td>Sladk\u00e9, \u010derstv\u00e9 jahody s ledov\u00fdm, chladiv\u00fdm pocitem.<\/td>\n<\/tr>\n<tr>\n<td><strong>Hroznov\u00fd led<\/strong><\/td>\n<td>Ovocn\u00e1, trpk\u00e1 chu\u0165 hrozn\u016f se snoub\u00ed s chladn\u00fdm, ledov\u00fdm z\u00e1v\u011brem.<\/td>\n<\/tr>\n<tr>\n<td><strong>Guava Ice<\/strong><\/td>\n<td>Tropick\u00e1 p\u0159\u00edchu\u0165 guavy s osv\u011b\u017euj\u00edc\u00edm ledov\u00fdm n\u00e1dechem.<\/td>\n<\/tr>\n<tr>\n<td><strong>Broskvov\u00fd led<\/strong><\/td>\n<td>Zral\u00e9 broskve s mraziv\u00fdm ledov\u00fdm z\u00e1v\u011brem pro osv\u011b\u017euj\u00edc\u00ed z\u00e1\u017eitek.<\/td>\n<\/tr>\n<\/tbody>\n<\/table>\n<h3>Zku\u0161enosti s chut\u00ed<\/h3>\n<p>Na str\u00e1nk\u00e1ch <strong>ATVS 25000 Puffs<\/strong> nab\u00edz\u00ed bohatou \u0161k\u00e1lu p\u0159\u00edchut\u00ed, od obl\u00edben\u00fdch ovocn\u00fdch, jako je nap\u0159. <strong>Mango Ice<\/strong> a <strong>Jahodov\u00fd meloun<\/strong> na osv\u011b\u017euj\u00edc\u00ed mentolov\u00e9 sm\u011bsi, jako je <strong>M\u00e1tov\u00fd<\/strong> a <strong>Melounov\u00fd led<\/strong>. Ka\u017ed\u00e9 \u0161luknut\u00ed p\u0159in\u00e1\u0161\u00ed hladkou, konzistentn\u00ed chu\u0165, kter\u00e1 z ka\u017ed\u00e9ho \u0161luknut\u00ed d\u011bl\u00e1 uspokojiv\u00fd z\u00e1\u017eitek.<\/p>\n<h1><img decoding=\"async\" class=\"alignnone size-full wp-image-16242\" src=\"https:\/\/euvapz.com\/wp-content\/uploads\/2025\/02\/ATVS-25000-Puffs-The-Best-Choice-for-Long-Lasting-Vaping-Pleasure-5.webp\" alt=\"ATVS 25000 Puffs Nejlep\u0161\u00ed volba pro dlouhotrvaj\u00edc\u00ed vapingov\u00fd po\u017eitek!\" width=\"1000\" height=\"1000\" srcset=\"https:\/\/euvapz.com\/wp-content\/uploads\/2025\/02\/ATVS-25000-Puffs-The-Best-Choice-for-Long-Lasting-Vaping-Pleasure-5.webp 1000w, https:\/\/euvapz.com\/wp-content\/uploads\/2025\/02\/ATVS-25000-Puffs-The-Best-Choice-for-Long-Lasting-Vaping-Pleasure-5-300x300.webp 300w, https:\/\/euvapz.com\/wp-content\/uploads\/2025\/02\/ATVS-25000-Puffs-The-Best-Choice-for-Long-Lasting-Vaping-Pleasure-5-800x800.webp 800w, https:\/\/euvapz.com\/wp-content\/uploads\/2025\/02\/ATVS-25000-Puffs-The-Best-Choice-for-Long-Lasting-Vaping-Pleasure-5-150x150.webp 150w, https:\/\/euvapz.com\/wp-content\/uploads\/2025\/02\/ATVS-25000-Puffs-The-Best-Choice-for-Long-Lasting-Vaping-Pleasure-5-768x768.webp 768w, https:\/\/euvapz.com\/wp-content\/uploads\/2025\/02\/ATVS-25000-Puffs-The-Best-Choice-for-Long-Lasting-Vaping-Pleasure-5-12x12.webp 12w, https:\/\/euvapz.com\/wp-content\/uploads\/2025\/02\/ATVS-25000-Puffs-The-Best-Choice-for-Long-Lasting-Vaping-Pleasure-5-430x430.webp 430w, https:\/\/euvapz.com\/wp-content\/uploads\/2025\/02\/ATVS-25000-Puffs-The-Best-Choice-for-Long-Lasting-Vaping-Pleasure-5-700x700.webp 700w\" sizes=\"(max-width: 1000px) 100vw, 1000px\" \/><\/h1>\n<hr \/>\n<h2>Pro\u010d si vybrat <a href=\"https:\/\/euvapz.com\/cs\/kategorie-produktu\/atvs-disposable-vape\/\">ATVS 25000 Puffs<\/a> Vape na jedno pou\u017eit\u00ed?<\/h2>\n<h3>Dlouhodob\u00fd a v\u00fdkonn\u00fd<\/h3>\n<p>S <strong>25 000 obl\u00e1\u010dk\u016f<\/strong> a velkou <strong>Kapacita 22 ml e-liquidu<\/strong>... <strong>ATVS 25000 Puffs<\/strong> nab\u00edz\u00ed dlouhotrvaj\u00edc\u00ed po\u017eitek. Toto za\u0159\u00edzen\u00ed je navr\u017eeno tak, aby poskytovalo dokonal\u00e9 mno\u017estv\u00ed p\u00e1ry, tak\u017ee je ide\u00e1ln\u00ed pro ty, kte\u0159\u00ed cht\u011bj\u00ed jednor\u00e1zov\u00fd vape, kter\u00fd vydr\u017e\u00ed.<\/p>\n<h3>Ide\u00e1ln\u00ed pro velkoobchodn\u00ed odb\u011bratele<\/h3>\n<p>Jako <strong>velkoobchodn\u00ed jednor\u00e1zov\u00e9 vape pero<\/strong>... <strong>ATVS 25000 Puffs<\/strong> je pro prodejce skv\u011blou volbou. D\u00edky dlouh\u00e9mu po\u010dtu \u0161luk\u016f, r\u016fzn\u00fdm p\u0159\u00edchut\u00edm a dob\u00edjec\u00ed baterii je to produkt, kter\u00fd va\u0161e z\u00e1kazn\u00edky jist\u011b zaujme. Z\u00e1soby tohoto jednor\u00e1zov\u00e9ho vapu zajist\u00ed, \u017ee va\u0161i z\u00e1kazn\u00edci budou m\u00edt p\u0159\u00edstup k vysoce kvalitn\u00edmu a spolehliv\u00e9mu v\u00fdrobku.<\/p>\n<h3>Hladk\u00e1, konzistentn\u00ed chu\u0165<\/h3>\n<p>D\u00edky sv\u00e9 <strong>C\u00edvka DUAL mesh<\/strong>... <strong>ATVS 25000 Puffs<\/strong> poskytuje plynulou a konzistentn\u00ed p\u00e1ru. Vychutnejte si bohat\u00e9 chut\u011b p\u0159i ka\u017ed\u00e9m \u0161luknut\u00ed, tak\u017ee ka\u017ed\u00e9 sezen\u00ed bude uspokojiv\u00fdm z\u00e1\u017eitkem.<\/p>\n<hr \/>\n<h2>Jak objednat ATVS 25000 Puffs <a href=\"https:\/\/euvapz.com\/cs\">Velkoobchodn\u00ed jednor\u00e1zov\u00e9 Vape<\/a><\/h2>\n<h3>Snadn\u00fd proces objedn\u00e1v\u00e1n\u00ed na euvapz.com<\/h3>\n<p>Objedn\u00e1v\u00e1n\u00ed <strong>ATVS 25000 Puffs Vape na jedno pou\u017eit\u00ed<\/strong> je jednoduch\u00fd a bezpe\u010dn\u00fd euvapz.com. Jednodu\u0161e p\u0159idejte produkt do ko\u0161\u00edku, vyberte mno\u017estv\u00ed, kter\u00e9 chcete objednat, a p\u0159ejd\u011bte k pokladn\u011b. P\u0159ij\u00edm\u00e1me r\u016fzn\u00e9 platebn\u00ed metody, v\u010detn\u011b <strong>PayPal<\/strong>, <strong>kreditn\u00ed karty<\/strong>, <strong>iDEAL<\/strong>, <strong>Bancontact<\/strong>a <strong>Bankovn\u00ed p\u0159evody SEPA<\/strong>.<\/p>\n<h3>Rychl\u00e1 a spolehliv\u00e1 p\u0159eprava po Evrop\u011b<\/h3>\n<p>Nab\u00edz\u00edme rychlou a spolehlivou p\u0159epravu velkoobchodn\u00edm odb\u011bratel\u016fm po cel\u00e9 Evrop\u011b. Jakmile si objedn\u00e1te, va\u0161e <strong>ATVS 25000 Puffs Vape na jedno pou\u017eit\u00ed<\/strong> bude rychle odesl\u00e1no, tak\u017ee si m\u016f\u017eete za\u010d\u00edt u\u017e\u00edvat za\u0159\u00edzen\u00ed nebo jej neprodlen\u011b distribuovat sv\u00fdm z\u00e1kazn\u00edk\u016fm.<\/p>\n<hr \/>\n<h1><img loading=\"lazy\" decoding=\"async\" class=\"alignnone size-full wp-image-16248\" src=\"https:\/\/euvapz.com\/wp-content\/uploads\/2025\/02\/ATVS-25000-Puffs-The-Best-Choice-for-Long-Lasting-Vaping-Pleasure-18.webp\" alt=\"ATVS 25000 Puffs Nejlep\u0161\u00ed volba pro dlouhotrvaj\u00edc\u00ed vapingov\u00fd po\u017eitek!\" width=\"1000\" height=\"1000\" srcset=\"https:\/\/euvapz.com\/wp-content\/uploads\/2025\/02\/ATVS-25000-Puffs-The-Best-Choice-for-Long-Lasting-Vaping-Pleasure-18.webp 1000w, https:\/\/euvapz.com\/wp-content\/uploads\/2025\/02\/ATVS-25000-Puffs-The-Best-Choice-for-Long-Lasting-Vaping-Pleasure-18-300x300.webp 300w, https:\/\/euvapz.com\/wp-content\/uploads\/2025\/02\/ATVS-25000-Puffs-The-Best-Choice-for-Long-Lasting-Vaping-Pleasure-18-800x800.webp 800w, https:\/\/euvapz.com\/wp-content\/uploads\/2025\/02\/ATVS-25000-Puffs-The-Best-Choice-for-Long-Lasting-Vaping-Pleasure-18-150x150.webp 150w, https:\/\/euvapz.com\/wp-content\/uploads\/2025\/02\/ATVS-25000-Puffs-The-Best-Choice-for-Long-Lasting-Vaping-Pleasure-18-768x768.webp 768w, https:\/\/euvapz.com\/wp-content\/uploads\/2025\/02\/ATVS-25000-Puffs-The-Best-Choice-for-Long-Lasting-Vaping-Pleasure-18-12x12.webp 12w, https:\/\/euvapz.com\/wp-content\/uploads\/2025\/02\/ATVS-25000-Puffs-The-Best-Choice-for-Long-Lasting-Vaping-Pleasure-18-430x430.webp 430w, https:\/\/euvapz.com\/wp-content\/uploads\/2025\/02\/ATVS-25000-Puffs-The-Best-Choice-for-Long-Lasting-Vaping-Pleasure-18-700x700.webp 700w\" sizes=\"(max-width: 1000px) 100vw, 1000px\" \/><\/h1>\n<h2>Z\u00e1v\u011br: Vylep\u0161ete sv\u016fj z\u00e1\u017eitek z vapingu s jednor\u00e1zov\u00fdm vape ATVS 25000 Puffs<\/h2>\n<p>Na str\u00e1nk\u00e1ch <strong>ATVS 25000 Puffs Velkoobchodn\u00ed jednor\u00e1zov\u00e9 Vape<\/strong> je \u0161pi\u010dkov\u00fd jednor\u00e1zov\u00fd vape, kter\u00fd nab\u00edz\u00ed <strong>25 000 obl\u00e1\u010dk\u016f<\/strong> hladk\u00e9, aromatick\u00e9 p\u00e1ry. S velk\u00fdm <strong>Kapacita 22 ml e-liquidu<\/strong>, a <strong>Dob\u00edjec\u00ed baterie s kapacitou 1000 mAh<\/strong>, a celou \u0159adou lahodn\u00fdch p\u0159\u00edchut\u00ed, je to ide\u00e1ln\u00ed za\u0159\u00edzen\u00ed pro dlouhodob\u00e9 uspokojen\u00ed z vapingu.<\/p>\n<p>Objednejte si je\u0161t\u011b dnes na euvapz.com za konkurenceschopn\u00e9 ceny a rychlou dopravu po cel\u00e9 Evrop\u011b. Za\u017eijte dokonal\u00fd vaping s <strong>ATVS 25000 Puffs Vape na jedno pou\u017eit\u00ed<\/strong>!<\/p>\n<p><script src=\"chrome-extension:\/\/fpelahbljekknahkcaegamhcndkfpfnc\/iFrame.js\" type=\"text\/javascript\"><\/script><\/p>\n<p><script src=\"chrome-extension:\/\/fpelahbljekknahkcaegamhcndkfpfnc\/iFrame.js\" type=\"text\/javascript\"><\/script><\/p>\n<p><script src=\"chrome-extension:\/\/fpelahbljekknahkcaegamhcndkfpfnc\/iFrame.js\" type=\"text\/javascript\"><\/script><\/p>","protected":false},"excerpt":{"rendered":"<div class=\"flex max-w-full flex-col flex-grow\">\n<div class=\"min-h-8 text-message flex w-full flex-col items-end gap-2 whitespace-normal break-words text-start [.text-message+&amp;]:mt-5\" dir=\"auto\" data-message-author-role=\"assistant\" data-message-id=\"f048b28b-d591-4e83-b626-2eacf9cef815\" data-message-model-slug=\"gpt-4o-mini\">\n<div class=\"flex w-full flex-col gap-1 empty:hidden first:pt-[3px]\">\n<div class=\"markdown prose w-full break-words dark:prose-invert light\">\n<p data-start=\"0\" data-end=\"515\" data-is-last-node=\"\">Na str\u00e1nk\u00e1ch <strong data-start=\"4\" data-end=\"40\">ATVS 25000 Puffs Vape na jedno pou\u017eit\u00ed<\/strong> nab\u00edz\u00ed a\u017e <strong data-start=\"54\" data-end=\"70\">25 000 obl\u00e1\u010dk\u016f<\/strong> s <strong data-start=\"78\" data-end=\"104\">Kapacita 22 ml e-liquidu<\/strong> a <strong data-start=\"111\" data-end=\"143\">Dob\u00edjec\u00ed baterie s kapacitou 1000 mAh<\/strong>. Obsahuje <strong data-start=\"157\" data-end=\"175\">C\u00edvka DUAL mesh<\/strong> a <strong data-start=\"180\" data-end=\"204\">Odpor 0,4\u03a9\/0,8\u03a9<\/strong>, p\u0159in\u00e1\u0161\u00ed hladkou a konzistentn\u00ed chu\u0165 p\u0159i ka\u017ed\u00e9m \u0161luknut\u00ed. Kompaktn\u00ed a snadno pou\u017eiteln\u00fd p\u0159\u00edstroj je ide\u00e1ln\u00ed pro dlouhotrvaj\u00edc\u00ed po\u017eitek. Je k dispozici v \u0159ad\u011b lahodn\u00fdch p\u0159\u00edchut\u00ed, jako nap\u0159. <strong data-start=\"386\" data-end=\"399\">Mango Ice<\/strong>, <strong data-start=\"401\" data-end=\"426\">Jahodov\u00fd meloun<\/strong>a <strong data-start=\"432\" data-end=\"445\">Hroznov\u00fd led<\/strong>, je ide\u00e1ln\u00ed jak pro osobn\u00ed pou\u017eit\u00ed, tak pro velkoobchodn\u00ed objedn\u00e1vky po cel\u00e9 Evrop\u011b.<\/p>\n<\/div>\n<\/div>\n<\/div>\n<\/div>","protected":false},"featured_media":33925,"comment_status":"open","ping_status":"closed","template":"","meta":[],"product_brand":[75],"product_cat":[76],"product_tag":[],"class_list":{"0":"post-16213","1":"product","2":"type-product","3":"status-publish","4":"has-post-thumbnail","6":"product_brand-atvs-disposable-vape","7":"product_cat-atvs-disposable-vape","9":"first","10":"instock","11":"shipping-taxable","12":"purchasable","13":"product-type-variable"},"_links":{"self":[{"href":"https:\/\/euvapz.com\/cs\/wp-json\/wp\/v2\/product\/16213","targetHints":{"allow":["GET"]}}],"collection":[{"href":"https:\/\/euvapz.com\/cs\/wp-json\/wp\/v2\/product"}],"about":[{"href":"https:\/\/euvapz.com\/cs\/wp-json\/wp\/v2\/types\/product"}],"replies":[{"embeddable":true,"href":"https:\/\/euvapz.com\/cs\/wp-json\/wp\/v2\/comments?post=16213"}],"version-history":[{"count":7,"href":"https:\/\/euvapz.com\/cs\/wp-json\/wp\/v2\/product\/16213\/revisions"}],"predecessor-version":[{"id":33969,"href":"https:\/\/euvapz.com\/cs\/wp-json\/wp\/v2\/product\/16213\/revisions\/33969"}],"wp:featuredmedia":[{"embeddable":true,"href":"https:\/\/euvapz.com\/cs\/wp-json\/wp\/v2\/media\/33925"}],"wp:attachment":[{"href":"https:\/\/euvapz.com\/cs\/wp-json\/wp\/v2\/media?parent=16213"}],"wp:term":[{"taxonomy":"product_brand","embeddable":true,"href":"https:\/\/euvapz.com\/cs\/wp-json\/wp\/v2\/product_brand?post=16213"},{"taxonomy":"product_cat","embeddable":true,"href":"https:\/\/euvapz.com\/cs\/wp-json\/wp\/v2\/product_cat?post=16213"},{"taxonomy":"product_tag","embeddable":true,"href":"https:\/\/euvapz.com\/cs\/wp-json\/wp\/v2\/product_tag?post=16213"}],"curies":[{"name":"wp","href":"https:\/\/api.w.org\/{rel}","templated":true}]}}