{"id":17427,"date":"2025-02-15T02:53:18","date_gmt":"2025-02-15T02:53:18","guid":{"rendered":"https:\/\/euvapz.com\/?post_type=product&#038;p=17427"},"modified":"2025-02-24T12:13:40","modified_gmt":"2025-02-24T12:13:40","slug":"bang-king-20000-puffu-jednorazova-vape-svet-chuti-v-kazdem-puffu","status":"publish","type":"product","link":"https:\/\/euvapz.com\/cs\/produkt\/bang-king-20000-puffu-jednorazova-vape-svet-chuti-v-kazdem-puffu\/","title":{"rendered":"Bang King 20000 Puffs Vape na jedno pou\u017eit\u00ed Sv\u011bt chuti v ka\u017ed\u00e9m \u0161luku"},"content":{"rendered":"<h2><strong><img fetchpriority=\"high\" decoding=\"async\" class=\"alignnone size-full wp-image-17480\" src=\"https:\/\/euvapz.com\/wp-content\/uploads\/2025\/02\/Bang-King-20000-Puffs-Disposable-Vape-A-World-of-Flavor-in-Every-Puff-3.webp\" alt=\"Bang King 20000 Puffs Vape na jedno pou\u017eit\u00ed Sv\u011bt chuti v ka\u017ed\u00e9m \u0161luku\" width=\"1200\" height=\"1593\" srcset=\"https:\/\/euvapz.com\/wp-content\/uploads\/2025\/02\/Bang-King-20000-Puffs-Disposable-Vape-A-World-of-Flavor-in-Every-Puff-3.webp 1200w, https:\/\/euvapz.com\/wp-content\/uploads\/2025\/02\/Bang-King-20000-Puffs-Disposable-Vape-A-World-of-Flavor-in-Every-Puff-3-226x300.webp 226w, https:\/\/euvapz.com\/wp-content\/uploads\/2025\/02\/Bang-King-20000-Puffs-Disposable-Vape-A-World-of-Flavor-in-Every-Puff-3-603x800.webp 603w, https:\/\/euvapz.com\/wp-content\/uploads\/2025\/02\/Bang-King-20000-Puffs-Disposable-Vape-A-World-of-Flavor-in-Every-Puff-3-768x1020.webp 768w, https:\/\/euvapz.com\/wp-content\/uploads\/2025\/02\/Bang-King-20000-Puffs-Disposable-Vape-A-World-of-Flavor-in-Every-Puff-3-1157x1536.webp 1157w, https:\/\/euvapz.com\/wp-content\/uploads\/2025\/02\/Bang-King-20000-Puffs-Disposable-Vape-A-World-of-Flavor-in-Every-Puff-3-9x12.webp 9w, https:\/\/euvapz.com\/wp-content\/uploads\/2025\/02\/Bang-King-20000-Puffs-Disposable-Vape-A-World-of-Flavor-in-Every-Puff-3-430x571.webp 430w, https:\/\/euvapz.com\/wp-content\/uploads\/2025\/02\/Bang-King-20000-Puffs-Disposable-Vape-A-World-of-Flavor-in-Every-Puff-3-700x929.webp 700w, https:\/\/euvapz.com\/wp-content\/uploads\/2025\/02\/Bang-King-20000-Puffs-Disposable-Vape-A-World-of-Flavor-in-Every-Puff-3-150x199.webp 150w\" sizes=\"(max-width: 1200px) 100vw, 1200px\" \/><\/strong><\/h2>\n<h2><strong>Bang King 20000 Puffs <a href=\"https:\/\/euvapz.com\/cs\">Velkoobchodn\u00ed jednor\u00e1zov\u00e9 Vape<\/a>: Pr\u00e9miov\u00fd z\u00e1\u017eitek z vapingu<\/strong><\/h2>\n<p>Jako velkoobchodn\u00edk na trhu s jednor\u00e1zov\u00fdmi vape pot\u0159ebujete produkt, kter\u00fd vynik\u00e1 kvalitou i hodnotou. . <strong>Bang King 20000 Puffs Velkoobchod jednor\u00e1zov\u00e9 Vape<\/strong> je dokonal\u00fdm \u0159e\u0161en\u00edm, kter\u00e9 nab\u00edz\u00ed 20 000 potah\u016f hladk\u00e9ho a aromatick\u00e9ho vapov\u00e1n\u00ed v elegantn\u00edm a p\u0159enosn\u00e9m proveden\u00ed. A\u0165 u\u017e uspokojujete zku\u0161en\u00e9 vapery, nebo nov\u00e1\u010dky ve sv\u011bt\u011b vapingu, tento v\u00fdrobek nab\u00edz\u00ed dlouhotrvaj\u00edc\u00ed a bezprobl\u00e9mov\u00fd z\u00e1\u017eitek, d\u00edky kter\u00e9mu se k v\u00e1m z\u00e1kazn\u00edci budou r\u00e1di vracet.<\/p>\n<h2><strong>P\u0159edstavujeme Bang King 20000 Puffs Vape na jedno pou\u017eit\u00ed<\/strong><\/h2>\n<p>Na str\u00e1nk\u00e1ch <strong>Bang King 20000 Puffs Vape na jedno pou\u017eit\u00ed<\/strong> m\u011bn\u00ed pravidla hry pro jednor\u00e1zov\u00e9 vapes. S neuv\u011b\u0159iteln\u00fdmi 20 000 potahy na jedno za\u0159\u00edzen\u00ed nab\u00edz\u00ed dlouhotrvaj\u00edc\u00ed z\u00e1\u017eitek z vapov\u00e1n\u00ed, kter\u00fd p\u0159ed\u010d\u00ed mnoho standardn\u00edch jednor\u00e1zov\u00fdch vap\u016f. Toto za\u0159\u00edzen\u00ed je p\u0159edem napln\u011bno pr\u00e9miov\u00fdm e-liquidem, co\u017e zaru\u010duje, \u017ee ka\u017ed\u00e9 \u0161luknut\u00ed je hladk\u00e9 a aromatick\u00e9. \u017d\u00e1dn\u00e9 dopl\u0148ov\u00e1n\u00ed, \u017e\u00e1dn\u00e9 nab\u00edjen\u00ed - sta\u010d\u00ed otev\u0159\u00edt vape a vychutnat si bohatou chu\u0165 po tis\u00edce potah\u016f.<\/p>\n<h2><strong>Kl\u00ed\u010dov\u00e9 vlastnosti <a href=\"https:\/\/euvapz.com\/cs\/kategorie-produktu\/bang-disposable-vape\/\">Bang King 20000 Puffs<\/a> Vape na jedno pou\u017eit\u00ed<\/strong><\/h2>\n<ul>\n<li><strong>Dlouh\u00e1 v\u00fddr\u017e 20 000 puf\u016f<\/strong>: Na <strong>Bang King 20000 Puffs Vape na jedno pou\u017eit\u00ed<\/strong> poskytuje zna\u010dn\u00e9 mno\u017estv\u00ed \u0161luk\u016f, co\u017e vaper\u016fm zaji\u0161\u0165uje del\u0161\u00ed po\u017eitek z kou\u0159en\u00ed.<\/li>\n<li><strong>P\u0159edpln\u011bn\u00e9 vysoce kvalitn\u00edm e-liquidem<\/strong>: Ka\u017ed\u00e9 za\u0159\u00edzen\u00ed je p\u0159edem napln\u011bno pr\u00e9miov\u00fdm e-liquidem, co\u017e zaru\u010duje konzistentn\u00ed chu\u0165 a uspokojiv\u00fd z\u00e1\u017eitek z vapingu.<\/li>\n<li><strong>\u017d\u00e1dn\u00e9 dopl\u0148ov\u00e1n\u00ed ani nab\u00edjen\u00ed<\/strong>: Zapome\u0148te na probl\u00e9my s dopl\u0148ov\u00e1n\u00edm nebo nab\u00edjen\u00edm. Tento jednor\u00e1zov\u00fd vape je navr\u017een pro snadn\u00e9 pou\u017eit\u00ed na cest\u00e1ch.<\/li>\n<li><strong>Kompaktn\u00ed a p\u0159enosn\u00fd design<\/strong>: Elegantn\u00ed a lehk\u00fd design usnad\u0148uje p\u0159en\u00e1\u0161en\u00ed a pou\u017e\u00edv\u00e1n\u00ed, co\u017e je ide\u00e1ln\u00ed pro vapery, kte\u0159\u00ed jsou neust\u00e1le na cest\u00e1ch.<\/li>\n<li><strong>\u0160irok\u00e1 \u0161k\u00e1la lahodn\u00fdch chut\u00ed<\/strong>: Na <strong>Bang King 20000 Puffs Vape na jedno pou\u017eit\u00ed<\/strong> je k dispozici v r\u016fzn\u00fdch lahodn\u00fdch p\u0159\u00edchut\u00edch, kter\u00e9 uspokoj\u00ed v\u0161echny chu\u0165ov\u00e9 preference.<\/li>\n<li><strong>Ide\u00e1ln\u00ed pro velkoobchod<\/strong>: Jako velkoobchodn\u00edk nab\u00edz\u00ed tento v\u00fdrobek vynikaj\u00edc\u00ed hodnotu d\u00edky mo\u017enosti hromadn\u00e9ho n\u00e1kupu, co\u017e v\u00e1m zajist\u00ed, \u017ee se m\u016f\u017eete z\u00e1sobit a uspokojit po\u017eadavky sv\u00fdch z\u00e1kazn\u00edk\u016f.<\/li>\n<\/ul>\n<hr \/>\n<h2><strong>Kolekce lahodn\u00fdch chut\u00ed<\/strong><\/h2>\n<p>Na str\u00e1nk\u00e1ch <strong>Bang King 20000 Puffs Vape na jedno pou\u017eit\u00ed<\/strong> p\u0159ich\u00e1z\u00ed se vzru\u0161uj\u00edc\u00ed \u0159adou p\u0159\u00edchut\u00ed, z nich\u017e ka\u017ed\u00e1 je vytvo\u0159ena tak, aby poskytovala jedine\u010dn\u00fd a uspokojiv\u00fd vapingov\u00fd z\u00e1\u017eitek. Poj\u010fme se pono\u0159it do bohat\u00fdch a \u017eiv\u00fdch mo\u017enost\u00ed p\u0159\u00edchut\u00ed:<\/p>\n<ol>\n<li><strong>Kysel\u00e9 jablko malina<\/strong><br \/>\nPikantn\u00ed, trpk\u00e1 kombinace kysel\u00fdch jablek a sladk\u00fdch malin. Tato v\u00fdrazn\u00e1 chu\u0165 nab\u00edz\u00ed dokonalou rovnov\u00e1hu mezi sladk\u00fdm a kysel\u00fdm a zanech\u00e1v\u00e1 osv\u011b\u017euj\u00edc\u00ed dochu\u0165.<\/li>\n<li><strong>Broskvov\u00fd led<\/strong><br \/>\n\u0160\u0165avnat\u00e9 broskve v kombinaci s osv\u011b\u017euj\u00edc\u00edm ledov\u00fdm z\u00e1v\u011brem. Tato p\u0159\u00edchu\u0165 je hladk\u00e1, sladk\u00e1 vape s chladiv\u00fdm mentolov\u00fdm n\u00e1dechem, ide\u00e1ln\u00ed pro letn\u00ed den.<\/li>\n<li><strong>Tropick\u00e9 ovoce<\/strong><br \/>\n\u017div\u00e1 sm\u011bs exotick\u00e9ho tropick\u00e9ho ovoce se \u0161\u0165avnatou, sladkou a pikantn\u00ed chut\u00ed. Tato tropick\u00e1 f\u00faze je ide\u00e1ln\u00ed pro ty, kte\u0159\u00ed tou\u017e\u00ed po chuti r\u00e1je.<\/li>\n<li><strong>Jahodov\u00fd meloun<\/strong><br \/>\nKlasick\u00e9 ovocn\u00e9 duo zral\u00fdch jahod a sladk\u00e9ho melounu. Tato osv\u011b\u017euj\u00edc\u00ed p\u0159\u00edchu\u0165 je ide\u00e1ln\u00ed pro vapery, kte\u0159\u00ed maj\u00ed r\u00e1di lehk\u00fd ovocn\u00fd z\u00e1\u017eitek.<\/li>\n<li><strong>Melounov\u00fd led<\/strong><br \/>\nSladkost melounu v kombinaci s chladiv\u00fdm mentolov\u00fdm z\u00e1v\u011brem. Tato p\u0159\u00edchu\u0165 je sv\u011b\u017e\u00ed, osv\u011b\u017euj\u00edc\u00ed a ide\u00e1ln\u00ed pro dlouhotrvaj\u00edc\u00ed vapingov\u00fd z\u00e1\u017eitek.<\/li>\n<li><strong>Hroznov\u00fd led<\/strong><br \/>\nSladk\u00e9, \u0161\u0165avnat\u00e9 hrozny s mraziv\u00fdm mentolov\u00fdm z\u00e1v\u011brem. Tato bohat\u00e1, v\u00fdrazn\u00e1 p\u0159\u00edchu\u0165 je ide\u00e1ln\u00ed pro milovn\u00edky ovocn\u00fdch vap\u016f s chladiv\u00fdm n\u00e1dechem.<\/li>\n<li><strong>Bor\u016fvkov\u00fd led<\/strong><br \/>\nHladk\u00e1, sladk\u00e1 bor\u016fvkov\u00e1 p\u0159\u00edchu\u0165 se snoub\u00ed s ledov\u00fdm mentolov\u00fdm z\u00e1v\u011brem. Tato p\u0159\u00edchu\u0165 je osv\u011b\u017euj\u00edc\u00ed, sv\u011b\u017e\u00ed a ide\u00e1ln\u00ed pro milovn\u00edky bor\u016fvek.<\/li>\n<li><strong>Blue Razz Ice<\/strong><br \/>\nPikantn\u00ed, trpk\u00e1 p\u0159\u00edchu\u0165 modr\u00fdch malin v kombinaci s chladiv\u00fdm mentolov\u00fdm z\u00e1v\u011brem. Tato p\u0159\u00edchu\u0165 je odv\u00e1\u017en\u00e1, osv\u011b\u017euj\u00edc\u00ed a ide\u00e1ln\u00ed pro ty, kte\u0159\u00ed maj\u00ed r\u00e1di trochu trpkosti.<\/li>\n<li><strong>Jahodov\u00e9 mango<\/strong><br \/>\nTropick\u00e1 kombinace sladk\u00fdch jahod a \u0161\u0165avnat\u00e9ho manga. Tato \u017eiv\u00e1 p\u0159\u00edchu\u0165 je ovocn\u00e1, sladk\u00e1 a s ka\u017ed\u00fdm \u0161lukem nab\u00edz\u00ed tropick\u00fd n\u00e1boj.<\/li>\n<li><strong>Kiwi Gran\u00e1tov\u00e9 jablko<\/strong><br \/>\nJedine\u010dn\u00e1 sm\u011bs pikantn\u00edho kiwi a sladk\u00e9ho gran\u00e1tov\u00e9ho jablka. Tato p\u0159\u00edchu\u0165 nab\u00edz\u00ed sladk\u00fd a trpk\u00fd z\u00e1\u017eitek, kter\u00fd je stejn\u011b osv\u011b\u017euj\u00edc\u00ed jako vzru\u0161uj\u00edc\u00ed.<\/li>\n<li><strong>Energetick\u00fd n\u00e1poj<\/strong><br \/>\nZn\u00e1m\u00e1 chu\u0165 \u0161umiv\u00e9ho, sladk\u00e9ho energetick\u00e9ho n\u00e1poje. Tato p\u0159\u00edchu\u0165 nab\u00edz\u00ed pikantn\u00ed, lehce trpkou chu\u0165, kter\u00e1 je ide\u00e1ln\u00ed pro osv\u011b\u017euj\u00edc\u00ed, energizuj\u00edc\u00ed vape.<\/li>\n<li><strong>Jahodov\u00e9 kiwi<\/strong><br \/>\n\u0160\u0165avnat\u00e1 kombinace zral\u00fdch jahod a pikantn\u00edho kiwi. Tato klasick\u00e1 ovocn\u00e1 sm\u011bs je sladk\u00e1, trpk\u00e1 a ide\u00e1ln\u00ed pro celodenn\u00ed vaping.<\/li>\n<\/ol>\n<hr \/>\n<h2><strong><img decoding=\"async\" class=\"alignnone size-full wp-image-17479\" src=\"https:\/\/euvapz.com\/wp-content\/uploads\/2025\/02\/Bang-King-20000-Puffs-Disposable-Vape-A-World-of-Flavor-in-Every-Puff-2.webp\" alt=\"Bang King 20000 Puffs Vape na jedno pou\u017eit\u00ed Sv\u011bt chuti v ka\u017ed\u00e9m \u0161luku\" width=\"516\" height=\"800\" srcset=\"https:\/\/euvapz.com\/wp-content\/uploads\/2025\/02\/Bang-King-20000-Puffs-Disposable-Vape-A-World-of-Flavor-in-Every-Puff-2.webp 516w, https:\/\/euvapz.com\/wp-content\/uploads\/2025\/02\/Bang-King-20000-Puffs-Disposable-Vape-A-World-of-Flavor-in-Every-Puff-2-194x300.webp 194w, https:\/\/euvapz.com\/wp-content\/uploads\/2025\/02\/Bang-King-20000-Puffs-Disposable-Vape-A-World-of-Flavor-in-Every-Puff-2-8x12.webp 8w, https:\/\/euvapz.com\/wp-content\/uploads\/2025\/02\/Bang-King-20000-Puffs-Disposable-Vape-A-World-of-Flavor-in-Every-Puff-2-430x667.webp 430w, https:\/\/euvapz.com\/wp-content\/uploads\/2025\/02\/Bang-King-20000-Puffs-Disposable-Vape-A-World-of-Flavor-in-Every-Puff-2-150x233.webp 150w\" sizes=\"(max-width: 516px) 100vw, 516px\" \/><\/strong><\/h2>\n<h3><strong>Pro\u010d si vybrat Bang King 20000 Puffs Disposable Vape?<\/strong><\/h3>\n<p>Bang King 20000 Puffs Wholesale Disposable Vape vynik\u00e1 v\u00fdjime\u010dn\u00fdmi vlastnostmi a v\u00fdkonem. Zde je d\u016fvod, pro\u010d je vynikaj\u00edc\u00ed volbou pro velkoobchodn\u00edky:<br \/>\nDlouhotrvaj\u00edc\u00ed z\u00e1\u017eitek z vapov\u00e1n\u00ed<\/p>\n<p>S 20 000 vdechnut\u00edmi <strong>Bang King 20000 Puffs Vape na jedno pou\u017eit\u00ed<\/strong> poskytuje zna\u010dn\u00fd po\u017eitek z vapingu bez nutnosti neust\u00e1l\u00e9 v\u00fdm\u011bny. D\u00edky tomuto prodlou\u017een\u00e9mu pou\u017e\u00edv\u00e1n\u00ed je atraktivn\u00ed volbou pro z\u00e1kazn\u00edky, kte\u0159\u00ed hledaj\u00ed dlouhou \u017eivotnost.<\/p>\n<h4><strong>\u0160irok\u00e1 \u0161k\u00e1la p\u0159\u00edchut\u00ed<\/strong><\/h4>\n<p>Na str\u00e1nk\u00e1ch <strong>Bang King 20000 Puffs Vape na jedno pou\u017eit\u00ed<\/strong> je k dost\u00e1n\u00ed v \u0161irok\u00e9 \u0161k\u00e1le zaj\u00edmav\u00fdch p\u0159\u00edchut\u00ed, od ovocn\u00fdch sm\u011bs\u00ed, jako je nap\u0159\u00edklad <strong>Jahodov\u00e9 mango<\/strong> a <strong>Kiwi Gran\u00e1tov\u00e9 jablko<\/strong> a\u017e po ledov\u00e9 p\u0159\u00edchut\u011b, jako je <strong>Broskvov\u00fd led<\/strong> a <strong>Melounov\u00fd led<\/strong>. D\u00edky t\u00e9to rozmanitosti si ka\u017ed\u00fd najde n\u011bco pro sebe.<\/p>\n<h4><strong>Bezprobl\u00e9mov\u00fd design<\/strong><\/h4>\n<p>Na str\u00e1nk\u00e1ch <strong>Bang King 20000 Puffs Vape na jedno pou\u017eit\u00ed<\/strong> nevy\u017eaduje \u017e\u00e1dn\u00e9 dopl\u0148ov\u00e1n\u00ed ani nab\u00edjen\u00ed. Sta\u010d\u00ed za\u0159\u00edzen\u00ed otev\u0159\u00edt a za\u010d\u00edt vapovat - ide\u00e1ln\u00ed pro vapery, kte\u0159\u00ed hledaj\u00ed pohodl\u00ed bez starost\u00ed s \u00fadr\u017ebou.<\/p>\n<h4><strong>Pr\u00e9miov\u00e1 kvalita e-liquidu<\/strong><\/h4>\n<p>Ka\u017ed\u00e1 vape je p\u0159edem napln\u011bna e-liquidem pr\u00e9miov\u00e9 kvality, kter\u00fd zaji\u0161\u0165uje hladkou a konzistentn\u00ed chu\u0165 po celou dobu pou\u017e\u00edv\u00e1n\u00ed. Va\u0161i z\u00e1kazn\u00edci si vychutnaj\u00ed ka\u017ed\u00e9 \u0161luknut\u00ed, od prvn\u00edho do posledn\u00edho.<\/p>\n<h4><strong>Ide\u00e1ln\u00ed pro velkoobchodn\u00ed distributory<\/strong><\/h4>\n<p>Jako velkoobchodn\u00edk <strong>Bang King 20000 Puffs Vape na jedno pou\u017eit\u00ed<\/strong> je vynikaj\u00edc\u00ed volbou pro va\u0161e podnik\u00e1n\u00ed. D\u00edky dlouh\u00e9 \u017eivotnosti, \u0161irok\u00e9mu v\u00fdb\u011bru p\u0159\u00edchut\u00ed a mo\u017enosti hromadn\u00e9ho n\u00e1kupu je ide\u00e1ln\u00edm produktem, kter\u00fd m\u016f\u017eete nab\u00eddnout sv\u00fdm z\u00e1kazn\u00edk\u016fm.<\/p>\n<hr \/>\n<h2><strong><img decoding=\"async\" class=\"alignnone size-full wp-image-17482\" src=\"https:\/\/euvapz.com\/wp-content\/uploads\/2025\/02\/Bang-King-20000-Puffs-Disposable-Vape-A-World-of-Flavor-in-Every-Puff-5.webp\" alt=\"Bang King 20000 Puffs Vape na jedno pou\u017eit\u00ed Sv\u011bt chuti v ka\u017ed\u00e9m \u0161luku\" width=\"900\" height=\"1280\" srcset=\"https:\/\/euvapz.com\/wp-content\/uploads\/2025\/02\/Bang-King-20000-Puffs-Disposable-Vape-A-World-of-Flavor-in-Every-Puff-5.webp 900w, https:\/\/euvapz.com\/wp-content\/uploads\/2025\/02\/Bang-King-20000-Puffs-Disposable-Vape-A-World-of-Flavor-in-Every-Puff-5-211x300.webp 211w, https:\/\/euvapz.com\/wp-content\/uploads\/2025\/02\/Bang-King-20000-Puffs-Disposable-Vape-A-World-of-Flavor-in-Every-Puff-5-563x800.webp 563w, https:\/\/euvapz.com\/wp-content\/uploads\/2025\/02\/Bang-King-20000-Puffs-Disposable-Vape-A-World-of-Flavor-in-Every-Puff-5-768x1092.webp 768w, https:\/\/euvapz.com\/wp-content\/uploads\/2025\/02\/Bang-King-20000-Puffs-Disposable-Vape-A-World-of-Flavor-in-Every-Puff-5-8x12.webp 8w, https:\/\/euvapz.com\/wp-content\/uploads\/2025\/02\/Bang-King-20000-Puffs-Disposable-Vape-A-World-of-Flavor-in-Every-Puff-5-430x612.webp 430w, https:\/\/euvapz.com\/wp-content\/uploads\/2025\/02\/Bang-King-20000-Puffs-Disposable-Vape-A-World-of-Flavor-in-Every-Puff-5-700x996.webp 700w, https:\/\/euvapz.com\/wp-content\/uploads\/2025\/02\/Bang-King-20000-Puffs-Disposable-Vape-A-World-of-Flavor-in-Every-Puff-5-150x213.webp 150w\" sizes=\"(max-width: 900px) 100vw, 900px\" \/><\/strong><\/h2>\n<h2><strong>Hromadn\u00e9 velkoobchodn\u00ed slevy pro evropsk\u00e9 kupuj\u00edc\u00ed<\/strong><\/h2>\n<p>Jste-li velkoobchodn\u00edk v Evrop\u011b, m\u016f\u017eete si <strong>Bang King 20000 Puffs Velkoobchod jednor\u00e1zov\u00e9 Vape<\/strong> je k dispozici za konkurenceschopn\u00e9 velkoobchodn\u00ed ceny. Nab\u00edz\u00edme mo\u017enost hromadn\u00e9ho n\u00e1kupu, kter\u00fd v\u00e1m pom\u016f\u017ee vytvo\u0159it z\u00e1soby a maximalizovat zisky. Rychl\u00e1 doprava je k dispozici po cel\u00e9 Evrop\u011b, co\u017e zajist\u00ed, \u017ee va\u0161e objedn\u00e1vka doraz\u00ed rychle a efektivn\u011b.<\/p>\n<h2><strong>Jak si koupit Bang King 20000 Puffs Velkoobchodn\u00ed jednor\u00e1zov\u00e9 Vape<\/strong><\/h2>\n<p>N\u00e1kup <strong>Bang King 20000 Puffs Velkoobchod jednor\u00e1zov\u00e9 Vape<\/strong> je rychl\u00e1 a snadn\u00e1. Sta\u010d\u00ed nav\u0161t\u00edvit <strong>[N\u00e1zev va\u0161\u00ed webov\u00e9 str\u00e1nky]<\/strong> a objednejte si je. Nab\u00edz\u00edme bezpe\u010dn\u00e9 mo\u017enosti platby, v\u010detn\u011b PayPal, kreditn\u00edch karet, iDEAL, Bancontact a bankovn\u00edch p\u0159evod\u016f SEPA, co\u017e usnad\u0148uje z\u00e1sobov\u00e1n\u00ed t\u00edmto pr\u00e9miov\u00fdm produktem.<\/p>\n<hr \/>\n<h2><strong>Z\u00e1v\u011br: Pro\u010d je Bang King 20000 Puffs Disposable Vape nezbytnost\u00ed pro velkoobchodn\u00edky?<\/strong><\/h2>\n<p>Na str\u00e1nk\u00e1ch <strong>Bang King 20000 Puffs Vape na jedno pou\u017eit\u00ed<\/strong> nab\u00edz\u00ed v\u0161e, co va\u0161i z\u00e1kazn\u00edci od jednor\u00e1zov\u00e9ho vapingu o\u010dek\u00e1vaj\u00ed: dlouhotrvaj\u00edc\u00ed v\u00fdkon, prvot\u0159\u00eddn\u00ed p\u0159\u00edchut\u011b a snadn\u00e9 pou\u017eit\u00ed. A\u0165 u\u017e obsluhujete jednotliv\u00e9 vapery, nebo hromadn\u00e9 z\u00e1kazn\u00edky, tento v\u00fdrobek v\u00e1s jist\u011b uspokoj\u00ed.<\/p>\n<p>D\u00edky p\u016fsobiv\u00e9mu po\u010dtu puf\u016f, \u0161irok\u00e9 \u0161k\u00e1le vzru\u0161uj\u00edc\u00edch p\u0159\u00edchut\u00ed a bezprobl\u00e9mov\u00e9mu designu je <strong>Bang King 20000 Puffs Vape na jedno pou\u017eit\u00ed<\/strong> je ide\u00e1ln\u00edm dopl\u0148kem va\u0161eho invent\u00e1\u0159e. Ud\u011blejte si z\u00e1soby je\u0161t\u011b dnes a nab\u00eddn\u011bte sv\u00fdm z\u00e1kazn\u00edk\u016fm ten nejlep\u0161\u00ed z\u00e1\u017eitek z jednor\u00e1zov\u00e9ho vapingu. Nav\u0161tivte <strong>[N\u00e1zev va\u0161\u00ed webov\u00e9 str\u00e1nky]<\/strong> objednat a vyu\u017e\u00edt bezkonkuren\u010dn\u00ed velkoobchodn\u00ed ceny a rychlou dopravu.<\/p>\n<hr \/>\n<h2><strong>Tabulka 1:<a href=\"https:\/\/euvapz.com\/cs\/kategorie-produktu\/bang-disposable-vape\/\"> Bang King 20000 Puffs<\/a> Kl\u00ed\u010dov\u00e9 vlastnosti jednor\u00e1zov\u00e9ho vape<\/strong><\/h2>\n<table>\n<thead>\n<tr>\n<th><strong>Funkce<\/strong><\/th>\n<th><strong>Podrobnosti na<\/strong><\/th>\n<\/tr>\n<\/thead>\n<tbody>\n<tr>\n<td><strong>Pufy na za\u0159\u00edzen\u00ed<\/strong><\/td>\n<td>20 000 vdech\u016f<\/td>\n<\/tr>\n<tr>\n<td><strong>Dostupn\u00e9 p\u0159\u00edchut\u011b<\/strong><\/td>\n<td>12 vzru\u0161uj\u00edc\u00edch p\u0159\u00edchut\u00ed<\/td>\n<\/tr>\n<tr>\n<td><strong>Snadn\u00e9 pou\u017e\u00edv\u00e1n\u00ed<\/strong><\/td>\n<td>\u017d\u00e1dn\u00e9 dopl\u0148ov\u00e1n\u00ed, \u017e\u00e1dn\u00e9 nab\u00edjen\u00ed - sta\u010d\u00ed otev\u0159\u00edt a u\u017e\u00edvat si.<\/td>\n<\/tr>\n<tr>\n<td><strong>Design<\/strong><\/td>\n<td>Elegantn\u00ed, p\u0159enosn\u00e9 a kompaktn\u00ed<\/td>\n<\/tr>\n<tr>\n<td><strong>C\u00edlov\u00e1 skupina<\/strong><\/td>\n<td>Vhodn\u00e9 pro za\u010d\u00e1te\u010dn\u00edky i zku\u0161en\u00e9 vapery<\/td>\n<\/tr>\n<tr>\n<td><strong>Ide\u00e1ln\u00ed pro<\/strong><\/td>\n<td>Velkoobchodn\u00ed odb\u011bratel\u00e9, kte\u0159\u00ed hledaj\u00ed vysoce kvalitn\u00ed vapes s dlouhou \u017eivotnost\u00ed.<\/td>\n<\/tr>\n<tr>\n<td><strong>P\u0159eprava<\/strong><\/td>\n<td>Rychl\u00e1 doprava po cel\u00e9 Evrop\u011b<\/td>\n<\/tr>\n<\/tbody>\n<\/table>\n<hr \/>\n<h2><strong><img loading=\"lazy\" decoding=\"async\" class=\"alignnone size-full wp-image-17483\" src=\"https:\/\/euvapz.com\/wp-content\/uploads\/2025\/02\/Bang-King-20000-Puffs-Disposable-Vape-A-World-of-Flavor-in-Every-Puff-6.webp\" alt=\"Bang King 20000 Puffs Vape na jedno pou\u017eit\u00ed Sv\u011bt chuti v ka\u017ed\u00e9m \u0161luku\" width=\"600\" height=\"901\" srcset=\"https:\/\/euvapz.com\/wp-content\/uploads\/2025\/02\/Bang-King-20000-Puffs-Disposable-Vape-A-World-of-Flavor-in-Every-Puff-6.webp 600w, https:\/\/euvapz.com\/wp-content\/uploads\/2025\/02\/Bang-King-20000-Puffs-Disposable-Vape-A-World-of-Flavor-in-Every-Puff-6-200x300.webp 200w, https:\/\/euvapz.com\/wp-content\/uploads\/2025\/02\/Bang-King-20000-Puffs-Disposable-Vape-A-World-of-Flavor-in-Every-Puff-6-533x800.webp 533w, https:\/\/euvapz.com\/wp-content\/uploads\/2025\/02\/Bang-King-20000-Puffs-Disposable-Vape-A-World-of-Flavor-in-Every-Puff-6-8x12.webp 8w, https:\/\/euvapz.com\/wp-content\/uploads\/2025\/02\/Bang-King-20000-Puffs-Disposable-Vape-A-World-of-Flavor-in-Every-Puff-6-430x646.webp 430w, https:\/\/euvapz.com\/wp-content\/uploads\/2025\/02\/Bang-King-20000-Puffs-Disposable-Vape-A-World-of-Flavor-in-Every-Puff-6-150x225.webp 150w\" sizes=\"(max-width: 600px) 100vw, 600px\" \/><\/strong><\/h2>\n<h2><strong>Tabulka 2: Bang King 20000 Puffs D<a href=\"https:\/\/euvapz.com\/cs\">Jednor\u00e1zov\u00fd Vape<\/a> Rozd\u011blen\u00ed chut\u00ed \u00a0\u00a0<\/strong><\/h2>\n<table>\n<thead>\n<tr>\n<th><strong>P\u0159\u00edchu\u0165<\/strong><\/th>\n<th><strong>Popis<\/strong><\/th>\n<\/tr>\n<\/thead>\n<tbody>\n<tr>\n<td><strong>Kysel\u00e9 jablko malina<\/strong><\/td>\n<td>Kysel\u00e9 jablko se sladk\u00fdmi malinami<\/td>\n<\/tr>\n<tr>\n<td><strong>Broskvov\u00fd led<\/strong><\/td>\n<td>\u0160\u0165avnat\u00e9 broskve s osv\u011b\u017euj\u00edc\u00edm mentolov\u00fdm n\u00e1dechem<\/td>\n<\/tr>\n<tr>\n<td><strong>Tropick\u00e9 ovoce<\/strong><\/td>\n<td>Sm\u011bs sladk\u00e9ho tropick\u00e9ho ovoce<\/td>\n<\/tr>\n<tr>\n<td><strong>Jahodov\u00fd meloun<\/strong><\/td>\n<td>Zral\u00e9 jahody a osv\u011b\u017euj\u00edc\u00ed meloun<\/td>\n<\/tr>\n<tr>\n<td><strong>Melounov\u00fd led<\/strong><\/td>\n<td>Sladk\u00fd meloun s chladiv\u00fdm mentolov\u00fdm z\u00e1v\u011brem<\/td>\n<\/tr>\n<tr>\n<td><strong>Hroznov\u00fd led<\/strong><\/td>\n<td>Bohat\u00e9 hrozny s mraziv\u00fdm mentolov\u00fdm z\u00e1v\u011brem<\/td>\n<\/tr>\n<tr>\n<td><strong>Bor\u016fvkov\u00fd led<\/strong><\/td>\n<td>Sladk\u00e9 bor\u016fvky s ledov\u00fdm mentolov\u00fdm z\u00e1v\u011brem<\/td>\n<\/tr>\n<tr>\n<td><strong>Blue Razz Ice<\/strong><\/td>\n<td>Trpk\u00e1 modr\u00e1 malina s chladiv\u00fdm z\u00e1v\u011brem<\/td>\n<\/tr>\n<tr>\n<td><strong>Jahodov\u00e9 mango<\/strong><\/td>\n<td>Sladk\u00e9 jahody a bohat\u00e9 mango<\/td>\n<\/tr>\n<tr>\n<td><strong>Kiwi Gran\u00e1tov\u00e9 jablko<\/strong><\/td>\n<td>Pikantn\u00ed kiwi a sladk\u00e9 gran\u00e1tov\u00e9 jablko<\/td>\n<\/tr>\n<tr>\n<td><strong>Energetick\u00fd n\u00e1poj<\/strong><\/td>\n<td>Sladk\u00e1, \u0161umiv\u00e1 p\u0159\u00edchu\u0165 energetick\u00e9ho n\u00e1poje<\/td>\n<\/tr>\n<tr>\n<td><strong>Jahodov\u00e9 kiwi<\/strong><\/td>\n<td>\u0160\u0165avnat\u00e9 jahody a pikantn\u00ed kiwi<\/td>\n<\/tr>\n<\/tbody>\n<\/table>\n<p>Na str\u00e1nk\u00e1ch <strong>Bang King 20000 Puffs Vape na jedno pou\u017eit\u00ed<\/strong> je z\u00e1kladn\u00edm produktem pro velkoobchodn\u00edky, kte\u0159\u00ed cht\u011bj\u00ed sv\u00fdm z\u00e1kazn\u00edk\u016fm nab\u00eddnout pr\u00e9miov\u00fd z\u00e1\u017eitek z vapingu. Ud\u011blejte si z\u00e1soby je\u0161t\u011b dnes a poskytn\u011bte sv\u00fdm z\u00e1kazn\u00edk\u016fm kvalitu a pohodl\u00ed, kter\u00e9 si zaslou\u017e\u00ed!<\/p>","protected":false},"excerpt":{"rendered":"<p>Na str\u00e1nk\u00e1ch <strong data-start=\"4\" data-end=\"45\">Bang King 20000 Puffs Vape na jedno pou\u017eit\u00ed<\/strong> poskytuje 20 000 puf\u016f ve 12 lahodn\u00fdch p\u0159\u00edchut\u00edch. \u017d\u00e1dn\u00e9 dopl\u0148ov\u00e1n\u00ed ani nab\u00edjen\u00ed - sta\u010d\u00ed otev\u0159\u00edt a vapovat! Ide\u00e1ln\u00ed pro velkoobchodn\u00edky, kter\u00fdm nab\u00edz\u00ed dlouhotrvaj\u00edc\u00ed a bezprobl\u00e9mov\u00fd po\u017eitek.<\/p>","protected":false},"featured_media":18247,"comment_status":"open","ping_status":"closed","template":"","meta":[],"product_brand":[78],"product_cat":[77],"product_tag":[],"class_list":{"0":"post-17427","1":"product","2":"type-product","3":"status-publish","4":"has-post-thumbnail","6":"product_brand-bang-disposable-vape","7":"product_cat-bang-disposable-vape","9":"first","10":"instock","11":"shipping-taxable","12":"purchasable","13":"product-type-variable"},"_links":{"self":[{"href":"https:\/\/euvapz.com\/cs\/wp-json\/wp\/v2\/product\/17427","targetHints":{"allow":["GET"]}}],"collection":[{"href":"https:\/\/euvapz.com\/cs\/wp-json\/wp\/v2\/product"}],"about":[{"href":"https:\/\/euvapz.com\/cs\/wp-json\/wp\/v2\/types\/product"}],"replies":[{"embeddable":true,"href":"https:\/\/euvapz.com\/cs\/wp-json\/wp\/v2\/comments?post=17427"}],"version-history":[{"count":3,"href":"https:\/\/euvapz.com\/cs\/wp-json\/wp\/v2\/product\/17427\/revisions"}],"predecessor-version":[{"id":23524,"href":"https:\/\/euvapz.com\/cs\/wp-json\/wp\/v2\/product\/17427\/revisions\/23524"}],"wp:featuredmedia":[{"embeddable":true,"href":"https:\/\/euvapz.com\/cs\/wp-json\/wp\/v2\/media\/18247"}],"wp:attachment":[{"href":"https:\/\/euvapz.com\/cs\/wp-json\/wp\/v2\/media?parent=17427"}],"wp:term":[{"taxonomy":"product_brand","embeddable":true,"href":"https:\/\/euvapz.com\/cs\/wp-json\/wp\/v2\/product_brand?post=17427"},{"taxonomy":"product_cat","embeddable":true,"href":"https:\/\/euvapz.com\/cs\/wp-json\/wp\/v2\/product_cat?post=17427"},{"taxonomy":"product_tag","embeddable":true,"href":"https:\/\/euvapz.com\/cs\/wp-json\/wp\/v2\/product_tag?post=17427"}],"curies":[{"name":"wp","href":"https:\/\/api.w.org\/{rel}","templated":true}]}}