{"id":28827,"date":"2025-03-21T09:25:50","date_gmt":"2025-03-21T09:25:50","guid":{"rendered":"https:\/\/euvapz.com\/?post_type=product&#038;p=28827"},"modified":"2025-03-27T03:47:43","modified_gmt":"2025-03-27T03:47:43","slug":"airmez-xbeats-40000-puffs-disposable-vape-ultimate-performance-with-dual-mesh-coil","status":"publish","type":"product","link":"https:\/\/euvapz.com\/cs\/produkt\/airmez-xbeats-40000-puffs-disposable-vape-ultimate-performance-with-dual-mesh-coil\/","title":{"rendered":"Airmez XBeats 40000 Puffs Disposable Vape Ultimate Performance with Dual Mesh Coil"},"content":{"rendered":"<div style=\"width: 1280px;\" class=\"wp-video\"><video class=\"wp-video-shortcode\" id=\"video-28827-1\" width=\"1280\" height=\"720\" preload=\"metadata\" controls=\"controls\"><source type=\"video\/mp4\" src=\"https:\/\/euvapz.com\/wp-content\/uploads\/2025\/03\/Airmez-XBeats-40000-Puffs-Disposable-Vape-Ultimate-Performance-with-Dual-Mesh-Coil-1.mp4?_=1\" \/><a href=\"https:\/\/euvapz.com\/wp-content\/uploads\/2025\/03\/Airmez-XBeats-40000-Puffs-Disposable-Vape-Ultimate-Performance-with-Dual-Mesh-Coil-1.mp4\">https:\/\/euvapz.com\/wp-content\/uploads\/2025\/03\/Airmez-XBeats-40000-Puffs-Disposable-Vape-Ultimate-Performance-with-Dual-Mesh-Coil-1.mp4<\/a><\/video><\/div>\n<p data-start=\"154\" data-end=\"405\">Na str\u00e1nk\u00e1ch <strong data-start=\"158\" data-end=\"203\">Airmez XBeats 40000 Puffs Disposable Vape<\/strong> is designed for vapers looking for a <strong data-start=\"241\" data-end=\"257\">dlouhotrvaj\u00edc\u00ed<\/strong>, high-performance device. With up to 40,000 puffs, this vape ensures an extended, satisfying experience without compromising on quality or flavor.<\/p>\n<p data-start=\"407\" data-end=\"789\">Equipped with a powerful <strong data-start=\"432\" data-end=\"451\">1000mAh baterie<\/strong>... <strong data-start=\"457\" data-end=\"474\">Airmez XBeats<\/strong> guarantees consistent, efficient power for uninterrupted sessions. The <strong data-start=\"546\" data-end=\"570\">Rychl\u00e9 nab\u00edjen\u00ed typu C<\/strong> port ensures quick recharges, so you\u2019re always ready to vape without delay. With the <strong data-start=\"656\" data-end=\"689\">adjustable dual airflow modes<\/strong>, you can customize your vaping experience to your preferred draw\u2014whether it\u2019s tighter or more open.<\/p>\n<p data-start=\"791\" data-end=\"1087\">P\u0159edpln\u011bn\u00e9 <strong data-start=\"807\" data-end=\"835\">28mL of premium e-liquid<\/strong> a <strong data-start=\"840\" data-end=\"864\">2% nicotine strength<\/strong>, this device delivers a satisfying nicotine hit while catering to a variety of preferences. The <strong data-start=\"961\" data-end=\"993\">Airmez unique dual mesh coil<\/strong> enhances both flavor and vapor production, giving you a smooth and flavorful vape every time.<\/p>\n<p data-start=\"1089\" data-end=\"1378\">With a wide variety of 14 exciting flavors, from <strong data-start=\"1138\" data-end=\"1159\">Fizzy Cherry Cola<\/strong> na <strong data-start=\"1163\" data-end=\"1187\">Kiwi Grape Raspberry<\/strong>... <strong data-start=\"1193\" data-end=\"1210\">Airmez XBeats<\/strong> offers something for everyone. Whether you\u2019re in the mood for a fruity, icy, or refreshing experience, this disposable vape has the perfect flavor to match your taste.<\/p>\n<p data-start=\"1380\" data-end=\"1526\">Take your vaping to the next level with the <strong data-start=\"1424\" data-end=\"1469\">Airmez XBeats 40000 Puffs Disposable Vape<\/strong>\u2014a perfect combination of power, flavor, and convenience.<\/p>\n<p data-start=\"1528\" data-end=\"1575\"><strong data-start=\"1528\" data-end=\"1557\">Airmez XBeats 40000 Puffs<\/strong><br data-start=\"1557\" data-end=\"1560\" \/><strong data-start=\"1560\" data-end=\"1573\">Features:<\/strong><\/p>\n<ul data-start=\"1576\" data-end=\"1769\">\n<li data-start=\"1576\" data-end=\"1603\"><strong data-start=\"1578\" data-end=\"1587\">Puffy<\/strong>: Up to 40,000<\/li>\n<li data-start=\"1604\" data-end=\"1646\"><strong data-start=\"1606\" data-end=\"1614\">Core<\/strong>: Airmez Unique Dual Mesh Coil<\/li>\n<li data-start=\"1647\" data-end=\"1667\"><strong data-start=\"1649\" data-end=\"1661\">Nikotin<\/strong>: 2%<\/li>\n<li data-start=\"1668\" data-end=\"1692\"><strong data-start=\"1670\" data-end=\"1681\">Baterie<\/strong>: 1000mAh<\/li>\n<li data-start=\"1693\" data-end=\"1739\"><strong data-start=\"1695\" data-end=\"1706\">Airflow<\/strong>: Adjustable Dual Airflow Modes<\/li>\n<li data-start=\"1740\" data-end=\"1769\"><strong data-start=\"1742\" data-end=\"1759\">Nab\u00edjec\u00ed port<\/strong>: Type-C<\/li>\n<\/ul>\n<p data-start=\"1771\" data-end=\"1821\"><img fetchpriority=\"high\" decoding=\"async\" class=\"alignnone size-full wp-image-28883\" src=\"https:\/\/euvapz.com\/wp-content\/uploads\/2025\/03\/Airmez-XBeats-40000-Puffs-Disposable-Vape-Ultimate-Performance-with-Dual-Mesh-Coil-3.webp\" alt=\"Airmez XBeats 40000 Puffs Disposable Vape Ultimate Performance with Dual Mesh Coil\" width=\"2080\" height=\"2080\" srcset=\"https:\/\/euvapz.com\/wp-content\/uploads\/2025\/03\/Airmez-XBeats-40000-Puffs-Disposable-Vape-Ultimate-Performance-with-Dual-Mesh-Coil-3.webp 2080w, https:\/\/euvapz.com\/wp-content\/uploads\/2025\/03\/Airmez-XBeats-40000-Puffs-Disposable-Vape-Ultimate-Performance-with-Dual-Mesh-Coil-3-300x300.webp 300w, https:\/\/euvapz.com\/wp-content\/uploads\/2025\/03\/Airmez-XBeats-40000-Puffs-Disposable-Vape-Ultimate-Performance-with-Dual-Mesh-Coil-3-800x800.webp 800w, https:\/\/euvapz.com\/wp-content\/uploads\/2025\/03\/Airmez-XBeats-40000-Puffs-Disposable-Vape-Ultimate-Performance-with-Dual-Mesh-Coil-3-150x150.webp 150w, https:\/\/euvapz.com\/wp-content\/uploads\/2025\/03\/Airmez-XBeats-40000-Puffs-Disposable-Vape-Ultimate-Performance-with-Dual-Mesh-Coil-3-768x768.webp 768w, https:\/\/euvapz.com\/wp-content\/uploads\/2025\/03\/Airmez-XBeats-40000-Puffs-Disposable-Vape-Ultimate-Performance-with-Dual-Mesh-Coil-3-1536x1536.webp 1536w, https:\/\/euvapz.com\/wp-content\/uploads\/2025\/03\/Airmez-XBeats-40000-Puffs-Disposable-Vape-Ultimate-Performance-with-Dual-Mesh-Coil-3-2048x2048.webp 2048w, https:\/\/euvapz.com\/wp-content\/uploads\/2025\/03\/Airmez-XBeats-40000-Puffs-Disposable-Vape-Ultimate-Performance-with-Dual-Mesh-Coil-3-12x12.webp 12w, https:\/\/euvapz.com\/wp-content\/uploads\/2025\/03\/Airmez-XBeats-40000-Puffs-Disposable-Vape-Ultimate-Performance-with-Dual-Mesh-Coil-3-430x430.webp 430w, https:\/\/euvapz.com\/wp-content\/uploads\/2025\/03\/Airmez-XBeats-40000-Puffs-Disposable-Vape-Ultimate-Performance-with-Dual-Mesh-Coil-3-700x700.webp 700w\" sizes=\"(max-width: 2080px) 100vw, 2080px\" \/><\/p>\n<p data-start=\"1771\" data-end=\"1821\"><strong data-start=\"1771\" data-end=\"1800\">Airmez XBeats 40000 Puffs<\/strong><br data-start=\"1800\" data-end=\"1803\" \/><strong data-start=\"1803\" data-end=\"1819\">Flavor List:<\/strong><\/p>\n<ul data-start=\"1822\" data-end=\"2105\">\n<li data-start=\"1822\" data-end=\"1843\">Fizzy Cherry Cola<\/li>\n<li data-start=\"1844\" data-end=\"1864\">Blueberry Banana<\/li>\n<li data-start=\"1865\" data-end=\"1883\">Melounov\u00fd led<\/li>\n<li data-start=\"1884\" data-end=\"1908\">Kiwi Grape Raspberry<\/li>\n<li data-start=\"1909\" data-end=\"1925\">Dvojit\u00e9 jablko<\/li>\n<li data-start=\"1926\" data-end=\"1943\">Bor\u016fvkov\u00fd led<\/li>\n<li data-start=\"1944\" data-end=\"1975\">Strawberry Watermelon Grape<\/li>\n<li data-start=\"1976\" data-end=\"1989\">Mango Ice<\/li>\n<li data-start=\"1990\" data-end=\"2008\">Tropical Punch<\/li>\n<li data-start=\"2009\" data-end=\"2024\">Juicy Peach<\/li>\n<li data-start=\"2025\" data-end=\"2036\">Pan Modr\u00fd<\/li>\n<li data-start=\"2037\" data-end=\"2054\">Ananasov\u00fd led<\/li>\n<li data-start=\"2055\" data-end=\"2074\">Jahodov\u00e9 kiwi<\/li>\n<li data-start=\"2075\" data-end=\"2088\">Cola Mint<\/li>\n<li data-start=\"2089\" data-end=\"2105\">Summer Dream<\/li>\n<\/ul>\n<p data-start=\"2107\" data-end=\"2248\" data-is-last-node=\"\" data-is-only-node=\"\">This advanced disposable vape combines powerful features with premium flavors, offering a long-lasting, satisfying experience for all vapers.<\/p>\n<h2 data-start=\"2107\" data-end=\"2248\">\t\t\t<link rel=\"stylesheet\" id=\"elementor-post-32801-css\" href=\"https:\/\/euvapz.com\/wp-content\/uploads\/elementor\/css\/post-32801.css?ver=1775243812\" type=\"text\/css\" media=\"all\">\n\t\t\t\t\t<div data-elementor-type=\"wp-post\" data-elementor-id=\"32801\" class=\"elementor elementor-32801\" data-elementor-post-type=\"cms_block\">\n\t\t\t\t<div class=\"wd-negative-gap elementor-element elementor-element-311ef4d e-flex e-con-boxed e-con e-parent\" data-id=\"311ef4d\" data-element_type=\"container\">\n\t\t\t\t\t<div class=\"e-con-inner\">\n\t\t\t\t<div class=\"elementor-element elementor-element-354d55bb color-scheme-inherit text-left elementor-widget elementor-widget-text-editor\" data-id=\"354d55bb\" data-element_type=\"widget\" data-widget_type=\"text-editor.default\">\n\t\t\t\t<div class=\"elementor-widget-container\">\n\t\t\t\t\t\t\t\t\t&nbsp;\n\n<script src=\"chrome-extension:\/\/fpelahbljekknahkcaegamhcndkfpfnc\/iFrame.js\" type=\"text\/javascript\"><\/script>\t\t\t\t\t\t\t\t<\/div>\n\t\t\t\t<\/div>\n\t\t\t\t\t<\/div>\n\t\t\t\t<\/div>\n\t\t<div class=\"wd-negative-gap elementor-element elementor-element-2f4b93b0 e-flex e-con-boxed e-con e-parent\" data-id=\"2f4b93b0\" data-element_type=\"container\">\n\t\t\t\t\t<div class=\"e-con-inner\">\n\t\t\t\t\t<\/div>\n\t\t\t\t<\/div>\n\t\t<div class=\"wd-negative-gap elementor-element elementor-element-200eec29 e-flex e-con-boxed e-con e-parent\" data-id=\"200eec29\" data-element_type=\"container\">\n\t\t\t\t\t<div class=\"e-con-inner\">\n\t\t\t\t<div class=\"elementor-element elementor-element-19faf1ba color-scheme-inherit text-left elementor-widget elementor-widget-text-editor\" data-id=\"19faf1ba\" data-element_type=\"widget\" data-widget_type=\"text-editor.default\">\n\t\t\t\t<div class=\"elementor-widget-container\">\n\t\t\t\t\t\t\t\t\t<h2><em><strong>\u010cASTO KLADEN\u00c9 DOTAZY<\/strong><\/em><\/h2><ul><li><h2><em><strong>Jak\u00e9 metody p\u0159epravy pou\u017e\u00edv\u00e1te?<\/strong><\/em><\/h2><\/li><li><h2><em><strong><span style=\"color: #333333; font-size: 16px;\">Spolupracujeme se spolehliv\u00fdmi dopravci, jako jsou UPS, DHL, FedEx a DPD. V z\u00e1vislosti na c\u00edlov\u00e9 zemi vybereme nejlep\u0161\u00ed zp\u016fsob p\u0159epravy, abychom zajistili rychl\u00e9 a bezpe\u010dn\u00e9 doru\u010den\u00ed va\u0161ich v\u00fdrobk\u016f.<\/span><\/strong><\/em><\/h2><\/li><\/ul><ul><li><h2><em><strong>Za jak dlouho doraz\u00ed moje objedn\u00e1vka?<\/strong><\/em><\/h2><\/li><\/ul><p data-start=\"340\" data-end=\"490\"><em><strong>\u00a0 \u00a0 \u00a0 Dod\u00e1n\u00ed obvykle trv\u00e1 7-15 pracovn\u00edch dn\u016f. V dob\u011b hlavn\u00edch sv\u00e1tk\u016f nebo nep\u0159\u00edzniv\u00fdch pov\u011btrnostn\u00edch podm\u00ednek v\u0161ak m\u016f\u017ee trvat a\u017e 20 pracovn\u00edch dn\u016f.<\/strong><\/em><\/p><ul><li data-start=\"492\" data-end=\"539\"><h2><em><strong>Bude moje objedn\u00e1vka bez probl\u00e9m\u016f proclena?<\/strong><\/em><\/h2><\/li><li data-start=\"492\" data-end=\"539\"><h2><em><strong><span style=\"color: #333333; font-size: 16px;\">Ve\u0161ker\u00e9 celn\u00ed odbaven\u00ed vy\u0159\u00edd\u00edme za v\u00e1s, \u010d\u00edm\u017e zajist\u00edme hladk\u00e9 doru\u010den\u00ed bez dal\u0161\u00edch dan\u00ed a poplatk\u016f. Zaru\u010dujeme, \u017ee 100% na\u0161ich z\u00e1silek bude bez probl\u00e9m\u016f procleno.<\/span><\/strong><\/em><\/h2><\/li><\/ul><ul><li data-start=\"718\" data-end=\"747\"><h2><em><strong>Mohu va\u0161im slu\u017eb\u00e1m d\u016fv\u011b\u0159ovat?<\/strong><\/em><\/h2><\/li><li data-start=\"718\" data-end=\"747\"><h2><em><strong><span style=\"color: #333333; font-size: 16px;\">Rozhodn\u011b! P\u0159ij\u00edm\u00e1me bezpe\u010dn\u00e9 platby p\u0159es PayPal a v\u00e1\u0161 n\u00e1kup je chr\u00e1n\u011bn ochranou kupuj\u00edc\u00edho PayPal. M\u016f\u017eete se tak\u00e9 pod\u00edvat na na\u0161e recenze na TrustPilot a zjistit, co o n\u00e1s \u0159\u00edkaj\u00ed ostatn\u00ed z\u00e1kazn\u00edci.<\/span><\/strong><\/em><\/h2><\/li><\/ul>\t\t\t\t\t\t\t\t<\/div>\n\t\t\t\t<\/div>\n\t\t\t\t\t<\/div>\n\t\t\t\t<\/div>\n\t\t<div class=\"wd-negative-gap elementor-element elementor-element-d4517fd e-flex e-con-boxed e-con e-parent\" data-id=\"d4517fd\" data-element_type=\"container\">\n\t\t\t\t\t<div class=\"e-con-inner\">\n\t\t\t\t<div class=\"elementor-element elementor-element-11cb93e5 elementor-widget elementor-widget-wd_button\" data-id=\"11cb93e5\" data-element_type=\"widget\" data-widget_type=\"wd_button.default\">\n\t\t\t\t<div class=\"elementor-widget-container\">\n\t\t\t\t\t\t\t<div class=\"wd-button-wrapper text-left\" >\n\t\t\t<a class=\"btn btn-style-link btn-style- btn-size-extra-large btn-scheme-inherit btn-scheme-hover-custom btn-icon-pos-right\"  href=\"https:\/\/euvapz.com\/cs\/faqs\/\">\n\t\t\t\t<span class=\"wd-btn-text\" data-elementor-setting-key=\"text\">\n\t\t\t\t\tKlikn\u011bte zde pro dal\u0161\u00ed \u010dasto kladen\u00e9 dotazy.\t\t\t\t<\/span>\n\n\t\t\t\t\t\t\t<\/a>\n\t\t<\/div>\n\t\t\t\t\t\t<\/div>\n\t\t\t\t<\/div>\n\t\t\t\t\t<\/div>\n\t\t\t\t<\/div>\n\t\t\t\t<\/div>\n\t\t<\/h2>\n<p><script src=\"chrome-extension:\/\/fpelahbljekknahkcaegamhcndkfpfnc\/iFrame.js\" type=\"text\/javascript\"><\/script><\/p>","protected":false},"excerpt":{"rendered":"<p>Na str\u00e1nk\u00e1ch <strong data-start=\"435\" data-end=\"480\">Airmez XBeats 40000 Puffs Disposable Vape<\/strong> delivers a long-lasting vaping experience with <strong data-start=\"528\" data-end=\"543\">2% nicotine<\/strong>, <strong data-start=\"545\" data-end=\"564\">1000mAh baterie<\/strong>, and a range of flavors such as <strong data-start=\"597\" data-end=\"617\">Blueberry Banana<\/strong> a <strong data-start=\"622\" data-end=\"635\">Mango Ice<\/strong>.<\/p>","protected":false},"featured_media":33687,"comment_status":"open","ping_status":"closed","template":"","meta":[],"product_brand":[183],"product_cat":[182],"product_tag":[],"class_list":{"0":"post-28827","1":"product","2":"type-product","3":"status-publish","4":"has-post-thumbnail","6":"product_brand-airmez-disposable-vape","7":"product_cat-airmez-disposable-vape","9":"first","10":"instock","11":"shipping-taxable","12":"purchasable","13":"product-type-variable"},"_links":{"self":[{"href":"https:\/\/euvapz.com\/cs\/wp-json\/wp\/v2\/product\/28827","targetHints":{"allow":["GET"]}}],"collection":[{"href":"https:\/\/euvapz.com\/cs\/wp-json\/wp\/v2\/product"}],"about":[{"href":"https:\/\/euvapz.com\/cs\/wp-json\/wp\/v2\/types\/product"}],"replies":[{"embeddable":true,"href":"https:\/\/euvapz.com\/cs\/wp-json\/wp\/v2\/comments?post=28827"}],"version-history":[{"count":6,"href":"https:\/\/euvapz.com\/cs\/wp-json\/wp\/v2\/product\/28827\/revisions"}],"predecessor-version":[{"id":33688,"href":"https:\/\/euvapz.com\/cs\/wp-json\/wp\/v2\/product\/28827\/revisions\/33688"}],"wp:featuredmedia":[{"embeddable":true,"href":"https:\/\/euvapz.com\/cs\/wp-json\/wp\/v2\/media\/33687"}],"wp:attachment":[{"href":"https:\/\/euvapz.com\/cs\/wp-json\/wp\/v2\/media?parent=28827"}],"wp:term":[{"taxonomy":"product_brand","embeddable":true,"href":"https:\/\/euvapz.com\/cs\/wp-json\/wp\/v2\/product_brand?post=28827"},{"taxonomy":"product_cat","embeddable":true,"href":"https:\/\/euvapz.com\/cs\/wp-json\/wp\/v2\/product_cat?post=28827"},{"taxonomy":"product_tag","embeddable":true,"href":"https:\/\/euvapz.com\/cs\/wp-json\/wp\/v2\/product_tag?post=28827"}],"curies":[{"name":"wp","href":"https:\/\/api.w.org\/{rel}","templated":true}]}}