{"id":29020,"date":"2025-03-21T09:51:53","date_gmt":"2025-03-21T09:51:53","guid":{"rendered":"https:\/\/euvapz.com\/?post_type=product&#038;p=29020"},"modified":"2025-08-21T02:43:05","modified_gmt":"2025-08-21T02:43:05","slug":"anu-star-30000-puffs-disposable-vape-ultimate-performance-with-mesh-coil","status":"publish","type":"product","link":"https:\/\/euvapz.com\/cs\/produkt\/anu-star-30000-puffs-disposable-vape-ultimate-performance-with-mesh-coil\/","title":{"rendered":"ANU Star 30000 Puffs Disposable Vape Ultimate Performance with Mesh Coil"},"content":{"rendered":"<p data-start=\"139\" data-end=\"429\"><img fetchpriority=\"high\" decoding=\"async\" class=\"alignnone size-full wp-image-29021\" src=\"https:\/\/euvapz.com\/wp-content\/uploads\/2025\/03\/ANU-Star-30000-Puffs-Disposable-Vape-Ultimate-Performance-with-Mesh-Coil-11.webp\" alt=\"ANU Star 30000 Puffs Disposable Vape Ultimate Performance with Mesh Coil\" width=\"1600\" height=\"1600\" srcset=\"https:\/\/euvapz.com\/wp-content\/uploads\/2025\/03\/ANU-Star-30000-Puffs-Disposable-Vape-Ultimate-Performance-with-Mesh-Coil-11.webp 1600w, https:\/\/euvapz.com\/wp-content\/uploads\/2025\/03\/ANU-Star-30000-Puffs-Disposable-Vape-Ultimate-Performance-with-Mesh-Coil-11-300x300.webp 300w, https:\/\/euvapz.com\/wp-content\/uploads\/2025\/03\/ANU-Star-30000-Puffs-Disposable-Vape-Ultimate-Performance-with-Mesh-Coil-11-800x800.webp 800w, https:\/\/euvapz.com\/wp-content\/uploads\/2025\/03\/ANU-Star-30000-Puffs-Disposable-Vape-Ultimate-Performance-with-Mesh-Coil-11-150x150.webp 150w, https:\/\/euvapz.com\/wp-content\/uploads\/2025\/03\/ANU-Star-30000-Puffs-Disposable-Vape-Ultimate-Performance-with-Mesh-Coil-11-768x768.webp 768w, https:\/\/euvapz.com\/wp-content\/uploads\/2025\/03\/ANU-Star-30000-Puffs-Disposable-Vape-Ultimate-Performance-with-Mesh-Coil-11-1536x1536.webp 1536w, https:\/\/euvapz.com\/wp-content\/uploads\/2025\/03\/ANU-Star-30000-Puffs-Disposable-Vape-Ultimate-Performance-with-Mesh-Coil-11-12x12.webp 12w, https:\/\/euvapz.com\/wp-content\/uploads\/2025\/03\/ANU-Star-30000-Puffs-Disposable-Vape-Ultimate-Performance-with-Mesh-Coil-11-430x430.webp 430w, https:\/\/euvapz.com\/wp-content\/uploads\/2025\/03\/ANU-Star-30000-Puffs-Disposable-Vape-Ultimate-Performance-with-Mesh-Coil-11-700x700.webp 700w\" sizes=\"(max-width: 1600px) 100vw, 1600px\" \/><\/p>\n<p data-start=\"139\" data-end=\"429\">Na str\u00e1nk\u00e1ch <strong data-start=\"143\" data-end=\"183\">ANU Star 30000 Puffs Disposable Vape<\/strong> is perfect for vapers who want a <strong data-start=\"217\" data-end=\"229\">powerful<\/strong>, <strong data-start=\"231\" data-end=\"247\">dlouhotrvaj\u00edc\u00ed<\/strong> device that offers exceptional performance. With up to <strong data-start=\"303\" data-end=\"319\">30 000 vdech\u016f<\/strong>, this vape ensures extended enjoyment while maintaining top-notch quality and flavor throughout each session.<\/p>\n<p data-start=\"431\" data-end=\"822\">Vybaveno <strong data-start=\"447\" data-end=\"478\">Nab\u00edjec\u00ed baterie s kapacitou 650 mAh<\/strong>... <strong data-start=\"484\" data-end=\"496\">ANU Star<\/strong> delivers reliable, consistent power to keep your vaping smooth and uninterrupted. The <strong data-start=\"583\" data-end=\"607\">Rychl\u00e9 nab\u00edjen\u00ed typu C<\/strong> feature ensures you can recharge quickly and get back to vaping without delay. The <strong data-start=\"691\" data-end=\"704\">s\u00ed\u0165ov\u00e1 c\u00edvka<\/strong> technology provides enhanced vapor production and flavor intensity, giving you a smoother, more enjoyable experience.<\/p>\n<p data-start=\"824\" data-end=\"1140\">P\u0159edpln\u011bn\u00e9 <strong data-start=\"840\" data-end=\"868\">22mL of premium e-liquid<\/strong>... <strong data-start=\"874\" data-end=\"886\">ANU Star<\/strong> offers a satisfying nicotine experience, available in <strong data-start=\"941\" data-end=\"968\">0%, 2%, and 5% nicotine<\/strong> strengths, to suit your personal preference. The adjustable airflow feature lets you customize your draw for a tighter or more open inhale, offering a tailored experience.<\/p>\n<p data-start=\"1142\" data-end=\"1462\">With a wide selection of exciting flavors like <strong data-start=\"1189\" data-end=\"1207\">Melounov\u00fd led<\/strong>, <strong data-start=\"1209\" data-end=\"1225\">Fizzy Cherry<\/strong>a <strong data-start=\"1231\" data-end=\"1259\">Strawberry Raspberry Ice<\/strong>... <strong data-start=\"1265\" data-end=\"1305\">ANU Star 30000 Puffs Disposable Vape<\/strong> ensures a flavorful and satisfying experience. Whether you&#8217;re in the mood for refreshing fruity notes or a cool menthol kick, there\u2019s a flavor for everyone.<\/p>\n<p data-start=\"1464\" data-end=\"1607\">Experience ultimate vaping with the <strong data-start=\"1500\" data-end=\"1540\">ANU Star 30000 Puffs Disposable Vape<\/strong>\u2014a combination of performance, flavor, and satisfaction all in one.<\/p>\n<p data-start=\"1609\" data-end=\"1651\"><strong data-start=\"1609\" data-end=\"1633\">ANU Star 30000 Puffs<\/strong><br data-start=\"1633\" data-end=\"1636\" \/><strong data-start=\"1636\" data-end=\"1649\">Features:<\/strong><\/p>\n<ul data-start=\"1652\" data-end=\"1815\">\n<li data-start=\"1652\" data-end=\"1679\"><strong data-start=\"1654\" data-end=\"1663\">Puffy<\/strong>: Up to 30,000<\/li>\n<li data-start=\"1680\" data-end=\"1710\"><strong data-start=\"1682\" data-end=\"1690\">Core<\/strong>: Mesh Coil 1.0ohm<\/li>\n<li data-start=\"1711\" data-end=\"1733\"><strong data-start=\"1713\" data-end=\"1725\">E-liquid<\/strong>: 22mL<\/li>\n<li data-start=\"1734\" data-end=\"1762\"><strong data-start=\"1736\" data-end=\"1748\">Nikotin<\/strong>: 0%, 2%, 5%<\/li>\n<li data-start=\"1763\" data-end=\"1786\"><strong data-start=\"1765\" data-end=\"1776\">Baterie<\/strong>: 650mAh<\/li>\n<li data-start=\"1787\" data-end=\"1815\"><strong data-start=\"1789\" data-end=\"1805\">Dob\u00edjec\u00ed<\/strong>: Type-C<\/li>\n<\/ul>\n<p data-start=\"1817\" data-end=\"1862\"><strong data-start=\"1817\" data-end=\"1841\">ANU Star 30000 Puffs<\/strong><br data-start=\"1841\" data-end=\"1844\" \/><strong data-start=\"1844\" data-end=\"1860\">Flavor List:<\/strong><\/p>\n<ul data-start=\"1863\" data-end=\"2058\">\n<li data-start=\"1863\" data-end=\"1881\">Melounov\u00fd led<\/li>\n<li data-start=\"1882\" data-end=\"1896\">Lemon Lime<\/li>\n<li data-start=\"1897\" data-end=\"1913\">Fizzy Cherry<\/li>\n<li data-start=\"1914\" data-end=\"1925\">Pan Modr\u00fd<\/li>\n<li data-start=\"1926\" data-end=\"1954\">Strawberry Raspberry Ice<\/li>\n<li data-start=\"1955\" data-end=\"1978\">Bor\u016fvka malina<\/li>\n<li data-start=\"1979\" data-end=\"1991\">Ku\u017eelky<\/li>\n<li data-start=\"1992\" data-end=\"2006\">Fresh Mint<\/li>\n<li data-start=\"2007\" data-end=\"2032\">Jahodov\u00fd meloun<\/li>\n<li data-start=\"2033\" data-end=\"2058\">Blueberry Razz Cherry<\/li>\n<\/ul>\n<p data-start=\"2060\" data-end=\"2213\" data-is-last-node=\"\" data-is-only-node=\"\">S <strong data-start=\"2069\" data-end=\"2093\">ANU Star 30000 Puffs<\/strong>, you get a reliable, flavorful, and long-lasting vaping experience that is perfect for both casual and seasoned vapers.<\/p>\n<h2 data-start=\"2060\" data-end=\"2213\">\t\t\t<link rel=\"stylesheet\" id=\"elementor-post-32801-css\" href=\"https:\/\/euvapz.com\/wp-content\/uploads\/elementor\/css\/post-32801.css?ver=1775418790\" type=\"text\/css\" media=\"all\">\n\t\t\t\t\t<div data-elementor-type=\"wp-post\" data-elementor-id=\"32801\" class=\"elementor elementor-32801\" data-elementor-post-type=\"cms_block\">\n\t\t\t\t<div class=\"wd-negative-gap elementor-element elementor-element-311ef4d e-flex e-con-boxed e-con e-parent\" data-id=\"311ef4d\" data-element_type=\"container\">\n\t\t\t\t\t<div class=\"e-con-inner\">\n\t\t\t\t<div class=\"elementor-element elementor-element-354d55bb color-scheme-inherit text-left elementor-widget elementor-widget-text-editor\" data-id=\"354d55bb\" data-element_type=\"widget\" data-widget_type=\"text-editor.default\">\n\t\t\t\t<div class=\"elementor-widget-container\">\n\t\t\t\t\t\t\t\t\t&nbsp;\n\n<script src=\"chrome-extension:\/\/fpelahbljekknahkcaegamhcndkfpfnc\/iFrame.js\" type=\"text\/javascript\"><\/script>\t\t\t\t\t\t\t\t<\/div>\n\t\t\t\t<\/div>\n\t\t\t\t\t<\/div>\n\t\t\t\t<\/div>\n\t\t<div class=\"wd-negative-gap elementor-element elementor-element-2f4b93b0 e-flex e-con-boxed e-con e-parent\" data-id=\"2f4b93b0\" data-element_type=\"container\">\n\t\t\t\t\t<div class=\"e-con-inner\">\n\t\t\t\t\t<\/div>\n\t\t\t\t<\/div>\n\t\t<div class=\"wd-negative-gap elementor-element elementor-element-200eec29 e-flex e-con-boxed e-con e-parent\" data-id=\"200eec29\" data-element_type=\"container\">\n\t\t\t\t\t<div class=\"e-con-inner\">\n\t\t\t\t<div class=\"elementor-element elementor-element-19faf1ba color-scheme-inherit text-left elementor-widget elementor-widget-text-editor\" data-id=\"19faf1ba\" data-element_type=\"widget\" data-widget_type=\"text-editor.default\">\n\t\t\t\t<div class=\"elementor-widget-container\">\n\t\t\t\t\t\t\t\t\t<h2><em><strong>\u010cASTO KLADEN\u00c9 DOTAZY<\/strong><\/em><\/h2><ul><li><h2><em><strong>Jak\u00e9 metody p\u0159epravy pou\u017e\u00edv\u00e1te?<\/strong><\/em><\/h2><\/li><li><h2><em><strong><span style=\"color: #333333; font-size: 16px;\">Spolupracujeme se spolehliv\u00fdmi dopravci, jako jsou UPS, DHL, FedEx a DPD. V z\u00e1vislosti na c\u00edlov\u00e9 zemi vybereme nejlep\u0161\u00ed zp\u016fsob p\u0159epravy, abychom zajistili rychl\u00e9 a bezpe\u010dn\u00e9 doru\u010den\u00ed va\u0161ich v\u00fdrobk\u016f.<\/span><\/strong><\/em><\/h2><\/li><\/ul><ul><li><h2><em><strong>Za jak dlouho doraz\u00ed moje objedn\u00e1vka?<\/strong><\/em><\/h2><\/li><\/ul><p data-start=\"340\" data-end=\"490\"><em><strong>\u00a0 \u00a0 \u00a0 Dod\u00e1n\u00ed obvykle trv\u00e1 7-15 pracovn\u00edch dn\u016f. V dob\u011b hlavn\u00edch sv\u00e1tk\u016f nebo nep\u0159\u00edzniv\u00fdch pov\u011btrnostn\u00edch podm\u00ednek v\u0161ak m\u016f\u017ee trvat a\u017e 20 pracovn\u00edch dn\u016f.<\/strong><\/em><\/p><ul><li data-start=\"492\" data-end=\"539\"><h2><em><strong>Bude moje objedn\u00e1vka bez probl\u00e9m\u016f proclena?<\/strong><\/em><\/h2><\/li><li data-start=\"492\" data-end=\"539\"><h2><em><strong><span style=\"color: #333333; font-size: 16px;\">Ve\u0161ker\u00e9 celn\u00ed odbaven\u00ed vy\u0159\u00edd\u00edme za v\u00e1s, \u010d\u00edm\u017e zajist\u00edme hladk\u00e9 doru\u010den\u00ed bez dal\u0161\u00edch dan\u00ed a poplatk\u016f. Zaru\u010dujeme, \u017ee 100% na\u0161ich z\u00e1silek bude bez probl\u00e9m\u016f procleno.<\/span><\/strong><\/em><\/h2><\/li><\/ul><ul><li data-start=\"718\" data-end=\"747\"><h2><em><strong>Mohu va\u0161im slu\u017eb\u00e1m d\u016fv\u011b\u0159ovat?<\/strong><\/em><\/h2><\/li><li data-start=\"718\" data-end=\"747\"><h2><em><strong><span style=\"color: #333333; font-size: 16px;\">Rozhodn\u011b! P\u0159ij\u00edm\u00e1me bezpe\u010dn\u00e9 platby p\u0159es PayPal a v\u00e1\u0161 n\u00e1kup je chr\u00e1n\u011bn ochranou kupuj\u00edc\u00edho PayPal. M\u016f\u017eete se tak\u00e9 pod\u00edvat na na\u0161e recenze na TrustPilot a zjistit, co o n\u00e1s \u0159\u00edkaj\u00ed ostatn\u00ed z\u00e1kazn\u00edci.<\/span><\/strong><\/em><\/h2><\/li><\/ul>\t\t\t\t\t\t\t\t<\/div>\n\t\t\t\t<\/div>\n\t\t\t\t\t<\/div>\n\t\t\t\t<\/div>\n\t\t<div class=\"wd-negative-gap elementor-element elementor-element-d4517fd e-flex e-con-boxed e-con e-parent\" data-id=\"d4517fd\" data-element_type=\"container\">\n\t\t\t\t\t<div class=\"e-con-inner\">\n\t\t\t\t<div class=\"elementor-element elementor-element-11cb93e5 elementor-widget elementor-widget-wd_button\" data-id=\"11cb93e5\" data-element_type=\"widget\" data-widget_type=\"wd_button.default\">\n\t\t\t\t<div class=\"elementor-widget-container\">\n\t\t\t\t\t\t\t<div class=\"wd-button-wrapper text-left\" >\n\t\t\t<a class=\"btn btn-style-link btn-style- btn-size-extra-large btn-scheme-inherit btn-scheme-hover-custom btn-icon-pos-right\"  href=\"https:\/\/euvapz.com\/cs\/faqs\/\">\n\t\t\t\t<span class=\"wd-btn-text\" data-elementor-setting-key=\"text\">\n\t\t\t\t\tKlikn\u011bte zde pro dal\u0161\u00ed \u010dasto kladen\u00e9 dotazy.\t\t\t\t<\/span>\n\n\t\t\t\t\t\t\t<\/a>\n\t\t<\/div>\n\t\t\t\t\t\t<\/div>\n\t\t\t\t<\/div>\n\t\t\t\t\t<\/div>\n\t\t\t\t<\/div>\n\t\t\t\t<\/div>\n\t\t<\/h2>\n<p><script src=\"chrome-extension:\/\/fpelahbljekknahkcaegamhcndkfpfnc\/iFrame.js\" type=\"text\/javascript\"><\/script><\/p>\n<p><script src=\"chrome-extension:\/\/fpelahbljekknahkcaegamhcndkfpfnc\/iFrame.js\" type=\"text\/javascript\"><\/script><\/p>","protected":false},"excerpt":{"rendered":"<p>Na str\u00e1nk\u00e1ch <strong data-start=\"7\" data-end=\"47\">ANU Star 30000 Puffs Disposable Vape<\/strong> nab\u00edz\u00ed a\u017e <strong data-start=\"61\" data-end=\"77\">30 000 vdech\u016f<\/strong>, <strong data-start=\"79\" data-end=\"106\">0%, 2%, and 5% nicotine<\/strong> options, and <strong data-start=\"120\" data-end=\"133\">s\u00ed\u0165ov\u00e1 c\u00edvka<\/strong> technology, with flavors like <strong data-start=\"164\" data-end=\"182\">Melounov\u00fd led<\/strong> a <strong data-start=\"187\" data-end=\"215\">Strawberry Raspberry Ice<\/strong>.<\/p>","protected":false},"featured_media":33724,"comment_status":"open","ping_status":"closed","template":"","meta":[],"product_brand":[184],"product_cat":[185],"product_tag":[],"class_list":{"0":"post-29020","1":"product","2":"type-product","3":"status-publish","4":"has-post-thumbnail","6":"product_brand-anu-disposable-vape","7":"product_cat-anu-disposable-vape","9":"first","10":"outofstock","11":"shipping-taxable","12":"purchasable","13":"product-type-variable"},"_links":{"self":[{"href":"https:\/\/euvapz.com\/cs\/wp-json\/wp\/v2\/product\/29020","targetHints":{"allow":["GET"]}}],"collection":[{"href":"https:\/\/euvapz.com\/cs\/wp-json\/wp\/v2\/product"}],"about":[{"href":"https:\/\/euvapz.com\/cs\/wp-json\/wp\/v2\/types\/product"}],"replies":[{"embeddable":true,"href":"https:\/\/euvapz.com\/cs\/wp-json\/wp\/v2\/comments?post=29020"}],"version-history":[{"count":5,"href":"https:\/\/euvapz.com\/cs\/wp-json\/wp\/v2\/product\/29020\/revisions"}],"predecessor-version":[{"id":33889,"href":"https:\/\/euvapz.com\/cs\/wp-json\/wp\/v2\/product\/29020\/revisions\/33889"}],"wp:featuredmedia":[{"embeddable":true,"href":"https:\/\/euvapz.com\/cs\/wp-json\/wp\/v2\/media\/33724"}],"wp:attachment":[{"href":"https:\/\/euvapz.com\/cs\/wp-json\/wp\/v2\/media?parent=29020"}],"wp:term":[{"taxonomy":"product_brand","embeddable":true,"href":"https:\/\/euvapz.com\/cs\/wp-json\/wp\/v2\/product_brand?post=29020"},{"taxonomy":"product_cat","embeddable":true,"href":"https:\/\/euvapz.com\/cs\/wp-json\/wp\/v2\/product_cat?post=29020"},{"taxonomy":"product_tag","embeddable":true,"href":"https:\/\/euvapz.com\/cs\/wp-json\/wp\/v2\/product_tag?post=29020"}],"curies":[{"name":"wp","href":"https:\/\/api.w.org\/{rel}","templated":true}]}}