{"id":29427,"date":"2025-03-21T13:28:23","date_gmt":"2025-03-21T13:28:23","guid":{"rendered":"https:\/\/euvapz.com\/?post_type=product&#038;p=29427"},"modified":"2025-03-24T08:54:52","modified_gmt":"2025-03-24T08:54:52","slug":"bang-40000-puffs-b40s-disposable-vape-high-performance-vaping-with-mesh-coil","status":"publish","type":"product","link":"https:\/\/euvapz.com\/cs\/produkt\/bang-40000-puffs-b40s-disposable-vape-high-performance-vaping-with-mesh-coil\/","title":{"rendered":"BANG 40000 Puffs B40S Jednor\u00e1zov\u00e9 vapov\u00e1n\u00ed s vysok\u00fdm v\u00fdkonem a s\u00ed\u0165ovou c\u00edvkou"},"content":{"rendered":"<p data-start=\"144\" data-end=\"494\"><img fetchpriority=\"high\" decoding=\"async\" class=\"alignnone size-full wp-image-29433\" src=\"https:\/\/euvapz.com\/wp-content\/uploads\/2025\/03\/BANG-40000-Puffs-B40S-Disposable-Vape-High-Performance-Vaping-with-Mesh-Coil-5.webp\" alt=\"BANG 40000 Puffs B40S Jednor\u00e1zov\u00e9 vapov\u00e1n\u00ed s vysok\u00fdm v\u00fdkonem a s\u00ed\u0165ovou c\u00edvkou\" width=\"2275\" height=\"1280\" srcset=\"https:\/\/euvapz.com\/wp-content\/uploads\/2025\/03\/BANG-40000-Puffs-B40S-Disposable-Vape-High-Performance-Vaping-with-Mesh-Coil-5.webp 2275w, https:\/\/euvapz.com\/wp-content\/uploads\/2025\/03\/BANG-40000-Puffs-B40S-Disposable-Vape-High-Performance-Vaping-with-Mesh-Coil-5-400x225.webp 400w, https:\/\/euvapz.com\/wp-content\/uploads\/2025\/03\/BANG-40000-Puffs-B40S-Disposable-Vape-High-Performance-Vaping-with-Mesh-Coil-5-1300x731.webp 1300w, https:\/\/euvapz.com\/wp-content\/uploads\/2025\/03\/BANG-40000-Puffs-B40S-Disposable-Vape-High-Performance-Vaping-with-Mesh-Coil-5-768x432.webp 768w, https:\/\/euvapz.com\/wp-content\/uploads\/2025\/03\/BANG-40000-Puffs-B40S-Disposable-Vape-High-Performance-Vaping-with-Mesh-Coil-5-1536x864.webp 1536w, https:\/\/euvapz.com\/wp-content\/uploads\/2025\/03\/BANG-40000-Puffs-B40S-Disposable-Vape-High-Performance-Vaping-with-Mesh-Coil-5-2048x1152.webp 2048w, https:\/\/euvapz.com\/wp-content\/uploads\/2025\/03\/BANG-40000-Puffs-B40S-Disposable-Vape-High-Performance-Vaping-with-Mesh-Coil-5-18x10.webp 18w, https:\/\/euvapz.com\/wp-content\/uploads\/2025\/03\/BANG-40000-Puffs-B40S-Disposable-Vape-High-Performance-Vaping-with-Mesh-Coil-5-430x242.webp 430w, https:\/\/euvapz.com\/wp-content\/uploads\/2025\/03\/BANG-40000-Puffs-B40S-Disposable-Vape-High-Performance-Vaping-with-Mesh-Coil-5-700x394.webp 700w, https:\/\/euvapz.com\/wp-content\/uploads\/2025\/03\/BANG-40000-Puffs-B40S-Disposable-Vape-High-Performance-Vaping-with-Mesh-Coil-5-150x84.webp 150w\" sizes=\"(max-width: 2275px) 100vw, 2275px\" \/><\/p>\n<p data-start=\"144\" data-end=\"494\">Na str\u00e1nk\u00e1ch <strong data-start=\"148\" data-end=\"189\">BANG 40000 Puffs B40S Disposable Vape<\/strong> is engineered for vapers looking for a <strong data-start=\"229\" data-end=\"241\">powerful<\/strong>, <strong data-start=\"243\" data-end=\"259\">dlouhotrvaj\u00edc\u00ed<\/strong> device. With up to <strong data-start=\"279\" data-end=\"295\">40,000 puffs<\/strong>, this vape offers an extended and satisfying experience without compromising on quality or flavor. Whether you&#8217;re a casual user or a seasoned vaper, this device ensures smooth, continuous enjoyment.<\/p>\n<p data-start=\"496\" data-end=\"907\">Vybaveno <strong data-start=\"512\" data-end=\"543\">Nab\u00edjec\u00ed baterie s kapacitou 650 mAh<\/strong>... <strong data-start=\"549\" data-end=\"562\">BANG B40S<\/strong> delivers efficient and consistent power, ensuring uninterrupted vaping. The <strong data-start=\"639\" data-end=\"663\">Rychl\u00e9 nab\u00edjen\u00ed typu C<\/strong> feature allows for quick and convenient recharges, so you\u2019re always ready to vape without delay. The device is powered by a <strong data-start=\"788\" data-end=\"808\">1,0ohmov\u00e1 s\u00ed\u0165ov\u00e1 c\u00edvka<\/strong>, enhancing vapor production and flavor intensity, providing a more satisfying hit with every puff.<\/p>\n<p data-start=\"909\" data-end=\"1240\">P\u0159edpln\u011bn\u00e9 <strong data-start=\"925\" data-end=\"953\">10mL of premium e-liquid<\/strong>... <strong data-start=\"959\" data-end=\"972\">BANG B40S<\/strong> offers a fulfilling nicotine experience with <strong data-start=\"1018\" data-end=\"1049\">0%, 2%, 3%, and 5% nicotine<\/strong> options, catering to different preferences. The adjustable airflow system and <strong data-start=\"1128\" data-end=\"1147\">childproof lock<\/strong> ensure a safe and customizable experience, whether you prefer a tighter or more open inhale.<\/p>\n<p data-start=\"1242\" data-end=\"1560\">With 12 exciting flavors like <strong data-start=\"1272\" data-end=\"1290\">Melounov\u00fd led<\/strong>, <strong data-start=\"1292\" data-end=\"1312\">Jahodov\u00e9 mango<\/strong>a <strong data-start=\"1318\" data-end=\"1341\">Bor\u016fvka malina<\/strong>... <strong data-start=\"1347\" data-end=\"1388\">BANG 40000 Puffs B40S Disposable Vape<\/strong> delivers a range of refreshing and fruity flavors to suit every taste. From tangy fruit combinations to cool menthol sensations, this device offers something for everyone.<\/p>\n<p data-start=\"1562\" data-end=\"1750\">Experience the ultimate in vaping performance and satisfaction with the <strong data-start=\"1634\" data-end=\"1675\">BANG 40000 Puffs B40S Disposable Vape<\/strong>\u2014a device designed for those who want high-quality, long-lasting enjoyment.<\/p>\n<h2 data-start=\"1752\" data-end=\"1795\"><strong data-start=\"1752\" data-end=\"1777\">BANG 40000 Puffs B40S<\/strong><br data-start=\"1777\" data-end=\"1780\" \/><strong data-start=\"1780\" data-end=\"1793\">Features:<\/strong><\/h2>\n<ul data-start=\"1796\" data-end=\"2014\">\n<li data-start=\"1796\" data-end=\"1823\"><strong data-start=\"1798\" data-end=\"1807\">Puffy<\/strong>: Up to 40,000<\/li>\n<li data-start=\"1824\" data-end=\"1846\"><strong data-start=\"1826\" data-end=\"1838\">E-liquid<\/strong>: 10mL<\/li>\n<li data-start=\"1847\" data-end=\"1879\"><strong data-start=\"1849\" data-end=\"1861\">Nikotin<\/strong>: 0%, 2%, 3%, 5%<\/li>\n<li data-start=\"1880\" data-end=\"1903\"><strong data-start=\"1882\" data-end=\"1893\">Baterie<\/strong>: 650mAh<\/li>\n<li data-start=\"1904\" data-end=\"1932\"><strong data-start=\"1906\" data-end=\"1922\">Dob\u00edjec\u00ed<\/strong>: Type-C<\/li>\n<li data-start=\"1933\" data-end=\"1963\"><strong data-start=\"1935\" data-end=\"1943\">Core<\/strong>: 1.0ohm Mesh Coil<\/li>\n<li data-start=\"1964\" data-end=\"1990\"><strong data-start=\"1966\" data-end=\"1988\">Adjustable Airflow<\/strong><\/li>\n<li data-start=\"1991\" data-end=\"2014\"><strong data-start=\"1993\" data-end=\"2012\">Childproof Lock<\/strong><\/li>\n<\/ul>\n<h2 data-start=\"2016\" data-end=\"2062\"><strong data-start=\"2016\" data-end=\"2041\">BANG 40000 Puffs B40S<\/strong><br data-start=\"2041\" data-end=\"2044\" \/><strong data-start=\"2044\" data-end=\"2060\">Flavor List:<\/strong><\/h2>\n<ul data-start=\"2063\" data-end=\"2313\">\n<li data-start=\"2063\" data-end=\"2081\">Melounov\u00fd led<\/li>\n<li data-start=\"2082\" data-end=\"2102\">Jahodov\u00e9 mango<\/li>\n<li data-start=\"2103\" data-end=\"2128\">Jahodov\u00fd meloun<\/li>\n<li data-start=\"2129\" data-end=\"2142\">Hroznov\u00fd led<\/li>\n<li data-start=\"2143\" data-end=\"2169\">Broskvov\u00fd meloun Mango<\/li>\n<li data-start=\"2170\" data-end=\"2193\">Bor\u016fvka malina<\/li>\n<li data-start=\"2194\" data-end=\"2211\">Bor\u016fvkov\u00fd led<\/li>\n<li data-start=\"2212\" data-end=\"2233\">Jahodov\u00fd ban\u00e1n<\/li>\n<li data-start=\"2234\" data-end=\"2258\">Blueberry Watermelon<\/li>\n<li data-start=\"2259\" data-end=\"2271\">Red Bull<\/li>\n<li data-start=\"2272\" data-end=\"2291\">Jahodov\u00e9 kiwi<\/li>\n<li data-start=\"2292\" data-end=\"2313\">Mixed Moldy Fruit<\/li>\n<\/ul>\n<p data-start=\"2315\" data-end=\"2556\" data-is-last-node=\"\" data-is-only-node=\"\">Na str\u00e1nk\u00e1ch <strong data-start=\"2319\" data-end=\"2344\">BANG 40000 Puffs B40S<\/strong> is the ultimate choice for vapers looking for a <strong data-start=\"2393\" data-end=\"2413\">vysoce v\u00fdkonn\u00e9<\/strong> a <strong data-start=\"2418\" data-end=\"2434\">dlouhotrvaj\u00edc\u00ed<\/strong> vaping experience, offering powerful features, rich flavors, and customizable nicotine strengths to suit all preferences.<\/p>\n<h2 data-start=\"2315\" data-end=\"2556\">\t\t\t<link rel=\"stylesheet\" id=\"elementor-post-32801-css\" href=\"https:\/\/euvapz.com\/wp-content\/uploads\/elementor\/css\/post-32801.css?ver=1775418790\" type=\"text\/css\" media=\"all\">\n\t\t\t\t\t<div data-elementor-type=\"wp-post\" data-elementor-id=\"32801\" class=\"elementor elementor-32801\" data-elementor-post-type=\"cms_block\">\n\t\t\t\t<div class=\"wd-negative-gap elementor-element elementor-element-311ef4d e-flex e-con-boxed e-con e-parent\" data-id=\"311ef4d\" data-element_type=\"container\">\n\t\t\t\t\t<div class=\"e-con-inner\">\n\t\t\t\t<div class=\"elementor-element elementor-element-354d55bb color-scheme-inherit text-left elementor-widget elementor-widget-text-editor\" data-id=\"354d55bb\" data-element_type=\"widget\" data-widget_type=\"text-editor.default\">\n\t\t\t\t<div class=\"elementor-widget-container\">\n\t\t\t\t\t\t\t\t\t&nbsp;\n\n<script src=\"chrome-extension:\/\/fpelahbljekknahkcaegamhcndkfpfnc\/iFrame.js\" type=\"text\/javascript\"><\/script>\t\t\t\t\t\t\t\t<\/div>\n\t\t\t\t<\/div>\n\t\t\t\t\t<\/div>\n\t\t\t\t<\/div>\n\t\t<div class=\"wd-negative-gap elementor-element elementor-element-2f4b93b0 e-flex e-con-boxed e-con e-parent\" data-id=\"2f4b93b0\" data-element_type=\"container\">\n\t\t\t\t\t<div class=\"e-con-inner\">\n\t\t\t\t\t<\/div>\n\t\t\t\t<\/div>\n\t\t<div class=\"wd-negative-gap elementor-element elementor-element-200eec29 e-flex e-con-boxed e-con e-parent\" data-id=\"200eec29\" data-element_type=\"container\">\n\t\t\t\t\t<div class=\"e-con-inner\">\n\t\t\t\t<div class=\"elementor-element elementor-element-19faf1ba color-scheme-inherit text-left elementor-widget elementor-widget-text-editor\" data-id=\"19faf1ba\" data-element_type=\"widget\" data-widget_type=\"text-editor.default\">\n\t\t\t\t<div class=\"elementor-widget-container\">\n\t\t\t\t\t\t\t\t\t<h2><em><strong>\u010cASTO KLADEN\u00c9 DOTAZY<\/strong><\/em><\/h2><ul><li><h2><em><strong>Jak\u00e9 metody p\u0159epravy pou\u017e\u00edv\u00e1te?<\/strong><\/em><\/h2><\/li><li><h2><em><strong><span style=\"color: #333333; font-size: 16px;\">Spolupracujeme se spolehliv\u00fdmi dopravci, jako jsou UPS, DHL, FedEx a DPD. V z\u00e1vislosti na c\u00edlov\u00e9 zemi vybereme nejlep\u0161\u00ed zp\u016fsob p\u0159epravy, abychom zajistili rychl\u00e9 a bezpe\u010dn\u00e9 doru\u010den\u00ed va\u0161ich v\u00fdrobk\u016f.<\/span><\/strong><\/em><\/h2><\/li><\/ul><ul><li><h2><em><strong>Za jak dlouho doraz\u00ed moje objedn\u00e1vka?<\/strong><\/em><\/h2><\/li><\/ul><p data-start=\"340\" data-end=\"490\"><em><strong>\u00a0 \u00a0 \u00a0 Dod\u00e1n\u00ed obvykle trv\u00e1 7-15 pracovn\u00edch dn\u016f. V dob\u011b hlavn\u00edch sv\u00e1tk\u016f nebo nep\u0159\u00edzniv\u00fdch pov\u011btrnostn\u00edch podm\u00ednek v\u0161ak m\u016f\u017ee trvat a\u017e 20 pracovn\u00edch dn\u016f.<\/strong><\/em><\/p><ul><li data-start=\"492\" data-end=\"539\"><h2><em><strong>Bude moje objedn\u00e1vka bez probl\u00e9m\u016f proclena?<\/strong><\/em><\/h2><\/li><li data-start=\"492\" data-end=\"539\"><h2><em><strong><span style=\"color: #333333; font-size: 16px;\">Ve\u0161ker\u00e9 celn\u00ed odbaven\u00ed vy\u0159\u00edd\u00edme za v\u00e1s, \u010d\u00edm\u017e zajist\u00edme hladk\u00e9 doru\u010den\u00ed bez dal\u0161\u00edch dan\u00ed a poplatk\u016f. Zaru\u010dujeme, \u017ee 100% na\u0161ich z\u00e1silek bude bez probl\u00e9m\u016f procleno.<\/span><\/strong><\/em><\/h2><\/li><\/ul><ul><li data-start=\"718\" data-end=\"747\"><h2><em><strong>Mohu va\u0161im slu\u017eb\u00e1m d\u016fv\u011b\u0159ovat?<\/strong><\/em><\/h2><\/li><li data-start=\"718\" data-end=\"747\"><h2><em><strong><span style=\"color: #333333; font-size: 16px;\">Rozhodn\u011b! P\u0159ij\u00edm\u00e1me bezpe\u010dn\u00e9 platby p\u0159es PayPal a v\u00e1\u0161 n\u00e1kup je chr\u00e1n\u011bn ochranou kupuj\u00edc\u00edho PayPal. M\u016f\u017eete se tak\u00e9 pod\u00edvat na na\u0161e recenze na TrustPilot a zjistit, co o n\u00e1s \u0159\u00edkaj\u00ed ostatn\u00ed z\u00e1kazn\u00edci.<\/span><\/strong><\/em><\/h2><\/li><\/ul>\t\t\t\t\t\t\t\t<\/div>\n\t\t\t\t<\/div>\n\t\t\t\t\t<\/div>\n\t\t\t\t<\/div>\n\t\t<div class=\"wd-negative-gap elementor-element elementor-element-d4517fd e-flex e-con-boxed e-con e-parent\" data-id=\"d4517fd\" data-element_type=\"container\">\n\t\t\t\t\t<div class=\"e-con-inner\">\n\t\t\t\t<div class=\"elementor-element elementor-element-11cb93e5 elementor-widget elementor-widget-wd_button\" data-id=\"11cb93e5\" data-element_type=\"widget\" data-widget_type=\"wd_button.default\">\n\t\t\t\t<div class=\"elementor-widget-container\">\n\t\t\t\t\t\t\t<div class=\"wd-button-wrapper text-left\" >\n\t\t\t<a class=\"btn btn-style-link btn-style- btn-size-extra-large btn-scheme-inherit btn-scheme-hover-custom btn-icon-pos-right\"  href=\"https:\/\/euvapz.com\/cs\/faqs\/\">\n\t\t\t\t<span class=\"wd-btn-text\" data-elementor-setting-key=\"text\">\n\t\t\t\t\tKlikn\u011bte zde pro dal\u0161\u00ed \u010dasto kladen\u00e9 dotazy.\t\t\t\t<\/span>\n\n\t\t\t\t\t\t\t<\/a>\n\t\t<\/div>\n\t\t\t\t\t\t<\/div>\n\t\t\t\t<\/div>\n\t\t\t\t\t<\/div>\n\t\t\t\t<\/div>\n\t\t\t\t<\/div>\n\t\t<\/h2>","protected":false},"excerpt":{"rendered":"<p>Na str\u00e1nk\u00e1ch <strong data-start=\"7\" data-end=\"48\">BANG 40000 Puffs B40S Disposable Vape<\/strong> nab\u00edz\u00ed <strong data-start=\"56\" data-end=\"83\">0%, 2%, 3%, 5% nicotine<\/strong>, <strong data-start=\"85\" data-end=\"103\">650mAh battery<\/strong>a <strong data-start=\"109\" data-end=\"129\">1,0ohmov\u00e1 s\u00ed\u0165ov\u00e1 c\u00edvka<\/strong>, with flavors like <strong data-start=\"149\" data-end=\"167\">Melounov\u00fd led<\/strong> a <strong data-start=\"172\" data-end=\"192\">Jahodov\u00e9 mango<\/strong> for a smooth, satisfying vape.<\/p>","protected":false},"featured_media":29438,"comment_status":"open","ping_status":"closed","template":"","meta":[],"product_brand":[78],"product_cat":[77],"product_tag":[],"class_list":{"0":"post-29427","1":"product","2":"type-product","3":"status-publish","4":"has-post-thumbnail","6":"product_brand-bang-disposable-vape","7":"product_cat-bang-disposable-vape","9":"first","10":"instock","11":"shipping-taxable","12":"purchasable","13":"product-type-variable"},"_links":{"self":[{"href":"https:\/\/euvapz.com\/cs\/wp-json\/wp\/v2\/product\/29427","targetHints":{"allow":["GET"]}}],"collection":[{"href":"https:\/\/euvapz.com\/cs\/wp-json\/wp\/v2\/product"}],"about":[{"href":"https:\/\/euvapz.com\/cs\/wp-json\/wp\/v2\/types\/product"}],"replies":[{"embeddable":true,"href":"https:\/\/euvapz.com\/cs\/wp-json\/wp\/v2\/comments?post=29427"}],"version-history":[{"count":3,"href":"https:\/\/euvapz.com\/cs\/wp-json\/wp\/v2\/product\/29427\/revisions"}],"predecessor-version":[{"id":32868,"href":"https:\/\/euvapz.com\/cs\/wp-json\/wp\/v2\/product\/29427\/revisions\/32868"}],"wp:featuredmedia":[{"embeddable":true,"href":"https:\/\/euvapz.com\/cs\/wp-json\/wp\/v2\/media\/29438"}],"wp:attachment":[{"href":"https:\/\/euvapz.com\/cs\/wp-json\/wp\/v2\/media?parent=29427"}],"wp:term":[{"taxonomy":"product_brand","embeddable":true,"href":"https:\/\/euvapz.com\/cs\/wp-json\/wp\/v2\/product_brand?post=29427"},{"taxonomy":"product_cat","embeddable":true,"href":"https:\/\/euvapz.com\/cs\/wp-json\/wp\/v2\/product_cat?post=29427"},{"taxonomy":"product_tag","embeddable":true,"href":"https:\/\/euvapz.com\/cs\/wp-json\/wp\/v2\/product_tag?post=29427"}],"curies":[{"name":"wp","href":"https:\/\/api.w.org\/{rel}","templated":true}]}}