{"id":36202,"date":"2025-05-27T03:41:08","date_gmt":"2025-05-27T03:41:08","guid":{"rendered":"https:\/\/euvapz.com\/?post_type=product&#038;p=36202"},"modified":"2025-06-01T07:58:35","modified_gmt":"2025-06-01T07:58:35","slug":"crystal-mary-space-rocket-20000-puffs-sila-se-setkava-s-chuti","status":"publish","type":"product","link":"https:\/\/euvapz.com\/cs\/produkt\/crystal-mary-space-rocket-20000-puffs-sila-se-setkava-s-chuti\/","title":{"rendered":"CRYSTAL MARY Space Rocket 20000 \u0161luk\u016f S\u00edla se setk\u00e1v\u00e1 s chut\u00ed"},"content":{"rendered":"<h2 data-start=\"343\" data-end=\"363\">CRYSTAL MARY Space Rocket 20000 obl\u00e1\u010dk\u016f \u00davod<\/h2>\n<p data-start=\"365\" data-end=\"695\">Vstupte do nov\u00e9 \u00e9ry vapingu s modelem <strong data-start=\"409\" data-end=\"465\">CRYSTAL MARY Space Rocket 20000 puff\u016f Jednor\u00e1zov\u00e9 vape<\/strong> - kde se obrovsk\u00e1 kapacita snoub\u00ed s v\u00fdkonem nov\u00e9 generace. Tento jednor\u00e1zov\u00fd vape, navr\u017een\u00fd tak, aby zaujal tvarem inspirovan\u00fdm vesm\u00edrem a futuristick\u00fdmi technologiemi, p\u0159in\u00e1\u0161\u00ed bohatou chu\u0165, inteligentn\u00ed proud\u011bn\u00ed vzduchu a prodlou\u017eenou \u017eivotnost \u0161lukov\u00e1n\u00ed, a to v\u0161e v jednom kompaktn\u00edm za\u0159\u00edzen\u00ed.<\/p>\n<p data-start=\"697\" data-end=\"1025\">A\u0165 u\u017e jste v <strong data-start=\"715\" data-end=\"729\">Re\u017eim Ultra<\/strong> pro intenzivn\u00ed v\u00fdpary nebo <strong data-start=\"751\" data-end=\"767\">B\u011b\u017en\u00fd re\u017eim<\/strong> pro maxim\u00e1ln\u00ed v\u00fddr\u017e <strong data-start=\"795\" data-end=\"835\">CRYSTAL MARY Space Rocket 20000 obl\u00e1\u010dk\u016f<\/strong> nab\u00edz\u00ed \u00fapln\u00e9 p\u0159izp\u016fsoben\u00ed pomoc\u00ed <strong data-start=\"873\" data-end=\"892\">du\u00e1ln\u00ed s\u00ed\u0165ov\u00e9 c\u00edvky<\/strong> a <strong data-start=\"899\" data-end=\"919\">dvouj\u00e1drov\u00fd syst\u00e9m<\/strong>. Nejde jen o jednor\u00e1zov\u00e9 za\u0159\u00edzen\u00ed, ale o pr\u00e9miov\u00fd z\u00e1\u017eitek navr\u017een\u00fd pro pohodl\u00ed a v\u00fdkon.<\/p>\n<hr data-start=\"1027\" data-end=\"1030\" \/>\n<h2 data-start=\"1032\" data-end=\"1048\"><strong data-start=\"1036\" data-end=\"1048\">CRYSTAL MARY Space Rocket 20000 puffs Vlastnosti<\/strong><\/h2>\n<ul data-start=\"1050\" data-end=\"2038\">\n<li data-start=\"1050\" data-end=\"1226\">\n<p data-start=\"1052\" data-end=\"1226\"><strong data-start=\"1052\" data-end=\"1083\">Zku\u0161enosti s vapingem ve dvou re\u017eimech<\/strong><br data-start=\"1083\" data-end=\"1086\" \/>Vyberte si mezi <strong data-start=\"1103\" data-end=\"1132\">Re\u017eim Ultra (12 000 vdech\u016f)<\/strong> pro v\u011bt\u0161\u00ed intenzitu nebo <strong data-start=\"1157\" data-end=\"1188\">B\u011b\u017en\u00fd re\u017eim (20 000 vdech\u016f)<\/strong> pro dlouhodob\u00e9 pou\u017e\u00edv\u00e1n\u00ed - v\u0161e v jednom za\u0159\u00edzen\u00ed.<\/p>\n<\/li>\n<li data-start=\"1228\" data-end=\"1409\">\n<p data-start=\"1230\" data-end=\"1409\"><strong data-start=\"1230\" data-end=\"1267\">Masivn\u00ed 125ml p\u0159edpln\u011bn\u00fd e-liquid<\/strong><br data-start=\"1267\" data-end=\"1270\" \/>U\u017e\u00edvejte si jednu z nejv\u011bt\u0161\u00edch kapacit e-liquidu na trhu jednor\u00e1zov\u00fdch \u0161luk\u00e1tek, kter\u00e1 v\u00e1m zajist\u00ed dlouhotrvaj\u00edc\u00ed \u0161lukov\u00e1n\u00ed pln\u00e9 chuti bez nutnosti dopl\u0148ov\u00e1n\u00ed.<\/p>\n<\/li>\n<li data-start=\"1411\" data-end=\"1575\">\n<p data-start=\"1413\" data-end=\"1575\"><strong data-start=\"1413\" data-end=\"1456\">Technologie Dual Mesh Coil (0,4\u03a9 + 0,8\u03a9)<\/strong><br data-start=\"1456\" data-end=\"1459\" \/>Zvy\u0161uje bohatost chuti a produkci mrak\u016f a z\u00e1rove\u0148 udr\u017euje hladk\u00e9 a uspokojiv\u00e9 potahov\u00e1n\u00ed od prvn\u00edho po posledn\u00ed \u0161luknut\u00ed.<\/p>\n<\/li>\n<li data-start=\"1577\" data-end=\"1705\">\n<p data-start=\"1579\" data-end=\"1705\"><strong data-start=\"1579\" data-end=\"1599\">Dvouj\u00e1drov\u00fd syst\u00e9m<\/strong><br data-start=\"1599\" data-end=\"1602\" \/>Je konstruov\u00e1n pro v\u00fdkon a stabilitu, co\u017e zaji\u0161\u0165uje rovnom\u011brn\u00e9 zah\u0159\u00edv\u00e1n\u00ed, konzistentn\u00ed chu\u0165 a efektivn\u00ed vyu\u017eit\u00ed baterie.<\/p>\n<\/li>\n<li data-start=\"1707\" data-end=\"1879\">\n<p data-start=\"1709\" data-end=\"1879\"><strong data-start=\"1709\" data-end=\"1738\">Kompaktn\u00ed, ergonomick\u00fd design<\/strong><br data-start=\"1738\" data-end=\"1741\" \/>Navzdory velk\u00e9mu objemu kapaliny je Space Rocket elegantn\u00ed a snadno se p\u0159en\u00e1\u0161\u00ed - sta\u010d\u00ed jen <strong data-start=\"1829\" data-end=\"1854\">24,3 x 102,4 x 50,4 mm<\/strong>, v\u00e1\u017e\u00edc\u00ed pouze <strong data-start=\"1870\" data-end=\"1878\">105g<\/strong>.<\/p>\n<\/li>\n<li data-start=\"1881\" data-end=\"2038\">\n<p data-start=\"1883\" data-end=\"2038\"><strong data-start=\"1883\" data-end=\"1916\">Dob\u00edjec\u00ed s portem Type-C<\/strong><br data-start=\"1916\" data-end=\"1919\" \/>Nap\u00e1jen\u00ed pomoc\u00ed <strong data-start=\"1934\" data-end=\"1944\">650 mAh<\/strong> baterie a <strong data-start=\"1957\" data-end=\"1982\">Rychl\u00e9 nab\u00edjen\u00ed typu C<\/strong>, co\u017e v\u00e1m zajist\u00ed spolehliv\u00fd v\u00fdkon bez dlouh\u00fdch odst\u00e1vek.<\/p>\n<\/li>\n<\/ul>\n<hr data-start=\"2040\" data-end=\"2043\" \/>\n<h2 data-start=\"2045\" data-end=\"2060\"><strong data-start=\"2049\" data-end=\"2060\">CRYSTAL MARY Space Rocket 20000 kuli\u010dek P\u0159\u00edchut\u011b<\/strong><\/h2>\n<p data-start=\"2062\" data-end=\"2207\">Vyberte si z 10 odv\u00e1\u017en\u00fdch, \u0161\u0165avnat\u00fdch p\u0159\u00edchut\u00ed, kter\u00e9 kombinuj\u00ed sm\u011bsi inspirovan\u00e9 ovocem, ledem a cukrovinkami - jsou vytvo\u0159eny pro prvot\u0159\u00eddn\u00ed jednor\u00e1zov\u00fd vape z\u00e1\u017eitek:<\/p>\n<ol data-start=\"2209\" data-end=\"2822\">\n<li data-start=\"2209\" data-end=\"2270\">\n<p data-start=\"2212\" data-end=\"2270\"><strong data-start=\"2212\" data-end=\"2240\">Bor\u016fvkov\u00e1 kysel\u00e1 malina<\/strong> - Sladkokysel\u00e1 sm\u011bs bobul\u00ed.<\/p>\n<\/li>\n<li data-start=\"2271\" data-end=\"2334\">\n<p data-start=\"2274\" data-end=\"2334\"><strong data-start=\"2274\" data-end=\"2293\">Jahodov\u00e9 kiwi<\/strong> - Obl\u00edben\u00e1 ovocn\u00e1, jemn\u00e1 a sv\u011b\u017e\u00ed.<\/p>\n<\/li>\n<li data-start=\"2335\" data-end=\"2398\">\n<p data-start=\"2338\" data-end=\"2398\"><strong data-start=\"2338\" data-end=\"2355\">Ananasov\u00fd led<\/strong> - Tropick\u00e1 sladkost s chladn\u00fdm z\u00e1v\u011brem.<\/p>\n<\/li>\n<li data-start=\"2399\" data-end=\"2466\">\n<p data-start=\"2402\" data-end=\"2466\"><strong data-start=\"2402\" data-end=\"2431\">Bor\u016fvka malina citron<\/strong> - T\u0159\u00edvrstv\u00fd ovocn\u00fd v\u00fdbuch.<\/p>\n<\/li>\n<li data-start=\"2467\" data-end=\"2522\">\n<p data-start=\"2470\" data-end=\"2522\"><strong data-start=\"2470\" data-end=\"2488\">Melounov\u00fd led<\/strong> - Osv\u011b\u017euj\u00edc\u00ed a \u0161\u0165avnat\u00e9.<\/p>\n<\/li>\n<li data-start=\"2523\" data-end=\"2583\">\n<p data-start=\"2526\" data-end=\"2583\"><strong data-start=\"2526\" data-end=\"2548\">Kiwi Passion Guava<\/strong> - Exotick\u00e9 a dokonale vyv\u00e1\u017een\u00e9.<\/p>\n<\/li>\n<li data-start=\"2584\" data-end=\"2636\">\n<p data-start=\"2587\" data-end=\"2636\"><strong data-start=\"2587\" data-end=\"2600\">Broskvov\u00fd led<\/strong> - Hladk\u00e1 broskvov\u00e1 s m\u00e1tov\u00fdm n\u00e1dechem.<\/p>\n<\/li>\n<li data-start=\"2637\" data-end=\"2697\">\n<p data-start=\"2640\" data-end=\"2697\"><strong data-start=\"2640\" data-end=\"2657\">Blue Razz Ice<\/strong> - V\u00fdrazn\u00e1 modr\u00e1 malina s ledov\u00fdmi t\u00f3ny.<\/p>\n<\/li>\n<li data-start=\"2698\" data-end=\"2757\">\n<p data-start=\"2701\" data-end=\"2757\"><strong data-start=\"2701\" data-end=\"2713\">Ku\u017eelky<\/strong> - Hrav\u00e1 ovocn\u00e1 sm\u011bs inspirovan\u00e1 cukrovinkami.<\/p>\n<\/li>\n<li data-start=\"2758\" data-end=\"2822\">\n<p data-start=\"2762\" data-end=\"2822\"><strong data-start=\"2762\" data-end=\"2776\">Ban\u00e1nov\u00fd led<\/strong> - Kr\u00e9mov\u00fd ban\u00e1n v kombinaci s chladiv\u00fdm v\u00e1nkem.<\/p>\n<\/li>\n<\/ol>\n<hr data-start=\"2824\" data-end=\"2827\" \/>\n<h2 data-start=\"2829\" data-end=\"2855\"><strong data-start=\"2833\" data-end=\"2855\">P\u0159eprava a vr\u00e1cen\u00ed zbo\u017e\u00ed<\/strong><\/h2>\n<h4 data-start=\"2857\" data-end=\"2886\"><strong data-start=\"2862\" data-end=\"2886\">Informace o p\u0159eprav\u011b<\/strong><\/h4>\n<ul data-start=\"2888\" data-end=\"3189\">\n<li data-start=\"2888\" data-end=\"2977\">\n<p data-start=\"2890\" data-end=\"2977\"><strong data-start=\"2890\" data-end=\"2910\">Doba zpracov\u00e1n\u00ed:<\/strong> Objedn\u00e1vky jsou zpracov\u00e1v\u00e1ny v r\u00e1mci <strong data-start=\"2939\" data-end=\"2960\">1-2 pracovn\u00ed dny<\/strong> po zaplacen\u00ed.<\/p>\n<\/li>\n<li data-start=\"2978\" data-end=\"3084\">\n<p data-start=\"2980\" data-end=\"3084\"><strong data-start=\"2980\" data-end=\"2998\">Doba p\u0159epravy:<\/strong> Standardn\u00ed doru\u010den\u00ed obvykle trv\u00e1 <strong data-start=\"3033\" data-end=\"3055\">5-10 pracovn\u00edch dn\u016f<\/strong>, v z\u00e1vislosti na regionu.<\/p>\n<\/li>\n<li data-start=\"3085\" data-end=\"3189\">\n<p data-start=\"3087\" data-end=\"3189\"><strong data-start=\"3087\" data-end=\"3100\">Sledov\u00e1n\u00ed:<\/strong> Jakmile bude va\u0161e objedn\u00e1vka odesl\u00e1na, obdr\u017e\u00edte e-mailem sledovac\u00ed \u010d\u00edslo, kter\u00e9 v\u00e1s bude informovat v re\u00e1ln\u00e9m \u010dase.<\/p>\n<\/li>\n<\/ul>\n<h4 data-start=\"3191\" data-end=\"3219\"><strong data-start=\"3196\" data-end=\"3219\">Vr\u00e1cen\u00ed a v\u00fdm\u011bna zbo\u017e\u00ed<\/strong><\/h4>\n<p data-start=\"3221\" data-end=\"3360\">Chceme, aby si ka\u017ed\u00fd z\u00e1kazn\u00edk zamiloval sv\u016fj <strong data-start=\"3258\" data-end=\"3314\">CRYSTAL MARY Space Rocket 20000 puff\u016f Jednor\u00e1zov\u00e9 vape<\/strong>. Pokud nejste spokojeni, jsme zde, abychom v\u00e1m pomohli.<\/p>\n<ul data-start=\"3362\" data-end=\"3929\">\n<li data-start=\"3362\" data-end=\"3464\">\n<p data-start=\"3364\" data-end=\"3464\"><strong data-start=\"3364\" data-end=\"3382\">Pravidla pro vr\u00e1cen\u00ed zbo\u017e\u00ed:<\/strong> O vr\u00e1cen\u00ed nebo v\u00fdm\u011bnu m\u016f\u017eete po\u017e\u00e1dat v r\u00e1mci <strong data-start=\"3427\" data-end=\"3437\">7 dn\u00ed<\/strong> po obdr\u017een\u00ed objedn\u00e1vky.<\/p>\n<\/li>\n<li data-start=\"3465\" data-end=\"3559\">\n<p data-start=\"3467\" data-end=\"3559\"><strong data-start=\"3467\" data-end=\"3483\">Zp\u016fsobilost:<\/strong> V\u00fdrobky mus\u00ed b\u00fdt <strong data-start=\"3501\" data-end=\"3513\">neotev\u0159en\u00e9<\/strong>, <strong data-start=\"3515\" data-end=\"3525\">nepou\u017e\u00edvan\u00e9<\/strong>a v <strong data-start=\"3534\" data-end=\"3556\">origin\u00e1ln\u00ed balen\u00ed<\/strong>.<\/p>\n<\/li>\n<li data-start=\"3560\" data-end=\"3661\">\n<p data-start=\"3562\" data-end=\"3661\"><strong data-start=\"3562\" data-end=\"3587\">Nevratn\u00e9 polo\u017eky:<\/strong> Pou\u017eit\u00e9 nebo otev\u0159en\u00e9 zbo\u017e\u00ed nelze z hygienick\u00fdch a bezpe\u010dnostn\u00edch d\u016fvod\u016f vr\u00e1tit.<\/p>\n<\/li>\n<li data-start=\"3662\" data-end=\"3802\">\n<p data-start=\"3664\" data-end=\"3802\"><strong data-start=\"3664\" data-end=\"3682\">Jak se vr\u00e1tit:<\/strong> Kontaktujte n\u00e1\u0161 t\u00fdm podpory a uve\u010fte \u010d\u00edslo objedn\u00e1vky a podrobnosti o probl\u00e9mu. Pom\u016f\u017eeme v\u00e1m s vy\u0159\u00edzen\u00edm vr\u00e1cen\u00ed nebo v\u00fdm\u011bny.<\/p>\n<\/li>\n<li data-start=\"3803\" data-end=\"3929\">\n<p data-start=\"3805\" data-end=\"3929\"><strong data-start=\"3805\" data-end=\"3817\">N\u00e1hrady:<\/strong> Schv\u00e1len\u00e9 n\u00e1hrady budou zpracov\u00e1ny do <strong data-start=\"3860\" data-end=\"3881\">5-7 pracovn\u00edch dn\u016f<\/strong> po obdr\u017een\u00ed a kontrole vr\u00e1cen\u00e9ho zbo\u017e\u00ed.<\/p>\n<\/li>\n<\/ul>","protected":false},"excerpt":{"rendered":"<p><strong>CRYSTAL MARY Space Rocket 20000 puff\u016f Jednor\u00e1zov\u00e9 vape<\/strong> nab\u00edz\u00ed dva re\u017eimy vapov\u00e1n\u00ed, <strong>125 ml<\/strong> e-liquid a spir\u00e1lky s dvojitou s\u00ed\u0165kou pro bohatou a dlouhotrvaj\u00edc\u00ed chu\u0165.<\/p>","protected":false},"featured_media":36271,"comment_status":"open","ping_status":"closed","template":"","meta":[],"product_brand":[],"product_cat":[207],"product_tag":[],"class_list":{"0":"post-36202","1":"product","2":"type-product","3":"status-publish","4":"has-post-thumbnail","6":"product_cat-crystal-disposable-vape","8":"first","9":"instock","10":"shipping-taxable","11":"purchasable","12":"product-type-variable"},"_links":{"self":[{"href":"https:\/\/euvapz.com\/cs\/wp-json\/wp\/v2\/product\/36202","targetHints":{"allow":["GET"]}}],"collection":[{"href":"https:\/\/euvapz.com\/cs\/wp-json\/wp\/v2\/product"}],"about":[{"href":"https:\/\/euvapz.com\/cs\/wp-json\/wp\/v2\/types\/product"}],"replies":[{"embeddable":true,"href":"https:\/\/euvapz.com\/cs\/wp-json\/wp\/v2\/comments?post=36202"}],"version-history":[{"count":3,"href":"https:\/\/euvapz.com\/cs\/wp-json\/wp\/v2\/product\/36202\/revisions"}],"predecessor-version":[{"id":36281,"href":"https:\/\/euvapz.com\/cs\/wp-json\/wp\/v2\/product\/36202\/revisions\/36281"}],"wp:featuredmedia":[{"embeddable":true,"href":"https:\/\/euvapz.com\/cs\/wp-json\/wp\/v2\/media\/36271"}],"wp:attachment":[{"href":"https:\/\/euvapz.com\/cs\/wp-json\/wp\/v2\/media?parent=36202"}],"wp:term":[{"taxonomy":"product_brand","embeddable":true,"href":"https:\/\/euvapz.com\/cs\/wp-json\/wp\/v2\/product_brand?post=36202"},{"taxonomy":"product_cat","embeddable":true,"href":"https:\/\/euvapz.com\/cs\/wp-json\/wp\/v2\/product_cat?post=36202"},{"taxonomy":"product_tag","embeddable":true,"href":"https:\/\/euvapz.com\/cs\/wp-json\/wp\/v2\/product_tag?post=36202"}],"curies":[{"name":"wp","href":"https:\/\/api.w.org\/{rel}","templated":true}]}}