{"id":18327,"date":"2025-02-15T15:05:47","date_gmt":"2025-02-15T15:05:47","guid":{"rendered":"https:\/\/euvapz.com\/?post_type=product&#038;p=18327"},"modified":"2025-02-24T12:05:21","modified_gmt":"2025-02-24T12:05:21","slug":"bang-tn-12000-puffs-disposable-vape-for-the-vaper-who-demands-quality-and-taste","status":"publish","type":"product","link":"https:\/\/euvapz.com\/da\/vare\/bang-tn-12000-puffs-disposable-vape-for-the-vaper-who-demands-quality-and-taste\/","title":{"rendered":"BANG TN 12000 Puffs Engangsdamper til damperen, der kr\u00e6ver kvalitet og smag"},"content":{"rendered":"<h1><strong><img fetchpriority=\"high\" decoding=\"async\" class=\"alignnone size-full wp-image-18330\" src=\"https:\/\/euvapz.com\/wp-content\/uploads\/2025\/02\/BANG-TN-12000-Puffs-Disposable-Vape-For-the-Vaper-Who-Demands-Quality-and-Taste-2.webp\" alt=\"BANG TN 12000 Puffs Engangsdamper til damperen, der kr\u00e6ver kvalitet og smag\" width=\"1000\" height=\"741\" srcset=\"https:\/\/euvapz.com\/wp-content\/uploads\/2025\/02\/BANG-TN-12000-Puffs-Disposable-Vape-For-the-Vaper-Who-Demands-Quality-and-Taste-2.webp 1000w, https:\/\/euvapz.com\/wp-content\/uploads\/2025\/02\/BANG-TN-12000-Puffs-Disposable-Vape-For-the-Vaper-Who-Demands-Quality-and-Taste-2-430x319.webp 430w, https:\/\/euvapz.com\/wp-content\/uploads\/2025\/02\/BANG-TN-12000-Puffs-Disposable-Vape-For-the-Vaper-Who-Demands-Quality-and-Taste-2-150x111.webp 150w, https:\/\/euvapz.com\/wp-content\/uploads\/2025\/02\/BANG-TN-12000-Puffs-Disposable-Vape-For-the-Vaper-Who-Demands-Quality-and-Taste-2-700x519.webp 700w, https:\/\/euvapz.com\/wp-content\/uploads\/2025\/02\/BANG-TN-12000-Puffs-Disposable-Vape-For-the-Vaper-Who-Demands-Quality-and-Taste-2-400x296.webp 400w, https:\/\/euvapz.com\/wp-content\/uploads\/2025\/02\/BANG-TN-12000-Puffs-Disposable-Vape-For-the-Vaper-Who-Demands-Quality-and-Taste-2-768x569.webp 768w, https:\/\/euvapz.com\/wp-content\/uploads\/2025\/02\/BANG-TN-12000-Puffs-Disposable-Vape-For-the-Vaper-Who-Demands-Quality-and-Taste-2-16x12.webp 16w\" sizes=\"(max-width: 1000px) 100vw, 1000px\" \/><\/strong><\/h1>\n<h2><strong>BANG TN 12000 Puffs <a href=\"https:\/\/euvapz.com\/da\">Engros engangs-vape<\/a>: Den ultimative vaping-oplevelse<\/strong><\/h2>\n<p>Den <strong>BANG TN 12000 pust til engangsbrug<\/strong> er et revolutionerende produkt, der leverer den perfekte blanding af ydeevne, bekvemmelighed og smag. Denne engangsdamp er designet til dampere, der kr\u00e6ver langvarige oplevelser af h\u00f8j kvalitet, og giver op til <strong>12.000 pust<\/strong>og sikrer langsigtet tilfredshed. Uanset om du er en vaper, der s\u00f8ger personlig nydelse, eller en grossist, der \u00f8nsker at fylde op med premiumprodukter, er <strong>BANG TN 12000 Puffs Engros Engangs Vape<\/strong> er det ideelle valg.<\/p>\n<p>Med en omfattende samling af l\u00e6kre og levende smagsvarianter garanterer denne engangsdamper en uforglemmelig oplevelse med hvert pust. Med et slankt og ergonomisk design er denne engangsdamper perfekt til dem, der foretr\u00e6kker problemfri dampning uden at g\u00e5 p\u00e5 kompromis med kvaliteten.<\/p>\n<p>Lad os dykke ned i produktegenskaberne og udforske de enest\u00e5ende smagsoplevelser, der g\u00f8r <strong>BANG TN 12000 pust til engangsbrug<\/strong> et f\u00f8rstevalg p\u00e5 markedet.<\/p>\n<h2><strong>De vigtigste funktioner i <a href=\"https:\/\/euvapz.com\/da\/vare-kategori\/bang-disposable-vape\/\">BANG TN 12000 Puffs<\/a> Engangs-vape<\/strong><\/h2>\n<h3><strong>Antal pust og kapacitet for e-v\u00e6ske<\/strong><\/h3>\n<p>Den <strong>BANG TN 12000 Puffs<\/strong> Engangsvape giver en imponerende <strong>12.000 pust<\/strong>-et massivt antal pust, der sikrer en langvarig dampoplevelse. Med en <strong>E-v\u00e6ske-kapacitet p\u00e5 18 ml<\/strong>Denne vape giver brugerne mulighed for at nyde uafbrudt dampning i en l\u00e6ngere periode uden behov for genopfyldning. Denne engangsdamper er perfekt til b\u00e5de personlig brug og engrosdistribution og er designet til at tilfredsstille selv de mest dedikerede dampere.<\/p>\n<h3><strong>Genopladeligt batteri til l\u00e6ngere tids brug<\/strong><\/h3>\n<p>Den <strong>BANG TN 12000 Puffs<\/strong> har en <strong>650 mAh genopladeligt batteri<\/strong>Det sikrer, at du f\u00e5r mest muligt ud af hvert eneste pust. Den <strong>Type-C opladningsport<\/strong> giver mulighed for hurtig og effektiv opladning, hvilket g\u00f8r det nemt at fylde batteriet op, n\u00e5r det er n\u00f8dvendigt. Uanset om du bruger den til daglig forn\u00f8jelse eller forbereder dig p\u00e5 at s\u00e6lge den, er <strong>BANG TN 12000 Puffs<\/strong> giver den p\u00e5lidelighed, som engrosk\u00f8bere og individuelle kunder forventer.<\/p>\n<h1><strong><img decoding=\"async\" class=\"alignnone size-full wp-image-18328\" src=\"https:\/\/euvapz.com\/wp-content\/uploads\/2025\/02\/BANG-TN-12000-Puffs-Disposable-Vape-For-the-Vaper-Who-Demands-Quality-and-Taste-10.webp\" alt=\"BANG TN 12000 Puffs Engangsdamper til damperen, der kr\u00e6ver kvalitet og smag\" width=\"1060\" height=\"786\" srcset=\"https:\/\/euvapz.com\/wp-content\/uploads\/2025\/02\/BANG-TN-12000-Puffs-Disposable-Vape-For-the-Vaper-Who-Demands-Quality-and-Taste-10.webp 1060w, https:\/\/euvapz.com\/wp-content\/uploads\/2025\/02\/BANG-TN-12000-Puffs-Disposable-Vape-For-the-Vaper-Who-Demands-Quality-and-Taste-10-430x319.webp 430w, https:\/\/euvapz.com\/wp-content\/uploads\/2025\/02\/BANG-TN-12000-Puffs-Disposable-Vape-For-the-Vaper-Who-Demands-Quality-and-Taste-10-150x111.webp 150w, https:\/\/euvapz.com\/wp-content\/uploads\/2025\/02\/BANG-TN-12000-Puffs-Disposable-Vape-For-the-Vaper-Who-Demands-Quality-and-Taste-10-700x519.webp 700w, https:\/\/euvapz.com\/wp-content\/uploads\/2025\/02\/BANG-TN-12000-Puffs-Disposable-Vape-For-the-Vaper-Who-Demands-Quality-and-Taste-10-400x297.webp 400w, https:\/\/euvapz.com\/wp-content\/uploads\/2025\/02\/BANG-TN-12000-Puffs-Disposable-Vape-For-the-Vaper-Who-Demands-Quality-and-Taste-10-768x569.webp 768w, https:\/\/euvapz.com\/wp-content\/uploads\/2025\/02\/BANG-TN-12000-Puffs-Disposable-Vape-For-the-Vaper-Who-Demands-Quality-and-Taste-10-16x12.webp 16w\" sizes=\"(max-width: 1060px) 100vw, 1060px\" \/><\/strong><\/h1>\n<h3><strong>Mesh Coil-varmeelement til j\u00e6vn smag<\/strong><\/h3>\n<p>Den <strong>BANG TN 12000 Puffs<\/strong> er udstyret med en <strong>varmeelement med netspole<\/strong>, som sikrer en j\u00e6vn opvarmningsproces for en j\u00e6vn og ensartet smag. Denne avancerede opvarmningsteknologi leverer fyldig, tilfredsstillende damp med hvert pust, hvilket forbedrer den samlede dampoplevelse.<\/p>\n<h2><strong>En bred vifte af l\u00e6kre smage<\/strong><\/h2>\n<h3><strong>Smag 1: Bl\u00e5b\u00e6r-hindb\u00e6r-is<\/strong><\/h3>\n<p>Denne k\u00f8lige og frugtagtige blanding af <strong>bl\u00e5b\u00e6r<\/strong> og <strong>Hindb\u00e6r<\/strong> tilbyder en dejlig kombination af s\u00f8de og syrlige noter med en forfriskende <strong>is<\/strong> f\u00e6rdig. Den <strong>Bl\u00e5b\u00e6r-hindb\u00e6r-is<\/strong> smagen er perfekt til dem, der \u00f8nsker en balance mellem frugtagtige smage med et k\u00f8ligt twist.<\/p>\n<h3><strong>Smag 2: Jordb\u00e6r og mango<\/strong><\/h3>\n<p>A <strong>tropisk fusion<\/strong> af s\u00f8de <strong>Jordb\u00e6r<\/strong> og saftig <strong>Mangoer<\/strong>Denne smagsprofil giver en tropisk flugt i hvert eneste pust. Den <strong>Jordb\u00e6r og mango<\/strong> smagen er en publikumsfavorit, der leverer den perfekte balance mellem frugtighed og bl\u00f8dhed.<\/p>\n<h3><strong>Smag 3: Jordb\u00e6r-banan<\/strong><\/h3>\n<p>Den klassiske kombination af <strong>jordb\u00e6r<\/strong> og <strong>banan<\/strong> kommer sammen i denne rige, cremede smag. Det er den perfekte blanding af s\u00f8dme og bl\u00f8dhed, ideel til dem, der foretr\u00e6kker dessertlignende, frugtagtige dampe.<\/p>\n<h3><strong>Smag 4: Vandmelon-is<\/strong><\/h3>\n<p><strong>Vandmelon<\/strong> vil elske denne forfriskende, saftige smag. Tilf\u00f8jelsen af en k\u00f8lig <strong>is<\/strong> finish tilf\u00f8jer et ekstra lag af friskhed, hvilket g\u00f8r <strong>Vandmelon-is<\/strong> det ideelle valg til en varm sommerdag.<\/p>\n<h3><strong>Smag 5: Mr Blue<\/strong><\/h3>\n<p>Denne unikke blanding indeholder en forfriskende blanding af <strong>bl\u00e5b\u00e6r<\/strong>, <strong>druer<\/strong>og en subtil antydning af <strong>M\u00f8nt<\/strong>og giver en afbalanceret og forfriskende smag ved hvert tr\u00e6k. <strong>Hr. Bl\u00e5<\/strong> er et must for dem, der \u00f8nsker noget lidt anderledes, men lige s\u00e5 l\u00e6kkert.<\/p>\n<h3><strong>Smag 6: Drue-is<\/strong><\/h3>\n<p><strong>Drue-is<\/strong> leverer den perfekte balance mellem s\u00f8de, modne <strong>druer<\/strong> og en k\u00f8lig <strong>is<\/strong> finish. Det er den perfekte l\u00f8sning for fans af frugtagtige dampe med et iskoldt kick.<\/p>\n<h3><strong>Smag 7: K\u00f8lig mynte<\/strong><\/h3>\n<p>For elskere af spr\u00f8de, forfriskende smage, <strong>Cool Mint<\/strong> er et fantastisk valg. K\u00f8ligheden i <strong>M\u00f8nt<\/strong> kombineret med en let s\u00f8dme g\u00f8r den til den ideelle smag for en ren, forfriskende vape.<\/p>\n<h3><strong>Smag 8: Blandet frugt<\/strong><\/h3>\n<p>En blanding af forskellige <strong>frugter<\/strong>, den <strong>Blandet frugt<\/strong> Smagen giver en kompleks og tilfredsstillende oplevelse. Fra saftige b\u00e6r til tropiske frugter giver denne vape et dejligt udbrud af smag med hvert pust.<\/p>\n<h3><strong>Smag 9: Jordb\u00e6r Lychee<\/strong><\/h3>\n<p>En unik og eksotisk kombination af s\u00f8de <strong>Jordb\u00e6r<\/strong> og velduftende <strong>Litchi<\/strong>Denne smag giver en helt unik dampoplevelse, der vil give dig lyst til mere.<\/p>\n<h3><strong>Smag 10: Jordb\u00e6r-is<\/strong><\/h3>\n<p>Til dem, der elsker frugtagtig smag med en iskold finish, <strong>Jordb\u00e6r-is<\/strong> tilbyder den perfekte balance mellem moden <strong>Jordb\u00e6r<\/strong> og et k\u00f8ligt, forfriskende mentolkick.<\/p>\n<h3><strong>Smag 11: Fersken-is<\/strong><\/h3>\n<p><strong>Fersken-is<\/strong> kombinerer den s\u00f8de, saftige smag af <strong>fersken<\/strong> med en k\u00f8lig, mynteagtig finish. Denne smag er et fantastisk valg for alle, der \u00f8nsker en glat og forfriskende dampoplevelse.<\/p>\n<h3><strong>Smag 12: Vandmelon Jordb\u00e6r<\/strong><\/h3>\n<p>En perfekt sammensmeltning af <strong>S\u00f8d vandmelon<\/strong> og <strong>syrlige jordb\u00e6r<\/strong>Denne smag skaber en afbalanceret, forfriskende oplevelse, der helt sikkert vil tilfredsstille din trang til frugt.<\/p>\n<h3><strong>Smag 13: Mango Fersken Vandmelon<\/strong><\/h3>\n<p>En tropisk trio af <strong>Mango<\/strong>, <strong>fersken<\/strong>og <strong>vandmelon<\/strong>Denne smag tilbyder en eksotisk og saftig blanding, der vil transportere dig til paradis med hvert sug.<\/p>\n<hr \/>\n<h1><strong><img decoding=\"async\" class=\"alignnone size-full wp-image-18329\" src=\"https:\/\/euvapz.com\/wp-content\/uploads\/2025\/02\/BANG-TN-12000-Puffs-Disposable-Vape-For-the-Vaper-Who-Demands-Quality-and-Taste-1.webp\" alt=\"BANG TN 12000 Puffs Engangsdamper til damperen, der kr\u00e6ver kvalitet og smag\" width=\"800\" height=\"800\" srcset=\"https:\/\/euvapz.com\/wp-content\/uploads\/2025\/02\/BANG-TN-12000-Puffs-Disposable-Vape-For-the-Vaper-Who-Demands-Quality-and-Taste-1.webp 800w, https:\/\/euvapz.com\/wp-content\/uploads\/2025\/02\/BANG-TN-12000-Puffs-Disposable-Vape-For-the-Vaper-Who-Demands-Quality-and-Taste-1-430x430.webp 430w, https:\/\/euvapz.com\/wp-content\/uploads\/2025\/02\/BANG-TN-12000-Puffs-Disposable-Vape-For-the-Vaper-Who-Demands-Quality-and-Taste-1-150x150.webp 150w, https:\/\/euvapz.com\/wp-content\/uploads\/2025\/02\/BANG-TN-12000-Puffs-Disposable-Vape-For-the-Vaper-Who-Demands-Quality-and-Taste-1-700x700.webp 700w, https:\/\/euvapz.com\/wp-content\/uploads\/2025\/02\/BANG-TN-12000-Puffs-Disposable-Vape-For-the-Vaper-Who-Demands-Quality-and-Taste-1-300x300.webp 300w, https:\/\/euvapz.com\/wp-content\/uploads\/2025\/02\/BANG-TN-12000-Puffs-Disposable-Vape-For-the-Vaper-Who-Demands-Quality-and-Taste-1-768x768.webp 768w, https:\/\/euvapz.com\/wp-content\/uploads\/2025\/02\/BANG-TN-12000-Puffs-Disposable-Vape-For-the-Vaper-Who-Demands-Quality-and-Taste-1-12x12.webp 12w\" sizes=\"(max-width: 800px) 100vw, 800px\" \/><\/strong><\/h1>\n<h2><strong>Hvorfor v\u00e6lge <a href=\"https:\/\/euvapz.com\/da\/vare-kategori\/bang-disposable-vape\/\">BANG TN 12000 Puffs<\/a> Engros engangs-vape?<\/strong><\/h2>\n<h3><strong>Langvarig og praktisk<\/strong><\/h3>\n<p>Den <strong>BANG TN 12000 pust til engangsbrug<\/strong> giver exceptionel lang levetid med <strong>12.000 pust<\/strong> og en gener\u00f8s <strong>18 ml e-v\u00e6ske-kapacitet<\/strong>Det giver dampere en udvidet og praktisk oplevelse. Dette er ideelt til b\u00e5de personlig nydelse og engrosdistribut\u00f8rer, der er p\u00e5 udkig efter et langtidsholdbart produkt af h\u00f8j kvalitet.<\/p>\n<h3><strong>F\u00f8rsteklasses kvalitet til engrosk\u00f8bere<\/strong><\/h3>\n<p>Som grossist vil du have produkter, som dine kunder vil elske. De <strong>BANG TN 12000 pust til engangsbrug<\/strong> er en perfekt tilf\u00f8jelse til dit lager. Med de mange smagsvarianter, den lange batterilevetid og den p\u00e5lidelige ydeevne er det et produkt, dine kunder vil vende tilbage til gang p\u00e5 gang.<\/p>\n<h3><strong>Glat og konsistent smag<\/strong><\/h3>\n<p>Den <strong>varmeelement med netspole<\/strong> sikrer, at hvert pust giver en bl\u00f8d, fyldig og ensartet smag, der giver dampere den tilfredshed, de forventer af et produkt af h\u00f8j kvalitet.<\/p>\n<hr \/>\n<h2><strong>Order the <a href=\"https:\/\/euvapz.com\/da\/vare-kategori\/bang-disposable-vape\/\">BANG TN 12000 Puffs<\/a> Wholesale Disposable Vape Today<\/strong><\/h2>\n<p>Ready to experience the ultimate vaping experience or stock up for your wholesale business?euvapz.com\u00a0offers the <strong>BANG TN 12000 Puffs Engros Engangs Vape<\/strong> til konkurrencedygtige priser og med hurtig levering i hele Europa. Uanset om du k\u00f8ber til personlig brug eller \u00f8nsker at fylde op til detailhandlen, garanterer vi, at du vil elske ydeevnen og smagen af denne f\u00f8rsteklasses engangs vape.<\/p>\n<h3><strong>S\u00e5dan bestiller du<\/strong><\/h3>\n<p>Ordering is easy! Simply visit our website at euvapz.com, add the <strong>BANG TN 12000 Puffs Engros Engangs Vape<\/strong> til din indk\u00f8bskurv, og forts\u00e6t til kassen. Vi tilbyder flere sikre betalingsmuligheder, herunder <strong>PayPal<\/strong>, <strong>Kreditkort<\/strong>, <strong>iDEAL<\/strong>, <strong>Bancontact<\/strong>og <strong>SEPA-bankoverf\u00f8rsler<\/strong>.<\/p>\n<hr \/>\n<h2><strong>The Best <a href=\"https:\/\/euvapz.com\/da\">Disposable Vape for Wholesale<\/a> and Personal Use<\/strong><\/h2>\n<p>Den <strong>BANG TN 12000 pust til engangsbrug<\/strong> er et fremragende valg for dampere, der s\u00e6tter pris p\u00e5 h\u00f8j kvalitet og l\u00e6kker smag. Med sit imponerende antal pust, langtidsholdbare batteri og omfattende udvalg af livlige smage er denne engangsdamper perfekt til b\u00e5de personlig brug og engrosdistribution.<\/p>\n<p>Bestil i dag p\u00e5 euvapz.com for at f\u00e5 de bedste priser og hurtig levering i hele Europa. Forbedr din vaping-oplevelse med <strong>BANG TN 12000 Puffs Engros Engangs Vape<\/strong>!<\/p>","protected":false},"excerpt":{"rendered":"<p>Den <strong data-start=\"4\" data-end=\"43\">BANG TN 12000 pust til engangsbrug<\/strong> provides 12,000 puffs of smooth, flavorful vaping with a rechargeable 650mAh battery and 18ml e-liquid. Perfect for personal or wholesale use.<\/p>","protected":false},"featured_media":18329,"comment_status":"open","ping_status":"closed","template":"","meta":[],"product_brand":[78],"product_cat":[77],"product_tag":[],"class_list":{"0":"post-18327","1":"product","2":"type-product","3":"status-publish","4":"has-post-thumbnail","6":"product_brand-bang-disposable-vape","7":"product_cat-bang-disposable-vape","9":"first","10":"instock","11":"shipping-taxable","12":"purchasable","13":"product-type-variable"},"_links":{"self":[{"href":"https:\/\/euvapz.com\/da\/wp-json\/wp\/v2\/product\/18327","targetHints":{"allow":["GET"]}}],"collection":[{"href":"https:\/\/euvapz.com\/da\/wp-json\/wp\/v2\/product"}],"about":[{"href":"https:\/\/euvapz.com\/da\/wp-json\/wp\/v2\/types\/product"}],"replies":[{"embeddable":true,"href":"https:\/\/euvapz.com\/da\/wp-json\/wp\/v2\/comments?post=18327"}],"version-history":[{"count":5,"href":"https:\/\/euvapz.com\/da\/wp-json\/wp\/v2\/product\/18327\/revisions"}],"predecessor-version":[{"id":23539,"href":"https:\/\/euvapz.com\/da\/wp-json\/wp\/v2\/product\/18327\/revisions\/23539"}],"wp:featuredmedia":[{"embeddable":true,"href":"https:\/\/euvapz.com\/da\/wp-json\/wp\/v2\/media\/18329"}],"wp:attachment":[{"href":"https:\/\/euvapz.com\/da\/wp-json\/wp\/v2\/media?parent=18327"}],"wp:term":[{"taxonomy":"product_brand","embeddable":true,"href":"https:\/\/euvapz.com\/da\/wp-json\/wp\/v2\/product_brand?post=18327"},{"taxonomy":"product_cat","embeddable":true,"href":"https:\/\/euvapz.com\/da\/wp-json\/wp\/v2\/product_cat?post=18327"},{"taxonomy":"product_tag","embeddable":true,"href":"https:\/\/euvapz.com\/da\/wp-json\/wp\/v2\/product_tag?post=18327"}],"curies":[{"name":"wp","href":"https:\/\/api.w.org\/{rel}","templated":true}]}}