{"id":29427,"date":"2025-03-21T13:28:23","date_gmt":"2025-03-21T13:28:23","guid":{"rendered":"https:\/\/euvapz.com\/?post_type=product&#038;p=29427"},"modified":"2025-03-24T08:54:52","modified_gmt":"2025-03-24T08:54:52","slug":"bang-40000-puffs-b40s-engangs-vape-hojtydende-vaping-med-mesh-coil","status":"publish","type":"product","link":"https:\/\/euvapz.com\/da\/vare\/bang-40000-puffs-b40s-engangs-vape-hojtydende-vaping-med-mesh-coil\/","title":{"rendered":"BANG 40000 Puffs B40S Engangs-vape H\u00f8jtydende vaping med mesh-spole"},"content":{"rendered":"<p data-start=\"144\" data-end=\"494\"><img fetchpriority=\"high\" decoding=\"async\" class=\"alignnone size-full wp-image-29433\" src=\"https:\/\/euvapz.com\/wp-content\/uploads\/2025\/03\/BANG-40000-Puffs-B40S-Disposable-Vape-High-Performance-Vaping-with-Mesh-Coil-5.webp\" alt=\"BANG 40000 Puffs B40S Engangs-vape H\u00f8jtydende vaping med mesh-spole\" width=\"2275\" height=\"1280\" srcset=\"https:\/\/euvapz.com\/wp-content\/uploads\/2025\/03\/BANG-40000-Puffs-B40S-Disposable-Vape-High-Performance-Vaping-with-Mesh-Coil-5.webp 2275w, https:\/\/euvapz.com\/wp-content\/uploads\/2025\/03\/BANG-40000-Puffs-B40S-Disposable-Vape-High-Performance-Vaping-with-Mesh-Coil-5-400x225.webp 400w, https:\/\/euvapz.com\/wp-content\/uploads\/2025\/03\/BANG-40000-Puffs-B40S-Disposable-Vape-High-Performance-Vaping-with-Mesh-Coil-5-1300x731.webp 1300w, https:\/\/euvapz.com\/wp-content\/uploads\/2025\/03\/BANG-40000-Puffs-B40S-Disposable-Vape-High-Performance-Vaping-with-Mesh-Coil-5-768x432.webp 768w, https:\/\/euvapz.com\/wp-content\/uploads\/2025\/03\/BANG-40000-Puffs-B40S-Disposable-Vape-High-Performance-Vaping-with-Mesh-Coil-5-1536x864.webp 1536w, https:\/\/euvapz.com\/wp-content\/uploads\/2025\/03\/BANG-40000-Puffs-B40S-Disposable-Vape-High-Performance-Vaping-with-Mesh-Coil-5-2048x1152.webp 2048w, https:\/\/euvapz.com\/wp-content\/uploads\/2025\/03\/BANG-40000-Puffs-B40S-Disposable-Vape-High-Performance-Vaping-with-Mesh-Coil-5-18x10.webp 18w, https:\/\/euvapz.com\/wp-content\/uploads\/2025\/03\/BANG-40000-Puffs-B40S-Disposable-Vape-High-Performance-Vaping-with-Mesh-Coil-5-430x242.webp 430w, https:\/\/euvapz.com\/wp-content\/uploads\/2025\/03\/BANG-40000-Puffs-B40S-Disposable-Vape-High-Performance-Vaping-with-Mesh-Coil-5-700x394.webp 700w, https:\/\/euvapz.com\/wp-content\/uploads\/2025\/03\/BANG-40000-Puffs-B40S-Disposable-Vape-High-Performance-Vaping-with-Mesh-Coil-5-150x84.webp 150w\" sizes=\"(max-width: 2275px) 100vw, 2275px\" \/><\/p>\n<p data-start=\"144\" data-end=\"494\">Den <strong data-start=\"148\" data-end=\"189\">BANG 40000 Puffs B40S Engangs-vape<\/strong> er udviklet til dampere, der leder efter en <strong data-start=\"229\" data-end=\"241\">kraftfuld<\/strong>, <strong data-start=\"243\" data-end=\"259\">langtidsholdbar<\/strong> enhed. Med op til <strong data-start=\"279\" data-end=\"295\">40.000 pust<\/strong>Denne vape giver en udvidet og tilfredsstillende oplevelse uden at g\u00e5 p\u00e5 kompromis med kvalitet eller smag. Uanset om du er en afslappet bruger eller en erfaren vaper, sikrer denne enhed j\u00e6vn, kontinuerlig nydelse.<\/p>\n<p data-start=\"496\" data-end=\"907\">Udstyret med en <strong data-start=\"512\" data-end=\"543\">650 mAh genopladeligt batteri<\/strong>, den <strong data-start=\"549\" data-end=\"562\">BANG B40S<\/strong> leverer effektiv og ensartet str\u00f8m, der sikrer uafbrudt dampning. Den <strong data-start=\"639\" data-end=\"663\">Type-C hurtig opladning<\/strong> giver mulighed for hurtig og bekvem opladning, s\u00e5 du altid er klar til at dampe uden forsinkelse. Enheden drives af en <strong data-start=\"788\" data-end=\"808\">1,0 ohm mesh-spole<\/strong>Det forbedrer dampproduktionen og smagsintensiteten og giver et mere tilfredsstillende hit med hvert sug.<\/p>\n<p data-start=\"909\" data-end=\"1240\">Forudfyldt med <strong data-start=\"925\" data-end=\"953\">10 ml f\u00f8rsteklasses e-v\u00e6ske<\/strong>, den <strong data-start=\"959\" data-end=\"972\">BANG B40S<\/strong> giver en tilfredsstillende nikotinoplevelse med <strong data-start=\"1018\" data-end=\"1049\">0%, 2%, 3% og 5% nikotin<\/strong> muligheder, der im\u00f8dekommer forskellige pr\u00e6ferencer. Det justerbare luftstr\u00f8mssystem og <strong data-start=\"1128\" data-end=\"1147\">B\u00f8rnesikret l\u00e5s<\/strong> giver en sikker og tilpasselig oplevelse, uanset om du foretr\u00e6kker en t\u00e6ttere eller mere \u00e5ben ind\u00e5nding.<\/p>\n<p data-start=\"1242\" data-end=\"1560\">Med 12 sp\u00e6ndende smagsvarianter som <strong data-start=\"1272\" data-end=\"1290\">Vandmelon-is<\/strong>, <strong data-start=\"1292\" data-end=\"1312\">Jordb\u00e6r og mango<\/strong>og <strong data-start=\"1318\" data-end=\"1341\">Bl\u00e5b\u00e6r Hindb\u00e6r<\/strong>, den <strong data-start=\"1347\" data-end=\"1388\">BANG 40000 Puffs B40S Engangs-vape<\/strong> leverer en r\u00e6kke forfriskende og frugtagtige smagsvarianter, der passer til enhver smag. Fra syrlige frugtkombinationer til k\u00f8lige mentolfornemmelser, denne enhed tilbyder noget for enhver smag.<\/p>\n<p data-start=\"1562\" data-end=\"1750\">Oplev den ultimative ydelse og tilfredshed med dampning med <strong data-start=\"1634\" data-end=\"1675\">BANG 40000 Puffs B40S Engangs-vape<\/strong>-en enhed, der er designet til dem, der \u00f8nsker langvarig nydelse i h\u00f8j kvalitet.<\/p>\n<h2 data-start=\"1752\" data-end=\"1795\"><strong data-start=\"1752\" data-end=\"1777\">BANG 40000 Puffs B40S<\/strong><br data-start=\"1777\" data-end=\"1780\" \/><strong data-start=\"1780\" data-end=\"1793\">Funktioner:<\/strong><\/h2>\n<ul data-start=\"1796\" data-end=\"2014\">\n<li data-start=\"1796\" data-end=\"1823\"><strong data-start=\"1798\" data-end=\"1807\">Puffs<\/strong>: Op til 40.000<\/li>\n<li data-start=\"1824\" data-end=\"1846\"><strong data-start=\"1826\" data-end=\"1838\">E-v\u00e6ske<\/strong>: 10mL<\/li>\n<li data-start=\"1847\" data-end=\"1879\"><strong data-start=\"1849\" data-end=\"1861\">Nikotin<\/strong>: 0%, 2%, 3%, 5%<\/li>\n<li data-start=\"1880\" data-end=\"1903\"><strong data-start=\"1882\" data-end=\"1893\">Batteri<\/strong>: 650mAh<\/li>\n<li data-start=\"1904\" data-end=\"1932\"><strong data-start=\"1906\" data-end=\"1922\">Genopladelig<\/strong>: Type-C<\/li>\n<li data-start=\"1933\" data-end=\"1963\"><strong data-start=\"1935\" data-end=\"1943\">Kerne<\/strong>: 1.0ohm Mesh-spole<\/li>\n<li data-start=\"1964\" data-end=\"1990\"><strong data-start=\"1966\" data-end=\"1988\">Justerbar luftstr\u00f8m<\/strong><\/li>\n<li data-start=\"1991\" data-end=\"2014\"><strong data-start=\"1993\" data-end=\"2012\">B\u00f8rnesikret l\u00e5s<\/strong><\/li>\n<\/ul>\n<h2 data-start=\"2016\" data-end=\"2062\"><strong data-start=\"2016\" data-end=\"2041\">BANG 40000 Puffs B40S<\/strong><br data-start=\"2041\" data-end=\"2044\" \/><strong data-start=\"2044\" data-end=\"2060\">Smagsliste:<\/strong><\/h2>\n<ul data-start=\"2063\" data-end=\"2313\">\n<li data-start=\"2063\" data-end=\"2081\">Vandmelon-is<\/li>\n<li data-start=\"2082\" data-end=\"2102\">Jordb\u00e6r og mango<\/li>\n<li data-start=\"2103\" data-end=\"2128\">Jordb\u00e6r og vandmelon<\/li>\n<li data-start=\"2129\" data-end=\"2142\">Drue-is<\/li>\n<li data-start=\"2143\" data-end=\"2169\">Fersken Mango Vandmelon<\/li>\n<li data-start=\"2170\" data-end=\"2193\">Bl\u00e5b\u00e6r Hindb\u00e6r<\/li>\n<li data-start=\"2194\" data-end=\"2211\">Bl\u00e5b\u00e6r-is<\/li>\n<li data-start=\"2212\" data-end=\"2233\">Jordb\u00e6r og banan<\/li>\n<li data-start=\"2234\" data-end=\"2258\">Bl\u00e5b\u00e6r-vandmelon<\/li>\n<li data-start=\"2259\" data-end=\"2271\">Red Bull<\/li>\n<li data-start=\"2272\" data-end=\"2291\">Jordb\u00e6r Kiwi<\/li>\n<li data-start=\"2292\" data-end=\"2313\">Blandet muggen frugt<\/li>\n<\/ul>\n<p data-start=\"2315\" data-end=\"2556\" data-is-last-node=\"\" data-is-only-node=\"\">Den <strong data-start=\"2319\" data-end=\"2344\">BANG 40000 Puffs B40S<\/strong> er det ultimative valg for dampere, der leder efter en <strong data-start=\"2393\" data-end=\"2413\">h\u00f8jtydende<\/strong> og <strong data-start=\"2418\" data-end=\"2434\">langtidsholdbar<\/strong> dampoplevelse, der tilbyder kraftfulde funktioner, rige smagsoplevelser og tilpassede nikotinstyrker, der passer til alle pr\u00e6ferencer.<\/p>\n<h2 data-start=\"2315\" data-end=\"2556\">\t\t\t<link rel=\"stylesheet\" id=\"elementor-post-32801-css\" href=\"https:\/\/euvapz.com\/wp-content\/uploads\/elementor\/css\/post-32801.css?ver=1775418790\" type=\"text\/css\" media=\"all\">\n\t\t\t\t\t<div data-elementor-type=\"wp-post\" data-elementor-id=\"32801\" class=\"elementor elementor-32801\" data-elementor-post-type=\"cms_block\">\n\t\t\t\t<div class=\"wd-negative-gap elementor-element elementor-element-311ef4d e-flex e-con-boxed e-con e-parent\" data-id=\"311ef4d\" data-element_type=\"container\">\n\t\t\t\t\t<div class=\"e-con-inner\">\n\t\t\t\t<div class=\"elementor-element elementor-element-354d55bb color-scheme-inherit text-left elementor-widget elementor-widget-text-editor\" data-id=\"354d55bb\" data-element_type=\"widget\" data-widget_type=\"text-editor.default\">\n\t\t\t\t<div class=\"elementor-widget-container\">\n\t\t\t\t\t\t\t\t\t&nbsp;\n\n<script src=\"chrome-extension:\/\/fpelahbljekknahkcaegamhcndkfpfnc\/iFrame.js\" type=\"text\/javascript\"><\/script>\t\t\t\t\t\t\t\t<\/div>\n\t\t\t\t<\/div>\n\t\t\t\t\t<\/div>\n\t\t\t\t<\/div>\n\t\t<div class=\"wd-negative-gap elementor-element elementor-element-2f4b93b0 e-flex e-con-boxed e-con e-parent\" data-id=\"2f4b93b0\" data-element_type=\"container\">\n\t\t\t\t\t<div class=\"e-con-inner\">\n\t\t\t\t\t<\/div>\n\t\t\t\t<\/div>\n\t\t<div class=\"wd-negative-gap elementor-element elementor-element-200eec29 e-flex e-con-boxed e-con e-parent\" data-id=\"200eec29\" data-element_type=\"container\">\n\t\t\t\t\t<div class=\"e-con-inner\">\n\t\t\t\t<div class=\"elementor-element elementor-element-19faf1ba color-scheme-inherit text-left elementor-widget elementor-widget-text-editor\" data-id=\"19faf1ba\" data-element_type=\"widget\" data-widget_type=\"text-editor.default\">\n\t\t\t\t<div class=\"elementor-widget-container\">\n\t\t\t\t\t\t\t\t\t<h2><em><strong>OFTE STILLEDE SP\u00d8RGSM\u00c5L<\/strong><\/em><\/h2><ul><li><h2><em><strong>Hvilke forsendelsesmetoder bruger du?<\/strong><\/em><\/h2><\/li><li><h2><em><strong><span style=\"color: #333333; font-size: 16px;\">Vi samarbejder med p\u00e5lidelige transport\u00f8rer som UPS, DHL, FedEx og DPD. Afh\u00e6ngigt af destinationslandet v\u00e6lger vi den bedste forsendelsesmetode for at sikre hurtig og sikker levering af dine produkter.<\/span><\/strong><\/em><\/h2><\/li><\/ul><ul><li><h2><em><strong>Hvor lang tid g\u00e5r der, f\u00f8r min ordre kommer frem?<\/strong><\/em><\/h2><\/li><\/ul><p data-start=\"340\" data-end=\"490\"><em><strong>\u00a0 \u00a0 \u00a0 Levering tager typisk mellem 7-15 hverdage. I forbindelse med h\u00f8jtider eller ugunstige vejrforhold kan det dog tage op til 20 hverdage.<\/strong><\/em><\/p><ul><li data-start=\"492\" data-end=\"539\"><h2><em><strong>Vil min ordre blive fortoldet uden problemer?<\/strong><\/em><\/h2><\/li><li data-start=\"492\" data-end=\"539\"><h2><em><strong><span style=\"color: #333333; font-size: 16px;\">Vi h\u00e5ndterer al fortoldning for dig og sikrer en problemfri levering uden ekstra skatter eller gebyrer. Vi garanterer, at 100% af vores forsendelser bliver fortoldet uden problemer.<\/span><\/strong><\/em><\/h2><\/li><\/ul><ul><li data-start=\"718\" data-end=\"747\"><h2><em><strong>Kan jeg stole p\u00e5 jeres service?<\/strong><\/em><\/h2><\/li><li data-start=\"718\" data-end=\"747\"><h2><em><strong><span style=\"color: #333333; font-size: 16px;\">Helt sikkert! Vi accepterer PayPal for sikre betalinger, og dit k\u00f8b er beskyttet af PayPals k\u00f8berbeskyttelse. Du kan ogs\u00e5 tjekke vores TrustPilot-anmeldelser for at se, hvad andre kunder siger om os.<\/span><\/strong><\/em><\/h2><\/li><\/ul>\t\t\t\t\t\t\t\t<\/div>\n\t\t\t\t<\/div>\n\t\t\t\t\t<\/div>\n\t\t\t\t<\/div>\n\t\t<div class=\"wd-negative-gap elementor-element elementor-element-d4517fd e-flex e-con-boxed e-con e-parent\" data-id=\"d4517fd\" data-element_type=\"container\">\n\t\t\t\t\t<div class=\"e-con-inner\">\n\t\t\t\t<div class=\"elementor-element elementor-element-11cb93e5 elementor-widget elementor-widget-wd_button\" data-id=\"11cb93e5\" data-element_type=\"widget\" data-widget_type=\"wd_button.default\">\n\t\t\t\t<div class=\"elementor-widget-container\">\n\t\t\t\t\t\t\t<div class=\"wd-button-wrapper text-left\" >\n\t\t\t<a class=\"btn btn-style-link btn-style- btn-size-extra-large btn-scheme-inherit btn-scheme-hover-custom btn-icon-pos-right\"  href=\"https:\/\/euvapz.com\/da\/faqs\/\">\n\t\t\t\t<span class=\"wd-btn-text\" data-elementor-setting-key=\"text\">\n\t\t\t\t\tKlik her for flere ofte stillede sp\u00f8rgsm\u00e5l.\t\t\t\t<\/span>\n\n\t\t\t\t\t\t\t<\/a>\n\t\t<\/div>\n\t\t\t\t\t\t<\/div>\n\t\t\t\t<\/div>\n\t\t\t\t\t<\/div>\n\t\t\t\t<\/div>\n\t\t\t\t<\/div>\n\t\t<\/h2>","protected":false},"excerpt":{"rendered":"<p>Den <strong data-start=\"7\" data-end=\"48\">BANG 40000 Puffs B40S Engangs-vape<\/strong> Tilbud <strong data-start=\"56\" data-end=\"83\">0%, 2%, 3%, 5% nikotin<\/strong>, <strong data-start=\"85\" data-end=\"103\">650 mAh batteri<\/strong>og <strong data-start=\"109\" data-end=\"129\">1,0 ohm mesh-spole<\/strong>med smagsvarianter som <strong data-start=\"149\" data-end=\"167\">Vandmelon-is<\/strong> og <strong data-start=\"172\" data-end=\"192\">Jordb\u00e6r og mango<\/strong> for en j\u00e6vn, tilfredsstillende damp.<\/p>","protected":false},"featured_media":29438,"comment_status":"open","ping_status":"closed","template":"","meta":[],"product_brand":[78],"product_cat":[77],"product_tag":[],"class_list":{"0":"post-29427","1":"product","2":"type-product","3":"status-publish","4":"has-post-thumbnail","6":"product_brand-bang-disposable-vape","7":"product_cat-bang-disposable-vape","9":"first","10":"instock","11":"shipping-taxable","12":"purchasable","13":"product-type-variable"},"_links":{"self":[{"href":"https:\/\/euvapz.com\/da\/wp-json\/wp\/v2\/product\/29427","targetHints":{"allow":["GET"]}}],"collection":[{"href":"https:\/\/euvapz.com\/da\/wp-json\/wp\/v2\/product"}],"about":[{"href":"https:\/\/euvapz.com\/da\/wp-json\/wp\/v2\/types\/product"}],"replies":[{"embeddable":true,"href":"https:\/\/euvapz.com\/da\/wp-json\/wp\/v2\/comments?post=29427"}],"version-history":[{"count":3,"href":"https:\/\/euvapz.com\/da\/wp-json\/wp\/v2\/product\/29427\/revisions"}],"predecessor-version":[{"id":32868,"href":"https:\/\/euvapz.com\/da\/wp-json\/wp\/v2\/product\/29427\/revisions\/32868"}],"wp:featuredmedia":[{"embeddable":true,"href":"https:\/\/euvapz.com\/da\/wp-json\/wp\/v2\/media\/29438"}],"wp:attachment":[{"href":"https:\/\/euvapz.com\/da\/wp-json\/wp\/v2\/media?parent=29427"}],"wp:term":[{"taxonomy":"product_brand","embeddable":true,"href":"https:\/\/euvapz.com\/da\/wp-json\/wp\/v2\/product_brand?post=29427"},{"taxonomy":"product_cat","embeddable":true,"href":"https:\/\/euvapz.com\/da\/wp-json\/wp\/v2\/product_cat?post=29427"},{"taxonomy":"product_tag","embeddable":true,"href":"https:\/\/euvapz.com\/da\/wp-json\/wp\/v2\/product_tag?post=29427"}],"curies":[{"name":"wp","href":"https:\/\/api.w.org\/{rel}","templated":true}]}}