{"id":31739,"date":"2025-03-22T08:40:00","date_gmt":"2025-03-22T08:40:00","guid":{"rendered":"https:\/\/euvapz.com\/?post_type=product&#038;p=31739"},"modified":"2026-03-16T06:01:11","modified_gmt":"2026-03-16T06:01:11","slug":"zooy-firzen-35000-puffs-disposable-vape-experience-superior-vaping-performance","status":"publish","type":"product","link":"https:\/\/euvapz.com\/da\/vare\/zooy-firzen-35000-puffs-disposable-vape-experience-superior-vaping-performance\/","title":{"rendered":"ZOOY FIRZEN 35000 Puffs Disposable Vape Experience Superior Vaping Performance"},"content":{"rendered":"<p data-start=\"148\" data-end=\"412\"><img fetchpriority=\"high\" decoding=\"async\" class=\"alignnone size-full wp-image-31750\" src=\"https:\/\/euvapz.com\/wp-content\/uploads\/2025\/03\/ZOOY-FIRZEN-35000-Puffs-Disposable-Vape-Experience-Superior-Vaping-Performance-6-scaled.webp\" alt=\"ZOOY FIRZEN 35000 Puffs Disposable Vape Experience Superior Vaping Performance\" width=\"2560\" height=\"2560\" srcset=\"https:\/\/euvapz.com\/wp-content\/uploads\/2025\/03\/ZOOY-FIRZEN-35000-Puffs-Disposable-Vape-Experience-Superior-Vaping-Performance-6-scaled.webp 2560w, https:\/\/euvapz.com\/wp-content\/uploads\/2025\/03\/ZOOY-FIRZEN-35000-Puffs-Disposable-Vape-Experience-Superior-Vaping-Performance-6-300x300.webp 300w, https:\/\/euvapz.com\/wp-content\/uploads\/2025\/03\/ZOOY-FIRZEN-35000-Puffs-Disposable-Vape-Experience-Superior-Vaping-Performance-6-800x800.webp 800w, https:\/\/euvapz.com\/wp-content\/uploads\/2025\/03\/ZOOY-FIRZEN-35000-Puffs-Disposable-Vape-Experience-Superior-Vaping-Performance-6-150x150.webp 150w, https:\/\/euvapz.com\/wp-content\/uploads\/2025\/03\/ZOOY-FIRZEN-35000-Puffs-Disposable-Vape-Experience-Superior-Vaping-Performance-6-768x768.webp 768w, https:\/\/euvapz.com\/wp-content\/uploads\/2025\/03\/ZOOY-FIRZEN-35000-Puffs-Disposable-Vape-Experience-Superior-Vaping-Performance-6-1536x1536.webp 1536w, https:\/\/euvapz.com\/wp-content\/uploads\/2025\/03\/ZOOY-FIRZEN-35000-Puffs-Disposable-Vape-Experience-Superior-Vaping-Performance-6-2048x2048.webp 2048w, https:\/\/euvapz.com\/wp-content\/uploads\/2025\/03\/ZOOY-FIRZEN-35000-Puffs-Disposable-Vape-Experience-Superior-Vaping-Performance-6-12x12.webp 12w, https:\/\/euvapz.com\/wp-content\/uploads\/2025\/03\/ZOOY-FIRZEN-35000-Puffs-Disposable-Vape-Experience-Superior-Vaping-Performance-6-430x430.webp 430w, https:\/\/euvapz.com\/wp-content\/uploads\/2025\/03\/ZOOY-FIRZEN-35000-Puffs-Disposable-Vape-Experience-Superior-Vaping-Performance-6-700x700.webp 700w\" sizes=\"(max-width: 2560px) 100vw, 2560px\" \/><\/p>\n<p class=\"\" data-start=\"148\" data-end=\"412\">Den <strong data-start=\"152\" data-end=\"195\">ZOOY FIRZEN 35000 Puffs Disposable Vape<\/strong> is the ultimate choice for vapers who seek a powerful, long-lasting device with top-tier performance. Offering an impressive <strong data-start=\"321\" data-end=\"336\">35000 pust<\/strong>, this vape ensures extended satisfaction without any compromise in quality.<\/p>\n<p class=\"\" data-start=\"414\" data-end=\"669\">Equipped with a robust <strong data-start=\"437\" data-end=\"468\">650 mAh genopladeligt batteri<\/strong>, the ZOOY FIRZEN provides consistent power for smooth, uninterrupted sessions. With the <strong data-start=\"557\" data-end=\"581\">Type-C hurtig opladning<\/strong> feature, you&#8217;ll enjoy quick and convenient recharges, always keeping you ready to vape.<\/p>\n<p class=\"\" data-start=\"671\" data-end=\"1070\">This device features a <strong data-start=\"694\" data-end=\"726\">1.0\u03a9 + 1.0\u03a9 double mesh coil<\/strong> for enhanced flavor and vapor production. It also offers customizable <strong data-start=\"797\" data-end=\"816\">NIC&amp;ICE control<\/strong> med <strong data-start=\"822\" data-end=\"858\">three levels of ice and nicotine<\/strong>, allowing you to tailor your vaping experience to your preferences. With its <strong data-start=\"936\" data-end=\"949\">LGB light<\/strong> feature in <strong data-start=\"961\" data-end=\"985\">three vibrant colors<\/strong>, the ZOOY FIRZEN combines style and functionality for the perfect vaping experience.<\/p>\n<h2><strong data-start=\"1072\" data-end=\"1085\">ZOOY FIRZEN 35000 Puffs Features:<\/strong><\/h2>\n<ul data-start=\"1086\" data-end=\"1443\">\n<li class=\"\" data-start=\"1086\" data-end=\"1120\">\n<p class=\"\" data-start=\"1088\" data-end=\"1120\"><strong data-start=\"1088\" data-end=\"1098\">Puffs:<\/strong> Op til <strong data-start=\"1105\" data-end=\"1120\">35000 pust<\/strong><\/p>\n<\/li>\n<li class=\"\" data-start=\"1121\" data-end=\"1158\">\n<p class=\"\" data-start=\"1123\" data-end=\"1158\"><strong data-start=\"1123\" data-end=\"1143\">Nikotinniveauer:<\/strong> <strong data-start=\"1144\" data-end=\"1158\">2%, 3%, 5%<\/strong><\/p>\n<\/li>\n<li class=\"\" data-start=\"1159\" data-end=\"1237\">\n<p class=\"\" data-start=\"1161\" data-end=\"1237\"><strong data-start=\"1161\" data-end=\"1199\">Adjustable Nicotine &amp; Ice Control:<\/strong> Three levels of both ice and nicotine<\/p>\n<\/li>\n<li class=\"\" data-start=\"1238\" data-end=\"1301\">\n<p class=\"\" data-start=\"1240\" data-end=\"1301\"><strong data-start=\"1240\" data-end=\"1261\">Battery Capacity:<\/strong> <strong data-start=\"1262\" data-end=\"1272\">650 mAh<\/strong>, rechargeable via <strong data-start=\"1291\" data-end=\"1301\">Type-C<\/strong><\/p>\n<\/li>\n<li class=\"\" data-start=\"1302\" data-end=\"1380\">\n<p class=\"\" data-start=\"1304\" data-end=\"1380\"><strong data-start=\"1304\" data-end=\"1318\">Mesh Coil:<\/strong> <strong data-start=\"1319\" data-end=\"1351\">1.0\u03a9 + 1.0\u03a9 double mesh coil<\/strong> for optimal vapor production<\/p>\n<\/li>\n<li class=\"\" data-start=\"1381\" data-end=\"1443\">\n<p class=\"\" data-start=\"1383\" data-end=\"1443\"><strong data-start=\"1383\" data-end=\"1397\">LGB Light:<\/strong> Three-color LED light feature for added style<\/p>\n<\/li>\n<\/ul>\n<h2 data-start=\"1445\" data-end=\"1461\"><strong data-start=\"1445\" data-end=\"1461\">Smagsliste:<\/strong><\/h2>\n<ul data-start=\"1462\" data-end=\"1661\">\n<li class=\"\" data-start=\"1462\" data-end=\"1478\">\n<p class=\"\" data-start=\"1464\" data-end=\"1478\">Vandmelon-is<\/p>\n<\/li>\n<li class=\"\" data-start=\"1479\" data-end=\"1491\">\n<p class=\"\" data-start=\"1481\" data-end=\"1491\">Aloe drue<\/p>\n<\/li>\n<li class=\"\" data-start=\"1492\" data-end=\"1511\">\n<p class=\"\" data-start=\"1494\" data-end=\"1511\">Jordb\u00e6r og banan<\/p>\n<\/li>\n<li class=\"\" data-start=\"1512\" data-end=\"1539\">\n<p class=\"\" data-start=\"1514\" data-end=\"1539\">Strawberry Raspberry Kiwi<\/p>\n<\/li>\n<li class=\"\" data-start=\"1540\" data-end=\"1570\">\n<p class=\"\" data-start=\"1542\" data-end=\"1570\">Blueberry Raspberry Lemonade<\/p>\n<\/li>\n<li class=\"\" data-start=\"1571\" data-end=\"1590\">\n<p class=\"\" data-start=\"1573\" data-end=\"1590\">Ananas og kokosn\u00f8d<\/p>\n<\/li>\n<li class=\"\" data-start=\"1591\" data-end=\"1600\">\n<p class=\"\" data-start=\"1593\" data-end=\"1600\">Menthol<\/p>\n<\/li>\n<li class=\"\" data-start=\"1601\" data-end=\"1624\">\n<p class=\"\" data-start=\"1603\" data-end=\"1624\">Jordb\u00e6r og vandmelon<\/p>\n<\/li>\n<li class=\"\" data-start=\"1625\" data-end=\"1638\">\n<p class=\"\" data-start=\"1627\" data-end=\"1638\">Blandede b\u00e6r<\/p>\n<\/li>\n<li class=\"\" data-start=\"1639\" data-end=\"1661\">\n<p class=\"\" data-start=\"1641\" data-end=\"1661\">Blackberry Cranberry<\/p>\n<\/li>\n<\/ul>\n<p class=\"\" data-start=\"1663\" data-end=\"1984\">Designed for both style and performance, the <strong data-start=\"1708\" data-end=\"1751\">ZOOY FIRZEN 35000 Puffs Disposable Vape<\/strong> is a must-have for those seeking a customizable, long-lasting, and satisfying vaping experience. Whether you&#8217;re after fruity, refreshing, or icy notes, this device offers a wide range of premium flavors tailored to your preferences.<\/p>\n<h2 data-start=\"1663\" data-end=\"1984\">\t\t\t<link rel=\"stylesheet\" id=\"elementor-post-32801-css\" href=\"https:\/\/euvapz.com\/wp-content\/uploads\/elementor\/css\/post-32801.css?ver=1775243812\" type=\"text\/css\" media=\"all\">\n\t\t\t\t\t<div data-elementor-type=\"wp-post\" data-elementor-id=\"32801\" class=\"elementor elementor-32801\" data-elementor-post-type=\"cms_block\">\n\t\t\t\t<div class=\"wd-negative-gap elementor-element elementor-element-311ef4d e-flex e-con-boxed e-con e-parent\" data-id=\"311ef4d\" data-element_type=\"container\">\n\t\t\t\t\t<div class=\"e-con-inner\">\n\t\t\t\t<div class=\"elementor-element elementor-element-354d55bb color-scheme-inherit text-left elementor-widget elementor-widget-text-editor\" data-id=\"354d55bb\" data-element_type=\"widget\" data-widget_type=\"text-editor.default\">\n\t\t\t\t<div class=\"elementor-widget-container\">\n\t\t\t\t\t\t\t\t\t&nbsp;\n\n<script src=\"chrome-extension:\/\/fpelahbljekknahkcaegamhcndkfpfnc\/iFrame.js\" type=\"text\/javascript\"><\/script>\t\t\t\t\t\t\t\t<\/div>\n\t\t\t\t<\/div>\n\t\t\t\t\t<\/div>\n\t\t\t\t<\/div>\n\t\t<div class=\"wd-negative-gap elementor-element elementor-element-2f4b93b0 e-flex e-con-boxed e-con e-parent\" data-id=\"2f4b93b0\" data-element_type=\"container\">\n\t\t\t\t\t<div class=\"e-con-inner\">\n\t\t\t\t\t<\/div>\n\t\t\t\t<\/div>\n\t\t<div class=\"wd-negative-gap elementor-element elementor-element-200eec29 e-flex e-con-boxed e-con e-parent\" data-id=\"200eec29\" data-element_type=\"container\">\n\t\t\t\t\t<div class=\"e-con-inner\">\n\t\t\t\t<div class=\"elementor-element elementor-element-19faf1ba color-scheme-inherit text-left elementor-widget elementor-widget-text-editor\" data-id=\"19faf1ba\" data-element_type=\"widget\" data-widget_type=\"text-editor.default\">\n\t\t\t\t<div class=\"elementor-widget-container\">\n\t\t\t\t\t\t\t\t\t<h2><em><strong>OFTE STILLEDE SP\u00d8RGSM\u00c5L<\/strong><\/em><\/h2><ul><li><h2><em><strong>Hvilke forsendelsesmetoder bruger du?<\/strong><\/em><\/h2><\/li><li><h2><em><strong><span style=\"color: #333333; font-size: 16px;\">Vi samarbejder med p\u00e5lidelige transport\u00f8rer som UPS, DHL, FedEx og DPD. Afh\u00e6ngigt af destinationslandet v\u00e6lger vi den bedste forsendelsesmetode for at sikre hurtig og sikker levering af dine produkter.<\/span><\/strong><\/em><\/h2><\/li><\/ul><ul><li><h2><em><strong>Hvor lang tid g\u00e5r der, f\u00f8r min ordre kommer frem?<\/strong><\/em><\/h2><\/li><\/ul><p data-start=\"340\" data-end=\"490\"><em><strong>\u00a0 \u00a0 \u00a0 Levering tager typisk mellem 7-15 hverdage. I forbindelse med h\u00f8jtider eller ugunstige vejrforhold kan det dog tage op til 20 hverdage.<\/strong><\/em><\/p><ul><li data-start=\"492\" data-end=\"539\"><h2><em><strong>Vil min ordre blive fortoldet uden problemer?<\/strong><\/em><\/h2><\/li><li data-start=\"492\" data-end=\"539\"><h2><em><strong><span style=\"color: #333333; font-size: 16px;\">Vi h\u00e5ndterer al fortoldning for dig og sikrer en problemfri levering uden ekstra skatter eller gebyrer. Vi garanterer, at 100% af vores forsendelser bliver fortoldet uden problemer.<\/span><\/strong><\/em><\/h2><\/li><\/ul><ul><li data-start=\"718\" data-end=\"747\"><h2><em><strong>Kan jeg stole p\u00e5 jeres service?<\/strong><\/em><\/h2><\/li><li data-start=\"718\" data-end=\"747\"><h2><em><strong><span style=\"color: #333333; font-size: 16px;\">Helt sikkert! Vi accepterer PayPal for sikre betalinger, og dit k\u00f8b er beskyttet af PayPals k\u00f8berbeskyttelse. Du kan ogs\u00e5 tjekke vores TrustPilot-anmeldelser for at se, hvad andre kunder siger om os.<\/span><\/strong><\/em><\/h2><\/li><\/ul>\t\t\t\t\t\t\t\t<\/div>\n\t\t\t\t<\/div>\n\t\t\t\t\t<\/div>\n\t\t\t\t<\/div>\n\t\t<div class=\"wd-negative-gap elementor-element elementor-element-d4517fd e-flex e-con-boxed e-con e-parent\" data-id=\"d4517fd\" data-element_type=\"container\">\n\t\t\t\t\t<div class=\"e-con-inner\">\n\t\t\t\t<div class=\"elementor-element elementor-element-11cb93e5 elementor-widget elementor-widget-wd_button\" data-id=\"11cb93e5\" data-element_type=\"widget\" data-widget_type=\"wd_button.default\">\n\t\t\t\t<div class=\"elementor-widget-container\">\n\t\t\t\t\t\t\t<div class=\"wd-button-wrapper text-left\" >\n\t\t\t<a class=\"btn btn-style-link btn-style- btn-size-extra-large btn-scheme-inherit btn-scheme-hover-custom btn-icon-pos-right\"  href=\"https:\/\/euvapz.com\/da\/faqs\/\">\n\t\t\t\t<span class=\"wd-btn-text\" data-elementor-setting-key=\"text\">\n\t\t\t\t\tKlik her for flere ofte stillede sp\u00f8rgsm\u00e5l.\t\t\t\t<\/span>\n\n\t\t\t\t\t\t\t<\/a>\n\t\t<\/div>\n\t\t\t\t\t\t<\/div>\n\t\t\t\t<\/div>\n\t\t\t\t\t<\/div>\n\t\t\t\t<\/div>\n\t\t\t\t<\/div>\n\t\t<\/h2>\n<p><script src=\"chrome-extension:\/\/fpelahbljekknahkcaegamhcndkfpfnc\/iFrame.js\" type=\"text\/javascript\"><\/script><\/p>","protected":false},"excerpt":{"rendered":"<p>Den <strong data-start=\"646\" data-end=\"689\">ZOOY FIRZEN 35000 Puffs Disposable Vape<\/strong> combines <strong data-start=\"699\" data-end=\"721\">long-lasting puffs<\/strong>, <strong data-start=\"723\" data-end=\"758\">adjustable ice\/nicotine control<\/strong>og en <strong data-start=\"766\" data-end=\"786\">double mesh coil<\/strong> for enhanced flavor. Choose from <strong data-start=\"820\" data-end=\"839\">Jordb\u00e6r Kiwi<\/strong>, <strong data-start=\"841\" data-end=\"873\">Blueberry Raspberry Lemonade<\/strong>, and more, with <strong data-start=\"890\" data-end=\"917\">2%, 3%, and 5% nicotine<\/strong> options.<\/p>","protected":false},"featured_media":33657,"comment_status":"open","ping_status":"closed","template":"","meta":[],"product_brand":[198],"product_cat":[199],"product_tag":[],"class_list":{"0":"post-31739","1":"product","2":"type-product","3":"status-publish","4":"has-post-thumbnail","6":"product_brand-zooy-disposable-vape","7":"product_cat-zooy-disposable-vape","9":"first","10":"instock","11":"shipping-taxable","12":"purchasable","13":"product-type-variable"},"_links":{"self":[{"href":"https:\/\/euvapz.com\/da\/wp-json\/wp\/v2\/product\/31739","targetHints":{"allow":["GET"]}}],"collection":[{"href":"https:\/\/euvapz.com\/da\/wp-json\/wp\/v2\/product"}],"about":[{"href":"https:\/\/euvapz.com\/da\/wp-json\/wp\/v2\/types\/product"}],"replies":[{"embeddable":true,"href":"https:\/\/euvapz.com\/da\/wp-json\/wp\/v2\/comments?post=31739"}],"version-history":[{"count":4,"href":"https:\/\/euvapz.com\/da\/wp-json\/wp\/v2\/product\/31739\/revisions"}],"predecessor-version":[{"id":33658,"href":"https:\/\/euvapz.com\/da\/wp-json\/wp\/v2\/product\/31739\/revisions\/33658"}],"wp:featuredmedia":[{"embeddable":true,"href":"https:\/\/euvapz.com\/da\/wp-json\/wp\/v2\/media\/33657"}],"wp:attachment":[{"href":"https:\/\/euvapz.com\/da\/wp-json\/wp\/v2\/media?parent=31739"}],"wp:term":[{"taxonomy":"product_brand","embeddable":true,"href":"https:\/\/euvapz.com\/da\/wp-json\/wp\/v2\/product_brand?post=31739"},{"taxonomy":"product_cat","embeddable":true,"href":"https:\/\/euvapz.com\/da\/wp-json\/wp\/v2\/product_cat?post=31739"},{"taxonomy":"product_tag","embeddable":true,"href":"https:\/\/euvapz.com\/da\/wp-json\/wp\/v2\/product_tag?post=31739"}],"curies":[{"name":"wp","href":"https:\/\/api.w.org\/{rel}","templated":true}]}}