{"id":31832,"date":"2025-03-22T08:59:21","date_gmt":"2025-03-22T08:59:21","guid":{"rendered":"https:\/\/euvapz.com\/?post_type=product&#038;p=31832"},"modified":"2025-10-11T08:23:06","modified_gmt":"2025-10-11T08:23:06","slug":"zooy-magic-9000-puffs-disposable-vape-long-lasting-flavor-and-performance","status":"publish","type":"product","link":"https:\/\/euvapz.com\/da\/vare\/zooy-magic-9000-puffs-disposable-vape-long-lasting-flavor-and-performance\/","title":{"rendered":"Zooy Magic 9000 Puffs Disposable Vape Long-Lasting Flavor and Performance"},"content":{"rendered":"<div class=\"flex max-w-full flex-col flex-grow\">\n<div class=\"min-h-8 text-message relative flex w-full flex-col items-end gap-2 whitespace-normal break-words text-start [.text-message+&amp;]:mt-5\" dir=\"auto\" data-message-author-role=\"assistant\" data-message-id=\"2d5e02bf-4caa-4e42-91e3-b41f4616516e\" data-message-model-slug=\"gpt-4o\">\n<div class=\"flex w-full flex-col gap-1 empty:hidden first:pt-[3px]\">\n<div class=\"markdown prose w-full break-words dark:prose-invert light\">\n<div style=\"width: 1920px;\" class=\"wp-video\"><video class=\"wp-video-shortcode\" id=\"video-31832-1\" width=\"1920\" height=\"1080\" preload=\"metadata\" controls=\"controls\"><source type=\"video\/mp4\" src=\"https:\/\/euvapz.com\/wp-content\/uploads\/2025\/03\/Zooy-Magic-9000-Puffs-Disposable-Vape-Long-Lasting-Flavor-and-Performance-1.mp4?_=1\" \/><a href=\"https:\/\/euvapz.com\/wp-content\/uploads\/2025\/03\/Zooy-Magic-9000-Puffs-Disposable-Vape-Long-Lasting-Flavor-and-Performance-1.mp4\">https:\/\/euvapz.com\/wp-content\/uploads\/2025\/03\/Zooy-Magic-9000-Puffs-Disposable-Vape-Long-Lasting-Flavor-and-Performance-1.mp4<\/a><\/video><\/div>\n<p class=\"\" data-start=\"141\" data-end=\"377\">Den <strong data-start=\"145\" data-end=\"186\">Zooy Magic 9000 Puffs Disposable Vape<\/strong> is crafted for those who desire a <strong data-start=\"221\" data-end=\"233\">kraftfuld<\/strong>, long-lasting vaping experience. Offering <strong data-start=\"276\" data-end=\"296\">up to 9000 puffs<\/strong>, this device ensures extended enjoyment with exceptional flavor and performance.<\/p>\n<p class=\"\" data-start=\"379\" data-end=\"582\">With its <strong data-start=\"388\" data-end=\"419\">650 mAh genopladeligt batteri<\/strong>, the Zooy Magic provides consistent, smooth vaping, and the <strong data-start=\"480\" data-end=\"504\">Type-C hurtig opladning<\/strong> feature makes recharging quick and easy, so you can always be ready to vape.<\/p>\n<p class=\"\" data-start=\"584\" data-end=\"836\">Forudfyldt med <strong data-start=\"600\" data-end=\"628\">16ml of premium e-liquid<\/strong>, this vape is available in <strong data-start=\"656\" data-end=\"689\">0%, 2%, or 5% nicotine levels<\/strong>, catering to a variety of preferences. The advanced <strong data-start=\"742\" data-end=\"755\">netspole<\/strong> technology enhances the flavor, ensuring each puff is as satisfying as the last.<\/p>\n<p class=\"\" data-start=\"838\" data-end=\"1084\">Choose from an exciting range of flavors such as <strong data-start=\"887\" data-end=\"909\">Blue Raspberry Ice<\/strong>, <strong data-start=\"911\" data-end=\"927\">Dobbelt \u00e6ble<\/strong>og <strong data-start=\"933\" data-end=\"970\">Zooy Dream (Strawberry Ice Cream)<\/strong>. Whether you\u2019re in the mood for something fruity, icy, or sweet, the Zooy Magic has a flavor to suit every vaper.<\/p>\n<p class=\"\" data-start=\"1086\" data-end=\"1234\">Experience the next level of satisfaction with the <strong data-start=\"1137\" data-end=\"1178\">Zooy Magic 9000 Puffs Disposable Vape<\/strong>, a combination of performance, flavor, and convenience.<\/p>\n<h2 data-start=\"1236\" data-end=\"1279\"><strong data-start=\"1236\" data-end=\"1261\">Zooy Magic 9000 Puffs<\/strong><br data-start=\"1261\" data-end=\"1264\" \/><strong data-start=\"1264\" data-end=\"1276\">Features<\/strong>:<\/h2>\n<ul data-start=\"1280\" data-end=\"1484\">\n<li class=\"\" data-start=\"1280\" data-end=\"1311\">\n<p class=\"\" data-start=\"1282\" data-end=\"1311\"><strong data-start=\"1282\" data-end=\"1291\">Puffs<\/strong>: Up to 9000 puffs<\/p>\n<\/li>\n<li class=\"\" data-start=\"1312\" data-end=\"1356\">\n<p class=\"\" data-start=\"1314\" data-end=\"1356\"><strong data-start=\"1314\" data-end=\"1354\">650mAh Built-in Rechargeable Battery<\/strong><\/p>\n<\/li>\n<li class=\"\" data-start=\"1357\" data-end=\"1389\">\n<p class=\"\" data-start=\"1359\" data-end=\"1389\"><strong data-start=\"1359\" data-end=\"1387\">16ml Pre-filled E-liquid<\/strong><\/p>\n<\/li>\n<li class=\"\" data-start=\"1390\" data-end=\"1425\">\n<p class=\"\" data-start=\"1392\" data-end=\"1425\"><strong data-start=\"1392\" data-end=\"1411\">Niveauer af nikotin<\/strong>: 0%, 2%, 5%<\/p>\n<\/li>\n<li class=\"\" data-start=\"1426\" data-end=\"1463\">\n<p class=\"\" data-start=\"1428\" data-end=\"1463\"><strong data-start=\"1428\" data-end=\"1461\">Mesh-spole til forbedret smag<\/strong><\/p>\n<\/li>\n<li class=\"\" data-start=\"1464\" data-end=\"1484\">\n<p class=\"\" data-start=\"1466\" data-end=\"1484\"><strong data-start=\"1466\" data-end=\"1482\">Genopladelig<\/strong><\/p>\n<\/li>\n<\/ul>\n<h2 data-start=\"1486\" data-end=\"1504\"><strong data-start=\"1486\" data-end=\"1501\">Flavor List<\/strong>:<\/h2>\n<ul data-start=\"1505\" data-end=\"1769\">\n<li class=\"\" data-start=\"1505\" data-end=\"1531\">\n<p class=\"\" data-start=\"1507\" data-end=\"1531\"><strong data-start=\"1507\" data-end=\"1529\">Blue Raspberry Ice<\/strong><\/p>\n<\/li>\n<li class=\"\" data-start=\"1532\" data-end=\"1552\">\n<p class=\"\" data-start=\"1534\" data-end=\"1552\"><strong data-start=\"1534\" data-end=\"1550\">Dobbelt \u00e6ble<\/strong><\/p>\n<\/li>\n<li class=\"\" data-start=\"1553\" data-end=\"1575\">\n<p class=\"\" data-start=\"1555\" data-end=\"1575\"><strong data-start=\"1555\" data-end=\"1573\">Vandmelon-is<\/strong><\/p>\n<\/li>\n<li class=\"\" data-start=\"1576\" data-end=\"1617\">\n<p class=\"\" data-start=\"1578\" data-end=\"1617\"><strong data-start=\"1578\" data-end=\"1615\">Zooy Dream (Strawberry Ice Cream)<\/strong><\/p>\n<\/li>\n<li class=\"\" data-start=\"1618\" data-end=\"1636\">\n<p class=\"\" data-start=\"1620\" data-end=\"1636\"><strong data-start=\"1620\" data-end=\"1634\">Aloe drue<\/strong><\/p>\n<\/li>\n<li class=\"\" data-start=\"1637\" data-end=\"1661\">\n<p class=\"\" data-start=\"1639\" data-end=\"1661\"><strong data-start=\"1639\" data-end=\"1659\">Jordb\u00e6r og mango<\/strong><\/p>\n<\/li>\n<li class=\"\" data-start=\"1662\" data-end=\"1680\">\n<p class=\"\" data-start=\"1664\" data-end=\"1680\"><strong data-start=\"1664\" data-end=\"1678\">Lychee Ice<\/strong><\/p>\n<\/li>\n<li class=\"\" data-start=\"1681\" data-end=\"1700\">\n<p class=\"\" data-start=\"1683\" data-end=\"1700\"><strong data-start=\"1683\" data-end=\"1698\">Saftig fersken<\/strong><\/p>\n<\/li>\n<li class=\"\" data-start=\"1701\" data-end=\"1747\">\n<p class=\"\" data-start=\"1703\" data-end=\"1747\"><strong data-start=\"1703\" data-end=\"1745\">Black Mamba (Strawberry &amp; Dragonfruit)<\/strong><\/p>\n<\/li>\n<li class=\"\" data-start=\"1748\" data-end=\"1769\">\n<p class=\"\" data-start=\"1750\" data-end=\"1769\"><strong data-start=\"1750\" data-end=\"1767\">Blandede b\u00e6r<\/strong><\/p>\n<\/li>\n<\/ul>\n<p class=\"\" data-start=\"1771\" data-end=\"2013\">The Zooy Magic 9000 Puffs features advanced mesh coil technology and offers a selection of premium e-liquid flavors. Whether you&#8217;re a casual vaper or a seasoned enthusiast, this device provides an ultra-satisfying and long-lasting experience.<\/p>\n<h2 data-start=\"1771\" data-end=\"2013\">\t\t\t<link rel=\"stylesheet\" id=\"elementor-post-32801-css\" href=\"https:\/\/euvapz.com\/wp-content\/uploads\/elementor\/css\/post-32801.css?ver=1778854920\" type=\"text\/css\" media=\"all\">\n\t\t\t\t\t<div data-elementor-type=\"wp-post\" data-elementor-id=\"32801\" class=\"elementor elementor-32801\" data-elementor-post-type=\"cms_block\">\n\t\t\t\t<div class=\"wd-negative-gap elementor-element elementor-element-311ef4d e-flex e-con-boxed e-con e-parent\" data-id=\"311ef4d\" data-element_type=\"container\" data-e-type=\"container\">\n\t\t\t\t\t<div class=\"e-con-inner\">\n\t\t\t\t<div class=\"elementor-element elementor-element-354d55bb color-scheme-inherit text-left elementor-widget elementor-widget-text-editor\" data-id=\"354d55bb\" data-element_type=\"widget\" data-e-type=\"widget\" data-widget_type=\"text-editor.default\">\n\t\t\t\t<div class=\"elementor-widget-container\">\n\t\t\t\t\t\t\t\t\t&nbsp;\n\n<script src=\"chrome-extension:\/\/fpelahbljekknahkcaegamhcndkfpfnc\/iFrame.js\" type=\"text\/javascript\"><\/script>\t\t\t\t\t\t\t\t<\/div>\n\t\t\t\t<\/div>\n\t\t\t\t\t<\/div>\n\t\t\t\t<\/div>\n\t\t<div class=\"wd-negative-gap elementor-element elementor-element-2f4b93b0 e-flex e-con-boxed e-con e-parent\" data-id=\"2f4b93b0\" data-element_type=\"container\" data-e-type=\"container\">\n\t\t\t\t\t<div class=\"e-con-inner\">\n\t\t\t\t\t<\/div>\n\t\t\t\t<\/div>\n\t\t<div class=\"wd-negative-gap elementor-element elementor-element-200eec29 e-flex e-con-boxed e-con e-parent\" data-id=\"200eec29\" data-element_type=\"container\" data-e-type=\"container\">\n\t\t\t\t\t<div class=\"e-con-inner\">\n\t\t\t\t<div class=\"elementor-element elementor-element-19faf1ba color-scheme-inherit text-left elementor-widget elementor-widget-text-editor\" data-id=\"19faf1ba\" data-element_type=\"widget\" data-e-type=\"widget\" data-widget_type=\"text-editor.default\">\n\t\t\t\t<div class=\"elementor-widget-container\">\n\t\t\t\t\t\t\t\t\t<h2><em><strong>OFTE STILLEDE SP\u00d8RGSM\u00c5L<\/strong><\/em><\/h2><ul><li><h2><em><strong>Hvilke forsendelsesmetoder bruger du?<\/strong><\/em><\/h2><\/li><li><h2><em><strong><span style=\"color: #333333; font-size: 16px;\">Vi samarbejder med p\u00e5lidelige transport\u00f8rer som UPS, DHL, FedEx og DPD. Afh\u00e6ngigt af destinationslandet v\u00e6lger vi den bedste forsendelsesmetode for at sikre hurtig og sikker levering af dine produkter.<\/span><\/strong><\/em><\/h2><\/li><\/ul><ul><li><h2><em><strong>Hvor lang tid g\u00e5r der, f\u00f8r min ordre kommer frem?<\/strong><\/em><\/h2><\/li><\/ul><p data-start=\"340\" data-end=\"490\"><em><strong>\u00a0 \u00a0 \u00a0 Levering tager typisk mellem 7-15 hverdage. I forbindelse med h\u00f8jtider eller ugunstige vejrforhold kan det dog tage op til 20 hverdage.<\/strong><\/em><\/p><ul><li data-start=\"492\" data-end=\"539\"><h2><em><strong>Vil min ordre blive fortoldet uden problemer?<\/strong><\/em><\/h2><\/li><li data-start=\"492\" data-end=\"539\"><h2><em><strong><span style=\"color: #333333; font-size: 16px;\">Vi h\u00e5ndterer al fortoldning for dig og sikrer en problemfri levering uden ekstra skatter eller gebyrer. Vi garanterer, at 100% af vores forsendelser bliver fortoldet uden problemer.<\/span><\/strong><\/em><\/h2><\/li><\/ul><ul><li data-start=\"718\" data-end=\"747\"><h2><em><strong>Kan jeg stole p\u00e5 jeres service?<\/strong><\/em><\/h2><\/li><li data-start=\"718\" data-end=\"747\"><h2><em><strong><span style=\"color: #333333; font-size: 16px;\">Helt sikkert! Vi accepterer PayPal for sikre betalinger, og dit k\u00f8b er beskyttet af PayPals k\u00f8berbeskyttelse. Du kan ogs\u00e5 tjekke vores TrustPilot-anmeldelser for at se, hvad andre kunder siger om os.<\/span><\/strong><\/em><\/h2><\/li><\/ul>\t\t\t\t\t\t\t\t<\/div>\n\t\t\t\t<\/div>\n\t\t\t\t\t<\/div>\n\t\t\t\t<\/div>\n\t\t<div class=\"wd-negative-gap elementor-element elementor-element-d4517fd e-flex e-con-boxed e-con e-parent\" data-id=\"d4517fd\" data-element_type=\"container\" data-e-type=\"container\">\n\t\t\t\t\t<div class=\"e-con-inner\">\n\t\t\t\t<div class=\"elementor-element elementor-element-11cb93e5 elementor-widget elementor-widget-wd_button\" data-id=\"11cb93e5\" data-element_type=\"widget\" data-e-type=\"widget\" data-widget_type=\"wd_button.default\">\n\t\t\t\t<div class=\"elementor-widget-container\">\n\t\t\t\t\t\t\t<div class=\"wd-button-wrapper text-left\" >\n\t\t\t<a class=\"btn btn-style-link btn-style- btn-size-extra-large btn-scheme-inherit btn-scheme-hover-custom btn-icon-pos-right\"  href=\"https:\/\/euvapz.com\/da\/faqs\/\">\n\t\t\t\t<span class=\"wd-btn-text\" data-elementor-setting-key=\"text\">\n\t\t\t\t\tKlik her for flere ofte stillede sp\u00f8rgsm\u00e5l.\t\t\t\t<\/span>\n\n\t\t\t\t\t\t\t<\/a>\n\t\t<\/div>\n\t\t\t\t\t\t<\/div>\n\t\t\t\t<\/div>\n\t\t\t\t\t<\/div>\n\t\t\t\t<\/div>\n\t\t\t\t<\/div>\n\t\t<\/h2>\n<\/div>\n<\/div>\n<\/div>\n<\/div>\n<p><script src=\"chrome-extension:\/\/fpelahbljekknahkcaegamhcndkfpfnc\/iFrame.js\" type=\"text\/javascript\"><\/script><\/p>\n<p><script src=\"chrome-extension:\/\/fpelahbljekknahkcaegamhcndkfpfnc\/iFrame.js\" type=\"text\/javascript\"><\/script><\/p>","protected":false},"excerpt":{"rendered":"<div class=\"flex max-w-full flex-col flex-grow\">\n<div class=\"min-h-8 text-message relative flex w-full flex-col items-end gap-2 whitespace-normal break-words text-start [.text-message+&amp;]:mt-5\" dir=\"auto\" data-message-author-role=\"assistant\" data-message-id=\"f4fe9aa2-0e54-4132-b09d-9366387e634f\" data-message-model-slug=\"gpt-4o\">\n<div class=\"flex w-full flex-col gap-1 empty:hidden first:pt-[3px]\">\n<div class=\"markdown prose w-full break-words dark:prose-invert light\">\n<p class=\"\" data-start=\"408\" data-end=\"601\">Den <strong data-start=\"412\" data-end=\"453\">Zooy Magic 9000 Puffs Disposable Vape<\/strong> leverer <strong data-start=\"463\" data-end=\"483\">up to 9000 puffs<\/strong>, tilg\u00e6ngelig i <strong data-start=\"498\" data-end=\"525\">0%, 2%, and 5% nicotine<\/strong> levels, with vibrant flavors like <strong data-start=\"560\" data-end=\"578\">Vandmelon-is<\/strong> og <strong data-start=\"583\" data-end=\"600\">Blandede b\u00e6r<\/strong>.<\/p>\n<\/div>\n<\/div>\n<\/div>\n<\/div>\n<div class=\"mb-2 flex gap-3 -ml-2\">\n<div class=\"flex items-center justify-start rounded-xl p-1\">\n<div><\/div>\n<\/div>\n<\/div>","protected":false},"featured_media":33662,"comment_status":"open","ping_status":"closed","template":"","meta":[],"product_brand":[198],"product_cat":[199],"product_tag":[],"class_list":{"0":"post-31832","1":"product","2":"type-product","3":"status-publish","4":"has-post-thumbnail","6":"product_brand-zooy-disposable-vape","7":"product_cat-zooy-disposable-vape","9":"first","10":"outofstock","11":"shipping-taxable","12":"purchasable","13":"product-type-variable"},"_links":{"self":[{"href":"https:\/\/euvapz.com\/da\/wp-json\/wp\/v2\/product\/31832","targetHints":{"allow":["GET"]}}],"collection":[{"href":"https:\/\/euvapz.com\/da\/wp-json\/wp\/v2\/product"}],"about":[{"href":"https:\/\/euvapz.com\/da\/wp-json\/wp\/v2\/types\/product"}],"replies":[{"embeddable":true,"href":"https:\/\/euvapz.com\/da\/wp-json\/wp\/v2\/comments?post=31832"}],"version-history":[{"count":6,"href":"https:\/\/euvapz.com\/da\/wp-json\/wp\/v2\/product\/31832\/revisions"}],"predecessor-version":[{"id":33670,"href":"https:\/\/euvapz.com\/da\/wp-json\/wp\/v2\/product\/31832\/revisions\/33670"}],"wp:featuredmedia":[{"embeddable":true,"href":"https:\/\/euvapz.com\/da\/wp-json\/wp\/v2\/media\/33662"}],"wp:attachment":[{"href":"https:\/\/euvapz.com\/da\/wp-json\/wp\/v2\/media?parent=31832"}],"wp:term":[{"taxonomy":"product_brand","embeddable":true,"href":"https:\/\/euvapz.com\/da\/wp-json\/wp\/v2\/product_brand?post=31832"},{"taxonomy":"product_cat","embeddable":true,"href":"https:\/\/euvapz.com\/da\/wp-json\/wp\/v2\/product_cat?post=31832"},{"taxonomy":"product_tag","embeddable":true,"href":"https:\/\/euvapz.com\/da\/wp-json\/wp\/v2\/product_tag?post=31832"}],"curies":[{"name":"wp","href":"https:\/\/api.w.org\/{rel}","templated":true}]}}