{"id":33149,"date":"2025-03-25T08:16:19","date_gmt":"2025-03-25T08:16:19","guid":{"rendered":"https:\/\/euvapz.com\/?post_type=product&#038;p=33149"},"modified":"2025-03-25T09:34:45","modified_gmt":"2025-03-25T09:34:45","slug":"bang-box-30000-puffs-engangs-vape-35ml-e-vaeske-850mah-batteri-mesh-coil-flere-nikotinniveauer","status":"publish","type":"product","link":"https:\/\/euvapz.com\/da\/vare\/bang-box-30000-puffs-engangs-vape-35ml-e-vaeske-850mah-batteri-mesh-coil-flere-nikotinniveauer\/","title":{"rendered":"BANG BOX 30000 Puffs Engangsdamp 35 ml E-v\u00e6ske 850 mAh batteri Mesh Coil Flere nikotinniveauer"},"content":{"rendered":"<p data-start=\"170\" data-end=\"556\"><img fetchpriority=\"high\" decoding=\"async\" class=\"alignnone size-full wp-image-33154\" src=\"https:\/\/euvapz.com\/wp-content\/uploads\/2025\/03\/BANG-BOX-30000-Puffs-Disposable-Vape-35mL-E-Liquid-850mAh-Battery-Mesh-Coil-Multiple-Nicotine-Levels-6-scaled.webp\" alt=\"BANG BOX 30000 Puffs Engangsdamp 35 ml E-v\u00e6ske 850 mAh batteri Mesh Coil Flere nikotinniveauer\" width=\"2560\" height=\"1440\" srcset=\"https:\/\/euvapz.com\/wp-content\/uploads\/2025\/03\/BANG-BOX-30000-Puffs-Disposable-Vape-35mL-E-Liquid-850mAh-Battery-Mesh-Coil-Multiple-Nicotine-Levels-6-scaled.webp 2560w, https:\/\/euvapz.com\/wp-content\/uploads\/2025\/03\/BANG-BOX-30000-Puffs-Disposable-Vape-35mL-E-Liquid-850mAh-Battery-Mesh-Coil-Multiple-Nicotine-Levels-6-400x225.webp 400w, https:\/\/euvapz.com\/wp-content\/uploads\/2025\/03\/BANG-BOX-30000-Puffs-Disposable-Vape-35mL-E-Liquid-850mAh-Battery-Mesh-Coil-Multiple-Nicotine-Levels-6-1300x731.webp 1300w, https:\/\/euvapz.com\/wp-content\/uploads\/2025\/03\/BANG-BOX-30000-Puffs-Disposable-Vape-35mL-E-Liquid-850mAh-Battery-Mesh-Coil-Multiple-Nicotine-Levels-6-768x432.webp 768w, https:\/\/euvapz.com\/wp-content\/uploads\/2025\/03\/BANG-BOX-30000-Puffs-Disposable-Vape-35mL-E-Liquid-850mAh-Battery-Mesh-Coil-Multiple-Nicotine-Levels-6-1536x864.webp 1536w, https:\/\/euvapz.com\/wp-content\/uploads\/2025\/03\/BANG-BOX-30000-Puffs-Disposable-Vape-35mL-E-Liquid-850mAh-Battery-Mesh-Coil-Multiple-Nicotine-Levels-6-2048x1152.webp 2048w, https:\/\/euvapz.com\/wp-content\/uploads\/2025\/03\/BANG-BOX-30000-Puffs-Disposable-Vape-35mL-E-Liquid-850mAh-Battery-Mesh-Coil-Multiple-Nicotine-Levels-6-18x10.webp 18w, https:\/\/euvapz.com\/wp-content\/uploads\/2025\/03\/BANG-BOX-30000-Puffs-Disposable-Vape-35mL-E-Liquid-850mAh-Battery-Mesh-Coil-Multiple-Nicotine-Levels-6-430x242.webp 430w, https:\/\/euvapz.com\/wp-content\/uploads\/2025\/03\/BANG-BOX-30000-Puffs-Disposable-Vape-35mL-E-Liquid-850mAh-Battery-Mesh-Coil-Multiple-Nicotine-Levels-6-700x394.webp 700w, https:\/\/euvapz.com\/wp-content\/uploads\/2025\/03\/BANG-BOX-30000-Puffs-Disposable-Vape-35mL-E-Liquid-850mAh-Battery-Mesh-Coil-Multiple-Nicotine-Levels-6-150x84.webp 150w\" sizes=\"(max-width: 2560px) 100vw, 2560px\" \/><\/p>\n<p class=\"\" data-start=\"170\" data-end=\"556\">Den <strong data-start=\"174\" data-end=\"214\">BANG BOX 30000 Puffs Engangs-damp<\/strong> er bygget til dampere, der \u00f8nsker en kraftig, langvarig oplevelse uden at g\u00e5 p\u00e5 kompromis. Med op til <strong data-start=\"312\" data-end=\"327\">30000 pust<\/strong>Denne engangsdamper sikrer, at du kan nyde lange sessioner med j\u00e6vn og smagfuld damp. Uanset om du er ny i dampning eller en erfaren entusiast, er denne enhed designet til at levere enest\u00e5ende ydeevne med hvert pust.<\/p>\n<p class=\"\" data-start=\"558\" data-end=\"1003\">Drevet af en <strong data-start=\"572\" data-end=\"582\">850 mAh<\/strong> rent koboltbatteri, det <strong data-start=\"608\" data-end=\"620\">BANG BOX<\/strong> sikrer en effektiv og ensartet str\u00f8mtilf\u00f8rsel, s\u00e5 du f\u00e5r en problemfri dampoplevelse. Den <strong data-start=\"712\" data-end=\"735\">dobbelt-shot 0,4 ohm<\/strong> og <strong data-start=\"740\" data-end=\"772\">0,8 ohm mesh coil-teknologi<\/strong> garanterer, at dine tr\u00e6k er konsekvent smagfulde, producerer rig damp og forbedrer din dampnydelse. <strong data-start=\"884\" data-end=\"922\">Single-core double-shot-teknologi<\/strong> hj\u00e6lper med at opn\u00e5 en hurtigere opvarmningstid, hvilket resulterer i hurtigere og mere effektive pust.<\/p>\n<p class=\"\" data-start=\"1005\" data-end=\"1326\">Denne enhed er fyldt med <strong data-start=\"1039\" data-end=\"1047\">35 ml<\/strong> af f\u00f8rsteklasses e-v\u00e6ske, som f\u00e5s i <strong data-start=\"1091\" data-end=\"1106\">0%, 2%, 3%,<\/strong> og <strong data-start=\"1111\" data-end=\"1141\">5% nikotinkoncentrationer<\/strong>hvilket giver fleksibilitet til en bred vifte af pr\u00e6ferencer. Den <strong data-start=\"1202\" data-end=\"1231\">justerbart luftstr\u00f8mssystem<\/strong> giver dig mulighed for at kontrollere dit tr\u00e6k, uanset om du foretr\u00e6kker et strammere tryk eller en mere \u00e5ben, luftig ind\u00e5nding.<\/p>\n<p class=\"\" data-start=\"1328\" data-end=\"1675\">Med et utroligt udvalg af smagsvarianter som f.eks. <strong data-start=\"1376\" data-end=\"1395\">Jordb\u00e6r Kiwi<\/strong>, <strong data-start=\"1397\" data-end=\"1412\">Black Burst<\/strong> (solb\u00e6r + budding), og <strong data-start=\"1443\" data-end=\"1475\">Bl\u00e5b\u00e6rsur hindb\u00e6ris<\/strong>, den <strong data-start=\"1481\" data-end=\"1499\">BANG BOX 30000<\/strong> garanterer en forfriskende og forn\u00f8jelig oplevelse, der passer til alle slags smagsprofiler. Fra frugtagtig til iskold og alt derimellem er der en smag, der passer til alle.<\/p>\n<h3 class=\"\" data-start=\"1677\" data-end=\"1731\"><strong data-start=\"1681\" data-end=\"1731\">BANG BOX 30000 Puffs Engangs-vape Funktioner:<\/strong><\/h3>\n<ul data-start=\"1732\" data-end=\"2625\">\n<li class=\"\" data-start=\"1732\" data-end=\"1768\">\n<p class=\"\" data-start=\"1734\" data-end=\"1768\"><strong data-start=\"1734\" data-end=\"1744\">Puffs:<\/strong> Op til <strong data-start=\"1751\" data-end=\"1766\">30000 pust<\/strong><\/p>\n<\/li>\n<li class=\"\" data-start=\"1769\" data-end=\"1838\">\n<p class=\"\" data-start=\"1771\" data-end=\"1838\"><strong data-start=\"1771\" data-end=\"1783\">Batteri:<\/strong> <strong data-start=\"1784\" data-end=\"1814\">850 mAh rent koboltbatteri<\/strong> med <strong data-start=\"1820\" data-end=\"1836\">5A afladning<\/strong><\/p>\n<\/li>\n<li class=\"\" data-start=\"1839\" data-end=\"1888\">\n<p class=\"\" data-start=\"1841\" data-end=\"1888\"><strong data-start=\"1841\" data-end=\"1857\">P\u00e5fyldning af olie:<\/strong> <strong data-start=\"1858\" data-end=\"1866\">35 ml<\/strong> Forudfyldt e-v\u00e6ske<\/p>\n<\/li>\n<li class=\"\" data-start=\"1889\" data-end=\"1993\">\n<p class=\"\" data-start=\"1891\" data-end=\"1993\"><strong data-start=\"1891\" data-end=\"1908\">Varmetr\u00e5d:<\/strong> <strong data-start=\"1909\" data-end=\"1932\">Dobbelt-shot 0,4 ohm<\/strong>, <strong data-start=\"1934\" data-end=\"1955\">0,8 ohm netkerne<\/strong>, single-core double-shot-teknologi<\/p>\n<\/li>\n<li class=\"\" data-start=\"1994\" data-end=\"2067\">\n<p class=\"\" data-start=\"1996\" data-end=\"2067\"><strong data-start=\"1996\" data-end=\"2016\">Nikotinniveauer:<\/strong> F\u00e5s i <strong data-start=\"2030\" data-end=\"2048\">0%, 2%, 3%, 5%<\/strong> muligheder for nikotin<\/p>\n<\/li>\n<li class=\"\" data-start=\"2068\" data-end=\"2115\">\n<p class=\"\" data-start=\"2070\" data-end=\"2115\"><strong data-start=\"2070\" data-end=\"2092\">Justerbar luftstr\u00f8m<\/strong> til skr\u00e6ddersyede lodtr\u00e6kninger<\/p>\n<\/li>\n<li class=\"\" data-start=\"2116\" data-end=\"2176\">\n<p class=\"\" data-start=\"2118\" data-end=\"2176\"><strong data-start=\"2118\" data-end=\"2127\">St\u00f8rrelse:<\/strong> <strong data-start=\"2128\" data-end=\"2143\">115<em data-start=\"2133\" data-end=\"2137\">60<\/em>33 mm<\/strong>, <strong data-start=\"2145\" data-end=\"2156\">V\u00e6gt:<\/strong> <strong data-start=\"2157\" data-end=\"2174\">100 g pr. enhed<\/strong><\/p>\n<\/li>\n<li class=\"\" data-start=\"2177\" data-end=\"2237\">\n<p class=\"\" data-start=\"2179\" data-end=\"2237\"><strong data-start=\"2179\" data-end=\"2201\">Indpakningsmuligheder:<\/strong> 10stk\/\u00e6ske, 100stk\/\u00e6ske, 200stk\/\u00e6ske<\/p>\n<\/li>\n<li class=\"\" data-start=\"2238\" data-end=\"2625\">\n<p class=\"\" data-start=\"2240\" data-end=\"2264\"><strong data-start=\"2240\" data-end=\"2262\">Tilg\u00e6ngelige smagsvarianter:<\/strong><\/p>\n<ul data-start=\"2267\" data-end=\"2625\">\n<li class=\"\" data-start=\"2267\" data-end=\"2290\">\n<p class=\"\" data-start=\"2269\" data-end=\"2290\"><strong data-start=\"2269\" data-end=\"2288\">Jordb\u00e6r Kiwi<\/strong><\/p>\n<\/li>\n<li class=\"\" data-start=\"2293\" data-end=\"2337\">\n<p class=\"\" data-start=\"2295\" data-end=\"2337\"><strong data-start=\"2295\" data-end=\"2310\">Black Burst<\/strong> (Solb\u00e6r + budding)<\/p>\n<\/li>\n<li class=\"\" data-start=\"2340\" data-end=\"2369\">\n<p class=\"\" data-start=\"2342\" data-end=\"2369\"><strong data-start=\"2342\" data-end=\"2367\">Jordb\u00e6r og vandmelon<\/strong><\/p>\n<\/li>\n<li class=\"\" data-start=\"2372\" data-end=\"2392\">\n<p class=\"\" data-start=\"2374\" data-end=\"2392\"><strong data-start=\"2374\" data-end=\"2390\">Jungle Juice<\/strong><\/p>\n<\/li>\n<li class=\"\" data-start=\"2395\" data-end=\"2431\">\n<p class=\"\" data-start=\"2397\" data-end=\"2431\"><strong data-start=\"2397\" data-end=\"2429\">Bl\u00e5b\u00e6rsur hindb\u00e6ris<\/strong><\/p>\n<\/li>\n<li class=\"\" data-start=\"2434\" data-end=\"2456\">\n<p class=\"\" data-start=\"2436\" data-end=\"2456\"><strong data-start=\"2436\" data-end=\"2454\">Vandmelon-is<\/strong><\/p>\n<\/li>\n<li class=\"\" data-start=\"2459\" data-end=\"2480\">\n<p class=\"\" data-start=\"2461\" data-end=\"2480\"><strong data-start=\"2461\" data-end=\"2478\">Bl\u00e5b\u00e6r-is<\/strong><\/p>\n<\/li>\n<li class=\"\" data-start=\"2483\" data-end=\"2512\">\n<p class=\"\" data-start=\"2485\" data-end=\"2512\"><strong data-start=\"2485\" data-end=\"2510\">Bl\u00e5b\u00e6r Granat\u00e6ble<\/strong><\/p>\n<\/li>\n<li class=\"\" data-start=\"2515\" data-end=\"2558\">\n<p class=\"\" data-start=\"2517\" data-end=\"2558\"><strong data-start=\"2517\" data-end=\"2531\">Blue Burst<\/strong> (Bl\u00e5b\u00e6r + tyggegummi)<\/p>\n<\/li>\n<li class=\"\" data-start=\"2561\" data-end=\"2580\">\n<p class=\"\" data-start=\"2563\" data-end=\"2580\"><strong data-start=\"2563\" data-end=\"2578\">\u00c6ble Fersken<\/strong><\/p>\n<\/li>\n<li class=\"\" data-start=\"2583\" data-end=\"2604\">\n<p class=\"\" data-start=\"2585\" data-end=\"2604\"><strong data-start=\"2585\" data-end=\"2602\">Passionsfrugt<\/strong><\/p>\n<\/li>\n<li class=\"\" data-start=\"2607\" data-end=\"2625\">\n<p class=\"\" data-start=\"2609\" data-end=\"2625\"><strong data-start=\"2609\" data-end=\"2625\">Dobbelt drue<\/strong><\/p>\n<\/li>\n<\/ul>\n<\/li>\n<\/ul>\n<h3 class=\"\" data-start=\"2627\" data-end=\"2687\"><strong data-start=\"2631\" data-end=\"2687\">Hvorfor v\u00e6lge BANG BOX 30000 Puffs engangs-damp?<\/strong><\/h3>\n<p class=\"\" data-start=\"2689\" data-end=\"3317\">Den <strong data-start=\"2693\" data-end=\"2733\">BANG BOX 30000 Puffs Engangs-damp<\/strong> tilbyder en f\u00f8rsteklasses dampoplevelse med <strong data-start=\"2774\" data-end=\"2794\">35 ml e-v\u00e6ske<\/strong>, <strong data-start=\"2796\" data-end=\"2806\">850 mAh<\/strong> genopladelig str\u00f8m og en r\u00e6kke l\u00e6kre smagsvarianter. Med <strong data-start=\"2866\" data-end=\"2890\">netspole-teknologi<\/strong>, <strong data-start=\"2892\" data-end=\"2914\">justerbar luftstr\u00f8m<\/strong>og <strong data-start=\"2920\" data-end=\"2942\">4 muligheder for nikotin<\/strong> (0%, 2%, 3% og 5%) giver den fleksibilitet til at skr\u00e6ddersy din dampoplevelse til dine personlige pr\u00e6ferencer. Uanset om du foretr\u00e6kker frugtagtig, iskold eller en s\u00f8d og cremet damp, har denne enhed noget, der passer til alle. Det er det ideelle valg for dem, der s\u00f8ger en engangsdamper, der tilbyder b\u00e5de bekvemmelighed og h\u00f8j ydeevne, med op til <strong data-start=\"3280\" data-end=\"3295\">30000 pust<\/strong> af ren tilfredshed.<\/p>\n<h2 data-start=\"2689\" data-end=\"3317\">\t\t\t<link rel=\"stylesheet\" id=\"elementor-post-32801-css\" href=\"https:\/\/euvapz.com\/wp-content\/uploads\/elementor\/css\/post-32801.css?ver=1778854920\" type=\"text\/css\" media=\"all\">\n\t\t\t\t\t<div data-elementor-type=\"wp-post\" data-elementor-id=\"32801\" class=\"elementor elementor-32801\" data-elementor-post-type=\"cms_block\">\n\t\t\t\t<div class=\"wd-negative-gap elementor-element elementor-element-311ef4d e-flex e-con-boxed e-con e-parent\" data-id=\"311ef4d\" data-element_type=\"container\" data-e-type=\"container\">\n\t\t\t\t\t<div class=\"e-con-inner\">\n\t\t\t\t<div class=\"elementor-element elementor-element-354d55bb color-scheme-inherit text-left elementor-widget elementor-widget-text-editor\" data-id=\"354d55bb\" data-element_type=\"widget\" data-e-type=\"widget\" data-widget_type=\"text-editor.default\">\n\t\t\t\t<div class=\"elementor-widget-container\">\n\t\t\t\t\t\t\t\t\t&nbsp;\n\n<script src=\"chrome-extension:\/\/fpelahbljekknahkcaegamhcndkfpfnc\/iFrame.js\" type=\"text\/javascript\"><\/script>\t\t\t\t\t\t\t\t<\/div>\n\t\t\t\t<\/div>\n\t\t\t\t\t<\/div>\n\t\t\t\t<\/div>\n\t\t<div class=\"wd-negative-gap elementor-element elementor-element-2f4b93b0 e-flex e-con-boxed e-con e-parent\" data-id=\"2f4b93b0\" data-element_type=\"container\" data-e-type=\"container\">\n\t\t\t\t\t<div class=\"e-con-inner\">\n\t\t\t\t\t<\/div>\n\t\t\t\t<\/div>\n\t\t<div class=\"wd-negative-gap elementor-element elementor-element-200eec29 e-flex e-con-boxed e-con e-parent\" data-id=\"200eec29\" data-element_type=\"container\" data-e-type=\"container\">\n\t\t\t\t\t<div class=\"e-con-inner\">\n\t\t\t\t<div class=\"elementor-element elementor-element-19faf1ba color-scheme-inherit text-left elementor-widget elementor-widget-text-editor\" data-id=\"19faf1ba\" data-element_type=\"widget\" data-e-type=\"widget\" data-widget_type=\"text-editor.default\">\n\t\t\t\t<div class=\"elementor-widget-container\">\n\t\t\t\t\t\t\t\t\t<h2><em><strong>OFTE STILLEDE SP\u00d8RGSM\u00c5L<\/strong><\/em><\/h2><ul><li><h2><em><strong>Hvilke forsendelsesmetoder bruger du?<\/strong><\/em><\/h2><\/li><li><h2><em><strong><span style=\"color: #333333; font-size: 16px;\">Vi samarbejder med p\u00e5lidelige transport\u00f8rer som UPS, DHL, FedEx og DPD. Afh\u00e6ngigt af destinationslandet v\u00e6lger vi den bedste forsendelsesmetode for at sikre hurtig og sikker levering af dine produkter.<\/span><\/strong><\/em><\/h2><\/li><\/ul><ul><li><h2><em><strong>Hvor lang tid g\u00e5r der, f\u00f8r min ordre kommer frem?<\/strong><\/em><\/h2><\/li><\/ul><p data-start=\"340\" data-end=\"490\"><em><strong>\u00a0 \u00a0 \u00a0 Levering tager typisk mellem 7-15 hverdage. I forbindelse med h\u00f8jtider eller ugunstige vejrforhold kan det dog tage op til 20 hverdage.<\/strong><\/em><\/p><ul><li data-start=\"492\" data-end=\"539\"><h2><em><strong>Vil min ordre blive fortoldet uden problemer?<\/strong><\/em><\/h2><\/li><li data-start=\"492\" data-end=\"539\"><h2><em><strong><span style=\"color: #333333; font-size: 16px;\">Vi h\u00e5ndterer al fortoldning for dig og sikrer en problemfri levering uden ekstra skatter eller gebyrer. Vi garanterer, at 100% af vores forsendelser bliver fortoldet uden problemer.<\/span><\/strong><\/em><\/h2><\/li><\/ul><ul><li data-start=\"718\" data-end=\"747\"><h2><em><strong>Kan jeg stole p\u00e5 jeres service?<\/strong><\/em><\/h2><\/li><li data-start=\"718\" data-end=\"747\"><h2><em><strong><span style=\"color: #333333; font-size: 16px;\">Helt sikkert! Vi accepterer PayPal for sikre betalinger, og dit k\u00f8b er beskyttet af PayPals k\u00f8berbeskyttelse. Du kan ogs\u00e5 tjekke vores TrustPilot-anmeldelser for at se, hvad andre kunder siger om os.<\/span><\/strong><\/em><\/h2><\/li><\/ul>\t\t\t\t\t\t\t\t<\/div>\n\t\t\t\t<\/div>\n\t\t\t\t\t<\/div>\n\t\t\t\t<\/div>\n\t\t<div class=\"wd-negative-gap elementor-element elementor-element-d4517fd e-flex e-con-boxed e-con e-parent\" data-id=\"d4517fd\" data-element_type=\"container\" data-e-type=\"container\">\n\t\t\t\t\t<div class=\"e-con-inner\">\n\t\t\t\t<div class=\"elementor-element elementor-element-11cb93e5 elementor-widget elementor-widget-wd_button\" data-id=\"11cb93e5\" data-element_type=\"widget\" data-e-type=\"widget\" data-widget_type=\"wd_button.default\">\n\t\t\t\t<div class=\"elementor-widget-container\">\n\t\t\t\t\t\t\t<div class=\"wd-button-wrapper text-left\" >\n\t\t\t<a class=\"btn btn-style-link btn-style- btn-size-extra-large btn-scheme-inherit btn-scheme-hover-custom btn-icon-pos-right\"  href=\"https:\/\/euvapz.com\/da\/faqs\/\">\n\t\t\t\t<span class=\"wd-btn-text\" data-elementor-setting-key=\"text\">\n\t\t\t\t\tKlik her for flere ofte stillede sp\u00f8rgsm\u00e5l.\t\t\t\t<\/span>\n\n\t\t\t\t\t\t\t<\/a>\n\t\t<\/div>\n\t\t\t\t\t\t<\/div>\n\t\t\t\t<\/div>\n\t\t\t\t\t<\/div>\n\t\t\t\t<\/div>\n\t\t\t\t<\/div>\n\t\t<\/h2>","protected":false},"excerpt":{"rendered":"<p>BANG BOX 30000 Puffs Disposable Vape giver en f\u00f8rsteklasses dampoplevelse med 35 ml e-v\u00e6ske, smagsvarianter som Mango Peach og Watermelon Ice og nikotinkoncentrationer fra 0% til 5%.<\/p>","protected":false},"featured_media":33155,"comment_status":"open","ping_status":"closed","template":"","meta":[],"product_brand":[78],"product_cat":[77],"product_tag":[],"class_list":{"0":"post-33149","1":"product","2":"type-product","3":"status-publish","4":"has-post-thumbnail","6":"product_brand-bang-disposable-vape","7":"product_cat-bang-disposable-vape","9":"first","10":"instock","11":"shipping-taxable","12":"purchasable","13":"product-type-variable"},"_links":{"self":[{"href":"https:\/\/euvapz.com\/da\/wp-json\/wp\/v2\/product\/33149","targetHints":{"allow":["GET"]}}],"collection":[{"href":"https:\/\/euvapz.com\/da\/wp-json\/wp\/v2\/product"}],"about":[{"href":"https:\/\/euvapz.com\/da\/wp-json\/wp\/v2\/types\/product"}],"replies":[{"embeddable":true,"href":"https:\/\/euvapz.com\/da\/wp-json\/wp\/v2\/comments?post=33149"}],"version-history":[{"count":2,"href":"https:\/\/euvapz.com\/da\/wp-json\/wp\/v2\/product\/33149\/revisions"}],"predecessor-version":[{"id":33215,"href":"https:\/\/euvapz.com\/da\/wp-json\/wp\/v2\/product\/33149\/revisions\/33215"}],"wp:featuredmedia":[{"embeddable":true,"href":"https:\/\/euvapz.com\/da\/wp-json\/wp\/v2\/media\/33155"}],"wp:attachment":[{"href":"https:\/\/euvapz.com\/da\/wp-json\/wp\/v2\/media?parent=33149"}],"wp:term":[{"taxonomy":"product_brand","embeddable":true,"href":"https:\/\/euvapz.com\/da\/wp-json\/wp\/v2\/product_brand?post=33149"},{"taxonomy":"product_cat","embeddable":true,"href":"https:\/\/euvapz.com\/da\/wp-json\/wp\/v2\/product_cat?post=33149"},{"taxonomy":"product_tag","embeddable":true,"href":"https:\/\/euvapz.com\/da\/wp-json\/wp\/v2\/product_tag?post=33149"}],"curies":[{"name":"wp","href":"https:\/\/api.w.org\/{rel}","templated":true}]}}