{"id":33420,"date":"2025-03-25T08:42:05","date_gmt":"2025-03-25T08:42:05","guid":{"rendered":"https:\/\/euvapz.com\/?post_type=product&#038;p=33420"},"modified":"2025-03-27T08:16:23","modified_gmt":"2025-03-27T08:16:23","slug":"bug-01-monkey-12000-puffs-engangs-vape-18ml-e-vaeske-800mah-batteri-mesh-coil-flere-nikotinniveauer","status":"publish","type":"product","link":"https:\/\/euvapz.com\/da\/vare\/bug-01-monkey-12000-puffs-engangs-vape-18ml-e-vaeske-800mah-batteri-mesh-coil-flere-nikotinniveauer\/","title":{"rendered":"BUG 01 Monkey 12000 Puffs Engangsdamp 18mL E-v\u00e6ske 800mAh Batteri Mesh Coil Flere nikotinniveauer"},"content":{"rendered":"<p data-start=\"180\" data-end=\"472\"><img fetchpriority=\"high\" decoding=\"async\" class=\"alignnone size-full wp-image-33428\" src=\"https:\/\/euvapz.com\/wp-content\/uploads\/2025\/03\/BUG-01-Monkey-12000-Puffs-Disposable-Vape-18mL-E-Liquid-800mAh-Battery-Mesh-Coil-Multiple-Nicotine-Levels-8.webp\" alt=\"BUG 01 Monkey 12000 Puffs Engangsdamp 18mL E-v\u00e6ske 800mAh Batteri Mesh Coil Flere nikotinniveauer\" width=\"2000\" height=\"1069\" srcset=\"https:\/\/euvapz.com\/wp-content\/uploads\/2025\/03\/BUG-01-Monkey-12000-Puffs-Disposable-Vape-18mL-E-Liquid-800mAh-Battery-Mesh-Coil-Multiple-Nicotine-Levels-8.webp 2000w, https:\/\/euvapz.com\/wp-content\/uploads\/2025\/03\/BUG-01-Monkey-12000-Puffs-Disposable-Vape-18mL-E-Liquid-800mAh-Battery-Mesh-Coil-Multiple-Nicotine-Levels-8-400x214.webp 400w, https:\/\/euvapz.com\/wp-content\/uploads\/2025\/03\/BUG-01-Monkey-12000-Puffs-Disposable-Vape-18mL-E-Liquid-800mAh-Battery-Mesh-Coil-Multiple-Nicotine-Levels-8-1300x695.webp 1300w, https:\/\/euvapz.com\/wp-content\/uploads\/2025\/03\/BUG-01-Monkey-12000-Puffs-Disposable-Vape-18mL-E-Liquid-800mAh-Battery-Mesh-Coil-Multiple-Nicotine-Levels-8-768x410.webp 768w, https:\/\/euvapz.com\/wp-content\/uploads\/2025\/03\/BUG-01-Monkey-12000-Puffs-Disposable-Vape-18mL-E-Liquid-800mAh-Battery-Mesh-Coil-Multiple-Nicotine-Levels-8-1536x821.webp 1536w, https:\/\/euvapz.com\/wp-content\/uploads\/2025\/03\/BUG-01-Monkey-12000-Puffs-Disposable-Vape-18mL-E-Liquid-800mAh-Battery-Mesh-Coil-Multiple-Nicotine-Levels-8-18x10.webp 18w, https:\/\/euvapz.com\/wp-content\/uploads\/2025\/03\/BUG-01-Monkey-12000-Puffs-Disposable-Vape-18mL-E-Liquid-800mAh-Battery-Mesh-Coil-Multiple-Nicotine-Levels-8-430x230.webp 430w, https:\/\/euvapz.com\/wp-content\/uploads\/2025\/03\/BUG-01-Monkey-12000-Puffs-Disposable-Vape-18mL-E-Liquid-800mAh-Battery-Mesh-Coil-Multiple-Nicotine-Levels-8-700x374.webp 700w, https:\/\/euvapz.com\/wp-content\/uploads\/2025\/03\/BUG-01-Monkey-12000-Puffs-Disposable-Vape-18mL-E-Liquid-800mAh-Battery-Mesh-Coil-Multiple-Nicotine-Levels-8-150x80.webp 150w\" sizes=\"(max-width: 2000px) 100vw, 2000px\" \/><\/p>\n<p class=\"\" data-start=\"180\" data-end=\"472\">Den <strong data-start=\"184\" data-end=\"229\">BUG 01 Monkey 12000 Puffs Engangs-vape<\/strong> er en f\u00f8rsteklasses engangsdamp designet til dampere, der \u00f8nsker en kraftfuld, langvarig oplevelse uden kompromis. Med op til <strong data-start=\"355\" data-end=\"370\">12000 pust<\/strong>Denne enhed garanterer langvarig nydelse og leverer rig smag og j\u00e6vn damp til hver session.<\/p>\n<p class=\"\" data-start=\"474\" data-end=\"801\">Udstyret med en <strong data-start=\"491\" data-end=\"522\">Genopladeligt batteri p\u00e5 800 mAh<\/strong> og <strong data-start=\"527\" data-end=\"551\">Type-C hurtig opladning<\/strong>, den <strong data-start=\"557\" data-end=\"574\">BUG 01 Abe<\/strong> sikrer effektiv og ensartet str\u00f8m, s\u00e5 du kan dampe uden afbrydelser. Den <strong data-start=\"680\" data-end=\"704\">netspole-teknologi<\/strong> og <strong data-start=\"709\" data-end=\"725\">1,1 ohm kerne<\/strong> giver en j\u00e6vn opvarmningsproces, der producerer smagfuld damp ved hvert tr\u00e6k.<\/p>\n<p class=\"\" data-start=\"803\" data-end=\"1142\">Forudfyldt med <strong data-start=\"819\" data-end=\"839\">18 ml e-v\u00e6ske<\/strong>, den <strong data-start=\"845\" data-end=\"862\">BUG 01 Abe<\/strong> giver en tilfredsstillende nikotinoplevelse, f\u00e5s i <strong data-start=\"917\" data-end=\"941\">2% nikotinstyrke<\/strong> s\u00e5 den passer til dine pr\u00e6ferencer. Det justerbare luftstr\u00f8mssystem giver dig mulighed for at tilpasse dit tr\u00e6k, uanset om du foretr\u00e6kker en strammere ind\u00e5nding eller en mere \u00e5ben, hvilket g\u00f8r den ideel til b\u00e5de nybegyndere og erfarne dampere.<\/p>\n<p class=\"\" data-start=\"1144\" data-end=\"1426\">Med <strong data-start=\"1149\" data-end=\"1183\">12 unikke og sp\u00e6ndende smagsvarianter<\/strong>, herunder <strong data-start=\"1195\" data-end=\"1213\">Vandmelon-is<\/strong>, <strong data-start=\"1215\" data-end=\"1235\">Jordb\u00e6rjuice<\/strong>og <strong data-start=\"1241\" data-end=\"1256\">Grape Jelly<\/strong>, den <strong data-start=\"1262\" data-end=\"1279\">BUG 01 Abe<\/strong> garanterer en smagfuld og forfriskende oplevelse. Uanset om du kan lide frugtagtige, iskolde eller tropiske blandinger, har denne enhed en smag, der passer til din smag.<\/p>\n<h3 class=\"\" data-start=\"1428\" data-end=\"1487\"><strong data-start=\"1432\" data-end=\"1487\">BUG 01 Monkey 12000 Puffs Engangs-vape Funktioner:<\/strong><\/h3>\n<ul data-start=\"1488\" data-end=\"2229\">\n<li class=\"\" data-start=\"1488\" data-end=\"1524\">\n<p class=\"\" data-start=\"1490\" data-end=\"1524\"><strong data-start=\"1490\" data-end=\"1500\">Puffs:<\/strong> Op til <strong data-start=\"1507\" data-end=\"1522\">12000 pust<\/strong><\/p>\n<\/li>\n<li class=\"\" data-start=\"1525\" data-end=\"1559\">\n<p class=\"\" data-start=\"1527\" data-end=\"1559\"><strong data-start=\"1527\" data-end=\"1536\">Kerne:<\/strong> <strong data-start=\"1537\" data-end=\"1557\">Mesh-spole 1,1 ohm<\/strong><\/p>\n<\/li>\n<li class=\"\" data-start=\"1560\" data-end=\"1597\">\n<p class=\"\" data-start=\"1562\" data-end=\"1597\"><strong data-start=\"1562\" data-end=\"1575\">E-v\u00e6ske:<\/strong> <strong data-start=\"1576\" data-end=\"1584\">18 ml<\/strong> Forudfyldt<\/p>\n<\/li>\n<li class=\"\" data-start=\"1598\" data-end=\"1631\">\n<p class=\"\" data-start=\"1600\" data-end=\"1631\"><strong data-start=\"1600\" data-end=\"1613\">Nikotin:<\/strong> <strong data-start=\"1614\" data-end=\"1629\">2% nikotin<\/strong><\/p>\n<\/li>\n<li class=\"\" data-start=\"1632\" data-end=\"1670\">\n<p class=\"\" data-start=\"1634\" data-end=\"1670\"><strong data-start=\"1634\" data-end=\"1646\">Batteri:<\/strong> <strong data-start=\"1647\" data-end=\"1668\">800 mAh VPU indeni<\/strong><\/p>\n<\/li>\n<li class=\"\" data-start=\"1671\" data-end=\"1717\">\n<p class=\"\" data-start=\"1673\" data-end=\"1717\"><strong data-start=\"1673\" data-end=\"1690\">Genopladelig:<\/strong> <strong data-start=\"1691\" data-end=\"1715\">Type-C hurtig opladning<\/strong><\/p>\n<\/li>\n<li class=\"\" data-start=\"1718\" data-end=\"1780\">\n<p class=\"\" data-start=\"1720\" data-end=\"1780\"><strong data-start=\"1720\" data-end=\"1729\">St\u00f8rrelse:<\/strong> <strong data-start=\"1730\" data-end=\"1748\">91 * 27 * 47 mm<\/strong>, <strong data-start=\"1750\" data-end=\"1761\">V\u00e6gt:<\/strong> <strong data-start=\"1762\" data-end=\"1778\">82 g pr. enhed<\/strong><\/p>\n<\/li>\n<li class=\"\" data-start=\"1781\" data-end=\"1829\">\n<p class=\"\" data-start=\"1783\" data-end=\"1829\"><strong data-start=\"1783\" data-end=\"1805\">Indpakningsmuligheder:<\/strong> 10stk\/\u00e6ske, 200stk\/ctn<\/p>\n<\/li>\n<li class=\"\" data-start=\"1830\" data-end=\"1900\">\n<p class=\"\" data-start=\"1832\" data-end=\"1900\"><strong data-start=\"1832\" data-end=\"1848\">Kartonst\u00f8rrelse:<\/strong> <strong data-start=\"1849\" data-end=\"1867\">585<em data-start=\"1854\" data-end=\"1859\">310<\/em>248 mm<\/strong>, <strong data-start=\"1869\" data-end=\"1886\">Bruttov\u00e6gt:<\/strong> <strong data-start=\"1887\" data-end=\"1898\">17,97 kg<\/strong><\/p>\n<\/li>\n<li class=\"\" data-start=\"1901\" data-end=\"2229\">\n<p class=\"\" data-start=\"1903\" data-end=\"1927\"><strong data-start=\"1903\" data-end=\"1925\">Tilg\u00e6ngelige smagsvarianter:<\/strong><\/p>\n<ul data-start=\"1930\" data-end=\"2229\">\n<li class=\"\" data-start=\"1930\" data-end=\"1952\">\n<p class=\"\" data-start=\"1932\" data-end=\"1952\"><strong data-start=\"1932\" data-end=\"1950\">Vandmelon-is<\/strong><\/p>\n<\/li>\n<li class=\"\" data-start=\"1955\" data-end=\"1979\">\n<p class=\"\" data-start=\"1957\" data-end=\"1979\"><strong data-start=\"1957\" data-end=\"1977\">Jordb\u00e6rjuice<\/strong><\/p>\n<\/li>\n<li class=\"\" data-start=\"1982\" data-end=\"2001\">\n<p class=\"\" data-start=\"1984\" data-end=\"2001\"><strong data-start=\"1984\" data-end=\"1999\">Grape Jelly<\/strong><\/p>\n<\/li>\n<li class=\"\" data-start=\"2004\" data-end=\"2021\">\n<p class=\"\" data-start=\"2006\" data-end=\"2021\"><strong data-start=\"2006\" data-end=\"2019\">Fersken-is<\/strong><\/p>\n<\/li>\n<li class=\"\" data-start=\"2024\" data-end=\"2046\">\n<p class=\"\" data-start=\"2026\" data-end=\"2046\"><strong data-start=\"2026\" data-end=\"2044\">Bromb\u00e6r-is<\/strong><\/p>\n<\/li>\n<li class=\"\" data-start=\"2049\" data-end=\"2077\">\n<p class=\"\" data-start=\"2051\" data-end=\"2077\"><strong data-start=\"2051\" data-end=\"2075\">Sur mango ananas<\/strong><\/p>\n<\/li>\n<li class=\"\" data-start=\"2080\" data-end=\"2098\">\n<p class=\"\" data-start=\"2082\" data-end=\"2098\"><strong data-start=\"2082\" data-end=\"2096\">Citron Lime<\/strong><\/p>\n<\/li>\n<li class=\"\" data-start=\"2101\" data-end=\"2118\">\n<p class=\"\" data-start=\"2103\" data-end=\"2118\"><strong data-start=\"2103\" data-end=\"2116\">Blue Razz<\/strong><\/p>\n<\/li>\n<li class=\"\" data-start=\"2121\" data-end=\"2154\">\n<p class=\"\" data-start=\"2123\" data-end=\"2154\"><strong data-start=\"2123\" data-end=\"2152\">Passionsfrugt Appelsin Guava<\/strong><\/p>\n<\/li>\n<li class=\"\" data-start=\"2157\" data-end=\"2177\">\n<p class=\"\" data-start=\"2159\" data-end=\"2177\"><strong data-start=\"2159\" data-end=\"2175\">Energidrik<\/strong><\/p>\n<\/li>\n<li class=\"\" data-start=\"2180\" data-end=\"2201\">\n<p class=\"\" data-start=\"2182\" data-end=\"2201\"><strong data-start=\"2182\" data-end=\"2199\">Bl\u00e5b\u00e6r-is<\/strong><\/p>\n<\/li>\n<li class=\"\" data-start=\"2204\" data-end=\"2229\">\n<p class=\"\" data-start=\"2206\" data-end=\"2229\"><strong data-start=\"2206\" data-end=\"2229\">Bl\u00e5b\u00e6r Hindb\u00e6r<\/strong><\/p>\n<\/li>\n<\/ul>\n<\/li>\n<\/ul>\n<h3 class=\"\" data-start=\"2231\" data-end=\"2296\"><strong data-start=\"2235\" data-end=\"2296\">Hvorfor v\u00e6lge BUG 01 Monkey 12000 Puffs engangs-damp?<\/strong><\/h3>\n<p class=\"\" data-start=\"2298\" data-end=\"2918\">Den <strong data-start=\"2302\" data-end=\"2347\">BUG 01 Monkey 12000 Puffs Engangs-vape<\/strong> er konstrueret til at give en enest\u00e5ende dampoplevelse med <strong data-start=\"2404\" data-end=\"2424\">18 ml e-v\u00e6ske<\/strong> og <strong data-start=\"2429\" data-end=\"2444\">2% nikotin<\/strong>og giver b\u00e5de varig nydelse og tilfredsstillende smag. Enheden har f\u00f8lgende funktioner <strong data-start=\"2522\" data-end=\"2546\">netspole-teknologi<\/strong> for en j\u00e6vn, ensartet dampoplevelse, og den <strong data-start=\"2599\" data-end=\"2630\">Genopladeligt batteri p\u00e5 800 mAh<\/strong> sikrer p\u00e5lidelig ydeevne under hver session. Med en r\u00e6kke l\u00e6kre smagsvarianter som <strong data-start=\"2728\" data-end=\"2746\">Vandmelon-is<\/strong> og <strong data-start=\"2751\" data-end=\"2771\">Jordb\u00e6rjuice<\/strong>og muligheden for at justere din luftstr\u00f8m, er <strong data-start=\"2817\" data-end=\"2834\">BUG 01 Abe<\/strong> er den perfekte engangsdamp til dem, der s\u00f8ger kvalitet og variation i hvert sug.<\/p>\n<h2 data-start=\"2298\" data-end=\"2918\">\t\t\t<link rel=\"stylesheet\" id=\"elementor-post-32801-css\" href=\"https:\/\/euvapz.com\/wp-content\/uploads\/elementor\/css\/post-32801.css?ver=1778854920\" type=\"text\/css\" media=\"all\">\n\t\t\t\t\t<div data-elementor-type=\"wp-post\" data-elementor-id=\"32801\" class=\"elementor elementor-32801\" data-elementor-post-type=\"cms_block\">\n\t\t\t\t<div class=\"wd-negative-gap elementor-element elementor-element-311ef4d e-flex e-con-boxed e-con e-parent\" data-id=\"311ef4d\" data-element_type=\"container\" data-e-type=\"container\">\n\t\t\t\t\t<div class=\"e-con-inner\">\n\t\t\t\t<div class=\"elementor-element elementor-element-354d55bb color-scheme-inherit text-left elementor-widget elementor-widget-text-editor\" data-id=\"354d55bb\" data-element_type=\"widget\" data-e-type=\"widget\" data-widget_type=\"text-editor.default\">\n\t\t\t\t<div class=\"elementor-widget-container\">\n\t\t\t\t\t\t\t\t\t&nbsp;\n\n<script src=\"chrome-extension:\/\/fpelahbljekknahkcaegamhcndkfpfnc\/iFrame.js\" type=\"text\/javascript\"><\/script>\t\t\t\t\t\t\t\t<\/div>\n\t\t\t\t<\/div>\n\t\t\t\t\t<\/div>\n\t\t\t\t<\/div>\n\t\t<div class=\"wd-negative-gap elementor-element elementor-element-2f4b93b0 e-flex e-con-boxed e-con e-parent\" data-id=\"2f4b93b0\" data-element_type=\"container\" data-e-type=\"container\">\n\t\t\t\t\t<div class=\"e-con-inner\">\n\t\t\t\t\t<\/div>\n\t\t\t\t<\/div>\n\t\t<div class=\"wd-negative-gap elementor-element elementor-element-200eec29 e-flex e-con-boxed e-con e-parent\" data-id=\"200eec29\" data-element_type=\"container\" data-e-type=\"container\">\n\t\t\t\t\t<div class=\"e-con-inner\">\n\t\t\t\t<div class=\"elementor-element elementor-element-19faf1ba color-scheme-inherit text-left elementor-widget elementor-widget-text-editor\" data-id=\"19faf1ba\" data-element_type=\"widget\" data-e-type=\"widget\" data-widget_type=\"text-editor.default\">\n\t\t\t\t<div class=\"elementor-widget-container\">\n\t\t\t\t\t\t\t\t\t<h2><em><strong>OFTE STILLEDE SP\u00d8RGSM\u00c5L<\/strong><\/em><\/h2><ul><li><h2><em><strong>Hvilke forsendelsesmetoder bruger du?<\/strong><\/em><\/h2><\/li><li><h2><em><strong><span style=\"color: #333333; font-size: 16px;\">Vi samarbejder med p\u00e5lidelige transport\u00f8rer som UPS, DHL, FedEx og DPD. Afh\u00e6ngigt af destinationslandet v\u00e6lger vi den bedste forsendelsesmetode for at sikre hurtig og sikker levering af dine produkter.<\/span><\/strong><\/em><\/h2><\/li><\/ul><ul><li><h2><em><strong>Hvor lang tid g\u00e5r der, f\u00f8r min ordre kommer frem?<\/strong><\/em><\/h2><\/li><\/ul><p data-start=\"340\" data-end=\"490\"><em><strong>\u00a0 \u00a0 \u00a0 Levering tager typisk mellem 7-15 hverdage. I forbindelse med h\u00f8jtider eller ugunstige vejrforhold kan det dog tage op til 20 hverdage.<\/strong><\/em><\/p><ul><li data-start=\"492\" data-end=\"539\"><h2><em><strong>Vil min ordre blive fortoldet uden problemer?<\/strong><\/em><\/h2><\/li><li data-start=\"492\" data-end=\"539\"><h2><em><strong><span style=\"color: #333333; font-size: 16px;\">Vi h\u00e5ndterer al fortoldning for dig og sikrer en problemfri levering uden ekstra skatter eller gebyrer. Vi garanterer, at 100% af vores forsendelser bliver fortoldet uden problemer.<\/span><\/strong><\/em><\/h2><\/li><\/ul><ul><li data-start=\"718\" data-end=\"747\"><h2><em><strong>Kan jeg stole p\u00e5 jeres service?<\/strong><\/em><\/h2><\/li><li data-start=\"718\" data-end=\"747\"><h2><em><strong><span style=\"color: #333333; font-size: 16px;\">Helt sikkert! Vi accepterer PayPal for sikre betalinger, og dit k\u00f8b er beskyttet af PayPals k\u00f8berbeskyttelse. Du kan ogs\u00e5 tjekke vores TrustPilot-anmeldelser for at se, hvad andre kunder siger om os.<\/span><\/strong><\/em><\/h2><\/li><\/ul>\t\t\t\t\t\t\t\t<\/div>\n\t\t\t\t<\/div>\n\t\t\t\t\t<\/div>\n\t\t\t\t<\/div>\n\t\t<div class=\"wd-negative-gap elementor-element elementor-element-d4517fd e-flex e-con-boxed e-con e-parent\" data-id=\"d4517fd\" data-element_type=\"container\" data-e-type=\"container\">\n\t\t\t\t\t<div class=\"e-con-inner\">\n\t\t\t\t<div class=\"elementor-element elementor-element-11cb93e5 elementor-widget elementor-widget-wd_button\" data-id=\"11cb93e5\" data-element_type=\"widget\" data-e-type=\"widget\" data-widget_type=\"wd_button.default\">\n\t\t\t\t<div class=\"elementor-widget-container\">\n\t\t\t\t\t\t\t<div class=\"wd-button-wrapper text-left\" >\n\t\t\t<a class=\"btn btn-style-link btn-style- btn-size-extra-large btn-scheme-inherit btn-scheme-hover-custom btn-icon-pos-right\"  href=\"https:\/\/euvapz.com\/da\/faqs\/\">\n\t\t\t\t<span class=\"wd-btn-text\" data-elementor-setting-key=\"text\">\n\t\t\t\t\tKlik her for flere ofte stillede sp\u00f8rgsm\u00e5l.\t\t\t\t<\/span>\n\n\t\t\t\t\t\t\t<\/a>\n\t\t<\/div>\n\t\t\t\t\t\t<\/div>\n\t\t\t\t<\/div>\n\t\t\t\t\t<\/div>\n\t\t\t\t<\/div>\n\t\t\t\t<\/div>\n\t\t<\/h2>\n<p><script src=\"chrome-extension:\/\/fpelahbljekknahkcaegamhcndkfpfnc\/iFrame.js\" type=\"text\/javascript\"><\/script><\/p>\n<p><script src=\"chrome-extension:\/\/fpelahbljekknahkcaegamhcndkfpfnc\/iFrame.js\" type=\"text\/javascript\"><\/script><\/p>","protected":false},"excerpt":{"rendered":"<p>BUG 01 Monkey 12000 Puffs Disposable Vape tilbyder op til 12000 pust, 18 ml e-v\u00e6ske og mesh coil-teknologi, der f\u00e5s i smagsvarianter som Watermelon Ice og Strawberry Juice med 2% nikotinstyrke.<\/p>","protected":false},"featured_media":33789,"comment_status":"open","ping_status":"closed","template":"","meta":[],"product_brand":[200],"product_cat":[201],"product_tag":[],"class_list":{"0":"post-33420","1":"product","2":"type-product","3":"status-publish","4":"has-post-thumbnail","6":"product_brand-bug-disposable-vape","7":"product_cat-bug-disposable-vape","9":"first","10":"instock","11":"shipping-taxable","12":"purchasable","13":"product-type-variable"},"_links":{"self":[{"href":"https:\/\/euvapz.com\/da\/wp-json\/wp\/v2\/product\/33420","targetHints":{"allow":["GET"]}}],"collection":[{"href":"https:\/\/euvapz.com\/da\/wp-json\/wp\/v2\/product"}],"about":[{"href":"https:\/\/euvapz.com\/da\/wp-json\/wp\/v2\/types\/product"}],"replies":[{"embeddable":true,"href":"https:\/\/euvapz.com\/da\/wp-json\/wp\/v2\/comments?post=33420"}],"version-history":[{"count":4,"href":"https:\/\/euvapz.com\/da\/wp-json\/wp\/v2\/product\/33420\/revisions"}],"predecessor-version":[{"id":33799,"href":"https:\/\/euvapz.com\/da\/wp-json\/wp\/v2\/product\/33420\/revisions\/33799"}],"wp:featuredmedia":[{"embeddable":true,"href":"https:\/\/euvapz.com\/da\/wp-json\/wp\/v2\/media\/33789"}],"wp:attachment":[{"href":"https:\/\/euvapz.com\/da\/wp-json\/wp\/v2\/media?parent=33420"}],"wp:term":[{"taxonomy":"product_brand","embeddable":true,"href":"https:\/\/euvapz.com\/da\/wp-json\/wp\/v2\/product_brand?post=33420"},{"taxonomy":"product_cat","embeddable":true,"href":"https:\/\/euvapz.com\/da\/wp-json\/wp\/v2\/product_cat?post=33420"},{"taxonomy":"product_tag","embeddable":true,"href":"https:\/\/euvapz.com\/da\/wp-json\/wp\/v2\/product_tag?post=33420"}],"curies":[{"name":"wp","href":"https:\/\/api.w.org\/{rel}","templated":true}]}}