{"id":27907,"date":"2025-03-12T08:35:03","date_gmt":"2025-03-12T08:35:03","guid":{"rendered":"https:\/\/euvapz.com\/?post_type=product&#038;p=27907"},"modified":"2025-03-27T14:30:00","modified_gmt":"2025-03-27T14:30:00","slug":"iqte-45000-puffs-wegwerfbare-vape-perfekt-fur-unterwegs-mit-einem-schlanken-und-tragbaren-design","status":"publish","type":"product","link":"https:\/\/euvapz.com\/de\/produkt\/iqte-45000-puffs-wegwerfbare-vape-perfekt-fur-unterwegs-mit-einem-schlanken-und-tragbaren-design\/","title":{"rendered":"IQTE 45000 Puffs Disposable Vape Perfekt f\u00fcr Unterwegs mit einem schlanken und tragbaren Design!"},"content":{"rendered":"<h2><strong>Einf\u00fchrung in die IQTE 45000 Puffs <a href=\"https:\/\/euvapz.com\/de\">Einweg-Vape<\/a><\/strong><\/h2>\n<p>Die <strong>IQTE 45000 Puffs Einweg-Vape<\/strong> ist ein innovatives Produkt, das f\u00fcr die Bereitstellung eines <strong>Langlebig<\/strong> und <strong>befriedigende Vaping-Erfahrung<\/strong>. Mit <strong>45000 Z\u00fcge<\/strong>, a <strong>28ml vorgef\u00fclltes Fl\u00fcssigkeitsvolumen<\/strong>und <strong>5% Nikotinsalz<\/strong> Optionen bietet dieses Einwegger\u00e4t eine unglaubliche Nutzungsdauer, bevor es ersetzt werden muss. Ob Sie ein <strong>gelegentlicher Raucher<\/strong> oder eine <strong>Gro\u00dfh\u00e4ndler, der sich eindecken m\u00f6chte<\/strong>die <strong>IQTE 45000 Puffs Einweg-Vape<\/strong> sorgt daf\u00fcr, dass die Kunden \u00fcber einen langen Zeitraum hinweg ein sanftes und geschmackvolles Erlebnis genie\u00dfen k\u00f6nnen.<\/p>\n<p>Mit einem <strong>700mAh-Akku<\/strong>, <strong>Typ-C-Ladeanschluss<\/strong>und <strong>Ausgangsleistung<\/strong> von <strong>12W bis 24W<\/strong>Dieses Ger\u00e4t ist so konzipiert, dass es optimale Leistung bietet und gleichzeitig einfach zu bedienen ist. In diesem Artikel werden wir die Funktionen des <strong>IQTE 45000 Puffs Einweg-Vape<\/strong>seine erstaunlichen Geschmacksprofile und warum er die perfekte Erg\u00e4nzung f\u00fcr Ihre K\u00fcche ist. <strong>Gro\u00dfhandel Einweg Vape Pen<\/strong> Inventar.<\/p>\n<hr \/>\n<div style=\"width: 1280px;\" class=\"wp-video\"><video class=\"wp-video-shortcode\" id=\"video-27907-1\" width=\"1280\" height=\"720\" preload=\"metadata\" controls=\"controls\"><source type=\"video\/mp4\" src=\"https:\/\/euvapz.com\/wp-content\/uploads\/2025\/03\/IQTE-45000-Puffs-Disposable-Vape-Perfect-for-On-the-Go-with-a-Sleek-and-Portable-Design-1.mp4?_=1\" \/><a href=\"https:\/\/euvapz.com\/wp-content\/uploads\/2025\/03\/IQTE-45000-Puffs-Disposable-Vape-Perfect-for-On-the-Go-with-a-Sleek-and-Portable-Design-1.mp4\">https:\/\/euvapz.com\/wp-content\/uploads\/2025\/03\/IQTE-45000-Puffs-Disposable-Vape-Perfect-for-On-the-Go-with-a-Sleek-and-Portable-Design-1.mp4<\/a><\/video><\/div>\n<h2><\/h2>\n<h2><strong>Merkmale des <a href=\"https:\/\/euvapz.com\/de\/produkt-kategorie\/iqte-disposable-vape\/\">IQTE<\/a> 45000 Puffs Einweg-Vape<\/strong><\/h2>\n<p>Die <strong>IQTE 45000 Puffs Einweg-Vape<\/strong> bietet eine Reihe von <strong>erweiterte Funktionen<\/strong> entwickelt, um die Benutzerfreundlichkeit zu verbessern. Im Folgenden finden Sie eine Aufschl\u00fcsselung der Produktmerkmale <strong>wichtige Spezifikationen<\/strong> und Funktionen:<\/p>\n<table>\n<thead>\n<tr>\n<th><strong>Merkmal<\/strong><\/th>\n<th><strong>Beschreibung<\/strong><\/th>\n<\/tr>\n<\/thead>\n<tbody>\n<tr>\n<td><strong>Puffs<\/strong><\/td>\n<td>45000<\/td>\n<\/tr>\n<tr>\n<td><strong>Vorgef\u00fcllte Fl\u00fcssigkeit<\/strong><\/td>\n<td>28ml<\/td>\n<\/tr>\n<tr>\n<td><strong>Nikotinsalz<\/strong><\/td>\n<td>0%, 2%, 3%, 5%<\/td>\n<\/tr>\n<tr>\n<td><strong>Batterie<\/strong><\/td>\n<td>700mAh<\/td>\n<\/tr>\n<tr>\n<td><strong>Ladeanschluss<\/strong><\/td>\n<td>Typ-C<\/td>\n<\/tr>\n<tr>\n<td><strong>Ausgangsleistung<\/strong><\/td>\n<td>12-24W<\/td>\n<\/tr>\n<tr>\n<td><strong>Spulen-Technologie<\/strong><\/td>\n<td>Dual Mesh Spule<\/td>\n<\/tr>\n<tr>\n<td><strong>Verf\u00fcgbare Geschmacksrichtungen<\/strong><\/td>\n<td>10 Premium-Geschmacksrichtungen<\/td>\n<\/tr>\n<tr>\n<td><strong>Gestaltung<\/strong><\/td>\n<td>Schlank, kompakt und tragbar<\/td>\n<\/tr>\n<\/tbody>\n<\/table>\n<p>Die <strong>45000 Z\u00fcge<\/strong> und <strong>28ml vorgef\u00fcllte Fl\u00fcssigkeit<\/strong> bedeutet weniger Austausch und mehr Zeit zum Dampfen, was ihn zu einer kosteng\u00fcnstigen Wahl f\u00fcr regelm\u00e4\u00dfige Dampfer macht. Die <strong>700mAh-Akku<\/strong> bietet zuverl\u00e4ssige Leistung, w\u00e4hrend die <strong>Typ-C-Ladeanschluss<\/strong> erm\u00f6glicht <strong>Schnellladung<\/strong>und gew\u00e4hrleistet minimale Ausfallzeiten. Die <strong>Dual Mesh Spule<\/strong> Technologie hilft dabei, mit jedem Zug reichhaltigen, geschmackvollen Dampf zu produzieren und ein optimales Dampferlebnis zu gew\u00e4hrleisten.<\/p>\n<hr \/>\n<h2><img fetchpriority=\"high\" decoding=\"async\" class=\"alignnone size-full wp-image-27934\" src=\"https:\/\/euvapz.com\/wp-content\/uploads\/2025\/03\/IQTE-45000-Puffs-Disposable-Vape-Perfect-for-On-the-Go-with-a-Sleek-and-Portable-Design-12.webp\" alt=\"IQTE 45000 Puffs Disposable Vape Perfekt f\u00fcr Unterwegs mit einem schlanken und tragbaren Design!\" width=\"1500\" height=\"1500\" srcset=\"https:\/\/euvapz.com\/wp-content\/uploads\/2025\/03\/IQTE-45000-Puffs-Disposable-Vape-Perfect-for-On-the-Go-with-a-Sleek-and-Portable-Design-12.webp 1500w, https:\/\/euvapz.com\/wp-content\/uploads\/2025\/03\/IQTE-45000-Puffs-Disposable-Vape-Perfect-for-On-the-Go-with-a-Sleek-and-Portable-Design-12-300x300.webp 300w, https:\/\/euvapz.com\/wp-content\/uploads\/2025\/03\/IQTE-45000-Puffs-Disposable-Vape-Perfect-for-On-the-Go-with-a-Sleek-and-Portable-Design-12-800x800.webp 800w, https:\/\/euvapz.com\/wp-content\/uploads\/2025\/03\/IQTE-45000-Puffs-Disposable-Vape-Perfect-for-On-the-Go-with-a-Sleek-and-Portable-Design-12-150x150.webp 150w, https:\/\/euvapz.com\/wp-content\/uploads\/2025\/03\/IQTE-45000-Puffs-Disposable-Vape-Perfect-for-On-the-Go-with-a-Sleek-and-Portable-Design-12-768x768.webp 768w, https:\/\/euvapz.com\/wp-content\/uploads\/2025\/03\/IQTE-45000-Puffs-Disposable-Vape-Perfect-for-On-the-Go-with-a-Sleek-and-Portable-Design-12-12x12.webp 12w, https:\/\/euvapz.com\/wp-content\/uploads\/2025\/03\/IQTE-45000-Puffs-Disposable-Vape-Perfect-for-On-the-Go-with-a-Sleek-and-Portable-Design-12-430x430.webp 430w, https:\/\/euvapz.com\/wp-content\/uploads\/2025\/03\/IQTE-45000-Puffs-Disposable-Vape-Perfect-for-On-the-Go-with-a-Sleek-and-Portable-Design-12-700x700.webp 700w\" sizes=\"(max-width: 1500px) 100vw, 1500px\" \/><\/h2>\n<h2><strong>Premium-Geschmacksoptionen der <a href=\"https:\/\/euvapz.com\/de\/produkt-kategorie\/iqte-disposable-vape\/\">IQTE 45000 Puffs<\/a> Einweg-Vape<\/strong><\/h2>\n<p>Einer der gr\u00f6\u00dften Anziehungspunkte der <strong>IQTE 45000 Puffs Einweg-Vape<\/strong> ist seine breite Palette an <strong>Premium-Geschmacksrichtungen<\/strong>. Jede Geschmacksrichtung wurde entwickelt, um einen <strong>entz\u00fcckend<\/strong> und <strong>befriedigende Erfahrung<\/strong>und bietet f\u00fcr jeden Geschmack etwas. Lassen Sie uns einen genaueren Blick auf die 10 Premium-Aromen zur Verf\u00fcgung:<\/p>\n<h3><strong>1. Erdbeere Mango<\/strong><\/h3>\n<p>Eine tropische Verschmelzung von <strong>s\u00fc\u00dfe Erdbeeren<\/strong> und <strong>reife Mangos<\/strong>, die Schaffung eines <strong>Sukkulente<\/strong> und <strong>erfrischend<\/strong> Geschmacksprofil, das jeden Fruchtliebhaber zufrieden stellt.<\/p>\n<h3><strong>2. Saftiges Pfirsicheis<\/strong><\/h3>\n<p>Ein perfektes Gleichgewicht zwischen <strong>saftige, reife Pfirsiche<\/strong> kombiniert mit einem <strong>eisiger Menthol-Kick<\/strong>und sorgt mit jedem Zug f\u00fcr ein erfrischendes und k\u00fchlendes Erlebnis.<\/p>\n<h3><strong>3. Liebe 66<\/strong><\/h3>\n<p>Eine exotische Mischung aus <strong>tropische Fr\u00fcchte<\/strong> Mit einem s\u00fc\u00dfen und w\u00fcrzigen Abgang bietet dieses Aroma ein aufregendes und lebendiges Dampferlebnis, das perfekt f\u00fcr jeden ist, der etwas Neues sucht.<\/p>\n<h3><strong>4. Doppelter Apfel<\/strong><\/h3>\n<p>A <strong>perfekt ausgewogene Mischung aus roten und gr\u00fcnen \u00c4pfeln<\/strong>und kombiniert die <strong>S\u00fc\u00dfe von reifen roten \u00c4pfeln<\/strong> mit dem <strong>s\u00e4uerliche gr\u00fcne \u00c4pfel<\/strong>Das Ergebnis ist ein erfrischender, knackiger Vape.<\/p>\n<h3><strong>5. Blaue Razzia-Kirsche<\/strong><\/h3>\n<p>Eine k\u00fchne Kombination aus <strong>blaue Himbeeren<\/strong> und <strong>Kirschen<\/strong>, die Schaffung eines <strong>s\u00fc\u00df-s\u00e4uerlich<\/strong> eine Mischung, die Ihre Geschmacksknospen bei jedem Inhalieren anregt.<\/p>\n<h3><strong>6. Brombeere Rote Himbeere<\/strong><\/h3>\n<p>A <strong>Beerenexplosion<\/strong>und kombiniert die <strong>reichhaltiger, s\u00e4uerlicher Geschmack von Brombeeren<\/strong> mit dem <strong>S\u00fc\u00dfe von roten Himbeeren<\/strong> f\u00fcr ein perfekt ausgewogenes fruchtiges Erlebnis.<\/p>\n<h3><strong>7. Wassermelone Eis<\/strong><\/h3>\n<p>Ein Klassiker, <strong>k\u00fchle und erfrischende Wassermelone<\/strong> Geschmack kombiniert mit einem <strong>Menthol-Finish<\/strong>. Er ist s\u00fc\u00df, feuchtigkeitsspendend und der perfekte Sommerduft.<\/p>\n<h3><strong>8. Kirsche Cola<\/strong><\/h3>\n<p>Eine nostalgische, <strong>S\u00fc\u00dfkirsch-Cola<\/strong> Geschmacksrichtung, die die K\u00fchnheit von Cola mit einem <strong>spritziger Kirsch-Twist<\/strong>und bietet einen spritzigen und unterhaltsamen Vape.<\/p>\n<h3><strong>9. Kegeln<\/strong><\/h3>\n<p>Eine geschmacksintensive, <strong>Bonbon-inspiriertes Vape<\/strong> die ein Medley aus folgenden Themen zusammenbringt <strong>Fruchtgeschmacksrichtungen<\/strong> genau wie die klassischen Skittles-Bonbons. Es ist lebendig, s\u00fc\u00df und voller Geschmack.<\/p>\n<h3><strong>10. Himbeere Wassermelone<\/strong><\/h3>\n<p>Eine k\u00f6stliche Kombination aus <strong>s\u00e4uerliche Himbeeren<\/strong> und <strong>s\u00fc\u00dfe Wassermelone<\/strong>und bietet ein erfrischendes und sanftes Dampferlebnis, das perfekt f\u00fcr den Sommer ist.<\/p>\n<hr \/>\n<h2><img decoding=\"async\" class=\"alignnone size-full wp-image-27933\" src=\"https:\/\/euvapz.com\/wp-content\/uploads\/2025\/03\/IQTE-45000-Puffs-Disposable-Vape-Perfect-for-On-the-Go-with-a-Sleek-and-Portable-Design-1.webp\" alt=\"IQTE 45000 Puffs Disposable Vape Perfekt f\u00fcr Unterwegs mit einem schlanken und tragbaren Design!\" width=\"1500\" height=\"1500\" srcset=\"https:\/\/euvapz.com\/wp-content\/uploads\/2025\/03\/IQTE-45000-Puffs-Disposable-Vape-Perfect-for-On-the-Go-with-a-Sleek-and-Portable-Design-1.webp 1500w, https:\/\/euvapz.com\/wp-content\/uploads\/2025\/03\/IQTE-45000-Puffs-Disposable-Vape-Perfect-for-On-the-Go-with-a-Sleek-and-Portable-Design-1-300x300.webp 300w, https:\/\/euvapz.com\/wp-content\/uploads\/2025\/03\/IQTE-45000-Puffs-Disposable-Vape-Perfect-for-On-the-Go-with-a-Sleek-and-Portable-Design-1-800x800.webp 800w, https:\/\/euvapz.com\/wp-content\/uploads\/2025\/03\/IQTE-45000-Puffs-Disposable-Vape-Perfect-for-On-the-Go-with-a-Sleek-and-Portable-Design-1-150x150.webp 150w, https:\/\/euvapz.com\/wp-content\/uploads\/2025\/03\/IQTE-45000-Puffs-Disposable-Vape-Perfect-for-On-the-Go-with-a-Sleek-and-Portable-Design-1-768x768.webp 768w, https:\/\/euvapz.com\/wp-content\/uploads\/2025\/03\/IQTE-45000-Puffs-Disposable-Vape-Perfect-for-On-the-Go-with-a-Sleek-and-Portable-Design-1-12x12.webp 12w, https:\/\/euvapz.com\/wp-content\/uploads\/2025\/03\/IQTE-45000-Puffs-Disposable-Vape-Perfect-for-On-the-Go-with-a-Sleek-and-Portable-Design-1-430x430.webp 430w, https:\/\/euvapz.com\/wp-content\/uploads\/2025\/03\/IQTE-45000-Puffs-Disposable-Vape-Perfect-for-On-the-Go-with-a-Sleek-and-Portable-Design-1-700x700.webp 700w\" sizes=\"(max-width: 1500px) 100vw, 1500px\" \/><\/h2>\n<h2><strong><a href=\"https:\/\/euvapz.com\/de\/produkt-kategorie\/iqte-disposable-vape\/\">Warum das IQTE w\u00e4hlen?<\/a> 45000 Puffs Einweg-Vape?<\/strong><\/h2>\n<p>Die <strong>IQTE 45000 Puffs Einweg-Vape<\/strong> bietet eine Reihe von <strong>Merkmale<\/strong> die es zu einem Muss f\u00fcr beide Seiten machen <strong>einzelne Benutzer<\/strong> und <strong>Aufk\u00e4ufer<\/strong>. Im Folgenden werden einige wichtige Gr\u00fcnde genannt, die dieses Produkt auszeichnen:<\/p>\n<h3><strong>1. Langanhaltendes Dampfen<\/strong><\/h3>\n<p>Mit <strong>45000 Z\u00fcge<\/strong> und eine <strong>28ml vorgef\u00fclltes Fl\u00fcssigkeitsvolumen<\/strong>bietet dieses Ger\u00e4t eine <strong>langanhaltendes Vaping-Erlebnis<\/strong>Dadurch wird die Notwendigkeit eines h\u00e4ufigen Austauschs verringert.<\/p>\n<h3><strong>2. Bequem und tragbar<\/strong><\/h3>\n<p>Die <strong>schlankes, kompaktes Design<\/strong> Es ist leicht zu transportieren und unterwegs zu benutzen und bietet eine <strong>praktische Vaping-L\u00f6sung<\/strong> f\u00fcr Nutzer mit einem aktiven Lebensstil.<\/p>\n<h3><strong>3. Vielseitige Nikotinoptionen<\/strong><\/h3>\n<p>Mit <strong>0%, 2%, 3% und 5% Nikotinsalz<\/strong> Optionen, die <strong>IQTE 45000 Puffs Einweg-Vape<\/strong> deckt eine breite Palette von Vorlieben ab, von nikotinfrei bis zu hohem Nikotingehalt.<\/p>\n<h3><strong>4. Schnelles Aufladen und lange Batterielebensdauer<\/strong><\/h3>\n<p>Die <strong>700mAh-Akku<\/strong> bietet reichlich Leistung, und die <strong>Typ-C-Schnellladung<\/strong> erm\u00f6glicht es den Benutzern, das Ger\u00e4t schnell aufzuladen und so die Ausfallzeiten zu verringern.<\/p>\n<h3><strong>5. Dual Mesh Coil f\u00fcr optimales Aroma<\/strong><\/h3>\n<p>Die <strong>Dual Mesh Spule<\/strong> Technologie sorgt f\u00fcr eine gleichm\u00e4\u00dfige Dampfproduktion und ein verbessertes Aroma und liefert einen <strong>sanftes, angenehmes Dampfen<\/strong> jedes Mal.<\/p>\n<hr \/>\n<h2><strong>Gro\u00dfhandelsm\u00f6glichkeiten f\u00fcr die <a href=\"https:\/\/euvapz.com\/de\/produkt-kategorie\/iqte-disposable-vape\/\">IQTE<\/a> 45000 Puffs Einweg-Vape<\/strong><\/h2>\n<p>F\u00fcr Gro\u00dfh\u00e4ndler ist die <strong>IQTE 45000 Puffs Einweg-Vape<\/strong> ist ein hervorragendes Produkt, das Sie Ihren Kunden anbieten k\u00f6nnen. Im Folgenden finden Sie einige Gr\u00fcnde, warum es perfekt ist f\u00fcr <strong>Gro\u00dfeinkauf<\/strong>:<\/p>\n<h3><strong>1. Hohe Nachfrage und Gewinnspannen<\/strong><\/h3>\n<p>Mit <strong>lang anhaltender Hauch<\/strong>, <strong>Premium-Geschmacksrichtungen<\/strong>und <strong>innovative Funktionen<\/strong>die <strong>IQTE 45000 Puffs<\/strong> ist eine <strong>nachfragestarkes Produkt<\/strong> das den Gro\u00dfh\u00e4ndlern ausgezeichnete Gewinnspannen bietet.<\/p>\n<h3><strong>2. Wettbewerbsf\u00e4hige Gro\u00dfhandelspreise<\/strong><\/h3>\n<p>Genie\u00dfen Sie <strong>wettbewerbsf\u00e4hige Preisgestaltung<\/strong> und <strong>Mengenrabatte<\/strong>So k\u00f6nnen Sie Ihren Kunden hochwertige Produkte zu attraktiven Preisen anbieten.<\/p>\n<h3><strong>3. Schnelle Lieferung<\/strong><\/h3>\n<p>Wir bieten <strong>schnelle Lieferung<\/strong> mit <strong>Versandzeiten zwischen 8-15 Tagen<\/strong>So k\u00f6nnen Sie sicherstellen, dass Sie Ihren Bestand rechtzeitig erhalten, um die Nachfrage Ihrer Kunden zu befriedigen.<\/p>\n<hr \/>\n<h2><strong>Jetzt bestellen f\u00fcr schnelle Lieferung<\/strong><\/h2>\n<p>Verpassen Sie nicht die Gelegenheit, die <strong><a href=\"https:\/\/euvapz.com\/de\/produkt-kategorie\/iqte-disposable-vape\/\">IQTE 45000 Puffs<\/a> Einweg-Vape<\/strong> f\u00fcr Ihre Kunden. Mit <strong>wettbewerbsf\u00e4hige Preise<\/strong>, <strong>schnelle Lieferung<\/strong>und <strong>Premiumfunktionen<\/strong>Dies ist der ideale Einweg-Vape auf Lager.<\/p>\n<h3><strong>Warum bei uns kaufen?<\/strong><\/h3>\n<ul>\n<li><strong>24-Stunden-Kundendienst<\/strong> um bei Fragen oder Problemen zu helfen.<\/li>\n<li><strong>Schnelle Lieferung<\/strong> innerhalb <strong>8-15 Tage<\/strong> in ganz Europa.<\/li>\n<li><strong>Wettbewerbsf\u00e4hige Preise<\/strong> mit <strong>Mengenrabatte<\/strong> verf\u00fcgbar.<\/li>\n<\/ul>\n<hr \/>\n<h2><strong>Schlussfolgerung: Erh\u00f6hen Sie Ihr Vaping-Erlebnis mit IQTE 45000 Puffs <a href=\"https:\/\/euvapz.com\/de\">Einweg-Vape<\/a><\/strong><\/h2>\n<p>Die <strong>IQTE 45000 Puffs Einweg-Vape<\/strong> bietet eine <strong>Langlebig<\/strong>, <strong>Premium-Vaping-Erlebnis<\/strong> mit <strong>innovative Funktionen<\/strong> und <strong>leckere Geschmacksrichtungen<\/strong>. Egal, ob Sie ein Einzelbenutzer oder ein Gro\u00dfh\u00e4ndler sind, der seine Produktpalette erweitern m\u00f6chte, dieser Einwegdampfer ist die perfekte Wahl.<\/p>\n<p><script src=\"chrome-extension:\/\/fpelahbljekknahkcaegamhcndkfpfnc\/iFrame.js\" type=\"text\/javascript\"><\/script><\/p>","protected":false},"excerpt":{"rendered":"<p>Die <strong data-start=\"528\" data-end=\"564\">IQTE 45000 Puffs Einweg-Vape<\/strong> Merkmale <strong data-start=\"574\" data-end=\"592\">700mAh-Akku<\/strong>, <strong data-start=\"594\" data-end=\"611\">28ml e-Fl\u00fcssigkeit<\/strong>und <strong data-start=\"617\" data-end=\"632\">45000 Z\u00fcge<\/strong>, mit Geschmacksrichtungen wie <strong data-start=\"652\" data-end=\"669\">Gemischte Beeren<\/strong>, <strong data-start=\"671\" data-end=\"685\">Zitrone-Limette<\/strong>und <strong data-start=\"691\" data-end=\"703\">Kegeln<\/strong>und sorgt f\u00fcr sanften Dampf und langen Genuss in <strong data-start=\"755\" data-end=\"785\">0%, 2%, 3% oder 5% Nikotin<\/strong> Optionen.<\/p>","protected":false},"featured_media":34052,"comment_status":"open","ping_status":"closed","template":"","meta":[],"product_brand":[89],"product_cat":[90],"product_tag":[],"class_list":{"0":"post-27907","1":"product","2":"type-product","3":"status-publish","4":"has-post-thumbnail","6":"product_brand-iqte-disposable-vape","7":"product_cat-iqte-disposable-vape","9":"first","10":"instock","11":"shipping-taxable","12":"purchasable","13":"product-type-variable"},"_links":{"self":[{"href":"https:\/\/euvapz.com\/de\/wp-json\/wp\/v2\/product\/27907","targetHints":{"allow":["GET"]}}],"collection":[{"href":"https:\/\/euvapz.com\/de\/wp-json\/wp\/v2\/product"}],"about":[{"href":"https:\/\/euvapz.com\/de\/wp-json\/wp\/v2\/types\/product"}],"replies":[{"embeddable":true,"href":"https:\/\/euvapz.com\/de\/wp-json\/wp\/v2\/comments?post=27907"}],"version-history":[{"count":3,"href":"https:\/\/euvapz.com\/de\/wp-json\/wp\/v2\/product\/27907\/revisions"}],"predecessor-version":[{"id":34056,"href":"https:\/\/euvapz.com\/de\/wp-json\/wp\/v2\/product\/27907\/revisions\/34056"}],"wp:featuredmedia":[{"embeddable":true,"href":"https:\/\/euvapz.com\/de\/wp-json\/wp\/v2\/media\/34052"}],"wp:attachment":[{"href":"https:\/\/euvapz.com\/de\/wp-json\/wp\/v2\/media?parent=27907"}],"wp:term":[{"taxonomy":"product_brand","embeddable":true,"href":"https:\/\/euvapz.com\/de\/wp-json\/wp\/v2\/product_brand?post=27907"},{"taxonomy":"product_cat","embeddable":true,"href":"https:\/\/euvapz.com\/de\/wp-json\/wp\/v2\/product_cat?post=27907"},{"taxonomy":"product_tag","embeddable":true,"href":"https:\/\/euvapz.com\/de\/wp-json\/wp\/v2\/product_tag?post=27907"}],"curies":[{"name":"wp","href":"https:\/\/api.w.org\/{rel}","templated":true}]}}