{"id":29562,"date":"2025-03-21T13:42:34","date_gmt":"2025-03-21T13:42:34","guid":{"rendered":"https:\/\/euvapz.com\/?post_type=product&#038;p=29562"},"modified":"2025-03-24T08:54:10","modified_gmt":"2025-03-24T08:54:10","slug":"bang-42000-puffs-blaze-disposable-vape-unmatched-performance-with-mesh-coil","status":"publish","type":"product","link":"https:\/\/euvapz.com\/de\/produkt\/bang-42000-puffs-blaze-disposable-vape-unmatched-performance-with-mesh-coil\/","title":{"rendered":"BANG 42000 Puffs BLAZE Disposable Vape Unerreichte Leistung mit Mesh Coil"},"content":{"rendered":"<p data-start=\"144\" data-end=\"443\">Die <strong data-start=\"148\" data-end=\"190\">BANG 42000 Puffs BLAZE Disposable Vape<\/strong> wurde f\u00fcr Vaper entwickelt, die ein <strong data-start=\"224\" data-end=\"244\">Hochleistungsf\u00e4hig<\/strong>, <strong data-start=\"246\" data-end=\"262\">Langlebig<\/strong> device. With <strong data-start=\"276\" data-end=\"298\">up to 42,000 puffs<\/strong>, this vape offers extended satisfaction, providing a consistent and enjoyable experience throughout without the need for frequent replacements.<\/p>\n<p data-start=\"445\" data-end=\"830\">Ausgestattet mit einem <strong data-start=\"461\" data-end=\"493\">1000mAh wiederaufladbare Batterie<\/strong>die <strong data-start=\"499\" data-end=\"513\">BANG BLAZE<\/strong> ensures consistent power delivery, keeping your vaping sessions smooth and uninterrupted. The <strong data-start=\"608\" data-end=\"627\">Typ-C-Laden<\/strong> feature allows for quick recharges, so you&#8217;re always ready to vape. With its <strong data-start=\"705\" data-end=\"730\">0.6ohm dual mesh coil<\/strong>, this vape delivers dense vapor and intense flavor, providing a premium experience with every puff.<\/p>\n<p data-start=\"832\" data-end=\"1171\">Vorgef\u00fcllt mit <strong data-start=\"848\" data-end=\"876\">30mL of premium e-liquid<\/strong>die <strong data-start=\"882\" data-end=\"896\">BANG BLAZE<\/strong> offers a satisfying nicotine experience, available in <strong data-start=\"951\" data-end=\"982\">0%, 2%, 3%, and 5% nicotine<\/strong> strengths to cater to your preferences. The <strong data-start=\"1027\" data-end=\"1049\">einstellbarer Luftstrom<\/strong> system allows you to customize your draw, whether you prefer a tight hit or a more open inhale for a smoother experience.<\/p>\n<p data-start=\"1173\" data-end=\"1491\">With 12 fantastic flavors to choose from, including <strong data-start=\"1225\" data-end=\"1233\">Minze<\/strong>, <strong data-start=\"1235\" data-end=\"1258\">Heidelbeere-Himbeere<\/strong>und <strong data-start=\"1264\" data-end=\"1289\">Erdbeere Wassermelone<\/strong>die <strong data-start=\"1295\" data-end=\"1337\">BANG 42000 Puffs BLAZE Disposable Vape<\/strong> offers a flavorful experience that can satisfy anyone&#8217;s taste. Whether you like fruity, icy, or refreshing notes, this device has something for everyone.<\/p>\n<p data-start=\"1493\" data-end=\"1678\">Experience the perfect balance of <strong data-start=\"1527\" data-end=\"1536\">Macht<\/strong>, <strong data-start=\"1538\" data-end=\"1553\">Leistung<\/strong>und <strong data-start=\"1559\" data-end=\"1575\">satisfaction<\/strong> mit dem <strong data-start=\"1585\" data-end=\"1627\">BANG 42000 Puffs BLAZE Disposable Vape<\/strong>\u2014the ultimate choice for those who demand the best.<\/p>\n<h2 data-start=\"1680\" data-end=\"1724\"><strong data-start=\"1680\" data-end=\"1706\">BANG 42000 Puffs BLAZE<\/strong><br data-start=\"1706\" data-end=\"1709\" \/><strong data-start=\"1709\" data-end=\"1722\">Merkmale:<\/strong><\/h2>\n<ul data-start=\"1725\" data-end=\"1923\">\n<li data-start=\"1725\" data-end=\"1752\"><strong data-start=\"1727\" data-end=\"1736\">Puffs<\/strong>: Up to 42,000<\/li>\n<li data-start=\"1753\" data-end=\"1775\"><strong data-start=\"1755\" data-end=\"1767\">E-Fl\u00fcssigkeit<\/strong>: 30mL<\/li>\n<li data-start=\"1776\" data-end=\"1808\"><strong data-start=\"1778\" data-end=\"1790\">Nikotin<\/strong>: 0%, 2%, 3%, 5%<\/li>\n<li data-start=\"1809\" data-end=\"1833\"><strong data-start=\"1811\" data-end=\"1822\">Batterie<\/strong>: 1000mAh<\/li>\n<li data-start=\"1834\" data-end=\"1862\"><strong data-start=\"1836\" data-end=\"1852\">Wiederaufladbar<\/strong>: Typ-C<\/li>\n<li data-start=\"1863\" data-end=\"1898\"><strong data-start=\"1865\" data-end=\"1873\">Kern<\/strong>: 0.6ohm Dual Mesh Coil<\/li>\n<li data-start=\"1899\" data-end=\"1923\"><strong data-start=\"1901\" data-end=\"1921\">Unterst\u00fctzt OEM\/ODM<\/strong><\/li>\n<\/ul>\n<h2 data-start=\"1925\" data-end=\"1972\"><strong data-start=\"1925\" data-end=\"1951\">BANG 42000 Puffs BLAZE<\/strong><br data-start=\"1951\" data-end=\"1954\" \/><strong data-start=\"1954\" data-end=\"1970\">Geschmacksliste:<\/strong><\/h2>\n<ul data-start=\"1973\" data-end=\"2188\">\n<li data-start=\"1973\" data-end=\"1981\">Minze<\/li>\n<li data-start=\"1982\" data-end=\"2000\">Blueberry Mint<\/li>\n<li data-start=\"2001\" data-end=\"2018\">Double Apples<\/li>\n<li data-start=\"2019\" data-end=\"2032\">Pfirsich-Eis<\/li>\n<li data-start=\"2033\" data-end=\"2056\">Heidelbeere-Himbeere<\/li>\n<li data-start=\"2057\" data-end=\"2074\">Blaubeereis<\/li>\n<li data-start=\"2075\" data-end=\"2094\">Blueberry Peach<\/li>\n<li data-start=\"2095\" data-end=\"2109\">Watermelon<\/li>\n<li data-start=\"2110\" data-end=\"2135\">Erdbeere Wassermelone<\/li>\n<li data-start=\"2136\" data-end=\"2157\">Strawberry Lychee<\/li>\n<li data-start=\"2158\" data-end=\"2172\">Weintrauben-Minze<\/li>\n<li data-start=\"2173\" data-end=\"2188\">Gemischtes Obst<\/li>\n<\/ul>\n<p data-start=\"2190\" data-end=\"2432\" data-is-last-node=\"\" data-is-only-node=\"\">Die <strong data-start=\"2194\" data-end=\"2236\">BANG 42000 Puffs BLAZE Disposable Vape<\/strong> bietet eine <strong data-start=\"2246\" data-end=\"2276\">superior vaping experience<\/strong> with long-lasting performance, <strong data-start=\"2308\" data-end=\"2327\">Premium-Geschmacksrichtungen<\/strong>, and the latest mesh coil technology, making it the perfect choice for both casual and dedicated vapers.<\/p>\n<h2 data-start=\"2190\" data-end=\"2432\">\t\t\t<link rel=\"stylesheet\" id=\"elementor-post-32801-css\" href=\"https:\/\/euvapz.com\/wp-content\/uploads\/elementor\/css\/post-32801.css?ver=1778854920\" type=\"text\/css\" media=\"all\">\n\t\t\t\t\t<div data-elementor-type=\"wp-post\" data-elementor-id=\"32801\" class=\"elementor elementor-32801\" data-elementor-post-type=\"cms_block\">\n\t\t\t\t<div class=\"wd-negative-gap elementor-element elementor-element-311ef4d e-flex e-con-boxed e-con e-parent\" data-id=\"311ef4d\" data-element_type=\"container\" data-e-type=\"container\">\n\t\t\t\t\t<div class=\"e-con-inner\">\n\t\t\t\t<div class=\"elementor-element elementor-element-354d55bb color-scheme-inherit text-left elementor-widget elementor-widget-text-editor\" data-id=\"354d55bb\" data-element_type=\"widget\" data-e-type=\"widget\" data-widget_type=\"text-editor.default\">\n\t\t\t\t<div class=\"elementor-widget-container\">\n\t\t\t\t\t\t\t\t\t&nbsp;\n\n<script src=\"chrome-extension:\/\/fpelahbljekknahkcaegamhcndkfpfnc\/iFrame.js\" type=\"text\/javascript\"><\/script>\t\t\t\t\t\t\t\t<\/div>\n\t\t\t\t<\/div>\n\t\t\t\t\t<\/div>\n\t\t\t\t<\/div>\n\t\t<div class=\"wd-negative-gap elementor-element elementor-element-2f4b93b0 e-flex e-con-boxed e-con e-parent\" data-id=\"2f4b93b0\" data-element_type=\"container\" data-e-type=\"container\">\n\t\t\t\t\t<div class=\"e-con-inner\">\n\t\t\t\t\t<\/div>\n\t\t\t\t<\/div>\n\t\t<div class=\"wd-negative-gap elementor-element elementor-element-200eec29 e-flex e-con-boxed e-con e-parent\" data-id=\"200eec29\" data-element_type=\"container\" data-e-type=\"container\">\n\t\t\t\t\t<div class=\"e-con-inner\">\n\t\t\t\t<div class=\"elementor-element elementor-element-19faf1ba color-scheme-inherit text-left elementor-widget elementor-widget-text-editor\" data-id=\"19faf1ba\" data-element_type=\"widget\" data-e-type=\"widget\" data-widget_type=\"text-editor.default\">\n\t\t\t\t<div class=\"elementor-widget-container\">\n\t\t\t\t\t\t\t\t\t<h2><em><strong>FAQS<\/strong><\/em><\/h2><ul><li><h2><em><strong>Welche Versandmethoden verwenden Sie?<\/strong><\/em><\/h2><\/li><li><h2><em><strong><span style=\"color: #333333; font-size: 16px;\">Wir arbeiten mit zuverl\u00e4ssigen Transportunternehmen wie UPS, DHL, FedEx und DPD zusammen. Je nach Zielland w\u00e4hlen wir die beste Versandmethode, um eine schnelle und sichere Lieferung Ihrer Produkte zu gew\u00e4hrleisten.<\/span><\/strong><\/em><\/h2><\/li><\/ul><ul><li><h2><em><strong>Wie lange dauert es, bis meine Bestellung ankommt?<\/strong><\/em><\/h2><\/li><\/ul><p data-start=\"340\" data-end=\"490\"><em><strong>\u00a0 \u00a0 \u00a0 Normalerweise dauert die Lieferung zwischen 7 und 15 Werktagen. W\u00e4hrend der Haupturlaubszeit oder bei ung\u00fcnstigen Wetterbedingungen kann es jedoch bis zu 20 Werktage dauern.<\/strong><\/em><\/p><ul><li data-start=\"492\" data-end=\"539\"><h2><em><strong>Wird meine Bestellung ohne Probleme durch den Zoll gehen?<\/strong><\/em><\/h2><\/li><li data-start=\"492\" data-end=\"539\"><h2><em><strong><span style=\"color: #333333; font-size: 16px;\">Wir \u00fcbernehmen die gesamte Zollabfertigung f\u00fcr Sie und sorgen f\u00fcr eine reibungslose Lieferung ohne zus\u00e4tzliche Steuern oder Geb\u00fchren. Wir garantieren, dass 100% unserer Sendungen ohne Probleme verzollt werden.<\/span><\/strong><\/em><\/h2><\/li><\/ul><ul><li data-start=\"718\" data-end=\"747\"><h2><em><strong>Kann ich Ihrem Service vertrauen?<\/strong><\/em><\/h2><\/li><li data-start=\"718\" data-end=\"747\"><h2><em><strong><span style=\"color: #333333; font-size: 16px;\">Unbedingt! Wir akzeptieren PayPal f\u00fcr sichere Zahlungen, und Ihr Kauf ist durch den K\u00e4uferschutz von PayPal gesch\u00fctzt. Sie k\u00f6nnen auch unsere TrustPilot-Bewertungen lesen, um zu sehen, was andere Kunden \u00fcber uns sagen.<\/span><\/strong><\/em><\/h2><\/li><\/ul>\t\t\t\t\t\t\t\t<\/div>\n\t\t\t\t<\/div>\n\t\t\t\t\t<\/div>\n\t\t\t\t<\/div>\n\t\t<div class=\"wd-negative-gap elementor-element elementor-element-d4517fd e-flex e-con-boxed e-con e-parent\" data-id=\"d4517fd\" data-element_type=\"container\" data-e-type=\"container\">\n\t\t\t\t\t<div class=\"e-con-inner\">\n\t\t\t\t<div class=\"elementor-element elementor-element-11cb93e5 elementor-widget elementor-widget-wd_button\" data-id=\"11cb93e5\" data-element_type=\"widget\" data-e-type=\"widget\" data-widget_type=\"wd_button.default\">\n\t\t\t\t<div class=\"elementor-widget-container\">\n\t\t\t\t\t\t\t<div class=\"wd-button-wrapper text-left\" >\n\t\t\t<a class=\"btn btn-style-link btn-style- btn-size-extra-large btn-scheme-inherit btn-scheme-hover-custom btn-icon-pos-right\"  href=\"https:\/\/euvapz.com\/de\/faqs\/\">\n\t\t\t\t<span class=\"wd-btn-text\" data-elementor-setting-key=\"text\">\n\t\t\t\t\tKlicken Sie hier f\u00fcr weitere FAQs.\t\t\t\t<\/span>\n\n\t\t\t\t\t\t\t<\/a>\n\t\t<\/div>\n\t\t\t\t\t\t<\/div>\n\t\t\t\t<\/div>\n\t\t\t\t\t<\/div>\n\t\t\t\t<\/div>\n\t\t\t\t<\/div>\n\t\t<\/h2>","protected":false},"excerpt":{"rendered":"<p>Die <strong data-start=\"7\" data-end=\"49\">BANG 42000 Puffs BLAZE Disposable Vape<\/strong> Angebote <strong data-start=\"57\" data-end=\"88\">0%, 2%, 3%, and 5% nicotine<\/strong>, <strong data-start=\"90\" data-end=\"109\">1000mAh-Akku<\/strong>und <strong data-start=\"115\" data-end=\"140\">0.6ohm dual mesh coil<\/strong>, with refreshing flavors like <strong data-start=\"171\" data-end=\"194\">Heidelbeere-Himbeere<\/strong> und <strong data-start=\"199\" data-end=\"212\">Pfirsich-Eis<\/strong> for a long-lasting vape.<\/p>","protected":false},"featured_media":29564,"comment_status":"open","ping_status":"closed","template":"","meta":[],"product_brand":[78],"product_cat":[77],"product_tag":[],"class_list":{"0":"post-29562","1":"product","2":"type-product","3":"status-publish","4":"has-post-thumbnail","6":"product_brand-bang-disposable-vape","7":"product_cat-bang-disposable-vape","9":"first","10":"instock","11":"shipping-taxable","12":"purchasable","13":"product-type-variable"},"_links":{"self":[{"href":"https:\/\/euvapz.com\/de\/wp-json\/wp\/v2\/product\/29562","targetHints":{"allow":["GET"]}}],"collection":[{"href":"https:\/\/euvapz.com\/de\/wp-json\/wp\/v2\/product"}],"about":[{"href":"https:\/\/euvapz.com\/de\/wp-json\/wp\/v2\/types\/product"}],"replies":[{"embeddable":true,"href":"https:\/\/euvapz.com\/de\/wp-json\/wp\/v2\/comments?post=29562"}],"version-history":[{"count":2,"href":"https:\/\/euvapz.com\/de\/wp-json\/wp\/v2\/product\/29562\/revisions"}],"predecessor-version":[{"id":32866,"href":"https:\/\/euvapz.com\/de\/wp-json\/wp\/v2\/product\/29562\/revisions\/32866"}],"wp:featuredmedia":[{"embeddable":true,"href":"https:\/\/euvapz.com\/de\/wp-json\/wp\/v2\/media\/29564"}],"wp:attachment":[{"href":"https:\/\/euvapz.com\/de\/wp-json\/wp\/v2\/media?parent=29562"}],"wp:term":[{"taxonomy":"product_brand","embeddable":true,"href":"https:\/\/euvapz.com\/de\/wp-json\/wp\/v2\/product_brand?post=29562"},{"taxonomy":"product_cat","embeddable":true,"href":"https:\/\/euvapz.com\/de\/wp-json\/wp\/v2\/product_cat?post=29562"},{"taxonomy":"product_tag","embeddable":true,"href":"https:\/\/euvapz.com\/de\/wp-json\/wp\/v2\/product_tag?post=29562"}],"curies":[{"name":"wp","href":"https:\/\/api.w.org\/{rel}","templated":true}]}}