{"id":34476,"date":"2025-05-07T09:53:33","date_gmt":"2025-05-07T09:53:33","guid":{"rendered":"https:\/\/euvapz.com\/?post_type=product&#038;p=34476"},"modified":"2025-05-08T03:48:33","modified_gmt":"2025-05-08T03:48:33","slug":"fizzy-zwillinge-50000-puffs-doppelgeschmack-mesh-spule-vape","status":"publish","type":"product","link":"https:\/\/euvapz.com\/de\/produkt\/fizzy-zwillinge-50000-puffs-doppelgeschmack-mesh-spule-vape\/","title":{"rendered":"FIZZY Twins 50000 Z\u00fcge Dual-Aroma Mesh Coil Vape"},"content":{"rendered":"<h2 data-start=\"79\" data-end=\"389\"><strong data-start=\"83\" data-end=\"126\">FIZZY Twins 50000 Puffs Einweg Vape Produkt Beschreibung:<\/strong><\/h2>\n<p class=\"\" data-start=\"79\" data-end=\"389\">Die <strong data-start=\"83\" data-end=\"126\">FIZZY Twins 50000 Puffs Einweg-Vape<\/strong> wurde f\u00fcr ernsthafte Dampfer entwickelt, die sich nach erweiterter Leistung, dynamischem Geschmack und schlankem Design sehnen. Verpackt mit einer massiven <strong data-start=\"248\" data-end=\"274\">50ml e-Fl\u00fcssigkeit Kapazit\u00e4t<\/strong>liefert dieses Ger\u00e4t <strong data-start=\"297\" data-end=\"319\">bis zu 50.000 Z\u00fcge<\/strong>Das macht ihn zu einem echten Alleinstellungsmerkmal in der Welt der Einwegprodukte mit hohem Fassungsverm\u00f6gen.<\/p>\n<p class=\"\" data-start=\"391\" data-end=\"692\">Angetrieben von einem robusten <strong data-start=\"411\" data-end=\"442\">850mAh wiederaufladbare Batterie<\/strong>und ausgestattet mit <strong data-start=\"462\" data-end=\"491\">Doppelmaschige Spulentechnologie<\/strong>Der FIZZY Twins sorgt f\u00fcr dichten Dampf, schnelle Erw\u00e4rmung und unglaublich sanfte Z\u00fcge vom ersten bis zum letzten Zug. Egal ob Sie ein Wolkenj\u00e4ger oder ein Geschmacksliebhaber sind, dieses Ger\u00e4t ist gebaut, um zu beeindrucken.<\/p>\n<p class=\"\" data-start=\"694\" data-end=\"903\">Jede<strong data-start=\"83\" data-end=\"126\">FIZZY Zwillinge 50000 Puffs\u00a0<\/strong>Twins vape Merkmale <strong data-start=\"725\" data-end=\"764\">zwei k\u00f6stliche Geschmacksrichtungen in einem Ger\u00e4t<\/strong>und bietet ein vielschichtiges Geschmackserlebnis, ohne das Ger\u00e4t wechseln zu m\u00fcssen. Von eisigen Fr\u00fcchten bis zu sprudelnden Mischungen - eine Symphonie des Geschmacks.<\/p>\n<h2 data-start=\"79\" data-end=\"389\"><strong data-start=\"83\" data-end=\"126\">FIZZY Zwillinge 50000 Puffs <\/strong>Geschmackliche H\u00f6hepunkte:<\/h2>\n<ul data-start=\"928\" data-end=\"2096\">\n<li class=\"\" data-start=\"928\" data-end=\"1032\">\n<p class=\"\" data-start=\"930\" data-end=\"1032\"><strong data-start=\"930\" data-end=\"966\">Wassermeloneneis &amp; Erdbeer-Kiwi<\/strong> - Ein frostiger Hauch von Wassermelone, der durch saftige Erdbeer-Kiwi ausgeglichen wird.<\/p>\n<\/li>\n<li class=\"\" data-start=\"1033\" data-end=\"1142\">\n<p class=\"\" data-start=\"1035\" data-end=\"1142\"><strong data-start=\"1035\" data-end=\"1077\">Erdbeer-Kiwi-Granatapfel &amp; Red Bull<\/strong> - S\u00fc\u00dfe und spritzige Fr\u00fcchte gepaart mit einem kr\u00e4ftigen Energydrink-Abgang.<\/p>\n<\/li>\n<li class=\"\" data-start=\"1143\" data-end=\"1225\">\n<p class=\"\" data-start=\"1145\" data-end=\"1225\"><strong data-start=\"1145\" data-end=\"1178\">Heidelbeer-Kokosnuss-Trauben-Eis<\/strong> - Exotische Cremigkeit trifft auf eine k\u00fchle Traubenbowle.<\/p>\n<\/li>\n<li class=\"\" data-start=\"1226\" data-end=\"1339\">\n<p class=\"\" data-start=\"1228\" data-end=\"1339\"><strong data-start=\"1228\" data-end=\"1265\">Blue Razz Limonade &amp; Dreifach-Melone<\/strong> - S\u00e4uerliche Zitrusfr\u00fcchte funkeln mit kandierten Beeren, gefolgt von einer \u00fcppigen Melonenmischung.<\/p>\n<\/li>\n<li class=\"\" data-start=\"1340\" data-end=\"1440\">\n<p class=\"\" data-start=\"1342\" data-end=\"1440\"><strong data-start=\"1342\" data-end=\"1383\">Erdbeer-Wassermelone-Blaubeer-Eis<\/strong> - Ein Traum f\u00fcr Fruchtliebhaber mit einer k\u00fchlenden Heidelbeerbrise.<\/p>\n<\/li>\n<li class=\"\" data-start=\"1441\" data-end=\"1545\">\n<p class=\"\" data-start=\"1443\" data-end=\"1545\"><strong data-start=\"1443\" data-end=\"1489\">Pfirsich Mango Wassermelone &amp; Erdbeere Banane<\/strong> - Eine tropische Explosion verschmilzt mit cremigem Fruchtkomfort.<\/p>\n<\/li>\n<li class=\"\" data-start=\"1546\" data-end=\"1640\">\n<p class=\"\" data-start=\"1548\" data-end=\"1640\"><strong data-start=\"1548\" data-end=\"1599\">Himbeere Wassermelone &amp; Kiwi Passionsfrucht Guave<\/strong> - Vielschichtig, saftig und sehr erfrischend.<\/p>\n<\/li>\n<li class=\"\" data-start=\"1641\" data-end=\"1743\">\n<p class=\"\" data-start=\"1643\" data-end=\"1743\"><strong data-start=\"1643\" data-end=\"1698\">Ananas Pfirsich Passionsfrucht &amp; Heidelbeere Himbeere<\/strong> - Ein s\u00fc\u00df-saurer Twist mit exotischen Untert\u00f6nen.<\/p>\n<\/li>\n<li class=\"\" data-start=\"1744\" data-end=\"1820\">\n<p class=\"\" data-start=\"1746\" data-end=\"1820\"><strong data-start=\"1746\" data-end=\"1777\">Wassermeloneneis &amp; Zitrone-Limette<\/strong> - Eine klassische Erfrischung mit Zitrusfruchtgeschmack.<\/p>\n<\/li>\n<li class=\"\" data-start=\"1821\" data-end=\"1904\">\n<p class=\"\" data-start=\"1823\" data-end=\"1904\"><strong data-start=\"1823\" data-end=\"1850\">Eis mit gemischten Beeren und Pfirsich<\/strong> - S\u00fc\u00dfe Beerenfusion mit einem weichen, eisigen Pfirsichabgang.<\/p>\n<\/li>\n<li class=\"\" data-start=\"1905\" data-end=\"1998\">\n<p class=\"\" data-start=\"1907\" data-end=\"1998\"><strong data-start=\"1907\" data-end=\"1940\">Erdbeer-Eis &amp; Sprudel-Kirsche<\/strong> - Ein prickelnder Kirschgenuss, der durch gefrorene Erdbeeren aufgewertet wird.<\/p>\n<\/li>\n<li class=\"\" data-start=\"1999\" data-end=\"2096\">\n<p class=\"\" data-start=\"2001\" data-end=\"2096\"><strong data-start=\"2001\" data-end=\"2040\">Himbeerlimonade &amp; Erdbeereis<\/strong> - Leuchtendes Zitrusaroma, ausgeglichen durch k\u00fchle, reife Erdbeere.<\/p>\n<\/li>\n<\/ul>\n<p class=\"\" data-start=\"2098\" data-end=\"2267\">Egal, ob Sie s\u00fc\u00df, sauer, eisig oder sprudelnd m\u00f6gen, <strong data-start=\"2145\" data-end=\"2207\">FIZZY Twins bietet in jedem Ger\u00e4t ein perfekt aufeinander abgestimmtes Paar<\/strong>und definiert das Einwegdampfen mit Vielfalt und Leistung neu.<\/p>","protected":false},"excerpt":{"rendered":"<p><strong>FIZZY Zwillinge 50000 Puffs<\/strong> 50ml e-Fl\u00fcssigkeit, reich Mesh-Spule Geschmack mit Dual-Geschmack Mischungen wie Himbeere Wassermelone &amp; Kiwi Passionsfrucht Guave.<\/p>","protected":false},"featured_media":34485,"comment_status":"open","ping_status":"closed","template":"","meta":[],"product_brand":[],"product_cat":[84],"product_tag":[],"class_list":{"0":"post-34476","1":"product","2":"type-product","3":"status-publish","4":"has-post-thumbnail","6":"product_cat-fizzy-disposable-vape","8":"first","9":"instock","10":"shipping-taxable","11":"purchasable","12":"product-type-variable"},"_links":{"self":[{"href":"https:\/\/euvapz.com\/de\/wp-json\/wp\/v2\/product\/34476","targetHints":{"allow":["GET"]}}],"collection":[{"href":"https:\/\/euvapz.com\/de\/wp-json\/wp\/v2\/product"}],"about":[{"href":"https:\/\/euvapz.com\/de\/wp-json\/wp\/v2\/types\/product"}],"replies":[{"embeddable":true,"href":"https:\/\/euvapz.com\/de\/wp-json\/wp\/v2\/comments?post=34476"}],"version-history":[{"count":3,"href":"https:\/\/euvapz.com\/de\/wp-json\/wp\/v2\/product\/34476\/revisions"}],"predecessor-version":[{"id":35456,"href":"https:\/\/euvapz.com\/de\/wp-json\/wp\/v2\/product\/34476\/revisions\/35456"}],"wp:featuredmedia":[{"embeddable":true,"href":"https:\/\/euvapz.com\/de\/wp-json\/wp\/v2\/media\/34485"}],"wp:attachment":[{"href":"https:\/\/euvapz.com\/de\/wp-json\/wp\/v2\/media?parent=34476"}],"wp:term":[{"taxonomy":"product_brand","embeddable":true,"href":"https:\/\/euvapz.com\/de\/wp-json\/wp\/v2\/product_brand?post=34476"},{"taxonomy":"product_cat","embeddable":true,"href":"https:\/\/euvapz.com\/de\/wp-json\/wp\/v2\/product_cat?post=34476"},{"taxonomy":"product_tag","embeddable":true,"href":"https:\/\/euvapz.com\/de\/wp-json\/wp\/v2\/product_tag?post=34476"}],"curies":[{"name":"wp","href":"https:\/\/api.w.org\/{rel}","templated":true}]}}