{"id":36033,"date":"2025-05-27T02:37:46","date_gmt":"2025-05-27T02:37:46","guid":{"rendered":"https:\/\/euvapz.com\/?post_type=product&#038;p=36033"},"modified":"2025-05-27T02:37:47","modified_gmt":"2025-05-27T02:37:47","slug":"crystal-mary-groove-50000-puffs-smart-powerful-unubertroffen","status":"publish","type":"product","link":"https:\/\/euvapz.com\/de\/produkt\/crystal-mary-groove-50000-puffs-smart-powerful-unubertroffen\/","title":{"rendered":"CRYSTAL MARY Groove 50000 PUFFS Smart Leistungsstark und un\u00fcbertroffen"},"content":{"rendered":"<h2 data-start=\"130\" data-end=\"150\"><strong data-start=\"134\" data-end=\"150\">CRYSTAL MARY Groove 50000 PUFFS Einf\u00fchrung<\/strong><\/h2>\n<p data-start=\"152\" data-end=\"578\">Treten Sie ein in die Zukunft des Einweg-Dampfens mit dem <strong data-start=\"203\" data-end=\"238\">CRYSTAL MARY Rille 50000 PUFFS Einweg Vape\u00a0<\/strong>ein Ger\u00e4t mit hoher Kapazit\u00e4t und intelligenten Funktionen, das f\u00fcr Geschmack, Leistung und Kontrolle entwickelt wurde. Entwickelt mit erstklassigen Funktionen und unerreichter Langlebigkeit, ist dieses Ger\u00e4t ein echter Spielver\u00e4nderer f\u00fcr erfahrene Dampfer und Neulinge gleicherma\u00dfen. Egal, ob Sie auf der Suche nach Wolken oder purem Geschmack sind, der Groove 50K liefert mit jedem Zug ein sanftes, anpassbares Erlebnis.<\/p>\n<p data-start=\"580\" data-end=\"882\">Dies ist nicht nur ein weiterer Wegwerfartikel - es ist ein <strong data-start=\"624\" data-end=\"665\">Revolution in Sachen Komfort und Kontrolle<\/strong>in einem schlanken, kompakten Design verpackt und mit modernster Technologie ausgestattet. Vom intelligenten Touchscreen bis zur einstellbaren Luftstr\u00f6mung und den Dual-Mesh-Spulen, <strong data-start=\"817\" data-end=\"844\">CRYSTAL MARY Groove 50K Einweg-Vape\u00a0<\/strong> ist gebaut, um zu beeindrucken, Puff f\u00fcr Puff.<\/p>\n<hr data-start=\"884\" data-end=\"887\" \/>\n<h2 data-start=\"889\" data-end=\"905\"><strong data-start=\"893\" data-end=\"905\">CRYSTAL MARY Groove 50000 PUFFS Merkmale<\/strong><\/h2>\n<ul data-start=\"907\" data-end=\"2144\">\n<li data-start=\"907\" data-end=\"1152\">\n<p data-start=\"909\" data-end=\"1152\"><strong data-start=\"909\" data-end=\"946\">Massive Puffzahl - 50.000 Puffs<\/strong><br data-start=\"946\" data-end=\"949\" \/>Die <strong data-start=\"955\" data-end=\"990\">CRYSTAL MARY Rille 50000 PUFFS Einweg Vape\u00a0<\/strong> liefert bis zu <strong data-start=\"1006\" data-end=\"1019\">50K Puffs<\/strong>und bietet eine der h\u00f6chsten Puffzahlen auf dem heutigen Markt. Langlebig und ideal f\u00fcr Vielraucher oder diejenigen, die Wert auf Komfort legen.<\/p>\n<\/li>\n<li data-start=\"1154\" data-end=\"1425\">\n<p data-start=\"1156\" data-end=\"1425\"><strong data-start=\"1156\" data-end=\"1200\">Intelligenter Touchscreen mit NIC- und ICE-Steuerung<\/strong><br data-start=\"1200\" data-end=\"1203\" \/>\u00dcbernehmen Sie die Kontrolle \u00fcber Ihr Vape mit einem integrierten <strong data-start=\"1247\" data-end=\"1268\">intelligenter Touchscreen<\/strong> die eine Echtzeitanpassung der <strong data-start=\"1305\" data-end=\"1317\">Nikotin<\/strong> und <strong data-start=\"1322\" data-end=\"1336\">Eismengen<\/strong>. Stimmen Sie jeden Zug genau auf Ihre Vorlieben ab - egal, ob Sie es frech, cool oder sanft m\u00f6gen.<\/p>\n<\/li>\n<li data-start=\"1427\" data-end=\"1641\">\n<p data-start=\"1429\" data-end=\"1641\"><strong data-start=\"1429\" data-end=\"1461\">Dual Mesh Spule - 0.6\u03a9 + 1.5\u03a9<\/strong><br data-start=\"1461\" data-end=\"1464\" \/>Die <strong data-start=\"1470\" data-end=\"1495\">Doppelmaschiges Spulensystem<\/strong> sorgt f\u00fcr gleichm\u00e4\u00dfige Erw\u00e4rmung, verbesserten Geschmack und weichere Wolken. Egal, ob Sie einen Geschmack Chaser oder Wolke Enthusiasten sind, liefert diese Spule Konfiguration.<\/p>\n<\/li>\n<li data-start=\"1643\" data-end=\"1788\">\n<p data-start=\"1645\" data-end=\"1788\"><strong data-start=\"1645\" data-end=\"1674\">Einstellbares Luftstromsystem<\/strong><br data-start=\"1674\" data-end=\"1677\" \/>Passen Sie den Zugwiderstand f\u00fcr ein engeres Mund-zu-Lunge-Erlebnis oder einen lockereren, luftigeren direkten Lungenzug an.<\/p>\n<\/li>\n<li data-start=\"1790\" data-end=\"1983\">\n<p data-start=\"1792\" data-end=\"1983\"><strong data-start=\"1792\" data-end=\"1834\">Wiederaufladbar mit Typ-C-Schnellladefunktion<\/strong><br data-start=\"1834\" data-end=\"1837\" \/>Ausgestattet mit einem <strong data-start=\"1855\" data-end=\"1866\">1000mAh<\/strong> wiederaufladbare Batterie und <strong data-start=\"1892\" data-end=\"1902\">Typ-C<\/strong> Schnellladeanschluss erhalten Sie eine ununterbrochene Leistung mit kurzen Aufladezeiten.<\/p>\n<\/li>\n<li data-start=\"1985\" data-end=\"2144\">\n<p data-start=\"1987\" data-end=\"2144\"><strong data-start=\"1987\" data-end=\"2023\">Kompaktes und reisefreundliches Design<\/strong><br data-start=\"2023\" data-end=\"2026\" \/>Mit nur <strong data-start=\"2036\" data-end=\"2062\">51,1 x 21,5 x 106,96 mm<\/strong> und Wiegen <strong data-start=\"2076\" data-end=\"2084\">130g<\/strong>Es ist ultra-portabel, ohne auf Leistung oder Funktionen zu verzichten.<\/p>\n<\/li>\n<\/ul>\n<hr data-start=\"2146\" data-end=\"2149\" \/>\n<h2 data-start=\"2151\" data-end=\"2176\"><strong data-start=\"2155\" data-end=\"2176\">CRYSTAL MARY Groove 50000 PUFFS Verf\u00fcgbare Geschmacksrichtungen<\/strong><\/h2>\n<p data-start=\"2178\" data-end=\"2347\">Entdecken Sie eine dynamische Palette von Geschmacksrichtungen, die jeden Gaumen zufrieden stellen. Ob Sie nun fruchtige, minzige, saure oder von S\u00fc\u00dfigkeiten inspirierte Profile bevorzugen, es gibt einen Geschmack f\u00fcr jede Stimmung.<\/p>\n<ol data-start=\"2349\" data-end=\"3060\">\n<li data-start=\"2349\" data-end=\"2429\">\n<p data-start=\"2352\" data-end=\"2429\"><strong data-start=\"2352\" data-end=\"2369\">Blaues Razzeis<\/strong> - Ein Hauch von saftiger blauer Himbeere mit einem k\u00fchlen Abgang.<\/p>\n<\/li>\n<li data-start=\"2430\" data-end=\"2489\">\n<p data-start=\"2433\" data-end=\"2489\"><strong data-start=\"2433\" data-end=\"2447\">Miami Mint<\/strong> - K\u00fchl, knackig und erfrischend weich.<\/p>\n<\/li>\n<li data-start=\"2490\" data-end=\"2550\">\n<p data-start=\"2493\" data-end=\"2550\"><strong data-start=\"2493\" data-end=\"2511\">Wassermelone Eis<\/strong> - Sommerliche S\u00fc\u00dfe mit einer k\u00fchlen Note.<\/p>\n<\/li>\n<li data-start=\"2551\" data-end=\"2625\">\n<p data-start=\"2554\" data-end=\"2625\"><strong data-start=\"2554\" data-end=\"2574\">Strawberry B-Pop<\/strong> - Pralles Beerenaroma mit einem Hauch von S\u00fc\u00dfe.<\/p>\n<\/li>\n<li data-start=\"2626\" data-end=\"2690\">\n<p data-start=\"2629\" data-end=\"2690\"><strong data-start=\"2629\" data-end=\"2647\">Saurer Apfel Eis<\/strong> - S\u00e4uerlicher gr\u00fcner Apfel trifft auf eisige Untert\u00f6ne.<\/p>\n<\/li>\n<li data-start=\"2691\" data-end=\"2755\">\n<p data-start=\"2694\" data-end=\"2755\"><strong data-start=\"2694\" data-end=\"2718\">Saure Mango-Ananas<\/strong> - Tropischer Twist mit einem sauren Kick.<\/p>\n<\/li>\n<li data-start=\"2756\" data-end=\"2811\">\n<p data-start=\"2759\" data-end=\"2811\"><strong data-start=\"2759\" data-end=\"2774\">Zitronenk\u00f6pfe<\/strong> - Zitrusfruchtige Sch\u00e4rfe, die es in sich hat.<\/p>\n<\/li>\n<li data-start=\"2812\" data-end=\"2887\">\n<p data-start=\"2815\" data-end=\"2887\"><strong data-start=\"2815\" data-end=\"2838\">Bananen-Toffee einfrieren<\/strong> - Cremige Banane mit einem nostalgischen Bonbon-Abgang.<\/p>\n<\/li>\n<li data-start=\"2888\" data-end=\"2983\">\n<p data-start=\"2891\" data-end=\"2983\"><strong data-start=\"2891\" data-end=\"2901\">Sauer F<\/strong>*ing Fab** - K\u00fchn, spritzig und unversch\u00e4mt sauer (f\u00fcr extreme Geschmacksliebhaber).<\/p>\n<\/li>\n<li data-start=\"2984\" data-end=\"3060\">\n<p data-start=\"2988\" data-end=\"3060\"><strong data-start=\"2988\" data-end=\"3017\">Erdbeer-Kiwi-Erfrischer<\/strong> - Eine fruchtige Verschmelzung klassischer Sommervibes.<\/p>\n<\/li>\n<\/ol>\n<hr data-start=\"3062\" data-end=\"3065\" \/>\n<h2 data-start=\"3067\" data-end=\"3100\"><strong data-start=\"3071\" data-end=\"3100\">FAQ - R\u00fcckgabe und Umtausch<\/strong><\/h2>\n<p data-start=\"3102\" data-end=\"3443\"><strong data-start=\"3102\" data-end=\"3185\">F: Wie sieht Ihr R\u00fcckgabe- und Umtauschrecht f\u00fcr CRYSTAL MARY Groove 50000 PUFFS aus?<\/strong><br data-start=\"3185\" data-end=\"3188\" \/>Wir sind der Kundenzufriedenheit verpflichtet und stehen f\u00fcr die Qualit\u00e4t der <strong data-start=\"3266\" data-end=\"3293\">CRYSTAL MARY Rille 50K<\/strong>. Wenn Ihr Produkt defekt, besch\u00e4digt oder in erheblichem Ma\u00dfe nicht wie beschrieben geliefert wird, k\u00f6nnen Sie eine <strong data-start=\"3392\" data-end=\"3428\">R\u00fcckgabe oder Umtausch innerhalb von 7 Tagen<\/strong> der Lieferung.<\/p>\n<ul data-start=\"3444\" data-end=\"3731\">\n<li data-start=\"3444\" data-end=\"3503\">\n<p data-start=\"3446\" data-end=\"3503\">Die Gegenst\u00e4nde m\u00fcssen <strong data-start=\"3460\" data-end=\"3470\">unbenutzt<\/strong> und in <strong data-start=\"3478\" data-end=\"3500\">Originalverpackung<\/strong>.<\/p>\n<\/li>\n<li data-start=\"3504\" data-end=\"3634\">\n<p data-start=\"3506\" data-end=\"3634\">Um eine R\u00fcckgabe oder einen Umtausch zu veranlassen, bitten wir Sie <strong data-start=\"3547\" data-end=\"3584\">Kontakt zu unserem Kundendienstteam<\/strong> mit Ihrer Bestellnummer und Fotos des Problems.<\/p>\n<\/li>\n<li data-start=\"3635\" data-end=\"3731\">\n<p data-start=\"3637\" data-end=\"3731\">Nach der Genehmigung werden wir einen <strong data-start=\"3670\" data-end=\"3700\">Ersatz oder volle R\u00fcckerstattung<\/strong>je nach Ihren Vorlieben.<\/p>\n<\/li>\n<\/ul>\n<p data-start=\"3733\" data-end=\"3822\"><em data-start=\"3733\" data-end=\"3822\">Bitte beachten Sie: Aus Hygiene- und Sicherheitsgr\u00fcnden akzeptieren wir keine R\u00fccksendungen f\u00fcr gebrauchte Artikel.<\/em><\/p>","protected":false},"excerpt":{"rendered":"<p>Erleben Sie bis zu 50.000 Z\u00fcge mit <strong>CRYSTAL MARY Rille 50000 PUFFS<\/strong> <strong>Einweg-Vape<\/strong> - mit zwei Mesh-Coils, einstellbarem Luftstrom und einem intelligenten Touchscreen f\u00fcr eine vollst\u00e4ndige Nikotin- und Eiskontrolle.<\/p>","protected":false},"featured_media":36140,"comment_status":"open","ping_status":"closed","template":"","meta":[],"product_brand":[],"product_cat":[207],"product_tag":[],"class_list":{"0":"post-36033","1":"product","2":"type-product","3":"status-publish","4":"has-post-thumbnail","6":"product_cat-crystal-disposable-vape","8":"first","9":"instock","10":"shipping-taxable","11":"purchasable","12":"product-type-variable"},"_links":{"self":[{"href":"https:\/\/euvapz.com\/de\/wp-json\/wp\/v2\/product\/36033","targetHints":{"allow":["GET"]}}],"collection":[{"href":"https:\/\/euvapz.com\/de\/wp-json\/wp\/v2\/product"}],"about":[{"href":"https:\/\/euvapz.com\/de\/wp-json\/wp\/v2\/types\/product"}],"replies":[{"embeddable":true,"href":"https:\/\/euvapz.com\/de\/wp-json\/wp\/v2\/comments?post=36033"}],"version-history":[{"count":2,"href":"https:\/\/euvapz.com\/de\/wp-json\/wp\/v2\/product\/36033\/revisions"}],"predecessor-version":[{"id":36144,"href":"https:\/\/euvapz.com\/de\/wp-json\/wp\/v2\/product\/36033\/revisions\/36144"}],"wp:featuredmedia":[{"embeddable":true,"href":"https:\/\/euvapz.com\/de\/wp-json\/wp\/v2\/media\/36140"}],"wp:attachment":[{"href":"https:\/\/euvapz.com\/de\/wp-json\/wp\/v2\/media?parent=36033"}],"wp:term":[{"taxonomy":"product_brand","embeddable":true,"href":"https:\/\/euvapz.com\/de\/wp-json\/wp\/v2\/product_brand?post=36033"},{"taxonomy":"product_cat","embeddable":true,"href":"https:\/\/euvapz.com\/de\/wp-json\/wp\/v2\/product_cat?post=36033"},{"taxonomy":"product_tag","embeddable":true,"href":"https:\/\/euvapz.com\/de\/wp-json\/wp\/v2\/product_tag?post=36033"}],"curies":[{"name":"wp","href":"https:\/\/api.w.org\/{rel}","templated":true}]}}