{"id":27907,"date":"2025-03-12T08:35:03","date_gmt":"2025-03-12T08:35:03","guid":{"rendered":"https:\/\/euvapz.com\/?post_type=product&#038;p=27907"},"modified":"2025-03-27T14:30:00","modified_gmt":"2025-03-27T14:30:00","slug":"iqte-45000-puffs-vape-desechable-perfecto-para-llevar-con-un-diseno-elegante-y-portatil","status":"publish","type":"product","link":"https:\/\/euvapz.com\/es\/producto\/iqte-45000-puffs-vape-desechable-perfecto-para-llevar-con-un-diseno-elegante-y-portatil\/","title":{"rendered":"\u00a1IQTE 45000 Puffs Vape desechable perfecto para llevar con un dise\u00f1o elegante y port\u00e1til!"},"content":{"rendered":"<h2><strong>Introducci\u00f3n al IQTE 45000 Puffs <a href=\"https:\/\/euvapz.com\/es\">Vape desechable<\/a><\/strong><\/h2>\n<p>En <strong>IQTE 45000 Puffs Vape Desechable<\/strong> es un producto innovador dise\u00f1ado para <strong>duradero<\/strong> y <strong>experiencia de vapeo satisfactoria<\/strong>. En <strong>45000 bocanadas<\/strong>, a <strong>28 ml de capacidad de l\u00edquido precargado<\/strong>y <strong>5% sal de nicotina<\/strong> opciones, este vaporizador desechable ofrece una incre\u00edble cantidad de uso antes de necesitar ser reemplazado. Tanto si eres un <strong>vapeador ocasional<\/strong> o un <strong>mayorista que busca abastecerse<\/strong>El <strong>IQTE 45000 Puffs Vape Desechable<\/strong> garantiza que los clientes disfruten de una experiencia suave y sabrosa durante mucho tiempo.<\/p>\n<p>Con un <strong>Bater\u00eda de 700 mAh<\/strong>, <strong>Puerto de carga Tipo-C<\/strong>y <strong>potencia de salida<\/strong> que van desde <strong>12W a 24W<\/strong>Este dispositivo est\u00e1 dise\u00f1ado para ofrecer un rendimiento \u00f3ptimo sin renunciar a la facilidad de uso. En este art\u00edculo, exploraremos las caracter\u00edsticas del <strong>IQTE 45000 Puffs Vape Desechable<\/strong>sus incre\u00edbles perfiles de sabor, y por qu\u00e9 es el complemento perfecto para su <strong>mayorista boligrafo vape desechable<\/strong> inventario.<\/p>\n<hr \/>\n<div style=\"width: 1280px;\" class=\"wp-video\"><video class=\"wp-video-shortcode\" id=\"video-27907-1\" width=\"1280\" height=\"720\" preload=\"metadata\" controls=\"controls\"><source type=\"video\/mp4\" src=\"https:\/\/euvapz.com\/wp-content\/uploads\/2025\/03\/IQTE-45000-Puffs-Disposable-Vape-Perfect-for-On-the-Go-with-a-Sleek-and-Portable-Design-1.mp4?_=1\" \/><a href=\"https:\/\/euvapz.com\/wp-content\/uploads\/2025\/03\/IQTE-45000-Puffs-Disposable-Vape-Perfect-for-On-the-Go-with-a-Sleek-and-Portable-Design-1.mp4\">https:\/\/euvapz.com\/wp-content\/uploads\/2025\/03\/IQTE-45000-Puffs-Disposable-Vape-Perfect-for-On-the-Go-with-a-Sleek-and-Portable-Design-1.mp4<\/a><\/video><\/div>\n<h2><\/h2>\n<h2><strong>Caracter\u00edsticas del <a href=\"https:\/\/euvapz.com\/es\/categoria-producto\/iqte-disposable-vape\/\">IQTE<\/a> 45000 Puffs Vape desechable<\/strong><\/h2>\n<p>En <strong>IQTE 45000 Puffs Vape Desechable<\/strong> ofrece una gama de <strong>funciones avanzadas<\/strong> dise\u00f1ado para mejorar la experiencia del usuario. A continuaci\u00f3n se presenta un desglose del producto <strong>especificaciones clave<\/strong> y caracter\u00edsticas:<\/p>\n<table>\n<thead>\n<tr>\n<th><strong>Caracter\u00edstica<\/strong><\/th>\n<th><strong>Descripci\u00f3n<\/strong><\/th>\n<\/tr>\n<\/thead>\n<tbody>\n<tr>\n<td><strong>Puffs<\/strong><\/td>\n<td>45000<\/td>\n<\/tr>\n<tr>\n<td><strong>L\u00edquido precargado<\/strong><\/td>\n<td>28 ml<\/td>\n<\/tr>\n<tr>\n<td><strong>Sal de nicotina<\/strong><\/td>\n<td>0%, 2%, 3%, 5%<\/td>\n<\/tr>\n<tr>\n<td><strong>Bater\u00eda<\/strong><\/td>\n<td>700 mAh<\/td>\n<\/tr>\n<tr>\n<td><strong>Puerto de carga<\/strong><\/td>\n<td>Tipo-C<\/td>\n<\/tr>\n<tr>\n<td><strong>Potencia de salida<\/strong><\/td>\n<td>12-24W<\/td>\n<\/tr>\n<tr>\n<td><strong>Tecnolog\u00eda de bobinas<\/strong><\/td>\n<td>Bobina de malla doble<\/td>\n<\/tr>\n<tr>\n<td><strong>Sabores disponibles<\/strong><\/td>\n<td>10 sabores premium<\/td>\n<\/tr>\n<tr>\n<td><strong>Dise\u00f1o<\/strong><\/td>\n<td>Elegante, compacto y port\u00e1til<\/td>\n<\/tr>\n<\/tbody>\n<\/table>\n<p>En <strong>45000 bocanadas<\/strong> y <strong>L\u00edquido precargado de 28 ml<\/strong> significa menos recambios y m\u00e1s tiempo de vapeo, lo que la convierte en una opci\u00f3n rentable para los vapeadores habituales. El <strong>Bater\u00eda de 700 mAh<\/strong> ofrece una potencia fiable, mientras que el <strong>Puerto de carga Tipo-C<\/strong> permite <strong>carga r\u00e1pida<\/strong>garantizando un tiempo de inactividad m\u00ednimo. El sitio <strong>Bobina de malla doble<\/strong> ayuda a producir un vapor rico y sabroso con cada calada, garantizando una experiencia de vapeo \u00f3ptima.<\/p>\n<hr \/>\n<h2><img fetchpriority=\"high\" decoding=\"async\" class=\"alignnone size-full wp-image-27934\" src=\"https:\/\/euvapz.com\/wp-content\/uploads\/2025\/03\/IQTE-45000-Puffs-Disposable-Vape-Perfect-for-On-the-Go-with-a-Sleek-and-Portable-Design-12.webp\" alt=\"\u00a1IQTE 45000 Puffs Vape desechable perfecto para llevar con un dise\u00f1o elegante y port\u00e1til!\" width=\"1500\" height=\"1500\" srcset=\"https:\/\/euvapz.com\/wp-content\/uploads\/2025\/03\/IQTE-45000-Puffs-Disposable-Vape-Perfect-for-On-the-Go-with-a-Sleek-and-Portable-Design-12.webp 1500w, https:\/\/euvapz.com\/wp-content\/uploads\/2025\/03\/IQTE-45000-Puffs-Disposable-Vape-Perfect-for-On-the-Go-with-a-Sleek-and-Portable-Design-12-300x300.webp 300w, https:\/\/euvapz.com\/wp-content\/uploads\/2025\/03\/IQTE-45000-Puffs-Disposable-Vape-Perfect-for-On-the-Go-with-a-Sleek-and-Portable-Design-12-800x800.webp 800w, https:\/\/euvapz.com\/wp-content\/uploads\/2025\/03\/IQTE-45000-Puffs-Disposable-Vape-Perfect-for-On-the-Go-with-a-Sleek-and-Portable-Design-12-150x150.webp 150w, https:\/\/euvapz.com\/wp-content\/uploads\/2025\/03\/IQTE-45000-Puffs-Disposable-Vape-Perfect-for-On-the-Go-with-a-Sleek-and-Portable-Design-12-768x768.webp 768w, https:\/\/euvapz.com\/wp-content\/uploads\/2025\/03\/IQTE-45000-Puffs-Disposable-Vape-Perfect-for-On-the-Go-with-a-Sleek-and-Portable-Design-12-12x12.webp 12w, https:\/\/euvapz.com\/wp-content\/uploads\/2025\/03\/IQTE-45000-Puffs-Disposable-Vape-Perfect-for-On-the-Go-with-a-Sleek-and-Portable-Design-12-430x430.webp 430w, https:\/\/euvapz.com\/wp-content\/uploads\/2025\/03\/IQTE-45000-Puffs-Disposable-Vape-Perfect-for-On-the-Go-with-a-Sleek-and-Portable-Design-12-700x700.webp 700w\" sizes=\"(max-width: 1500px) 100vw, 1500px\" \/><\/h2>\n<h2><strong>Opciones de sabor premium del <a href=\"https:\/\/euvapz.com\/es\/categoria-producto\/iqte-disposable-vape\/\">IQTE 45000 Puffs<\/a> Vape desechable<\/strong><\/h2>\n<p>Uno de los mayores atractivos de la <strong>IQTE 45000 Puffs Vape Desechable<\/strong> es su amplia gama de <strong>sabores premium<\/strong>. Cada sabor se ha elaborado para ofrecer un <strong>delicioso<\/strong> y <strong>experiencia satisfactoria<\/strong>con algo para cada vapeador. Vamos a echar un vistazo m\u00e1s de cerca a los 10 sabores premium disponibles:<\/p>\n<h3><strong>1. Fresa Mango<\/strong><\/h3>\n<p>Una fusi\u00f3n tropical de <strong>fresas dulces<\/strong> y <strong>mangos maduros<\/strong>creando un <strong>suculento<\/strong> y <strong>refrescante<\/strong> perfil de sabor que satisfar\u00e1 a cualquier amante de la fruta.<\/p>\n<h3><strong>2. Helado de melocot\u00f3n jugoso<\/strong><\/h3>\n<p>Un equilibrio perfecto de <strong>melocotones jugosos y maduros<\/strong> combinado con un <strong>patada helada de mentol<\/strong>que proporciona una experiencia refrescante y refrescante con cada calada.<\/p>\n<h3><strong>3. Amor 66<\/strong><\/h3>\n<p>Una ex\u00f3tica mezcla de <strong>frutas tropicales<\/strong> con un final dulce y \u00e1cido, este sabor ofrece una experiencia de vapeo emocionante y vibrante que es perfecta para cualquiera que busque algo nuevo.<\/p>\n<h3><strong>4. Manzana doble<\/strong><\/h3>\n<p>A <strong>mezcla perfectamente equilibrada de manzanas rojas y verdes<\/strong>combinando el <strong>dulzor de manzanas rojas maduras<\/strong> con el <strong>acidez de las manzanas verdes<\/strong>creando un vapor refrescante y fresco.<\/p>\n<h3><strong>5. Blue Razz Cherry<\/strong><\/h3>\n<p>Una audaz combinaci\u00f3n de <strong>frambuesas azules<\/strong> y <strong>cerezas<\/strong>creando un <strong>dulce y picante<\/strong> mezcla que excitar\u00e1 tus papilas gustativas con cada inhalaci\u00f3n.<\/p>\n<h3><strong>6. Zarzamora Frambuesa roja<\/strong><\/h3>\n<p>A <strong>explosi\u00f3n de bayas<\/strong>combinando el <strong>rico y \u00e1cido sabor a moras<\/strong> con el <strong>dulzor de las frambuesas rojas<\/strong> para una experiencia afrutada perfectamente equilibrada.<\/p>\n<h3><strong>7. Hielo de sand\u00eda<\/strong><\/h3>\n<p>Un cl\u00e1sico, <strong>sand\u00eda fresca y refrescante<\/strong> sabor combinado con un <strong>acabado mentolado<\/strong>. Es dulce, hidratante y el vapor perfecto para el verano.<\/p>\n<h3><strong>8. Cereza Cola<\/strong><\/h3>\n<p>Un nost\u00e1lgico, <strong>cola de cereza dulce<\/strong> sabor que combina la audacia de la cola con un <strong>twist de cerezas \u00e1cidas<\/strong>, proporcionando un vapeo efervescente y divertido.<\/p>\n<h3><strong>9. Bolos<\/strong><\/h3>\n<p>Repleto de sabor, <strong>vape inspirado en los caramelos<\/strong> que re\u00fane un popurr\u00ed de <strong>sabores frutales<\/strong> como el cl\u00e1sico caramelo Skittles. Es vibrante, dulce y lleno de sabor.<\/p>\n<h3><strong>10. Sand\u00eda con frambuesa<\/strong><\/h3>\n<p>Una apetitosa combinaci\u00f3n de <strong>frambuesas \u00e1cidas<\/strong> y <strong>sand\u00eda dulce<\/strong>El resultado es una experiencia de vapeo refrescante y suave, perfecta para el verano.<\/p>\n<hr \/>\n<h2><img decoding=\"async\" class=\"alignnone size-full wp-image-27933\" src=\"https:\/\/euvapz.com\/wp-content\/uploads\/2025\/03\/IQTE-45000-Puffs-Disposable-Vape-Perfect-for-On-the-Go-with-a-Sleek-and-Portable-Design-1.webp\" alt=\"\u00a1IQTE 45000 Puffs Vape desechable perfecto para llevar con un dise\u00f1o elegante y port\u00e1til!\" width=\"1500\" height=\"1500\" srcset=\"https:\/\/euvapz.com\/wp-content\/uploads\/2025\/03\/IQTE-45000-Puffs-Disposable-Vape-Perfect-for-On-the-Go-with-a-Sleek-and-Portable-Design-1.webp 1500w, https:\/\/euvapz.com\/wp-content\/uploads\/2025\/03\/IQTE-45000-Puffs-Disposable-Vape-Perfect-for-On-the-Go-with-a-Sleek-and-Portable-Design-1-300x300.webp 300w, https:\/\/euvapz.com\/wp-content\/uploads\/2025\/03\/IQTE-45000-Puffs-Disposable-Vape-Perfect-for-On-the-Go-with-a-Sleek-and-Portable-Design-1-800x800.webp 800w, https:\/\/euvapz.com\/wp-content\/uploads\/2025\/03\/IQTE-45000-Puffs-Disposable-Vape-Perfect-for-On-the-Go-with-a-Sleek-and-Portable-Design-1-150x150.webp 150w, https:\/\/euvapz.com\/wp-content\/uploads\/2025\/03\/IQTE-45000-Puffs-Disposable-Vape-Perfect-for-On-the-Go-with-a-Sleek-and-Portable-Design-1-768x768.webp 768w, https:\/\/euvapz.com\/wp-content\/uploads\/2025\/03\/IQTE-45000-Puffs-Disposable-Vape-Perfect-for-On-the-Go-with-a-Sleek-and-Portable-Design-1-12x12.webp 12w, https:\/\/euvapz.com\/wp-content\/uploads\/2025\/03\/IQTE-45000-Puffs-Disposable-Vape-Perfect-for-On-the-Go-with-a-Sleek-and-Portable-Design-1-430x430.webp 430w, https:\/\/euvapz.com\/wp-content\/uploads\/2025\/03\/IQTE-45000-Puffs-Disposable-Vape-Perfect-for-On-the-Go-with-a-Sleek-and-Portable-Design-1-700x700.webp 700w\" sizes=\"(max-width: 1500px) 100vw, 1500px\" \/><\/h2>\n<h2><strong><a href=\"https:\/\/euvapz.com\/es\/categoria-producto\/iqte-disposable-vape\/\">Por qu\u00e9 elegir el IQTE<\/a> 45000 Puffs Vape desechable?<\/strong><\/h2>\n<p>En <strong>IQTE 45000 Puffs Vape Desechable<\/strong> ofrece una gama de <strong>caracter\u00edsticas<\/strong> que lo convierten en imprescindible tanto para <strong>usuarios individuales<\/strong> y <strong>compradores mayoristas<\/strong>. A continuaci\u00f3n se exponen algunas razones clave por las que este producto destaca:<\/p>\n<h3><strong>1. Vapeo de larga duraci\u00f3n<\/strong><\/h3>\n<p>Con <strong>45000 bocanadas<\/strong> y un <strong>28 ml de capacidad de l\u00edquido precargado<\/strong>Este dispositivo ofrece <strong>experiencia de vapeo duradera<\/strong>reduciendo la necesidad de sustituciones frecuentes.<\/p>\n<h3><strong>2. C\u00f3modo y port\u00e1til<\/strong><\/h3>\n<p>En <strong>dise\u00f1o elegante y compacto<\/strong> facilita su transporte y uso en cualquier lugar, ofreciendo un <strong>c\u00f3moda soluci\u00f3n para vapear<\/strong> para usuarios con un estilo de vida activo.<\/p>\n<h3><strong>3. Opciones de nicotina vers\u00e1tiles<\/strong><\/h3>\n<p>Con <strong>0%, 2%, 3% y 5% sal de nicotina<\/strong> opciones, el <strong>IQTE 45000 Puffs Vape Desechable<\/strong> satisface una gran variedad de preferencias, desde los sin nicotina hasta los de alto contenido en nicotina.<\/p>\n<h3><strong>4. Carga r\u00e1pida y bater\u00eda de larga duraci\u00f3n<\/strong><\/h3>\n<p>En <strong>Bater\u00eda de 700 mAh<\/strong> proporciona potencia de sobra, y el <strong>Carga r\u00e1pida Tipo-C<\/strong> permite a los usuarios recargar el dispositivo r\u00e1pidamente, reduciendo el tiempo de inactividad.<\/p>\n<h3><strong>5. Bobina de malla doble para un sabor \u00f3ptimo<\/strong><\/h3>\n<p>En <strong>Bobina de malla doble<\/strong> garantiza una producci\u00f3n de vapor constante y un sabor mejorado, proporcionando un <strong>Vape suave y agradable<\/strong> siempre.<\/p>\n<hr \/>\n<h2><strong>Oportunidades para la venta al por mayor <a href=\"https:\/\/euvapz.com\/es\/categoria-producto\/iqte-disposable-vape\/\">IQTE<\/a> 45000 Puffs Vape desechable<\/strong><\/h2>\n<p>Para los mayoristas, el <strong>IQTE 45000 Puffs Vape Desechable<\/strong> es un producto excelente para ofrecer a sus clientes. A continuaci\u00f3n encontrar\u00e1 algunas razones por las que es perfecto para <strong>compras al por mayor<\/strong>:<\/p>\n<h3><strong>1. Alta demanda y m\u00e1rgenes de beneficio<\/strong><\/h3>\n<p>Con <strong>bocanadas duraderas<\/strong>, <strong>sabores premium<\/strong>y <strong>caracter\u00edsticas innovadoras<\/strong>El <strong>IQTE 45000 Puffs<\/strong> es un <strong>producto de gran demanda<\/strong> que proporciona excelentes m\u00e1rgenes de beneficio a los mayoristas.<\/p>\n<h3><strong>2. Precios al por mayor competitivos<\/strong><\/h3>\n<p>Disfrute de <strong>precios competitivos<\/strong> y <strong>descuentos por volumen<\/strong>que le permite ofrecer a sus clientes productos de alta calidad a precios atractivos.<\/p>\n<h3><strong>3. Entrega r\u00e1pida<\/strong><\/h3>\n<p>Ofrecemos <strong>entrega r\u00e1pida<\/strong> con <strong>plazos de entrega entre 8 y 15 d\u00edas<\/strong>, asegur\u00e1ndose de que recibe sus existencias con prontitud para satisfacer la demanda de los clientes.<\/p>\n<hr \/>\n<h2><strong>Haga su pedido ahora para una entrega r\u00e1pida<\/strong><\/h2>\n<p>No pierda la oportunidad de ofrecer la <strong><a href=\"https:\/\/euvapz.com\/es\/categoria-producto\/iqte-disposable-vape\/\">IQTE 45000 Puffs<\/a> Vape desechable<\/strong> a sus clientes. Con <strong>precios competitivos<\/strong>, <strong>entrega r\u00e1pida<\/strong>y <strong>caracter\u00edsticas premium<\/strong>Este es el vaporizador desechable ideal para almacenar.<\/p>\n<h3><strong>\u00bfPor qu\u00e9 comprarnos?<\/strong><\/h3>\n<ul>\n<li><strong>Servicio de atenci\u00f3n al cliente 24 horas<\/strong> para ayudarle con cualquier pregunta o problema.<\/li>\n<li><strong>Entrega r\u00e1pida<\/strong> en <strong>8-15 d\u00edas<\/strong> en toda Europa.<\/li>\n<li><strong>Precios competitivos<\/strong> con <strong>descuentos por volumen<\/strong> disponible.<\/li>\n<\/ul>\n<hr \/>\n<h2><strong>Conclusi\u00f3n: Eleve su experiencia de vapeo con IQTE 45000 Puffs <a href=\"https:\/\/euvapz.com\/es\">Vape desechable<\/a><\/strong><\/h2>\n<p>En <strong>IQTE 45000 Puffs Vape Desechable<\/strong> ofrece una <strong>duradero<\/strong>, <strong>experiencia de vapeo premium<\/strong> con <strong>caracter\u00edsticas innovadoras<\/strong> y <strong>deliciosos sabores<\/strong>. Tanto si eres un usuario individual como un mayorista que busca ampliar su gama de productos, este vape desechable es la elecci\u00f3n perfecta.<\/p>\n<p><script src=\"chrome-extension:\/\/fpelahbljekknahkcaegamhcndkfpfnc\/iFrame.js\" type=\"text\/javascript\"><\/script><\/p>","protected":false},"excerpt":{"rendered":"<p>En <strong data-start=\"528\" data-end=\"564\">IQTE 45000 Puffs Vape Desechable<\/strong> caracter\u00edsticas <strong data-start=\"574\" data-end=\"592\">Bater\u00eda de 700 mAh<\/strong>, <strong data-start=\"594\" data-end=\"611\">28 ml de e-l\u00edquido<\/strong>y <strong data-start=\"617\" data-end=\"632\">45000 bocanadas<\/strong>con sabores como <strong data-start=\"652\" data-end=\"669\">Mezcla de bayas<\/strong>, <strong data-start=\"671\" data-end=\"685\">Lim\u00f3n Lima<\/strong>y <strong data-start=\"691\" data-end=\"703\">Bolos<\/strong>que proporciona un vapor suave y un disfrute prolongado en <strong data-start=\"755\" data-end=\"785\">0%, 2%, 3% o 5% nicotina<\/strong> opciones.<\/p>","protected":false},"featured_media":34052,"comment_status":"open","ping_status":"closed","template":"","meta":[],"product_brand":[89],"product_cat":[90],"product_tag":[],"class_list":{"0":"post-27907","1":"product","2":"type-product","3":"status-publish","4":"has-post-thumbnail","6":"product_brand-iqte-disposable-vape","7":"product_cat-iqte-disposable-vape","9":"first","10":"instock","11":"shipping-taxable","12":"purchasable","13":"product-type-variable"},"_links":{"self":[{"href":"https:\/\/euvapz.com\/es\/wp-json\/wp\/v2\/product\/27907","targetHints":{"allow":["GET"]}}],"collection":[{"href":"https:\/\/euvapz.com\/es\/wp-json\/wp\/v2\/product"}],"about":[{"href":"https:\/\/euvapz.com\/es\/wp-json\/wp\/v2\/types\/product"}],"replies":[{"embeddable":true,"href":"https:\/\/euvapz.com\/es\/wp-json\/wp\/v2\/comments?post=27907"}],"version-history":[{"count":3,"href":"https:\/\/euvapz.com\/es\/wp-json\/wp\/v2\/product\/27907\/revisions"}],"predecessor-version":[{"id":34056,"href":"https:\/\/euvapz.com\/es\/wp-json\/wp\/v2\/product\/27907\/revisions\/34056"}],"wp:featuredmedia":[{"embeddable":true,"href":"https:\/\/euvapz.com\/es\/wp-json\/wp\/v2\/media\/34052"}],"wp:attachment":[{"href":"https:\/\/euvapz.com\/es\/wp-json\/wp\/v2\/media?parent=27907"}],"wp:term":[{"taxonomy":"product_brand","embeddable":true,"href":"https:\/\/euvapz.com\/es\/wp-json\/wp\/v2\/product_brand?post=27907"},{"taxonomy":"product_cat","embeddable":true,"href":"https:\/\/euvapz.com\/es\/wp-json\/wp\/v2\/product_cat?post=27907"},{"taxonomy":"product_tag","embeddable":true,"href":"https:\/\/euvapz.com\/es\/wp-json\/wp\/v2\/product_tag?post=27907"}],"curies":[{"name":"wp","href":"https:\/\/api.w.org\/{rel}","templated":true}]}}