{"id":30175,"date":"2025-03-22T02:27:52","date_gmt":"2025-03-22T02:27:52","guid":{"rendered":"https:\/\/euvapz.com\/?post_type=product&#038;p=30175"},"modified":"2025-03-27T09:06:21","modified_gmt":"2025-03-27T09:06:21","slug":"bood-infinity-30000-puffs-vape-desechable-rendimiento-duradero-con-20ml-e-liquid","status":"publish","type":"product","link":"https:\/\/euvapz.com\/es\/producto\/bood-infinity-30000-puffs-vape-desechable-rendimiento-duradero-con-20ml-e-liquid\/","title":{"rendered":"Bood Infinity 30000 Puffs Vape Desechable Rendimiento de larga duraci\u00f3n con 20mL E-L\u00edquido"},"content":{"rendered":"<p data-start=\"157\" data-end=\"417\"><img fetchpriority=\"high\" decoding=\"async\" class=\"alignnone size-full wp-image-30179\" src=\"https:\/\/euvapz.com\/wp-content\/uploads\/2025\/03\/Bood-Infinity-30000-Puffs-Disposable-Vape-Long-Lasting-Performance-with-20mL-E-Liquid-4.webp\" alt=\"Bood Infinity 30000 Puffs Vape Desechable Rendimiento de larga duraci\u00f3n con 20mL E-L\u00edquido\" width=\"466\" height=\"915\" srcset=\"https:\/\/euvapz.com\/wp-content\/uploads\/2025\/03\/Bood-Infinity-30000-Puffs-Disposable-Vape-Long-Lasting-Performance-with-20mL-E-Liquid-4.webp 466w, https:\/\/euvapz.com\/wp-content\/uploads\/2025\/03\/Bood-Infinity-30000-Puffs-Disposable-Vape-Long-Lasting-Performance-with-20mL-E-Liquid-4-153x300.webp 153w, https:\/\/euvapz.com\/wp-content\/uploads\/2025\/03\/Bood-Infinity-30000-Puffs-Disposable-Vape-Long-Lasting-Performance-with-20mL-E-Liquid-4-407x800.webp 407w, https:\/\/euvapz.com\/wp-content\/uploads\/2025\/03\/Bood-Infinity-30000-Puffs-Disposable-Vape-Long-Lasting-Performance-with-20mL-E-Liquid-4-6x12.webp 6w, https:\/\/euvapz.com\/wp-content\/uploads\/2025\/03\/Bood-Infinity-30000-Puffs-Disposable-Vape-Long-Lasting-Performance-with-20mL-E-Liquid-4-430x844.webp 430w, https:\/\/euvapz.com\/wp-content\/uploads\/2025\/03\/Bood-Infinity-30000-Puffs-Disposable-Vape-Long-Lasting-Performance-with-20mL-E-Liquid-4-150x295.webp 150w\" sizes=\"(max-width: 466px) 100vw, 466px\" \/><\/p>\n<p class=\"\" data-start=\"157\" data-end=\"417\">En <strong data-start=\"161\" data-end=\"206\">Bood Infinity 30000 Puffs Vape Desechable<\/strong> est\u00e1 dise\u00f1ado para los vapeadores que buscan una experiencia de vapeo de alto rendimiento y larga duraci\u00f3n. Con hasta <strong data-start=\"313\" data-end=\"329\">30.000 bocanadas<\/strong>Este vaporizador desechable garantiza un disfrute prolongado sin sacrificar el sabor ni la calidad.<\/p>\n<p class=\"\" data-start=\"419\" data-end=\"787\">Equipado con un <strong data-start=\"435\" data-end=\"466\">Bater\u00eda recargable de 650 mAh<\/strong>El Bood Infinity proporciona una potencia constante y fiable para una experiencia de vapeo suave y consistente. El <strong data-start=\"569\" data-end=\"593\">Bobinas de malla dual de 1.0\u03a9<\/strong> ofrecen una producci\u00f3n de vapor \u00f3ptima, mientras que el <strong data-start=\"638\" data-end=\"652\">Alimentaci\u00f3n de 3,6 V<\/strong> garantiza que cada calada sea satisfactoria. La funci\u00f3n de carga Type-C proporciona recargas c\u00f3modas y r\u00e1pidas, para que siempre est\u00e9s listo para vapear.<\/p>\n<p class=\"\" data-start=\"789\" data-end=\"1137\">Precargado con <strong data-start=\"805\" data-end=\"833\">20 ml de e-l\u00edquido premium<\/strong> (18mL de capacidad real), el Bood Infinity ofrece una satisfactoria experiencia de nicotina disponible en <strong data-start=\"929\" data-end=\"947\">0%, 2% y 5%<\/strong> de nicotina, para satisfacer una amplia gama de preferencias. El sistema de flujo de aire ajustable te permite adaptar la calada a tu estilo de vapeo ideal, tanto si prefieres un golpe apretado como aireado.<\/p>\n<p class=\"\" data-start=\"1139\" data-end=\"1473\">Con <strong data-start=\"1144\" data-end=\"1165\">10 sabores \u00fanicos<\/strong> para elegir, incluidas opciones refrescantes como <strong data-start=\"1216\" data-end=\"1241\">Sand\u00eda con fresa<\/strong>, <strong data-start=\"1243\" data-end=\"1269\">Melocot\u00f3n Mango Pi\u00f1a<\/strong>y la fresca sensaci\u00f3n de <strong data-start=\"1297\" data-end=\"1309\">Hielo exuberante<\/strong>El Bood Infinity garantiza una experiencia de sabor que se adapta a todos los gustos. Tanto si te apetece algo afrutado, helado o atrevido, este vaporizador te lo ofrece.<\/p>\n<p class=\"\" data-start=\"1475\" data-end=\"1664\">En <strong data-start=\"1479\" data-end=\"1524\">Bood Infinity 30000 Puffs Vape Desechable<\/strong> ofrece potencia, rendimiento y satisfacci\u00f3n, por lo que es la elecci\u00f3n perfecta para aquellos que desean una experiencia de vapeo prolongada y de alta calidad.<\/p>\n<h2 data-start=\"1666\" data-end=\"1705\"><strong data-start=\"1666\" data-end=\"1705\">Bood Infinity 30000 Puffs Caracter\u00edsticas:<\/strong><\/h2>\n<ul data-start=\"1706\" data-end=\"1970\">\n<li class=\"\" data-start=\"1706\" data-end=\"1737\">\n<p class=\"\" data-start=\"1708\" data-end=\"1737\"><strong data-start=\"1708\" data-end=\"1717\">Puffs<\/strong>: Hasta 30.000 caladas<\/p>\n<\/li>\n<li class=\"\" data-start=\"1738\" data-end=\"1779\">\n<p class=\"\" data-start=\"1740\" data-end=\"1779\"><strong data-start=\"1740\" data-end=\"1759\">Volumen de e-l\u00edquido<\/strong>20 ml (18 ml reales)<\/p>\n<\/li>\n<li class=\"\" data-start=\"1780\" data-end=\"1814\">\n<p class=\"\" data-start=\"1782\" data-end=\"1814\"><strong data-start=\"1782\" data-end=\"1793\">Bater\u00eda<\/strong>: 650mAh recargable<\/p>\n<\/li>\n<li class=\"\" data-start=\"1815\" data-end=\"1847\">\n<p class=\"\" data-start=\"1817\" data-end=\"1847\"><strong data-start=\"1817\" data-end=\"1826\">Bobinas<\/strong>: Bobina de malla dual de 1.0\u03a9<\/p>\n<\/li>\n<li class=\"\" data-start=\"1848\" data-end=\"1865\">\n<p class=\"\" data-start=\"1850\" data-end=\"1865\"><strong data-start=\"1850\" data-end=\"1859\">Potencia<\/strong>: 3.6V<\/p>\n<\/li>\n<li class=\"\" data-start=\"1866\" data-end=\"1892\">\n<p class=\"\" data-start=\"1868\" data-end=\"1892\"><strong data-start=\"1868\" data-end=\"1880\">Nicotina<\/strong>: 0%, 2%, 5%<\/p>\n<\/li>\n<li class=\"\" data-start=\"1893\" data-end=\"1937\">\n<p class=\"\" data-start=\"1895\" data-end=\"1937\"><strong data-start=\"1895\" data-end=\"1917\">Flujo de aire ajustable<\/strong> para un sorteo personalizado<\/p>\n<\/li>\n<li class=\"\" data-start=\"1938\" data-end=\"1970\">\n<p class=\"\" data-start=\"1940\" data-end=\"1970\"><strong data-start=\"1940\" data-end=\"1970\">C\u00f3moda carga Type-C<\/strong><\/p>\n<\/li>\n<\/ul>\n<h2 data-start=\"1972\" data-end=\"2014\"><strong data-start=\"1972\" data-end=\"2014\">Bood Infinity 30000 Puffs Lista de sabores:<\/strong><\/h2>\n<ol data-start=\"2015\" data-end=\"2185\">\n<li class=\"\" data-start=\"2015\" data-end=\"2039\">\n<p class=\"\" data-start=\"2018\" data-end=\"2039\">Sand\u00eda con fresa<\/p>\n<\/li>\n<li class=\"\" data-start=\"2040\" data-end=\"2065\">\n<p class=\"\" data-start=\"2043\" data-end=\"2065\">Melocot\u00f3n Mango Pi\u00f1a<\/p>\n<\/li>\n<li class=\"\" data-start=\"2066\" data-end=\"2077\">\n<p class=\"\" data-start=\"2069\" data-end=\"2077\">Hielo exuberante<\/p>\n<\/li>\n<li class=\"\" data-start=\"2078\" data-end=\"2092\">\n<p class=\"\" data-start=\"2081\" data-end=\"2092\">R\u00e1faga de bayas<\/p>\n<\/li>\n<li class=\"\" data-start=\"2093\" data-end=\"2111\">\n<p class=\"\" data-start=\"2096\" data-end=\"2111\">Fresa Kiwi<\/p>\n<\/li>\n<li class=\"\" data-start=\"2112\" data-end=\"2121\">\n<p class=\"\" data-start=\"2115\" data-end=\"2121\">Hawai<\/p>\n<\/li>\n<li class=\"\" data-start=\"2122\" data-end=\"2138\">\n<p class=\"\" data-start=\"2125\" data-end=\"2138\">Hielo Razz Azul<\/p>\n<\/li>\n<li class=\"\" data-start=\"2139\" data-end=\"2160\">\n<p class=\"\" data-start=\"2142\" data-end=\"2160\">Limonada de ar\u00e1ndanos<\/p>\n<\/li>\n<li class=\"\" data-start=\"2161\" data-end=\"2173\">\n<p class=\"\" data-start=\"2164\" data-end=\"2173\">Hielo negro<\/p>\n<\/li>\n<li class=\"\" data-start=\"2174\" data-end=\"2185\">\n<p class=\"\" data-start=\"2178\" data-end=\"2185\">Tiffany<\/p>\n<\/li>\n<\/ol>\n<p class=\"\" data-start=\"2187\" data-end=\"2525\">Con su avanzada tecnolog\u00eda de bobina de malla y una amplia variedad de sabores deliciosos, el <strong data-start=\"2275\" data-end=\"2304\">Bood Infinity 30000 Puffs<\/strong> ofrece una experiencia de vapeo ultra satisfactoria y duradera que satisface tanto las necesidades de los vapeadores ocasionales como las de aquellos que exigen el m\u00e1ximo rendimiento. Tanto si quieres disfrutar de un sabor afrutado, helado o ex\u00f3tico, este dispositivo lo tiene todo.<\/p>\n<h2 data-start=\"2187\" data-end=\"2525\">\t\t\t<link rel=\"stylesheet\" id=\"elementor-post-32801-css\" href=\"https:\/\/euvapz.com\/wp-content\/uploads\/elementor\/css\/post-32801.css?ver=1775243812\" type=\"text\/css\" media=\"all\">\n\t\t\t\t\t<div data-elementor-type=\"wp-post\" data-elementor-id=\"32801\" class=\"elementor elementor-32801\" data-elementor-post-type=\"cms_block\">\n\t\t\t\t<div class=\"wd-negative-gap elementor-element elementor-element-311ef4d e-flex e-con-boxed e-con e-parent\" data-id=\"311ef4d\" data-element_type=\"container\">\n\t\t\t\t\t<div class=\"e-con-inner\">\n\t\t\t\t<div class=\"elementor-element elementor-element-354d55bb color-scheme-inherit text-left elementor-widget elementor-widget-text-editor\" data-id=\"354d55bb\" data-element_type=\"widget\" data-widget_type=\"text-editor.default\">\n\t\t\t\t<div class=\"elementor-widget-container\">\n\t\t\t\t\t\t\t\t\t&nbsp;\n\n<script src=\"chrome-extension:\/\/fpelahbljekknahkcaegamhcndkfpfnc\/iFrame.js\" type=\"text\/javascript\"><\/script>\t\t\t\t\t\t\t\t<\/div>\n\t\t\t\t<\/div>\n\t\t\t\t\t<\/div>\n\t\t\t\t<\/div>\n\t\t<div class=\"wd-negative-gap elementor-element elementor-element-2f4b93b0 e-flex e-con-boxed e-con e-parent\" data-id=\"2f4b93b0\" data-element_type=\"container\">\n\t\t\t\t\t<div class=\"e-con-inner\">\n\t\t\t\t\t<\/div>\n\t\t\t\t<\/div>\n\t\t<div class=\"wd-negative-gap elementor-element elementor-element-200eec29 e-flex e-con-boxed e-con e-parent\" data-id=\"200eec29\" data-element_type=\"container\">\n\t\t\t\t\t<div class=\"e-con-inner\">\n\t\t\t\t<div class=\"elementor-element elementor-element-19faf1ba color-scheme-inherit text-left elementor-widget elementor-widget-text-editor\" data-id=\"19faf1ba\" data-element_type=\"widget\" data-widget_type=\"text-editor.default\">\n\t\t\t\t<div class=\"elementor-widget-container\">\n\t\t\t\t\t\t\t\t\t<h2><em><strong>FAQS<\/strong><\/em><\/h2><ul><li><h2><em><strong>\u00bfQu\u00e9 m\u00e9todos de env\u00edo utiliza?<\/strong><\/em><\/h2><\/li><li><h2><em><strong><span style=\"color: #333333; font-size: 16px;\">Colaboramos con transportistas de confianza como UPS, DHL, FedEx y DPD. Dependiendo del pa\u00eds de destino, seleccionaremos el mejor m\u00e9todo de env\u00edo para garantizar una entrega r\u00e1pida y segura de sus productos.<\/span><\/strong><\/em><\/h2><\/li><\/ul><ul><li><h2><em><strong>\u00bfCu\u00e1nto tardar\u00e1 en llegar mi pedido?<\/strong><\/em><\/h2><\/li><\/ul><p data-start=\"340\" data-end=\"490\"><em><strong>\u00a0 \u00a0 \u00a0 Normalmente, la entrega tarda entre 7 y 15 d\u00edas laborables. Sin embargo, durante los d\u00edas festivos de mayor afluencia o condiciones meteorol\u00f3gicas adversas, puede tardar hasta 20 d\u00edas laborables.<\/strong><\/em><\/p><ul><li data-start=\"492\" data-end=\"539\"><h2><em><strong>\u00bfPasar\u00e1 mi pedido la aduana sin problemas?<\/strong><\/em><\/h2><\/li><li data-start=\"492\" data-end=\"539\"><h2><em><strong><span style=\"color: #333333; font-size: 16px;\">Nos encargamos de todos los tr\u00e1mites aduaneros por usted, garantizando una entrega sin problemas y sin impuestos ni tasas adicionales. Garantizamos que 100% de nuestros env\u00edos pasar\u00e1n la aduana sin problemas.<\/span><\/strong><\/em><\/h2><\/li><\/ul><ul><li data-start=\"718\" data-end=\"747\"><h2><em><strong>\u00bfPuedo confiar en su servicio?<\/strong><\/em><\/h2><\/li><li data-start=\"718\" data-end=\"747\"><h2><em><strong><span style=\"color: #333333; font-size: 16px;\">Por supuesto. Aceptamos PayPal para pagos seguros, y su compra est\u00e1 protegida por la protecci\u00f3n del comprador de PayPal. Tambi\u00e9n puedes consultar nuestras opiniones en TrustPilot para ver lo que otros clientes dicen de nosotros.<\/span><\/strong><\/em><\/h2><\/li><\/ul>\t\t\t\t\t\t\t\t<\/div>\n\t\t\t\t<\/div>\n\t\t\t\t\t<\/div>\n\t\t\t\t<\/div>\n\t\t<div class=\"wd-negative-gap elementor-element elementor-element-d4517fd e-flex e-con-boxed e-con e-parent\" data-id=\"d4517fd\" data-element_type=\"container\">\n\t\t\t\t\t<div class=\"e-con-inner\">\n\t\t\t\t<div class=\"elementor-element elementor-element-11cb93e5 elementor-widget elementor-widget-wd_button\" data-id=\"11cb93e5\" data-element_type=\"widget\" data-widget_type=\"wd_button.default\">\n\t\t\t\t<div class=\"elementor-widget-container\">\n\t\t\t\t\t\t\t<div class=\"wd-button-wrapper text-left\" >\n\t\t\t<a class=\"btn btn-style-link btn-style- btn-size-extra-large btn-scheme-inherit btn-scheme-hover-custom btn-icon-pos-right\"  href=\"https:\/\/euvapz.com\/es\/faqs\/\">\n\t\t\t\t<span class=\"wd-btn-text\" data-elementor-setting-key=\"text\">\n\t\t\t\t\tHaga clic aqu\u00ed para ver m\u00e1s preguntas frecuentes.\t\t\t\t<\/span>\n\n\t\t\t\t\t\t\t<\/a>\n\t\t<\/div>\n\t\t\t\t\t\t<\/div>\n\t\t\t\t<\/div>\n\t\t\t\t\t<\/div>\n\t\t\t\t<\/div>\n\t\t\t\t<\/div>\n\t\t<\/h2>\n<p><script src=\"chrome-extension:\/\/fpelahbljekknahkcaegamhcndkfpfnc\/iFrame.js\" type=\"text\/javascript\"><\/script><\/p>\n<p><script src=\"chrome-extension:\/\/fpelahbljekknahkcaegamhcndkfpfnc\/iFrame.js\" type=\"text\/javascript\"><\/script><\/p>","protected":false},"excerpt":{"rendered":"<div class=\"flex max-w-full flex-col flex-grow\">\n<div class=\"min-h-8 text-message relative flex w-full flex-col items-end gap-2 whitespace-normal break-words text-start [.text-message+&amp;]:mt-5\" dir=\"auto\" data-message-author-role=\"assistant\" data-message-id=\"f5481d09-9a57-4db4-b446-763788a9980b\" data-message-model-slug=\"gpt-4o\">\n<div class=\"flex w-full flex-col gap-1 empty:hidden first:pt-[3px]\">\n<div class=\"markdown prose w-full break-words dark:prose-invert light\">\n<p class=\"\" data-start=\"483\" data-end=\"754\">En <strong data-start=\"487\" data-end=\"516\">Bood Infinity 30000 Puffs<\/strong> Vape desechable proporciona hasta <strong data-start=\"548\" data-end=\"564\">30.000 bocanadas<\/strong>, <strong data-start=\"566\" data-end=\"594\">20 ml de e-l\u00edquido premium<\/strong>y <strong data-start=\"600\" data-end=\"622\">flujo de aire ajustable<\/strong>disponible en concentraciones de nicotina de <strong data-start=\"659\" data-end=\"677\">0%, 2% y 5%<\/strong>con deliciosas opciones como <strong data-start=\"707\" data-end=\"726\">Fresa Kiwi<\/strong> y <strong data-start=\"731\" data-end=\"753\">Limonada de ar\u00e1ndanos<\/strong>.<\/p>\n<\/div>\n<\/div>\n<\/div>\n<\/div>\n<div class=\"mb-2 flex gap-3 -ml-2\">\n<div class=\"flex items-center justify-start rounded-xl p-1\">\n<div><\/div>\n<\/div>\n<\/div>","protected":false},"featured_media":33761,"comment_status":"open","ping_status":"closed","template":"","meta":[],"product_brand":[188],"product_cat":[189],"product_tag":[],"class_list":{"0":"post-30175","1":"product","2":"type-product","3":"status-publish","4":"has-post-thumbnail","6":"product_brand-bood-disposable-vape","7":"product_cat-bood-disposable-vape","9":"first","10":"instock","11":"shipping-taxable","12":"purchasable","13":"product-type-variable"},"_links":{"self":[{"href":"https:\/\/euvapz.com\/es\/wp-json\/wp\/v2\/product\/30175","targetHints":{"allow":["GET"]}}],"collection":[{"href":"https:\/\/euvapz.com\/es\/wp-json\/wp\/v2\/product"}],"about":[{"href":"https:\/\/euvapz.com\/es\/wp-json\/wp\/v2\/types\/product"}],"replies":[{"embeddable":true,"href":"https:\/\/euvapz.com\/es\/wp-json\/wp\/v2\/comments?post=30175"}],"version-history":[{"count":6,"href":"https:\/\/euvapz.com\/es\/wp-json\/wp\/v2\/product\/30175\/revisions"}],"predecessor-version":[{"id":33877,"href":"https:\/\/euvapz.com\/es\/wp-json\/wp\/v2\/product\/30175\/revisions\/33877"}],"wp:featuredmedia":[{"embeddable":true,"href":"https:\/\/euvapz.com\/es\/wp-json\/wp\/v2\/media\/33761"}],"wp:attachment":[{"href":"https:\/\/euvapz.com\/es\/wp-json\/wp\/v2\/media?parent=30175"}],"wp:term":[{"taxonomy":"product_brand","embeddable":true,"href":"https:\/\/euvapz.com\/es\/wp-json\/wp\/v2\/product_brand?post=30175"},{"taxonomy":"product_cat","embeddable":true,"href":"https:\/\/euvapz.com\/es\/wp-json\/wp\/v2\/product_cat?post=30175"},{"taxonomy":"product_tag","embeddable":true,"href":"https:\/\/euvapz.com\/es\/wp-json\/wp\/v2\/product_tag?post=30175"}],"curies":[{"name":"wp","href":"https:\/\/api.w.org\/{rel}","templated":true}]}}