{"id":31511,"date":"2025-03-22T08:03:56","date_gmt":"2025-03-22T08:03:56","guid":{"rendered":"https:\/\/euvapz.com\/?post_type=product&#038;p=31511"},"modified":"2025-10-13T01:28:31","modified_gmt":"2025-10-13T01:28:31","slug":"waspe-fw-30000-puffs-disposable-vape-dual-mesh-coil-for-extended-vaping","status":"publish","type":"product","link":"https:\/\/euvapz.com\/es\/producto\/waspe-fw-30000-puffs-disposable-vape-dual-mesh-coil-for-extended-vaping\/","title":{"rendered":"WASPE FW 30000 Puffs Vape Desechable Dual Mesh Coil para Vaping Extendido"},"content":{"rendered":"<p data-start=\"138\" data-end=\"433\"><img fetchpriority=\"high\" decoding=\"async\" class=\"alignnone size-full wp-image-31526\" src=\"https:\/\/euvapz.com\/wp-content\/uploads\/2025\/03\/WASPE-FW-30000-Puffs-Disposable-Vape-Dual-Mesh-Coil-for-Extended-Vaping-15.webp\" alt=\"WASPE FW 30000 Puffs Vape Desechable Dual Mesh Coil para Vaping Extendido\" width=\"1120\" height=\"1120\" srcset=\"https:\/\/euvapz.com\/wp-content\/uploads\/2025\/03\/WASPE-FW-30000-Puffs-Disposable-Vape-Dual-Mesh-Coil-for-Extended-Vaping-15.webp 1120w, https:\/\/euvapz.com\/wp-content\/uploads\/2025\/03\/WASPE-FW-30000-Puffs-Disposable-Vape-Dual-Mesh-Coil-for-Extended-Vaping-15-300x300.webp 300w, https:\/\/euvapz.com\/wp-content\/uploads\/2025\/03\/WASPE-FW-30000-Puffs-Disposable-Vape-Dual-Mesh-Coil-for-Extended-Vaping-15-800x800.webp 800w, https:\/\/euvapz.com\/wp-content\/uploads\/2025\/03\/WASPE-FW-30000-Puffs-Disposable-Vape-Dual-Mesh-Coil-for-Extended-Vaping-15-150x150.webp 150w, https:\/\/euvapz.com\/wp-content\/uploads\/2025\/03\/WASPE-FW-30000-Puffs-Disposable-Vape-Dual-Mesh-Coil-for-Extended-Vaping-15-768x768.webp 768w, https:\/\/euvapz.com\/wp-content\/uploads\/2025\/03\/WASPE-FW-30000-Puffs-Disposable-Vape-Dual-Mesh-Coil-for-Extended-Vaping-15-12x12.webp 12w, https:\/\/euvapz.com\/wp-content\/uploads\/2025\/03\/WASPE-FW-30000-Puffs-Disposable-Vape-Dual-Mesh-Coil-for-Extended-Vaping-15-430x430.webp 430w, https:\/\/euvapz.com\/wp-content\/uploads\/2025\/03\/WASPE-FW-30000-Puffs-Disposable-Vape-Dual-Mesh-Coil-for-Extended-Vaping-15-700x700.webp 700w\" sizes=\"(max-width: 1120px) 100vw, 1120px\" \/><\/p>\n<p class=\"\" data-start=\"138\" data-end=\"433\">En <strong data-start=\"142\" data-end=\"182\">WASPE FW 30000 Puffs Disposable Vape<\/strong> is a powerful, long-lasting device that offers <strong data-start=\"230\" data-end=\"246\">30.000 bocanadas<\/strong> for an extended vaping experience. Designed for vapers who value quality and performance, this vape ensures smooth sessions with consistent vapor production throughout its long lifespan.<\/p>\n<p class=\"\" data-start=\"435\" data-end=\"775\">Equipped with an <strong data-start=\"452\" data-end=\"483\">Bater\u00eda recargable de 850 mAh<\/strong>El <strong data-start=\"489\" data-end=\"501\">WASPE FW<\/strong> delivers reliable power and can be quickly recharged via the <strong data-start=\"563\" data-end=\"587\">Puerto de carga Tipo-C<\/strong>, ensuring you&#8217;re always ready to vape. Featuring <strong data-start=\"637\" data-end=\"656\">bobinas de doble malla<\/strong> (1\u03a9 + 1\u03a9), this device enhances flavor and vapor production, giving you an ultra-satisfying experience with each puff.<\/p>\n<p class=\"\" data-start=\"777\" data-end=\"1157\">Precargado con <strong data-start=\"793\" data-end=\"821\">28mL of premium e-liquid<\/strong>El <strong data-start=\"827\" data-end=\"839\">WASPE FW<\/strong> comes with <strong data-start=\"851\" data-end=\"886\">0%, 2%, and 5% nicotine options<\/strong>, catering to a variety of preferences. The <strong data-start=\"930\" data-end=\"959\">sistema de flujo de aire ajustable<\/strong> allows you to fine-tune your draw, whether you prefer a tight or more open inhale. With a <strong data-start=\"1050\" data-end=\"1065\">Pantalla LED<\/strong> to show battery and e-liquid levels, this device makes it easy to keep track of your usage.<\/p>\n<h2 data-start=\"1159\" data-end=\"1193\"><strong data-start=\"1159\" data-end=\"1193\">WASPE FW 30000 Puffs Features:<\/strong><\/h2>\n<ul data-start=\"1194\" data-end=\"1622\">\n<li class=\"\" data-start=\"1194\" data-end=\"1285\">\n<p class=\"\" data-start=\"1196\" data-end=\"1285\"><strong data-start=\"1196\" data-end=\"1205\">Puffs<\/strong>: Up to <strong data-start=\"1213\" data-end=\"1229\">30.000 bocanadas<\/strong> con un <strong data-start=\"1237\" data-end=\"1255\">dual mesh coil<\/strong> for enhanced flavor and vapor<\/p>\n<\/li>\n<li class=\"\" data-start=\"1286\" data-end=\"1354\">\n<p class=\"\" data-start=\"1288\" data-end=\"1354\"><strong data-start=\"1288\" data-end=\"1299\">Bater\u00eda<\/strong>: <strong data-start=\"1301\" data-end=\"1324\">850mAh rechargeable<\/strong> con <strong data-start=\"1330\" data-end=\"1354\">Puerto de carga Tipo-C<\/strong><\/p>\n<\/li>\n<li class=\"\" data-start=\"1355\" data-end=\"1420\">\n<p class=\"\" data-start=\"1357\" data-end=\"1420\"><strong data-start=\"1357\" data-end=\"1378\">Potencia de nicotina<\/strong>: Available in <strong data-start=\"1393\" data-end=\"1420\">0%, 2%, and 5% nicotine<\/strong><\/p>\n<\/li>\n<li class=\"\" data-start=\"1421\" data-end=\"1474\">\n<p class=\"\" data-start=\"1423\" data-end=\"1474\"><strong data-start=\"1423\" data-end=\"1444\">Capacidad de e-l\u00edquido<\/strong>: <strong data-start=\"1446\" data-end=\"1465\">28mL pre-filled<\/strong> e-liquid<\/p>\n<\/li>\n<li class=\"\" data-start=\"1475\" data-end=\"1557\">\n<p class=\"\" data-start=\"1477\" data-end=\"1557\"><strong data-start=\"1477\" data-end=\"1499\">Flujo de aire ajustable<\/strong>: Customize your draw for a personalized vaping experience<\/p>\n<\/li>\n<li class=\"\" data-start=\"1558\" data-end=\"1622\">\n<p class=\"\" data-start=\"1560\" data-end=\"1622\"><strong data-start=\"1560\" data-end=\"1571\">Display<\/strong>: <strong data-start=\"1573\" data-end=\"1588\">Pantalla LED<\/strong> shows battery and e-liquid levels<\/p>\n<\/li>\n<\/ul>\n<h2 data-start=\"1624\" data-end=\"1661\"><strong data-start=\"1624\" data-end=\"1661\">WASPE FW 30000 Puffs Flavor List:<\/strong><\/h2>\n<ol data-start=\"1662\" data-end=\"1999\">\n<li class=\"\" data-start=\"1662\" data-end=\"1681\">\n<p class=\"\" data-start=\"1665\" data-end=\"1681\">Fresa Mango<\/p>\n<\/li>\n<li class=\"\" data-start=\"1682\" data-end=\"1696\">\n<p class=\"\" data-start=\"1685\" data-end=\"1696\">Mixed Berry<\/p>\n<\/li>\n<li class=\"\" data-start=\"1697\" data-end=\"1714\">\n<p class=\"\" data-start=\"1700\" data-end=\"1714\">Hielo de sand\u00eda<\/p>\n<\/li>\n<li class=\"\" data-start=\"1715\" data-end=\"1739\">\n<p class=\"\" data-start=\"1718\" data-end=\"1739\">Sand\u00eda con fresa<\/p>\n<\/li>\n<li class=\"\" data-start=\"1740\" data-end=\"1762\">\n<p class=\"\" data-start=\"1743\" data-end=\"1762\">Strawberry Red Bull<\/p>\n<\/li>\n<li class=\"\" data-start=\"1763\" data-end=\"1790\">\n<p class=\"\" data-start=\"1766\" data-end=\"1790\">Kiwi Fruta de la pasi\u00f3n Guayaba<\/p>\n<\/li>\n<li class=\"\" data-start=\"1791\" data-end=\"1803\">\n<p class=\"\" data-start=\"1794\" data-end=\"1803\">Hielo de uva<\/p>\n<\/li>\n<li class=\"\" data-start=\"1804\" data-end=\"1823\">\n<p class=\"\" data-start=\"1807\" data-end=\"1823\">Doble manzana helada<\/p>\n<\/li>\n<li class=\"\" data-start=\"1824\" data-end=\"1846\">\n<p class=\"\" data-start=\"1827\" data-end=\"1846\">Ar\u00e1ndano Frambuesa<\/p>\n<\/li>\n<li class=\"\" data-start=\"1847\" data-end=\"1873\">\n<p class=\"\" data-start=\"1851\" data-end=\"1873\">Watermelon Mango Peach<\/p>\n<\/li>\n<li class=\"\" data-start=\"1874\" data-end=\"1891\">\n<p class=\"\" data-start=\"1878\" data-end=\"1891\">Hielo de ar\u00e1ndanos<\/p>\n<\/li>\n<li class=\"\" data-start=\"1892\" data-end=\"1907\">\n<p class=\"\" data-start=\"1896\" data-end=\"1907\">Peach Berry<\/p>\n<\/li>\n<li class=\"\" data-start=\"1908\" data-end=\"1927\">\n<p class=\"\" data-start=\"1912\" data-end=\"1927\">Fresa Kiwi<\/p>\n<\/li>\n<li class=\"\" data-start=\"1928\" data-end=\"1942\">\n<p class=\"\" data-start=\"1932\" data-end=\"1942\">Cherry Ice<\/p>\n<\/li>\n<li class=\"\" data-start=\"1943\" data-end=\"1974\">\n<p class=\"\" data-start=\"1947\" data-end=\"1974\">Fresa Frambuesa Cereza<\/p>\n<\/li>\n<li class=\"\" data-start=\"1975\" data-end=\"1999\">\n<p class=\"\" data-start=\"1979\" data-end=\"1999\">Sand\u00eda Chicle<\/p>\n<\/li>\n<\/ol>\n<p class=\"\" data-start=\"2001\" data-end=\"2390\">Con <strong data-start=\"2006\" data-end=\"2035\">dual mesh coil technology<\/strong>, <strong data-start=\"2037\" data-end=\"2059\">flujo de aire ajustable<\/strong>, and a variety of exciting flavors such as <strong data-start=\"2103\" data-end=\"2123\">Fresa Mango<\/strong> y <strong data-start=\"2128\" data-end=\"2146\">Hielo de sand\u00eda<\/strong>El <strong data-start=\"2152\" data-end=\"2192\">WASPE FW 30000 Puffs Disposable Vape<\/strong> is the perfect device for vapers looking for <strong data-start=\"2238\" data-end=\"2253\">reliability<\/strong>, <strong data-start=\"2255\" data-end=\"2265\">sabor<\/strong>y <strong data-start=\"2271\" data-end=\"2299\">long-lasting performance<\/strong>. Whether you prefer fruity, icy, or bold flavors, this vape has something for every taste.<\/p>\n<h2 data-start=\"2001\" data-end=\"2390\">\t\t\t<link rel=\"stylesheet\" id=\"elementor-post-32801-css\" href=\"https:\/\/euvapz.com\/wp-content\/uploads\/elementor\/css\/post-32801.css?ver=1775243812\" type=\"text\/css\" media=\"all\">\n\t\t\t\t\t<div data-elementor-type=\"wp-post\" data-elementor-id=\"32801\" class=\"elementor elementor-32801\" data-elementor-post-type=\"cms_block\">\n\t\t\t\t<div class=\"wd-negative-gap elementor-element elementor-element-311ef4d e-flex e-con-boxed e-con e-parent\" data-id=\"311ef4d\" data-element_type=\"container\">\n\t\t\t\t\t<div class=\"e-con-inner\">\n\t\t\t\t<div class=\"elementor-element elementor-element-354d55bb color-scheme-inherit text-left elementor-widget elementor-widget-text-editor\" data-id=\"354d55bb\" data-element_type=\"widget\" data-widget_type=\"text-editor.default\">\n\t\t\t\t<div class=\"elementor-widget-container\">\n\t\t\t\t\t\t\t\t\t&nbsp;\n\n<script src=\"chrome-extension:\/\/fpelahbljekknahkcaegamhcndkfpfnc\/iFrame.js\" type=\"text\/javascript\"><\/script>\t\t\t\t\t\t\t\t<\/div>\n\t\t\t\t<\/div>\n\t\t\t\t\t<\/div>\n\t\t\t\t<\/div>\n\t\t<div class=\"wd-negative-gap elementor-element elementor-element-2f4b93b0 e-flex e-con-boxed e-con e-parent\" data-id=\"2f4b93b0\" data-element_type=\"container\">\n\t\t\t\t\t<div class=\"e-con-inner\">\n\t\t\t\t\t<\/div>\n\t\t\t\t<\/div>\n\t\t<div class=\"wd-negative-gap elementor-element elementor-element-200eec29 e-flex e-con-boxed e-con e-parent\" data-id=\"200eec29\" data-element_type=\"container\">\n\t\t\t\t\t<div class=\"e-con-inner\">\n\t\t\t\t<div class=\"elementor-element elementor-element-19faf1ba color-scheme-inherit text-left elementor-widget elementor-widget-text-editor\" data-id=\"19faf1ba\" data-element_type=\"widget\" data-widget_type=\"text-editor.default\">\n\t\t\t\t<div class=\"elementor-widget-container\">\n\t\t\t\t\t\t\t\t\t<h2><em><strong>FAQS<\/strong><\/em><\/h2><ul><li><h2><em><strong>\u00bfQu\u00e9 m\u00e9todos de env\u00edo utiliza?<\/strong><\/em><\/h2><\/li><li><h2><em><strong><span style=\"color: #333333; font-size: 16px;\">Colaboramos con transportistas de confianza como UPS, DHL, FedEx y DPD. Dependiendo del pa\u00eds de destino, seleccionaremos el mejor m\u00e9todo de env\u00edo para garantizar una entrega r\u00e1pida y segura de sus productos.<\/span><\/strong><\/em><\/h2><\/li><\/ul><ul><li><h2><em><strong>\u00bfCu\u00e1nto tardar\u00e1 en llegar mi pedido?<\/strong><\/em><\/h2><\/li><\/ul><p data-start=\"340\" data-end=\"490\"><em><strong>\u00a0 \u00a0 \u00a0 Normalmente, la entrega tarda entre 7 y 15 d\u00edas laborables. Sin embargo, durante los d\u00edas festivos de mayor afluencia o condiciones meteorol\u00f3gicas adversas, puede tardar hasta 20 d\u00edas laborables.<\/strong><\/em><\/p><ul><li data-start=\"492\" data-end=\"539\"><h2><em><strong>\u00bfPasar\u00e1 mi pedido la aduana sin problemas?<\/strong><\/em><\/h2><\/li><li data-start=\"492\" data-end=\"539\"><h2><em><strong><span style=\"color: #333333; font-size: 16px;\">Nos encargamos de todos los tr\u00e1mites aduaneros por usted, garantizando una entrega sin problemas y sin impuestos ni tasas adicionales. Garantizamos que 100% de nuestros env\u00edos pasar\u00e1n la aduana sin problemas.<\/span><\/strong><\/em><\/h2><\/li><\/ul><ul><li data-start=\"718\" data-end=\"747\"><h2><em><strong>\u00bfPuedo confiar en su servicio?<\/strong><\/em><\/h2><\/li><li data-start=\"718\" data-end=\"747\"><h2><em><strong><span style=\"color: #333333; font-size: 16px;\">Por supuesto. Aceptamos PayPal para pagos seguros, y su compra est\u00e1 protegida por la protecci\u00f3n del comprador de PayPal. Tambi\u00e9n puedes consultar nuestras opiniones en TrustPilot para ver lo que otros clientes dicen de nosotros.<\/span><\/strong><\/em><\/h2><\/li><\/ul>\t\t\t\t\t\t\t\t<\/div>\n\t\t\t\t<\/div>\n\t\t\t\t\t<\/div>\n\t\t\t\t<\/div>\n\t\t<div class=\"wd-negative-gap elementor-element elementor-element-d4517fd e-flex e-con-boxed e-con e-parent\" data-id=\"d4517fd\" data-element_type=\"container\">\n\t\t\t\t\t<div class=\"e-con-inner\">\n\t\t\t\t<div class=\"elementor-element elementor-element-11cb93e5 elementor-widget elementor-widget-wd_button\" data-id=\"11cb93e5\" data-element_type=\"widget\" data-widget_type=\"wd_button.default\">\n\t\t\t\t<div class=\"elementor-widget-container\">\n\t\t\t\t\t\t\t<div class=\"wd-button-wrapper text-left\" >\n\t\t\t<a class=\"btn btn-style-link btn-style- btn-size-extra-large btn-scheme-inherit btn-scheme-hover-custom btn-icon-pos-right\"  href=\"https:\/\/euvapz.com\/es\/faqs\/\">\n\t\t\t\t<span class=\"wd-btn-text\" data-elementor-setting-key=\"text\">\n\t\t\t\t\tHaga clic aqu\u00ed para ver m\u00e1s preguntas frecuentes.\t\t\t\t<\/span>\n\n\t\t\t\t\t\t\t<\/a>\n\t\t<\/div>\n\t\t\t\t\t\t<\/div>\n\t\t\t\t<\/div>\n\t\t\t\t\t<\/div>\n\t\t\t\t<\/div>\n\t\t\t\t<\/div>\n\t\t<\/h2>","protected":false},"excerpt":{"rendered":"<p>En <strong data-start=\"7\" data-end=\"31\">WASPE FW 30000 Puffs<\/strong> Ofertas Vape desechables <strong data-start=\"55\" data-end=\"71\">30.000 bocanadas<\/strong>, <strong data-start=\"73\" data-end=\"90\">28mL e-liquid<\/strong>y <strong data-start=\"96\" data-end=\"111\">5% nicotina<\/strong>, with exciting flavors like <strong data-start=\"140\" data-end=\"160\">Fresa Mango<\/strong> y <strong data-start=\"165\" data-end=\"183\">Hielo de sand\u00eda<\/strong> para una experiencia duradera y sabrosa.<\/p>","protected":false},"featured_media":31522,"comment_status":"open","ping_status":"closed","template":"","meta":[],"product_brand":[111],"product_cat":[112],"product_tag":[],"class_list":{"0":"post-31511","1":"product","2":"type-product","3":"status-publish","4":"has-post-thumbnail","6":"product_brand-waspe-disposable-vapes","7":"product_cat-waspe-disposable-vapes","9":"first","10":"outofstock","11":"shipping-taxable","12":"purchasable","13":"product-type-variable"},"_links":{"self":[{"href":"https:\/\/euvapz.com\/es\/wp-json\/wp\/v2\/product\/31511","targetHints":{"allow":["GET"]}}],"collection":[{"href":"https:\/\/euvapz.com\/es\/wp-json\/wp\/v2\/product"}],"about":[{"href":"https:\/\/euvapz.com\/es\/wp-json\/wp\/v2\/types\/product"}],"replies":[{"embeddable":true,"href":"https:\/\/euvapz.com\/es\/wp-json\/wp\/v2\/comments?post=31511"}],"version-history":[{"count":3,"href":"https:\/\/euvapz.com\/es\/wp-json\/wp\/v2\/product\/31511\/revisions"}],"predecessor-version":[{"id":32832,"href":"https:\/\/euvapz.com\/es\/wp-json\/wp\/v2\/product\/31511\/revisions\/32832"}],"wp:featuredmedia":[{"embeddable":true,"href":"https:\/\/euvapz.com\/es\/wp-json\/wp\/v2\/media\/31522"}],"wp:attachment":[{"href":"https:\/\/euvapz.com\/es\/wp-json\/wp\/v2\/media?parent=31511"}],"wp:term":[{"taxonomy":"product_brand","embeddable":true,"href":"https:\/\/euvapz.com\/es\/wp-json\/wp\/v2\/product_brand?post=31511"},{"taxonomy":"product_cat","embeddable":true,"href":"https:\/\/euvapz.com\/es\/wp-json\/wp\/v2\/product_cat?post=31511"},{"taxonomy":"product_tag","embeddable":true,"href":"https:\/\/euvapz.com\/es\/wp-json\/wp\/v2\/product_tag?post=31511"}],"curies":[{"name":"wp","href":"https:\/\/api.w.org\/{rel}","templated":true}]}}