{"id":35844,"date":"2025-05-24T10:02:09","date_gmt":"2025-05-24T10:02:09","guid":{"rendered":"https:\/\/euvapz.com\/?post_type=product&#038;p=35844"},"modified":"2025-06-01T11:42:15","modified_gmt":"2025-06-01T11:42:15","slug":"hazey-d195-18000-puffs-laetav-uhekordselt-kasutatav-vape","status":"publish","type":"product","link":"https:\/\/euvapz.com\/et\/toode\/hazey-d195-18000-puffs-laetav-uhekordselt-kasutatav-vape\/","title":{"rendered":"Hazey D195 18000 Puffs laetav \u00fchekordselt kasutatav Vape"},"content":{"rendered":"<p data-start=\"236\" data-end=\"710\">Tutvustame <strong data-start=\"252\" data-end=\"294\">Hazey D195 18000 Puffs \u00fchekordselt kasutatav Vape<\/strong>, k\u00f5rgekvaliteediline aurustusseade, mis on m\u00f5eldud erakordse j\u00f5udluse ja pikaajalise rahulolu tagamiseks. Euroopa turu n\u00f5udlikele aurutajatele m\u00f5eldud Hazey D195 \u00fchendab t\u00e4iustatud tehnoloogia elegantse ja kasutajas\u00f5braliku disainiga, et pakkuda kuni 18 000 t\u00f5mbet\u00f5mmet \u00fchest seadmest. Olenemata sellest, kas otsite mugavust, maitsete mitmekesisust v\u00f5i usaldusv\u00e4\u00e4rset kvaliteeti, Hazey D195 on \u00fchekordsete aurustite tippvalik.<\/p>\n<hr data-start=\"712\" data-end=\"715\" \/>\n<h2 data-start=\"717\" data-end=\"737\">Hazey D195 18000 Puffs Toote omadused<\/h2>\n<ul data-start=\"739\" data-end=\"1640\">\n<li data-start=\"739\" data-end=\"777\">\n<p data-start=\"741\" data-end=\"777\"><strong data-start=\"741\" data-end=\"751\">Mudel:<\/strong> Hazey D195 koos ekraaniga<\/p>\n<\/li>\n<li data-start=\"778\" data-end=\"887\">\n<p data-start=\"780\" data-end=\"887\"><strong data-start=\"780\" data-end=\"790\">Puffs:<\/strong> Nautige kuni 18 000 pauku, tagades pikaajalise aurutamise ilma sagedase asendamise vajaduseta.<\/p>\n<\/li>\n<li data-start=\"888\" data-end=\"1000\">\n<p data-start=\"890\" data-end=\"1000\"><strong data-start=\"890\" data-end=\"912\">E-vedeliku mahutavus:<\/strong> Suurep\u00e4rane 28ml mahutavus v\u00f5imaldab pikaajalist kasutamist ja intensiivse maitse edastamist.<\/p>\n<\/li>\n<li data-start=\"1001\" data-end=\"1126\">\n<p data-start=\"1003\" data-end=\"1126\"><strong data-start=\"1003\" data-end=\"1025\">Nikotiini tugevus:<\/strong> Saadaval 2% ja 5% nikotiinisisaldusega, mis rahuldab nii m\u00f5\u00f5duka kui ka tugeva nikotiini eelistusi.<\/p>\n<\/li>\n<li data-start=\"1127\" data-end=\"1215\">\n<p data-start=\"1129\" data-end=\"1215\"><strong data-start=\"1129\" data-end=\"1141\">Aku:<\/strong> Sisseehitatud 600mAh aku toetab pikaajalist j\u00f5udlust.<\/p>\n<\/li>\n<li data-start=\"1216\" data-end=\"1327\">\n<p data-start=\"1218\" data-end=\"1327\"><strong data-start=\"1218\" data-end=\"1232\">M\u00e4hise t\u00fc\u00fcp:<\/strong> Varustatud suure efektiivsusega v\u00f5rgusilma m\u00e4hisega, mis tagab t\u00e4iustatud aurutootmise ja rikkaliku maitse.<\/p>\n<\/li>\n<li data-start=\"1328\" data-end=\"1421\">\n<p data-start=\"1330\" data-end=\"1421\"><strong data-start=\"1330\" data-end=\"1345\">Vastupidavus:<\/strong> 0,8 \u03a9 takistus, mis on kavandatud optimaalselt sujuvaks ja \u00fchtlaseks auruv\u00e4ljundiks.<\/p>\n<\/li>\n<li data-start=\"1422\" data-end=\"1523\">\n<p data-start=\"1424\" data-end=\"1523\"><strong data-start=\"1424\" data-end=\"1441\">Laetav:<\/strong> Jah, kiire C-t\u00fc\u00fcpi laadimisport kiireks ja mugavaks laadimiseks.<\/p>\n<\/li>\n<li data-start=\"1524\" data-end=\"1640\">\n<p data-start=\"1526\" data-end=\"1640\"><strong data-start=\"1526\" data-end=\"1538\">N\u00e4ita:<\/strong> Integreeritud vedeliku ja aku taseme n\u00e4idik pakub reaalajas oleku uuendusi, et hoida teid kursis.<\/p>\n<\/li>\n<\/ul>\n<hr data-start=\"1642\" data-end=\"1645\" \/>\n<h2 data-start=\"1647\" data-end=\"1667\">Hazey D195 18000 Puffs maitsete valik<\/h2>\n<p data-start=\"1669\" data-end=\"1774\">The <strong>Hazey D195 18000 Puffs<\/strong>\u00a0Disposable Vape pakub laia valikut 15 suussulavat maitset, mis sobivad igale maitsele:<\/p>\n<ol data-start=\"1776\" data-end=\"2095\">\n<li data-start=\"1776\" data-end=\"1795\">\n<p data-start=\"1779\" data-end=\"1795\">Maasika j\u00e4\u00e4<\/p>\n<\/li>\n<li data-start=\"1796\" data-end=\"1815\">\n<p data-start=\"1799\" data-end=\"1815\">Arbuusi j\u00e4\u00e4<\/p>\n<\/li>\n<li data-start=\"1816\" data-end=\"1834\">\n<p data-start=\"1819\" data-end=\"1834\">Mustika j\u00e4\u00e4<\/p>\n<\/li>\n<li data-start=\"1835\" data-end=\"1849\">\n<p data-start=\"1838\" data-end=\"1849\">Viinamarja j\u00e4\u00e4<\/p>\n<\/li>\n<li data-start=\"1850\" data-end=\"1868\">\n<p data-start=\"1853\" data-end=\"1868\">Ananassi j\u00e4\u00e4<\/p>\n<\/li>\n<li data-start=\"1869\" data-end=\"1895\">\n<p data-start=\"1872\" data-end=\"1895\">Maasika arbuus<\/p>\n<\/li>\n<li data-start=\"1896\" data-end=\"1925\">\n<p data-start=\"1899\" data-end=\"1925\">Kiivi Passion Fruit Guava<\/p>\n<\/li>\n<li data-start=\"1926\" data-end=\"1943\">\n<p data-start=\"1929\" data-end=\"1943\">Triple Mango<\/p>\n<\/li>\n<li data-start=\"1944\" data-end=\"1961\">\n<p data-start=\"1947\" data-end=\"1961\">Double Apple<\/p>\n<\/li>\n<li data-start=\"1962\" data-end=\"1976\">\n<p data-start=\"1966\" data-end=\"1976\">Cola Ice<\/p>\n<\/li>\n<li data-start=\"1977\" data-end=\"1993\">\n<p data-start=\"1981\" data-end=\"1993\">Lemon Lime<\/p>\n<\/li>\n<li data-start=\"1994\" data-end=\"2018\">\n<p data-start=\"1998\" data-end=\"2018\">Lime Passion Fruit<\/p>\n<\/li>\n<li data-start=\"2019\" data-end=\"2043\">\n<p data-start=\"2023\" data-end=\"2043\">Musts\u00f5star viinamarja<\/p>\n<\/li>\n<li data-start=\"2044\" data-end=\"2077\">\n<p data-start=\"2048\" data-end=\"2077\">Maasikas Vaarikas Kirss<\/p>\n<\/li>\n<li data-start=\"2078\" data-end=\"2095\">\n<p data-start=\"2082\" data-end=\"2095\">\u00d5una Viinamarja<\/p>\n<\/li>\n<\/ol>\n<p data-start=\"2097\" data-end=\"2255\">Iga maitse on oskuslikult valmistatud, et pakkuda v\u00e4rskendavat, sujuvat aurustamiskogemust koos elavate nootide ja jaheda l\u00f5puga, mis sobib ideaalselt Euroopa aurutamis-eelistustele.<\/p>\n<hr data-start=\"2257\" data-end=\"2260\" \/>\n<h2 data-start=\"2262\" data-end=\"2298\">Korduma kippuvad k\u00fcsimused (KKK)<\/h2>\n<p data-start=\"2300\" data-end=\"2603\"><strong data-start=\"2300\" data-end=\"2348\">K1: Kuidas saadetakse Hazey D195 Euroopasse? <\/strong><br data-start=\"2348\" data-end=\"2351\" \/>V: Hazey D195 18000 Puffs \u00fchekordselt kasutatav Vape tarnitakse turvalises kartongis koos kaitsepakendiga, et tagada ohutu kohaletoimetamine. Teeme koost\u00f6\u00f6d usaldusv\u00e4\u00e4rsete logistikateenuste pakkujatega, kes pakuvad j\u00e4lgitavaid tarnev\u00f5imalusi Euroopasse, sealhulgas tollivormistuse toetust.<\/p>\n<p data-start=\"2605\" data-end=\"2878\"><strong data-start=\"2605\" data-end=\"2668\">K2: Millised tarneviisid ja tarneajad on saadaval?<\/strong><br data-start=\"2668\" data-end=\"2671\" \/>V: Pakume erinevaid tarnev\u00f5imalusi, n\u00e4iteks standard- ja kiirendatud tarne. T\u00fc\u00fcpiline tarneaeg Euroopas on 5-12 t\u00f6\u00f6p\u00e4eva, s\u00f5ltuvalt sihtkohast ja valitud tarneviisist.<\/p>\n<p data-start=\"2880\" data-end=\"3092\"><strong data-start=\"2880\" data-end=\"2920\">3. k\u00fcsimus: Kas Hazey D195 saab uuesti laadida?<\/strong><br data-start=\"2920\" data-end=\"2923\" \/>V: Jah, Hazey D195-l on sisseehitatud 600 mAh aku ja see kasutab kaasaegset Type-C porti, mis v\u00f5imaldab seadme eluea pikendamiseks kiiret ja lihtsat laadimist.<\/p>\n<p data-start=\"3094\" data-end=\"3418\"><strong data-start=\"3094\" data-end=\"3142\">K4: Milline on teie tagastus- ja vahetuspoliitika?<\/strong><br data-start=\"3142\" data-end=\"3145\" \/>V: Meie prioriteediks on klientide rahulolu. Kui saate defektse, kahjustatud v\u00f5i vale toote, v\u00f5tke meiega 7 p\u00e4eva jooksul p\u00e4rast k\u00e4ttesaamist \u00fchendust, et saada kaup v\u00e4lja vahetatud v\u00f5i raha tagasi. Avamata ja kasutamata toodete tagastamine v\u00f5i vahetamine on lubatud 14 p\u00e4eva jooksul, kui see on heaks kiidetud.<\/p>\n<p data-start=\"3420\" data-end=\"3610\"><strong data-start=\"3420\" data-end=\"3477\">K5: Kas on saadaval erinevaid nikotiinisisaldusi?<\/strong><br data-start=\"3477\" data-end=\"3480\" \/>V: Jah, Hazey D195 on saadaval 2% ja 5% nikotiinisisaldusega, et vastata erinevatele kasutajate eelistustele Euroopa turul.<\/p>\n<p data-start=\"3612\" data-end=\"3831\"><strong data-start=\"3612\" data-end=\"3662\">K6: Kuidas ma saan kontrollida aku ja vedeliku taset?<\/strong><br data-start=\"3662\" data-end=\"3665\" \/>V: Seadmel on integreeritud ekraan, mis n\u00e4itab nii aku t\u00f6\u00f6aega kui ka j\u00e4relej\u00e4\u00e4nud vedelikku, mis v\u00f5imaldab lihtsat j\u00e4lgimist, et v\u00e4ltida ootamatut voolu v\u00f5i e-vedeliku ammendumist.<\/p>\n<hr data-start=\"3833\" data-end=\"3836\" \/>\n<p data-start=\"3838\" data-end=\"4146\">The <strong data-start=\"3842\" data-end=\"3884\">Hazey D195 18000 Puffs \u00fchekordselt kasutatav Vape<\/strong> on teie \u00fclim lahendus usaldusv\u00e4\u00e4rse, maitsek\u00fcllase ja kauakestva aurustamiskogemuse jaoks, mis on kohandatud Euroopa turule. Kombineerides muljetavaldava aku kestvuse, suure vedelikureservuaari ja laia maitseskaala, pakub see mugavust ja rahulolu iga t\u00f5mbega.<\/p>","protected":false},"excerpt":{"rendered":"<p><strong>Hazey D195 18000 Puffs \u00fchekordselt kasutatav Vape<\/strong> pakub <strong>600mAh<\/strong> laetav aku, <strong>28ml<\/strong> e-vedelik ja v\u00f5rgusilma m\u00e4his sujuvaks ja kauakestvaks aurutamiseks.<\/p>","protected":false},"featured_media":36288,"comment_status":"open","ping_status":"closed","template":"","meta":[],"product_brand":[],"product_cat":[206],"product_tag":[],"class_list":{"0":"post-35844","1":"product","2":"type-product","3":"status-publish","4":"has-post-thumbnail","6":"product_cat-hazey-disposable-vape","8":"first","9":"instock","10":"shipping-taxable","11":"purchasable","12":"product-type-variable"},"_links":{"self":[{"href":"https:\/\/euvapz.com\/et\/wp-json\/wp\/v2\/product\/35844","targetHints":{"allow":["GET"]}}],"collection":[{"href":"https:\/\/euvapz.com\/et\/wp-json\/wp\/v2\/product"}],"about":[{"href":"https:\/\/euvapz.com\/et\/wp-json\/wp\/v2\/types\/product"}],"replies":[{"embeddable":true,"href":"https:\/\/euvapz.com\/et\/wp-json\/wp\/v2\/comments?post=35844"}],"version-history":[{"count":3,"href":"https:\/\/euvapz.com\/et\/wp-json\/wp\/v2\/product\/35844\/revisions"}],"predecessor-version":[{"id":36032,"href":"https:\/\/euvapz.com\/et\/wp-json\/wp\/v2\/product\/35844\/revisions\/36032"}],"wp:featuredmedia":[{"embeddable":true,"href":"https:\/\/euvapz.com\/et\/wp-json\/wp\/v2\/media\/36288"}],"wp:attachment":[{"href":"https:\/\/euvapz.com\/et\/wp-json\/wp\/v2\/media?parent=35844"}],"wp:term":[{"taxonomy":"product_brand","embeddable":true,"href":"https:\/\/euvapz.com\/et\/wp-json\/wp\/v2\/product_brand?post=35844"},{"taxonomy":"product_cat","embeddable":true,"href":"https:\/\/euvapz.com\/et\/wp-json\/wp\/v2\/product_cat?post=35844"},{"taxonomy":"product_tag","embeddable":true,"href":"https:\/\/euvapz.com\/et\/wp-json\/wp\/v2\/product_tag?post=35844"}],"curies":[{"name":"wp","href":"https:\/\/api.w.org\/{rel}","templated":true}]}}