{"id":16213,"date":"2025-02-13T13:59:20","date_gmt":"2025-02-13T13:59:20","guid":{"rendered":"https:\/\/euvapz.com\/?post_type=product&#038;p=16213"},"modified":"2025-03-27T12:12:05","modified_gmt":"2025-03-27T12:12:05","slug":"atvs-25000-puffs-paras-valinta-pitkakestoiseen-hoyryttamisen-nautintoon","status":"publish","type":"product","link":"https:\/\/euvapz.com\/fi\/tuote\/atvs-25000-puffs-paras-valinta-pitkakestoiseen-hoyryttamisen-nautintoon\/","title":{"rendered":"ATVS 25000 Puffs Paras valinta pitk\u00e4kestoiseen h\u00f6yrytt\u00e4misen nautintoon!"},"content":{"rendered":"<h2>\u00a0ATVS 25000 Puffs <a href=\"https:\/\/euvapz.com\/fi\">Tukku kertak\u00e4ytt\u00f6iset Vape<\/a><\/h2>\n<p>The <strong>ATVS 25000 Puffs tukku kertak\u00e4ytt\u00f6inen Vape<\/strong> asettaa uuden standardin kertak\u00e4ytt\u00f6isess\u00e4 h\u00f6yryst\u00e4misess\u00e4, tarjoten uskomattoman <strong>25 000 puhallusta<\/strong> pitk\u00e4aikaista nautintoa varten. T\u00e4m\u00e4 laite on suunniteltu niille, jotka haluavat suorituskykyisen ja pitk\u00e4kestoisen h\u00f6yrytyskokemuksen, ja se on t\u00e4ynn\u00e4 ominaisuuksia, jotka takaavat runsaan maun ja tasaisen h\u00f6yryn jokaisella puhalluksella. Etsitp\u00e4 sitten h\u00f6yrykyn\u00e4\u00e4 henkil\u00f6kohtaiseen k\u00e4ytt\u00f6\u00f6n tai tukkumyyntiin, The <strong>ATVS 25000 Puffs<\/strong> on lopullinen valintasi.<\/p>\n<p>Kanssa <strong>22ml e-nesteen kapasiteetti<\/strong>, voimakas <strong>1000mAh akku<\/strong>ja <strong>DUAL-verkkokela<\/strong>, t\u00e4m\u00e4 kertak\u00e4ytt\u00f6inen vape on rakennettu kest\u00e4m\u00e4\u00e4n. The <strong>0.4\u03a9\/0.8\u03a9 vastus<\/strong> tarjoaa optimoidun h\u00f6yrytyskokemuksen, mik\u00e4 tekee siit\u00e4 t\u00e4ydellisen vaihtoehdon sek\u00e4 kokeneille h\u00f6yryst\u00e4jille ett\u00e4 kertak\u00e4ytt\u00f6isten h\u00f6yryjen maailmaan vasta tutustuneille. Lis\u00e4ksi herkullisia makuja, kuten <strong>Mango Ice<\/strong>, <strong>Mustikkaj\u00e4\u00e4<\/strong>ja <strong>Mansikka vesimeloni<\/strong>t\u00e4m\u00e4 vape lupaa unohtumattoman kokemuksen joka kerta.<\/p>\n<p>Me euvapz.com-sivustolla tarjoamme t\u00e4t\u00e4 ensiluokkaista kertak\u00e4ytt\u00f6ist\u00e4 vape-kyn\u00e4\u00e4 tukkuostajille kaikkialla Euroopassa, mik\u00e4 takaa nopean ja helpon toimituksen.<\/p>\n<hr \/>\n<h1><img fetchpriority=\"high\" decoding=\"async\" class=\"alignnone size-full wp-image-16238\" src=\"https:\/\/euvapz.com\/wp-content\/uploads\/2025\/02\/ATVS-25000-Puffs-The-Best-Choice-for-Long-Lasting-Vaping-Pleasure-1.webp\" alt=\"ATVS 25000 Puffs Paras valinta pitk\u00e4kestoiseen Vaping Pleasureen!\" width=\"1000\" height=\"1000\" srcset=\"https:\/\/euvapz.com\/wp-content\/uploads\/2025\/02\/ATVS-25000-Puffs-The-Best-Choice-for-Long-Lasting-Vaping-Pleasure-1.webp 1000w, https:\/\/euvapz.com\/wp-content\/uploads\/2025\/02\/ATVS-25000-Puffs-The-Best-Choice-for-Long-Lasting-Vaping-Pleasure-1-300x300.webp 300w, https:\/\/euvapz.com\/wp-content\/uploads\/2025\/02\/ATVS-25000-Puffs-The-Best-Choice-for-Long-Lasting-Vaping-Pleasure-1-800x800.webp 800w, https:\/\/euvapz.com\/wp-content\/uploads\/2025\/02\/ATVS-25000-Puffs-The-Best-Choice-for-Long-Lasting-Vaping-Pleasure-1-150x150.webp 150w, https:\/\/euvapz.com\/wp-content\/uploads\/2025\/02\/ATVS-25000-Puffs-The-Best-Choice-for-Long-Lasting-Vaping-Pleasure-1-768x768.webp 768w, https:\/\/euvapz.com\/wp-content\/uploads\/2025\/02\/ATVS-25000-Puffs-The-Best-Choice-for-Long-Lasting-Vaping-Pleasure-1-12x12.webp 12w, https:\/\/euvapz.com\/wp-content\/uploads\/2025\/02\/ATVS-25000-Puffs-The-Best-Choice-for-Long-Lasting-Vaping-Pleasure-1-430x430.webp 430w, https:\/\/euvapz.com\/wp-content\/uploads\/2025\/02\/ATVS-25000-Puffs-The-Best-Choice-for-Long-Lasting-Vaping-Pleasure-1-700x700.webp 700w\" sizes=\"(max-width: 1000px) 100vw, 1000px\" \/><\/h1>\n<h2>Keskeiset ominaisuudet <a href=\"https:\/\/euvapz.com\/fi\/tuote-osasto\/atvs-disposable-vape\/\">ATVS 25000 Puffs<\/a> Kertak\u00e4ytt\u00f6iset Vape<\/h2>\n<p>The <strong>ATVS 25000 Puffs Kertak\u00e4ytt\u00f6inen Vape<\/strong> on t\u00e4ynn\u00e4 edistyksellisi\u00e4 ominaisuuksia, jotka takaavat erinomaisen h\u00f6yrytyskokemuksen. T\u00e4ss\u00e4 ovat t\u00e4rkeimm\u00e4t tekniset tiedot:<\/p>\n<table>\n<thead>\n<tr>\n<th>Ominaisuus<\/th>\n<th>Yksityiskohdat<\/th>\n<\/tr>\n<\/thead>\n<tbody>\n<tr>\n<td><strong>Puff Count<\/strong><\/td>\n<td>25,000 Puffs<\/td>\n<\/tr>\n<tr>\n<td><strong>E-nesteen kapasiteetti<\/strong><\/td>\n<td>22ml<\/td>\n<\/tr>\n<tr>\n<td><strong>Akku<\/strong><\/td>\n<td>112040 Akku<\/td>\n<\/tr>\n<tr>\n<td><strong>Akun kapasiteetti<\/strong><\/td>\n<td>1000mAh<\/td>\n<\/tr>\n<tr>\n<td><strong>Kela<\/strong><\/td>\n<td>DUAL Mesh Coil<\/td>\n<\/tr>\n<tr>\n<td><strong>Vastus<\/strong><\/td>\n<td>0.4\u03a9\/0.8\u03a9<\/td>\n<\/tr>\n<tr>\n<td><strong>Tuotteen koko (sis\u00e4pakkaus)<\/strong><\/td>\n<td>52.2<em>26<\/em>99mm (yksiosainen)<\/td>\n<\/tr>\n<tr>\n<td><strong>Ulkopakkauksen koko<\/strong><\/td>\n<td>132<em>119<\/em>160mm (Yksi laatikko\/10 kpl)<\/td>\n<\/tr>\n<tr>\n<td><strong>Bruttopaino<\/strong><\/td>\n<td>25.6KG (200 kpl)<\/td>\n<\/tr>\n<tr>\n<td><strong>Nikotiinisuolapitoisuus<\/strong><\/td>\n<td>Saatavana eri vaihtoehdoissa (5%, 3%, 2%, 0%).<\/td>\n<\/tr>\n<tr>\n<td><strong>Tuki<\/strong><\/td>\n<td>OEM\/ODM<\/td>\n<\/tr>\n<\/tbody>\n<\/table>\n<h3>Puff Count ja E-nesteen kapasiteetti<\/h3>\n<p>The <strong>ATVS 25000 Puffs Kertak\u00e4ytt\u00f6inen Vape<\/strong> tarjoukset <strong>25 000 puhallusta<\/strong>, mik\u00e4 takaa pitk\u00e4kestoisen nautinnon jopa kaikkein omistautuneimmille h\u00f6yryst\u00e4jille. The <strong>22ml e-nesteen kapasiteetti<\/strong> varmistaa, ettei sinun tarvitse huolehtia t\u00e4ydennyksist\u00e4, mik\u00e4 takaa vaivattoman kokemuksen.<\/p>\n<h3>Tehokas akku ja verkkokela<\/h3>\n<p>The <strong>1000mAh akku<\/strong> tarjoaa t\u00e4ydellisen m\u00e4\u00e4r\u00e4n tehoa tasaista suorituskyky\u00e4 varten, kun taas <strong>DUAL-verkkokela<\/strong> takaa tasaisen ja johdonmukaisen h\u00f6yryn tuotannon. The <strong>0.4\u03a9\/0.8\u03a9 vastus<\/strong> tarjoaa optimaalisen l\u00e4mmityksen, joka takaa runsaan ja tyydytt\u00e4v\u00e4n maun.<\/p>\n<h3>Helppok\u00e4ytt\u00f6inen ja k\u00e4tev\u00e4<\/h3>\n<p>The <strong>ATVS 25000 Puffs<\/strong> mukana tulee <strong>C-tyypin ladattava<\/strong> k\u00e4ytt\u00f6liittym\u00e4 k\u00e4tevyyden vuoksi. Laite on suunniteltu <strong>keuhkojen sis\u00e4\u00e4nhengitys<\/strong>N\u00e4in saat joka kerta tyydytt\u00e4v\u00e4n vedon. K\u00e4ytitp\u00e4 sit\u00e4 sitten liikkeell\u00e4 tai kotona, t\u00e4m\u00e4 kertak\u00e4ytt\u00f6inen h\u00f6yrystin on t\u00e4ydellinen kumppani h\u00f6yrytystarpeisiisi.<\/p>\n<hr \/>\n<h1><img decoding=\"async\" class=\"alignnone size-full wp-image-16247\" src=\"https:\/\/euvapz.com\/wp-content\/uploads\/2025\/02\/ATVS-25000-Puffs-The-Best-Choice-for-Long-Lasting-Vaping-Pleasure-17.webp\" alt=\"ATVS 25000 Puffs Paras valinta pitk\u00e4kestoiseen Vaping Pleasureen!\" width=\"1000\" height=\"1000\" srcset=\"https:\/\/euvapz.com\/wp-content\/uploads\/2025\/02\/ATVS-25000-Puffs-The-Best-Choice-for-Long-Lasting-Vaping-Pleasure-17.webp 1000w, https:\/\/euvapz.com\/wp-content\/uploads\/2025\/02\/ATVS-25000-Puffs-The-Best-Choice-for-Long-Lasting-Vaping-Pleasure-17-300x300.webp 300w, https:\/\/euvapz.com\/wp-content\/uploads\/2025\/02\/ATVS-25000-Puffs-The-Best-Choice-for-Long-Lasting-Vaping-Pleasure-17-800x800.webp 800w, https:\/\/euvapz.com\/wp-content\/uploads\/2025\/02\/ATVS-25000-Puffs-The-Best-Choice-for-Long-Lasting-Vaping-Pleasure-17-150x150.webp 150w, https:\/\/euvapz.com\/wp-content\/uploads\/2025\/02\/ATVS-25000-Puffs-The-Best-Choice-for-Long-Lasting-Vaping-Pleasure-17-768x768.webp 768w, https:\/\/euvapz.com\/wp-content\/uploads\/2025\/02\/ATVS-25000-Puffs-The-Best-Choice-for-Long-Lasting-Vaping-Pleasure-17-12x12.webp 12w, https:\/\/euvapz.com\/wp-content\/uploads\/2025\/02\/ATVS-25000-Puffs-The-Best-Choice-for-Long-Lasting-Vaping-Pleasure-17-430x430.webp 430w, https:\/\/euvapz.com\/wp-content\/uploads\/2025\/02\/ATVS-25000-Puffs-The-Best-Choice-for-Long-Lasting-Vaping-Pleasure-17-700x700.webp 700w\" sizes=\"(max-width: 1000px) 100vw, 1000px\" \/><\/h1>\n<h2>Tutustu herkulliseen makukokoelmaamme<\/h2>\n<p>Yksi t\u00e4rkeimmist\u00e4 tapahtumista <strong>ATVS 25000 Puffs<\/strong> on sen laaja valikoima uskomattomia makuja. T\u00e4ss\u00e4 on tarkempi katsaus saatavilla oleviin ihastuttaviin makuvaihtoehtoihin:<\/p>\n<table>\n<thead>\n<tr>\n<th>Aromin nimi<\/th>\n<th>Kuvaus<\/th>\n<\/tr>\n<\/thead>\n<tbody>\n<tr>\n<td><strong>Mango Ice<\/strong><\/td>\n<td>Trooppinen sekoitus makeita, mehukkaita mangoja ja virkist\u00e4v\u00e4n j\u00e4inen lopputulos.<\/td>\n<\/tr>\n<tr>\n<td><strong>Mustikkaj\u00e4\u00e4<\/strong><\/td>\n<td>Makeat mustikat ja viile\u00e4, raikas j\u00e4\u00e4viyte virkist\u00e4v\u00e4t vatsaa.<\/td>\n<\/tr>\n<tr>\n<td><strong>Mansikka vesimeloni<\/strong><\/td>\n<td>Hedelm\u00e4inen yhdistelm\u00e4 mehukkaita mansikoita ja makeaa vesimelonia tasapainoiseen vappuun.<\/td>\n<\/tr>\n<tr>\n<td><strong>Minttu<\/strong><\/td>\n<td>Klassinen, viile\u00e4 mintun maku, jossa on virkist\u00e4v\u00e4 potku.<\/td>\n<\/tr>\n<tr>\n<td><strong>Vesimeloni j\u00e4\u00e4<\/strong><\/td>\n<td>Makea, kyps\u00e4 vesimeloni, jonka j\u00e4lkimaku on j\u00e4\u00e4htynyt.<\/td>\n<\/tr>\n<tr>\n<td><strong>Banaani appelsiini j\u00e4\u00e4<\/strong><\/td>\n<td>Kyps\u00e4n banaanin ja kirpe\u00e4n appelsiinin pehme\u00e4 sekoitus, jossa on virkist\u00e4v\u00e4 j\u00e4\u00e4viyte.<\/td>\n<\/tr>\n<tr>\n<td><strong>Mansikka j\u00e4\u00e4<\/strong><\/td>\n<td>Makeat, raikkaat mansikat ja j\u00e4inen, viilent\u00e4v\u00e4 tunne.<\/td>\n<\/tr>\n<tr>\n<td><strong>Grape Ice<\/strong><\/td>\n<td>Hedelm\u00e4inen, hapokas viiniryp\u00e4leen maku yhdistettyn\u00e4 viile\u00e4\u00e4n, j\u00e4iseen lopputulokseen.<\/td>\n<\/tr>\n<tr>\n<td><strong>Guava j\u00e4\u00e4<\/strong><\/td>\n<td>Trooppinen guavan maku virkist\u00e4v\u00e4n j\u00e4isell\u00e4 twistill\u00e4.<\/td>\n<\/tr>\n<tr>\n<td><strong>Persikka j\u00e4\u00e4<\/strong><\/td>\n<td>Kyps\u00e4t persikat, joiden j\u00e4\u00e4hileinen lopputulos on virkist\u00e4v\u00e4 kokemus.<\/td>\n<\/tr>\n<\/tbody>\n<\/table>\n<h3>Makukokemus<\/h3>\n<p>The <strong>ATVS 25000 Puffs<\/strong> tarjoaa runsaasti erilaisia makuja, hedelm\u00e4isist\u00e4 suosikeista kuten <strong>Mango Ice<\/strong> ja <strong>Mansikka vesimeloni<\/strong> virkist\u00e4viin mentolisekoituksiin, kuten <strong>Minttu<\/strong> ja <strong>Vesimeloni j\u00e4\u00e4<\/strong>. Jokainen puhallus antaa tasaisen, johdonmukaisen maun, joka tekee jokaisesta h\u00f6yrystyssessiosta tyydytt\u00e4v\u00e4n kokemuksen.<\/p>\n<h1><img decoding=\"async\" class=\"alignnone size-full wp-image-16242\" src=\"https:\/\/euvapz.com\/wp-content\/uploads\/2025\/02\/ATVS-25000-Puffs-The-Best-Choice-for-Long-Lasting-Vaping-Pleasure-5.webp\" alt=\"ATVS 25000 Puffs Paras valinta pitk\u00e4kestoiseen Vaping Pleasureen!\" width=\"1000\" height=\"1000\" srcset=\"https:\/\/euvapz.com\/wp-content\/uploads\/2025\/02\/ATVS-25000-Puffs-The-Best-Choice-for-Long-Lasting-Vaping-Pleasure-5.webp 1000w, https:\/\/euvapz.com\/wp-content\/uploads\/2025\/02\/ATVS-25000-Puffs-The-Best-Choice-for-Long-Lasting-Vaping-Pleasure-5-300x300.webp 300w, https:\/\/euvapz.com\/wp-content\/uploads\/2025\/02\/ATVS-25000-Puffs-The-Best-Choice-for-Long-Lasting-Vaping-Pleasure-5-800x800.webp 800w, https:\/\/euvapz.com\/wp-content\/uploads\/2025\/02\/ATVS-25000-Puffs-The-Best-Choice-for-Long-Lasting-Vaping-Pleasure-5-150x150.webp 150w, https:\/\/euvapz.com\/wp-content\/uploads\/2025\/02\/ATVS-25000-Puffs-The-Best-Choice-for-Long-Lasting-Vaping-Pleasure-5-768x768.webp 768w, https:\/\/euvapz.com\/wp-content\/uploads\/2025\/02\/ATVS-25000-Puffs-The-Best-Choice-for-Long-Lasting-Vaping-Pleasure-5-12x12.webp 12w, https:\/\/euvapz.com\/wp-content\/uploads\/2025\/02\/ATVS-25000-Puffs-The-Best-Choice-for-Long-Lasting-Vaping-Pleasure-5-430x430.webp 430w, https:\/\/euvapz.com\/wp-content\/uploads\/2025\/02\/ATVS-25000-Puffs-The-Best-Choice-for-Long-Lasting-Vaping-Pleasure-5-700x700.webp 700w\" sizes=\"(max-width: 1000px) 100vw, 1000px\" \/><\/h1>\n<hr \/>\n<h2>Miksi valita <a href=\"https:\/\/euvapz.com\/fi\/tuote-osasto\/atvs-disposable-vape\/\">ATVS 25000 Puffs<\/a> Kertak\u00e4ytt\u00f6inen Vape?<\/h2>\n<h3>Pitk\u00e4kestoinen ja tehokas<\/h3>\n<p>Osoitteessa <strong>25 000 puhallusta<\/strong> ja suuri <strong>22ml e-nesteen kapasiteetti<\/strong>... <strong>ATVS 25000 Puffs<\/strong> tarjoaa pitk\u00e4kestoista nautintoa. T\u00e4m\u00e4 laite on suunniteltu tuottamaan t\u00e4ydellisen m\u00e4\u00e4r\u00e4n h\u00f6yry\u00e4, joten se on ihanteellinen niille, jotka haluavat kertak\u00e4ytt\u00f6isen vapin, joka kest\u00e4\u00e4.<\/p>\n<h3>Ihanteellinen tukkuostajille<\/h3>\n<p>Koska <strong>tukku kertak\u00e4ytt\u00f6inen vape kyn\u00e4<\/strong>... <strong>ATVS 25000 Puffs<\/strong> on erinomainen vaihtoehto v\u00e4hitt\u00e4iskauppiaille. Pitk\u00e4n puhallusm\u00e4\u00e4r\u00e4n, makuvalikoiman ja ladattavan akun ansiosta se on tuote, joka varmasti vetoaa asiakkaisiisi. Varastoimalla t\u00e4m\u00e4n kertak\u00e4ytt\u00f6isen vapen varmistat, ett\u00e4 asiakkaasi saavat k\u00e4ytt\u00f6\u00f6ns\u00e4 laadukkaan ja luotettavan tuotteen.<\/p>\n<h3>Sile\u00e4, tasainen maku<\/h3>\n<p>Sen ansiosta <strong>DUAL-verkkokela<\/strong>... <strong>ATVS 25000 Puffs<\/strong> tuottaa pehme\u00e4\u00e4 ja tasaista h\u00f6yry\u00e4. Nauti runsaista mauista jokaisella puhalluksella, mik\u00e4 tekee jokaisesta istunnosta tyydytt\u00e4v\u00e4n kokemuksen.<\/p>\n<hr \/>\n<h2>ATVS 25000 Puffien tilaaminen <a href=\"https:\/\/euvapz.com\/fi\">Tukku kertak\u00e4ytt\u00f6iset Vape<\/a><\/h2>\n<h3>Helppo tilausprosessi osoitteessa euvapz.com<\/h3>\n<p>Tilaaminen <strong>ATVS 25000 Puffs Kertak\u00e4ytt\u00f6inen Vape<\/strong> on yksinkertainen ja turvallinen euvapz.com. Lis\u00e4\u00e4 vain tuote ostoskoriin, valitse haluamasi m\u00e4\u00e4r\u00e4 ja siirry kassalle. Hyv\u00e4ksymme erilaisia maksutapoja, kuten <strong>PayPal<\/strong>, <strong>luottokortit<\/strong>, <strong>iDEAL<\/strong>, <strong>Bancontact<\/strong>ja <strong>SEPA-pankkisiirrot<\/strong>.<\/p>\n<h3>Nopea ja luotettava toimitus kaikkialla Euroopassa<\/h3>\n<p>Tarjoamme nopean ja luotettavan toimituksen tukkuostajille kaikkialla Euroopassa. Kun olet tehnyt tilauksen, sinun <strong>ATVS 25000 Puffs Kertak\u00e4ytt\u00f6inen Vape<\/strong> toimitetaan nopeasti, joten voit alkaa nauttia laitteesta tai jakaa sit\u00e4 asiakkaillesi viipym\u00e4tt\u00e4.<\/p>\n<hr \/>\n<h1><img loading=\"lazy\" decoding=\"async\" class=\"alignnone size-full wp-image-16248\" src=\"https:\/\/euvapz.com\/wp-content\/uploads\/2025\/02\/ATVS-25000-Puffs-The-Best-Choice-for-Long-Lasting-Vaping-Pleasure-18.webp\" alt=\"ATVS 25000 Puffs Paras valinta pitk\u00e4kestoiseen Vaping Pleasureen!\" width=\"1000\" height=\"1000\" srcset=\"https:\/\/euvapz.com\/wp-content\/uploads\/2025\/02\/ATVS-25000-Puffs-The-Best-Choice-for-Long-Lasting-Vaping-Pleasure-18.webp 1000w, https:\/\/euvapz.com\/wp-content\/uploads\/2025\/02\/ATVS-25000-Puffs-The-Best-Choice-for-Long-Lasting-Vaping-Pleasure-18-300x300.webp 300w, https:\/\/euvapz.com\/wp-content\/uploads\/2025\/02\/ATVS-25000-Puffs-The-Best-Choice-for-Long-Lasting-Vaping-Pleasure-18-800x800.webp 800w, https:\/\/euvapz.com\/wp-content\/uploads\/2025\/02\/ATVS-25000-Puffs-The-Best-Choice-for-Long-Lasting-Vaping-Pleasure-18-150x150.webp 150w, https:\/\/euvapz.com\/wp-content\/uploads\/2025\/02\/ATVS-25000-Puffs-The-Best-Choice-for-Long-Lasting-Vaping-Pleasure-18-768x768.webp 768w, https:\/\/euvapz.com\/wp-content\/uploads\/2025\/02\/ATVS-25000-Puffs-The-Best-Choice-for-Long-Lasting-Vaping-Pleasure-18-12x12.webp 12w, https:\/\/euvapz.com\/wp-content\/uploads\/2025\/02\/ATVS-25000-Puffs-The-Best-Choice-for-Long-Lasting-Vaping-Pleasure-18-430x430.webp 430w, https:\/\/euvapz.com\/wp-content\/uploads\/2025\/02\/ATVS-25000-Puffs-The-Best-Choice-for-Long-Lasting-Vaping-Pleasure-18-700x700.webp 700w\" sizes=\"(max-width: 1000px) 100vw, 1000px\" \/><\/h1>\n<h2>Johtop\u00e4\u00e4t\u00f6kset: ATVS 25000 Puffs Disposable Vape -laitteen avulla.<\/h2>\n<p>The <strong>ATVS 25000 Puffs tukku kertak\u00e4ytt\u00f6inen Vape<\/strong> on huippuluokan kertak\u00e4ytt\u00f6inen vape, joka tarjoaa seuraavat ominaisuudet. <strong>25 000 puhallusta<\/strong> pehme\u00e4\u00e4, maukasta h\u00f6yry\u00e4. Suurella <strong>22ml e-nesteen kapasiteetti<\/strong>, a <strong>1000mAh ladattava akku<\/strong>ja erilaisia herkullisia makuja, se on ihanteellinen laite pitk\u00e4aikaiseen h\u00f6yrytystyytyv\u00e4isyyteen.<\/p>\n<p>Tilaa jo t\u00e4n\u00e4\u00e4n osoitteesta euvapz.com kilpailukykyiseen hintaan ja nopeaan toimitukseen ymp\u00e4ri Eurooppaa. Koe h\u00f6yryst\u00e4misen huippu <strong>ATVS 25000 Puffs Kertak\u00e4ytt\u00f6inen Vape<\/strong>!<\/p>\n<p><script src=\"chrome-extension:\/\/fpelahbljekknahkcaegamhcndkfpfnc\/iFrame.js\" type=\"text\/javascript\"><\/script><\/p>\n<p><script src=\"chrome-extension:\/\/fpelahbljekknahkcaegamhcndkfpfnc\/iFrame.js\" type=\"text\/javascript\"><\/script><\/p>\n<p><script src=\"chrome-extension:\/\/fpelahbljekknahkcaegamhcndkfpfnc\/iFrame.js\" type=\"text\/javascript\"><\/script><\/p>","protected":false},"excerpt":{"rendered":"<div class=\"flex max-w-full flex-col flex-grow\">\n<div class=\"min-h-8 text-message flex w-full flex-col items-end gap-2 whitespace-normal break-words text-start [.text-message+&amp;]:mt-5\" dir=\"auto\" data-message-author-role=\"assistant\" data-message-id=\"f048b28b-d591-4e83-b626-2eacf9cef815\" data-message-model-slug=\"gpt-4o-mini\">\n<div class=\"flex w-full flex-col gap-1 empty:hidden first:pt-[3px]\">\n<div class=\"markdown prose w-full break-words dark:prose-invert light\">\n<p data-start=\"0\" data-end=\"515\" data-is-last-node=\"\">The <strong data-start=\"4\" data-end=\"40\">ATVS 25000 Puffs Kertak\u00e4ytt\u00f6inen Vape<\/strong> tarjoaa jopa <strong data-start=\"54\" data-end=\"70\">25 000 puhallusta<\/strong> a:lla <strong data-start=\"78\" data-end=\"104\">22ml e-nesteen kapasiteetti<\/strong> ja <strong data-start=\"111\" data-end=\"143\">1000mAh ladattava akku<\/strong>. Mukana <strong data-start=\"157\" data-end=\"175\">DUAL-verkkokela<\/strong> ja <strong data-start=\"180\" data-end=\"204\">0.4\u03a9\/0.8\u03a9 vastus<\/strong>, se tarjoaa tasaisen, johdonmukaisen maun jokaisella puhalluksella. Kompakti ja helppok\u00e4ytt\u00f6inen laite on t\u00e4ydellinen pitk\u00e4aikaiseen nautintoon. Saatavana on useita herkullisia makuja, kuten <strong data-start=\"386\" data-end=\"399\">Mango Ice<\/strong>, <strong data-start=\"401\" data-end=\"426\">Mansikka vesimeloni<\/strong>ja <strong data-start=\"432\" data-end=\"445\">Grape Ice<\/strong>, se on ihanteellinen sek\u00e4 henkil\u00f6kohtaiseen k\u00e4ytt\u00f6\u00f6n ett\u00e4 tukkutilauksiin kaikkialla Euroopassa.<\/p>\n<\/div>\n<\/div>\n<\/div>\n<\/div>","protected":false},"featured_media":33925,"comment_status":"open","ping_status":"closed","template":"","meta":[],"product_brand":[75],"product_cat":[76],"product_tag":[],"class_list":{"0":"post-16213","1":"product","2":"type-product","3":"status-publish","4":"has-post-thumbnail","6":"product_brand-atvs-disposable-vape","7":"product_cat-atvs-disposable-vape","9":"first","10":"instock","11":"shipping-taxable","12":"purchasable","13":"product-type-variable"},"_links":{"self":[{"href":"https:\/\/euvapz.com\/fi\/wp-json\/wp\/v2\/product\/16213","targetHints":{"allow":["GET"]}}],"collection":[{"href":"https:\/\/euvapz.com\/fi\/wp-json\/wp\/v2\/product"}],"about":[{"href":"https:\/\/euvapz.com\/fi\/wp-json\/wp\/v2\/types\/product"}],"replies":[{"embeddable":true,"href":"https:\/\/euvapz.com\/fi\/wp-json\/wp\/v2\/comments?post=16213"}],"version-history":[{"count":7,"href":"https:\/\/euvapz.com\/fi\/wp-json\/wp\/v2\/product\/16213\/revisions"}],"predecessor-version":[{"id":33969,"href":"https:\/\/euvapz.com\/fi\/wp-json\/wp\/v2\/product\/16213\/revisions\/33969"}],"wp:featuredmedia":[{"embeddable":true,"href":"https:\/\/euvapz.com\/fi\/wp-json\/wp\/v2\/media\/33925"}],"wp:attachment":[{"href":"https:\/\/euvapz.com\/fi\/wp-json\/wp\/v2\/media?parent=16213"}],"wp:term":[{"taxonomy":"product_brand","embeddable":true,"href":"https:\/\/euvapz.com\/fi\/wp-json\/wp\/v2\/product_brand?post=16213"},{"taxonomy":"product_cat","embeddable":true,"href":"https:\/\/euvapz.com\/fi\/wp-json\/wp\/v2\/product_cat?post=16213"},{"taxonomy":"product_tag","embeddable":true,"href":"https:\/\/euvapz.com\/fi\/wp-json\/wp\/v2\/product_tag?post=16213"}],"curies":[{"name":"wp","href":"https:\/\/api.w.org\/{rel}","templated":true}]}}