{"id":29020,"date":"2025-03-21T09:51:53","date_gmt":"2025-03-21T09:51:53","guid":{"rendered":"https:\/\/euvapz.com\/?post_type=product&#038;p=29020"},"modified":"2025-08-21T02:43:05","modified_gmt":"2025-08-21T02:43:05","slug":"anu-star-30000-puffs-disposable-vape-ultimate-performance-with-mesh-coil","status":"publish","type":"product","link":"https:\/\/euvapz.com\/fi\/tuote\/anu-star-30000-puffs-disposable-vape-ultimate-performance-with-mesh-coil\/","title":{"rendered":"ANU Star 30000 Puffs Disposable Vape Ultimate Performance with Mesh Coil"},"content":{"rendered":"<p data-start=\"139\" data-end=\"429\"><img fetchpriority=\"high\" decoding=\"async\" class=\"alignnone size-full wp-image-29021\" src=\"https:\/\/euvapz.com\/wp-content\/uploads\/2025\/03\/ANU-Star-30000-Puffs-Disposable-Vape-Ultimate-Performance-with-Mesh-Coil-11.webp\" alt=\"ANU Star 30000 Puffs Disposable Vape Ultimate Performance with Mesh Coil\" width=\"1600\" height=\"1600\" srcset=\"https:\/\/euvapz.com\/wp-content\/uploads\/2025\/03\/ANU-Star-30000-Puffs-Disposable-Vape-Ultimate-Performance-with-Mesh-Coil-11.webp 1600w, https:\/\/euvapz.com\/wp-content\/uploads\/2025\/03\/ANU-Star-30000-Puffs-Disposable-Vape-Ultimate-Performance-with-Mesh-Coil-11-300x300.webp 300w, https:\/\/euvapz.com\/wp-content\/uploads\/2025\/03\/ANU-Star-30000-Puffs-Disposable-Vape-Ultimate-Performance-with-Mesh-Coil-11-800x800.webp 800w, https:\/\/euvapz.com\/wp-content\/uploads\/2025\/03\/ANU-Star-30000-Puffs-Disposable-Vape-Ultimate-Performance-with-Mesh-Coil-11-150x150.webp 150w, https:\/\/euvapz.com\/wp-content\/uploads\/2025\/03\/ANU-Star-30000-Puffs-Disposable-Vape-Ultimate-Performance-with-Mesh-Coil-11-768x768.webp 768w, https:\/\/euvapz.com\/wp-content\/uploads\/2025\/03\/ANU-Star-30000-Puffs-Disposable-Vape-Ultimate-Performance-with-Mesh-Coil-11-1536x1536.webp 1536w, https:\/\/euvapz.com\/wp-content\/uploads\/2025\/03\/ANU-Star-30000-Puffs-Disposable-Vape-Ultimate-Performance-with-Mesh-Coil-11-12x12.webp 12w, https:\/\/euvapz.com\/wp-content\/uploads\/2025\/03\/ANU-Star-30000-Puffs-Disposable-Vape-Ultimate-Performance-with-Mesh-Coil-11-430x430.webp 430w, https:\/\/euvapz.com\/wp-content\/uploads\/2025\/03\/ANU-Star-30000-Puffs-Disposable-Vape-Ultimate-Performance-with-Mesh-Coil-11-700x700.webp 700w\" sizes=\"(max-width: 1600px) 100vw, 1600px\" \/><\/p>\n<p data-start=\"139\" data-end=\"429\">The <strong data-start=\"143\" data-end=\"183\">ANU Star 30000 Puffs Disposable Vape<\/strong> is perfect for vapers who want a <strong data-start=\"217\" data-end=\"229\">tehokas<\/strong>, <strong data-start=\"231\" data-end=\"247\">pitk\u00e4ik\u00e4inen<\/strong> device that offers exceptional performance. With up to <strong data-start=\"303\" data-end=\"319\">30 000 puhallusta<\/strong>, this vape ensures extended enjoyment while maintaining top-notch quality and flavor throughout each session.<\/p>\n<p data-start=\"431\" data-end=\"822\">Varustettu <strong data-start=\"447\" data-end=\"478\">650mAh ladattava akku<\/strong>... <strong data-start=\"484\" data-end=\"496\">ANU Star<\/strong> delivers reliable, consistent power to keep your vaping smooth and uninterrupted. The <strong data-start=\"583\" data-end=\"607\">C-tyypin pikalataus<\/strong> feature ensures you can recharge quickly and get back to vaping without delay. The <strong data-start=\"691\" data-end=\"704\">silm\u00e4kela<\/strong> technology provides enhanced vapor production and flavor intensity, giving you a smoother, more enjoyable experience.<\/p>\n<p data-start=\"824\" data-end=\"1140\">Esit\u00e4ytetty <strong data-start=\"840\" data-end=\"868\">22mL of premium e-liquid<\/strong>... <strong data-start=\"874\" data-end=\"886\">ANU Star<\/strong> tarjoaa tyydytt\u00e4v\u00e4n nikotiinikokemuksen, saatavana seuraavasti <strong data-start=\"941\" data-end=\"968\">0%, 2% ja 5% nikotiini<\/strong> strengths, to suit your personal preference. The adjustable airflow feature lets you customize your draw for a tighter or more open inhale, offering a tailored experience.<\/p>\n<p data-start=\"1142\" data-end=\"1462\">With a wide selection of exciting flavors like <strong data-start=\"1189\" data-end=\"1207\">Vesimeloni j\u00e4\u00e4<\/strong>, <strong data-start=\"1209\" data-end=\"1225\">Fizzy Cherry<\/strong>ja <strong data-start=\"1231\" data-end=\"1259\">Mansikka vadelma j\u00e4\u00e4<\/strong>... <strong data-start=\"1265\" data-end=\"1305\">ANU Star 30000 Puffs Disposable Vape<\/strong> ensures a flavorful and satisfying experience. Whether you&#8217;re in the mood for refreshing fruity notes or a cool menthol kick, there\u2019s a flavor for everyone.<\/p>\n<p data-start=\"1464\" data-end=\"1607\">Experience ultimate vaping with the <strong data-start=\"1500\" data-end=\"1540\">ANU Star 30000 Puffs Disposable Vape<\/strong>\u2014a combination of performance, flavor, and satisfaction all in one.<\/p>\n<p data-start=\"1609\" data-end=\"1651\"><strong data-start=\"1609\" data-end=\"1633\">ANU Star 30000 Puffs<\/strong><br data-start=\"1633\" data-end=\"1636\" \/><strong data-start=\"1636\" data-end=\"1649\">Features:<\/strong><\/p>\n<ul data-start=\"1652\" data-end=\"1815\">\n<li data-start=\"1652\" data-end=\"1679\"><strong data-start=\"1654\" data-end=\"1663\">Puffit<\/strong>: Up to 30,000<\/li>\n<li data-start=\"1680\" data-end=\"1710\"><strong data-start=\"1682\" data-end=\"1690\">Ydin<\/strong>: Mesh Coil 1.0ohm<\/li>\n<li data-start=\"1711\" data-end=\"1733\"><strong data-start=\"1713\" data-end=\"1725\">E-liquid<\/strong>: 22mL<\/li>\n<li data-start=\"1734\" data-end=\"1762\"><strong data-start=\"1736\" data-end=\"1748\">Nikotiini<\/strong>: 0%, 2%, 5%<\/li>\n<li data-start=\"1763\" data-end=\"1786\"><strong data-start=\"1765\" data-end=\"1776\">Akku<\/strong>: 650mAh<\/li>\n<li data-start=\"1787\" data-end=\"1815\"><strong data-start=\"1789\" data-end=\"1805\">Ladattava<\/strong>: Type-C<\/li>\n<\/ul>\n<p data-start=\"1817\" data-end=\"1862\"><strong data-start=\"1817\" data-end=\"1841\">ANU Star 30000 Puffs<\/strong><br data-start=\"1841\" data-end=\"1844\" \/><strong data-start=\"1844\" data-end=\"1860\">Flavor List:<\/strong><\/p>\n<ul data-start=\"1863\" data-end=\"2058\">\n<li data-start=\"1863\" data-end=\"1881\">Vesimeloni j\u00e4\u00e4<\/li>\n<li data-start=\"1882\" data-end=\"1896\">Sitruuna Lime<\/li>\n<li data-start=\"1897\" data-end=\"1913\">Fizzy Cherry<\/li>\n<li data-start=\"1914\" data-end=\"1925\">Mr Blue<\/li>\n<li data-start=\"1926\" data-end=\"1954\">Mansikka vadelma j\u00e4\u00e4<\/li>\n<li data-start=\"1955\" data-end=\"1978\">Mustikka Vadelma<\/li>\n<li data-start=\"1979\" data-end=\"1991\">Skittles<\/li>\n<li data-start=\"1992\" data-end=\"2006\">Fresh Mint<\/li>\n<li data-start=\"2007\" data-end=\"2032\">Mansikka vesimeloni<\/li>\n<li data-start=\"2033\" data-end=\"2058\">Blueberry Razz Cherry<\/li>\n<\/ul>\n<p data-start=\"2060\" data-end=\"2213\" data-is-last-node=\"\" data-is-only-node=\"\">Kun <strong data-start=\"2069\" data-end=\"2093\">ANU Star 30000 Puffs<\/strong>, you get a reliable, flavorful, and long-lasting vaping experience that is perfect for both casual and seasoned vapers.<\/p>\n<h2 data-start=\"2060\" data-end=\"2213\">\t\t\t<link rel=\"stylesheet\" id=\"elementor-post-32801-css\" href=\"https:\/\/euvapz.com\/wp-content\/uploads\/elementor\/css\/post-32801.css?ver=1775418790\" type=\"text\/css\" media=\"all\">\n\t\t\t\t\t<div data-elementor-type=\"wp-post\" data-elementor-id=\"32801\" class=\"elementor elementor-32801\" data-elementor-post-type=\"cms_block\">\n\t\t\t\t<div class=\"wd-negative-gap elementor-element elementor-element-311ef4d e-flex e-con-boxed e-con e-parent\" data-id=\"311ef4d\" data-element_type=\"container\">\n\t\t\t\t\t<div class=\"e-con-inner\">\n\t\t\t\t<div class=\"elementor-element elementor-element-354d55bb color-scheme-inherit text-left elementor-widget elementor-widget-text-editor\" data-id=\"354d55bb\" data-element_type=\"widget\" data-widget_type=\"text-editor.default\">\n\t\t\t\t<div class=\"elementor-widget-container\">\n\t\t\t\t\t\t\t\t\t&nbsp;\n\n<script src=\"chrome-extension:\/\/fpelahbljekknahkcaegamhcndkfpfnc\/iFrame.js\" type=\"text\/javascript\"><\/script>\t\t\t\t\t\t\t\t<\/div>\n\t\t\t\t<\/div>\n\t\t\t\t\t<\/div>\n\t\t\t\t<\/div>\n\t\t<div class=\"wd-negative-gap elementor-element elementor-element-2f4b93b0 e-flex e-con-boxed e-con e-parent\" data-id=\"2f4b93b0\" data-element_type=\"container\">\n\t\t\t\t\t<div class=\"e-con-inner\">\n\t\t\t\t\t<\/div>\n\t\t\t\t<\/div>\n\t\t<div class=\"wd-negative-gap elementor-element elementor-element-200eec29 e-flex e-con-boxed e-con e-parent\" data-id=\"200eec29\" data-element_type=\"container\">\n\t\t\t\t\t<div class=\"e-con-inner\">\n\t\t\t\t<div class=\"elementor-element elementor-element-19faf1ba color-scheme-inherit text-left elementor-widget elementor-widget-text-editor\" data-id=\"19faf1ba\" data-element_type=\"widget\" data-widget_type=\"text-editor.default\">\n\t\t\t\t<div class=\"elementor-widget-container\">\n\t\t\t\t\t\t\t\t\t<h2><em><strong>FAQS<\/strong><\/em><\/h2><ul><li><h2><em><strong>Mit\u00e4 toimitustapoja k\u00e4yt\u00e4t?<\/strong><\/em><\/h2><\/li><li><h2><em><strong><span style=\"color: #333333; font-size: 16px;\">Yhteisty\u00f6kumppaneinamme ovat luotettavat kuljetusyhti\u00f6t, kuten UPS, DHL, FedEx ja DPD. M\u00e4\u00e4r\u00e4np\u00e4\u00e4maasta riippuen valitsemme parhaan l\u00e4hetysmenetelm\u00e4n, jotta tuotteesi toimitetaan nopeasti ja turvallisesti.<\/span><\/strong><\/em><\/h2><\/li><\/ul><ul><li><h2><em><strong>Kuinka kauan tilaukseni saapuminen kest\u00e4\u00e4?<\/strong><\/em><\/h2><\/li><\/ul><p data-start=\"340\" data-end=\"490\"><em><strong>\u00a0 \u00a0 \u00a0 Tyypillisesti toimitus kest\u00e4\u00e4 7-15 arkip\u00e4iv\u00e4\u00e4. Ruuhka-aikoina tai ep\u00e4suotuisissa s\u00e4\u00e4olosuhteissa toimitus voi kuitenkin kest\u00e4\u00e4 jopa 20 arkip\u00e4iv\u00e4\u00e4.<\/strong><\/em><\/p><ul><li data-start=\"492\" data-end=\"539\"><h2><em><strong>Selvi\u00e4\u00e4k\u00f6 tilaukseni tullista ongelmitta?<\/strong><\/em><\/h2><\/li><li data-start=\"492\" data-end=\"539\"><h2><em><strong><span style=\"color: #333333; font-size: 16px;\">Hoidamme kaikki tulliselvitykset puolestasi ja varmistamme sujuvan toimituksen ilman ylim\u00e4\u00e4r\u00e4isi\u00e4 veroja tai maksuja. Takaamme, ett\u00e4 100% l\u00e4hetyksist\u00e4mme tulliselvitet\u00e4\u00e4n ongelmitta.<\/span><\/strong><\/em><\/h2><\/li><\/ul><ul><li data-start=\"718\" data-end=\"747\"><h2><em><strong>Voinko luottaa palveluunne?<\/strong><\/em><\/h2><\/li><li data-start=\"718\" data-end=\"747\"><h2><em><strong><span style=\"color: #333333; font-size: 16px;\">Ehdottomasti! Hyv\u00e4ksymme PayPalin turvallisia maksuja varten, ja ostoksesi on suojattu PayPalin ostajansuojalla. Voit my\u00f6s tarkistaa TrustPilot-arvostelumme n\u00e4hd\u00e4ksesi, mit\u00e4 muut asiakkaat sanovat meist\u00e4.<\/span><\/strong><\/em><\/h2><\/li><\/ul>\t\t\t\t\t\t\t\t<\/div>\n\t\t\t\t<\/div>\n\t\t\t\t\t<\/div>\n\t\t\t\t<\/div>\n\t\t<div class=\"wd-negative-gap elementor-element elementor-element-d4517fd e-flex e-con-boxed e-con e-parent\" data-id=\"d4517fd\" data-element_type=\"container\">\n\t\t\t\t\t<div class=\"e-con-inner\">\n\t\t\t\t<div class=\"elementor-element elementor-element-11cb93e5 elementor-widget elementor-widget-wd_button\" data-id=\"11cb93e5\" data-element_type=\"widget\" data-widget_type=\"wd_button.default\">\n\t\t\t\t<div class=\"elementor-widget-container\">\n\t\t\t\t\t\t\t<div class=\"wd-button-wrapper text-left\" >\n\t\t\t<a class=\"btn btn-style-link btn-style- btn-size-extra-large btn-scheme-inherit btn-scheme-hover-custom btn-icon-pos-right\"  href=\"https:\/\/euvapz.com\/fi\/faqs\/\">\n\t\t\t\t<span class=\"wd-btn-text\" data-elementor-setting-key=\"text\">\n\t\t\t\t\tKlikkaa t\u00e4st\u00e4 saadaksesi lis\u00e4\u00e4 usein kysyttyj\u00e4 kysymyksi\u00e4.\t\t\t\t<\/span>\n\n\t\t\t\t\t\t\t<\/a>\n\t\t<\/div>\n\t\t\t\t\t\t<\/div>\n\t\t\t\t<\/div>\n\t\t\t\t\t<\/div>\n\t\t\t\t<\/div>\n\t\t\t\t<\/div>\n\t\t<\/h2>\n<p><script src=\"chrome-extension:\/\/fpelahbljekknahkcaegamhcndkfpfnc\/iFrame.js\" type=\"text\/javascript\"><\/script><\/p>\n<p><script src=\"chrome-extension:\/\/fpelahbljekknahkcaegamhcndkfpfnc\/iFrame.js\" type=\"text\/javascript\"><\/script><\/p>","protected":false},"excerpt":{"rendered":"<p>The <strong data-start=\"7\" data-end=\"47\">ANU Star 30000 Puffs Disposable Vape<\/strong> tarjoaa jopa <strong data-start=\"61\" data-end=\"77\">30 000 puhallusta<\/strong>, <strong data-start=\"79\" data-end=\"106\">0%, 2% ja 5% nikotiini<\/strong> options, and <strong data-start=\"120\" data-end=\"133\">silm\u00e4kela<\/strong> technology, with flavors like <strong data-start=\"164\" data-end=\"182\">Vesimeloni j\u00e4\u00e4<\/strong> ja <strong data-start=\"187\" data-end=\"215\">Mansikka vadelma j\u00e4\u00e4<\/strong>.<\/p>","protected":false},"featured_media":33724,"comment_status":"open","ping_status":"closed","template":"","meta":[],"product_brand":[184],"product_cat":[185],"product_tag":[],"class_list":{"0":"post-29020","1":"product","2":"type-product","3":"status-publish","4":"has-post-thumbnail","6":"product_brand-anu-disposable-vape","7":"product_cat-anu-disposable-vape","9":"first","10":"outofstock","11":"shipping-taxable","12":"purchasable","13":"product-type-variable"},"_links":{"self":[{"href":"https:\/\/euvapz.com\/fi\/wp-json\/wp\/v2\/product\/29020","targetHints":{"allow":["GET"]}}],"collection":[{"href":"https:\/\/euvapz.com\/fi\/wp-json\/wp\/v2\/product"}],"about":[{"href":"https:\/\/euvapz.com\/fi\/wp-json\/wp\/v2\/types\/product"}],"replies":[{"embeddable":true,"href":"https:\/\/euvapz.com\/fi\/wp-json\/wp\/v2\/comments?post=29020"}],"version-history":[{"count":5,"href":"https:\/\/euvapz.com\/fi\/wp-json\/wp\/v2\/product\/29020\/revisions"}],"predecessor-version":[{"id":33889,"href":"https:\/\/euvapz.com\/fi\/wp-json\/wp\/v2\/product\/29020\/revisions\/33889"}],"wp:featuredmedia":[{"embeddable":true,"href":"https:\/\/euvapz.com\/fi\/wp-json\/wp\/v2\/media\/33724"}],"wp:attachment":[{"href":"https:\/\/euvapz.com\/fi\/wp-json\/wp\/v2\/media?parent=29020"}],"wp:term":[{"taxonomy":"product_brand","embeddable":true,"href":"https:\/\/euvapz.com\/fi\/wp-json\/wp\/v2\/product_brand?post=29020"},{"taxonomy":"product_cat","embeddable":true,"href":"https:\/\/euvapz.com\/fi\/wp-json\/wp\/v2\/product_cat?post=29020"},{"taxonomy":"product_tag","embeddable":true,"href":"https:\/\/euvapz.com\/fi\/wp-json\/wp\/v2\/product_tag?post=29020"}],"curies":[{"name":"wp","href":"https:\/\/api.w.org\/{rel}","templated":true}]}}