{"id":31786,"date":"2025-03-22T08:49:15","date_gmt":"2025-03-22T08:49:15","guid":{"rendered":"https:\/\/euvapz.com\/?post_type=product&#038;p=31786"},"modified":"2025-10-11T08:56:48","modified_gmt":"2025-10-11T08:56:48","slug":"zooy-king-15000-puffs-disposable-vape-long-lasting-powerful-and-flavorful-e-cigarette-stick","status":"publish","type":"product","link":"https:\/\/euvapz.com\/fi\/tuote\/zooy-king-15000-puffs-disposable-vape-long-lasting-powerful-and-flavorful-e-cigarette-stick\/","title":{"rendered":"Zooy King 15000 Puffs Kertak\u00e4ytt\u00f6inen Vape Pitk\u00e4kestoinen voimakas ja maukas s\u00e4hk\u00f6savukkeen tikku"},"content":{"rendered":"<div class=\"flex max-w-full flex-col flex-grow\">\n<div class=\"min-h-8 text-message relative flex w-full flex-col items-end gap-2 whitespace-normal break-words text-start [.text-message+&amp;]:mt-5\" dir=\"auto\" data-message-author-role=\"assistant\" data-message-id=\"2d9094ac-01a4-4626-9374-24a0fd4d8318\" data-message-model-slug=\"gpt-4o\">\n<div class=\"flex w-full flex-col gap-1 empty:hidden first:pt-[3px]\">\n<div class=\"markdown prose w-full break-words dark:prose-invert light\">\n<div style=\"width: 1920px;\" class=\"wp-video\"><video class=\"wp-video-shortcode\" id=\"video-31786-1\" width=\"1920\" height=\"1080\" preload=\"metadata\" controls=\"controls\"><source type=\"video\/mp4\" src=\"https:\/\/euvapz.com\/wp-content\/uploads\/2025\/03\/Zooy-King-15000-Puffs-Disposable-Vape-Long-lasting-Powerful-and-Flavorful-E-Cigarette-Stick-1.mp4?_=1\" \/><a href=\"https:\/\/euvapz.com\/wp-content\/uploads\/2025\/03\/Zooy-King-15000-Puffs-Disposable-Vape-Long-lasting-Powerful-and-Flavorful-E-Cigarette-Stick-1.mp4\">https:\/\/euvapz.com\/wp-content\/uploads\/2025\/03\/Zooy-King-15000-Puffs-Disposable-Vape-Long-lasting-Powerful-and-Flavorful-E-Cigarette-Stick-1.mp4<\/a><\/video><\/div>\n<p class=\"\" data-start=\"161\" data-end=\"392\">The <strong data-start=\"165\" data-end=\"206\">Zooy King 15000 Puffs Disposable Vape<\/strong> is designed for those who want a <strong data-start=\"240\" data-end=\"252\">tehokas<\/strong> ja <strong data-start=\"257\" data-end=\"273\">pitk\u00e4ik\u00e4inen<\/strong> vaping experience. With <strong data-start=\"298\" data-end=\"319\">up to 15000 puffs<\/strong>, this device ensures extended enjoyment without sacrificing performance.<\/p>\n<p class=\"\" data-start=\"394\" data-end=\"654\">Varustettu <strong data-start=\"410\" data-end=\"441\">650mAh ladattava akku<\/strong>, the Zooy King delivers consistent and reliable power, keeping your vaping sessions smooth and uninterrupted. The <strong data-start=\"556\" data-end=\"580\">C-tyypin pikalataus<\/strong> feature allows for quick recharges, ensuring you\u2019re always ready to vape.<\/p>\n<p class=\"\" data-start=\"656\" data-end=\"969\">Esit\u00e4ytetty <strong data-start=\"672\" data-end=\"705\">26ml of high-quality e-liquid<\/strong>, this device offers satisfying nicotine strengths of <strong data-start=\"759\" data-end=\"765\">2%<\/strong> ja <strong data-start=\"770\" data-end=\"776\">5%<\/strong>, catering to a range of preferences. Whether you prefer a subtle or more intense hit, the Zooy King delivers. The <strong data-start=\"891\" data-end=\"904\">silm\u00e4kela<\/strong> technology ensures a rich and even flavor throughout every puff.<\/p>\n<p class=\"\" data-start=\"971\" data-end=\"1099\">Osoitteessa <strong data-start=\"976\" data-end=\"1000\">6 vibrant LED colors<\/strong>, the Zooy King adds a touch of style to your vaping experience while offering great functionality.<\/p>\n<p class=\"\" data-start=\"1101\" data-end=\"1344\">The <strong data-start=\"1105\" data-end=\"1146\">Zooy King 15000 Puffs Disposable Vape<\/strong> is available in a variety of <strong data-start=\"1176\" data-end=\"1197\">herkullisia makuja<\/strong>, including fruity, icy, and refreshing notes. Whether you&#8217;re craving something sweet, tangy, or a cool blast, there&#8217;s a flavor to suit every mood.<\/p>\n<p class=\"\" data-start=\"1346\" data-end=\"1489\">Experience a superior vaping experience with the <strong data-start=\"1395\" data-end=\"1436\">Zooy King 15000 Puffs Disposable Vape<\/strong> \u2013 a perfect blend of power, performance, and flavor.<\/p>\n<h2 data-start=\"1491\" data-end=\"1534\"><strong data-start=\"1491\" data-end=\"1516\">Zooy King 15000 Puffs<\/strong><br data-start=\"1516\" data-end=\"1519\" \/><strong data-start=\"1519\" data-end=\"1531\">Ominaisuudet<\/strong>:<\/h2>\n<ul data-start=\"1535\" data-end=\"1765\">\n<li class=\"\" data-start=\"1535\" data-end=\"1567\">\n<p class=\"\" data-start=\"1537\" data-end=\"1567\"><strong data-start=\"1537\" data-end=\"1546\">Puffit<\/strong>: Up to 15000 puffs<\/p>\n<\/li>\n<li class=\"\" data-start=\"1568\" data-end=\"1600\">\n<p class=\"\" data-start=\"1570\" data-end=\"1600\"><strong data-start=\"1570\" data-end=\"1598\">26ml Pre-filled E-liquid<\/strong><\/p>\n<\/li>\n<li class=\"\" data-start=\"1601\" data-end=\"1632\">\n<p class=\"\" data-start=\"1603\" data-end=\"1632\"><strong data-start=\"1603\" data-end=\"1630\">650mAh Built-in Battery<\/strong><\/p>\n<\/li>\n<li class=\"\" data-start=\"1633\" data-end=\"1653\">\n<p class=\"\" data-start=\"1635\" data-end=\"1653\"><strong data-start=\"1635\" data-end=\"1651\">Ladattava<\/strong><\/p>\n<\/li>\n<li class=\"\" data-start=\"1654\" data-end=\"1682\">\n<p class=\"\" data-start=\"1656\" data-end=\"1682\"><strong data-start=\"1656\" data-end=\"1680\">Mesh Coil Technology<\/strong><\/p>\n<\/li>\n<li class=\"\" data-start=\"1683\" data-end=\"1711\">\n<p class=\"\" data-start=\"1685\" data-end=\"1711\"><strong data-start=\"1685\" data-end=\"1709\">Type-C Fast Charging<\/strong><\/p>\n<\/li>\n<li class=\"\" data-start=\"1712\" data-end=\"1744\">\n<p class=\"\" data-start=\"1714\" data-end=\"1744\"><strong data-start=\"1714\" data-end=\"1733\">Nicotine Levels<\/strong>: 2% \/ 5%<\/p>\n<\/li>\n<li class=\"\" data-start=\"1745\" data-end=\"1765\">\n<p class=\"\" data-start=\"1747\" data-end=\"1765\"><strong data-start=\"1747\" data-end=\"1763\">6 LED Colors<\/strong><\/p>\n<\/li>\n<\/ul>\n<h2 data-start=\"1767\" data-end=\"1785\"><strong data-start=\"1767\" data-end=\"1782\">Flavor List<\/strong>:<\/h2>\n<ul data-start=\"1786\" data-end=\"2097\">\n<li class=\"\" data-start=\"1786\" data-end=\"1811\">\n<p class=\"\" data-start=\"1788\" data-end=\"1811\"><strong data-start=\"1788\" data-end=\"1809\">Mansikka banaani<\/strong><\/p>\n<\/li>\n<li class=\"\" data-start=\"1812\" data-end=\"1842\">\n<p class=\"\" data-start=\"1814\" data-end=\"1842\"><strong data-start=\"1814\" data-end=\"1840\">Persikka Mango Vesimeloni<\/strong><\/p>\n<\/li>\n<li class=\"\" data-start=\"1843\" data-end=\"1864\">\n<p class=\"\" data-start=\"1845\" data-end=\"1864\"><strong data-start=\"1845\" data-end=\"1862\">Sininen Razz Ice<\/strong><\/p>\n<\/li>\n<li class=\"\" data-start=\"1865\" data-end=\"1931\">\n<p class=\"\" data-start=\"1867\" data-end=\"1931\"><strong data-start=\"1867\" data-end=\"1882\">Mad Berries<\/strong> (Strawberry, Blueberry, Raspberry, Blackberry)<\/p>\n<\/li>\n<li class=\"\" data-start=\"1932\" data-end=\"1955\">\n<p class=\"\" data-start=\"1934\" data-end=\"1955\"><strong data-start=\"1934\" data-end=\"1953\">Mansikka Kiivi<\/strong><\/p>\n<\/li>\n<li class=\"\" data-start=\"1956\" data-end=\"1985\">\n<p class=\"\" data-start=\"1958\" data-end=\"1985\"><strong data-start=\"1958\" data-end=\"1983\">Mansikka vesimeloni<\/strong><\/p>\n<\/li>\n<li class=\"\" data-start=\"1986\" data-end=\"2008\">\n<p class=\"\" data-start=\"1988\" data-end=\"2008\"><strong data-start=\"1988\" data-end=\"2006\">Vesimeloni j\u00e4\u00e4<\/strong><\/p>\n<\/li>\n<li class=\"\" data-start=\"2009\" data-end=\"2032\">\n<p class=\"\" data-start=\"2011\" data-end=\"2032\"><strong data-start=\"2011\" data-end=\"2030\">Cranberry Grape<\/strong><\/p>\n<\/li>\n<li class=\"\" data-start=\"2033\" data-end=\"2054\">\n<p class=\"\" data-start=\"2035\" data-end=\"2054\"><strong data-start=\"2035\" data-end=\"2052\">Mustikkaj\u00e4\u00e4<\/strong><\/p>\n<\/li>\n<li class=\"\" data-start=\"2055\" data-end=\"2079\">\n<p class=\"\" data-start=\"2057\" data-end=\"2079\"><strong data-start=\"2057\" data-end=\"2077\">Mansikkamehu<\/strong><\/p>\n<\/li>\n<li class=\"\" data-start=\"2080\" data-end=\"2097\">\n<p class=\"\" data-start=\"2082\" data-end=\"2097\"><strong data-start=\"2082\" data-end=\"2095\">Apple Ice<\/strong><\/p>\n<\/li>\n<\/ul>\n<p class=\"\" data-start=\"2099\" data-end=\"2322\">With its advanced mesh coil technology and wide selection of e-liquid flavors, the Zooy King 15000 offers an ultra-satisfying, long-lasting vaping experience that meets the needs of both casual vapers and enthusiasts alike.<\/p>\n<h2 data-start=\"2099\" data-end=\"2322\">\t\t\t<link rel=\"stylesheet\" id=\"elementor-post-32801-css\" href=\"https:\/\/euvapz.com\/wp-content\/uploads\/elementor\/css\/post-32801.css?ver=1775243812\" type=\"text\/css\" media=\"all\">\n\t\t\t\t\t<div data-elementor-type=\"wp-post\" data-elementor-id=\"32801\" class=\"elementor elementor-32801\" data-elementor-post-type=\"cms_block\">\n\t\t\t\t<div class=\"wd-negative-gap elementor-element elementor-element-311ef4d e-flex e-con-boxed e-con e-parent\" data-id=\"311ef4d\" data-element_type=\"container\">\n\t\t\t\t\t<div class=\"e-con-inner\">\n\t\t\t\t<div class=\"elementor-element elementor-element-354d55bb color-scheme-inherit text-left elementor-widget elementor-widget-text-editor\" data-id=\"354d55bb\" data-element_type=\"widget\" data-widget_type=\"text-editor.default\">\n\t\t\t\t<div class=\"elementor-widget-container\">\n\t\t\t\t\t\t\t\t\t&nbsp;\n\n<script src=\"chrome-extension:\/\/fpelahbljekknahkcaegamhcndkfpfnc\/iFrame.js\" type=\"text\/javascript\"><\/script>\t\t\t\t\t\t\t\t<\/div>\n\t\t\t\t<\/div>\n\t\t\t\t\t<\/div>\n\t\t\t\t<\/div>\n\t\t<div class=\"wd-negative-gap elementor-element elementor-element-2f4b93b0 e-flex e-con-boxed e-con e-parent\" data-id=\"2f4b93b0\" data-element_type=\"container\">\n\t\t\t\t\t<div class=\"e-con-inner\">\n\t\t\t\t\t<\/div>\n\t\t\t\t<\/div>\n\t\t<div class=\"wd-negative-gap elementor-element elementor-element-200eec29 e-flex e-con-boxed e-con e-parent\" data-id=\"200eec29\" data-element_type=\"container\">\n\t\t\t\t\t<div class=\"e-con-inner\">\n\t\t\t\t<div class=\"elementor-element elementor-element-19faf1ba color-scheme-inherit text-left elementor-widget elementor-widget-text-editor\" data-id=\"19faf1ba\" data-element_type=\"widget\" data-widget_type=\"text-editor.default\">\n\t\t\t\t<div class=\"elementor-widget-container\">\n\t\t\t\t\t\t\t\t\t<h2><em><strong>FAQS<\/strong><\/em><\/h2><ul><li><h2><em><strong>Mit\u00e4 toimitustapoja k\u00e4yt\u00e4t?<\/strong><\/em><\/h2><\/li><li><h2><em><strong><span style=\"color: #333333; font-size: 16px;\">Yhteisty\u00f6kumppaneinamme ovat luotettavat kuljetusyhti\u00f6t, kuten UPS, DHL, FedEx ja DPD. M\u00e4\u00e4r\u00e4np\u00e4\u00e4maasta riippuen valitsemme parhaan l\u00e4hetysmenetelm\u00e4n, jotta tuotteesi toimitetaan nopeasti ja turvallisesti.<\/span><\/strong><\/em><\/h2><\/li><\/ul><ul><li><h2><em><strong>Kuinka kauan tilaukseni saapuminen kest\u00e4\u00e4?<\/strong><\/em><\/h2><\/li><\/ul><p data-start=\"340\" data-end=\"490\"><em><strong>\u00a0 \u00a0 \u00a0 Tyypillisesti toimitus kest\u00e4\u00e4 7-15 arkip\u00e4iv\u00e4\u00e4. Ruuhka-aikoina tai ep\u00e4suotuisissa s\u00e4\u00e4olosuhteissa toimitus voi kuitenkin kest\u00e4\u00e4 jopa 20 arkip\u00e4iv\u00e4\u00e4.<\/strong><\/em><\/p><ul><li data-start=\"492\" data-end=\"539\"><h2><em><strong>Selvi\u00e4\u00e4k\u00f6 tilaukseni tullista ongelmitta?<\/strong><\/em><\/h2><\/li><li data-start=\"492\" data-end=\"539\"><h2><em><strong><span style=\"color: #333333; font-size: 16px;\">Hoidamme kaikki tulliselvitykset puolestasi ja varmistamme sujuvan toimituksen ilman ylim\u00e4\u00e4r\u00e4isi\u00e4 veroja tai maksuja. Takaamme, ett\u00e4 100% l\u00e4hetyksist\u00e4mme tulliselvitet\u00e4\u00e4n ongelmitta.<\/span><\/strong><\/em><\/h2><\/li><\/ul><ul><li data-start=\"718\" data-end=\"747\"><h2><em><strong>Voinko luottaa palveluunne?<\/strong><\/em><\/h2><\/li><li data-start=\"718\" data-end=\"747\"><h2><em><strong><span style=\"color: #333333; font-size: 16px;\">Ehdottomasti! Hyv\u00e4ksymme PayPalin turvallisia maksuja varten, ja ostoksesi on suojattu PayPalin ostajansuojalla. Voit my\u00f6s tarkistaa TrustPilot-arvostelumme n\u00e4hd\u00e4ksesi, mit\u00e4 muut asiakkaat sanovat meist\u00e4.<\/span><\/strong><\/em><\/h2><\/li><\/ul>\t\t\t\t\t\t\t\t<\/div>\n\t\t\t\t<\/div>\n\t\t\t\t\t<\/div>\n\t\t\t\t<\/div>\n\t\t<div class=\"wd-negative-gap elementor-element elementor-element-d4517fd e-flex e-con-boxed e-con e-parent\" data-id=\"d4517fd\" data-element_type=\"container\">\n\t\t\t\t\t<div class=\"e-con-inner\">\n\t\t\t\t<div class=\"elementor-element elementor-element-11cb93e5 elementor-widget elementor-widget-wd_button\" data-id=\"11cb93e5\" data-element_type=\"widget\" data-widget_type=\"wd_button.default\">\n\t\t\t\t<div class=\"elementor-widget-container\">\n\t\t\t\t\t\t\t<div class=\"wd-button-wrapper text-left\" >\n\t\t\t<a class=\"btn btn-style-link btn-style- btn-size-extra-large btn-scheme-inherit btn-scheme-hover-custom btn-icon-pos-right\"  href=\"https:\/\/euvapz.com\/fi\/faqs\/\">\n\t\t\t\t<span class=\"wd-btn-text\" data-elementor-setting-key=\"text\">\n\t\t\t\t\tKlikkaa t\u00e4st\u00e4 saadaksesi lis\u00e4\u00e4 usein kysyttyj\u00e4 kysymyksi\u00e4.\t\t\t\t<\/span>\n\n\t\t\t\t\t\t\t<\/a>\n\t\t<\/div>\n\t\t\t\t\t\t<\/div>\n\t\t\t\t<\/div>\n\t\t\t\t\t<\/div>\n\t\t\t\t<\/div>\n\t\t\t\t<\/div>\n\t\t<\/h2>\n<\/div>\n<\/div>\n<\/div>\n<\/div>\n<p><script src=\"chrome-extension:\/\/fpelahbljekknahkcaegamhcndkfpfnc\/iFrame.js\" type=\"text\/javascript\"><\/script><\/p>","protected":false},"excerpt":{"rendered":"<p>The <strong data-start=\"414\" data-end=\"455\">Zooy King 15000 Puffs Disposable Vape<\/strong> provides up to 15000 puffs, a <strong data-start=\"486\" data-end=\"512\">26ml e-nesteen kapasiteetti<\/strong>ja <strong data-start=\"518\" data-end=\"536\">2%\/5% nicotine<\/strong>, with flavors like <strong data-start=\"556\" data-end=\"582\">Persikka Mango Vesimeloni<\/strong> ja <strong data-start=\"587\" data-end=\"602\">Mad Berries<\/strong>.<\/p>","protected":false},"featured_media":33659,"comment_status":"open","ping_status":"closed","template":"","meta":[],"product_brand":[198],"product_cat":[199],"product_tag":[],"class_list":{"0":"post-31786","1":"product","2":"type-product","3":"status-publish","4":"has-post-thumbnail","6":"product_brand-zooy-disposable-vape","7":"product_cat-zooy-disposable-vape","9":"first","10":"outofstock","11":"shipping-taxable","12":"purchasable","13":"product-type-variable"},"_links":{"self":[{"href":"https:\/\/euvapz.com\/fi\/wp-json\/wp\/v2\/product\/31786","targetHints":{"allow":["GET"]}}],"collection":[{"href":"https:\/\/euvapz.com\/fi\/wp-json\/wp\/v2\/product"}],"about":[{"href":"https:\/\/euvapz.com\/fi\/wp-json\/wp\/v2\/types\/product"}],"replies":[{"embeddable":true,"href":"https:\/\/euvapz.com\/fi\/wp-json\/wp\/v2\/comments?post=31786"}],"version-history":[{"count":5,"href":"https:\/\/euvapz.com\/fi\/wp-json\/wp\/v2\/product\/31786\/revisions"}],"predecessor-version":[{"id":32826,"href":"https:\/\/euvapz.com\/fi\/wp-json\/wp\/v2\/product\/31786\/revisions\/32826"}],"wp:featuredmedia":[{"embeddable":true,"href":"https:\/\/euvapz.com\/fi\/wp-json\/wp\/v2\/media\/33659"}],"wp:attachment":[{"href":"https:\/\/euvapz.com\/fi\/wp-json\/wp\/v2\/media?parent=31786"}],"wp:term":[{"taxonomy":"product_brand","embeddable":true,"href":"https:\/\/euvapz.com\/fi\/wp-json\/wp\/v2\/product_brand?post=31786"},{"taxonomy":"product_cat","embeddable":true,"href":"https:\/\/euvapz.com\/fi\/wp-json\/wp\/v2\/product_cat?post=31786"},{"taxonomy":"product_tag","embeddable":true,"href":"https:\/\/euvapz.com\/fi\/wp-json\/wp\/v2\/product_tag?post=31786"}],"curies":[{"name":"wp","href":"https:\/\/api.w.org\/{rel}","templated":true}]}}