{"id":36033,"date":"2025-05-27T02:37:46","date_gmt":"2025-05-27T02:37:46","guid":{"rendered":"https:\/\/euvapz.com\/?post_type=product&#038;p=36033"},"modified":"2025-05-27T02:37:47","modified_gmt":"2025-05-27T02:37:47","slug":"crystal-mary-groove-50000-puff-alykas-voimakas-vertaansa-vailla-oleva","status":"publish","type":"product","link":"https:\/\/euvapz.com\/fi\/tuote\/crystal-mary-groove-50000-puff-alykas-voimakas-vertaansa-vailla-oleva\/","title":{"rendered":"CRYSTAL MARY Groove 50000 PUFFS \u00c4lyk\u00e4s Tehokas Verraton"},"content":{"rendered":"<h2 data-start=\"130\" data-end=\"150\"><strong data-start=\"134\" data-end=\"150\">CRYSTAL MARY Groove 50000 PUFFS Johdanto<\/strong><\/h2>\n<p data-start=\"152\" data-end=\"578\">Astu kertak\u00e4ytt\u00f6isen h\u00f6yryst\u00e4misen tulevaisuuteen, kun k\u00e4yt\u00e4t <strong data-start=\"203\" data-end=\"238\">CRYSTAL MARY Groove 50000 PUFFS Kertak\u00e4ytt\u00f6inen Vape\u00a0<\/strong>, suurikapasiteettinen, \u00e4lykk\u00e4iden toimintojen vape, joka on suunniteltu makua, suorituskyky\u00e4 ja hallintaa varten. T\u00e4m\u00e4 laite on suunniteltu ensiluokkaisilla ominaisuuksilla ja vertaansa vailla olevalla pitk\u00e4ik\u00e4isyydell\u00e4, ja se on todellinen pelimuutos sek\u00e4 kokeneille h\u00f6yryst\u00e4jille ett\u00e4 uusille tulokkaille. Jahdasitpa sitten pilvi\u00e4 tai puhdasta makua, Groove 50K tarjoaa tasaisen, mukautettavan kokemuksen jokaisella puhalluksella.<\/p>\n<p data-start=\"580\" data-end=\"882\">T\u00e4m\u00e4 ei ole vain toinen kertak\u00e4ytt\u00f6inen - se on <strong data-start=\"624\" data-end=\"665\">mukavuuden ja hallinnan vallankumous<\/strong>, joka on pakattu tyylikk\u00e4\u00e4seen, kompaktiin muotoiluun ja varustettu huipputekniikalla. \u00c4lykk\u00e4\u00e4st\u00e4 kosketusn\u00e4yt\u00f6st\u00e4 s\u00e4\u00e4dett\u00e4v\u00e4\u00e4n ilmavirtaan ja kaksoissilm\u00e4k\u00e4\u00e4meihin, <strong data-start=\"817\" data-end=\"844\">CRYSTAL MARY Groove 50K Kertak\u00e4ytt\u00f6inen Vape\u00a0<\/strong> on rakennettu tekem\u00e4\u00e4n vaikutuksen, puhallus puhalluksen j\u00e4lkeen.<\/p>\n<hr data-start=\"884\" data-end=\"887\" \/>\n<h2 data-start=\"889\" data-end=\"905\"><strong data-start=\"893\" data-end=\"905\">CRYSTAL MARY Groove 50000 PUFFS Ominaisuudet<\/strong><\/h2>\n<ul data-start=\"907\" data-end=\"2144\">\n<li data-start=\"907\" data-end=\"1152\">\n<p data-start=\"909\" data-end=\"1152\"><strong data-start=\"909\" data-end=\"946\">Massiivinen Puff Count - 50,000 Puffs<\/strong><br data-start=\"946\" data-end=\"949\" \/>The <strong data-start=\"955\" data-end=\"990\">CRYSTAL MARY Groove 50000 PUFFS Kertak\u00e4ytt\u00f6inen Vape\u00a0<\/strong> tuottaa jopa <strong data-start=\"1006\" data-end=\"1019\">50K puffit<\/strong>, joka tarjoaa yhden markkinoiden korkeimmista puhallusm\u00e4\u00e4rist\u00e4 t\u00e4ll\u00e4 hetkell\u00e4. Pitk\u00e4kestoinen ja ihanteellinen suurille k\u00e4ytt\u00e4jille tai niille, jotka arvostavat mukavuutta.<\/p>\n<\/li>\n<li data-start=\"1154\" data-end=\"1425\">\n<p data-start=\"1156\" data-end=\"1425\"><strong data-start=\"1156\" data-end=\"1200\">\u00c4lyk\u00e4s kosketusn\u00e4ytt\u00f6, jossa on NIC &amp; ICE-ohjausj\u00e4rjestelm\u00e4<\/strong><br data-start=\"1200\" data-end=\"1203\" \/>Hallitse vapeasi sis\u00e4\u00e4nrakennetulla <strong data-start=\"1247\" data-end=\"1268\">\u00e4lyk\u00e4s kosketusn\u00e4ytt\u00f6<\/strong> joka mahdollistaa reaaliaikaisen s\u00e4\u00e4d\u00f6n <strong data-start=\"1305\" data-end=\"1317\">nikotiini<\/strong> ja <strong data-start=\"1322\" data-end=\"1336\">j\u00e4\u00e4pinnat<\/strong>. R\u00e4\u00e4t\u00e4l\u00f6i jokainen tuoksu juuri sinun mieltymyksesi mukaan - pid\u00e4t sitten rohkeasta, viile\u00e4st\u00e4 tai pehme\u00e4st\u00e4.<\/p>\n<\/li>\n<li data-start=\"1427\" data-end=\"1641\">\n<p data-start=\"1429\" data-end=\"1641\"><strong data-start=\"1429\" data-end=\"1461\">Dual Mesh Coil - 0.6\u03a9 + 1.5\u03a9<\/strong><br data-start=\"1461\" data-end=\"1464\" \/>The <strong data-start=\"1470\" data-end=\"1495\">kaksoissilmukkak\u00e4\u00e4mij\u00e4rjestelm\u00e4<\/strong> takaa tasaisen kuumenemisen, paremman maun ja pehme\u00e4mm\u00e4t pilvet. Olitpa sitten makujen tai pilvien harrastaja, t\u00e4m\u00e4 k\u00e4\u00e4mikonfiguraatio tuottaa tulosta.<\/p>\n<\/li>\n<li data-start=\"1643\" data-end=\"1788\">\n<p data-start=\"1645\" data-end=\"1788\"><strong data-start=\"1645\" data-end=\"1674\">S\u00e4\u00e4dett\u00e4v\u00e4 ilmavirtausj\u00e4rjestelm\u00e4<\/strong><br data-start=\"1674\" data-end=\"1677\" \/>Mukauta vetovastusta tiukemman suusta keuhkoon -kokemuksen tai l\u00f6ysemm\u00e4n, ilmavamman suoran keuhko-osuman saamiseksi.<\/p>\n<\/li>\n<li data-start=\"1790\" data-end=\"1983\">\n<p data-start=\"1792\" data-end=\"1983\"><strong data-start=\"1792\" data-end=\"1834\">Ladattavissa C-tyypin pikalatauksella<\/strong><br data-start=\"1834\" data-end=\"1837\" \/>Varustettu <strong data-start=\"1855\" data-end=\"1866\">1000mAh<\/strong> ladattava akku ja <strong data-start=\"1892\" data-end=\"1902\">Type-C<\/strong> pikalatausportin ansiosta saat keskeytym\u00e4tt\u00f6m\u00e4n suorituskyvyn ja nopeat latausajat.<\/p>\n<\/li>\n<li data-start=\"1985\" data-end=\"2144\">\n<p data-start=\"1987\" data-end=\"2144\"><strong data-start=\"1987\" data-end=\"2023\">Kompakti ja matkustusyst\u00e4v\u00e4llinen muotoilu<\/strong><br data-start=\"2023\" data-end=\"2026\" \/>Vain <strong data-start=\"2036\" data-end=\"2062\">51.1 x 21.5 x 106.96mm<\/strong> ja punnitus <strong data-start=\"2076\" data-end=\"2084\">130g<\/strong>, se on eritt\u00e4in kannettava tehosta tai ominaisuuksista tinkim\u00e4tt\u00e4.<\/p>\n<\/li>\n<\/ul>\n<hr data-start=\"2146\" data-end=\"2149\" \/>\n<h2 data-start=\"2151\" data-end=\"2176\"><strong data-start=\"2155\" data-end=\"2176\">CRYSTAL MARY Groove 50000 PUFFS Saatavilla olevat maut<\/strong><\/h2>\n<p data-start=\"2178\" data-end=\"2347\">Tutustu dynaamiseen makuvalikoimaan, joka on suunniteltu tyydytt\u00e4m\u00e4\u00e4n jokaista makua. Piditp\u00e4 sitten hedelm\u00e4isist\u00e4, minttuisista, hapokkaista tai karkkihenkisist\u00e4 profiileista, jokaiseen mielialaan l\u00f6ytyy oma makunsa.<\/p>\n<ol data-start=\"2349\" data-end=\"3060\">\n<li data-start=\"2349\" data-end=\"2429\">\n<p data-start=\"2352\" data-end=\"2429\"><strong data-start=\"2352\" data-end=\"2369\">Sininen Razz Ice<\/strong> - Mehukas sinivadelma, jossa on hyyt\u00e4v\u00e4 loppu.<\/p>\n<\/li>\n<li data-start=\"2430\" data-end=\"2489\">\n<p data-start=\"2433\" data-end=\"2489\"><strong data-start=\"2433\" data-end=\"2447\">Miami Mint<\/strong> - Viile\u00e4, raikas ja virkist\u00e4v\u00e4n pehme\u00e4.<\/p>\n<\/li>\n<li data-start=\"2490\" data-end=\"2550\">\n<p data-start=\"2493\" data-end=\"2550\"><strong data-start=\"2493\" data-end=\"2511\">Vesimeloni j\u00e4\u00e4<\/strong> - Kes\u00e4ist\u00e4 makeutta, jossa on viile\u00e4 s\u00e4rm\u00e4.<\/p>\n<\/li>\n<li data-start=\"2551\" data-end=\"2625\">\n<p data-start=\"2554\" data-end=\"2625\"><strong data-start=\"2554\" data-end=\"2574\">Mansikka B-Pop<\/strong> - R\u00e4j\u00e4ht\u00e4v\u00e4 marjainen maku, jossa on makeutta.<\/p>\n<\/li>\n<li data-start=\"2626\" data-end=\"2690\">\n<p data-start=\"2629\" data-end=\"2690\"><strong data-start=\"2629\" data-end=\"2647\">Hapan omena j\u00e4\u00e4<\/strong> - Hapan vihre\u00e4 omena ja j\u00e4inen vivahde.<\/p>\n<\/li>\n<li data-start=\"2691\" data-end=\"2755\">\n<p data-start=\"2694\" data-end=\"2755\"><strong data-start=\"2694\" data-end=\"2718\">Hapan mango ananas<\/strong> - Trooppinen twist, jossa on hapanta potkua.<\/p>\n<\/li>\n<li data-start=\"2756\" data-end=\"2811\">\n<p data-start=\"2759\" data-end=\"2811\"><strong data-start=\"2759\" data-end=\"2774\">Sitruunap\u00e4\u00e4t<\/strong> - Sitruksinen suutuntuma, joka on voimakas.<\/p>\n<\/li>\n<li data-start=\"2812\" data-end=\"2887\">\n<p data-start=\"2815\" data-end=\"2887\"><strong data-start=\"2815\" data-end=\"2838\">Banaani Taffy Freeze<\/strong> - Kermainen banaani, jossa on nostalginen karkkimainen loppu.<\/p>\n<\/li>\n<li data-start=\"2888\" data-end=\"2983\">\n<p data-start=\"2891\" data-end=\"2983\"><strong data-start=\"2891\" data-end=\"2901\">Hapan F<\/strong>*ing Fab** - Rohkea, kirpe\u00e4 ja anteeksipyytelem\u00e4tt\u00f6m\u00e4n hapan (\u00e4\u00e4rimm\u00e4isten makujen yst\u00e4ville).<\/p>\n<\/li>\n<li data-start=\"2984\" data-end=\"3060\">\n<p data-start=\"2988\" data-end=\"3060\"><strong data-start=\"2988\" data-end=\"3017\">Mansikka-Kiivi virkist\u00e4v\u00e4<\/strong> - Hedelm\u00e4inen yhdistelm\u00e4 klassisia kes\u00e4tunnelmia.<\/p>\n<\/li>\n<\/ol>\n<hr data-start=\"3062\" data-end=\"3065\" \/>\n<h2 data-start=\"3067\" data-end=\"3100\"><strong data-start=\"3071\" data-end=\"3100\">FAQ - Palautukset ja vaihdot<\/strong><\/h2>\n<p data-start=\"3102\" data-end=\"3443\"><strong data-start=\"3102\" data-end=\"3185\">K: Mik\u00e4 on CRYSTAL MARY Groove 50000 PUFFSin palautus- ja vaihtok\u00e4yt\u00e4nt\u00f6?<\/strong><br data-start=\"3185\" data-end=\"3188\" \/>Olemme sitoutuneet asiakastyytyv\u00e4isyyteen ja seisomme laadun takana. <strong data-start=\"3266\" data-end=\"3293\">CRYSTAL MARY Groove 50K<\/strong>. Jos tuotteesi saapuu viallisena, vahingoittuneena tai merkitt\u00e4v\u00e4sti kuvauksen vastaisena, voit vaatia <strong data-start=\"3392\" data-end=\"3428\">palautus tai vaihto 7 p\u00e4iv\u00e4n kuluessa<\/strong> toimituksesta.<\/p>\n<ul data-start=\"3444\" data-end=\"3731\">\n<li data-start=\"3444\" data-end=\"3503\">\n<p data-start=\"3446\" data-end=\"3503\">Tuotteiden on oltava <strong data-start=\"3460\" data-end=\"3470\">k\u00e4ytt\u00e4m\u00e4tt\u00f6m\u00e4t<\/strong> ja <strong data-start=\"3478\" data-end=\"3500\">alkuper\u00e4inen pakkaus<\/strong>.<\/p>\n<\/li>\n<li data-start=\"3504\" data-end=\"3634\">\n<p data-start=\"3506\" data-end=\"3634\">Jos haluat aloittaa palautuksen tai vaihdon, ole hyv\u00e4 ja <strong data-start=\"3547\" data-end=\"3584\">ota yhteytt\u00e4 asiakaspalvelutiimiimme<\/strong> tilausnumerosi ja valokuvia ongelmasta.<\/p>\n<\/li>\n<li data-start=\"3635\" data-end=\"3731\">\n<p data-start=\"3637\" data-end=\"3731\">Hyv\u00e4ksymisen j\u00e4lkeen j\u00e4rjest\u00e4mme <strong data-start=\"3670\" data-end=\"3700\">vaihto tai t\u00e4ysi palautus<\/strong>riippuen mieltymyksest\u00e4si.<\/p>\n<\/li>\n<\/ul>\n<p data-start=\"3733\" data-end=\"3822\"><em data-start=\"3733\" data-end=\"3822\">Huomaa: Emme hyv\u00e4ksy k\u00e4ytettyjen tuotteiden palautuksia hygienia- ja turvallisuussyist\u00e4.<\/em><\/p>","protected":false},"excerpt":{"rendered":"<p>Koe jopa 50 000 puhallusta <strong>CRYSTAL MARY Groove 50000 PUFFS<\/strong> <strong>Kertak\u00e4ytt\u00f6iset Vape<\/strong> - jossa on kaksi verkkokierukkaa, s\u00e4\u00e4dett\u00e4v\u00e4 ilmavirtaus ja \u00e4lyk\u00e4s kosketusn\u00e4ytt\u00f6 t\u00e4ydelliseen nikotiinin ja j\u00e4\u00e4n hallintaan.<\/p>","protected":false},"featured_media":36140,"comment_status":"open","ping_status":"closed","template":"","meta":[],"product_brand":[],"product_cat":[207],"product_tag":[],"class_list":{"0":"post-36033","1":"product","2":"type-product","3":"status-publish","4":"has-post-thumbnail","6":"product_cat-crystal-disposable-vape","8":"first","9":"instock","10":"shipping-taxable","11":"purchasable","12":"product-type-variable"},"_links":{"self":[{"href":"https:\/\/euvapz.com\/fi\/wp-json\/wp\/v2\/product\/36033","targetHints":{"allow":["GET"]}}],"collection":[{"href":"https:\/\/euvapz.com\/fi\/wp-json\/wp\/v2\/product"}],"about":[{"href":"https:\/\/euvapz.com\/fi\/wp-json\/wp\/v2\/types\/product"}],"replies":[{"embeddable":true,"href":"https:\/\/euvapz.com\/fi\/wp-json\/wp\/v2\/comments?post=36033"}],"version-history":[{"count":2,"href":"https:\/\/euvapz.com\/fi\/wp-json\/wp\/v2\/product\/36033\/revisions"}],"predecessor-version":[{"id":36144,"href":"https:\/\/euvapz.com\/fi\/wp-json\/wp\/v2\/product\/36033\/revisions\/36144"}],"wp:featuredmedia":[{"embeddable":true,"href":"https:\/\/euvapz.com\/fi\/wp-json\/wp\/v2\/media\/36140"}],"wp:attachment":[{"href":"https:\/\/euvapz.com\/fi\/wp-json\/wp\/v2\/media?parent=36033"}],"wp:term":[{"taxonomy":"product_brand","embeddable":true,"href":"https:\/\/euvapz.com\/fi\/wp-json\/wp\/v2\/product_brand?post=36033"},{"taxonomy":"product_cat","embeddable":true,"href":"https:\/\/euvapz.com\/fi\/wp-json\/wp\/v2\/product_cat?post=36033"},{"taxonomy":"product_tag","embeddable":true,"href":"https:\/\/euvapz.com\/fi\/wp-json\/wp\/v2\/product_tag?post=36033"}],"curies":[{"name":"wp","href":"https:\/\/api.w.org\/{rel}","templated":true}]}}