{"id":29628,"date":"2025-03-22T01:26:17","date_gmt":"2025-03-22T01:26:17","guid":{"rendered":"https:\/\/euvapz.com\/?post_type=product&#038;p=29628"},"modified":"2025-03-24T08:53:49","modified_gmt":"2025-03-24T08:53:49","slug":"bang-blaze-40000-puffs-12flavors-bk40s-disposable-vape-ultimate-performance-with-mesh-coil","status":"publish","type":"product","link":"https:\/\/euvapz.com\/fr\/produit\/bang-blaze-40000-puffs-12flavors-bk40s-disposable-vape-ultimate-performance-with-mesh-coil\/","title":{"rendered":"BANG BLAZE 40000 Puffs 12FLAVORS BK40S Vape jetable Ultimate Performance with Mesh Coil"},"content":{"rendered":"<div class=\"flex max-w-full flex-col flex-grow\">\n<div class=\"min-h-8 text-message relative flex w-full flex-col items-end gap-2 whitespace-normal break-words text-start [.text-message+&amp;]:mt-5\" dir=\"auto\" data-message-author-role=\"assistant\" data-message-id=\"e2a5ddfd-2006-482b-a406-5b05b4327afd\" data-message-model-slug=\"gpt-4o\">\n<div class=\"flex w-full flex-col gap-1 empty:hidden first:pt-[3px]\">\n<div class=\"markdown prose w-full break-words dark:prose-invert light\">\n<p data-start=\"175\" data-end=\"569\"><img fetchpriority=\"high\" decoding=\"async\" class=\"alignnone size-full wp-image-29630\" src=\"https:\/\/euvapz.com\/wp-content\/uploads\/2025\/03\/BANG-BLAZE-40000-Puffs-12FLAVORS-BK40S-Disposable-Vape-Ultimate-Performance-with-Mesh-Coil-2-scaled.webp\" alt=\"BANG BLAZE 40000 Puffs 12FLAVORS BK40S Vape jetable Ultimate Performance with Mesh Coil\" width=\"828\" height=\"2560\" srcset=\"https:\/\/euvapz.com\/wp-content\/uploads\/2025\/03\/BANG-BLAZE-40000-Puffs-12FLAVORS-BK40S-Disposable-Vape-Ultimate-Performance-with-Mesh-Coil-2-scaled.webp 828w, https:\/\/euvapz.com\/wp-content\/uploads\/2025\/03\/BANG-BLAZE-40000-Puffs-12FLAVORS-BK40S-Disposable-Vape-Ultimate-Performance-with-Mesh-Coil-2-97x300.webp 97w, https:\/\/euvapz.com\/wp-content\/uploads\/2025\/03\/BANG-BLAZE-40000-Puffs-12FLAVORS-BK40S-Disposable-Vape-Ultimate-Performance-with-Mesh-Coil-2-259x800.webp 259w, https:\/\/euvapz.com\/wp-content\/uploads\/2025\/03\/BANG-BLAZE-40000-Puffs-12FLAVORS-BK40S-Disposable-Vape-Ultimate-Performance-with-Mesh-Coil-2-497x1536.webp 497w, https:\/\/euvapz.com\/wp-content\/uploads\/2025\/03\/BANG-BLAZE-40000-Puffs-12FLAVORS-BK40S-Disposable-Vape-Ultimate-Performance-with-Mesh-Coil-2-662x2048.webp 662w, https:\/\/euvapz.com\/wp-content\/uploads\/2025\/03\/BANG-BLAZE-40000-Puffs-12FLAVORS-BK40S-Disposable-Vape-Ultimate-Performance-with-Mesh-Coil-2-4x12.webp 4w, https:\/\/euvapz.com\/wp-content\/uploads\/2025\/03\/BANG-BLAZE-40000-Puffs-12FLAVORS-BK40S-Disposable-Vape-Ultimate-Performance-with-Mesh-Coil-2-430x1330.webp 430w, https:\/\/euvapz.com\/wp-content\/uploads\/2025\/03\/BANG-BLAZE-40000-Puffs-12FLAVORS-BK40S-Disposable-Vape-Ultimate-Performance-with-Mesh-Coil-2-700x2165.webp 700w, https:\/\/euvapz.com\/wp-content\/uploads\/2025\/03\/BANG-BLAZE-40000-Puffs-12FLAVORS-BK40S-Disposable-Vape-Ultimate-Performance-with-Mesh-Coil-2-150x464.webp 150w\" sizes=\"(max-width: 828px) 100vw, 828px\" \/><\/p>\n<p class=\"\" data-start=\"175\" data-end=\"569\">Le <strong data-start=\"179\" data-end=\"237\">BANG BLAZE 40000 Puffs 12FLAVORS BK40S Vape jetable<\/strong> est con\u00e7u pour les vapoteurs qui exigent un <strong data-start=\"274\" data-end=\"290\">durable<\/strong>, <strong data-start=\"292\" data-end=\"312\">haute performance<\/strong> de l'appareil. Avec jusqu'\u00e0 <strong data-start=\"332\" data-end=\"348\">40 000 bouff\u00e9es<\/strong>Cette vape garantit <strong data-start=\"368\" data-end=\"393\">satisfaction \u00e9largie<\/strong> sans faire de compromis sur la qualit\u00e9 ou la saveur. Que vous soyez novice en mati\u00e8re de vapotage ou un enthousiaste exp\u00e9riment\u00e9, cet appareil offre une exp\u00e9rience douce et agr\u00e9able du d\u00e9but \u00e0 la fin.<\/p>\n<p class=\"\" data-start=\"571\" data-end=\"997\">\u00c9quip\u00e9 d'un <strong data-start=\"587\" data-end=\"618\">Batterie rechargeable de 650mAh<\/strong>, le <strong data-start=\"624\" data-end=\"644\">BANG BLAZE BK40S<\/strong> fournit <strong data-start=\"654\" data-end=\"668\">coh\u00e9rent<\/strong> et <strong data-start=\"673\" data-end=\"692\">puissance efficace<\/strong>Le syst\u00e8me de contr\u00f4le de la qualit\u00e9 de l'air permet de s'assurer que les sessions de vapotage se d\u00e9roulent toujours de mani\u00e8re fluide et ininterrompue. Les <strong data-start=\"765\" data-end=\"789\">Chargement rapide de type C<\/strong> La fonction permet de <strong data-start=\"809\" data-end=\"828\">recharges rapides<\/strong>pour \u00eatre toujours pr\u00eat \u00e0 vaper. Avec un <strong data-start=\"869\" data-end=\"889\">Bobine mesh 1,2ohm<\/strong>Gr\u00e2ce \u00e0 la technologie de la vapeur, l'appareil assure une meilleure production de vapeur et une saveur riche, ce qui permet d'obtenir un r\u00e9sultat satisfaisant \u00e0 chaque bouff\u00e9e.<\/p>\n<p class=\"\" data-start=\"999\" data-end=\"1317\">Pr\u00e9-rempli avec <strong data-start=\"1015\" data-end=\"1043\">40 ml d'e-liquide de qualit\u00e9 sup\u00e9rieure<\/strong>, le <strong data-start=\"1049\" data-end=\"1069\">BANG BLAZE BK40S<\/strong> offre une vari\u00e9t\u00e9 de taux de nicotine<strong data-start=\"1109\" data-end=\"1131\">0%, 2%, 3% et 5%<\/strong>-pour r\u00e9pondre aux pr\u00e9f\u00e9rences de chaque vapoteur. L'appareil est \u00e9galement dot\u00e9 d'un <strong data-start=\"1194\" data-end=\"1216\">d\u00e9bit d'air r\u00e9glable<\/strong> vous permettant de personnaliser votre exp\u00e9rience de vapotage, que vous pr\u00e9f\u00e9riez une inhalation serr\u00e9e ou ouverte.<\/p>\n<p class=\"\" data-start=\"1319\" data-end=\"1667\">Avec 12 saveurs excitantes, telles que <strong data-start=\"1353\" data-end=\"1389\">Melon d'eau\/Melon d'eau \u00e0 la fraise<\/strong>, <strong data-start=\"1391\" data-end=\"1428\">Glace aux myrtilles \/ Framboise aux myrtilles<\/strong>et <strong data-start=\"1434\" data-end=\"1464\">Mangue glac\u00e9e\/mangue fraise<\/strong>, le <strong data-start=\"1470\" data-end=\"1496\">BANG BLAZE 40000 Puffs<\/strong> garantit une <strong data-start=\"1510\" data-end=\"1523\">savoureux<\/strong>, <strong data-start=\"1525\" data-end=\"1539\">rafra\u00eechissant<\/strong> exp\u00e9rience de vapotage. Que vous ayez envie de saveurs fruit\u00e9es, glac\u00e9es ou tropicales, cette vape en offre pour tous les go\u00fbts.<\/p>\n<p class=\"\" data-start=\"1669\" data-end=\"1861\">Exp\u00e9rience <strong data-start=\"1680\" data-end=\"1701\">le vaping de haut niveau<\/strong> avec le <strong data-start=\"1711\" data-end=\"1769\">BANG BLAZE 40000 Puffs 12FLAVORS BK40S Vape jetable<\/strong>-un dispositif qui d\u00e9livre <strong data-start=\"1793\" data-end=\"1802\">pouvoir<\/strong>, <strong data-start=\"1804\" data-end=\"1819\">performance<\/strong>et <strong data-start=\"1825\" data-end=\"1845\">une saveur in\u00e9gal\u00e9e<\/strong> en un seul paquet.<\/p>\n<h2 data-start=\"1863\" data-end=\"1923\"><strong data-start=\"1863\" data-end=\"1905\">BANG BLAZE 40000 Puffs 12FLAVORS BK40S<\/strong><br data-start=\"1905\" data-end=\"1908\" \/><strong data-start=\"1908\" data-end=\"1921\">Caract\u00e9ristiques :<\/strong><\/h2>\n<ul data-start=\"1924\" data-end=\"2116\">\n<li class=\"\" data-start=\"1924\" data-end=\"1951\">\n<p class=\"\" data-start=\"1926\" data-end=\"1951\"><strong data-start=\"1926\" data-end=\"1935\">Puffs<\/strong>: Jusqu'\u00e0 40 000<\/p>\n<\/li>\n<li class=\"\" data-start=\"1952\" data-end=\"1974\">\n<p class=\"\" data-start=\"1954\" data-end=\"1974\"><strong data-start=\"1954\" data-end=\"1966\">E-liquide<\/strong>: 40mL<\/p>\n<\/li>\n<li class=\"\" data-start=\"1975\" data-end=\"2007\">\n<p class=\"\" data-start=\"1977\" data-end=\"2007\"><strong data-start=\"1977\" data-end=\"1989\">Nicotine<\/strong>: 0%, 2%, 3%, 5%<\/p>\n<\/li>\n<li class=\"\" data-start=\"2008\" data-end=\"2031\">\n<p class=\"\" data-start=\"2010\" data-end=\"2031\"><strong data-start=\"2010\" data-end=\"2021\">Batterie<\/strong>Dur\u00e9e de vie de la batterie : 650mAh<\/p>\n<\/li>\n<li class=\"\" data-start=\"2032\" data-end=\"2060\">\n<p class=\"\" data-start=\"2034\" data-end=\"2060\"><strong data-start=\"2034\" data-end=\"2050\">Rechargeable<\/strong>: Type-C<\/p>\n<\/li>\n<li class=\"\" data-start=\"2061\" data-end=\"2091\">\n<p class=\"\" data-start=\"2063\" data-end=\"2091\"><strong data-start=\"2063\" data-end=\"2071\">C\u0153ur de m\u00e9tier<\/strong>: 1.2ohm Mesh Coil<\/p>\n<\/li>\n<li class=\"\" data-start=\"2092\" data-end=\"2116\">\n<p class=\"\" data-start=\"2094\" data-end=\"2116\"><strong data-start=\"2094\" data-end=\"2114\">Prise en charge des OEM\/ODM<\/strong><\/p>\n<\/li>\n<\/ul>\n<h2 data-start=\"2118\" data-end=\"2181\"><strong data-start=\"2118\" data-end=\"2160\">BANG BLAZE 40000 Puffs 12FLAVORS BK40S<\/strong><br data-start=\"2160\" data-end=\"2163\" \/><strong data-start=\"2163\" data-end=\"2179\">Liste des saveurs :<\/strong><\/h2>\n<ul data-start=\"2182\" data-end=\"2552\">\n<li class=\"\" data-start=\"2182\" data-end=\"2218\">\n<p class=\"\" data-start=\"2184\" data-end=\"2218\">Melon d'eau\/Melon d'eau \u00e0 la fraise<\/p>\n<\/li>\n<li class=\"\" data-start=\"2219\" data-end=\"2256\">\n<p class=\"\" data-start=\"2221\" data-end=\"2256\">Glace aux myrtilles \/ Framboise aux myrtilles<\/p>\n<\/li>\n<li class=\"\" data-start=\"2257\" data-end=\"2287\">\n<p class=\"\" data-start=\"2259\" data-end=\"2287\">Mangue glac\u00e9e\/mangue fraise<\/p>\n<\/li>\n<li class=\"\" data-start=\"2288\" data-end=\"2323\">\n<p class=\"\" data-start=\"2290\" data-end=\"2323\">Melon d'eau\/Melon d'eau Bubblegum<\/p>\n<\/li>\n<li class=\"\" data-start=\"2324\" data-end=\"2359\">\n<p class=\"\" data-start=\"2326\" data-end=\"2359\">Ananas Ice\/Ananas Coconut<\/p>\n<\/li>\n<li class=\"\" data-start=\"2360\" data-end=\"2388\">\n<p class=\"\" data-start=\"2362\" data-end=\"2388\">Fruits m\u00e9lang\u00e9s\/triple baies<\/p>\n<\/li>\n<li class=\"\" data-start=\"2389\" data-end=\"2414\">\n<p class=\"\" data-start=\"2391\" data-end=\"2414\">P\u00eache glac\u00e9e\/Mangue de p\u00eache<\/p>\n<\/li>\n<li class=\"\" data-start=\"2415\" data-end=\"2437\">\n<p class=\"\" data-start=\"2417\" data-end=\"2437\">Cerise\/Coca cerise<\/p>\n<\/li>\n<li class=\"\" data-start=\"2438\" data-end=\"2463\">\n<p class=\"\" data-start=\"2440\" data-end=\"2463\">Raisin\/Myrtille Raisin<\/p>\n<\/li>\n<li class=\"\" data-start=\"2464\" data-end=\"2487\">\n<p class=\"\" data-start=\"2466\" data-end=\"2487\">Menthe\/bleue menthe<\/p>\n<\/li>\n<li class=\"\" data-start=\"2488\" data-end=\"2517\">\n<p class=\"\" data-start=\"2490\" data-end=\"2517\">Dragon noir Glace\/Taureau rouge<\/p>\n<\/li>\n<li class=\"\" data-start=\"2518\" data-end=\"2552\">\n<p class=\"\" data-start=\"2520\" data-end=\"2552\">Fraise glac\u00e9e\/fraise kiwi<\/p>\n<\/li>\n<\/ul>\n<p class=\"\" data-start=\"2554\" data-end=\"2810\">Le <strong data-start=\"2558\" data-end=\"2600\">BANG BLAZE 40000 Puffs 12FLAVORS BK40S<\/strong> fournit une <strong data-start=\"2613\" data-end=\"2646\">une exp\u00e9rience de vapotage exceptionnelle<\/strong> avec des performances durables, une vaste s\u00e9lection d'ar\u00f4mes et des taux de nicotine personnalisables. Parfait pour les vapoteurs qui recherchent \u00e0 la fois <strong data-start=\"2778\" data-end=\"2789\">qualit\u00e9<\/strong> et <strong data-start=\"2794\" data-end=\"2809\">polyvalence<\/strong>.<\/p>\n<h2 data-start=\"2554\" data-end=\"2810\">\t\t\t<link rel=\"stylesheet\" id=\"elementor-post-32801-css\" href=\"https:\/\/euvapz.com\/wp-content\/uploads\/elementor\/css\/post-32801.css?ver=1775243812\" type=\"text\/css\" media=\"all\">\n\t\t\t\t\t<div data-elementor-type=\"wp-post\" data-elementor-id=\"32801\" class=\"elementor elementor-32801\" data-elementor-post-type=\"cms_block\">\n\t\t\t\t<div class=\"wd-negative-gap elementor-element elementor-element-311ef4d e-flex e-con-boxed e-con e-parent\" data-id=\"311ef4d\" data-element_type=\"container\">\n\t\t\t\t\t<div class=\"e-con-inner\">\n\t\t\t\t<div class=\"elementor-element elementor-element-354d55bb color-scheme-inherit text-left elementor-widget elementor-widget-text-editor\" data-id=\"354d55bb\" data-element_type=\"widget\" data-widget_type=\"text-editor.default\">\n\t\t\t\t<div class=\"elementor-widget-container\">\n\t\t\t\t\t\t\t\t\t&nbsp;\n\n<script src=\"chrome-extension:\/\/fpelahbljekknahkcaegamhcndkfpfnc\/iFrame.js\" type=\"text\/javascript\"><\/script>\t\t\t\t\t\t\t\t<\/div>\n\t\t\t\t<\/div>\n\t\t\t\t\t<\/div>\n\t\t\t\t<\/div>\n\t\t<div class=\"wd-negative-gap elementor-element elementor-element-2f4b93b0 e-flex e-con-boxed e-con e-parent\" data-id=\"2f4b93b0\" data-element_type=\"container\">\n\t\t\t\t\t<div class=\"e-con-inner\">\n\t\t\t\t\t<\/div>\n\t\t\t\t<\/div>\n\t\t<div class=\"wd-negative-gap elementor-element elementor-element-200eec29 e-flex e-con-boxed e-con e-parent\" data-id=\"200eec29\" data-element_type=\"container\">\n\t\t\t\t\t<div class=\"e-con-inner\">\n\t\t\t\t<div class=\"elementor-element elementor-element-19faf1ba color-scheme-inherit text-left elementor-widget elementor-widget-text-editor\" data-id=\"19faf1ba\" data-element_type=\"widget\" data-widget_type=\"text-editor.default\">\n\t\t\t\t<div class=\"elementor-widget-container\">\n\t\t\t\t\t\t\t\t\t<h2><em><strong>FAQS<\/strong><\/em><\/h2><ul><li><h2><em><strong>Quelles sont les m\u00e9thodes d'exp\u00e9dition utilis\u00e9es ?<\/strong><\/em><\/h2><\/li><li><h2><em><strong><span style=\"color: #333333; font-size: 16px;\">Nous travaillons en partenariat avec des transporteurs fiables tels que UPS, DHL, FedEx et DPD. En fonction du pays de destination, nous s\u00e9lectionnerons la meilleure m\u00e9thode d'exp\u00e9dition pour garantir une livraison rapide et s\u00fbre de vos produits.<\/span><\/strong><\/em><\/h2><\/li><\/ul><ul><li><h2><em><strong>Quel est le d\u00e9lai de livraison de ma commande ?<\/strong><\/em><\/h2><\/li><\/ul><p data-start=\"340\" data-end=\"490\"><em><strong>\u00a0 \u00a0 \u00a0 En r\u00e8gle g\u00e9n\u00e9rale, le d\u00e9lai de livraison est de 7 \u00e0 15 jours ouvrables. Toutefois, en p\u00e9riode de vacances ou de mauvaises conditions m\u00e9t\u00e9orologiques, ce d\u00e9lai peut atteindre 20 jours ouvrables.<\/strong><\/em><\/p><ul><li data-start=\"492\" data-end=\"539\"><h2><em><strong>Ma commande sera-t-elle d\u00e9douan\u00e9e sans probl\u00e8me ?<\/strong><\/em><\/h2><\/li><li data-start=\"492\" data-end=\"539\"><h2><em><strong><span style=\"color: #333333; font-size: 16px;\">Nous nous occupons de tous les d\u00e9douanements pour vous, ce qui garantit une livraison sans probl\u00e8me et sans taxes ou frais suppl\u00e9mentaires. Nous garantissons que 100% de nos envois seront d\u00e9douan\u00e9s sans probl\u00e8me.<\/span><\/strong><\/em><\/h2><\/li><\/ul><ul><li data-start=\"718\" data-end=\"747\"><h2><em><strong>Puis-je faire confiance \u00e0 votre service ?<\/strong><\/em><\/h2><\/li><li data-start=\"718\" data-end=\"747\"><h2><em><strong><span style=\"color: #333333; font-size: 16px;\">Absolument ! Nous acceptons PayPal pour les paiements s\u00e9curis\u00e9s, et votre achat est prot\u00e9g\u00e9 par la protection des acheteurs de PayPal. Vous pouvez \u00e9galement consulter nos \u00e9valuations TrustPilot pour voir ce que d'autres clients disent de nous.<\/span><\/strong><\/em><\/h2><\/li><\/ul>\t\t\t\t\t\t\t\t<\/div>\n\t\t\t\t<\/div>\n\t\t\t\t\t<\/div>\n\t\t\t\t<\/div>\n\t\t<div class=\"wd-negative-gap elementor-element elementor-element-d4517fd e-flex e-con-boxed e-con e-parent\" data-id=\"d4517fd\" data-element_type=\"container\">\n\t\t\t\t\t<div class=\"e-con-inner\">\n\t\t\t\t<div class=\"elementor-element elementor-element-11cb93e5 elementor-widget elementor-widget-wd_button\" data-id=\"11cb93e5\" data-element_type=\"widget\" data-widget_type=\"wd_button.default\">\n\t\t\t\t<div class=\"elementor-widget-container\">\n\t\t\t\t\t\t\t<div class=\"wd-button-wrapper text-left\" >\n\t\t\t<a class=\"btn btn-style-link btn-style- btn-size-extra-large btn-scheme-inherit btn-scheme-hover-custom btn-icon-pos-right\"  href=\"https:\/\/euvapz.com\/fr\/faqs\/\">\n\t\t\t\t<span class=\"wd-btn-text\" data-elementor-setting-key=\"text\">\n\t\t\t\t\tCliquez ici pour plus d'informations sur les FAQ.\t\t\t\t<\/span>\n\n\t\t\t\t\t\t\t<\/a>\n\t\t<\/div>\n\t\t\t\t\t\t<\/div>\n\t\t\t\t<\/div>\n\t\t\t\t\t<\/div>\n\t\t\t\t<\/div>\n\t\t\t\t<\/div>\n\t\t<\/h2>\n<\/div>\n<\/div>\n<\/div>\n<\/div>","protected":false},"excerpt":{"rendered":"<div class=\"flex max-w-full flex-col flex-grow\">\n<div class=\"min-h-8 text-message relative flex w-full flex-col items-end gap-2 whitespace-normal break-words text-start [.text-message+&amp;]:mt-5\" dir=\"auto\" data-message-author-role=\"assistant\" data-message-id=\"16aaaf1e-526e-4ec9-9545-384f8083d6a8\" data-message-model-slug=\"gpt-4o\">\n<div class=\"flex w-full flex-col gap-1 empty:hidden first:pt-[3px]\">\n<div class=\"markdown prose w-full break-words dark:prose-invert light\">\n<p class=\"\" data-start=\"486\" data-end=\"747\">Le <strong data-start=\"490\" data-end=\"516\">BANG BLAZE 40000 Puffs<\/strong> offre une exp\u00e9rience de vapotage de premi\u00e8re qualit\u00e9 avec <strong data-start=\"559\" data-end=\"581\">d\u00e9bit d'air r\u00e9glable<\/strong>, <strong data-start=\"583\" data-end=\"608\">Chargement rapide de type C<\/strong>et des saveurs audacieuses comme <strong data-start=\"632\" data-end=\"661\">Dragon noir Glace\/Taureau rouge<\/strong> et <strong data-start=\"666\" data-end=\"700\">Fraise glac\u00e9e\/fraise kiwi<\/strong>disponible en <strong data-start=\"715\" data-end=\"746\">0%, 2%, 3% et 5% nicotine<\/strong>.<\/p>\n<\/div>\n<\/div>\n<\/div>\n<\/div>\n<div class=\"mb-2 flex gap-3 -ml-2\">\n<div class=\"flex items-center justify-start rounded-xl p-1\">\n<div><\/div>\n<\/div>\n<\/div>","protected":false},"featured_media":29635,"comment_status":"open","ping_status":"closed","template":"","meta":[],"product_brand":[78],"product_cat":[77],"product_tag":[],"class_list":{"0":"post-29628","1":"product","2":"type-product","3":"status-publish","4":"has-post-thumbnail","6":"product_brand-bang-disposable-vape","7":"product_cat-bang-disposable-vape","9":"first","10":"instock","11":"shipping-taxable","12":"purchasable","13":"product-type-variable"},"_links":{"self":[{"href":"https:\/\/euvapz.com\/fr\/wp-json\/wp\/v2\/product\/29628","targetHints":{"allow":["GET"]}}],"collection":[{"href":"https:\/\/euvapz.com\/fr\/wp-json\/wp\/v2\/product"}],"about":[{"href":"https:\/\/euvapz.com\/fr\/wp-json\/wp\/v2\/types\/product"}],"replies":[{"embeddable":true,"href":"https:\/\/euvapz.com\/fr\/wp-json\/wp\/v2\/comments?post=29628"}],"version-history":[{"count":4,"href":"https:\/\/euvapz.com\/fr\/wp-json\/wp\/v2\/product\/29628\/revisions"}],"predecessor-version":[{"id":32865,"href":"https:\/\/euvapz.com\/fr\/wp-json\/wp\/v2\/product\/29628\/revisions\/32865"}],"wp:featuredmedia":[{"embeddable":true,"href":"https:\/\/euvapz.com\/fr\/wp-json\/wp\/v2\/media\/29635"}],"wp:attachment":[{"href":"https:\/\/euvapz.com\/fr\/wp-json\/wp\/v2\/media?parent=29628"}],"wp:term":[{"taxonomy":"product_brand","embeddable":true,"href":"https:\/\/euvapz.com\/fr\/wp-json\/wp\/v2\/product_brand?post=29628"},{"taxonomy":"product_cat","embeddable":true,"href":"https:\/\/euvapz.com\/fr\/wp-json\/wp\/v2\/product_cat?post=29628"},{"taxonomy":"product_tag","embeddable":true,"href":"https:\/\/euvapz.com\/fr\/wp-json\/wp\/v2\/product_tag?post=29628"}],"curies":[{"name":"wp","href":"https:\/\/api.w.org\/{rel}","templated":true}]}}