{"id":29983,"date":"2025-03-22T02:06:31","date_gmt":"2025-03-22T02:06:31","guid":{"rendered":"https:\/\/euvapz.com\/?post_type=product&#038;p=29983"},"modified":"2025-03-24T08:51:49","modified_gmt":"2025-03-24T08:51:49","slug":"bang-king-45000-puffs-bk45-disposable-vape-the-ultimate-disposable-e-cigarette-stick","status":"publish","type":"product","link":"https:\/\/euvapz.com\/fr\/produit\/bang-king-45000-puffs-bk45-disposable-vape-the-ultimate-disposable-e-cigarette-stick\/","title":{"rendered":"BANG KING 45000 PUFFS BK45 Disposable Vape The Ultimate Disposable E-Cigarette Stick"},"content":{"rendered":"<p data-start=\"157\" data-end=\"475\"><img fetchpriority=\"high\" decoding=\"async\" class=\"alignnone size-full wp-image-29991\" src=\"https:\/\/euvapz.com\/wp-content\/uploads\/2025\/03\/BANG-KING-45000-PUFFS-BK45-Disposable-Vape-The-Ultimate-Disposable-E-Cigarette-Stick-8-scaled.webp\" alt=\"BANG KING 45000 PUFFS BK45 Disposable Vape The Ultimate Disposable E-Cigarette Stick\" width=\"1080\" height=\"2560\" srcset=\"https:\/\/euvapz.com\/wp-content\/uploads\/2025\/03\/BANG-KING-45000-PUFFS-BK45-Disposable-Vape-The-Ultimate-Disposable-E-Cigarette-Stick-8-scaled.webp 1080w, https:\/\/euvapz.com\/wp-content\/uploads\/2025\/03\/BANG-KING-45000-PUFFS-BK45-Disposable-Vape-The-Ultimate-Disposable-E-Cigarette-Stick-8-127x300.webp 127w, https:\/\/euvapz.com\/wp-content\/uploads\/2025\/03\/BANG-KING-45000-PUFFS-BK45-Disposable-Vape-The-Ultimate-Disposable-E-Cigarette-Stick-8-337x800.webp 337w, https:\/\/euvapz.com\/wp-content\/uploads\/2025\/03\/BANG-KING-45000-PUFFS-BK45-Disposable-Vape-The-Ultimate-Disposable-E-Cigarette-Stick-8-768x1821.webp 768w, https:\/\/euvapz.com\/wp-content\/uploads\/2025\/03\/BANG-KING-45000-PUFFS-BK45-Disposable-Vape-The-Ultimate-Disposable-E-Cigarette-Stick-8-648x1536.webp 648w, https:\/\/euvapz.com\/wp-content\/uploads\/2025\/03\/BANG-KING-45000-PUFFS-BK45-Disposable-Vape-The-Ultimate-Disposable-E-Cigarette-Stick-8-864x2048.webp 864w, https:\/\/euvapz.com\/wp-content\/uploads\/2025\/03\/BANG-KING-45000-PUFFS-BK45-Disposable-Vape-The-Ultimate-Disposable-E-Cigarette-Stick-8-5x12.webp 5w, https:\/\/euvapz.com\/wp-content\/uploads\/2025\/03\/BANG-KING-45000-PUFFS-BK45-Disposable-Vape-The-Ultimate-Disposable-E-Cigarette-Stick-8-430x1019.webp 430w, https:\/\/euvapz.com\/wp-content\/uploads\/2025\/03\/BANG-KING-45000-PUFFS-BK45-Disposable-Vape-The-Ultimate-Disposable-E-Cigarette-Stick-8-700x1660.webp 700w, https:\/\/euvapz.com\/wp-content\/uploads\/2025\/03\/BANG-KING-45000-PUFFS-BK45-Disposable-Vape-The-Ultimate-Disposable-E-Cigarette-Stick-8-150x356.webp 150w\" sizes=\"(max-width: 1080px) 100vw, 1080px\" \/><\/p>\n<p class=\"\" data-start=\"157\" data-end=\"475\">Le <strong data-start=\"161\" data-end=\"207\">BANG KING 45000 PUFFS BK45 Disposable Vape<\/strong> is designed for vapers who demand an exceptional, long-lasting vaping experience with outstanding performance. With up to <strong data-start=\"330\" data-end=\"346\">45,000 puffs<\/strong>, this device ensures you get maximum enjoyment, lasting longer than most disposables on the market, without sacrificing quality.<\/p>\n<p class=\"\" data-start=\"477\" data-end=\"871\">This device features a <strong data-start=\"500\" data-end=\"531\">Batterie rechargeable de 650mAh<\/strong> that delivers consistent and reliable power, allowing you to enjoy smooth and uninterrupted vaping sessions. The <strong data-start=\"645\" data-end=\"674\">dual mesh coil technology<\/strong> (0.6ohm) ensures a rich and flavorful vapor with every puff, making each draw a true pleasure. For added convenience, the Type-C fast charging allows quick recharges, so you&#8217;re always ready to go.<\/p>\n<p class=\"\" data-start=\"873\" data-end=\"1186\">The BANG KING comes pre-filled with <strong data-start=\"909\" data-end=\"939\">28x2mL of premium e-liquid<\/strong>, providing a satisfying nicotine experience available in 0%, 2%, 3%, and 5% nicotine strengths, catering to different preferences. The adjustable airflow lets you customize your vaping experience, whether you prefer a tighter or more open inhale.<\/p>\n<p class=\"\" data-start=\"1188\" data-end=\"1461\">With a diverse selection of <strong data-start=\"1216\" data-end=\"1237\">10 saveurs uniques<\/strong>, including fruity, refreshing, and creamy options, the <strong data-start=\"1293\" data-end=\"1323\">BANG KING 45000 PUFFS BK45<\/strong> guarantees a flavorful journey with every puff. From bold fruit blends to cool, refreshing sensations, there\u2019s something for every vaper.<\/p>\n<p class=\"\" data-start=\"1463\" data-end=\"1632\">Experience the future of vaping with the <strong data-start=\"1504\" data-end=\"1550\">BANG KING 45000 PUFFS BK45 Disposable Vape<\/strong>\u2014where power, performance, and flavor come together for the ultimate satisfaction.<\/p>\n<h2 data-start=\"1634\" data-end=\"1674\"><strong data-start=\"1634\" data-end=\"1674\">BANG KING 45000 PUFFS BK45 Features:<\/strong><\/h2>\n<ul data-start=\"1675\" data-end=\"1935\">\n<li class=\"\" data-start=\"1675\" data-end=\"1706\">\n<p class=\"\" data-start=\"1677\" data-end=\"1706\"><strong data-start=\"1677\" data-end=\"1686\">Puffs<\/strong>: Up to 45,000 puffs<\/p>\n<\/li>\n<li class=\"\" data-start=\"1707\" data-end=\"1752\">\n<p class=\"\" data-start=\"1709\" data-end=\"1752\"><strong data-start=\"1709\" data-end=\"1721\">Capacit\u00e9<\/strong>: 28x2mL of pre-filled e-liquid<\/p>\n<\/li>\n<li class=\"\" data-start=\"1753\" data-end=\"1787\">\n<p class=\"\" data-start=\"1755\" data-end=\"1787\"><strong data-start=\"1755\" data-end=\"1766\">Batterie<\/strong>: 650mAh rechargeable<\/p>\n<\/li>\n<li class=\"\" data-start=\"1788\" data-end=\"1817\">\n<p class=\"\" data-start=\"1790\" data-end=\"1817\"><strong data-start=\"1790\" data-end=\"1799\">Bobines<\/strong>: Dual Mesh 0.6ohm<\/p>\n<\/li>\n<li class=\"\" data-start=\"1818\" data-end=\"1848\">\n<p class=\"\" data-start=\"1820\" data-end=\"1848\"><strong data-start=\"1820\" data-end=\"1832\">Nicotine<\/strong>: 0%, 2%, 3%, 5%<\/p>\n<\/li>\n<li class=\"\" data-start=\"1849\" data-end=\"1893\">\n<p class=\"\" data-start=\"1851\" data-end=\"1893\"><strong data-start=\"1851\" data-end=\"1873\">D\u00e9bit d'air r\u00e9glable<\/strong> pour un tirage personnalis\u00e9<\/p>\n<\/li>\n<li class=\"\" data-start=\"1894\" data-end=\"1935\">\n<p class=\"\" data-start=\"1896\" data-end=\"1935\"><strong data-start=\"1896\" data-end=\"1914\">Flavor Options<\/strong>: 10 exciting flavors<\/p>\n<\/li>\n<\/ul>\n<h2 data-start=\"1937\" data-end=\"1980\"><strong data-start=\"1937\" data-end=\"1980\">BANG KING 45000 PUFFS BK45 Flavor List:<\/strong><\/h2>\n<ol data-start=\"1981\" data-end=\"2529\">\n<li class=\"\" data-start=\"1981\" data-end=\"2023\">\n<p class=\"\" data-start=\"1984\" data-end=\"2023\">Watermelon \/ Red Bull \/ Strawberry Kiwi<\/p>\n<\/li>\n<li class=\"\" data-start=\"2024\" data-end=\"2077\">\n<p class=\"\" data-start=\"2027\" data-end=\"2077\">Lemon Lime \/ Strawberry Watermelon \/ Blueberry Ice<\/p>\n<\/li>\n<li class=\"\" data-start=\"2078\" data-end=\"2134\">\n<p class=\"\" data-start=\"2081\" data-end=\"2134\">Strawberry Banana \/ Raspberry Watermelon \/ Lemon Lime<\/p>\n<\/li>\n<li class=\"\" data-start=\"2135\" data-end=\"2187\">\n<p class=\"\" data-start=\"2138\" data-end=\"2187\">Strawberry Kiwi \/ Sour Mango Pineapple \/ Red Bull<\/p>\n<\/li>\n<li class=\"\" data-start=\"2188\" data-end=\"2243\">\n<p class=\"\" data-start=\"2191\" data-end=\"2243\">Tropical Fruit \/ Strawberry Watermelon \/ Lemon Peach<\/p>\n<\/li>\n<li class=\"\" data-start=\"2244\" data-end=\"2296\">\n<p class=\"\" data-start=\"2247\" data-end=\"2296\">Pineapple Coconut \/ Strawberry Banana \/ Blue Razz<\/p>\n<\/li>\n<li class=\"\" data-start=\"2297\" data-end=\"2358\">\n<p class=\"\" data-start=\"2300\" data-end=\"2358\">Strawberry Raspberry \/ Triple Melon \/ Sour Mango Pineapple<\/p>\n<\/li>\n<li class=\"\" data-start=\"2359\" data-end=\"2414\">\n<p class=\"\" data-start=\"2362\" data-end=\"2414\">Raspberry Watermelon \/ Mango Peach \/ Strawberry Kiwi<\/p>\n<\/li>\n<li class=\"\" data-start=\"2415\" data-end=\"2476\">\n<p class=\"\" data-start=\"2418\" data-end=\"2476\">Strawberry Vanilla Coke \/ Blueberry Raspberry \/ Lemon Lime<\/p>\n<\/li>\n<li class=\"\" data-start=\"2477\" data-end=\"2529\">\n<p class=\"\" data-start=\"2481\" data-end=\"2529\">Watermelon \/ Strawberry Ice Cream \/ Triple Melon<\/p>\n<\/li>\n<\/ol>\n<p class=\"\" data-start=\"2531\" data-end=\"2867\">With its advanced mesh coil technology and a variety of delicious e-liquid flavors, the <strong data-start=\"2619\" data-end=\"2649\">BANG KING 45000 PUFFS BK45<\/strong> offers an ultra-satisfying, long-lasting vape experience for both casual and professional vapers. Whether you&#8217;re a beginner or an experienced vaper, the <strong data-start=\"2803\" data-end=\"2816\">BANG KING<\/strong> is a great choice to elevate your vaping sessions.<\/p>\n<h2 data-start=\"2531\" data-end=\"2867\">\t\t\t<link rel=\"stylesheet\" id=\"elementor-post-32801-css\" href=\"https:\/\/euvapz.com\/wp-content\/uploads\/elementor\/css\/post-32801.css?ver=1775506409\" type=\"text\/css\" media=\"all\">\n\t\t\t\t\t<div data-elementor-type=\"wp-post\" data-elementor-id=\"32801\" class=\"elementor elementor-32801\" data-elementor-post-type=\"cms_block\">\n\t\t\t\t<div class=\"wd-negative-gap elementor-element elementor-element-311ef4d e-flex e-con-boxed e-con e-parent\" data-id=\"311ef4d\" data-element_type=\"container\">\n\t\t\t\t\t<div class=\"e-con-inner\">\n\t\t\t\t<div class=\"elementor-element elementor-element-354d55bb color-scheme-inherit text-left elementor-widget elementor-widget-text-editor\" data-id=\"354d55bb\" data-element_type=\"widget\" data-widget_type=\"text-editor.default\">\n\t\t\t\t<div class=\"elementor-widget-container\">\n\t\t\t\t\t\t\t\t\t&nbsp;\n\n<script src=\"chrome-extension:\/\/fpelahbljekknahkcaegamhcndkfpfnc\/iFrame.js\" type=\"text\/javascript\"><\/script>\t\t\t\t\t\t\t\t<\/div>\n\t\t\t\t<\/div>\n\t\t\t\t\t<\/div>\n\t\t\t\t<\/div>\n\t\t<div class=\"wd-negative-gap elementor-element elementor-element-2f4b93b0 e-flex e-con-boxed e-con e-parent\" data-id=\"2f4b93b0\" data-element_type=\"container\">\n\t\t\t\t\t<div class=\"e-con-inner\">\n\t\t\t\t\t<\/div>\n\t\t\t\t<\/div>\n\t\t<div class=\"wd-negative-gap elementor-element elementor-element-200eec29 e-flex e-con-boxed e-con e-parent\" data-id=\"200eec29\" data-element_type=\"container\">\n\t\t\t\t\t<div class=\"e-con-inner\">\n\t\t\t\t<div class=\"elementor-element elementor-element-19faf1ba color-scheme-inherit text-left elementor-widget elementor-widget-text-editor\" data-id=\"19faf1ba\" data-element_type=\"widget\" data-widget_type=\"text-editor.default\">\n\t\t\t\t<div class=\"elementor-widget-container\">\n\t\t\t\t\t\t\t\t\t<h2><em><strong>FAQS<\/strong><\/em><\/h2><ul><li><h2><em><strong>Quelles sont les m\u00e9thodes d'exp\u00e9dition utilis\u00e9es ?<\/strong><\/em><\/h2><\/li><li><h2><em><strong><span style=\"color: #333333; font-size: 16px;\">Nous travaillons en partenariat avec des transporteurs fiables tels que UPS, DHL, FedEx et DPD. En fonction du pays de destination, nous s\u00e9lectionnerons la meilleure m\u00e9thode d'exp\u00e9dition pour garantir une livraison rapide et s\u00fbre de vos produits.<\/span><\/strong><\/em><\/h2><\/li><\/ul><ul><li><h2><em><strong>Quel est le d\u00e9lai de livraison de ma commande ?<\/strong><\/em><\/h2><\/li><\/ul><p data-start=\"340\" data-end=\"490\"><em><strong>\u00a0 \u00a0 \u00a0 En r\u00e8gle g\u00e9n\u00e9rale, le d\u00e9lai de livraison est de 7 \u00e0 15 jours ouvrables. Toutefois, en p\u00e9riode de vacances ou de mauvaises conditions m\u00e9t\u00e9orologiques, ce d\u00e9lai peut atteindre 20 jours ouvrables.<\/strong><\/em><\/p><ul><li data-start=\"492\" data-end=\"539\"><h2><em><strong>Ma commande sera-t-elle d\u00e9douan\u00e9e sans probl\u00e8me ?<\/strong><\/em><\/h2><\/li><li data-start=\"492\" data-end=\"539\"><h2><em><strong><span style=\"color: #333333; font-size: 16px;\">Nous nous occupons de tous les d\u00e9douanements pour vous, ce qui garantit une livraison sans probl\u00e8me et sans taxes ou frais suppl\u00e9mentaires. Nous garantissons que 100% de nos envois seront d\u00e9douan\u00e9s sans probl\u00e8me.<\/span><\/strong><\/em><\/h2><\/li><\/ul><ul><li data-start=\"718\" data-end=\"747\"><h2><em><strong>Puis-je faire confiance \u00e0 votre service ?<\/strong><\/em><\/h2><\/li><li data-start=\"718\" data-end=\"747\"><h2><em><strong><span style=\"color: #333333; font-size: 16px;\">Absolument ! Nous acceptons PayPal pour les paiements s\u00e9curis\u00e9s, et votre achat est prot\u00e9g\u00e9 par la protection des acheteurs de PayPal. Vous pouvez \u00e9galement consulter nos \u00e9valuations TrustPilot pour voir ce que d'autres clients disent de nous.<\/span><\/strong><\/em><\/h2><\/li><\/ul>\t\t\t\t\t\t\t\t<\/div>\n\t\t\t\t<\/div>\n\t\t\t\t\t<\/div>\n\t\t\t\t<\/div>\n\t\t<div class=\"wd-negative-gap elementor-element elementor-element-d4517fd e-flex e-con-boxed e-con e-parent\" data-id=\"d4517fd\" data-element_type=\"container\">\n\t\t\t\t\t<div class=\"e-con-inner\">\n\t\t\t\t<div class=\"elementor-element elementor-element-11cb93e5 elementor-widget elementor-widget-wd_button\" data-id=\"11cb93e5\" data-element_type=\"widget\" data-widget_type=\"wd_button.default\">\n\t\t\t\t<div class=\"elementor-widget-container\">\n\t\t\t\t\t\t\t<div class=\"wd-button-wrapper text-left\" >\n\t\t\t<a class=\"btn btn-style-link btn-style- btn-size-extra-large btn-scheme-inherit btn-scheme-hover-custom btn-icon-pos-right\"  href=\"https:\/\/euvapz.com\/fr\/faqs\/\">\n\t\t\t\t<span class=\"wd-btn-text\" data-elementor-setting-key=\"text\">\n\t\t\t\t\tCliquez ici pour plus d'informations sur les FAQ.\t\t\t\t<\/span>\n\n\t\t\t\t\t\t\t<\/a>\n\t\t<\/div>\n\t\t\t\t\t\t<\/div>\n\t\t\t\t<\/div>\n\t\t\t\t\t<\/div>\n\t\t\t\t<\/div>\n\t\t\t\t<\/div>\n\t\t<\/h2>","protected":false},"excerpt":{"rendered":"<p>Le <strong data-start=\"7\" data-end=\"37\">BANG KING 45000 PUFFS BK45<\/strong> Disposable Vape offers up to 45,000 puffs, a 650mAh rechargeable battery, and 10 exciting flavors like <strong data-start=\"141\" data-end=\"164\">Watermelon Red Bull<\/strong> et <strong data-start=\"169\" data-end=\"188\">Fraise Kiwi<\/strong>, with nicotine strengths of 0%, 2%, 3%, and 5%.<\/p>","protected":false},"featured_media":29989,"comment_status":"open","ping_status":"closed","template":"","meta":[],"product_brand":[78],"product_cat":[77],"product_tag":[],"class_list":{"0":"post-29983","1":"product","2":"type-product","3":"status-publish","4":"has-post-thumbnail","6":"product_brand-bang-disposable-vape","7":"product_cat-bang-disposable-vape","9":"first","10":"instock","11":"shipping-taxable","12":"purchasable","13":"product-type-variable"},"_links":{"self":[{"href":"https:\/\/euvapz.com\/fr\/wp-json\/wp\/v2\/product\/29983","targetHints":{"allow":["GET"]}}],"collection":[{"href":"https:\/\/euvapz.com\/fr\/wp-json\/wp\/v2\/product"}],"about":[{"href":"https:\/\/euvapz.com\/fr\/wp-json\/wp\/v2\/types\/product"}],"replies":[{"embeddable":true,"href":"https:\/\/euvapz.com\/fr\/wp-json\/wp\/v2\/comments?post=29983"}],"version-history":[{"count":4,"href":"https:\/\/euvapz.com\/fr\/wp-json\/wp\/v2\/product\/29983\/revisions"}],"predecessor-version":[{"id":32860,"href":"https:\/\/euvapz.com\/fr\/wp-json\/wp\/v2\/product\/29983\/revisions\/32860"}],"wp:featuredmedia":[{"embeddable":true,"href":"https:\/\/euvapz.com\/fr\/wp-json\/wp\/v2\/media\/29989"}],"wp:attachment":[{"href":"https:\/\/euvapz.com\/fr\/wp-json\/wp\/v2\/media?parent=29983"}],"wp:term":[{"taxonomy":"product_brand","embeddable":true,"href":"https:\/\/euvapz.com\/fr\/wp-json\/wp\/v2\/product_brand?post=29983"},{"taxonomy":"product_cat","embeddable":true,"href":"https:\/\/euvapz.com\/fr\/wp-json\/wp\/v2\/product_cat?post=29983"},{"taxonomy":"product_tag","embeddable":true,"href":"https:\/\/euvapz.com\/fr\/wp-json\/wp\/v2\/product_tag?post=29983"}],"curies":[{"name":"wp","href":"https:\/\/api.w.org\/{rel}","templated":true}]}}