{"id":36033,"date":"2025-05-27T02:37:46","date_gmt":"2025-05-27T02:37:46","guid":{"rendered":"https:\/\/euvapz.com\/?post_type=product&#038;p=36033"},"modified":"2025-05-27T02:37:47","modified_gmt":"2025-05-27T02:37:47","slug":"crystal-mary-groove-50000-puffs-smart-powerful-unmatched","status":"publish","type":"product","link":"https:\/\/euvapz.com\/fr\/produit\/crystal-mary-groove-50000-puffs-smart-powerful-unmatched\/","title":{"rendered":"CRYSTAL MARY Groove 50000 PUFFS Intelligent Puissant In\u00e9gal\u00e9"},"content":{"rendered":"<h2 data-start=\"130\" data-end=\"150\"><strong data-start=\"134\" data-end=\"150\">CRYSTAL MARY Groove 50000 PUFFS Introduction<\/strong><\/h2>\n<p data-start=\"152\" data-end=\"578\">Entrez dans l'avenir du vaping jetable avec le <strong data-start=\"203\" data-end=\"238\">CRYSTAL MARY Groove 50000 PUFFS Vape jetable\u00a0<\/strong>Ce vaporisateur de grande capacit\u00e9 et aux fonctions intelligentes a \u00e9t\u00e9 con\u00e7u pour la saveur, la performance et le contr\u00f4le. Con\u00e7u avec des caract\u00e9ristiques haut de gamme et une long\u00e9vit\u00e9 in\u00e9gal\u00e9e, cet appareil change v\u00e9ritablement la donne pour les vapoteurs chevronn\u00e9s comme pour les nouveaux venus. Que vous soyez \u00e0 la recherche de nuages ou de saveurs pures, le Groove 50K vous offre une exp\u00e9rience douce et personnalisable \u00e0 chaque bouff\u00e9e.<\/p>\n<p data-start=\"580\" data-end=\"882\">Il ne s'agit pas d'un simple produit jetable - c'est un <strong data-start=\"624\" data-end=\"665\">r\u00e9volution dans la commodit\u00e9 et le contr\u00f4le<\/strong>La nouvelle g\u00e9n\u00e9ration d'ampoules \u00e0 vapeur se pr\u00e9sente sous la forme d'un appareil compact et \u00e9l\u00e9gant, dot\u00e9 d'une technologie de pointe. De l'\u00e9cran tactile intelligent au d\u00e9bit d'air r\u00e9glable en passant par les bobines \u00e0 double maille, <strong data-start=\"817\" data-end=\"844\">CRYSTAL MARY Groove 50K Vape jetable\u00a0<\/strong> est con\u00e7u pour impressionner, bouff\u00e9e apr\u00e8s bouff\u00e9e.<\/p>\n<hr data-start=\"884\" data-end=\"887\" \/>\n<h2 data-start=\"889\" data-end=\"905\"><strong data-start=\"893\" data-end=\"905\">CRYSTAL MARY Groove 50000 PUFFS Caract\u00e9ristiques<\/strong><\/h2>\n<ul data-start=\"907\" data-end=\"2144\">\n<li data-start=\"907\" data-end=\"1152\">\n<p data-start=\"909\" data-end=\"1152\"><strong data-start=\"909\" data-end=\"946\">Nombre massif de bouff\u00e9es - 50 000 bouff\u00e9es<\/strong><br data-start=\"946\" data-end=\"949\" \/>Le <strong data-start=\"955\" data-end=\"990\">CRYSTAL MARY Groove 50000 PUFFS Vape jetable\u00a0<\/strong> fournit jusqu'\u00e0 <strong data-start=\"1006\" data-end=\"1019\">50K puffs<\/strong>Le nombre de bouff\u00e9es est l'un des plus \u00e9lev\u00e9s sur le march\u00e9 aujourd'hui. Longue dur\u00e9e et id\u00e9al pour les gros consommateurs ou ceux qui appr\u00e9cient la commodit\u00e9.<\/p>\n<\/li>\n<li data-start=\"1154\" data-end=\"1425\">\n<p data-start=\"1156\" data-end=\"1425\"><strong data-start=\"1156\" data-end=\"1200\">\u00c9cran tactile intelligent avec NIC et contr\u00f4le ICE<\/strong><br data-start=\"1200\" data-end=\"1203\" \/>Prenez le contr\u00f4le de votre vape gr\u00e2ce \u00e0 un <strong data-start=\"1247\" data-end=\"1268\">\u00e9cran tactile intelligent<\/strong> qui permet d'ajuster en temps r\u00e9el les <strong data-start=\"1305\" data-end=\"1317\">nicotine<\/strong> et <strong data-start=\"1322\" data-end=\"1336\">niveaux de glace<\/strong>. Adaptez chaque bouff\u00e9e \u00e0 vos pr\u00e9f\u00e9rences exactes - que vous l'aimiez audacieuse, fra\u00eeche ou moelleuse.<\/p>\n<\/li>\n<li data-start=\"1427\" data-end=\"1641\">\n<p data-start=\"1429\" data-end=\"1641\"><strong data-start=\"1429\" data-end=\"1461\">Bobine Dual Mesh - 0.6\u03a9 + 1.5\u03a9<\/strong><br data-start=\"1461\" data-end=\"1464\" \/>Le <strong data-start=\"1470\" data-end=\"1495\">syst\u00e8me de bobine \u00e0 double maille<\/strong> assure un chauffage uniforme, une saveur am\u00e9lior\u00e9e et des nuages plus doux. Que vous soyez un adepte des ar\u00f4mes ou des nuages, cette configuration de bobine est \u00e0 la hauteur.<\/p>\n<\/li>\n<li data-start=\"1643\" data-end=\"1788\">\n<p data-start=\"1645\" data-end=\"1788\"><strong data-start=\"1645\" data-end=\"1674\">Syst\u00e8me de d\u00e9bit d'air r\u00e9glable<\/strong><br data-start=\"1674\" data-end=\"1677\" \/>Personnalisez votre r\u00e9sistance \u00e0 l'aspiration pour une exp\u00e9rience bouche-\u00e0-poumon plus serr\u00e9e ou une aspiration directe plus l\u00e2che et plus a\u00e9r\u00e9e.<\/p>\n<\/li>\n<li data-start=\"1790\" data-end=\"1983\">\n<p data-start=\"1792\" data-end=\"1983\"><strong data-start=\"1792\" data-end=\"1834\">Rechargeable avec charge rapide de type C<\/strong><br data-start=\"1834\" data-end=\"1837\" \/>\u00c9quip\u00e9 d'un <strong data-start=\"1855\" data-end=\"1866\">1000mAh<\/strong> batterie rechargeable et <strong data-start=\"1892\" data-end=\"1902\">Type-C<\/strong> vous b\u00e9n\u00e9ficiez de performances ininterrompues et de temps de recharge rapides.<\/p>\n<\/li>\n<li data-start=\"1985\" data-end=\"2144\">\n<p data-start=\"1987\" data-end=\"2144\"><strong data-start=\"1987\" data-end=\"2023\">Conception compacte et facile \u00e0 transporter<\/strong><br data-start=\"2023\" data-end=\"2026\" \/>\u00c0 peine <strong data-start=\"2036\" data-end=\"2062\">51,1 x 21,5 x 106,96 mm<\/strong> et le pesage <strong data-start=\"2076\" data-end=\"2084\">130g<\/strong>Il est ultra-portable sans sacrifier la puissance ou les fonctionnalit\u00e9s.<\/p>\n<\/li>\n<\/ul>\n<hr data-start=\"2146\" data-end=\"2149\" \/>\n<h2 data-start=\"2151\" data-end=\"2176\"><strong data-start=\"2155\" data-end=\"2176\">CRYSTAL MARY Groove 50000 PUFFS Saveurs disponibles<\/strong><\/h2>\n<p data-start=\"2178\" data-end=\"2347\">D\u00e9couvrez une gamme dynamique de saveurs con\u00e7ues pour satisfaire tous les palais. Que vous pr\u00e9f\u00e9riez les profils fruit\u00e9s, menthol\u00e9s, acides ou inspir\u00e9s des bonbons, il y a un parfum pour chaque humeur.<\/p>\n<ol data-start=\"2349\" data-end=\"3060\">\n<li data-start=\"2349\" data-end=\"2429\">\n<p data-start=\"2352\" data-end=\"2429\"><strong data-start=\"2352\" data-end=\"2369\">Glace Blue Razz<\/strong> - Une explosion de framboises bleues juteuses avec une finale rafra\u00eechissante.<\/p>\n<\/li>\n<li data-start=\"2430\" data-end=\"2489\">\n<p data-start=\"2433\" data-end=\"2489\"><strong data-start=\"2433\" data-end=\"2447\">Monnaie de Miami<\/strong> - Frais, croustillant et rafra\u00eechissant.<\/p>\n<\/li>\n<li data-start=\"2490\" data-end=\"2550\">\n<p data-start=\"2493\" data-end=\"2550\"><strong data-start=\"2493\" data-end=\"2511\">Glace \u00e0 la past\u00e8que<\/strong> - Douceur estivale avec une pointe de fra\u00eecheur.<\/p>\n<\/li>\n<li data-start=\"2551\" data-end=\"2625\">\n<p data-start=\"2554\" data-end=\"2625\"><strong data-start=\"2554\" data-end=\"2574\">B-Pop aux fraises<\/strong> - Une saveur de baies \u00e9clatante avec une touche de douceur.<\/p>\n<\/li>\n<li data-start=\"2626\" data-end=\"2690\">\n<p data-start=\"2629\" data-end=\"2690\"><strong data-start=\"2629\" data-end=\"2647\">Glace \u00e0 la pomme acide<\/strong> - La pomme verte acidul\u00e9e rencontre des notes glac\u00e9es.<\/p>\n<\/li>\n<li data-start=\"2691\" data-end=\"2755\">\n<p data-start=\"2694\" data-end=\"2755\"><strong data-start=\"2694\" data-end=\"2718\">Mangue acide Ananas<\/strong> - Une touche tropicale avec une pointe d'acidit\u00e9.<\/p>\n<\/li>\n<li data-start=\"2756\" data-end=\"2811\">\n<p data-start=\"2759\" data-end=\"2811\"><strong data-start=\"2759\" data-end=\"2774\">T\u00eates de citron<\/strong> - Un zeste d'agrumes qui fait mouche.<\/p>\n<\/li>\n<li data-start=\"2812\" data-end=\"2887\">\n<p data-start=\"2815\" data-end=\"2887\"><strong data-start=\"2815\" data-end=\"2838\">Banana Taffy Freeze<\/strong> - Banane cr\u00e9meuse avec une finale nostalgique de bonbon.<\/p>\n<\/li>\n<li data-start=\"2888\" data-end=\"2983\">\n<p data-start=\"2891\" data-end=\"2983\"><strong data-start=\"2891\" data-end=\"2901\">Sour F<\/strong>*ing Fab** - Audacieux, piquant et r\u00e9solument acide (pour les amateurs de saveurs extr\u00eames).<\/p>\n<\/li>\n<li data-start=\"2984\" data-end=\"3060\">\n<p data-start=\"2988\" data-end=\"3060\"><strong data-start=\"2988\" data-end=\"3017\">Rafra\u00eechissement \u00e0 la fraise et au kiwi<\/strong> - Une fusion fruit\u00e9e de vibrations estivales classiques.<\/p>\n<\/li>\n<\/ol>\n<hr data-start=\"3062\" data-end=\"3065\" \/>\n<h2 data-start=\"3067\" data-end=\"3100\"><strong data-start=\"3071\" data-end=\"3100\">FAQ - Retours et \u00e9changes<\/strong><\/h2>\n<p data-start=\"3102\" data-end=\"3443\"><strong data-start=\"3102\" data-end=\"3185\">Q : Quelle est la politique de retour et d'\u00e9change pour CRYSTAL MARY Groove 50000 PUFFS ?<\/strong><br data-start=\"3185\" data-end=\"3188\" \/>Nous nous engageons \u00e0 satisfaire nos clients et \u00e0 garantir la qualit\u00e9 de nos produits. <strong data-start=\"3266\" data-end=\"3293\">CRYSTAL MARY Groove 50K<\/strong>. Si votre produit arrive d\u00e9fectueux, endommag\u00e9 ou ne correspond pas du tout \u00e0 la description, vous pouvez demander un remboursement. <strong data-start=\"3392\" data-end=\"3428\">retour ou \u00e9change dans les 7 jours<\/strong> de livraison.<\/p>\n<ul data-start=\"3444\" data-end=\"3731\">\n<li data-start=\"3444\" data-end=\"3503\">\n<p data-start=\"3446\" data-end=\"3503\">Les articles doivent \u00eatre <strong data-start=\"3460\" data-end=\"3470\">inutilis\u00e9<\/strong> et en <strong data-start=\"3478\" data-end=\"3500\">l'emballage d'origine<\/strong>.<\/p>\n<\/li>\n<li data-start=\"3504\" data-end=\"3634\">\n<p data-start=\"3506\" data-end=\"3634\">Pour effectuer un retour ou un \u00e9change, veuillez <strong data-start=\"3547\" data-end=\"3584\">contacter notre service client\u00e8le<\/strong> avec votre num\u00e9ro de commande et des photos du probl\u00e8me.<\/p>\n<\/li>\n<li data-start=\"3635\" data-end=\"3731\">\n<p data-start=\"3637\" data-end=\"3731\">Une fois la demande approuv\u00e9e, nous organisons un <strong data-start=\"3670\" data-end=\"3700\">remplacement ou remboursement int\u00e9gral<\/strong>selon votre pr\u00e9f\u00e9rence.<\/p>\n<\/li>\n<\/ul>\n<p data-start=\"3733\" data-end=\"3822\"><em data-start=\"3733\" data-end=\"3822\">Remarque : pour des raisons d'hygi\u00e8ne et de s\u00e9curit\u00e9, nous n'acceptons pas les retours d'articles usag\u00e9s.<\/em><\/p>","protected":false},"excerpt":{"rendered":"<p>Jusqu'\u00e0 50 000 bouff\u00e9es d'air avec <strong>CRYSTAL MARY Groove 50000 PUFFS<\/strong> <strong>Vape \u00e0 usage unique<\/strong> - avec des bobines doubles, un flux d'air r\u00e9glable et un \u00e9cran tactile intelligent pour un contr\u00f4le total de la nicotine et de la glace.<\/p>","protected":false},"featured_media":36140,"comment_status":"open","ping_status":"closed","template":"","meta":[],"product_brand":[],"product_cat":[207],"product_tag":[],"class_list":{"0":"post-36033","1":"product","2":"type-product","3":"status-publish","4":"has-post-thumbnail","6":"product_cat-crystal-disposable-vape","8":"first","9":"instock","10":"shipping-taxable","11":"purchasable","12":"product-type-variable"},"_links":{"self":[{"href":"https:\/\/euvapz.com\/fr\/wp-json\/wp\/v2\/product\/36033","targetHints":{"allow":["GET"]}}],"collection":[{"href":"https:\/\/euvapz.com\/fr\/wp-json\/wp\/v2\/product"}],"about":[{"href":"https:\/\/euvapz.com\/fr\/wp-json\/wp\/v2\/types\/product"}],"replies":[{"embeddable":true,"href":"https:\/\/euvapz.com\/fr\/wp-json\/wp\/v2\/comments?post=36033"}],"version-history":[{"count":2,"href":"https:\/\/euvapz.com\/fr\/wp-json\/wp\/v2\/product\/36033\/revisions"}],"predecessor-version":[{"id":36144,"href":"https:\/\/euvapz.com\/fr\/wp-json\/wp\/v2\/product\/36033\/revisions\/36144"}],"wp:featuredmedia":[{"embeddable":true,"href":"https:\/\/euvapz.com\/fr\/wp-json\/wp\/v2\/media\/36140"}],"wp:attachment":[{"href":"https:\/\/euvapz.com\/fr\/wp-json\/wp\/v2\/media?parent=36033"}],"wp:term":[{"taxonomy":"product_brand","embeddable":true,"href":"https:\/\/euvapz.com\/fr\/wp-json\/wp\/v2\/product_brand?post=36033"},{"taxonomy":"product_cat","embeddable":true,"href":"https:\/\/euvapz.com\/fr\/wp-json\/wp\/v2\/product_cat?post=36033"},{"taxonomy":"product_tag","embeddable":true,"href":"https:\/\/euvapz.com\/fr\/wp-json\/wp\/v2\/product_tag?post=36033"}],"curies":[{"name":"wp","href":"https:\/\/api.w.org\/{rel}","templated":true}]}}