{"id":36145,"date":"2025-05-27T03:26:36","date_gmt":"2025-05-27T03:26:36","guid":{"rendered":"https:\/\/euvapz.com\/?post_type=product&#038;p=36145"},"modified":"2025-06-01T07:56:11","modified_gmt":"2025-06-01T07:56:11","slug":"crystal-mary-pulsex-20mg-20000-bouffees-long-lasting-smart-powerful","status":"publish","type":"product","link":"https:\/\/euvapz.com\/fr\/produit\/crystal-mary-pulsex-20mg-20000-bouffees-long-lasting-smart-powerful\/","title":{"rendered":"CRYSTAL MARY PulseX 20mg 20000 PUFFS Long-Lasting Smart Powerful"},"content":{"rendered":"<h2 data-start=\"323\" data-end=\"343\"><strong data-start=\"327\" data-end=\"343\">CRYSTAL MARY PulseX 20mg 20000 PUFFS Introduction<\/strong><\/h2>\n<p data-start=\"345\" data-end=\"615\">D\u00e9couvrez la prochaine \u00e9volution du vaping jetable haute performance - le <strong data-start=\"413\" data-end=\"469\">CRYSTAL MARY PulseX 20mg 20000 PUFFS Vape jetable<\/strong>. Con\u00e7u pour \u00eatre \u00e0 la fois puissant et pr\u00e9cis, cet appareil compact mais avanc\u00e9 est dot\u00e9 de nombreuses fonctionnalit\u00e9s pour offrir une exp\u00e9rience intens\u00e9ment satisfaisante.<\/p>\n<p data-start=\"617\" data-end=\"1095\">\u00c9quip\u00e9 de deux modes intelligents, <strong data-start=\"649\" data-end=\"659\">PulseX<\/strong> offre jusqu'\u00e0 <strong data-start=\"673\" data-end=\"705\">30 000 bouff\u00e9es en mode normal<\/strong> et <strong data-start=\"710\" data-end=\"740\">20 000 bouff\u00e9es en mode Ultra<\/strong>et s'adapte parfaitement \u00e0 votre style. Le syst\u00e8me de <strong data-start=\"789\" data-end=\"801\">Puce VPU<\/strong> garantit des performances constantes, tandis que <strong data-start=\"840\" data-end=\"859\">bobines \u00e0 double maille<\/strong> offrent une saveur pure et cors\u00e9e du d\u00e9but \u00e0 la fin. Que vous soyez un chasseur de saveurs, un amateur de nuages ou un utilisateur occasionnel, le <strong data-start=\"985\" data-end=\"1041\">CRYSTAL MARY PulseX 20mg 20000 PUFFS Vape jetable<\/strong> est votre solution pour une satisfaction durable.<\/p>\n<hr data-start=\"1097\" data-end=\"1100\" \/>\n<h2 data-start=\"1102\" data-end=\"1118\"><strong data-start=\"1106\" data-end=\"1118\">CRYSTAL MARY PulseX 20mg 20000 PUFFS Caract\u00e9ristiques<\/strong><\/h2>\n<ul data-start=\"1120\" data-end=\"2055\">\n<li data-start=\"1120\" data-end=\"1274\">\n<p data-start=\"1122\" data-end=\"1274\"><strong data-start=\"1122\" data-end=\"1151\">Deux modes, une puissance<\/strong><br data-start=\"1151\" data-end=\"1154\" \/>Choisissez entre <strong data-start=\"1171\" data-end=\"1200\">Mode Ultra (20 000 bouff\u00e9es)<\/strong> pour des sessions intenses ou <strong data-start=\"1225\" data-end=\"1256\">Mode normal (30 000 bouff\u00e9es)<\/strong> pour une utilisation prolong\u00e9e.<\/p>\n<\/li>\n<li data-start=\"1276\" data-end=\"1432\">\n<p data-start=\"1278\" data-end=\"1432\"><strong data-start=\"1278\" data-end=\"1306\">18ml E-liquide pr\u00e9-rempli<\/strong><br data-start=\"1306\" data-end=\"1309\" \/>G\u00e9n\u00e9reusement rempli de 18ml d'e-liquide de haute qualit\u00e9, fournissant une vapeur riche et savoureuse tout au long du cycle de vie de l'appareil.<\/p>\n<\/li>\n<li data-start=\"1434\" data-end=\"1595\">\n<p data-start=\"1436\" data-end=\"1595\"><strong data-start=\"1436\" data-end=\"1477\">Bobine Dual Mesh avanc\u00e9e (0.4\u03a9 + 0.8\u03a9)<\/strong><br data-start=\"1477\" data-end=\"1480\" \/>Profitez de tirages plus fluides, d'une chauffe plus rapide et d'une meilleure diffusion des ar\u00f4mes gr\u00e2ce \u00e0 une technologie de pointe. <strong data-start=\"1570\" data-end=\"1594\">technologie \u00e0 double maille<\/strong>.<\/p>\n<\/li>\n<li data-start=\"1597\" data-end=\"1714\">\n<p data-start=\"1599\" data-end=\"1714\"><strong data-start=\"1599\" data-end=\"1613\">VPU Inside<\/strong><br data-start=\"1613\" data-end=\"1616\" \/>La puce VPU intelligente garantit <strong data-start=\"1641\" data-end=\"1663\">performance stable<\/strong>Il en r\u00e9sulte une utilisation efficace de l'\u00e9nergie et un d\u00e9bit de vapeur plus r\u00e9gulier.<\/p>\n<\/li>\n<li data-start=\"1716\" data-end=\"1914\">\n<p data-start=\"1718\" data-end=\"1914\"><strong data-start=\"1718\" data-end=\"1742\">Compact et puissant<\/strong><br data-start=\"1742\" data-end=\"1745\" \/>Avec un format de poche de <strong data-start=\"1778\" data-end=\"1802\">57,5 x 91,8 x 28,8 mm<\/strong> et le poids de seulement <strong data-start=\"1822\" data-end=\"1830\">105g<\/strong>Il est con\u00e7u pour \u00eatre facilement transportable sans sacrifier la capacit\u00e9 de la batterie ou du liquide.<\/p>\n<\/li>\n<li data-start=\"1916\" data-end=\"2055\">\n<p data-start=\"1918\" data-end=\"2055\"><strong data-start=\"1918\" data-end=\"1942\">Chargement rapide de type C<\/strong><br data-start=\"1942\" data-end=\"1945\" \/>Rechargez rapidement avec <strong data-start=\"1969\" data-end=\"1979\">Type-C<\/strong> soutien et d'une <strong data-start=\"1995\" data-end=\"2013\">Batterie de 820mAh<\/strong> - efficace et fiable pour une utilisation tout au long de la journ\u00e9e.<\/p>\n<\/li>\n<\/ul>\n<hr data-start=\"2057\" data-end=\"2060\" \/>\n<h2 data-start=\"2062\" data-end=\"2077\"><strong data-start=\"2066\" data-end=\"2077\">CRYSTAL MARY PulseX 20mg 20000 PUFFS Flavors<\/strong><\/h2>\n<p data-start=\"2079\" data-end=\"2209\">Une vari\u00e9t\u00e9 audacieuse de saveurs con\u00e7ues pour satisfaire toutes les envies. Du piquant au sucr\u00e9, du glac\u00e9 au tropical, il y en a pour tous les go\u00fbts :<\/p>\n<ol data-start=\"2211\" data-end=\"2891\">\n<li data-start=\"2211\" data-end=\"2282\">\n<p data-start=\"2214\" data-end=\"2282\"><strong data-start=\"2214\" data-end=\"2242\">Myrtille framboise acidul\u00e9e<\/strong> - Baies acidul\u00e9es et sucr\u00e9es avec du piquant.<\/p>\n<\/li>\n<li data-start=\"2283\" data-end=\"2356\">\n<p data-start=\"2286\" data-end=\"2356\"><strong data-start=\"2286\" data-end=\"2305\">Fraise Kiwi<\/strong> - Une fusion fruit\u00e9e classique avec une touche de fra\u00eecheur.<\/p>\n<\/li>\n<li data-start=\"2357\" data-end=\"2426\">\n<p data-start=\"2360\" data-end=\"2426\"><strong data-start=\"2360\" data-end=\"2377\">Glace \u00e0 l'ananas<\/strong> - Ananas tropical juteux avec une finale fra\u00eeche.<\/p>\n<\/li>\n<li data-start=\"2427\" data-end=\"2504\">\n<p data-start=\"2430\" data-end=\"2504\"><strong data-start=\"2430\" data-end=\"2459\">Myrtille Framboise Citron<\/strong> - Une combinaison aigre-douce pleine de nuances.<\/p>\n<\/li>\n<li data-start=\"2505\" data-end=\"2570\">\n<p data-start=\"2508\" data-end=\"2570\"><strong data-start=\"2508\" data-end=\"2526\">Glace \u00e0 la past\u00e8que<\/strong> - Melon croquant et juteux avec des nuances glac\u00e9es.<\/p>\n<\/li>\n<li data-start=\"2571\" data-end=\"2642\">\n<p data-start=\"2574\" data-end=\"2642\"><strong data-start=\"2574\" data-end=\"2596\">Kiwi Passion Goyave<\/strong> - Exotique, aromatique et parfaitement \u00e9quilibr\u00e9.<\/p>\n<\/li>\n<li data-start=\"2643\" data-end=\"2696\">\n<p data-start=\"2646\" data-end=\"2696\"><strong data-start=\"2646\" data-end=\"2659\">Glace \u00e0 la p\u00eache<\/strong> - La p\u00eache m\u00fbre rencontre le menthol doux.<\/p>\n<\/li>\n<li data-start=\"2697\" data-end=\"2772\">\n<p data-start=\"2700\" data-end=\"2772\"><strong data-start=\"2700\" data-end=\"2717\">Glace Blue Razz<\/strong> - Framboise bleue sucr\u00e9e et acidul\u00e9e avec une pointe de givre.<\/p>\n<\/li>\n<li data-start=\"2773\" data-end=\"2831\">\n<p data-start=\"2776\" data-end=\"2831\"><strong data-start=\"2776\" data-end=\"2788\">Skittles<\/strong> - Un m\u00e9lange ludique de saveurs fruit\u00e9es et sucr\u00e9es.<\/p>\n<\/li>\n<li data-start=\"2832\" data-end=\"2891\">\n<p data-start=\"2836\" data-end=\"2891\"><strong data-start=\"2836\" data-end=\"2850\">Banane glac\u00e9e<\/strong> - Banane cr\u00e9meuse et rafra\u00eechissante.<\/p>\n<\/li>\n<\/ol>\n<hr data-start=\"2893\" data-end=\"2896\" \/>\n<h2 data-start=\"2898\" data-end=\"2924\"><strong data-start=\"2902\" data-end=\"2924\">Exp\u00e9dition et retours<\/strong><\/h2>\n<p data-start=\"2926\" data-end=\"2952\"><strong data-start=\"2926\" data-end=\"2950\">Informations sur l'exp\u00e9dition<\/strong><\/p>\n<ul data-start=\"2953\" data-end=\"3238\">\n<li data-start=\"2953\" data-end=\"3038\">\n<p data-start=\"2955\" data-end=\"3038\"><strong data-start=\"2955\" data-end=\"2975\">D\u00e9lai de traitement :<\/strong> Les commandes sont g\u00e9n\u00e9ralement trait\u00e9es dans un d\u00e9lai de <strong data-start=\"3014\" data-end=\"3035\">1-2 jours ouvrables<\/strong>.<\/p>\n<\/li>\n<li data-start=\"3039\" data-end=\"3135\">\n<p data-start=\"3041\" data-end=\"3135\"><strong data-start=\"3041\" data-end=\"3059\">D\u00e9lai d'exp\u00e9dition :<\/strong> Le d\u00e9lai de livraison standard est de <strong data-start=\"3084\" data-end=\"3106\">5-10 jours ouvrables<\/strong>selon votre r\u00e9gion.<\/p>\n<\/li>\n<li data-start=\"3136\" data-end=\"3238\">\n<p data-start=\"3138\" data-end=\"3238\"><strong data-start=\"3138\" data-end=\"3151\">Suivi :<\/strong> Une fois la commande exp\u00e9di\u00e9e, vous recevrez un num\u00e9ro de suivi par courrier \u00e9lectronique afin de contr\u00f4ler l'\u00e9tat de votre commande.<\/p>\n<\/li>\n<\/ul>\n<p data-start=\"3240\" data-end=\"3383\"><strong data-start=\"3240\" data-end=\"3263\">Retours et \u00e9changes<\/strong><br data-start=\"3263\" data-end=\"3266\" \/>Nous voulons que vous soyez pleinement satisfait de votre achat du <strong data-start=\"3326\" data-end=\"3382\">CRYSTAL MARY PulseX 20mg 20000 PUFFS Vape jetable<\/strong>.<\/p>\n<ul data-start=\"3385\" data-end=\"3946\">\n<li data-start=\"3385\" data-end=\"3487\">\n<p data-start=\"3387\" data-end=\"3487\"><strong data-start=\"3387\" data-end=\"3405\">Fen\u00eatre de retour :<\/strong> Vous pouvez demander un retour ou un \u00e9change dans un d\u00e9lai de <strong data-start=\"3450\" data-end=\"3460\">7 jours<\/strong> de la r\u00e9ception de votre commande.<\/p>\n<\/li>\n<li data-start=\"3488\" data-end=\"3579\">\n<p data-start=\"3490\" data-end=\"3579\"><strong data-start=\"3490\" data-end=\"3506\">L'\u00e9ligibilit\u00e9 :<\/strong> Les articles doivent \u00eatre <strong data-start=\"3521\" data-end=\"3531\">inutilis\u00e9<\/strong>, <strong data-start=\"3533\" data-end=\"3545\">non ouvert<\/strong>et en <strong data-start=\"3554\" data-end=\"3576\">l'emballage d'origine<\/strong>.<\/p>\n<\/li>\n<li data-start=\"3580\" data-end=\"3676\">\n<p data-start=\"3582\" data-end=\"3676\"><strong data-start=\"3582\" data-end=\"3601\">Non retournable :<\/strong> Pour des raisons d'hygi\u00e8ne et de s\u00e9curit\u00e9, les vapes ouvertes ou utilis\u00e9es ne peuvent pas \u00eatre retourn\u00e9es.<\/p>\n<\/li>\n<li data-start=\"3677\" data-end=\"3829\">\n<p data-start=\"3679\" data-end=\"3829\"><strong data-start=\"3679\" data-end=\"3691\">Processus :<\/strong> Contactez notre \u00e9quipe d'assistance en indiquant votre num\u00e9ro de commande et les d\u00e9tails du probl\u00e8me. Si votre demande est accept\u00e9e, nous vous guiderons dans la proc\u00e9dure de retour ou d'\u00e9change.<\/p>\n<\/li>\n<li data-start=\"3830\" data-end=\"3946\">\n<p data-start=\"3832\" data-end=\"3946\"><strong data-start=\"3832\" data-end=\"3844\">Remboursements :<\/strong> Les remboursements approuv\u00e9s seront effectu\u00e9s dans un d\u00e9lai de <strong data-start=\"3884\" data-end=\"3905\">5-7 jours ouvrables<\/strong> apr\u00e8s avoir re\u00e7u et inspect\u00e9 l'article.<\/p>\n<\/li>\n<\/ul>","protected":false},"excerpt":{"rendered":"<p><strong>CRYSTAL MARY PulseX 20mg 20000 PUFFS Vape jetable<\/strong> offre deux modes de vaporisation, une saveur riche avec <strong>18ml<\/strong> e-liquide, et une performance intelligente aliment\u00e9e par <strong>VPU<\/strong> puce.<\/p>","protected":false},"featured_media":36270,"comment_status":"open","ping_status":"closed","template":"","meta":[],"product_brand":[],"product_cat":[207],"product_tag":[],"class_list":{"0":"post-36145","1":"product","2":"type-product","3":"status-publish","4":"has-post-thumbnail","6":"product_cat-crystal-disposable-vape","8":"first","9":"instock","10":"shipping-taxable","11":"purchasable","12":"product-type-variable"},"_links":{"self":[{"href":"https:\/\/euvapz.com\/fr\/wp-json\/wp\/v2\/product\/36145","targetHints":{"allow":["GET"]}}],"collection":[{"href":"https:\/\/euvapz.com\/fr\/wp-json\/wp\/v2\/product"}],"about":[{"href":"https:\/\/euvapz.com\/fr\/wp-json\/wp\/v2\/types\/product"}],"replies":[{"embeddable":true,"href":"https:\/\/euvapz.com\/fr\/wp-json\/wp\/v2\/comments?post=36145"}],"version-history":[{"count":2,"href":"https:\/\/euvapz.com\/fr\/wp-json\/wp\/v2\/product\/36145\/revisions"}],"predecessor-version":[{"id":36201,"href":"https:\/\/euvapz.com\/fr\/wp-json\/wp\/v2\/product\/36145\/revisions\/36201"}],"wp:featuredmedia":[{"embeddable":true,"href":"https:\/\/euvapz.com\/fr\/wp-json\/wp\/v2\/media\/36270"}],"wp:attachment":[{"href":"https:\/\/euvapz.com\/fr\/wp-json\/wp\/v2\/media?parent=36145"}],"wp:term":[{"taxonomy":"product_brand","embeddable":true,"href":"https:\/\/euvapz.com\/fr\/wp-json\/wp\/v2\/product_brand?post=36145"},{"taxonomy":"product_cat","embeddable":true,"href":"https:\/\/euvapz.com\/fr\/wp-json\/wp\/v2\/product_cat?post=36145"},{"taxonomy":"product_tag","embeddable":true,"href":"https:\/\/euvapz.com\/fr\/wp-json\/wp\/v2\/product_tag?post=36145"}],"curies":[{"name":"wp","href":"https:\/\/api.w.org\/{rel}","templated":true}]}}