{"id":15620,"date":"2025-02-12T08:52:12","date_gmt":"2025-02-12T08:52:12","guid":{"rendered":"https:\/\/euvapz.com\/?post_type=product&#038;p=15620"},"modified":"2025-03-27T12:44:09","modified_gmt":"2025-03-27T12:44:09","slug":"cloud-nine-d33-20000-puff-premium-izu-massziv-puffok","status":"publish","type":"product","link":"https:\/\/euvapz.com\/hu\/termek\/cloud-nine-d33-20000-puff-premium-izu-massziv-puffok\/","title":{"rendered":"CLOUD NINE D33 20000 Puffs Pr\u00e9mium \u00edz\u0171 massz\u00edv puffok"},"content":{"rendered":"<h2><strong><img fetchpriority=\"high\" decoding=\"async\" class=\"alignnone size-full wp-image-15649\" src=\"https:\/\/euvapz-com.preview-domain.com\/wp-content\/uploads\/2025\/02\/CLOUD-NINE-D33-20000-Puffs-\u2013-Premium-Flavor-Massive-Puffs-8.webp\" alt=\"CLOUD NINE D33 20000 Puffs - Pr\u00e9mium \u00edz\u0171 massz\u00edv puffok\" width=\"1500\" height=\"1500\" srcset=\"https:\/\/euvapz.com\/wp-content\/uploads\/2025\/02\/CLOUD-NINE-D33-20000-Puffs-\u2013-Premium-Flavor-Massive-Puffs-8.webp 1500w, https:\/\/euvapz.com\/wp-content\/uploads\/2025\/02\/CLOUD-NINE-D33-20000-Puffs-\u2013-Premium-Flavor-Massive-Puffs-8-300x300.webp 300w, https:\/\/euvapz.com\/wp-content\/uploads\/2025\/02\/CLOUD-NINE-D33-20000-Puffs-\u2013-Premium-Flavor-Massive-Puffs-8-800x800.webp 800w, https:\/\/euvapz.com\/wp-content\/uploads\/2025\/02\/CLOUD-NINE-D33-20000-Puffs-\u2013-Premium-Flavor-Massive-Puffs-8-150x150.webp 150w, https:\/\/euvapz.com\/wp-content\/uploads\/2025\/02\/CLOUD-NINE-D33-20000-Puffs-\u2013-Premium-Flavor-Massive-Puffs-8-768x768.webp 768w, https:\/\/euvapz.com\/wp-content\/uploads\/2025\/02\/CLOUD-NINE-D33-20000-Puffs-\u2013-Premium-Flavor-Massive-Puffs-8-12x12.webp 12w, https:\/\/euvapz.com\/wp-content\/uploads\/2025\/02\/CLOUD-NINE-D33-20000-Puffs-\u2013-Premium-Flavor-Massive-Puffs-8-430x430.webp 430w, https:\/\/euvapz.com\/wp-content\/uploads\/2025\/02\/CLOUD-NINE-D33-20000-Puffs-\u2013-Premium-Flavor-Massive-Puffs-8-700x700.webp 700w\" sizes=\"(max-width: 1500px) 100vw, 1500px\" \/><\/strong><\/h2>\n<h2><strong>CLOUD NINE D33 20000 Puffs <a href=\"https:\/\/euvapz.com\/hu\">Eldobhat\u00f3 Vape<\/a>: Kib\u0151v\u00edtett \u00edz \u00e9s teljes\u00edtm\u00e9ny<\/strong><\/h2>\n<p>Mint vezet\u0151 <strong>eldobhat\u00f3 vape tollak nagykereskedelmi forgalmaz\u00f3ja<\/strong>, \u00f6r\u00f6mmel mutatjuk be a <strong>CLOUD NINE D33 20000 Puffs Eldobhat\u00f3 Vape<\/strong>. Ez a kiv\u00e9teles term\u00e9k a cs\u00facstechnol\u00f3gi\u00e1t er\u0151s teljes\u00edtm\u00e9nnyel \u00f6tv\u00f6zi, sima \u00e9s \u00edzletes p\u00e1rologtat\u00e1si \u00e9lm\u00e9nyt ny\u00fajtva. A leny\u0171g\u00f6z\u0151 28000 puffan\u00e1ssal, a robusztus 26ml e-folyad\u00e9k kapacit\u00e1ssal \u00e9s a k\u00fcl\u00f6nb\u00f6z\u0151 \u00edzekkel a <strong>CLOUD NINE D33<\/strong> a v\u00e9gs\u0151 megold\u00e1s a hosszan tart\u00f3 p\u00e1rologtat\u00e1si el\u00e9gedetts\u00e9ghez.<\/p>\n<h2>Tartalomjegyz\u00e9k<\/h2>\n<ol>\n<li><strong>Bemutatkozik a CLOUD NINE D33 20000 Puffs eldobhat\u00f3 vape<\/strong><\/li>\n<li><strong>A CLOUD NINE D33 legfontosabb jellemz\u0151i<\/strong>\n<ul>\n<li>Puff sz\u00e1m \u00e9s E-folyad\u00e9k kapacit\u00e1s<\/li>\n<li>Akkumul\u00e1tor \u00e9s kimeneti teljes\u00edtm\u00e9ny<\/li>\n<li>Nikotin tartalom \u00e9s testreszab\u00e1s<\/li>\n<li>Ellen\u00e1ll\u00e1si lehet\u0151s\u00e9gek \u00e9s h\u00e1l\u00f3zati magtechnol\u00f3gia<\/li>\n<\/ul>\n<\/li>\n<li><strong>Az \u00edzgy\u0171jtem\u00e9ny felfedez\u00e9se<\/strong><\/li>\n<li><strong>A nagykereskedelmi eldobhat\u00f3 Vape Pens fontoss\u00e1ga<\/strong><\/li>\n<li><strong>Mi\u00e9rt el\u0151ny\u00f6sek a nagy t\u00e9telben t\u00f6rt\u00e9n\u0151 megrendel\u00e9sek a kiskeresked\u0151k \u00e9s a forgalmaz\u00f3k sz\u00e1m\u00e1ra?<\/strong><\/li>\n<li><strong>Hogyan v\u00e1s\u00e1rolja meg a CLOUD NINE D33 20000 Puffs eldobhat\u00f3 vape-t?<\/strong><\/li>\n<li><strong>Az eldobhat\u00f3 vapes n\u00e9pszer\u0171s\u00e9ge az eur\u00f3pai piacon<\/strong><\/li>\n<li><strong>Mi\u00e9rt v\u00e1lassz\u00e1k a kiskeresked\u0151k a CLOUD NINE D33-at?<\/strong><\/li>\n<li><strong>V\u00e1s\u00e1rl\u00f3i v\u00e9lem\u00e9nyek \u00e9s visszajelz\u00e9sek<\/strong><\/li>\n<li><strong>V\u00e9gs\u0151 gondolatok a CLOUD NINE D33 20000 Puffs eldobhat\u00f3 vape-r\u0151l<\/strong><\/li>\n<\/ol>\n<hr \/>\n<h2><strong>\u00a0 \u00a0Bemutatkozik a <a href=\"https:\/\/euvapz.com\/hu\/termekkategoria\/cloud-nine-disposable-vape\/\">CLOUD NINE<\/a> D33 20000 Puffs Eldobhat\u00f3 Vape<\/strong><\/h2>\n<p>A <strong>CLOUD NINE D33 20000 Puffs Eldobhat\u00f3 Vape<\/strong> \u00fagy tervezt\u00e9k, hogy kiv\u00e9teles g\u0151z\u00f6l\u00e9si \u00e9lm\u00e9nyt ny\u00fajtson fokozott \u00e9lettartam mellett. Ellent\u00e9tben sok eldobhat\u00f3 vape tollal, a <strong>CLOUD NINE D33<\/strong> 28000 puffot k\u00edn\u00e1l sima, egyenletes g\u0151zzel, \u00edgy kiemelked\u0151 v\u00e1laszt\u00e1s mind az alkalmi vaperek, mind a hossz\u00fa t\u00e1v\u00fa el\u00e9gedetts\u00e9get keres\u0151k sz\u00e1m\u00e1ra. A nagy 26 ml-es e-folyad\u00e9k kapacit\u00e1ssal, az 5% szem\u00e9lyre szabhat\u00f3 nikotinszinttel \u00e9s a fejlett ellen\u00e1ll\u00e1si lehet\u0151s\u00e9gekkel ez az eldobhat\u00f3 vape pen a teljes csomag minden vaping rajong\u00f3 sz\u00e1m\u00e1ra.<\/p>\n<h3><strong>Ide\u00e1lis kiskeresked\u0151k \u00e9s nagykeresked\u0151k sz\u00e1m\u00e1ra<\/strong><\/h3>\n<p>Ak\u00e1r kiskeresked\u0151, aki a legjobb term\u00e9keket szeretn\u00e9 rakt\u00e1ron tartani, ak\u00e1r nagykeresked\u0151, aki kiv\u00e1l\u00f3 min\u0151s\u00e9g\u0171 eldobhat\u00f3 elektronikus cigarett\u00e1kat keres, a <strong>CLOUD NINE D33 20000 Puffs Eldobhat\u00f3 Vape<\/strong> megb\u00edzhat\u00f3, nyeres\u00e9ges v\u00e1laszt\u00e1s. Eleg\u00e1ns kialak\u00edt\u00e1sa, k\u00f6nny\u0171 kezelhet\u0151s\u00e9ge \u00e9s vonz\u00f3 \u00edzei t\u00f6k\u00e9letesen alkalmasak arra, hogy vonzz\u00e1k a v\u00e1s\u00e1rl\u00f3kat az eur\u00f3pai piacon.<\/p>\n<hr \/>\n<h2><strong>A CLOUD NINE D33 legfontosabb jellemz\u0151i<\/strong><\/h2>\n<h3><strong>Puff sz\u00e1m \u00e9s E-folyad\u00e9k kapacit\u00e1s<\/strong><\/h3>\n<p>A <strong>CLOUD NINE D33<\/strong> kiemelkedik egy leny\u0171g\u00f6z\u0151 <strong>28000 puff<\/strong>, messze meghaladva a piacon l\u00e9v\u0151 legt\u00f6bb eldobhat\u00f3 p\u00e1rologtat\u00f3t. P\u00e1ros\u00edtva egy jelent\u0151s <strong>26ml e-folyad\u00e9k kapacit\u00e1s<\/strong>, ez a k\u00e9sz\u00fcl\u00e9k hosszan tart\u00f3 g\u0151z\u00f6l\u00e9si \u00e9lm\u00e9nyt biztos\u00edt, \u00e9s az els\u0151 slukkol\u00e1st\u00f3l az utols\u00f3ig egyenletes \u00edzt \u00e9s g\u0151zt k\u00edn\u00e1l a felhaszn\u00e1l\u00f3knak.<\/p>\n<table>\n<thead>\n<tr>\n<th>Jellemz\u0151<\/th>\n<th>R\u00e9szletek<\/th>\n<\/tr>\n<\/thead>\n<tbody>\n<tr>\n<td><strong>Puff sz\u00e1m<\/strong><\/td>\n<td>28000 Puff<\/td>\n<\/tr>\n<tr>\n<td><strong>E-folyad\u00e9k kapacit\u00e1s<\/strong><\/td>\n<td>26ml<\/td>\n<\/tr>\n<\/tbody>\n<\/table>\n<p>Ez t\u00f6k\u00e9letes term\u00e9kk\u00e9 teszi azok sz\u00e1m\u00e1ra, akik kiv\u00e1l\u00f3 min\u0151s\u00e9g\u0171 eldobhat\u00f3 vape-t szeretn\u00e9nek, amely hosszabb ideig tart \u00e9s kevesebb cser\u00e9t ig\u00e9nyel, v\u00e9gs\u0151 soron jobb \u00e1r-\u00e9rt\u00e9k ar\u00e1nyt k\u00edn\u00e1l.<strong><img decoding=\"async\" class=\"alignnone size-full wp-image-15648\" src=\"https:\/\/euvapz-com.preview-domain.com\/wp-content\/uploads\/2025\/02\/CLOUD-NINE-D33-20000-Puffs-\u2013-Premium-Flavor-Massive-Puffs-7.webp\" alt=\"CLOUD NINE D33 20000 Puffs - Pr\u00e9mium \u00edz\u0171 massz\u00edv puffok\" width=\"1500\" height=\"1500\" srcset=\"https:\/\/euvapz.com\/wp-content\/uploads\/2025\/02\/CLOUD-NINE-D33-20000-Puffs-\u2013-Premium-Flavor-Massive-Puffs-7.webp 1500w, https:\/\/euvapz.com\/wp-content\/uploads\/2025\/02\/CLOUD-NINE-D33-20000-Puffs-\u2013-Premium-Flavor-Massive-Puffs-7-300x300.webp 300w, https:\/\/euvapz.com\/wp-content\/uploads\/2025\/02\/CLOUD-NINE-D33-20000-Puffs-\u2013-Premium-Flavor-Massive-Puffs-7-800x800.webp 800w, https:\/\/euvapz.com\/wp-content\/uploads\/2025\/02\/CLOUD-NINE-D33-20000-Puffs-\u2013-Premium-Flavor-Massive-Puffs-7-150x150.webp 150w, https:\/\/euvapz.com\/wp-content\/uploads\/2025\/02\/CLOUD-NINE-D33-20000-Puffs-\u2013-Premium-Flavor-Massive-Puffs-7-768x768.webp 768w, https:\/\/euvapz.com\/wp-content\/uploads\/2025\/02\/CLOUD-NINE-D33-20000-Puffs-\u2013-Premium-Flavor-Massive-Puffs-7-12x12.webp 12w, https:\/\/euvapz.com\/wp-content\/uploads\/2025\/02\/CLOUD-NINE-D33-20000-Puffs-\u2013-Premium-Flavor-Massive-Puffs-7-430x430.webp 430w, https:\/\/euvapz.com\/wp-content\/uploads\/2025\/02\/CLOUD-NINE-D33-20000-Puffs-\u2013-Premium-Flavor-Massive-Puffs-7-700x700.webp 700w\" sizes=\"(max-width: 1500px) 100vw, 1500px\" \/><\/strong><\/p>\n<h3><strong>Akkumul\u00e1tor \u00e9s kimeneti teljes\u00edtm\u00e9ny<\/strong><\/h3>\n<p>A <strong>CLOUD NINE D33 20000 Puffs Eldobhat\u00f3 Vape<\/strong> megb\u00edzhat\u00f3 <strong>500mAh akkumul\u00e1tor<\/strong> amely a k\u00e9sz\u00fcl\u00e9k teljes \u00e9lettartama alatt tart\u00f3s teljes\u00edtm\u00e9nyt biztos\u00edt. A szab\u00e1lyozhat\u00f3 kimeneti teljes\u00edtm\u00e9ny <strong>13-23W<\/strong>, a felhaszn\u00e1l\u00f3k a g\u0151ztermel\u00e9s \u00e9s az \u00edzintenzit\u00e1s kiegyens\u00falyozott kombin\u00e1ci\u00f3j\u00e1t \u00e9lvezhetik, kiv\u00e9teles g\u0151z\u00f6l\u00e9si \u00e9lm\u00e9nyt biztos\u00edtva.<\/p>\n<table>\n<thead>\n<tr>\n<th>Jellemz\u0151<\/th>\n<th>R\u00e9szletek<\/th>\n<\/tr>\n<\/thead>\n<tbody>\n<tr>\n<td><strong>Az akkumul\u00e1tor kapacit\u00e1sa<\/strong><\/td>\n<td>500mAh<\/td>\n<\/tr>\n<tr>\n<td><strong>Kimeneti teljes\u00edtm\u00e9ny<\/strong><\/td>\n<td>13-23W<\/td>\n<\/tr>\n<\/tbody>\n<\/table>\n<p>A k\u00e9sz\u00fcl\u00e9k hat\u00e9kony akkumul\u00e1tora biztos\u00edtja, hogy a vape optim\u00e1lisan m\u0171k\u00f6dj\u00f6n, \u00e9s a 28000 puffol\u00e1s alatt is egyenletes teljes\u00edtm\u00e9nyt ny\u00fajtson.<\/p>\n<h3><strong>Nikotin tartalom \u00e9s testreszab\u00e1s<\/strong><\/h3>\n<p>A <strong>CLOUD NINE D33<\/strong> a k\u00f6vetkez\u0151vel \u00e9rkezik <strong>5% nikotintartalom<\/strong>, ide\u00e1lis az er\u0151sebb nikotint kedvel\u0151 felhaszn\u00e1l\u00f3k sz\u00e1m\u00e1ra. Testreszabhat\u00f3 funkci\u00f3ival azonban t\u00f6k\u00e9letes a k\u00fcl\u00f6nb\u00f6z\u0151 preferenci\u00e1khoz. Ak\u00e1r hagyom\u00e1nyos cigarett\u00e1r\u00f3l v\u00e1lt, ak\u00e1r kiel\u00e9g\u00edt\u0151 nikotiner\u0151ss\u00e9get \u00e9lvez, ez az eldobhat\u00f3 vape pen megfelel az \u00d6n ig\u00e9nyeinek.<\/p>\n<h3><strong>Ellen\u00e1ll\u00e1si lehet\u0151s\u00e9gek \u00e9s h\u00e1l\u00f3zati magtechnol\u00f3gia<\/strong><\/h3>\n<p>Rugalmass\u00e1got k\u00edn\u00e1l, a <strong>CLOUD NINE D33<\/strong> k\u00e9tf\u00e9le ellen\u00e1ll\u00e1ssal kaphat\u00f3:<\/p>\n<ul>\n<li><strong>1.0\u03a9 Egyszeri l\u00f6v\u00e9s ellen\u00e1ll\u00e1s<\/strong>: Ez az ellen\u00e1ll\u00e1si lehet\u0151s\u00e9g szorosabb h\u00faz\u00e1st biztos\u00edt, fokozza az \u00edz intenzit\u00e1s\u00e1t \u00e9s kiel\u00e9g\u00edt\u0151 \u00e9lm\u00e9nyt ny\u00fajt.<\/li>\n<li><strong>0.5\u03a9 Egyszeri l\u00f6v\u00e9s ellen\u00e1ll\u00e1s<\/strong>: Azok sz\u00e1m\u00e1ra, akik a sim\u00e1bb, l\u00e9giesebb h\u00faz\u00e1st kedvelik, ez az ellen\u00e1ll\u00e1si opci\u00f3 nagyobb g\u0151ztermel\u00e9st \u00e9s nyugodt g\u0151z\u00f6l\u00e9si \u00e9lm\u00e9nyt tesz lehet\u0151v\u00e9.<\/li>\n<\/ul>\n<p>Tov\u00e1bb\u00e1, a <strong>H\u00e1l\u00f3zati magtechnol\u00f3gia<\/strong> biztos\u00edtja az optim\u00e1lis \u00edztermel\u00e9st, fenntartva a sima \u00e9s egyenletes g\u0151z\u00f6l\u00e9si \u00e9lm\u00e9nyt minden egyes slukkn\u00e1l.<\/p>\n<table>\n<thead>\n<tr>\n<th>Ellen\u00e1ll\u00e1s t\u00edpusa<\/th>\n<th>Le\u00edr\u00e1s<\/th>\n<\/tr>\n<\/thead>\n<tbody>\n<tr>\n<td><strong>1.0\u03a9 Single Shot<\/strong><\/td>\n<td>Szorosabb h\u00faz\u00e1s, nagyobb \u00edzintenzit\u00e1s<\/td>\n<\/tr>\n<tr>\n<td><strong>0.5\u03a9 Egyszeri l\u00f6v\u00e9s<\/strong><\/td>\n<td>L\u00e9giesebb h\u00faz\u00e1s, sim\u00e1bb g\u0151z<\/td>\n<\/tr>\n<\/tbody>\n<\/table>\n<hr \/>\n<h2><strong>Az \u00edzgy\u0171jtem\u00e9ny felfedez\u00e9se<\/strong><\/h2>\n<p>Az egyik kiemelked\u0151 jellemz\u0151je a <strong>CLOUD NINE D33 20000 Puffs Eldobhat\u00f3 Vape<\/strong> az \u00edzek leny\u0171g\u00f6z\u0151 v\u00e1laszt\u00e9ka. A gy\u00fcm\u00f6lcs\u00f6s kever\u00e9kekt\u0151l a h\u0171s\u00edt\u0151 menta kombin\u00e1ci\u00f3kig ezek az \u00edzek minden \u00edzl\u00e9st kiel\u00e9g\u00edtenek. A kiterjedt \u00edzkollekci\u00f3 biztos\u00edtja, hogy \u00fcgyfelei megtal\u00e1lj\u00e1k azt a vape-t, amit szeretnek, f\u00fcggetlen\u00fcl att\u00f3l, hogy milyen preferenci\u00e1k vannak.<\/p>\n<h3><strong>Kaphat\u00f3 \u00edzek:<\/strong><\/h3>\n<ul>\n<li><strong>Miami Mint<\/strong>: Friss\u00edt\u0151 menta tr\u00f3pusi csavarral.<\/li>\n<li><strong>\u00c1fonya Raz r\u00e1g\u00f3gumi<\/strong>: \u00c1fonya, m\u00e1lna \u00e9s r\u00e1g\u00f3gumi \u00edzletes kever\u00e9ke.<\/li>\n<li><strong>G\u00f6r\u00f6gdinnye \u00c1fonya<\/strong>: \u00c9des g\u00f6r\u00f6gdinnye egy csipetnyi \u00e1fony\u00e1val.<\/li>\n<li><strong>\u00c1fony\u00e1s m\u00e1lyvacukor<\/strong>: Az \u00e1fonya \u00e9s a sima m\u00e1lyvacukor t\u00f6k\u00e9letes egyens\u00falya.<\/li>\n<li><strong>L\u00e9d\u00fas barack<\/strong>: Friss, l\u00e9d\u00fas \u0151szibarack minden puffban.<\/li>\n<li><strong>\u00c1fonya barack<\/strong>: Az \u00e1fonya \u00e9s az \u0151szibarack harmonikus kever\u00e9ke.<\/li>\n<li><strong>\u00c1fonya m\u00e1lna<\/strong>: Az \u00e1fonya \u00e9s a m\u00e1lna \u00e9des \u00e9s fanyar kombin\u00e1ci\u00f3ja.<\/li>\n<li><strong>Blue Raz Ice<\/strong>: Fanyar k\u00e9k m\u00e1lna \u00edz, jeges befejez\u00e9ssel.<\/li>\n<li><strong>G\u00f6r\u00f6gdinnye j\u00e9g<\/strong>: \u00c9des g\u00f6r\u00f6gdinnye egy mentolos csavarral p\u00e1ros\u00edtva.<\/li>\n<li><strong>Sz\u0151l\u0151 j\u00e9g<\/strong>: Friss\u00edt\u0151 sz\u0151l\u0151 \u00edz h\u0171s\u00edt\u0151 mentolos r\u00fag\u00e1ssal.<\/li>\n<\/ul>\n<p>Ezek az \u00edzek biztosan a v\u00e1s\u00e1rl\u00f3k sz\u00e9les k\u00f6r\u00e9t vonzz\u00e1k, \u00e9s a <strong>CLOUD NINE D33 20000 Puffs Eldobhat\u00f3 Vape<\/strong> egy bestseller.<\/p>\n<hr \/>\n<h2><strong>A fontoss\u00e1g a <a href=\"https:\/\/euvapz.com\/hu\">Nagykereskedelmi eldobhat\u00f3 Vape<\/a> Tollak<\/strong><\/h2>\n<p>A kereslet a <strong>nagykereskedelmi eldobhat\u00f3 vape tollak<\/strong> tov\u00e1bbra is n\u00f6vekszik, mivel a fogyaszt\u00f3k k\u00e9nyelmet, megfizethet\u0151s\u00e9get \u00e9s min\u0151s\u00e9get keresnek. Az\u00e1ltal, hogy a <strong>CLOUD NINE D33<\/strong> az \u00fczlet\u00e9ben, kiszolg\u00e1lhatja ezt a n\u00f6vekv\u0151 piacot, \u00e9s min\u0151s\u00e9gi, hosszan tart\u00f3 p\u00e1rologtat\u00e1si \u00e9lm\u00e9nyt ny\u00fajthat v\u00e1s\u00e1rl\u00f3inak.<\/p>\n<h3><strong>Mi\u00e9rt van kereslet a nagykereskedelmi eldobhat\u00f3 Vape Pens ir\u00e1nt:<\/strong><\/h3>\n<ul>\n<li><strong>K\u00f6nny\u0171 haszn\u00e1lat<\/strong>: Az eldobhat\u00f3 p\u00e1rologtat\u00f3k felhaszn\u00e1l\u00f3bar\u00e1tok, nem ig\u00e9nyelnek \u00fajrat\u00f6lt\u00e9st vagy karbantart\u00e1st.<\/li>\n<li><strong>Hordozhat\u00f3s\u00e1g<\/strong>: Kompakt \u00e9s k\u00f6nnyen hordozhat\u00f3, eldobhat\u00f3 p\u00e1rologtat\u00f3k ide\u00e1lisak az \u00fatk\u00f6zbeni haszn\u00e1lathoz.<\/li>\n<li><strong>Variety<\/strong>: Az eldobhat\u00f3 p\u00e1rologtat\u00f3k sz\u00e1mos \u00edz- \u00e9s nikotinv\u00e1laszt\u00e9kkal a legk\u00fcl\u00f6nb\u00f6z\u0151bb preferenci\u00e1knak felelnek meg.<\/li>\n<li><strong>Nincs rendetlens\u00e9g<\/strong>: Nem kell agg\u00f3dni az e-folyad\u00e9k ki\u00f6ml\u00e9se vagy a tekercsek miatt, \u00edgy k\u00e9nyelmes v\u00e1laszt\u00e1s a fogyaszt\u00f3k sz\u00e1m\u00e1ra.<\/li>\n<\/ul>\n<hr \/>\n<h2><strong>Mi\u00e9rt el\u0151ny\u00f6sek a nagy t\u00e9telben t\u00f6rt\u00e9n\u0151 megrendel\u00e9sek a kiskeresked\u0151k \u00e9s a forgalmaz\u00f3k sz\u00e1m\u00e1ra?<\/strong><\/h2>\n<p>A kiskeresked\u0151k \u00e9s nagykeresked\u0151k sz\u00e1m\u00e1ra a nagy t\u00e9telben t\u00f6rt\u00e9n\u0151 v\u00e1s\u00e1rl\u00e1s remek m\u00f3dja annak, hogy a nagy kereslet\u0171 term\u00e9kekb\u0151l k\u00e9szletet halmozzanak fel, \u00e9s k\u00f6lts\u00e9gmegtakar\u00edt\u00e1st \u00e9rjenek el. T\u00f6meges rendel\u00e9s a <strong>CLOUD NINE D33 20000 Puffs Eldobhat\u00f3 Vape<\/strong> lehet\u0151v\u00e9 teszi, hogy megb\u00edzhat\u00f3, kiv\u00e1l\u00f3 min\u0151s\u00e9g\u0171 term\u00e9ket k\u00edn\u00e1ljon \u00fcgyfeleinek, mik\u00f6zben jav\u00edtja haszonkulcs\u00e1t.<\/p>\n<h3><strong>A t\u00f6meges rendel\u00e9s el\u0151nyei:<\/strong><\/h3>\n<ul>\n<li><strong>K\u00f6lts\u00e9ghat\u00e9konys\u00e1g<\/strong>: A t\u00f6meges megrendel\u00e9sek \u00e1ltal\u00e1ban kedvezm\u00e9nyekkel j\u00e1rnak, ami magasabb haszonkulcsot tesz lehet\u0151v\u00e9.<\/li>\n<li><strong>K\u00f6vetkezetess\u00e9g<\/strong>: K\u00f6vetkezetesen ugyanazt a kiv\u00e1l\u00f3 min\u0151s\u00e9g\u0171 term\u00e9ket k\u00edn\u00e1lhatja \u00fcgyfeleinek.<\/li>\n<li><strong>\u00dcgyf\u00e9lmegtart\u00e1s<\/strong>: Megb\u00edzhat\u00f3, hossz\u00fa \u00e9lettartam\u00fa term\u00e9ket k\u00edn\u00e1l, mint a <strong>CLOUD NINE D33<\/strong> biztos\u00edtja, hogy \u00fcgyfelei visszat\u00e9rjenek m\u00e9g t\u00f6bb\u00e9rt.<\/li>\n<\/ul>\n<hr \/>\n<h2><strong>Hogyan lehet megv\u00e1s\u00e1rolni a <a href=\"https:\/\/euvapz.com\/hu\/termekkategoria\/cloud-nine-disposable-vape\/\">CLOUD NINE<\/a> D33 20000 Puffs Eldobhat\u00f3 Vape<\/strong><\/h2>\n<p>A rendel\u00e9s <strong>CLOUD NINE D33 20000 Puffs Eldobhat\u00f3 Vape<\/strong> egyszer\u0171 \u00e9s vil\u00e1gos. L\u00e1togasson el weboldalunkra, az euvapz-com-ra, \u00e9s rendeljen m\u00e9g ma. T\u00f6bbf\u00e9le fizet\u00e9si m\u00f3dot k\u00edn\u00e1lunk, t\u00f6bbek k\u00f6z\u00f6tt PayPal, hitelk\u00e1rty\u00e1k, iDEAL, Bancontact \u00e9s SEPA banki \u00e1tutal\u00e1sok, \u00edgy k\u00f6nnyen \u00e9s biztons\u00e1gosan bonyol\u00edthatja le v\u00e1s\u00e1rl\u00e1s\u00e1t.<\/p>\n<h3><strong>Mi\u00e9rt \u00e9rdemes t\u0151l\u00fcnk v\u00e1s\u00e1rolni?<\/strong><\/h3>\n<ul>\n<li><strong>Megb\u00edzhat\u00f3 sz\u00e1ll\u00edt\u00e1s<\/strong>: Gyors \u00e9s megb\u00edzhat\u00f3 sz\u00e1ll\u00edt\u00e1st k\u00edn\u00e1lunk eg\u00e9sz Eur\u00f3p\u00e1ban.<\/li>\n<li><strong>K\u00fcl\u00f6nf\u00e9le fizet\u00e9si lehet\u0151s\u00e9gek<\/strong>: Platformunk t\u00f6bbf\u00e9le fizet\u00e9si m\u00f3dot t\u00e1mogat, hogy megfeleljen az \u00d6n preferenci\u00e1inak.<\/li>\n<li><strong>\u00dcgyf\u00e9lszolg\u00e1lat<\/strong>: Csapatunk k\u00e9szs\u00e9ggel \u00e1ll rendelkez\u00e9s\u00e9re, hogy b\u00e1rmilyen k\u00e9rd\u00e9ssel vagy probl\u00e9m\u00e1val kapcsolatban seg\u00edts\u00e9get ny\u00fajtson.<\/li>\n<\/ul>\n<hr \/>\n<h2><strong>Az eldobhat\u00f3 vapes n\u00e9pszer\u0171s\u00e9ge az eur\u00f3pai piacon<\/strong><\/h2>\n<p>Az eur\u00f3pai piac a <strong>eldobhat\u00f3 p\u00e1ra<\/strong> az elm\u00falt \u00e9vekben jelent\u0151s n\u00f6veked\u00e9snek indult. A hagyom\u00e1nyos cigarett\u00e1kr\u00f3l \u00e1tt\u00e9r\u0151 felhaszn\u00e1l\u00f3k n\u00f6vekv\u0151 sz\u00e1m\u00e1val a magas min\u0151s\u00e9g\u0171 eldobhat\u00f3 vapes, mint a <strong>CLOUD NINE D33<\/strong> n\u00f6vekszik. Ha ezt a term\u00e9ket k\u00edn\u00e1lja \u00fcgyfeleinek, azzal biztos\u00edtja, hogy ebben a gyorsan b\u0151v\u00fcl\u0151 ipar\u00e1gban az \u00e9lvonalban van.<strong><img decoding=\"async\" class=\"alignnone size-full wp-image-15647\" src=\"https:\/\/euvapz-com.preview-domain.com\/wp-content\/uploads\/2025\/02\/CLOUD-NINE-D33-20000-Puffs-\u2013-Premium-Flavor-Massive-Puffs-5.webp\" alt=\"CLOUD NINE D33 20000 Puffs - Pr\u00e9mium \u00edz\u0171 massz\u00edv puffok\" width=\"1500\" height=\"1500\" srcset=\"https:\/\/euvapz.com\/wp-content\/uploads\/2025\/02\/CLOUD-NINE-D33-20000-Puffs-\u2013-Premium-Flavor-Massive-Puffs-5.webp 1500w, https:\/\/euvapz.com\/wp-content\/uploads\/2025\/02\/CLOUD-NINE-D33-20000-Puffs-\u2013-Premium-Flavor-Massive-Puffs-5-300x300.webp 300w, https:\/\/euvapz.com\/wp-content\/uploads\/2025\/02\/CLOUD-NINE-D33-20000-Puffs-\u2013-Premium-Flavor-Massive-Puffs-5-800x800.webp 800w, https:\/\/euvapz.com\/wp-content\/uploads\/2025\/02\/CLOUD-NINE-D33-20000-Puffs-\u2013-Premium-Flavor-Massive-Puffs-5-150x150.webp 150w, https:\/\/euvapz.com\/wp-content\/uploads\/2025\/02\/CLOUD-NINE-D33-20000-Puffs-\u2013-Premium-Flavor-Massive-Puffs-5-768x768.webp 768w, https:\/\/euvapz.com\/wp-content\/uploads\/2025\/02\/CLOUD-NINE-D33-20000-Puffs-\u2013-Premium-Flavor-Massive-Puffs-5-12x12.webp 12w, https:\/\/euvapz.com\/wp-content\/uploads\/2025\/02\/CLOUD-NINE-D33-20000-Puffs-\u2013-Premium-Flavor-Massive-Puffs-5-430x430.webp 430w, https:\/\/euvapz.com\/wp-content\/uploads\/2025\/02\/CLOUD-NINE-D33-20000-Puffs-\u2013-Premium-Flavor-Massive-Puffs-5-700x700.webp 700w\" sizes=\"(max-width: 1500px) 100vw, 1500px\" \/><\/strong><\/p>\n<hr \/>\n<h2><strong>Mi\u00e9rt v\u00e1lassz\u00e1k a kiskeresked\u0151k a CLOUD NINE D33-at?<\/strong><\/h2>\n<p>A kiskeresked\u0151knek fontol\u00f3ra kell venni\u00fck a <strong>CLOUD NINE D33 20000 Puffs Eldobhat\u00f3 Vape<\/strong> t\u00f6bb okb\u00f3l is:<\/p>\n<ul>\n<li><strong>Hosszan tart\u00f3 teljes\u00edtm\u00e9ny<\/strong>: A 28000 puffol\u00e1ssal ez a term\u00e9k kiv\u00e9teles \u00e1r-\u00e9rt\u00e9k ar\u00e1nyt k\u00edn\u00e1l.<\/li>\n<li><strong>Testreszabhat\u00f3 nikotin<\/strong>: Az 5% nikotintartalma t\u00f6k\u00e9letes a kiel\u00e9g\u00edt\u0151 torok\u00fct\u00e9shez, a felhaszn\u00e1l\u00f3k sz\u00e9les k\u00f6r\u00e9t kiszolg\u00e1lva.<\/li>\n<li><strong>Vonz\u00f3 \u00edzv\u00e1laszt\u00e9k<\/strong>: A v\u00e1ltozatos \u00edzkollekci\u00f3 teszi ezt a term\u00e9ket a minden \u00edzl\u00e9s\u0171 p\u00e1rol\u00f3k kedvenc\u00e9v\u00e9.<\/li>\n<\/ul>\n<ul>\n<li><strong>M\u00e1rkafelismer\u00e9s<\/strong>: The <strong>CLOUD NINE<\/strong> m\u00e1rka min\u0151s\u00e9g\u00e9r\u0151l \u00e9s megb\u00edzhat\u00f3s\u00e1g\u00e1r\u00f3l ismert, \u00edgy megb\u00edzhat\u00f3 v\u00e1laszt\u00e1s az \u00d6n \u00fcgyfelei sz\u00e1m\u00e1ra.<\/li>\n<\/ul>\n<hr \/>\n<h2><strong>V\u00e1s\u00e1rl\u00f3i v\u00e9lem\u00e9nyek \u00e9s visszajelz\u00e9sek<\/strong><\/h2>\n<p>Az \u00fcgyfelek rajonganak a <strong>CLOUD NINE D33 20000 Puffs Eldobhat\u00f3 Vape<\/strong>. Sok felhaszn\u00e1l\u00f3 dics\u00e9ri a sima g\u0151zt, a gazdag \u00edzt \u00e9s a leny\u0171g\u00f6z\u0151 puffsz\u00e1mot. A kiskeresked\u0151k is nagyra \u00e9rt\u00e9kelik a term\u00e9k \u00e1ltal gener\u00e1lt keresletet, a v\u00e1s\u00e1rl\u00f3k visszat\u00e9rnek a kiv\u00e9teles teljes\u00edtm\u00e9nye \u00e9s az \u00edzek sokf\u00e9les\u00e9ge miatt.<\/p>\n<hr \/>\n<h2><strong>V\u00e9gs\u0151 gondolatok a CLOUD NINE D33 20000 Puffs eldobhat\u00f3 vape-r\u0151l<\/strong><\/h2>\n<p>A <strong>CLOUD NINE D33 20000 Puffs Eldobhat\u00f3 Vape<\/strong> ide\u00e1lis v\u00e1laszt\u00e1s mind a mag\u00e1nfelhaszn\u00e1l\u00f3k, mind a nagykeresked\u0151k sz\u00e1m\u00e1ra. Hossz\u00fa \u00e9lettartam\u00fa teljes\u00edtm\u00e9ny\u00e9vel, testre szabhat\u00f3 nikotiner\u0151ss\u00e9g\u00e9vel \u00e9s sz\u00e9lesk\u00f6r\u0171 \u00edzv\u00e1laszt\u00e9k\u00e1val olyan pr\u00e9mium min\u0151s\u00e9g\u0171 p\u00e1rol\u00e1si \u00e9lm\u00e9nyt ny\u00fajt, amely a v\u00e1s\u00e1rl\u00f3k sz\u00e9les k\u00f6r\u00e9t vonzza. Rakt\u00e1rozza fel ezt a cs\u00facsmin\u0151s\u00e9g\u0171 eldobhat\u00f3 vape pen-t m\u00e9g ma, \u00e9s \u00e9lvezze a kiv\u00e1l\u00f3 min\u0151s\u00e9g\u0171 term\u00e9kek \u00e9s az el\u00e9gedett \u00fcgyfelek el\u0151nyeit.<\/p>\n<p>L\u00e1togasson el az euvapz-com weboldalra, hogy leadja megrendel\u00e9s\u00e9t, \u00e9s kihaszn\u00e1lja versenyk\u00e9pes \u00e1rainkat \u00e9s gyors sz\u00e1ll\u00edt\u00e1sunkat.<\/p>\n<p><script src=\"chrome-extension:\/\/fpelahbljekknahkcaegamhcndkfpfnc\/iFrame.js\" type=\"text\/javascript\"><\/script><\/p>\n<p><script src=\"chrome-extension:\/\/fpelahbljekknahkcaegamhcndkfpfnc\/iFrame.js\" type=\"text\/javascript\"><\/script><\/p>","protected":false},"excerpt":{"rendered":"<p>A <strong>CLOUD NINE D33 20000 Puffs Eldobhat\u00f3 Vape<\/strong> sz\u00e1ll\u00edt <strong>28000 puff<\/strong> egy <strong>26ml e-folyad\u00e9k kapacit\u00e1s<\/strong> \u00e9s <strong>500mAh akkumul\u00e1tor<\/strong> a hossz\u00fa t\u00e1v\u00fa haszn\u00e1lathoz. \u00c9lvezze a sima, egyenletes g\u0151zt a <strong>\u00e1ll\u00edthat\u00f3 13-23W teljes\u00edtm\u00e9ny<\/strong> \u00e9s a k\u00fcl\u00f6nb\u00f6z\u0151 izgalmas \u00edzek, mint p\u00e9ld\u00e1ul <strong>Miami Mint<\/strong> \u00e9s <strong>Blue Raz Ice<\/strong>. Ez a nagy teljes\u00edtm\u00e9ny\u0171 eldobhat\u00f3 vape t\u00f6k\u00e9letes a kiskeresked\u0151k \u00e9s a nagykeresked\u0151k sz\u00e1m\u00e1ra, \u00e9s kiel\u00e9g\u00edt\u0151 \u00e9lm\u00e9nyt ny\u00fajt a <strong>5% nikotin<\/strong> \u00e9s ide\u00e1lis az eur\u00f3pai t\u00f6meges megrendel\u00e9sekhez.<\/p>","protected":false},"featured_media":33987,"comment_status":"open","ping_status":"closed","template":"","meta":[],"product_brand":[72,74],"product_cat":[21],"product_tag":[],"class_list":{"0":"post-15620","1":"product","2":"type-product","3":"status-publish","4":"has-post-thumbnail","6":"product_brand-cloud-nine-disposable-vape","7":"product_brand-aivono-disposable-vape","8":"product_cat-cloud-nine-disposable-vape","10":"first","11":"instock","12":"shipping-taxable","13":"purchasable","14":"product-type-variable"},"_links":{"self":[{"href":"https:\/\/euvapz.com\/hu\/wp-json\/wp\/v2\/product\/15620","targetHints":{"allow":["GET"]}}],"collection":[{"href":"https:\/\/euvapz.com\/hu\/wp-json\/wp\/v2\/product"}],"about":[{"href":"https:\/\/euvapz.com\/hu\/wp-json\/wp\/v2\/types\/product"}],"replies":[{"embeddable":true,"href":"https:\/\/euvapz.com\/hu\/wp-json\/wp\/v2\/comments?post=15620"}],"version-history":[{"count":10,"href":"https:\/\/euvapz.com\/hu\/wp-json\/wp\/v2\/product\/15620\/revisions"}],"predecessor-version":[{"id":33988,"href":"https:\/\/euvapz.com\/hu\/wp-json\/wp\/v2\/product\/15620\/revisions\/33988"}],"wp:featuredmedia":[{"embeddable":true,"href":"https:\/\/euvapz.com\/hu\/wp-json\/wp\/v2\/media\/33987"}],"wp:attachment":[{"href":"https:\/\/euvapz.com\/hu\/wp-json\/wp\/v2\/media?parent=15620"}],"wp:term":[{"taxonomy":"product_brand","embeddable":true,"href":"https:\/\/euvapz.com\/hu\/wp-json\/wp\/v2\/product_brand?post=15620"},{"taxonomy":"product_cat","embeddable":true,"href":"https:\/\/euvapz.com\/hu\/wp-json\/wp\/v2\/product_cat?post=15620"},{"taxonomy":"product_tag","embeddable":true,"href":"https:\/\/euvapz.com\/hu\/wp-json\/wp\/v2\/product_tag?post=15620"}],"curies":[{"name":"wp","href":"https:\/\/api.w.org\/{rel}","templated":true}]}}