{"id":26892,"date":"2025-03-01T03:04:25","date_gmt":"2025-03-01T03:04:25","guid":{"rendered":"https:\/\/euvapz.com\/?post_type=product&#038;p=26892"},"modified":"2025-03-27T09:52:46","modified_gmt":"2025-03-27T09:52:46","slug":"olit-lit-drop-25000-puffs-a-vegso-eldobhato-vape-az-izek-szerelmeseinek-nagykereskedelmi-vasarlok-szamara","status":"publish","type":"product","link":"https:\/\/euvapz.com\/hu\/termek\/olit-lit-drop-25000-puffs-a-vegso-eldobhato-vape-az-izek-szerelmeseinek-nagykereskedelmi-vasarlok-szamara\/","title":{"rendered":"OLIT LIT DROP 25000 Puffs A v\u00e9gs\u0151 eldobhat\u00f3 Vape az \u00edzek szerelmeseinek \u00e9s a nagykeresked\u0151knek"},"content":{"rendered":"<p>A <strong>OLIT LIT DROP 25000 Puffs Eldobhat\u00f3 Vape<\/strong> fejlett funkci\u00f3kkal, k\u00e9nyelemmel \u00e9s \u00ednycsikland\u00f3 \u00edzek sz\u00e9les v\u00e1laszt\u00e9k\u00e1val pr\u00e9mium min\u0151s\u00e9g\u0171 p\u00e1rologtat\u00e1si \u00e9lm\u00e9nyt ny\u00fajt. Ak\u00e1r egy <a href=\"https:\/\/euvapz.com\/hu\"><strong>nagykereskedelmi eldobhat\u00f3 vape toll<\/strong><\/a> forgalmaz\u00f3, egy vape shop tulajdonosa vagy egy eur\u00f3pai vape rajong\u00f3, az OLIT LIT DROP mindent biztos\u00edt, amire sz\u00fcks\u00e9ge van a hosszan tart\u00f3 \u00e9s \u00e9lvezetes vape-hoz.<\/p>\n<p>Ak\u00e1r 25.000 f\u00faj\u00e1ssal <strong>Norm\u00e1l m\u00f3d<\/strong> \u00e9s 12,500 puffan\u00e1s <strong>DL m\u00f3d<\/strong>, azok sz\u00e1m\u00e1ra tervezt\u00e9k, akik gyakori cser\u00e9k n\u00e9lk\u00fcl szeretn\u00e9nek hosszabb haszn\u00e1latot. Ez az eldobhat\u00f3 vape pen \u00fajrat\u00f6lthet\u0151 950mAh akkumul\u00e1torral, LIT h\u00e1l\u00f3s tekercs technol\u00f3gi\u00e1val, l\u00e9g\u00e1raml\u00e1s be\u00e1ll\u00edt\u00e1sokkal \u00e9s m\u00e9g sok m\u00e1ssal is rendelkezik. N\u00e9zz\u00fck meg k\u00f6zelebbr\u0151l, hogy mi\u00e9rt v\u00e1lik ez az eszk\u00f6z gyorsan a vaperek \u00e9s a forgalmaz\u00f3k kedvenc\u00e9v\u00e9.<\/p>\n<h2><img fetchpriority=\"high\" decoding=\"async\" class=\"alignnone size-full wp-image-26895\" src=\"https:\/\/euvapz.com\/wp-content\/uploads\/2025\/03\/OLIT-LIT-DROP-25000-Puffs-The-Ultimate-Disposable-Vape-for-Flavor-Lovers-Wholesale-Buyers-2.webp\" alt=\"OLIT LIT DROP 25000 Puffs A v\u00e9gs\u0151 eldobhat\u00f3 Vape az \u00edzek szerelmeseinek \u00e9s a nagykeresked\u0151knek\" width=\"550\" height=\"357\" srcset=\"https:\/\/euvapz.com\/wp-content\/uploads\/2025\/03\/OLIT-LIT-DROP-25000-Puffs-The-Ultimate-Disposable-Vape-for-Flavor-Lovers-Wholesale-Buyers-2.webp 550w, https:\/\/euvapz.com\/wp-content\/uploads\/2025\/03\/OLIT-LIT-DROP-25000-Puffs-The-Ultimate-Disposable-Vape-for-Flavor-Lovers-Wholesale-Buyers-2-430x279.webp 430w, https:\/\/euvapz.com\/wp-content\/uploads\/2025\/03\/OLIT-LIT-DROP-25000-Puffs-The-Ultimate-Disposable-Vape-for-Flavor-Lovers-Wholesale-Buyers-2-150x97.webp 150w, https:\/\/euvapz.com\/wp-content\/uploads\/2025\/03\/OLIT-LIT-DROP-25000-Puffs-The-Ultimate-Disposable-Vape-for-Flavor-Lovers-Wholesale-Buyers-2-400x260.webp 400w, https:\/\/euvapz.com\/wp-content\/uploads\/2025\/03\/OLIT-LIT-DROP-25000-Puffs-The-Ultimate-Disposable-Vape-for-Flavor-Lovers-Wholesale-Buyers-2-18x12.webp 18w\" sizes=\"(max-width: 550px) 100vw, 550px\" \/><\/h2>\n<h2><strong>Az OLIT LIT DROP 25000 Puffs Eldobhat\u00f3 Vape f\u0151bb jellemz\u0151i<\/strong><\/h2>\n<p>A <strong><a href=\"https:\/\/euvapz.com\/hu\/termekkategoria\/olit-disposable-vape\/\">OLIT LIT DROP 25000 puffok<\/a> Eldobhat\u00f3 Vape<\/strong> tele van olyan funkci\u00f3kkal, amelyek az egyik legmegb\u00edzhat\u00f3bb \u00e9s leg\u00edzletesebb eldobhat\u00f3 p\u00e1rologtat\u00f3v\u00e1 teszik a piacon. \u00cdme egy bont\u00e1s arr\u00f3l, hogy mit\u0151l emelkedik ki:<\/p>\n<h3><strong>Kett\u0151s \u00fczemm\u00f3dok a maxim\u00e1lis rugalmass\u00e1g\u00e9rt<\/strong><\/h3>\n<p>A <strong>OLIT LIT DROP<\/strong> k\u00e9t \u00fczemm\u00f3dot k\u00edn\u00e1l a k\u00fcl\u00f6nb\u00f6z\u0151 g\u0151z\u00f6l\u00e9si preferenci\u00e1knak megfelel\u0151en:<\/p>\n<ul>\n<li><strong>Norm\u00e1l m\u00f3d<\/strong>: Get up to <strong>25,000 puff<\/strong> z\u00f6kken\u0151mentes, k\u00f6vetkezetes \u00e9lm\u00e9nyt ny\u00fajt.<\/li>\n<li><strong>DL m\u00f3d (k\u00f6zvetlen t\u00fcd\u0151)<\/strong>: Aj\u00e1nlatok <strong>12,500 puff<\/strong>, ide\u00e1lis azok sz\u00e1m\u00e1ra, akik a nagyobb g\u0151zfelh\u0151ket kedvelik.<\/li>\n<\/ul>\n<p>Ak\u00e1r \u00faj a p\u00e1rologtat\u00e1sban, ak\u00e1r tapasztalt profi, ezek a lehet\u0151s\u00e9gek lehet\u0151v\u00e9 teszik a felhaszn\u00e1l\u00f3k sz\u00e1m\u00e1ra, hogy testre szabj\u00e1k a t\u00f6k\u00e9letes \u00e9lm\u00e9nyt.<\/p>\n<h3><strong>Nagyvonal\u00fa E-folyad\u00e9k kapacit\u00e1s<\/strong><\/h3>\n<p>A <strong>25ml e-folyad\u00e9k<\/strong> kapacit\u00e1sa biztos\u00edtja, hogy a felhaszn\u00e1l\u00f3k hossz\u00fa ideig \u00e9lvezhess\u00e9k a munkameneteket az \u00fajrat\u00f6lt\u00e9ssel j\u00e1r\u00f3 gondok n\u00e9lk\u00fcl. Egy ilyen jelent\u0151s e-folyad\u00e9k t\u00e9rfogattal napokig vagy ak\u00e1r hetekig tart\u00f3, megszak\u00edt\u00e1s n\u00e9lk\u00fcli g\u0151z\u00f6l\u00e9si \u00e9lm\u00e9nyt k\u00edn\u00e1lhat \u00fcgyfeleinek.<\/p>\n<h3><strong>LIT Mesh tekercs technol\u00f3gia a fokozott \u00edz\u00e9rt<\/strong><\/h3>\n<p>A <strong>LIT Mesh tekercs<\/strong> a  c\u00edmen <strong>0,6\u03a9 ellen\u00e1ll\u00e1s<\/strong> biztos\u00edtja az egyenletes meleg\u00edt\u00e9st \u00e9s a hihetetlen \u00edzek \u00e1tad\u00e1s\u00e1t. Ez a technol\u00f3gia nem csak az \u00edztermel\u00e9st fokozza, hanem azt is garant\u00e1lja, hogy minden egyes slukk ugyanolyan sima \u00e9s \u00edzletes lesz, mint az els\u0151.<\/p>\n<h3><strong>Hossz\u00fa \u00e9lettartam\u00fa \u00fajrat\u00f6lthet\u0151 akkumul\u00e1tor<\/strong><\/h3>\n<p>A <strong>950mAh \u00fajrat\u00f6lthet\u0151 akkumul\u00e1tor<\/strong> a k\u00e9sz\u00fcl\u00e9k haszn\u00e1lat\u00e1nak teljes id\u0151tartama alatt biztos\u00edtja az \u00e1ramell\u00e1t\u00e1st, \u00e9s t\u00e1mogatja a norm\u00e1l \u00e9s a DL \u00fczemm\u00f3dot is. Az \u00fajrat\u00f6lthet\u0151 kialak\u00edt\u00e1ssal a k\u00e9sz\u00fcl\u00e9k nagyobb k\u00e9nyelmet k\u00edn\u00e1l, mivel a felhaszn\u00e1l\u00f3k sz\u00fcks\u00e9g szerint t\u00f6lthetik a vape-t an\u00e9lk\u00fcl, hogy az akkumul\u00e1tor lemer\u00fcl\u00e9se ut\u00e1n meg kellene szabadulniuk t\u0151le.<\/p>\n<h3><strong>Val\u00f3s idej\u0171 mutat\u00f3k a k\u00e9nyelem\u00e9rt<\/strong><\/h3>\n<p>A <strong>akkumul\u00e1tor \u00e9s e-folyad\u00e9k szintjelz\u0151<\/strong> val\u00f3s idej\u0171 visszajelz\u00e9st ad a felhaszn\u00e1l\u00f3knak, \u00edgy soha nem kell kital\u00e1lniuk, hogy mikor fogy le a k\u00e9sz\u00fcl\u00e9k. Ez a funkci\u00f3 z\u00f6kken\u0151mentes, meglepet\u00e9sek n\u00e9lk\u00fcli g\u0151z\u00f6l\u00e9si \u00e9lm\u00e9nyt biztos\u00edt.<\/p>\n<h3><strong>\u00c1ll\u00edthat\u00f3 l\u00e9g\u00e1raml\u00e1s a szem\u00e9lyre szab\u00e1shoz<\/strong><\/h3>\n<p>A <strong>MTL (sz\u00e1jb\u00f3l a t\u00fcd\u0151be)<\/strong> \u00e9s <strong>DL (k\u00f6zvetlen t\u00fcd\u0151)<\/strong> a l\u00e9g\u00e1raml\u00e1s be\u00e1ll\u00edt\u00e1si lehet\u0151s\u00e9gei lehet\u0151v\u00e9 teszik a felhaszn\u00e1l\u00f3k sz\u00e1m\u00e1ra, hogy szem\u00e9lyre szabj\u00e1k a h\u00faz\u00e1sukat. Ak\u00e1r a sz\u0171kebb, cigarettaszer\u0171 h\u00faz\u00e1st, ak\u00e1r a laz\u00e1bb, felh\u0151vad\u00e1sz\u00f3 \u00e9lm\u00e9nyt kedvelik az \u00fcgyfelek, az OLIT LIT DROP alkalmazkodik a preferenci\u00e1ikhoz.<\/p>\n<h3><strong>Kompakt, hordozhat\u00f3 \u00e9s k\u00f6nny\u0171 kialak\u00edt\u00e1s<\/strong><\/h3>\n<p>A k\u00e9nyelmet szem el\u0151tt tartva tervezt\u00e9k a <strong><a href=\"https:\/\/euvapz.com\/hu\/termekkategoria\/olit-disposable-vape\/\">OLIT LIT DROP 25000 puffok<\/a> Eldobhat\u00f3 Vape<\/strong> kompakt, k\u00f6nny\u0171 \u00e9s k\u00f6nnyen hordozhat\u00f3. Karcs\u00fa kialak\u00edt\u00e1sa biztos\u00edtja a hordozhat\u00f3s\u00e1got, \u00edgy t\u00f6k\u00e9letes t\u00e1rs az \u00fatk\u00f6zbeni p\u00e1rologtat\u00f3k sz\u00e1m\u00e1ra.<\/p>\n<h2><strong>Ellen\u00e1llhatatlan \u00edzek minden doh\u00e1nyosnak<\/strong><\/h2>\n<p>A <strong>OLIT LIT DROP<\/strong> sz\u00e1mos \u00ednycsikland\u00f3 \u00edzben kaphat\u00f3, amelyeket \u00fagy terveztek, hogy minden egyes slukkol\u00e1ssal gazdag \u00e9s friss\u00edt\u0151 \u00e9lm\u00e9nyt ny\u00fajtson. Itt k\u00f6zelebbr\u0151l megn\u00e9zz\u00fck azokat az \u00edzeket, amelyek miatt a v\u00e1s\u00e1rl\u00f3i visszaj\u00f6nnek m\u00e9g t\u00f6bb\u00e9rt:<\/p>\n<table>\n<thead>\n<tr>\n<th>\u00cdzek<\/th>\n<th>Le\u00edr\u00e1s<\/th>\n<\/tr>\n<\/thead>\n<tbody>\n<tr>\n<td><strong>Alma Kiwi j\u00e9g<\/strong><\/td>\n<td>A friss alma \u00e9s a kivi ropog\u00f3s, fanyar kever\u00e9ke, amelyet t\u00f6k\u00e9letesen kieg\u00e9sz\u00edt egy friss\u00edt\u0151 j\u00e9gturmix.<\/td>\n<\/tr>\n<tr>\n<td><strong>Sz\u0151l\u0151 j\u00e9g<\/strong><\/td>\n<td>\u00c9des \u00e9s gy\u00fcm\u00f6lcs\u00f6s sz\u0151l\u0151 \u00edz\u0171, h\u0171v\u00f6s mentolos befejez\u00e9ssel, amely az \u00e9des \u00e9s jeges \u00edzek kiel\u00e9g\u00edt\u0151 egyens\u00faly\u00e1t biztos\u00edtja.<\/td>\n<\/tr>\n<tr>\n<td><strong>Mang\u00f3 j\u00e9g<\/strong><\/td>\n<td>Tr\u00f3pusi mang\u00f3 keveredik egy friss\u00edt\u0151 jeges kil\u00e9gz\u00e9ssel egy sima, gy\u00fcm\u00f6lcs\u00f6s vape-\u00e9rt.<\/td>\n<\/tr>\n<tr>\n<td><strong>Miami Mint<\/strong><\/td>\n<td>H\u0171v\u00f6s, ropog\u00f3s menta \u00edz, amely minden slukkban friss\u00edt\u0151 h\u0171s\u00f6l\u00e9st biztos\u00edt.<\/td>\n<\/tr>\n<tr>\n<td><strong>Eper Kiwi<\/strong><\/td>\n<td>Az \u00e9des eper \u00e9s a fanyar kivi kellemes f\u00fazi\u00f3ja a gy\u00fcm\u00f6lcs\u00f6s \u00e9s vibr\u00e1l\u00f3 p\u00e1rologtat\u00e1si \u00e9lm\u00e9ny\u00e9rt.<\/td>\n<\/tr>\n<\/tbody>\n<\/table>\n<p>Ezeket az \u00edzeket \u00fagy alak\u00edtott\u00e1k ki, hogy gazdag \u00e9s kiel\u00e9g\u00edt\u0151 \u00edzt k\u00edn\u00e1ljanak, amelyet a p\u00e1rol\u00f3k im\u00e1dni fognak. Ak\u00e1r a gy\u00fcm\u00f6lcs\u00f6s, ment\u00e1s vagy jeges \u00edzeket kedvelik a v\u00e1s\u00e1rl\u00f3i, az OLIT LIT DROP kollekci\u00f3ban mindenki sz\u00e1m\u00e1ra van valami.<\/p>\n<h2><img decoding=\"async\" class=\"alignnone size-full wp-image-26896\" src=\"https:\/\/euvapz.com\/wp-content\/uploads\/2025\/03\/OLIT-LIT-DROP-25000-Puffs-The-Ultimate-Disposable-Vape-for-Flavor-Lovers-Wholesale-Buyers-3.webp\" alt=\"OLIT LIT DROP 25000 Puffs A v\u00e9gs\u0151 eldobhat\u00f3 Vape az \u00edzek szerelmeseinek \u00e9s a nagykeresked\u0151knek\" width=\"550\" height=\"403\" srcset=\"https:\/\/euvapz.com\/wp-content\/uploads\/2025\/03\/OLIT-LIT-DROP-25000-Puffs-The-Ultimate-Disposable-Vape-for-Flavor-Lovers-Wholesale-Buyers-3.webp 550w, https:\/\/euvapz.com\/wp-content\/uploads\/2025\/03\/OLIT-LIT-DROP-25000-Puffs-The-Ultimate-Disposable-Vape-for-Flavor-Lovers-Wholesale-Buyers-3-430x315.webp 430w, https:\/\/euvapz.com\/wp-content\/uploads\/2025\/03\/OLIT-LIT-DROP-25000-Puffs-The-Ultimate-Disposable-Vape-for-Flavor-Lovers-Wholesale-Buyers-3-150x110.webp 150w, https:\/\/euvapz.com\/wp-content\/uploads\/2025\/03\/OLIT-LIT-DROP-25000-Puffs-The-Ultimate-Disposable-Vape-for-Flavor-Lovers-Wholesale-Buyers-3-400x293.webp 400w, https:\/\/euvapz.com\/wp-content\/uploads\/2025\/03\/OLIT-LIT-DROP-25000-Puffs-The-Ultimate-Disposable-Vape-for-Flavor-Lovers-Wholesale-Buyers-3-16x12.webp 16w\" sizes=\"(max-width: 550px) 100vw, 550px\" \/><\/h2>\n<h2><strong>Mi\u00e9rt v\u00e1lassza az OLIT LIT DROP 25000 Puffs Eldobhat\u00f3 Vape-t az \u00d6n nagykereskedelmi \u00fczlet\u00e9hez?<\/strong><\/h2>\n<p>Mint egy <strong>eldobhat\u00f3 vapes nagykereskedelmi forgalmaz\u00f3ja<\/strong>, hozz\u00e1adva a <strong><a href=\"https:\/\/euvapz.com\/hu\/termekkategoria\/olit-disposable-vape\/\">OLIT LIT DROP 25000 puffok<\/a> Eldobhat\u00f3 Vape<\/strong> a katal\u00f3gus\u00e1ba, seg\u00edthet kiel\u00e9g\u00edteni a kiv\u00e1l\u00f3 min\u0151s\u00e9g\u0171 eldobhat\u00f3 p\u00e1rologtat\u00f3k ir\u00e1nti keresletet. Az al\u00e1bbiakban bemutatunk n\u00e9h\u00e1ny okot, ami\u00e9rt ez a k\u00e9sz\u00fcl\u00e9k t\u00f6k\u00e9letesen illik az \u00d6n v\u00e1llalkoz\u00e1s\u00e1hoz:<\/p>\n<h3><strong>Hosszan tart\u00f3 Puff Count for Value<\/strong><\/h3>\n<p>A  c\u00edmen <strong>25,000 slukk norm\u00e1l \u00fczemm\u00f3dban<\/strong> \u00e9s <strong>12,500 f\u00faj\u00e1s DL m\u00f3dban<\/strong>, az OLIT LIT DROP kiv\u00e1l\u00f3 \u00e9rt\u00e9ket biztos\u00edt az \u00fcgyfelek sz\u00e1m\u00e1ra. Meghosszabb\u00edtott \u00e9lettartama cs\u00f6kkenti a gyakori cser\u00e9k sz\u00fcks\u00e9gess\u00e9g\u00e9t, \u00edgy vonz\u00f3 v\u00e1laszt\u00e1s a k\u00f6lts\u00e9gtudatos vaperek sz\u00e1m\u00e1ra.<\/p>\n<h3><strong>Sz\u00e9les \u00edzv\u00e1laszt\u00e9k az \u00fcgyfelek el\u00e9gedetts\u00e9g\u00e9\u00e9rt<\/strong><\/h3>\n<p>A k\u00fcl\u00f6nb\u00f6z\u0151 <strong>izgalmas \u00edzek<\/strong> biztos\u00edtja, hogy \u00fcgyfelei tal\u00e1lnak majd valamit, ami tetszik nekik. Ez a sz\u00e9les v\u00e1laszt\u00e9k biztos\u00edtja a rugalmass\u00e1got, hogy sz\u00e9les k\u00f6z\u00f6ns\u00e9gnek feleljen meg, a gy\u00fcm\u00f6lcs\u00f6s \u00edzeket kedvel\u0151kt\u0151l kezdve azokig, akik valami mentolos \u00e9s friss\u00edt\u0151 \u00edzre v\u00e1gynak.<\/p>\n<h3><strong>K\u00e9nyelmes funkci\u00f3k a z\u00f6kken\u0151mentes haszn\u00e1lathoz<\/strong><\/h3>\n<p>A <strong>950mAh \u00fajrat\u00f6lthet\u0151 akkumul\u00e1tor<\/strong>, <strong>LIT h\u00e1l\u00f3s tekercs technol\u00f3gia<\/strong>, \u00e9s <strong>\u00e1ll\u00edthat\u00f3 l\u00e9g\u00e1raml\u00e1s<\/strong> opci\u00f3k teszik ezt a vape-t k\u00f6nnyen haszn\u00e1lhat\u00f3v\u00e1 \u00e9s szem\u00e9lyre szabhat\u00f3v\u00e1. Olyan funkci\u00f3k, mint <strong>akkumul\u00e1tor \u00e9s e-folyad\u00e9k szintjelz\u0151<\/strong> olyan k\u00e9nyelmi szintet biztos\u00edt, amellyel \u00fcgyfelei el\u00e9gedettek lesznek.<\/p>\n<h3><strong>Kompakt \u00e9s hordozhat\u00f3 kialak\u00edt\u00e1s az On-the-Go Vapinghez<\/strong><\/h3>\n<p>A k\u00f6nny\u0171s\u00faly\u00fa, <strong>hordozhat\u00f3 kivitel<\/strong> biztos\u00edtja, hogy az OLIT LIT DROP k\u00f6nnyen hordozhat\u00f3 legyen, \u00edgy t\u00f6k\u00e9letes a mindig \u00faton l\u00e9v\u0151 vaperek sz\u00e1m\u00e1ra. Ez egy olyan tulajdons\u00e1g, amelyet a v\u00e1s\u00e1rl\u00f3k \u00e9rt\u00e9kelnek egy eldobhat\u00f3 vape-ben.<\/p>\n<h3><strong>Ide\u00e1lis eldobhat\u00f3 \u00f6mlesztett Vape rendel\u00e9sekhez<\/strong><\/h3>\n<p>Ha \u00d6n egy <strong>nagykereskedelmi eldobhat\u00f3 elektronikus cigaretta<\/strong> besz\u00e1ll\u00edt\u00f3 vagy r\u00e9szt vesz <strong>eldobhat\u00f3 \u00f6mlesztett v\u00e1s\u00e1rl\u00e1s vape<\/strong>, az OLIT LIT DROP kiv\u00e1l\u00f3 v\u00e1laszt\u00e1s. Hossz\u00fa \u00e9lettartam\u00fa tulajdons\u00e1gai, sz\u00e9les \u00edzv\u00e1laszt\u00e9ka \u00e9s magas puffsz\u00e1m biztos\u00edtja, hogy olyan term\u00e9ket k\u00edn\u00e1ljon, amely mind a kiskereskedelmi, mind a nagykereskedelmi v\u00e1s\u00e1rl\u00f3k sz\u00e1m\u00e1ra vonz\u00f3 lesz.<\/p>\n<h2><strong>Hol lehet megv\u00e1s\u00e1rolni az OLIT LIT DROP 25000 Puffs eldobhat\u00f3 vape-t Eur\u00f3p\u00e1ban?<\/strong><\/h2>\n<p>Keresi a rakt\u00e1rk\u00e9szletet <strong>OLIT LIT DROP 25000 Puffs Eldobhat\u00f3 Vape<\/strong>? K\u00f6nnyen megrendelheti k\u00f6zvetlen\u00fcl a weboldalunkon kereszt\u00fcl. Gyors \u00e9s megb\u00edzhat\u00f3 sz\u00e1ll\u00edt\u00e1st k\u00edn\u00e1lunk Eur\u00f3pa k\u00fcl\u00f6nb\u00f6z\u0151 orsz\u00e1gaiba, t\u00f6bbek k\u00f6z\u00f6tt N\u00e9metorsz\u00e1gba, Franciaorsz\u00e1gba, Hollandi\u00e1ba, Spanyolorsz\u00e1gba, Olaszorsz\u00e1gba \u00e9s m\u00e1s orsz\u00e1gokba.<\/p>\n<p>Ak\u00e1r egy <strong>nagykereskedelmi besz\u00e1ll\u00edt\u00f3<\/strong> Ha nagy t\u00e9telben szeretne v\u00e1s\u00e1rolni, vagy ha egy\u00e9ni doh\u00e1nyosk\u00e9nt keresi a t\u00f6k\u00e9letes eldobhat\u00f3 vape-t, n\u00e1lunk megtal\u00e1lhatja a megfelel\u0151t. Felhaszn\u00e1l\u00f3bar\u00e1t online \u00e1ruh\u00e1zunk egyszer\u0171v\u00e9 teszi a rendel\u00e9st, \u00e9s versenyk\u00e9pes \u00e1rakat biztos\u00edtunk minden term\u00e9k\u00fcnkre.<\/p>\n<h3><strong>Rendelje meg az OLIT LIT DROP-ot m\u00e9g ma<\/strong><\/h3>\n<p>Ne hagyja ki ezt a hihetetlen g\u0151z\u00f6l\u00e9si \u00e9lm\u00e9nyt. <strong>Rendelje meg az O<a href=\"https:\/\/euvapz.com\/hu\/termekkategoria\/olit-disposable-vape\/\">LIT LIT DROP 25000 puffok<\/a> Eldobhat\u00f3 Vape<\/strong> m\u00e9g ma, \u00e9s ny\u00fajtsa \u00fcgyfeleinek a legjobb eldobhat\u00f3 p\u00e1rologtat\u00e1si technol\u00f3gi\u00e1t. Gazdag \u00edzeivel, leny\u0171g\u00f6z\u0151 puffsz\u00e1m\u00e1val \u00e9s fejlett funkci\u00f3ival az OLIT LIT DROP t\u00f6k\u00e9letes kieg\u00e9sz\u00edt\u0151je gy\u0171jtem\u00e9ny\u00e9nek.<\/p>\n<hr \/>\n<h2><strong>K\u00f6vetkeztet\u00e9s: A v\u00e9gs\u0151 eldobhat\u00f3 Vape a nagykeresked\u0151k \u00e9s a Vapers sz\u00e1m\u00e1ra<\/strong><\/h2>\n<p>A <strong>OLIT LIT DROP 25000 puffok <a href=\"https:\/\/euvapz.com\/hu\">Eldobhat\u00f3 Vape<\/a><\/strong> mindent k\u00edn\u00e1l, amire a pr\u00e9mium g\u0151z\u00f6l\u00e9si \u00e9lm\u00e9nyhez sz\u00fcks\u00e9ge van. A hosszan tart\u00f3 puffsz\u00e1mt\u00f3l \u00e9s a nagyvonal\u00fa e-folyad\u00e9k kapacit\u00e1st\u00f3l kezdve az \u00e1ll\u00edthat\u00f3 l\u00e9g\u00e1raml\u00e1sig \u00e9s a gazdag \u00edzv\u00e1laszt\u00e9kig, ezt a k\u00e9sz\u00fcl\u00e9ket \u00fagy tervezt\u00e9k, hogy m\u00e9g a legig\u00e9nyesebb vapereket is kiel\u00e9g\u00edtse. Ak\u00e1r egy <strong>nagykereskedelmi eldobhat\u00f3 vape toll<\/strong> forgalmaz\u00f3 vagy eur\u00f3pai vape shop tulajdonos, az OLIT LIT DROP t\u00f6k\u00e9letes v\u00e1laszt\u00e1s az \u00d6n \u00fczlet\u00e9hez.<\/p>\n<p>Rendeljen m\u00e9g ma, \u00e9s emelje a vape k\u00edn\u00e1lat\u00e1t az OLIT LIT DROP-pal, amelyet a k\u00e9nyelem \u00e9s a kiv\u00e9teles \u00edz \u00e9rdek\u00e9ben terveztek.<\/p>\n<p><script src=\"chrome-extension:\/\/fpelahbljekknahkcaegamhcndkfpfnc\/iFrame.js\" type=\"text\/javascript\"><\/script><\/p>\n<p><script src=\"chrome-extension:\/\/fpelahbljekknahkcaegamhcndkfpfnc\/iFrame.js\" type=\"text\/javascript\"><\/script><\/p>","protected":false},"excerpt":{"rendered":"<p>A <strong data-start=\"4\" data-end=\"49\">OLIT LIT DROP 25000 Puffs Eldobhat\u00f3 Vape<\/strong> ak\u00e1r 25 000 slukkot, 25 ml e-folyad\u00e9k kapacit\u00e1st \u00e9s 950 mAh \u00fajrat\u00f6lthet\u0151 akkumul\u00e1tort k\u00edn\u00e1l. A LIT h\u00e1l\u00f3s tekercs technol\u00f3gi\u00e1val, \u00e1ll\u00edthat\u00f3 l\u00e9g\u00e1raml\u00e1ssal \u00e9s 0,35% nikotinnal testreszabhat\u00f3, \u00edzgazdag vape-t biztos\u00edt. Olyan \u00edzekben kaphat\u00f3, mint <strong data-start=\"279\" data-end=\"297\">Alma Kiwi j\u00e9g<\/strong> \u00e9s <strong data-start=\"302\" data-end=\"315\">Mang\u00f3 j\u00e9g<\/strong>, t\u00f6k\u00e9letes mind szem\u00e9lyes haszn\u00e1latra, mind nagykereskedelemre.<\/p>","protected":false},"featured_media":33903,"comment_status":"open","ping_status":"closed","template":"","meta":[],"product_brand":[175],"product_cat":[176],"product_tag":[],"class_list":{"0":"post-26892","1":"product","2":"type-product","3":"status-publish","4":"has-post-thumbnail","6":"product_brand-olit-disposable-vape","7":"product_cat-olit-disposable-vape","9":"first","10":"instock","11":"shipping-taxable","12":"purchasable","13":"product-type-variable"},"_links":{"self":[{"href":"https:\/\/euvapz.com\/hu\/wp-json\/wp\/v2\/product\/26892","targetHints":{"allow":["GET"]}}],"collection":[{"href":"https:\/\/euvapz.com\/hu\/wp-json\/wp\/v2\/product"}],"about":[{"href":"https:\/\/euvapz.com\/hu\/wp-json\/wp\/v2\/types\/product"}],"replies":[{"embeddable":true,"href":"https:\/\/euvapz.com\/hu\/wp-json\/wp\/v2\/comments?post=26892"}],"version-history":[{"count":5,"href":"https:\/\/euvapz.com\/hu\/wp-json\/wp\/v2\/product\/26892\/revisions"}],"predecessor-version":[{"id":33921,"href":"https:\/\/euvapz.com\/hu\/wp-json\/wp\/v2\/product\/26892\/revisions\/33921"}],"wp:featuredmedia":[{"embeddable":true,"href":"https:\/\/euvapz.com\/hu\/wp-json\/wp\/v2\/media\/33903"}],"wp:attachment":[{"href":"https:\/\/euvapz.com\/hu\/wp-json\/wp\/v2\/media?parent=26892"}],"wp:term":[{"taxonomy":"product_brand","embeddable":true,"href":"https:\/\/euvapz.com\/hu\/wp-json\/wp\/v2\/product_brand?post=26892"},{"taxonomy":"product_cat","embeddable":true,"href":"https:\/\/euvapz.com\/hu\/wp-json\/wp\/v2\/product_cat?post=26892"},{"taxonomy":"product_tag","embeddable":true,"href":"https:\/\/euvapz.com\/hu\/wp-json\/wp\/v2\/product_tag?post=26892"}],"curies":[{"name":"wp","href":"https:\/\/api.w.org\/{rel}","templated":true}]}}