{"id":28916,"date":"2025-03-21T09:39:25","date_gmt":"2025-03-21T09:39:25","guid":{"rendered":"https:\/\/euvapz.com\/?post_type=product&#038;p=28916"},"modified":"2025-08-21T02:43:30","modified_gmt":"2025-08-21T02:43:30","slug":"anu-crystal-10000-puffs-disposable-vape-high-performance-with-mesh-coil","status":"publish","type":"product","link":"https:\/\/euvapz.com\/hu\/termek\/anu-crystal-10000-puffs-disposable-vape-high-performance-with-mesh-coil\/","title":{"rendered":"ANU Crystal 10000 Puffs Disposable Vape High Performance with Mesh Coil"},"content":{"rendered":"<div class=\"flex max-w-full flex-col flex-grow\">\n<div class=\"min-h-8 text-message relative flex w-full flex-col items-end gap-2 whitespace-normal break-words text-start [.text-message+&amp;]:mt-5\" dir=\"auto\" data-message-author-role=\"assistant\" data-message-id=\"91bd177b-223e-4de7-9c79-a4498a1e5b77\" data-message-model-slug=\"gpt-4o\">\n<div class=\"flex w-full flex-col gap-1 empty:hidden first:pt-[3px]\">\n<div class=\"markdown prose w-full break-words dark:prose-invert light\">\n<p data-start=\"141\" data-end=\"474\"><img fetchpriority=\"high\" decoding=\"async\" class=\"alignnone size-full wp-image-28918\" src=\"https:\/\/euvapz.com\/wp-content\/uploads\/2025\/03\/ANU-Crystal-10000-Puffs-Disposable-Vape-High-Performance-with-Mesh-Coil-1.webp\" alt=\"ANU Crystal 10000 Puffs Disposable Vape High Performance with Mesh Coil\" width=\"1000\" height=\"1000\" srcset=\"https:\/\/euvapz.com\/wp-content\/uploads\/2025\/03\/ANU-Crystal-10000-Puffs-Disposable-Vape-High-Performance-with-Mesh-Coil-1.webp 1000w, https:\/\/euvapz.com\/wp-content\/uploads\/2025\/03\/ANU-Crystal-10000-Puffs-Disposable-Vape-High-Performance-with-Mesh-Coil-1-300x300.webp 300w, https:\/\/euvapz.com\/wp-content\/uploads\/2025\/03\/ANU-Crystal-10000-Puffs-Disposable-Vape-High-Performance-with-Mesh-Coil-1-800x800.webp 800w, https:\/\/euvapz.com\/wp-content\/uploads\/2025\/03\/ANU-Crystal-10000-Puffs-Disposable-Vape-High-Performance-with-Mesh-Coil-1-150x150.webp 150w, https:\/\/euvapz.com\/wp-content\/uploads\/2025\/03\/ANU-Crystal-10000-Puffs-Disposable-Vape-High-Performance-with-Mesh-Coil-1-768x768.webp 768w, https:\/\/euvapz.com\/wp-content\/uploads\/2025\/03\/ANU-Crystal-10000-Puffs-Disposable-Vape-High-Performance-with-Mesh-Coil-1-12x12.webp 12w, https:\/\/euvapz.com\/wp-content\/uploads\/2025\/03\/ANU-Crystal-10000-Puffs-Disposable-Vape-High-Performance-with-Mesh-Coil-1-430x430.webp 430w, https:\/\/euvapz.com\/wp-content\/uploads\/2025\/03\/ANU-Crystal-10000-Puffs-Disposable-Vape-High-Performance-with-Mesh-Coil-1-700x700.webp 700w\" sizes=\"(max-width: 1000px) 100vw, 1000px\" \/><\/p>\n<p data-start=\"141\" data-end=\"474\">A <strong data-start=\"145\" data-end=\"188\">ANU Crystal 10000 Puffs Disposable Vape<\/strong> is designed for those seeking a reliable, high-performance vaping experience. With up to <strong data-start=\"278\" data-end=\"293\">10000 puffs<\/strong>, this vape ensures extended satisfaction without compromising on flavor or quality. Perfect for vapers who want a device that lasts while delivering a smooth, enjoyable experience.<\/p>\n<p data-start=\"476\" data-end=\"817\">Felszerelve egy <strong data-start=\"492\" data-end=\"523\">650mAh \u00fajrat\u00f6lthet\u0151 akkumul\u00e1tor<\/strong>, a <strong data-start=\"529\" data-end=\"544\">ANU Crystal<\/strong> provides consistent power throughout your sessions. The <strong data-start=\"601\" data-end=\"625\">C-t\u00edpus\u00fa gyors t\u00f6lt\u00e9s<\/strong> ensures that you\u2019re always ready to vape, with minimal downtime. The advanced <strong data-start=\"704\" data-end=\"717\">h\u00e1l\u00f3s tekercs<\/strong> technology enhances vapor production and flavor, giving you a smooth and rich draw with every puff.<\/p>\n<p data-start=\"819\" data-end=\"1171\">El\u0151re felt\u00f6ltve <strong data-start=\"835\" data-end=\"863\">18mL of premium e-liquid<\/strong>, a <strong data-start=\"869\" data-end=\"884\">ANU Crystal<\/strong> offers a satisfying nicotine experience with nicotine strengths of <strong data-start=\"952\" data-end=\"970\">0%, 2%, \u00e9s 5%<\/strong>, catering to a variety of preferences. The <strong data-start=\"1014\" data-end=\"1036\">\u00e1ll\u00edthat\u00f3 l\u00e9g\u00e1raml\u00e1s<\/strong> allows you to customize your draw, whether you prefer a tighter hit or a more open inhale, adding versatility to your vaping sessions.<\/p>\n<p data-start=\"1173\" data-end=\"1445\">Choose from a wide range of exciting flavors, including <strong data-start=\"1229\" data-end=\"1248\">Eper Kiwi<\/strong>, <strong data-start=\"1250\" data-end=\"1274\">Tropical Fruit Punch<\/strong>, \u00e9s <strong data-start=\"1280\" data-end=\"1298\">G\u00f6r\u00f6gdinnye j\u00e9g<\/strong>. Whether you&#8217;re in the mood for fruity, icy, or refreshing flavors, the <strong data-start=\"1371\" data-end=\"1414\">ANU Crystal 10000 Puffs Disposable Vape<\/strong> has something for every vaper.<\/p>\n<p data-start=\"1447\" data-end=\"1602\">Take your vaping experience to the next level with the <strong data-start=\"1502\" data-end=\"1545\">ANU Crystal 10000 Puffs Disposable Vape<\/strong>\u2014a perfect blend of performance, flavor, and convenience.<\/p>\n<p data-start=\"1604\" data-end=\"1649\"><strong data-start=\"1604\" data-end=\"1631\">ANU Crystal 10000 Puffs<\/strong><br data-start=\"1631\" data-end=\"1634\" \/><strong data-start=\"1634\" data-end=\"1647\">Jellemz\u0151k:<\/strong><\/p>\n<ul data-start=\"1650\" data-end=\"1812\">\n<li data-start=\"1650\" data-end=\"1676\"><strong data-start=\"1652\" data-end=\"1661\">Puffok<\/strong>: Up to 10000<\/li>\n<li data-start=\"1677\" data-end=\"1707\"><strong data-start=\"1679\" data-end=\"1687\">Core<\/strong>: Mesh Coil 0.8ohm<\/li>\n<li data-start=\"1708\" data-end=\"1730\"><strong data-start=\"1710\" data-end=\"1722\">E-folyad\u00e9k<\/strong>: 18mL<\/li>\n<li data-start=\"1731\" data-end=\"1759\"><strong data-start=\"1733\" data-end=\"1745\">Nikotin<\/strong>: 0%, 2%, 5%<\/li>\n<li data-start=\"1760\" data-end=\"1783\"><strong data-start=\"1762\" data-end=\"1773\">Akkumul\u00e1tor<\/strong>: 650mAh<\/li>\n<li data-start=\"1784\" data-end=\"1812\"><strong data-start=\"1786\" data-end=\"1802\">\u00dajrat\u00f6lthet\u0151<\/strong>: Type-C<\/li>\n<\/ul>\n<p data-start=\"1814\" data-end=\"1862\"><strong data-start=\"1814\" data-end=\"1841\">ANU Crystal 10000 Puffs<\/strong><br data-start=\"1841\" data-end=\"1844\" \/><strong data-start=\"1844\" data-end=\"1860\">\u00cdzek list\u00e1ja:<\/strong><\/p>\n<ul data-start=\"1863\" data-end=\"2116\">\n<li data-start=\"1863\" data-end=\"1882\">Eper Kiwi<\/li>\n<li data-start=\"1883\" data-end=\"1898\">Cherry Cola<\/li>\n<li data-start=\"1899\" data-end=\"1923\">Tropical Fruit Punch<\/li>\n<li data-start=\"1924\" data-end=\"1937\">Barack j\u00e9g<\/li>\n<li data-start=\"1938\" data-end=\"1968\">Blueberry Cranberry Cherry<\/li>\n<li data-start=\"1969\" data-end=\"1991\">Blue Razz limon\u00e1d\u00e9<\/li>\n<li data-start=\"1992\" data-end=\"2018\">Passionfruit Melon Ice<\/li>\n<li data-start=\"2019\" data-end=\"2035\">Energiaital<\/li>\n<li data-start=\"2036\" data-end=\"2054\">Eper j\u00e9g<\/li>\n<li data-start=\"2055\" data-end=\"2082\">Kiwi Passionfruit Guava<\/li>\n<li data-start=\"2083\" data-end=\"2101\">G\u00f6r\u00f6gdinnye j\u00e9g<\/li>\n<li data-start=\"2102\" data-end=\"2116\">Cherry Ice<\/li>\n<\/ul>\n<p data-start=\"2118\" data-end=\"2329\">A <strong data-start=\"2122\" data-end=\"2149\">ANU Crystal 10000 Puffs<\/strong> provides a long-lasting vaping experience with enhanced flavor and consistent power. It\u2019s the perfect choice for those who want quality, flavor, and convenience all in one device.<\/p>\n<h2 data-start=\"2118\" data-end=\"2329\">\t\t\t<link rel=\"stylesheet\" id=\"elementor-post-32801-css\" href=\"https:\/\/euvapz.com\/wp-content\/uploads\/elementor\/css\/post-32801.css?ver=1775243812\" type=\"text\/css\" media=\"all\">\n\t\t\t\t\t<div data-elementor-type=\"wp-post\" data-elementor-id=\"32801\" class=\"elementor elementor-32801\" data-elementor-post-type=\"cms_block\">\n\t\t\t\t<div class=\"wd-negative-gap elementor-element elementor-element-311ef4d e-flex e-con-boxed e-con e-parent\" data-id=\"311ef4d\" data-element_type=\"container\">\n\t\t\t\t\t<div class=\"e-con-inner\">\n\t\t\t\t<div class=\"elementor-element elementor-element-354d55bb color-scheme-inherit text-left elementor-widget elementor-widget-text-editor\" data-id=\"354d55bb\" data-element_type=\"widget\" data-widget_type=\"text-editor.default\">\n\t\t\t\t<div class=\"elementor-widget-container\">\n\t\t\t\t\t\t\t\t\t&nbsp;\n\n<script src=\"chrome-extension:\/\/fpelahbljekknahkcaegamhcndkfpfnc\/iFrame.js\" type=\"text\/javascript\"><\/script>\t\t\t\t\t\t\t\t<\/div>\n\t\t\t\t<\/div>\n\t\t\t\t\t<\/div>\n\t\t\t\t<\/div>\n\t\t<div class=\"wd-negative-gap elementor-element elementor-element-2f4b93b0 e-flex e-con-boxed e-con e-parent\" data-id=\"2f4b93b0\" data-element_type=\"container\">\n\t\t\t\t\t<div class=\"e-con-inner\">\n\t\t\t\t\t<\/div>\n\t\t\t\t<\/div>\n\t\t<div class=\"wd-negative-gap elementor-element elementor-element-200eec29 e-flex e-con-boxed e-con e-parent\" data-id=\"200eec29\" data-element_type=\"container\">\n\t\t\t\t\t<div class=\"e-con-inner\">\n\t\t\t\t<div class=\"elementor-element elementor-element-19faf1ba color-scheme-inherit text-left elementor-widget elementor-widget-text-editor\" data-id=\"19faf1ba\" data-element_type=\"widget\" data-widget_type=\"text-editor.default\">\n\t\t\t\t<div class=\"elementor-widget-container\">\n\t\t\t\t\t\t\t\t\t<h2><em><strong>GYIK<\/strong><\/em><\/h2><ul><li><h2><em><strong>Milyen sz\u00e1ll\u00edt\u00e1si m\u00f3dokat haszn\u00e1l?<\/strong><\/em><\/h2><\/li><li><h2><em><strong><span style=\"color: #333333; font-size: 16px;\">Olyan megb\u00edzhat\u00f3 sz\u00e1ll\u00edtm\u00e1nyoz\u00f3kkal dolgozunk egy\u00fctt, mint a UPS, a DHL, a FedEx \u00e9s a DPD. A c\u00e9lorsz\u00e1gt\u00f3l f\u00fcgg\u0151en kiv\u00e1lasztjuk a legjobb sz\u00e1ll\u00edt\u00e1si m\u00f3dot, hogy biztos\u00edtsuk term\u00e9kei gyors \u00e9s biztons\u00e1gos k\u00e9zbes\u00edt\u00e9s\u00e9t.<\/span><\/strong><\/em><\/h2><\/li><\/ul><ul><li><h2><em><strong>Mennyi id\u0151 alatt \u00e9rkezik meg a rendel\u00e9sem?<\/strong><\/em><\/h2><\/li><\/ul><p data-start=\"340\" data-end=\"490\"><em><strong>\u00a0 \u00a0 \u00a0 A sz\u00e1ll\u00edt\u00e1s \u00e1ltal\u00e1ban 7-15 munkanapot vesz ig\u00e9nybe. A f\u0151sz\u00fcnid\u0151ben vagy kedvez\u0151tlen id\u0151j\u00e1r\u00e1si k\u00f6r\u00fclm\u00e9nyek k\u00f6z\u00f6tt azonban ak\u00e1r 20 munkanap is lehet.<\/strong><\/em><\/p><ul><li data-start=\"492\" data-end=\"539\"><h2><em><strong>A rendel\u00e9sem gond n\u00e9lk\u00fcl v\u00e1mkezelhet\u0151 lesz?<\/strong><\/em><\/h2><\/li><li data-start=\"492\" data-end=\"539\"><h2><em><strong><span style=\"color: #333333; font-size: 16px;\">Minden v\u00e1mkezel\u00e9st mi int\u00e9z\u00fcnk az \u00d6n sz\u00e1m\u00e1ra, \u00edgy biztos\u00edtva a z\u00f6kken\u0151mentes sz\u00e1ll\u00edt\u00e1st mindenf\u00e9le extra ad\u00f3 vagy d\u00edj n\u00e9lk\u00fcl. Garant\u00e1ljuk, hogy 100% k\u00fcldem\u00e9nyeinket gond n\u00e9lk\u00fcl v\u00e1mkezelj\u00fck.<\/span><\/strong><\/em><\/h2><\/li><\/ul><ul><li data-start=\"718\" data-end=\"747\"><h2><em><strong>Megb\u00edzhatok a szolg\u00e1ltat\u00e1s\u00e1ban?<\/strong><\/em><\/h2><\/li><li data-start=\"718\" data-end=\"747\"><h2><em><strong><span style=\"color: #333333; font-size: 16px;\">Abszol\u00fat! Elfogadjuk a PayPal biztons\u00e1gos fizet\u00e9st, \u00e9s a v\u00e1s\u00e1rl\u00e1st a PayPal v\u00e1s\u00e1rl\u00f3i v\u00e9delme v\u00e9di. A TrustPilot-\u00e9rt\u00e9kel\u00e9seinket is megtekintheti, hogy megtudja, mit mondanak r\u00f3lunk m\u00e1s v\u00e1s\u00e1rl\u00f3k.<\/span><\/strong><\/em><\/h2><\/li><\/ul>\t\t\t\t\t\t\t\t<\/div>\n\t\t\t\t<\/div>\n\t\t\t\t\t<\/div>\n\t\t\t\t<\/div>\n\t\t<div class=\"wd-negative-gap elementor-element elementor-element-d4517fd e-flex e-con-boxed e-con e-parent\" data-id=\"d4517fd\" data-element_type=\"container\">\n\t\t\t\t\t<div class=\"e-con-inner\">\n\t\t\t\t<div class=\"elementor-element elementor-element-11cb93e5 elementor-widget elementor-widget-wd_button\" data-id=\"11cb93e5\" data-element_type=\"widget\" data-widget_type=\"wd_button.default\">\n\t\t\t\t<div class=\"elementor-widget-container\">\n\t\t\t\t\t\t\t<div class=\"wd-button-wrapper text-left\" >\n\t\t\t<a class=\"btn btn-style-link btn-style- btn-size-extra-large btn-scheme-inherit btn-scheme-hover-custom btn-icon-pos-right\"  href=\"https:\/\/euvapz.com\/hu\/faqs\/\">\n\t\t\t\t<span class=\"wd-btn-text\" data-elementor-setting-key=\"text\">\n\t\t\t\t\tKattintson ide tov\u00e1bbi GYIK-\u00e9rt.\t\t\t\t<\/span>\n\n\t\t\t\t\t\t\t<\/a>\n\t\t<\/div>\n\t\t\t\t\t\t<\/div>\n\t\t\t\t<\/div>\n\t\t\t\t\t<\/div>\n\t\t\t\t<\/div>\n\t\t\t\t<\/div>\n\t\t<\/h2>\n<\/div>\n<\/div>\n<\/div>\n<\/div>\n<p><script src=\"chrome-extension:\/\/fpelahbljekknahkcaegamhcndkfpfnc\/iFrame.js\" type=\"text\/javascript\"><\/script><\/p>\n<p><script src=\"chrome-extension:\/\/fpelahbljekknahkcaegamhcndkfpfnc\/iFrame.js\" type=\"text\/javascript\"><\/script><\/p>","protected":false},"excerpt":{"rendered":"<div class=\"flex max-w-full flex-col flex-grow\">\n<div class=\"min-h-8 text-message relative flex w-full flex-col items-end gap-2 whitespace-normal break-words text-start [.text-message+&amp;]:mt-5\" dir=\"auto\" data-message-author-role=\"assistant\" data-message-id=\"459881c8-2479-4965-8395-7c67dd300a0c\" data-message-model-slug=\"gpt-4o\">\n<div class=\"flex w-full flex-col gap-1 empty:hidden first:pt-[3px]\">\n<div class=\"markdown prose w-full break-words dark:prose-invert light\">\n<p data-start=\"420\" data-end=\"661\" data-is-last-node=\"\">A <strong data-start=\"424\" data-end=\"467\">ANU Crystal 10000 Puffs Disposable Vape<\/strong> biztos\u00edtja a <strong data-start=\"477\" data-end=\"500\">0%, 2%, 5% nicotine<\/strong> options, mesh coil technology, and exciting flavors like <strong data-start=\"558\" data-end=\"580\">Blue Razz limon\u00e1d\u00e9<\/strong>, <strong data-start=\"582\" data-end=\"600\">Eper j\u00e9g<\/strong>, \u00e9s <strong data-start=\"606\" data-end=\"622\">Energiaital<\/strong> for a smooth, long-lasting experience.<\/p>\n<\/div>\n<\/div>\n<\/div>\n<\/div>\n<div class=\"mb-2 flex gap-3 -ml-2\">\n<div class=\"flex items-center justify-start rounded-xl p-1\">\n<div><\/div>\n<\/div>\n<\/div>","protected":false},"featured_media":33722,"comment_status":"open","ping_status":"closed","template":"","meta":[],"product_brand":[184],"product_cat":[185],"product_tag":[],"class_list":{"0":"post-28916","1":"product","2":"type-product","3":"status-publish","4":"has-post-thumbnail","6":"product_brand-anu-disposable-vape","7":"product_cat-anu-disposable-vape","9":"first","10":"outofstock","11":"shipping-taxable","12":"purchasable","13":"product-type-variable"},"_links":{"self":[{"href":"https:\/\/euvapz.com\/hu\/wp-json\/wp\/v2\/product\/28916","targetHints":{"allow":["GET"]}}],"collection":[{"href":"https:\/\/euvapz.com\/hu\/wp-json\/wp\/v2\/product"}],"about":[{"href":"https:\/\/euvapz.com\/hu\/wp-json\/wp\/v2\/types\/product"}],"replies":[{"embeddable":true,"href":"https:\/\/euvapz.com\/hu\/wp-json\/wp\/v2\/comments?post=28916"}],"version-history":[{"count":5,"href":"https:\/\/euvapz.com\/hu\/wp-json\/wp\/v2\/product\/28916\/revisions"}],"predecessor-version":[{"id":33887,"href":"https:\/\/euvapz.com\/hu\/wp-json\/wp\/v2\/product\/28916\/revisions\/33887"}],"wp:featuredmedia":[{"embeddable":true,"href":"https:\/\/euvapz.com\/hu\/wp-json\/wp\/v2\/media\/33722"}],"wp:attachment":[{"href":"https:\/\/euvapz.com\/hu\/wp-json\/wp\/v2\/media?parent=28916"}],"wp:term":[{"taxonomy":"product_brand","embeddable":true,"href":"https:\/\/euvapz.com\/hu\/wp-json\/wp\/v2\/product_brand?post=28916"},{"taxonomy":"product_cat","embeddable":true,"href":"https:\/\/euvapz.com\/hu\/wp-json\/wp\/v2\/product_cat?post=28916"},{"taxonomy":"product_tag","embeddable":true,"href":"https:\/\/euvapz.com\/hu\/wp-json\/wp\/v2\/product_tag?post=28916"}],"curies":[{"name":"wp","href":"https:\/\/api.w.org\/{rel}","templated":true}]}}