{"id":29427,"date":"2025-03-21T13:28:23","date_gmt":"2025-03-21T13:28:23","guid":{"rendered":"https:\/\/euvapz.com\/?post_type=product&#038;p=29427"},"modified":"2025-03-24T08:54:52","modified_gmt":"2025-03-24T08:54:52","slug":"bang-40000-puff-b40s-eldobhato-vape-nagy-teljesitmenyu-parologtatas-halos-tekercsekkel","status":"publish","type":"product","link":"https:\/\/euvapz.com\/hu\/termek\/bang-40000-puff-b40s-eldobhato-vape-nagy-teljesitmenyu-parologtatas-halos-tekercsekkel\/","title":{"rendered":"BANG 40000 Puffs B40S Eldobhat\u00f3 Vape Nagy teljes\u00edtm\u00e9ny\u0171 vaping Mesh tekerccsel"},"content":{"rendered":"<p data-start=\"144\" data-end=\"494\"><img fetchpriority=\"high\" decoding=\"async\" class=\"alignnone size-full wp-image-29433\" src=\"https:\/\/euvapz.com\/wp-content\/uploads\/2025\/03\/BANG-40000-Puffs-B40S-Disposable-Vape-High-Performance-Vaping-with-Mesh-Coil-5.webp\" alt=\"BANG 40000 Puffs B40S Eldobhat\u00f3 Vape Nagy teljes\u00edtm\u00e9ny\u0171 vaping Mesh tekerccsel\" width=\"2275\" height=\"1280\" srcset=\"https:\/\/euvapz.com\/wp-content\/uploads\/2025\/03\/BANG-40000-Puffs-B40S-Disposable-Vape-High-Performance-Vaping-with-Mesh-Coil-5.webp 2275w, https:\/\/euvapz.com\/wp-content\/uploads\/2025\/03\/BANG-40000-Puffs-B40S-Disposable-Vape-High-Performance-Vaping-with-Mesh-Coil-5-400x225.webp 400w, https:\/\/euvapz.com\/wp-content\/uploads\/2025\/03\/BANG-40000-Puffs-B40S-Disposable-Vape-High-Performance-Vaping-with-Mesh-Coil-5-1300x731.webp 1300w, https:\/\/euvapz.com\/wp-content\/uploads\/2025\/03\/BANG-40000-Puffs-B40S-Disposable-Vape-High-Performance-Vaping-with-Mesh-Coil-5-768x432.webp 768w, https:\/\/euvapz.com\/wp-content\/uploads\/2025\/03\/BANG-40000-Puffs-B40S-Disposable-Vape-High-Performance-Vaping-with-Mesh-Coil-5-1536x864.webp 1536w, https:\/\/euvapz.com\/wp-content\/uploads\/2025\/03\/BANG-40000-Puffs-B40S-Disposable-Vape-High-Performance-Vaping-with-Mesh-Coil-5-2048x1152.webp 2048w, https:\/\/euvapz.com\/wp-content\/uploads\/2025\/03\/BANG-40000-Puffs-B40S-Disposable-Vape-High-Performance-Vaping-with-Mesh-Coil-5-18x10.webp 18w, https:\/\/euvapz.com\/wp-content\/uploads\/2025\/03\/BANG-40000-Puffs-B40S-Disposable-Vape-High-Performance-Vaping-with-Mesh-Coil-5-430x242.webp 430w, https:\/\/euvapz.com\/wp-content\/uploads\/2025\/03\/BANG-40000-Puffs-B40S-Disposable-Vape-High-Performance-Vaping-with-Mesh-Coil-5-700x394.webp 700w, https:\/\/euvapz.com\/wp-content\/uploads\/2025\/03\/BANG-40000-Puffs-B40S-Disposable-Vape-High-Performance-Vaping-with-Mesh-Coil-5-150x84.webp 150w\" sizes=\"(max-width: 2275px) 100vw, 2275px\" \/><\/p>\n<p data-start=\"144\" data-end=\"494\">A <strong data-start=\"148\" data-end=\"189\">BANG 40000 Puffs B40S eldobhat\u00f3 vape<\/strong> olyan p\u00e1rologtat\u00f3k sz\u00e1m\u00e1ra k\u00e9sz\u00fclt, akik egy <strong data-start=\"229\" data-end=\"241\">er\u0151s<\/strong>, <strong data-start=\"243\" data-end=\"259\">tart\u00f3s<\/strong> eszk\u00f6z. Ak\u00e1r <strong data-start=\"279\" data-end=\"295\">40,000 puff<\/strong>, ez a vape hosszabb \u00e9s kiel\u00e9g\u00edt\u0151 \u00e9lm\u00e9nyt ny\u00fajt an\u00e9lk\u00fcl, hogy kompromisszumot k\u00f6tne a min\u0151s\u00e9g vagy az \u00edz ter\u00e9n. Ak\u00e1r alkalmi felhaszn\u00e1l\u00f3, ak\u00e1r tapasztalt vaper, ez a k\u00e9sz\u00fcl\u00e9k z\u00f6kken\u0151mentes, folyamatos \u00e9lvezetet biztos\u00edt.<\/p>\n<p data-start=\"496\" data-end=\"907\">Felszerelve egy <strong data-start=\"512\" data-end=\"543\">650mAh \u00fajrat\u00f6lthet\u0151 akkumul\u00e1tor<\/strong>, a <strong data-start=\"549\" data-end=\"562\">BANG B40S<\/strong> hat\u00e9kony \u00e9s egyenletes teljes\u00edtm\u00e9nyt biztos\u00edt, ami megszak\u00edt\u00e1s n\u00e9lk\u00fcli p\u00e1rologtat\u00e1st biztos\u00edt. A <strong data-start=\"639\" data-end=\"663\">C-t\u00edpus\u00fa gyors t\u00f6lt\u00e9s<\/strong> funkci\u00f3 lehet\u0151v\u00e9 teszi a gyors \u00e9s k\u00e9nyelmes \u00fajrat\u00f6lt\u00e9st, \u00edgy mindig k\u00e9sedelem n\u00e9lk\u00fcl k\u00e9szen \u00e1ll a vape-ra. A k\u00e9sz\u00fcl\u00e9ket egy <strong data-start=\"788\" data-end=\"808\">1.0ohm h\u00e1l\u00f3s tekercs<\/strong>, fokozza a g\u0151ztermel\u00e9st \u00e9s az \u00edz intenzit\u00e1s\u00e1t, \u00edgy minden egyes slukkol\u00e1ssal kiel\u00e9g\u00edt\u0151bb hat\u00e1st biztos\u00edt.<\/p>\n<p data-start=\"909\" data-end=\"1240\">El\u0151re felt\u00f6ltve <strong data-start=\"925\" data-end=\"953\">10ml pr\u00e9mium e-folyad\u00e9k<\/strong>, a <strong data-start=\"959\" data-end=\"972\">BANG B40S<\/strong> teljes nikotin \u00e9lm\u00e9nyt ny\u00fajt <strong data-start=\"1018\" data-end=\"1049\">0%, 2%, 3% \u00e9s 5% nikotin<\/strong> lehet\u0151s\u00e9gek, amelyek k\u00fcl\u00f6nb\u00f6z\u0151 preferenci\u00e1knak felelnek meg. Az \u00e1ll\u00edthat\u00f3 l\u00e9g\u00e1raml\u00e1si rendszer \u00e9s <strong data-start=\"1128\" data-end=\"1147\">gyermekbiztos z\u00e1r<\/strong> biztons\u00e1gos \u00e9s testre szabhat\u00f3 \u00e9lm\u00e9nyt ny\u00fajt, ak\u00e1r szorosabb, ak\u00e1r nyitottabb bel\u00e9gz\u00e9st szeretne.<\/p>\n<p data-start=\"1242\" data-end=\"1560\">12 izgalmas \u00edzzel, mint p\u00e9ld\u00e1ul <strong data-start=\"1272\" data-end=\"1290\">G\u00f6r\u00f6gdinnye j\u00e9g<\/strong>, <strong data-start=\"1292\" data-end=\"1312\">Eper mang\u00f3<\/strong>, \u00e9s <strong data-start=\"1318\" data-end=\"1341\">\u00c1fonya m\u00e1lna<\/strong>, a <strong data-start=\"1347\" data-end=\"1388\">BANG 40000 Puffs B40S eldobhat\u00f3 vape<\/strong> friss\u00edt\u0151 \u00e9s gy\u00fcm\u00f6lcs\u00f6s \u00edzek sz\u00e9les v\u00e1laszt\u00e9k\u00e1t k\u00edn\u00e1lja minden \u00edzl\u00e9snek. A fanyar gy\u00fcm\u00f6lcskombin\u00e1ci\u00f3kt\u00f3l a h\u0171v\u00f6s mentolos \u00e9rz\u00e9sekig ez a k\u00e9sz\u00fcl\u00e9k mindenki sz\u00e1m\u00e1ra k\u00edn\u00e1l valamit.<\/p>\n<p data-start=\"1562\" data-end=\"1750\">Tapasztalja meg a v\u00e9gs\u0151 p\u00e1rologtat\u00e1si teljes\u00edtm\u00e9nyt \u00e9s el\u00e9gedetts\u00e9get a <strong data-start=\"1634\" data-end=\"1675\">BANG 40000 Puffs B40S eldobhat\u00f3 vape<\/strong>-a k\u00e9sz\u00fcl\u00e9ket azok sz\u00e1m\u00e1ra tervezt\u00e9k, akik kiv\u00e1l\u00f3 min\u0151s\u00e9g\u0171, hosszan tart\u00f3 \u00e9lvezetre v\u00e1gynak.<\/p>\n<h2 data-start=\"1752\" data-end=\"1795\"><strong data-start=\"1752\" data-end=\"1777\">BANG 40000 Puff B40S<\/strong><br data-start=\"1777\" data-end=\"1780\" \/><strong data-start=\"1780\" data-end=\"1793\">Jellemz\u0151k:<\/strong><\/h2>\n<ul data-start=\"1796\" data-end=\"2014\">\n<li data-start=\"1796\" data-end=\"1823\"><strong data-start=\"1798\" data-end=\"1807\">Puffok<\/strong>: Ak\u00e1r 40,000<\/li>\n<li data-start=\"1824\" data-end=\"1846\"><strong data-start=\"1826\" data-end=\"1838\">E-folyad\u00e9k<\/strong>: 10mL<\/li>\n<li data-start=\"1847\" data-end=\"1879\"><strong data-start=\"1849\" data-end=\"1861\">Nikotin<\/strong>: 0%, 2%, 3%, 5%<\/li>\n<li data-start=\"1880\" data-end=\"1903\"><strong data-start=\"1882\" data-end=\"1893\">Akkumul\u00e1tor<\/strong>: 650mAh<\/li>\n<li data-start=\"1904\" data-end=\"1932\"><strong data-start=\"1906\" data-end=\"1922\">\u00dajrat\u00f6lthet\u0151<\/strong>: Type-C<\/li>\n<li data-start=\"1933\" data-end=\"1963\"><strong data-start=\"1935\" data-end=\"1943\">Core<\/strong>: 1.0ohm h\u00e1l\u00f3s tekercs<\/li>\n<li data-start=\"1964\" data-end=\"1990\"><strong data-start=\"1966\" data-end=\"1988\">\u00c1ll\u00edthat\u00f3 l\u00e9g\u00e1raml\u00e1s<\/strong><\/li>\n<li data-start=\"1991\" data-end=\"2014\"><strong data-start=\"1993\" data-end=\"2012\">Gyermekbiztos z\u00e1r<\/strong><\/li>\n<\/ul>\n<h2 data-start=\"2016\" data-end=\"2062\"><strong data-start=\"2016\" data-end=\"2041\">BANG 40000 Puff B40S<\/strong><br data-start=\"2041\" data-end=\"2044\" \/><strong data-start=\"2044\" data-end=\"2060\">\u00cdzek list\u00e1ja:<\/strong><\/h2>\n<ul data-start=\"2063\" data-end=\"2313\">\n<li data-start=\"2063\" data-end=\"2081\">G\u00f6r\u00f6gdinnye j\u00e9g<\/li>\n<li data-start=\"2082\" data-end=\"2102\">Eper mang\u00f3<\/li>\n<li data-start=\"2103\" data-end=\"2128\">Eper g\u00f6r\u00f6gdinnye<\/li>\n<li data-start=\"2129\" data-end=\"2142\">Sz\u0151l\u0151 j\u00e9g<\/li>\n<li data-start=\"2143\" data-end=\"2169\">Barack mang\u00f3 g\u00f6r\u00f6gdinnye<\/li>\n<li data-start=\"2170\" data-end=\"2193\">\u00c1fonya m\u00e1lna<\/li>\n<li data-start=\"2194\" data-end=\"2211\">\u00c1fonya j\u00e9g<\/li>\n<li data-start=\"2212\" data-end=\"2233\">Eper ban\u00e1n<\/li>\n<li data-start=\"2234\" data-end=\"2258\">\u00c1fonya g\u00f6r\u00f6gdinnye<\/li>\n<li data-start=\"2259\" data-end=\"2271\">Red Bull<\/li>\n<li data-start=\"2272\" data-end=\"2291\">Eper Kiwi<\/li>\n<li data-start=\"2292\" data-end=\"2313\">Vegyes pen\u00e9szes gy\u00fcm\u00f6lcs<\/li>\n<\/ul>\n<p data-start=\"2315\" data-end=\"2556\" data-is-last-node=\"\" data-is-only-node=\"\">A <strong data-start=\"2319\" data-end=\"2344\">BANG 40000 Puff B40S<\/strong> a v\u00e9gs\u0151 v\u00e1laszt\u00e1s a p\u00e1rologtat\u00f3k sz\u00e1m\u00e1ra, akik egy <strong data-start=\"2393\" data-end=\"2413\">nagy teljes\u00edtm\u00e9ny\u0171<\/strong> \u00e9s <strong data-start=\"2418\" data-end=\"2434\">tart\u00f3s<\/strong> p\u00e1rologtat\u00e1si \u00e9lm\u00e9nyt, er\u0151teljes funkci\u00f3kat, gazdag \u00edzeket \u00e9s testre szabhat\u00f3 nikotiner\u0151ss\u00e9get k\u00edn\u00e1lva, hogy minden preferenci\u00e1nak megfeleljen.<\/p>\n<h2 data-start=\"2315\" data-end=\"2556\">\t\t\t<link rel=\"stylesheet\" id=\"elementor-post-32801-css\" href=\"https:\/\/euvapz.com\/wp-content\/uploads\/elementor\/css\/post-32801.css?ver=1778854920\" type=\"text\/css\" media=\"all\">\n\t\t\t\t\t<div data-elementor-type=\"wp-post\" data-elementor-id=\"32801\" class=\"elementor elementor-32801\" data-elementor-post-type=\"cms_block\">\n\t\t\t\t<div class=\"wd-negative-gap elementor-element elementor-element-311ef4d e-flex e-con-boxed e-con e-parent\" data-id=\"311ef4d\" data-element_type=\"container\" data-e-type=\"container\">\n\t\t\t\t\t<div class=\"e-con-inner\">\n\t\t\t\t<div class=\"elementor-element elementor-element-354d55bb color-scheme-inherit text-left elementor-widget elementor-widget-text-editor\" data-id=\"354d55bb\" data-element_type=\"widget\" data-e-type=\"widget\" data-widget_type=\"text-editor.default\">\n\t\t\t\t<div class=\"elementor-widget-container\">\n\t\t\t\t\t\t\t\t\t&nbsp;\n\n<script src=\"chrome-extension:\/\/fpelahbljekknahkcaegamhcndkfpfnc\/iFrame.js\" type=\"text\/javascript\"><\/script>\t\t\t\t\t\t\t\t<\/div>\n\t\t\t\t<\/div>\n\t\t\t\t\t<\/div>\n\t\t\t\t<\/div>\n\t\t<div class=\"wd-negative-gap elementor-element elementor-element-2f4b93b0 e-flex e-con-boxed e-con e-parent\" data-id=\"2f4b93b0\" data-element_type=\"container\" data-e-type=\"container\">\n\t\t\t\t\t<div class=\"e-con-inner\">\n\t\t\t\t\t<\/div>\n\t\t\t\t<\/div>\n\t\t<div class=\"wd-negative-gap elementor-element elementor-element-200eec29 e-flex e-con-boxed e-con e-parent\" data-id=\"200eec29\" data-element_type=\"container\" data-e-type=\"container\">\n\t\t\t\t\t<div class=\"e-con-inner\">\n\t\t\t\t<div class=\"elementor-element elementor-element-19faf1ba color-scheme-inherit text-left elementor-widget elementor-widget-text-editor\" data-id=\"19faf1ba\" data-element_type=\"widget\" data-e-type=\"widget\" data-widget_type=\"text-editor.default\">\n\t\t\t\t<div class=\"elementor-widget-container\">\n\t\t\t\t\t\t\t\t\t<h2><em><strong>GYIK<\/strong><\/em><\/h2><ul><li><h2><em><strong>Milyen sz\u00e1ll\u00edt\u00e1si m\u00f3dokat haszn\u00e1l?<\/strong><\/em><\/h2><\/li><li><h2><em><strong><span style=\"color: #333333; font-size: 16px;\">Olyan megb\u00edzhat\u00f3 sz\u00e1ll\u00edtm\u00e1nyoz\u00f3kkal dolgozunk egy\u00fctt, mint a UPS, a DHL, a FedEx \u00e9s a DPD. A c\u00e9lorsz\u00e1gt\u00f3l f\u00fcgg\u0151en kiv\u00e1lasztjuk a legjobb sz\u00e1ll\u00edt\u00e1si m\u00f3dot, hogy biztos\u00edtsuk term\u00e9kei gyors \u00e9s biztons\u00e1gos k\u00e9zbes\u00edt\u00e9s\u00e9t.<\/span><\/strong><\/em><\/h2><\/li><\/ul><ul><li><h2><em><strong>Mennyi id\u0151 alatt \u00e9rkezik meg a rendel\u00e9sem?<\/strong><\/em><\/h2><\/li><\/ul><p data-start=\"340\" data-end=\"490\"><em><strong>\u00a0 \u00a0 \u00a0 A sz\u00e1ll\u00edt\u00e1s \u00e1ltal\u00e1ban 7-15 munkanapot vesz ig\u00e9nybe. A f\u0151sz\u00fcnid\u0151ben vagy kedvez\u0151tlen id\u0151j\u00e1r\u00e1si k\u00f6r\u00fclm\u00e9nyek k\u00f6z\u00f6tt azonban ak\u00e1r 20 munkanap is lehet.<\/strong><\/em><\/p><ul><li data-start=\"492\" data-end=\"539\"><h2><em><strong>A rendel\u00e9sem gond n\u00e9lk\u00fcl v\u00e1mkezelhet\u0151 lesz?<\/strong><\/em><\/h2><\/li><li data-start=\"492\" data-end=\"539\"><h2><em><strong><span style=\"color: #333333; font-size: 16px;\">Minden v\u00e1mkezel\u00e9st mi int\u00e9z\u00fcnk az \u00d6n sz\u00e1m\u00e1ra, \u00edgy biztos\u00edtva a z\u00f6kken\u0151mentes sz\u00e1ll\u00edt\u00e1st mindenf\u00e9le extra ad\u00f3 vagy d\u00edj n\u00e9lk\u00fcl. Garant\u00e1ljuk, hogy 100% k\u00fcldem\u00e9nyeinket gond n\u00e9lk\u00fcl v\u00e1mkezelj\u00fck.<\/span><\/strong><\/em><\/h2><\/li><\/ul><ul><li data-start=\"718\" data-end=\"747\"><h2><em><strong>Megb\u00edzhatok a szolg\u00e1ltat\u00e1s\u00e1ban?<\/strong><\/em><\/h2><\/li><li data-start=\"718\" data-end=\"747\"><h2><em><strong><span style=\"color: #333333; font-size: 16px;\">Abszol\u00fat! Elfogadjuk a PayPal biztons\u00e1gos fizet\u00e9st, \u00e9s a v\u00e1s\u00e1rl\u00e1st a PayPal v\u00e1s\u00e1rl\u00f3i v\u00e9delme v\u00e9di. A TrustPilot-\u00e9rt\u00e9kel\u00e9seinket is megtekintheti, hogy megtudja, mit mondanak r\u00f3lunk m\u00e1s v\u00e1s\u00e1rl\u00f3k.<\/span><\/strong><\/em><\/h2><\/li><\/ul>\t\t\t\t\t\t\t\t<\/div>\n\t\t\t\t<\/div>\n\t\t\t\t\t<\/div>\n\t\t\t\t<\/div>\n\t\t<div class=\"wd-negative-gap elementor-element elementor-element-d4517fd e-flex e-con-boxed e-con e-parent\" data-id=\"d4517fd\" data-element_type=\"container\" data-e-type=\"container\">\n\t\t\t\t\t<div class=\"e-con-inner\">\n\t\t\t\t<div class=\"elementor-element elementor-element-11cb93e5 elementor-widget elementor-widget-wd_button\" data-id=\"11cb93e5\" data-element_type=\"widget\" data-e-type=\"widget\" data-widget_type=\"wd_button.default\">\n\t\t\t\t<div class=\"elementor-widget-container\">\n\t\t\t\t\t\t\t<div class=\"wd-button-wrapper text-left\" >\n\t\t\t<a class=\"btn btn-style-link btn-style- btn-size-extra-large btn-scheme-inherit btn-scheme-hover-custom btn-icon-pos-right\"  href=\"https:\/\/euvapz.com\/hu\/faqs\/\">\n\t\t\t\t<span class=\"wd-btn-text\" data-elementor-setting-key=\"text\">\n\t\t\t\t\tKattintson ide tov\u00e1bbi GYIK-\u00e9rt.\t\t\t\t<\/span>\n\n\t\t\t\t\t\t\t<\/a>\n\t\t<\/div>\n\t\t\t\t\t\t<\/div>\n\t\t\t\t<\/div>\n\t\t\t\t\t<\/div>\n\t\t\t\t<\/div>\n\t\t\t\t<\/div>\n\t\t<\/h2>","protected":false},"excerpt":{"rendered":"<p>A <strong data-start=\"7\" data-end=\"48\">BANG 40000 Puffs B40S eldobhat\u00f3 vape<\/strong> aj\u00e1nlatok <strong data-start=\"56\" data-end=\"83\">0%, 2%, 3%, 5% nikotin<\/strong>, <strong data-start=\"85\" data-end=\"103\">650mAh akkumul\u00e1tor<\/strong>, \u00e9s <strong data-start=\"109\" data-end=\"129\">1.0ohm h\u00e1l\u00f3s tekercs<\/strong>, olyan \u00edzekkel, mint <strong data-start=\"149\" data-end=\"167\">G\u00f6r\u00f6gdinnye j\u00e9g<\/strong> \u00e9s <strong data-start=\"172\" data-end=\"192\">Eper mang\u00f3<\/strong> a sima, kiel\u00e9g\u00edt\u0151 sz\u00edv\u00e1s\u00e9rt.<\/p>","protected":false},"featured_media":29438,"comment_status":"open","ping_status":"closed","template":"","meta":[],"product_brand":[78],"product_cat":[77],"product_tag":[],"class_list":{"0":"post-29427","1":"product","2":"type-product","3":"status-publish","4":"has-post-thumbnail","6":"product_brand-bang-disposable-vape","7":"product_cat-bang-disposable-vape","9":"first","10":"instock","11":"shipping-taxable","12":"purchasable","13":"product-type-variable"},"_links":{"self":[{"href":"https:\/\/euvapz.com\/hu\/wp-json\/wp\/v2\/product\/29427","targetHints":{"allow":["GET"]}}],"collection":[{"href":"https:\/\/euvapz.com\/hu\/wp-json\/wp\/v2\/product"}],"about":[{"href":"https:\/\/euvapz.com\/hu\/wp-json\/wp\/v2\/types\/product"}],"replies":[{"embeddable":true,"href":"https:\/\/euvapz.com\/hu\/wp-json\/wp\/v2\/comments?post=29427"}],"version-history":[{"count":3,"href":"https:\/\/euvapz.com\/hu\/wp-json\/wp\/v2\/product\/29427\/revisions"}],"predecessor-version":[{"id":32868,"href":"https:\/\/euvapz.com\/hu\/wp-json\/wp\/v2\/product\/29427\/revisions\/32868"}],"wp:featuredmedia":[{"embeddable":true,"href":"https:\/\/euvapz.com\/hu\/wp-json\/wp\/v2\/media\/29438"}],"wp:attachment":[{"href":"https:\/\/euvapz.com\/hu\/wp-json\/wp\/v2\/media?parent=29427"}],"wp:term":[{"taxonomy":"product_brand","embeddable":true,"href":"https:\/\/euvapz.com\/hu\/wp-json\/wp\/v2\/product_brand?post=29427"},{"taxonomy":"product_cat","embeddable":true,"href":"https:\/\/euvapz.com\/hu\/wp-json\/wp\/v2\/product_cat?post=29427"},{"taxonomy":"product_tag","embeddable":true,"href":"https:\/\/euvapz.com\/hu\/wp-json\/wp\/v2\/product_tag?post=29427"}],"curies":[{"name":"wp","href":"https:\/\/api.w.org\/{rel}","templated":true}]}}