{"id":31111,"date":"2025-03-22T06:46:23","date_gmt":"2025-03-22T06:46:23","guid":{"rendered":"https:\/\/euvapz.com\/?post_type=product&#038;p=31111"},"modified":"2025-03-27T06:27:58","modified_gmt":"2025-03-27T06:27:58","slug":"vapme-monster-16000-puffs-disposable-vape-long-lasting-performance-with-26ml-e-liquid","status":"publish","type":"product","link":"https:\/\/euvapz.com\/hu\/termek\/vapme-monster-16000-puffs-disposable-vape-long-lasting-performance-with-26ml-e-liquid\/","title":{"rendered":"VAPME MONSTER 16000 Puffs Disposable Vape Long-Lasting Performance with 26mL E-Liquid"},"content":{"rendered":"<p data-start=\"157\" data-end=\"434\"><img fetchpriority=\"high\" decoding=\"async\" class=\"alignnone size-full wp-image-31113\" src=\"https:\/\/euvapz.com\/wp-content\/uploads\/2025\/03\/VAPME-MONSTER-16000-Puffs-Disposable-Vape-Long-Lasting-Performance-with-26mL-E-Liquid-5-scaled.webp\" alt=\"VAPME MONSTER 16000 Puffs Disposable Vape Long-Lasting Performance with 26mL E-Liquid\" width=\"2560\" height=\"1707\" srcset=\"https:\/\/euvapz.com\/wp-content\/uploads\/2025\/03\/VAPME-MONSTER-16000-Puffs-Disposable-Vape-Long-Lasting-Performance-with-26mL-E-Liquid-5-scaled.webp 2560w, https:\/\/euvapz.com\/wp-content\/uploads\/2025\/03\/VAPME-MONSTER-16000-Puffs-Disposable-Vape-Long-Lasting-Performance-with-26mL-E-Liquid-5-400x267.webp 400w, https:\/\/euvapz.com\/wp-content\/uploads\/2025\/03\/VAPME-MONSTER-16000-Puffs-Disposable-Vape-Long-Lasting-Performance-with-26mL-E-Liquid-5-1200x800.webp 1200w, https:\/\/euvapz.com\/wp-content\/uploads\/2025\/03\/VAPME-MONSTER-16000-Puffs-Disposable-Vape-Long-Lasting-Performance-with-26mL-E-Liquid-5-768x512.webp 768w, https:\/\/euvapz.com\/wp-content\/uploads\/2025\/03\/VAPME-MONSTER-16000-Puffs-Disposable-Vape-Long-Lasting-Performance-with-26mL-E-Liquid-5-1536x1024.webp 1536w, https:\/\/euvapz.com\/wp-content\/uploads\/2025\/03\/VAPME-MONSTER-16000-Puffs-Disposable-Vape-Long-Lasting-Performance-with-26mL-E-Liquid-5-2048x1366.webp 2048w, https:\/\/euvapz.com\/wp-content\/uploads\/2025\/03\/VAPME-MONSTER-16000-Puffs-Disposable-Vape-Long-Lasting-Performance-with-26mL-E-Liquid-5-18x12.webp 18w, https:\/\/euvapz.com\/wp-content\/uploads\/2025\/03\/VAPME-MONSTER-16000-Puffs-Disposable-Vape-Long-Lasting-Performance-with-26mL-E-Liquid-5-430x287.webp 430w, https:\/\/euvapz.com\/wp-content\/uploads\/2025\/03\/VAPME-MONSTER-16000-Puffs-Disposable-Vape-Long-Lasting-Performance-with-26mL-E-Liquid-5-700x467.webp 700w, https:\/\/euvapz.com\/wp-content\/uploads\/2025\/03\/VAPME-MONSTER-16000-Puffs-Disposable-Vape-Long-Lasting-Performance-with-26mL-E-Liquid-5-150x100.webp 150w\" sizes=\"(max-width: 2560px) 100vw, 2560px\" \/><\/p>\n<p class=\"\" data-start=\"157\" data-end=\"434\">A <strong data-start=\"161\" data-end=\"206\">VAPME MONSTER 16000 Puffs Disposable Vape<\/strong> is designed for vapers who seek a powerful, long-lasting device with exceptional performance. With up to <strong data-start=\"312\" data-end=\"328\">16,000 puff<\/strong>, this vape ensures you can enjoy extended sessions of rich, satisfying vapor without sacrificing quality.<\/p>\n<p class=\"\" data-start=\"436\" data-end=\"819\">Equipped with a robust <strong data-start=\"459\" data-end=\"490\">650mAh \u00fajrat\u00f6lthet\u0151 akkumul\u00e1tor<\/strong>, a <strong data-start=\"496\" data-end=\"513\">VAPME MONSTER<\/strong> provides consistent and reliable power, ensuring smooth and uninterrupted vaping. The <strong data-start=\"600\" data-end=\"624\">C t\u00edpus\u00fa t\u00f6lt\u0151port<\/strong> enables quick recharges, so you\u2019re always ready to vape. Featuring a <strong data-start=\"694\" data-end=\"712\">1.0\u03a9 h\u00e1l\u00f3s tekercs<\/strong>, the device enhances flavor and vapor production, providing a truly satisfying experience with every puff.<\/p>\n<p class=\"\" data-start=\"821\" data-end=\"1152\">El\u0151re felt\u00f6ltve <strong data-start=\"837\" data-end=\"865\">26mL of premium e-liquid<\/strong>, a <strong data-start=\"871\" data-end=\"888\">VAPME MONSTER<\/strong> aj\u00e1nlatok <strong data-start=\"896\" data-end=\"902\">2%<\/strong> \u00e9s <strong data-start=\"907\" data-end=\"927\">5% nicotine salt<\/strong> strengths, catering to different preferences. With <strong data-start=\"979\" data-end=\"1002\">12 izgalmas \u00edz<\/strong> mint a <strong data-start=\"1008\" data-end=\"1030\">Blue Razz limon\u00e1d\u00e9<\/strong>, <strong data-start=\"1032\" data-end=\"1045\">Barack j\u00e9g<\/strong>, \u00e9s <strong data-start=\"1051\" data-end=\"1076\">Eper g\u00f6r\u00f6gdinnye<\/strong>, this device guarantees a flavorful vaping experience that suits any taste.<\/p>\n<h2 data-start=\"1154\" data-end=\"1193\"><strong data-start=\"1154\" data-end=\"1193\">VAPME MONSTER 16000 Puffs Features:<\/strong><\/h2>\n<ul data-start=\"1194\" data-end=\"1508\">\n<li class=\"\" data-start=\"1194\" data-end=\"1225\">\n<p class=\"\" data-start=\"1196\" data-end=\"1225\"><strong data-start=\"1196\" data-end=\"1205\">Puffok<\/strong>: Up to 16,000 puffs<\/p>\n<\/li>\n<li class=\"\" data-start=\"1226\" data-end=\"1275\">\n<p class=\"\" data-start=\"1228\" data-end=\"1275\"><strong data-start=\"1228\" data-end=\"1249\">E-Liquid Capacity<\/strong>: 26mL pre-filled e-liquid<\/p>\n<\/li>\n<li class=\"\" data-start=\"1276\" data-end=\"1345\">\n<p class=\"\" data-start=\"1278\" data-end=\"1345\"><strong data-start=\"1278\" data-end=\"1299\">Nikotin er\u0151ss\u00e9ge<\/strong>: Available in <strong data-start=\"1314\" data-end=\"1320\">2%<\/strong> \u00e9s <strong data-start=\"1325\" data-end=\"1345\">5% nicotine salt<\/strong><\/p>\n<\/li>\n<li class=\"\" data-start=\"1346\" data-end=\"1380\">\n<p class=\"\" data-start=\"1348\" data-end=\"1380\"><strong data-start=\"1348\" data-end=\"1359\">Akkumul\u00e1tor<\/strong>: 650mAh \u00fajrat\u00f6lthet\u0151<\/p>\n<\/li>\n<li class=\"\" data-start=\"1381\" data-end=\"1447\">\n<p class=\"\" data-start=\"1383\" data-end=\"1447\"><strong data-start=\"1383\" data-end=\"1391\">Tekercs<\/strong>: 1.0\u03a9 mesh coil for optimal flavor and vapor production<\/p>\n<\/li>\n<li class=\"\" data-start=\"1448\" data-end=\"1508\">\n<p class=\"\" data-start=\"1450\" data-end=\"1508\"><strong data-start=\"1450\" data-end=\"1467\">T\u00f6lt\u0151port<\/strong>: Type-C for fast and efficient recharges<\/p>\n<\/li>\n<\/ul>\n<h2 data-start=\"1510\" data-end=\"1552\"><strong data-start=\"1510\" data-end=\"1552\">VAPME MONSTER 16000 Puffs Flavor List:<\/strong><\/h2>\n<ol data-start=\"1553\" data-end=\"1800\">\n<li class=\"\" data-start=\"1553\" data-end=\"1574\">\n<p class=\"\" data-start=\"1556\" data-end=\"1574\">Blue Razz limon\u00e1d\u00e9<\/p>\n<\/li>\n<li class=\"\" data-start=\"1575\" data-end=\"1587\">\n<p class=\"\" data-start=\"1578\" data-end=\"1587\">Barack j\u00e9g<\/p>\n<\/li>\n<li class=\"\" data-start=\"1588\" data-end=\"1605\">\n<p class=\"\" data-start=\"1591\" data-end=\"1605\">G\u00f6r\u00f6gdinnye j\u00e9g<\/p>\n<\/li>\n<li class=\"\" data-start=\"1606\" data-end=\"1628\">\n<p class=\"\" data-start=\"1609\" data-end=\"1628\">\u00c1fonya m\u00e1lna<\/p>\n<\/li>\n<li class=\"\" data-start=\"1629\" data-end=\"1642\">\n<p class=\"\" data-start=\"1632\" data-end=\"1642\">Cherry Ice<\/p>\n<\/li>\n<li class=\"\" data-start=\"1643\" data-end=\"1660\">\n<p class=\"\" data-start=\"1646\" data-end=\"1660\">Eper j\u00e9g<\/p>\n<\/li>\n<li class=\"\" data-start=\"1661\" data-end=\"1685\">\n<p class=\"\" data-start=\"1664\" data-end=\"1685\">Eper g\u00f6r\u00f6gdinnye<\/p>\n<\/li>\n<li class=\"\" data-start=\"1686\" data-end=\"1702\">\n<p class=\"\" data-start=\"1689\" data-end=\"1702\">Vegyes bogy\u00f3s gy\u00fcm\u00f6lcs\u00f6k<\/p>\n<\/li>\n<li class=\"\" data-start=\"1703\" data-end=\"1721\">\n<p class=\"\" data-start=\"1706\" data-end=\"1721\">Eper Kiwi<\/p>\n<\/li>\n<li class=\"\" data-start=\"1722\" data-end=\"1750\">\n<p class=\"\" data-start=\"1726\" data-end=\"1750\">Kiwi Golgotavir\u00e1g Guava<\/p>\n<\/li>\n<li class=\"\" data-start=\"1751\" data-end=\"1774\">\n<p class=\"\" data-start=\"1755\" data-end=\"1774\">Strawberry Red Bull<\/p>\n<\/li>\n<li class=\"\" data-start=\"1775\" data-end=\"1800\">\n<p class=\"\" data-start=\"1779\" data-end=\"1800\">Barack Mang\u00f3 Anan\u00e1sz<\/p>\n<\/li>\n<\/ol>\n<p class=\"\" data-start=\"1802\" data-end=\"2272\">A <strong data-start=\"1806\" data-end=\"1835\">VAPME MONSTER 16000 Puffs<\/strong> funkci\u00f3k <strong data-start=\"1845\" data-end=\"1869\">h\u00e1l\u00f3s tekercs technol\u00f3gia<\/strong> to deliver enhanced vapor production and a rich flavor profile with every puff. Whether you prefer <strong data-start=\"1969\" data-end=\"1979\">fruity<\/strong>, <strong data-start=\"1981\" data-end=\"1988\">icy<\/strong>, vagy <strong data-start=\"1993\" data-end=\"2007\">friss\u00edt\u0151<\/strong> flavors, this disposable vape provides a premium experience that\u2019s perfect for both casual and professional vapers. The combination of <strong data-start=\"2143\" data-end=\"2163\">26mL of e-liquid<\/strong>, <strong data-start=\"2165\" data-end=\"2197\">2% and 5% nicotine strengths<\/strong>, \u00e9s egy <strong data-start=\"2205\" data-end=\"2218\">h\u00e1l\u00f3s tekercs<\/strong> ensures a long-lasting, satisfying vaping experience.<\/p>\n<h2 data-start=\"1802\" data-end=\"2272\">\t\t\t<link rel=\"stylesheet\" id=\"elementor-post-32801-css\" href=\"https:\/\/euvapz.com\/wp-content\/uploads\/elementor\/css\/post-32801.css?ver=1777553721\" type=\"text\/css\" media=\"all\">\n\t\t\t\t\t<div data-elementor-type=\"wp-post\" data-elementor-id=\"32801\" class=\"elementor elementor-32801\" data-elementor-post-type=\"cms_block\">\n\t\t\t\t<div class=\"wd-negative-gap elementor-element elementor-element-311ef4d e-flex e-con-boxed e-con e-parent\" data-id=\"311ef4d\" data-element_type=\"container\" data-e-type=\"container\">\n\t\t\t\t\t<div class=\"e-con-inner\">\n\t\t\t\t<div class=\"elementor-element elementor-element-354d55bb color-scheme-inherit text-left elementor-widget elementor-widget-text-editor\" data-id=\"354d55bb\" data-element_type=\"widget\" data-e-type=\"widget\" data-widget_type=\"text-editor.default\">\n\t\t\t\t<div class=\"elementor-widget-container\">\n\t\t\t\t\t\t\t\t\t&nbsp;\n\n<script src=\"chrome-extension:\/\/fpelahbljekknahkcaegamhcndkfpfnc\/iFrame.js\" type=\"text\/javascript\"><\/script>\t\t\t\t\t\t\t\t<\/div>\n\t\t\t\t<\/div>\n\t\t\t\t\t<\/div>\n\t\t\t\t<\/div>\n\t\t<div class=\"wd-negative-gap elementor-element elementor-element-2f4b93b0 e-flex e-con-boxed e-con e-parent\" data-id=\"2f4b93b0\" data-element_type=\"container\" data-e-type=\"container\">\n\t\t\t\t\t<div class=\"e-con-inner\">\n\t\t\t\t\t<\/div>\n\t\t\t\t<\/div>\n\t\t<div class=\"wd-negative-gap elementor-element elementor-element-200eec29 e-flex e-con-boxed e-con e-parent\" data-id=\"200eec29\" data-element_type=\"container\" data-e-type=\"container\">\n\t\t\t\t\t<div class=\"e-con-inner\">\n\t\t\t\t<div class=\"elementor-element elementor-element-19faf1ba color-scheme-inherit text-left elementor-widget elementor-widget-text-editor\" data-id=\"19faf1ba\" data-element_type=\"widget\" data-e-type=\"widget\" data-widget_type=\"text-editor.default\">\n\t\t\t\t<div class=\"elementor-widget-container\">\n\t\t\t\t\t\t\t\t\t<h2><em><strong>GYIK<\/strong><\/em><\/h2><ul><li><h2><em><strong>Milyen sz\u00e1ll\u00edt\u00e1si m\u00f3dokat haszn\u00e1l?<\/strong><\/em><\/h2><\/li><li><h2><em><strong><span style=\"color: #333333; font-size: 16px;\">Olyan megb\u00edzhat\u00f3 sz\u00e1ll\u00edtm\u00e1nyoz\u00f3kkal dolgozunk egy\u00fctt, mint a UPS, a DHL, a FedEx \u00e9s a DPD. A c\u00e9lorsz\u00e1gt\u00f3l f\u00fcgg\u0151en kiv\u00e1lasztjuk a legjobb sz\u00e1ll\u00edt\u00e1si m\u00f3dot, hogy biztos\u00edtsuk term\u00e9kei gyors \u00e9s biztons\u00e1gos k\u00e9zbes\u00edt\u00e9s\u00e9t.<\/span><\/strong><\/em><\/h2><\/li><\/ul><ul><li><h2><em><strong>Mennyi id\u0151 alatt \u00e9rkezik meg a rendel\u00e9sem?<\/strong><\/em><\/h2><\/li><\/ul><p data-start=\"340\" data-end=\"490\"><em><strong>\u00a0 \u00a0 \u00a0 A sz\u00e1ll\u00edt\u00e1s \u00e1ltal\u00e1ban 7-15 munkanapot vesz ig\u00e9nybe. A f\u0151sz\u00fcnid\u0151ben vagy kedvez\u0151tlen id\u0151j\u00e1r\u00e1si k\u00f6r\u00fclm\u00e9nyek k\u00f6z\u00f6tt azonban ak\u00e1r 20 munkanap is lehet.<\/strong><\/em><\/p><ul><li data-start=\"492\" data-end=\"539\"><h2><em><strong>A rendel\u00e9sem gond n\u00e9lk\u00fcl v\u00e1mkezelhet\u0151 lesz?<\/strong><\/em><\/h2><\/li><li data-start=\"492\" data-end=\"539\"><h2><em><strong><span style=\"color: #333333; font-size: 16px;\">Minden v\u00e1mkezel\u00e9st mi int\u00e9z\u00fcnk az \u00d6n sz\u00e1m\u00e1ra, \u00edgy biztos\u00edtva a z\u00f6kken\u0151mentes sz\u00e1ll\u00edt\u00e1st mindenf\u00e9le extra ad\u00f3 vagy d\u00edj n\u00e9lk\u00fcl. Garant\u00e1ljuk, hogy 100% k\u00fcldem\u00e9nyeinket gond n\u00e9lk\u00fcl v\u00e1mkezelj\u00fck.<\/span><\/strong><\/em><\/h2><\/li><\/ul><ul><li data-start=\"718\" data-end=\"747\"><h2><em><strong>Megb\u00edzhatok a szolg\u00e1ltat\u00e1s\u00e1ban?<\/strong><\/em><\/h2><\/li><li data-start=\"718\" data-end=\"747\"><h2><em><strong><span style=\"color: #333333; font-size: 16px;\">Abszol\u00fat! Elfogadjuk a PayPal biztons\u00e1gos fizet\u00e9st, \u00e9s a v\u00e1s\u00e1rl\u00e1st a PayPal v\u00e1s\u00e1rl\u00f3i v\u00e9delme v\u00e9di. A TrustPilot-\u00e9rt\u00e9kel\u00e9seinket is megtekintheti, hogy megtudja, mit mondanak r\u00f3lunk m\u00e1s v\u00e1s\u00e1rl\u00f3k.<\/span><\/strong><\/em><\/h2><\/li><\/ul>\t\t\t\t\t\t\t\t<\/div>\n\t\t\t\t<\/div>\n\t\t\t\t\t<\/div>\n\t\t\t\t<\/div>\n\t\t<div class=\"wd-negative-gap elementor-element elementor-element-d4517fd e-flex e-con-boxed e-con e-parent\" data-id=\"d4517fd\" data-element_type=\"container\" data-e-type=\"container\">\n\t\t\t\t\t<div class=\"e-con-inner\">\n\t\t\t\t<div class=\"elementor-element elementor-element-11cb93e5 elementor-widget elementor-widget-wd_button\" data-id=\"11cb93e5\" data-element_type=\"widget\" data-e-type=\"widget\" data-widget_type=\"wd_button.default\">\n\t\t\t\t<div class=\"elementor-widget-container\">\n\t\t\t\t\t\t\t<div class=\"wd-button-wrapper text-left\" >\n\t\t\t<a class=\"btn btn-style-link btn-style- btn-size-extra-large btn-scheme-inherit btn-scheme-hover-custom btn-icon-pos-right\"  href=\"https:\/\/euvapz.com\/hu\/faqs\/\">\n\t\t\t\t<span class=\"wd-btn-text\" data-elementor-setting-key=\"text\">\n\t\t\t\t\tKattintson ide tov\u00e1bbi GYIK-\u00e9rt.\t\t\t\t<\/span>\n\n\t\t\t\t\t\t\t<\/a>\n\t\t<\/div>\n\t\t\t\t\t\t<\/div>\n\t\t\t\t<\/div>\n\t\t\t\t\t<\/div>\n\t\t\t\t<\/div>\n\t\t\t\t<\/div>\n\t\t<\/h2>\n<p><script src=\"chrome-extension:\/\/fpelahbljekknahkcaegamhcndkfpfnc\/iFrame.js\" type=\"text\/javascript\"><\/script><\/p>","protected":false},"excerpt":{"rendered":"<p>A <strong data-start=\"7\" data-end=\"36\">VAPME MONSTER 16000 Puffs<\/strong> Disposable Vape offers <strong data-start=\"60\" data-end=\"76\">16,000 puff<\/strong>, <strong data-start=\"78\" data-end=\"95\">26mL e-liquid<\/strong>, and flavors like <strong data-start=\"114\" data-end=\"136\">Blue Razz limon\u00e1d\u00e9<\/strong> \u00e9s <strong data-start=\"141\" data-end=\"154\">Barack j\u00e9g<\/strong>, with nicotine strengths of <strong data-start=\"183\" data-end=\"189\">2%<\/strong> \u00e9s <strong data-start=\"194\" data-end=\"200\">5%<\/strong>.<\/p>","protected":false},"featured_media":33712,"comment_status":"open","ping_status":"closed","template":"","meta":[],"product_brand":[194],"product_cat":[195],"product_tag":[],"class_list":{"0":"post-31111","1":"product","2":"type-product","3":"status-publish","4":"has-post-thumbnail","6":"product_brand-vapme-disposable-vape","7":"product_cat-vapme-disposable-vape","9":"first","10":"instock","11":"shipping-taxable","12":"purchasable","13":"product-type-variable"},"_links":{"self":[{"href":"https:\/\/euvapz.com\/hu\/wp-json\/wp\/v2\/product\/31111","targetHints":{"allow":["GET"]}}],"collection":[{"href":"https:\/\/euvapz.com\/hu\/wp-json\/wp\/v2\/product"}],"about":[{"href":"https:\/\/euvapz.com\/hu\/wp-json\/wp\/v2\/types\/product"}],"replies":[{"embeddable":true,"href":"https:\/\/euvapz.com\/hu\/wp-json\/wp\/v2\/comments?post=31111"}],"version-history":[{"count":4,"href":"https:\/\/euvapz.com\/hu\/wp-json\/wp\/v2\/product\/31111\/revisions"}],"predecessor-version":[{"id":33716,"href":"https:\/\/euvapz.com\/hu\/wp-json\/wp\/v2\/product\/31111\/revisions\/33716"}],"wp:featuredmedia":[{"embeddable":true,"href":"https:\/\/euvapz.com\/hu\/wp-json\/wp\/v2\/media\/33712"}],"wp:attachment":[{"href":"https:\/\/euvapz.com\/hu\/wp-json\/wp\/v2\/media?parent=31111"}],"wp:term":[{"taxonomy":"product_brand","embeddable":true,"href":"https:\/\/euvapz.com\/hu\/wp-json\/wp\/v2\/product_brand?post=31111"},{"taxonomy":"product_cat","embeddable":true,"href":"https:\/\/euvapz.com\/hu\/wp-json\/wp\/v2\/product_cat?post=31111"},{"taxonomy":"product_tag","embeddable":true,"href":"https:\/\/euvapz.com\/hu\/wp-json\/wp\/v2\/product_tag?post=31111"}],"curies":[{"name":"wp","href":"https:\/\/api.w.org\/{rel}","templated":true}]}}