{"id":31154,"date":"2025-03-22T06:54:31","date_gmt":"2025-03-22T06:54:31","guid":{"rendered":"https:\/\/euvapz.com\/?post_type=product&#038;p=31154"},"modified":"2025-03-27T06:28:00","modified_gmt":"2025-03-27T06:28:00","slug":"vapme-shisha-hookah-15000-puffs-disposable-vape-long-lasting-performance-with-25ml-e-liquid","status":"publish","type":"product","link":"https:\/\/euvapz.com\/hu\/termek\/vapme-shisha-hookah-15000-puffs-disposable-vape-long-lasting-performance-with-25ml-e-liquid\/","title":{"rendered":"VAPME SHISHA HOOKAH 15000 Puffs Disposable Vape Long-Lasting Performance with 25mL E-Liquid"},"content":{"rendered":"<p data-start=\"169\" data-end=\"411\"><img fetchpriority=\"high\" decoding=\"async\" class=\"alignnone size-full wp-image-31155\" src=\"https:\/\/euvapz.com\/wp-content\/uploads\/2025\/03\/VAPME-SHISHA-HOOKAH-15000-Puffs-Disposable-Vape-Long-Lasting-Performance-with-25mL-E-Liquid-1-scaled.webp\" alt=\"VAPME SHISHA HOOKAH 15000 Puffs Disposable Vape Long-Lasting Performance with 25mL E-Liquid\" width=\"2560\" height=\"1707\" srcset=\"https:\/\/euvapz.com\/wp-content\/uploads\/2025\/03\/VAPME-SHISHA-HOOKAH-15000-Puffs-Disposable-Vape-Long-Lasting-Performance-with-25mL-E-Liquid-1-scaled.webp 2560w, https:\/\/euvapz.com\/wp-content\/uploads\/2025\/03\/VAPME-SHISHA-HOOKAH-15000-Puffs-Disposable-Vape-Long-Lasting-Performance-with-25mL-E-Liquid-1-400x267.webp 400w, https:\/\/euvapz.com\/wp-content\/uploads\/2025\/03\/VAPME-SHISHA-HOOKAH-15000-Puffs-Disposable-Vape-Long-Lasting-Performance-with-25mL-E-Liquid-1-1200x800.webp 1200w, https:\/\/euvapz.com\/wp-content\/uploads\/2025\/03\/VAPME-SHISHA-HOOKAH-15000-Puffs-Disposable-Vape-Long-Lasting-Performance-with-25mL-E-Liquid-1-768x512.webp 768w, https:\/\/euvapz.com\/wp-content\/uploads\/2025\/03\/VAPME-SHISHA-HOOKAH-15000-Puffs-Disposable-Vape-Long-Lasting-Performance-with-25mL-E-Liquid-1-1536x1024.webp 1536w, https:\/\/euvapz.com\/wp-content\/uploads\/2025\/03\/VAPME-SHISHA-HOOKAH-15000-Puffs-Disposable-Vape-Long-Lasting-Performance-with-25mL-E-Liquid-1-2048x1366.webp 2048w, https:\/\/euvapz.com\/wp-content\/uploads\/2025\/03\/VAPME-SHISHA-HOOKAH-15000-Puffs-Disposable-Vape-Long-Lasting-Performance-with-25mL-E-Liquid-1-18x12.webp 18w, https:\/\/euvapz.com\/wp-content\/uploads\/2025\/03\/VAPME-SHISHA-HOOKAH-15000-Puffs-Disposable-Vape-Long-Lasting-Performance-with-25mL-E-Liquid-1-430x287.webp 430w, https:\/\/euvapz.com\/wp-content\/uploads\/2025\/03\/VAPME-SHISHA-HOOKAH-15000-Puffs-Disposable-Vape-Long-Lasting-Performance-with-25mL-E-Liquid-1-700x467.webp 700w, https:\/\/euvapz.com\/wp-content\/uploads\/2025\/03\/VAPME-SHISHA-HOOKAH-15000-Puffs-Disposable-Vape-Long-Lasting-Performance-with-25mL-E-Liquid-1-150x100.webp 150w\" sizes=\"(max-width: 2560px) 100vw, 2560px\" \/><\/p>\n<p class=\"\" data-start=\"169\" data-end=\"411\">A <strong data-start=\"173\" data-end=\"224\">VAPME SHISHA HOOKAH 15000 Puffs Disposable Vape<\/strong> is designed for vapers who want a high-performance, long-lasting device. With up to <strong data-start=\"309\" data-end=\"325\">15,000 puff<\/strong>, this vape ensures extended enjoyment without compromising on flavor or satisfaction.<\/p>\n<p class=\"\" data-start=\"413\" data-end=\"781\">Felszerelve egy <strong data-start=\"429\" data-end=\"460\">650mAh \u00fajrat\u00f6lthet\u0151 akkumul\u00e1tor<\/strong>, a <strong data-start=\"466\" data-end=\"489\">VAPME SHISHA HOOKAH<\/strong> offers consistent, reliable power for smooth vaping sessions. The <strong data-start=\"556\" data-end=\"580\">C t\u00edpus\u00fa t\u00f6lt\u0151port<\/strong> allows for quick recharges, so you\u2019re always ready to vape. Featuring a <strong data-start=\"653\" data-end=\"671\">0,6\u03a9-os h\u00e1l\u00f3s tekercs<\/strong>, this device enhances flavor and vapor production, delivering an enjoyable vaping experience with every puff.<\/p>\n<p class=\"\" data-start=\"783\" data-end=\"1229\">El\u0151re felt\u00f6ltve <strong data-start=\"799\" data-end=\"827\">25mL of premium e-liquid<\/strong>, a <strong data-start=\"833\" data-end=\"856\">VAPME SHISHA HOOKAH<\/strong> is available in <strong data-start=\"873\" data-end=\"879\">0%<\/strong> \u00e9s <strong data-start=\"884\" data-end=\"904\">2% nicotine salt<\/strong> strengths, offering a customizable vaping experience. Choose from <strong data-start=\"971\" data-end=\"994\">24 exciting flavors<\/strong>, bele\u00e9rtve <strong data-start=\"1006\" data-end=\"1026\">Blueberry on Ice<\/strong>, <strong data-start=\"1028\" data-end=\"1056\">Kiwi Golgotavir\u00e1g Guava<\/strong>, \u00e9s <strong data-start=\"1062\" data-end=\"1081\">Eper Kiwi<\/strong>, ensuring there\u2019s something for everyone. Whether you prefer fruity, icy, or refreshing flavors, this device provides a satisfying vape every time.<\/p>\n<h2 data-start=\"1231\" data-end=\"1276\"><strong data-start=\"1231\" data-end=\"1276\">VAPME SHISHA HOOKAH 15000 Puffs Features:<\/strong><\/h2>\n<ul data-start=\"1277\" data-end=\"1560\">\n<li class=\"\" data-start=\"1277\" data-end=\"1308\">\n<p class=\"\" data-start=\"1279\" data-end=\"1308\"><strong data-start=\"1279\" data-end=\"1288\">Puffok<\/strong>: Up to 15,000 puffs<\/p>\n<\/li>\n<li class=\"\" data-start=\"1309\" data-end=\"1358\">\n<p class=\"\" data-start=\"1311\" data-end=\"1358\"><strong data-start=\"1311\" data-end=\"1332\">E-Liquid Capacity<\/strong>: 25mL pre-filled e-liquid<\/p>\n<\/li>\n<li class=\"\" data-start=\"1359\" data-end=\"1428\">\n<p class=\"\" data-start=\"1361\" data-end=\"1428\"><strong data-start=\"1361\" data-end=\"1382\">Nikotin er\u0151ss\u00e9ge<\/strong>: Available in <strong data-start=\"1397\" data-end=\"1403\">0%<\/strong> \u00e9s <strong data-start=\"1408\" data-end=\"1428\">2% nicotine salt<\/strong><\/p>\n<\/li>\n<li class=\"\" data-start=\"1429\" data-end=\"1493\">\n<p class=\"\" data-start=\"1431\" data-end=\"1493\"><strong data-start=\"1431\" data-end=\"1442\">Akkumul\u00e1tor<\/strong>: 650mAh rechargeable with <strong data-start=\"1469\" data-end=\"1493\">C t\u00edpus\u00fa t\u00f6lt\u0151port<\/strong><\/p>\n<\/li>\n<li class=\"\" data-start=\"1494\" data-end=\"1560\">\n<p class=\"\" data-start=\"1496\" data-end=\"1560\"><strong data-start=\"1496\" data-end=\"1504\">Tekercs<\/strong>: 0.6\u03a9 mesh coil for optimal flavor and vapor production<\/p>\n<\/li>\n<\/ul>\n<h2 data-start=\"1562\" data-end=\"1610\"><strong data-start=\"1562\" data-end=\"1610\">VAPME SHISHA HOOKAH 15000 Puffs Flavor List:<\/strong><\/h2>\n<ol data-start=\"1611\" data-end=\"2077\">\n<li class=\"\" data-start=\"1611\" data-end=\"1630\">\n<p class=\"\" data-start=\"1614\" data-end=\"1630\">Blueberry on Ice<\/p>\n<\/li>\n<li class=\"\" data-start=\"1631\" data-end=\"1658\">\n<p class=\"\" data-start=\"1634\" data-end=\"1658\">Kiwi Golgotavir\u00e1g Guava<\/p>\n<\/li>\n<li class=\"\" data-start=\"1659\" data-end=\"1680\">\n<p class=\"\" data-start=\"1662\" data-end=\"1680\">Blue Razz limon\u00e1d\u00e9<\/p>\n<\/li>\n<li class=\"\" data-start=\"1681\" data-end=\"1699\">\n<p class=\"\" data-start=\"1684\" data-end=\"1699\">Eper Kiwi<\/p>\n<\/li>\n<li class=\"\" data-start=\"1700\" data-end=\"1716\">\n<p class=\"\" data-start=\"1703\" data-end=\"1716\">Vegyes bogy\u00f3s gy\u00fcm\u00f6lcs\u00f6k<\/p>\n<\/li>\n<li class=\"\" data-start=\"1717\" data-end=\"1741\">\n<p class=\"\" data-start=\"1720\" data-end=\"1741\">Eper g\u00f6r\u00f6gdinnye<\/p>\n<\/li>\n<li class=\"\" data-start=\"1742\" data-end=\"1754\">\n<p class=\"\" data-start=\"1745\" data-end=\"1754\">Sz\u0151l\u0151 j\u00e9g<\/p>\n<\/li>\n<li class=\"\" data-start=\"1755\" data-end=\"1772\">\n<p class=\"\" data-start=\"1758\" data-end=\"1772\">G\u00f6r\u00f6gdinnye j\u00e9g<\/p>\n<\/li>\n<li class=\"\" data-start=\"1773\" data-end=\"1797\">\n<p class=\"\" data-start=\"1776\" data-end=\"1797\">Barack Mang\u00f3 Anan\u00e1sz<\/p>\n<\/li>\n<li class=\"\" data-start=\"1798\" data-end=\"1816\">\n<p class=\"\" data-start=\"1802\" data-end=\"1816\">Eper j\u00e9g<\/p>\n<\/li>\n<li class=\"\" data-start=\"1817\" data-end=\"1830\">\n<p class=\"\" data-start=\"1821\" data-end=\"1830\">Barack j\u00e9g<\/p>\n<\/li>\n<li class=\"\" data-start=\"1831\" data-end=\"1847\">\n<p class=\"\" data-start=\"1835\" data-end=\"1847\">Mango Banana<\/p>\n<\/li>\n<li class=\"\" data-start=\"1848\" data-end=\"1864\">\n<p class=\"\" data-start=\"1852\" data-end=\"1864\">Cherry Berry<\/p>\n<\/li>\n<li class=\"\" data-start=\"1865\" data-end=\"1888\">\n<p class=\"\" data-start=\"1869\" data-end=\"1888\">\u00c1fonya m\u00e1lna<\/p>\n<\/li>\n<li class=\"\" data-start=\"1889\" data-end=\"1900\">\n<p class=\"\" data-start=\"1893\" data-end=\"1900\">Szerelem 66<\/p>\n<\/li>\n<li class=\"\" data-start=\"1901\" data-end=\"1920\">\n<p class=\"\" data-start=\"1905\" data-end=\"1920\">Watermelon Bull<\/p>\n<\/li>\n<li class=\"\" data-start=\"1921\" data-end=\"1941\">\n<p class=\"\" data-start=\"1925\" data-end=\"1941\">Strawberry Grape<\/p>\n<\/li>\n<li class=\"\" data-start=\"1942\" data-end=\"1972\">\n<p class=\"\" data-start=\"1946\" data-end=\"1972\">Strawberry Raspberry Candy<\/p>\n<\/li>\n<li class=\"\" data-start=\"1973\" data-end=\"1982\">\n<p class=\"\" data-start=\"1977\" data-end=\"1982\">Mamba<\/p>\n<\/li>\n<li class=\"\" data-start=\"1983\" data-end=\"2004\">\n<p class=\"\" data-start=\"1987\" data-end=\"2004\">Watermelon Cherry<\/p>\n<\/li>\n<li class=\"\" data-start=\"2005\" data-end=\"2021\">\n<p class=\"\" data-start=\"2009\" data-end=\"2021\">Frozen Apple<\/p>\n<\/li>\n<li class=\"\" data-start=\"2022\" data-end=\"2036\">\n<p class=\"\" data-start=\"2026\" data-end=\"2036\">Citromos menta<\/p>\n<\/li>\n<li class=\"\" data-start=\"2037\" data-end=\"2057\">\n<p class=\"\" data-start=\"2041\" data-end=\"2057\">Blackcurrant Ice<\/p>\n<\/li>\n<li class=\"\" data-start=\"2058\" data-end=\"2077\">\n<p class=\"\" data-start=\"2062\" data-end=\"2077\">Pineapple Shake<\/p>\n<\/li>\n<\/ol>\n<p class=\"\" data-start=\"2079\" data-end=\"2437\">A <strong data-start=\"2083\" data-end=\"2118\">VAPME SHISHA HOOKAH 15000 Puffs<\/strong> egyes\u00edti a <strong data-start=\"2128\" data-end=\"2152\">h\u00e1l\u00f3s tekercs technol\u00f3gia<\/strong>, <strong data-start=\"2154\" data-end=\"2171\">25mL e-liquid<\/strong>, \u00e9s egy <strong data-start=\"2179\" data-end=\"2203\">\u00fajrat\u00f6lthet\u0151 akkumul\u00e1tor<\/strong> for an ultra-satisfying, long-lasting vaping experience. Whether you&#8217;re craving <strong data-start=\"2284\" data-end=\"2294\">fruity<\/strong>, <strong data-start=\"2296\" data-end=\"2303\">icy<\/strong>, vagy <strong data-start=\"2308\" data-end=\"2320\">tropical<\/strong> flavors, this device offers a customizable and enjoyable experience perfect for both casual and professional vapers.<\/p>\n<h2 data-start=\"2079\" data-end=\"2437\">\t\t\t<link rel=\"stylesheet\" id=\"elementor-post-32801-css\" href=\"https:\/\/euvapz.com\/wp-content\/uploads\/elementor\/css\/post-32801.css?ver=1775243812\" type=\"text\/css\" media=\"all\">\n\t\t\t\t\t<div data-elementor-type=\"wp-post\" data-elementor-id=\"32801\" class=\"elementor elementor-32801\" data-elementor-post-type=\"cms_block\">\n\t\t\t\t<div class=\"wd-negative-gap elementor-element elementor-element-311ef4d e-flex e-con-boxed e-con e-parent\" data-id=\"311ef4d\" data-element_type=\"container\">\n\t\t\t\t\t<div class=\"e-con-inner\">\n\t\t\t\t<div class=\"elementor-element elementor-element-354d55bb color-scheme-inherit text-left elementor-widget elementor-widget-text-editor\" data-id=\"354d55bb\" data-element_type=\"widget\" data-widget_type=\"text-editor.default\">\n\t\t\t\t<div class=\"elementor-widget-container\">\n\t\t\t\t\t\t\t\t\t&nbsp;\n\n<script src=\"chrome-extension:\/\/fpelahbljekknahkcaegamhcndkfpfnc\/iFrame.js\" type=\"text\/javascript\"><\/script>\t\t\t\t\t\t\t\t<\/div>\n\t\t\t\t<\/div>\n\t\t\t\t\t<\/div>\n\t\t\t\t<\/div>\n\t\t<div class=\"wd-negative-gap elementor-element elementor-element-2f4b93b0 e-flex e-con-boxed e-con e-parent\" data-id=\"2f4b93b0\" data-element_type=\"container\">\n\t\t\t\t\t<div class=\"e-con-inner\">\n\t\t\t\t\t<\/div>\n\t\t\t\t<\/div>\n\t\t<div class=\"wd-negative-gap elementor-element elementor-element-200eec29 e-flex e-con-boxed e-con e-parent\" data-id=\"200eec29\" data-element_type=\"container\">\n\t\t\t\t\t<div class=\"e-con-inner\">\n\t\t\t\t<div class=\"elementor-element elementor-element-19faf1ba color-scheme-inherit text-left elementor-widget elementor-widget-text-editor\" data-id=\"19faf1ba\" data-element_type=\"widget\" data-widget_type=\"text-editor.default\">\n\t\t\t\t<div class=\"elementor-widget-container\">\n\t\t\t\t\t\t\t\t\t<h2><em><strong>GYIK<\/strong><\/em><\/h2><ul><li><h2><em><strong>Milyen sz\u00e1ll\u00edt\u00e1si m\u00f3dokat haszn\u00e1l?<\/strong><\/em><\/h2><\/li><li><h2><em><strong><span style=\"color: #333333; font-size: 16px;\">Olyan megb\u00edzhat\u00f3 sz\u00e1ll\u00edtm\u00e1nyoz\u00f3kkal dolgozunk egy\u00fctt, mint a UPS, a DHL, a FedEx \u00e9s a DPD. A c\u00e9lorsz\u00e1gt\u00f3l f\u00fcgg\u0151en kiv\u00e1lasztjuk a legjobb sz\u00e1ll\u00edt\u00e1si m\u00f3dot, hogy biztos\u00edtsuk term\u00e9kei gyors \u00e9s biztons\u00e1gos k\u00e9zbes\u00edt\u00e9s\u00e9t.<\/span><\/strong><\/em><\/h2><\/li><\/ul><ul><li><h2><em><strong>Mennyi id\u0151 alatt \u00e9rkezik meg a rendel\u00e9sem?<\/strong><\/em><\/h2><\/li><\/ul><p data-start=\"340\" data-end=\"490\"><em><strong>\u00a0 \u00a0 \u00a0 A sz\u00e1ll\u00edt\u00e1s \u00e1ltal\u00e1ban 7-15 munkanapot vesz ig\u00e9nybe. A f\u0151sz\u00fcnid\u0151ben vagy kedvez\u0151tlen id\u0151j\u00e1r\u00e1si k\u00f6r\u00fclm\u00e9nyek k\u00f6z\u00f6tt azonban ak\u00e1r 20 munkanap is lehet.<\/strong><\/em><\/p><ul><li data-start=\"492\" data-end=\"539\"><h2><em><strong>A rendel\u00e9sem gond n\u00e9lk\u00fcl v\u00e1mkezelhet\u0151 lesz?<\/strong><\/em><\/h2><\/li><li data-start=\"492\" data-end=\"539\"><h2><em><strong><span style=\"color: #333333; font-size: 16px;\">Minden v\u00e1mkezel\u00e9st mi int\u00e9z\u00fcnk az \u00d6n sz\u00e1m\u00e1ra, \u00edgy biztos\u00edtva a z\u00f6kken\u0151mentes sz\u00e1ll\u00edt\u00e1st mindenf\u00e9le extra ad\u00f3 vagy d\u00edj n\u00e9lk\u00fcl. Garant\u00e1ljuk, hogy 100% k\u00fcldem\u00e9nyeinket gond n\u00e9lk\u00fcl v\u00e1mkezelj\u00fck.<\/span><\/strong><\/em><\/h2><\/li><\/ul><ul><li data-start=\"718\" data-end=\"747\"><h2><em><strong>Megb\u00edzhatok a szolg\u00e1ltat\u00e1s\u00e1ban?<\/strong><\/em><\/h2><\/li><li data-start=\"718\" data-end=\"747\"><h2><em><strong><span style=\"color: #333333; font-size: 16px;\">Abszol\u00fat! Elfogadjuk a PayPal biztons\u00e1gos fizet\u00e9st, \u00e9s a v\u00e1s\u00e1rl\u00e1st a PayPal v\u00e1s\u00e1rl\u00f3i v\u00e9delme v\u00e9di. A TrustPilot-\u00e9rt\u00e9kel\u00e9seinket is megtekintheti, hogy megtudja, mit mondanak r\u00f3lunk m\u00e1s v\u00e1s\u00e1rl\u00f3k.<\/span><\/strong><\/em><\/h2><\/li><\/ul>\t\t\t\t\t\t\t\t<\/div>\n\t\t\t\t<\/div>\n\t\t\t\t\t<\/div>\n\t\t\t\t<\/div>\n\t\t<div class=\"wd-negative-gap elementor-element elementor-element-d4517fd e-flex e-con-boxed e-con e-parent\" data-id=\"d4517fd\" data-element_type=\"container\">\n\t\t\t\t\t<div class=\"e-con-inner\">\n\t\t\t\t<div class=\"elementor-element elementor-element-11cb93e5 elementor-widget elementor-widget-wd_button\" data-id=\"11cb93e5\" data-element_type=\"widget\" data-widget_type=\"wd_button.default\">\n\t\t\t\t<div class=\"elementor-widget-container\">\n\t\t\t\t\t\t\t<div class=\"wd-button-wrapper text-left\" >\n\t\t\t<a class=\"btn btn-style-link btn-style- btn-size-extra-large btn-scheme-inherit btn-scheme-hover-custom btn-icon-pos-right\"  href=\"https:\/\/euvapz.com\/hu\/faqs\/\">\n\t\t\t\t<span class=\"wd-btn-text\" data-elementor-setting-key=\"text\">\n\t\t\t\t\tKattintson ide tov\u00e1bbi GYIK-\u00e9rt.\t\t\t\t<\/span>\n\n\t\t\t\t\t\t\t<\/a>\n\t\t<\/div>\n\t\t\t\t\t\t<\/div>\n\t\t\t\t<\/div>\n\t\t\t\t\t<\/div>\n\t\t\t\t<\/div>\n\t\t\t\t<\/div>\n\t\t<\/h2>\n<p><script src=\"chrome-extension:\/\/fpelahbljekknahkcaegamhcndkfpfnc\/iFrame.js\" type=\"text\/javascript\"><\/script><\/p>","protected":false},"excerpt":{"rendered":"<p>A <strong data-start=\"7\" data-end=\"42\">VAPME SHISHA HOOKAH 15000 Puffs<\/strong> Disposable Vape offers <strong data-start=\"66\" data-end=\"82\">15,000 puff<\/strong>, <strong data-start=\"84\" data-end=\"101\">25mL e-liquid<\/strong>, and flavors like <strong data-start=\"120\" data-end=\"140\">Blueberry on Ice<\/strong> \u00e9s <strong data-start=\"145\" data-end=\"173\">Kiwi Golgotavir\u00e1g Guava<\/strong>, with nicotine strengths of <strong data-start=\"202\" data-end=\"208\">0%<\/strong> \u00e9s <strong data-start=\"213\" data-end=\"219\">2%<\/strong>.<\/p>","protected":false},"featured_media":33711,"comment_status":"open","ping_status":"closed","template":"","meta":[],"product_brand":[194],"product_cat":[195],"product_tag":[],"class_list":{"0":"post-31154","1":"product","2":"type-product","3":"status-publish","4":"has-post-thumbnail","6":"product_brand-vapme-disposable-vape","7":"product_cat-vapme-disposable-vape","9":"first","10":"instock","11":"shipping-taxable","12":"purchasable","13":"product-type-variable"},"_links":{"self":[{"href":"https:\/\/euvapz.com\/hu\/wp-json\/wp\/v2\/product\/31154","targetHints":{"allow":["GET"]}}],"collection":[{"href":"https:\/\/euvapz.com\/hu\/wp-json\/wp\/v2\/product"}],"about":[{"href":"https:\/\/euvapz.com\/hu\/wp-json\/wp\/v2\/types\/product"}],"replies":[{"embeddable":true,"href":"https:\/\/euvapz.com\/hu\/wp-json\/wp\/v2\/comments?post=31154"}],"version-history":[{"count":5,"href":"https:\/\/euvapz.com\/hu\/wp-json\/wp\/v2\/product\/31154\/revisions"}],"predecessor-version":[{"id":35778,"href":"https:\/\/euvapz.com\/hu\/wp-json\/wp\/v2\/product\/31154\/revisions\/35778"}],"wp:featuredmedia":[{"embeddable":true,"href":"https:\/\/euvapz.com\/hu\/wp-json\/wp\/v2\/media\/33711"}],"wp:attachment":[{"href":"https:\/\/euvapz.com\/hu\/wp-json\/wp\/v2\/media?parent=31154"}],"wp:term":[{"taxonomy":"product_brand","embeddable":true,"href":"https:\/\/euvapz.com\/hu\/wp-json\/wp\/v2\/product_brand?post=31154"},{"taxonomy":"product_cat","embeddable":true,"href":"https:\/\/euvapz.com\/hu\/wp-json\/wp\/v2\/product_cat?post=31154"},{"taxonomy":"product_tag","embeddable":true,"href":"https:\/\/euvapz.com\/hu\/wp-json\/wp\/v2\/product_tag?post=31154"}],"curies":[{"name":"wp","href":"https:\/\/api.w.org\/{rel}","templated":true}]}}