{"id":36033,"date":"2025-05-27T02:37:46","date_gmt":"2025-05-27T02:37:46","guid":{"rendered":"https:\/\/euvapz.com\/?post_type=product&#038;p=36033"},"modified":"2025-05-27T02:37:47","modified_gmt":"2025-05-27T02:37:47","slug":"crystal-mary-groove-50000-soffi-intelligente-potente-ineguagliabile","status":"publish","type":"product","link":"https:\/\/euvapz.com\/it\/prodotto\/crystal-mary-groove-50000-soffi-intelligente-potente-ineguagliabile\/","title":{"rendered":"CRYSTAL MARY Groove 50000 PUFFS Intelligente e potente ineguagliabile"},"content":{"rendered":"<h2 data-start=\"130\" data-end=\"150\"><strong data-start=\"134\" data-end=\"150\">CRYSTAL MARY Groove 50000 PUFFS Introduzione<\/strong><\/h2>\n<p data-start=\"152\" data-end=\"578\">Entrate nel futuro del vaping usa e getta con il modello <strong data-start=\"203\" data-end=\"238\">CRYSTAL MARY Groove 50000 PUFFS Vape usa e getta\u00a0<\/strong>\u00e8 un dispositivo di svapo ad alta capacit\u00e0, con funzioni intelligenti, progettato per garantire sapore, prestazioni e controllo. Progettato con caratteristiche di prim'ordine e una longevit\u00e0 ineguagliabile, questo dispositivo \u00e8 un vero e proprio cambiamento per i vapers pi\u00f9 esperti e per i nuovi arrivati. Sia che siate a caccia di nuvole o di puro sapore, il Groove 50K offre un'esperienza fluida e personalizzabile a ogni boccata.<\/p>\n<p data-start=\"580\" data-end=\"882\">Non si tratta solo di un altro usa e getta: \u00e8 un <strong data-start=\"624\" data-end=\"665\">rivoluzione in termini di praticit\u00e0 e controllo<\/strong>in un design elegante e compatto e dotato di tecnologie all'avanguardia. Dal touch screen intelligente al flusso d'aria regolabile e alle bobine a doppia maglia, <strong data-start=\"817\" data-end=\"844\">CRYSTAL MARY Groove 50K Vape usa e getta\u00a0<\/strong> \u00e8 costruito per impressionare, boccata dopo boccata.<\/p>\n<hr data-start=\"884\" data-end=\"887\" \/>\n<h2 data-start=\"889\" data-end=\"905\"><strong data-start=\"893\" data-end=\"905\">CRYSTAL MARY Groove 50000 PUFFS Caratteristiche<\/strong><\/h2>\n<ul data-start=\"907\" data-end=\"2144\">\n<li data-start=\"907\" data-end=\"1152\">\n<p data-start=\"909\" data-end=\"1152\"><strong data-start=\"909\" data-end=\"946\">Conteggio dei bocconi massiccio - 50.000 bocconi<\/strong><br data-start=\"946\" data-end=\"949\" \/>Il <strong data-start=\"955\" data-end=\"990\">CRYSTAL MARY Groove 50000 PUFFS Vape usa e getta\u00a0<\/strong> fornisce fino a <strong data-start=\"1006\" data-end=\"1019\">50K soffi<\/strong>che offre uno dei pi\u00f9 alti numeri di soffi sul mercato. Di lunga durata, \u00e8 ideale per i forti consumatori o per chi apprezza la convenienza.<\/p>\n<\/li>\n<li data-start=\"1154\" data-end=\"1425\">\n<p data-start=\"1156\" data-end=\"1425\"><strong data-start=\"1156\" data-end=\"1200\">Touchscreen intelligente con NIC e controllo ICE<\/strong><br data-start=\"1200\" data-end=\"1203\" \/>Controlla la tua svapata con un dispositivo integrato <strong data-start=\"1247\" data-end=\"1268\">touchscreen intelligente<\/strong> che consente la regolazione in tempo reale di <strong data-start=\"1305\" data-end=\"1317\">nicotina<\/strong> e <strong data-start=\"1322\" data-end=\"1336\">livelli di ghiaccio<\/strong>. Personalizzate ogni boccata in base alle vostre esatte preferenze, sia che vi piacciano le tonalit\u00e0 forti, fresche o morbide.<\/p>\n<\/li>\n<li data-start=\"1427\" data-end=\"1641\">\n<p data-start=\"1429\" data-end=\"1641\"><strong data-start=\"1429\" data-end=\"1461\">Bobina a doppia maglia - 0,6\u03a9 + 1,5\u03a9<\/strong><br data-start=\"1461\" data-end=\"1464\" \/>Il <strong data-start=\"1470\" data-end=\"1495\">Sistema di bobine a doppia maglia<\/strong> garantisce un riscaldamento uniforme, un sapore migliore e nuvole pi\u00f9 uniformi. Che siate amanti del sapore o dei nuvoloni, questa configurazione di bobine \u00e8 in grado di soddisfare le vostre esigenze.<\/p>\n<\/li>\n<li data-start=\"1643\" data-end=\"1788\">\n<p data-start=\"1645\" data-end=\"1788\"><strong data-start=\"1645\" data-end=\"1674\">Sistema di flusso d'aria regolabile<\/strong><br data-start=\"1674\" data-end=\"1677\" \/>Personalizzate la resistenza all'estrazione per un'esperienza pi\u00f9 stretta da bocca a polmone o per un tiro pi\u00f9 sciolto e arioso da polmone diretto.<\/p>\n<\/li>\n<li data-start=\"1790\" data-end=\"1983\">\n<p data-start=\"1792\" data-end=\"1983\"><strong data-start=\"1792\" data-end=\"1834\">Ricaricabile con ricarica rapida di tipo C<\/strong><br data-start=\"1834\" data-end=\"1837\" \/>Dotato di un <strong data-start=\"1855\" data-end=\"1866\">1000mAh<\/strong> batteria ricaricabile e <strong data-start=\"1892\" data-end=\"1902\">Tipo-C<\/strong> La porta di ricarica rapida consente di ottenere prestazioni ininterrotte con tempi di ricarica rapidi.<\/p>\n<\/li>\n<li data-start=\"1985\" data-end=\"2144\">\n<p data-start=\"1987\" data-end=\"2144\"><strong data-start=\"1987\" data-end=\"2023\">Design compatto e facile da trasportare<\/strong><br data-start=\"2023\" data-end=\"2026\" \/>A soli <strong data-start=\"2036\" data-end=\"2062\">51,1 x 21,5 x 106,96 mm<\/strong> e pesatura <strong data-start=\"2076\" data-end=\"2084\">130g<\/strong>\u00c8 ultraportatile senza sacrificare la potenza o le funzioni.<\/p>\n<\/li>\n<\/ul>\n<hr data-start=\"2146\" data-end=\"2149\" \/>\n<h2 data-start=\"2151\" data-end=\"2176\"><strong data-start=\"2155\" data-end=\"2176\">CRYSTAL MARY Groove 50000 PUFFS Gusti disponibili<\/strong><\/h2>\n<p data-start=\"2178\" data-end=\"2347\">Esplorate una linea dinamica di sapori creati per soddisfare ogni palato. Che preferiate profili fruttati, alla menta, aspri o ispirati alle caramelle, c'\u00e8 un gusto per ogni umore.<\/p>\n<ol data-start=\"2349\" data-end=\"3060\">\n<li data-start=\"2349\" data-end=\"2429\">\n<p data-start=\"2352\" data-end=\"2429\"><strong data-start=\"2352\" data-end=\"2369\">Ghiaccio Blu Razz<\/strong> - Un'esplosione di succosi lamponi blu con un finale da brivido.<\/p>\n<\/li>\n<li data-start=\"2430\" data-end=\"2489\">\n<p data-start=\"2433\" data-end=\"2489\"><strong data-start=\"2433\" data-end=\"2447\">Zecca di Miami<\/strong> - Fresco, croccante e rinfrescante.<\/p>\n<\/li>\n<li data-start=\"2490\" data-end=\"2550\">\n<p data-start=\"2493\" data-end=\"2550\"><strong data-start=\"2493\" data-end=\"2511\">Ghiaccio all'anguria<\/strong> - Dolcezza estiva con un tocco di freschezza.<\/p>\n<\/li>\n<li data-start=\"2551\" data-end=\"2625\">\n<p data-start=\"2554\" data-end=\"2625\"><strong data-start=\"2554\" data-end=\"2574\">Fragola B-Pop<\/strong> - Sapore prorompente di frutti di bosco con un tocco di dolcezza.<\/p>\n<\/li>\n<li data-start=\"2626\" data-end=\"2690\">\n<p data-start=\"2629\" data-end=\"2690\"><strong data-start=\"2629\" data-end=\"2647\">Ghiaccio alla mela acida<\/strong> - La mela verde aspra incontra sfumature ghiacciate.<\/p>\n<\/li>\n<li data-start=\"2691\" data-end=\"2755\">\n<p data-start=\"2694\" data-end=\"2755\"><strong data-start=\"2694\" data-end=\"2718\">Ananas mango acido<\/strong> - Un tocco tropicale con una nota acida.<\/p>\n<\/li>\n<li data-start=\"2756\" data-end=\"2811\">\n<p data-start=\"2759\" data-end=\"2811\"><strong data-start=\"2759\" data-end=\"2774\">Teste di limone<\/strong> - Un'intensit\u00e0 agrumata che ha il sopravvento.<\/p>\n<\/li>\n<li data-start=\"2812\" data-end=\"2887\">\n<p data-start=\"2815\" data-end=\"2887\"><strong data-start=\"2815\" data-end=\"2838\">Banana Taffy congelata<\/strong> - Cremosa banana con un nostalgico finale di caramella.<\/p>\n<\/li>\n<li data-start=\"2888\" data-end=\"2983\">\n<p data-start=\"2891\" data-end=\"2983\"><strong data-start=\"2891\" data-end=\"2901\">F acida<\/strong>*ing Fab** - Audace, saporito e smaccatamente aspro (per gli amanti dei sapori estremi).<\/p>\n<\/li>\n<li data-start=\"2984\" data-end=\"3060\">\n<p data-start=\"2988\" data-end=\"3060\"><strong data-start=\"2988\" data-end=\"3017\">Rinfrescante alla fragola e al kiwi<\/strong> - Una fusione fruttata di classiche vibrazioni estive.<\/p>\n<\/li>\n<\/ol>\n<hr data-start=\"3062\" data-end=\"3065\" \/>\n<h2 data-start=\"3067\" data-end=\"3100\"><strong data-start=\"3071\" data-end=\"3100\">FAQ - Resi e cambi<\/strong><\/h2>\n<p data-start=\"3102\" data-end=\"3443\"><strong data-start=\"3102\" data-end=\"3185\">D: Qual \u00e8 la vostra politica di restituzione e di cambio per CRYSTAL MARY Groove 50000 PUFFS?<\/strong><br data-start=\"3185\" data-end=\"3188\" \/>Ci impegniamo a soddisfare i clienti e a garantire la qualit\u00e0 dei prodotti. <strong data-start=\"3266\" data-end=\"3293\">CRYSTAL MARY Scanalatura 50K<\/strong>. Se il prodotto arriva difettoso, danneggiato o significativamente diverso da quello descritto, \u00e8 possibile richiedere un rimborso. <strong data-start=\"3392\" data-end=\"3428\">restituzione o sostituzione entro 7 giorni<\/strong> di consegna.<\/p>\n<ul data-start=\"3444\" data-end=\"3731\">\n<li data-start=\"3444\" data-end=\"3503\">\n<p data-start=\"3446\" data-end=\"3503\">Gli articoli devono essere <strong data-start=\"3460\" data-end=\"3470\">inutilizzato<\/strong> e in <strong data-start=\"3478\" data-end=\"3500\">confezione originale<\/strong>.<\/p>\n<\/li>\n<li data-start=\"3504\" data-end=\"3634\">\n<p data-start=\"3506\" data-end=\"3634\">Per avviare una restituzione o un cambio, si prega di <strong data-start=\"3547\" data-end=\"3584\">contattate il nostro servizio clienti<\/strong> con il numero d'ordine e le foto del problema.<\/p>\n<\/li>\n<li data-start=\"3635\" data-end=\"3731\">\n<p data-start=\"3637\" data-end=\"3731\">Una volta approvato, organizzeremo un <strong data-start=\"3670\" data-end=\"3700\">sostituzione o rimborso completo<\/strong>a seconda delle preferenze.<\/p>\n<\/li>\n<\/ul>\n<p data-start=\"3733\" data-end=\"3822\"><em data-start=\"3733\" data-end=\"3822\">Nota bene: per motivi igienici e di sicurezza, non accettiamo restituzioni di articoli usati.<\/em><\/p>","protected":false},"excerpt":{"rendered":"<p>Esperienza fino a 50.000 soffi con <strong>CRYSTAL MARY Scanalatura 50000 PUFFS<\/strong> <strong>Vape usa e getta<\/strong> - con bobine a doppia maglia, flusso d'aria regolabile e un touchscreen intelligente per il controllo completo di nicotina e ghiaccio.<\/p>","protected":false},"featured_media":36140,"comment_status":"open","ping_status":"closed","template":"","meta":[],"product_brand":[],"product_cat":[207],"product_tag":[],"class_list":{"0":"post-36033","1":"product","2":"type-product","3":"status-publish","4":"has-post-thumbnail","6":"product_cat-crystal-disposable-vape","8":"first","9":"instock","10":"shipping-taxable","11":"purchasable","12":"product-type-variable"},"_links":{"self":[{"href":"https:\/\/euvapz.com\/it\/wp-json\/wp\/v2\/product\/36033","targetHints":{"allow":["GET"]}}],"collection":[{"href":"https:\/\/euvapz.com\/it\/wp-json\/wp\/v2\/product"}],"about":[{"href":"https:\/\/euvapz.com\/it\/wp-json\/wp\/v2\/types\/product"}],"replies":[{"embeddable":true,"href":"https:\/\/euvapz.com\/it\/wp-json\/wp\/v2\/comments?post=36033"}],"version-history":[{"count":2,"href":"https:\/\/euvapz.com\/it\/wp-json\/wp\/v2\/product\/36033\/revisions"}],"predecessor-version":[{"id":36144,"href":"https:\/\/euvapz.com\/it\/wp-json\/wp\/v2\/product\/36033\/revisions\/36144"}],"wp:featuredmedia":[{"embeddable":true,"href":"https:\/\/euvapz.com\/it\/wp-json\/wp\/v2\/media\/36140"}],"wp:attachment":[{"href":"https:\/\/euvapz.com\/it\/wp-json\/wp\/v2\/media?parent=36033"}],"wp:term":[{"taxonomy":"product_brand","embeddable":true,"href":"https:\/\/euvapz.com\/it\/wp-json\/wp\/v2\/product_brand?post=36033"},{"taxonomy":"product_cat","embeddable":true,"href":"https:\/\/euvapz.com\/it\/wp-json\/wp\/v2\/product_cat?post=36033"},{"taxonomy":"product_tag","embeddable":true,"href":"https:\/\/euvapz.com\/it\/wp-json\/wp\/v2\/product_tag?post=36033"}],"curies":[{"name":"wp","href":"https:\/\/api.w.org\/{rel}","templated":true}]}}