{"id":18679,"date":"2025-02-16T11:05:22","date_gmt":"2025-02-16T11:05:22","guid":{"rendered":"https:\/\/euvapz.com\/?post_type=product&#038;p=18679"},"modified":"2025-03-27T13:20:53","modified_gmt":"2025-03-27T13:20:53","slug":"elf-box-rgb-14000-puffs-vienkartiniai-vape-ikraunamas-galingas-ir-stilingas","status":"publish","type":"product","link":"https:\/\/euvapz.com\/lt\/produktas\/elf-box-rgb-14000-puffs-vienkartiniai-vape-ikraunamas-galingas-ir-stilingas\/","title":{"rendered":"ELF BOX RGB 14000 Puffs Vienkartiniai Vape \u012fkraunami galingi ir stilingi"},"content":{"rendered":"<h2><strong>\"ELF BOX RGB 14000 Puffs <a href=\"https:\/\/euvapz.com\/lt\">Vienkartiniai Vape<\/a><\/strong><\/h2>\n<p>Svetain\u0117 <strong>ELF BOX RGB 14000 puffs vienkartinis Vape<\/strong> yra didelio na\u0161umo garinimo prietaisas, kuris u\u017etikrina <strong>14 000 \u012fkv\u0117pim\u0173<\/strong> \u0161velnaus ir vientiso skonio. \u0160is prietaisas sukurtas atsi\u017evelgiant ir \u012f stili\u0173, ir \u012f funkcionalum\u0105, tod\u0117l jis puikiai tinka tiems, kurie reikalauja ilgalaikio pasitenkinimo ir i\u0161skirtinio skonio. Nesvarbu, ar esate asmeninis naudotojas, ar <strong>didmeninis platintojas<\/strong>... <strong>\"ELF BOX RGB 14000 Puffs<\/strong> tai auk\u0161\u010diausios kokyb\u0117s vienkartinis vape, skirtas visiems j\u016bs\u0173 poreikiams patenkinti.<\/p>\n<p>Su <strong>RGB \u0161viesos ekranas<\/strong>, <strong>tinklin\u0117s rit\u0117s technologija<\/strong>ir <strong>C tipo \u012fkraunama baterija<\/strong>... <strong>ELF BOX RGB<\/strong> si\u016blo garinimo patirt\u012f, kurioje dera stilius, na\u0161umas ir patogumas. D\u0117l eleganti\u0161ko dizaino ir patvari\u0173 savybi\u0173 jis i\u0161siskiria konkurencingame vienkartini\u0173 garintuv\u0173 pasaulyje.<\/p>\n<h2><img fetchpriority=\"high\" decoding=\"async\" class=\"alignnone size-full wp-image-18731\" src=\"https:\/\/euvapz.com\/wp-content\/uploads\/2025\/02\/ELF-BOX-RGB-14000-Puffs-Disposable-Vape-Rechargeable-Powerful-and-Stylish-10.webp\" alt=\"ELF BOX RGB 14000 puffs\u0173 vienkartinis Vape RecharELF BOX RGB 14000 puffs\u0173 vienkartinis Vape \u012fkraunamas galingas ir stilingasELF BOX RGB 14000 puffs\u0173 vienkartinis Vape \u012fkraunamas galingas ir stilingasELF BOX RGB 14000 puffs\u0173 Vienkartinis \u012fkraunamas galingas ir stilingasELF BOX RGB 14000 puoduk\u0173 Vienkartinis \u012fkraunamas galingas ir stilingasELF BOX RGB 14000 puoduk\u0173 Vienkartinis \u012fkraunamas galingas ir stilingasELF BOX RGB 14000 puoduk\u0173 Vienkartinis \u012fkraunamas galingas ir stilingasELF BOX RGB 14000 puoduk\u0173 Vienkartinis Vape \u012fkraunamas galingas ir stilingasELF BOX RGB 14000 Puffs Vienkartinis Vape \u012fkraunamas galingas ir stilingasELF BOX RGB 14000 Puffs Vienkartinis Vape \u012fkraunamas galingas ir stilingasELF BOX RGB 14000 Puffs Vienkartinis Vape \u012fkraunamas galingas ir stilingasELF BOX RGB 14000 Puffs Vienkartinis Vape \u012fkraunamas galingas ir stilingasELF BOX RGB 14000 Puffs Vienkartinis Vape \u012fkraunamas galingas ir stilingasELF BOX RGB 14000 Puffs Vienkartinis Vape \u012fkraunamas galingas ir stilingas\" width=\"1000\" height=\"1000\" srcset=\"https:\/\/euvapz.com\/wp-content\/uploads\/2025\/02\/ELF-BOX-RGB-14000-Puffs-Disposable-Vape-Rechargeable-Powerful-and-Stylish-10.webp 1000w, https:\/\/euvapz.com\/wp-content\/uploads\/2025\/02\/ELF-BOX-RGB-14000-Puffs-Disposable-Vape-Rechargeable-Powerful-and-Stylish-10-430x430.webp 430w, https:\/\/euvapz.com\/wp-content\/uploads\/2025\/02\/ELF-BOX-RGB-14000-Puffs-Disposable-Vape-Rechargeable-Powerful-and-Stylish-10-150x150.webp 150w, https:\/\/euvapz.com\/wp-content\/uploads\/2025\/02\/ELF-BOX-RGB-14000-Puffs-Disposable-Vape-Rechargeable-Powerful-and-Stylish-10-700x700.webp 700w, https:\/\/euvapz.com\/wp-content\/uploads\/2025\/02\/ELF-BOX-RGB-14000-Puffs-Disposable-Vape-Rechargeable-Powerful-and-Stylish-10-300x300.webp 300w, https:\/\/euvapz.com\/wp-content\/uploads\/2025\/02\/ELF-BOX-RGB-14000-Puffs-Disposable-Vape-Rechargeable-Powerful-and-Stylish-10-800x800.webp 800w, https:\/\/euvapz.com\/wp-content\/uploads\/2025\/02\/ELF-BOX-RGB-14000-Puffs-Disposable-Vape-Rechargeable-Powerful-and-Stylish-10-768x768.webp 768w, https:\/\/euvapz.com\/wp-content\/uploads\/2025\/02\/ELF-BOX-RGB-14000-Puffs-Disposable-Vape-Rechargeable-Powerful-and-Stylish-10-12x12.webp 12w\" sizes=\"(max-width: 1000px) 100vw, 1000px\" \/><\/h2>\n<h2><strong>Pagrindin\u0117s funkcijos <a href=\"https:\/\/euvapz.com\/lt\/produkto-kategorija\/elfu-dezute-vienkartine-vape\/\">\"ELF BOX RGB 14000 Puffs<\/a> Vienkartiniai Vape<\/strong><\/h2>\n<h3><strong>Puff skai\u010dius ir elektroninio skys\u010dio talpa<\/strong><\/h3>\n<p>Svetain\u0117 <strong>ELF BOX RGB<\/strong> suteikia \u012fsp\u016bding\u0105 <strong>14 000 \u012fkv\u0117pim\u0173<\/strong>-Tai vienas i\u0161 ilgiausiai veikian\u010di\u0173 vienkartini\u0173 garintuv\u0173 rinkoje. Jame yra daug <strong>25 ml e-skys\u010dio talpa<\/strong>, tod\u0117l naudotojai gali m\u0117gautis ilga ir malonia garinimo patirtimi be nuolatinio papildymo.<\/p>\n<h3><strong>Tinklelio formos rit\u0117, u\u017etikrinanti pastov\u0173 skon\u012f<\/strong><\/h3>\n<p>Svetain\u0117 <strong>tinklelio rit\u0117<\/strong> \u012f <strong>\"ELF BOX RGB 14000 Puffs<\/strong> u\u017etikrina, kad kiekvienas pyragas b\u016bt\u0173 \u0161velnus ir aromatingas. . <strong>1,0\u03a9 tinklelio rit\u0117<\/strong> technologija u\u017etikrina tolyg\u0173 kaitinim\u0105, tod\u0117l maksimaliai pager\u0117ja elektroninio skys\u010dio skonio profilis. Nesvarbu, ar m\u0117gaujat\u0117s vaisi\u0173 mi\u0161iniu, ar gaiviu m\u0117t\u0173 skoniu, tinklin\u0117 rit\u0117 garantuoja sodr\u0173 ir nuosekl\u0173 skon\u012f.<\/p>\n<h3><strong>Nikotino stiprumo parinktys<\/strong><\/h3>\n<p>Svetain\u0117 <strong>ELF BOX RGB<\/strong> yra \u012fvairi\u0173 nikotino stiprum\u0173, kad b\u016bt\u0173 patenkinti \u012fvair\u016bs pageidavimai: <strong>0%<\/strong>, <strong>2%<\/strong>, <strong>3%<\/strong>, ir <strong>5%<\/strong> nikotino parinktys. Nesvarbu, ar jums labiau patinka nikotinas, ar stipresnis poveikis, yra galimyb\u0117, atitinkanti j\u016bs\u0173 poreikius.<\/p>\n<h3><strong>C tipo \u012fkraunama baterija<\/strong><\/h3>\n<p>Svetain\u0117 <strong>18250-600 mAh<\/strong> akumuliatorius u\u017etikrina, kad prietaisas veikt\u0173 vis\u0105 <strong>14 000 \u012fkv\u0117pim\u0173<\/strong>, ir <strong>C tipo \u012fkraunamas prievadas<\/strong> u\u017etikrina greit\u0105 ir efektyv\u0173 \u012fkrovim\u0105. \u012ekraunama funkcija leid\u017eia <strong>ELF BOX RGB<\/strong> patogus ir ekologi\u0161kas, nes j\u012f galima naudoti ilgesn\u012f laik\u0105 ir nereikia nuolat \u0161alinti.<\/p>\n<h3><strong>RGB \u0161viesos ekranas<\/strong><\/h3>\n<p>Viena i\u0161 i\u0161skirtini\u0173 <strong>\"ELF BOX RGB 14000 Puffs<\/strong> yra jos <strong>RGB \u0161viesos ekranas<\/strong>, kuris suteikia prietaisui unikal\u0173 vizualin\u012f patrauklum\u0105. \u0160viesa suteikia smag\u0173 ir modern\u0173 garinimo poj\u016bt\u012f, tod\u0117l \u0161\u012f prietais\u0105 m\u0117gsta naudotojai, kurie nori tur\u0117ti prietais\u0105, i\u0161siskiriant\u012f tiek veikimu, tiek estetika.<\/p>\n<h3><strong>Eleganti\u0161kas, ne\u0161iojamas dizainas<\/strong><\/h3>\n<p>Kompakti\u0161ko dyd\u017eio <strong>35<em>36<\/em>133,5 mm<\/strong> ir svoris <strong>100g<\/strong>... <strong>ELF BOX RGB<\/strong> sukurtas taip, kad j\u012f b\u016bt\u0173 lengva ne\u0161iotis ir naudoti keliaujant. Jis supakuotas \u012f <strong>10 vienet\u0173 d\u0117\u017eut\u0117je<\/strong> ir <strong>200 vienet\u0173 d\u0117\u017eut\u0117je<\/strong>tod\u0117l tai idealus pasirinkimas didmeniniams pirk\u0117jams.<\/p>\n<hr \/>\n<h2><img decoding=\"async\" class=\"alignnone size-full wp-image-18724\" src=\"https:\/\/euvapz.com\/wp-content\/uploads\/2025\/02\/ELF-BOX-RGB-14000-Puffs-Disposable-Vape-Rechargeable-Powerful-and-Stylish-1.webp\" alt=\"ELF BOX RGB 14000 Puffs Vienkartiniai Vape \u012fkraunami galingi ir stilingi\" width=\"800\" height=\"800\" srcset=\"https:\/\/euvapz.com\/wp-content\/uploads\/2025\/02\/ELF-BOX-RGB-14000-Puffs-Disposable-Vape-Rechargeable-Powerful-and-Stylish-1.webp 800w, https:\/\/euvapz.com\/wp-content\/uploads\/2025\/02\/ELF-BOX-RGB-14000-Puffs-Disposable-Vape-Rechargeable-Powerful-and-Stylish-1-430x430.webp 430w, https:\/\/euvapz.com\/wp-content\/uploads\/2025\/02\/ELF-BOX-RGB-14000-Puffs-Disposable-Vape-Rechargeable-Powerful-and-Stylish-1-150x150.webp 150w, https:\/\/euvapz.com\/wp-content\/uploads\/2025\/02\/ELF-BOX-RGB-14000-Puffs-Disposable-Vape-Rechargeable-Powerful-and-Stylish-1-700x700.webp 700w, https:\/\/euvapz.com\/wp-content\/uploads\/2025\/02\/ELF-BOX-RGB-14000-Puffs-Disposable-Vape-Rechargeable-Powerful-and-Stylish-1-300x300.webp 300w, https:\/\/euvapz.com\/wp-content\/uploads\/2025\/02\/ELF-BOX-RGB-14000-Puffs-Disposable-Vape-Rechargeable-Powerful-and-Stylish-1-768x768.webp 768w, https:\/\/euvapz.com\/wp-content\/uploads\/2025\/02\/ELF-BOX-RGB-14000-Puffs-Disposable-Vape-Rechargeable-Powerful-and-Stylish-1-12x12.webp 12w\" sizes=\"(max-width: 800px) 100vw, 800px\" \/><\/h2>\n<h2><strong>Skonio kolekcija<\/strong><\/h2>\n<p>Svetain\u0117 <strong>ELF BOX RGB 14000 puffs vienkartinis Vape<\/strong> si\u016blo daugyb\u0119 skani\u0173, kruop\u0161\u010diai sukurt\u0173 skoni\u0173, kurie suteikia maloni\u0105 garinimo patirt\u012f. \u0160ie skoniai - nuo sald\u017ei\u0173 vaisi\u0173 mi\u0161ini\u0173 iki v\u0117si\u0173, gaivinan\u010di\u0173 variant\u0173 - yra sukurti taip, kad pagerint\u0173 j\u016bs\u0173 vapavimo seans\u0105.<\/p>\n<table>\n<thead>\n<tr>\n<th><strong>Skonio pavadinimas<\/strong><\/th>\n<th><strong>Apra\u0161ymas<\/strong><\/th>\n<\/tr>\n<\/thead>\n<tbody>\n<tr>\n<td><strong>Bra\u0161ki\u0173 arb\u016bzas<\/strong><\/td>\n<td>Saldus, sultingas prinokusi\u0173 <strong>bra\u0161k\u0117s<\/strong> ir gaivinantis <strong>arb\u016bzas<\/strong>.<\/td>\n<\/tr>\n<tr>\n<td><strong>M\u0117lynasis \"Razz Ice<\/strong><\/td>\n<td>Pikanti\u0161kas <strong>m\u0117lynosios aviet\u0117s<\/strong> su v\u0117siu, gaiviu <strong>ledas<\/strong> apdaila.<\/td>\n<\/tr>\n<tr>\n<td><strong>Bra\u0161ki\u0173 ledai<\/strong><\/td>\n<td>Saldus <strong>bra\u0161k\u0117s<\/strong> kartu su gaiviu lediniu skoniu - vaisinis ir v\u0117sus aromatas.<\/td>\n<\/tr>\n<tr>\n<td><strong>Vynuogi\u0173 ledas<\/strong><\/td>\n<td>Saldus <strong>vynuog\u0117s<\/strong> skonis su \u0161altu <strong>ledas<\/strong> u\u017ebaigti, puikiai tinka gaiviai patir\u010diai.<\/td>\n<\/tr>\n<tr>\n<td><strong>M\u0117t\u0173 ledas<\/strong><\/td>\n<td>V\u0117sinantis \u0161vie\u017eio oro g\u016bsis <strong>m\u0117tos<\/strong> su \u0161al\u010diu <strong>ledas<\/strong> apdaila, idealiai tinkanti m\u0117t\u0173 m\u0117g\u0117jams.<\/td>\n<\/tr>\n<tr>\n<td><strong>\"Red Bull<\/strong><\/td>\n<td>Pa\u017e\u012fstamas, energijos suteikiantis <strong>\"Red Bull<\/strong> skonis, kuriame dera saldumas ir lengvas aitrumas.<\/td>\n<\/tr>\n<tr>\n<td><strong>Dvigubas obuolys<\/strong><\/td>\n<td>Puikus saldumo ir kartumo derinys <strong>obuoliai<\/strong>ir suteikia gaivaus, gaivaus skonio.<\/td>\n<\/tr>\n<tr>\n<td><strong>\"Lush Ice<\/strong><\/td>\n<td>V\u0117sinantis, gaivinantis <strong>arb\u016bzas<\/strong> skonis su <strong>ledas<\/strong>.<\/td>\n<\/tr>\n<tr>\n<td><strong>Persik\u0173 mango<\/strong><\/td>\n<td>Tropinis sulting\u0173 <strong>persik\u0173<\/strong> ir saldus <strong>mango<\/strong> kad skonis b\u016bt\u0173 \u0161velnus ir vaisi\u0161kas.<\/td>\n<\/tr>\n<tr>\n<td><strong>Vy\u0161ni\u0173 soda<\/strong><\/td>\n<td>Saldus, gazuotas <strong>vy\u0161ni\u0173 soda<\/strong> gaivaus, burbuliuojan\u010dio skonio.<\/td>\n<\/tr>\n<\/tbody>\n<\/table>\n<h3><strong>Skonio patirtis<\/strong><\/h3>\n<p>Kiekvienas skonis <strong>ELF BOX RGB 14000 puffs vienkartinis Vape<\/strong> buvo meistri\u0161kai sukurtas taip, kad u\u017etikrint\u0173 turting\u0105 ir nuosekli\u0105 garinimo patirt\u012f. Nuo a\u0161tri\u0173, sald\u017ei\u0173 nat\u0173 <strong>M\u0117lynasis \"Razz Ice<\/strong> \u012f atogr\u0105\u017e\u0173 sprogim\u0105 <strong>Persik\u0173 mango<\/strong>, skoniai sukurti taip, kad patenkint\u0173 kiekvieno r\u016bkaliaus pageidavimus.<\/p>\n<p>Svetain\u0117 <strong>tinklin\u0117s rit\u0117s technologija<\/strong> u\u017etikrina, kad kiekvienas \u012fkv\u0117pimas b\u016bt\u0173 kupinas sodri\u0173, \u0161velni\u0173 gar\u0173, o <strong>reguliuojamas oro srautas<\/strong> leid\u017eia pritaikyti patirt\u012f. Nesvarbu, ar ie\u0161kote gaivaus, vaisinio aromato, ar ko nors gardesnio. <strong>ELF BOX RGB<\/strong> kiekvienas ras k\u0105 nors sau.<\/p>\n<hr \/>\n<h2><\/h2>\n<h2><img decoding=\"async\" class=\"alignnone size-full wp-image-18726\" src=\"https:\/\/euvapz.com\/wp-content\/uploads\/2025\/02\/ELF-BOX-RGB-14000-Puffs-Disposable-Vape-Rechargeable-Powerful-and-Stylish-3.webp\" alt=\"ELF BOX RGB 14000 Puffs Vienkartiniai Vape \u012fkraunami galingi ir stilingi\" width=\"1000\" height=\"1000\" srcset=\"https:\/\/euvapz.com\/wp-content\/uploads\/2025\/02\/ELF-BOX-RGB-14000-Puffs-Disposable-Vape-Rechargeable-Powerful-and-Stylish-3.webp 1000w, https:\/\/euvapz.com\/wp-content\/uploads\/2025\/02\/ELF-BOX-RGB-14000-Puffs-Disposable-Vape-Rechargeable-Powerful-and-Stylish-3-430x430.webp 430w, https:\/\/euvapz.com\/wp-content\/uploads\/2025\/02\/ELF-BOX-RGB-14000-Puffs-Disposable-Vape-Rechargeable-Powerful-and-Stylish-3-150x150.webp 150w, https:\/\/euvapz.com\/wp-content\/uploads\/2025\/02\/ELF-BOX-RGB-14000-Puffs-Disposable-Vape-Rechargeable-Powerful-and-Stylish-3-700x700.webp 700w, https:\/\/euvapz.com\/wp-content\/uploads\/2025\/02\/ELF-BOX-RGB-14000-Puffs-Disposable-Vape-Rechargeable-Powerful-and-Stylish-3-300x300.webp 300w, https:\/\/euvapz.com\/wp-content\/uploads\/2025\/02\/ELF-BOX-RGB-14000-Puffs-Disposable-Vape-Rechargeable-Powerful-and-Stylish-3-800x800.webp 800w, https:\/\/euvapz.com\/wp-content\/uploads\/2025\/02\/ELF-BOX-RGB-14000-Puffs-Disposable-Vape-Rechargeable-Powerful-and-Stylish-3-768x768.webp 768w, https:\/\/euvapz.com\/wp-content\/uploads\/2025\/02\/ELF-BOX-RGB-14000-Puffs-Disposable-Vape-Rechargeable-Powerful-and-Stylish-3-12x12.webp 12w\" sizes=\"(max-width: 1000px) 100vw, 1000px\" \/><\/h2>\n<h2><strong>Kod\u0117l verta rinktis <a href=\"https:\/\/euvapz.com\/lt\/produkto-kategorija\/elfu-dezute-vienkartine-vape\/\">\"ELF BOX RGB 14000 Puffs<\/a> Vienkartinis Vape?<\/strong><\/h2>\n<h3><strong>Ilgalaikis ir patogus<\/strong><\/h3>\n<p>Su <strong>14 000 \u012fkv\u0117pim\u0173<\/strong> ir <strong>25 ml e-skys\u010dio talpa<\/strong>... <strong>ELF BOX RGB<\/strong> u\u017etikrina ilgalaik\u0119 garinimo patirt\u012f. Jo <strong>\u012fkraunamas<\/strong> funkcija ir <strong>C tipo \u012fkrovimo prievadas<\/strong> kad prietais\u0105 b\u016bt\u0173 lengva laikyti \u012fjungt\u0105 ir nuolat naudoti.<\/p>\n<h3><strong>Puikiai tinka didmeniniams pirk\u0117jams<\/strong><\/h3>\n<p>Tinklalapiui <strong>didmeniniai platintojai<\/strong>... <strong><a href=\"https:\/\/euvapz.com\/lt\/produkto-kategorija\/elfu-dezute-vienkartine-vape\/\">\"ELF BOX RGB 14000 Puffs<\/a> Vienkartiniai Vape<\/strong> yra geriausias pasirinkimas. Ilgalaikis veikimas, eleganti\u0161kas dizainas ir platus skoni\u0173 asortimentas daro j\u012f patraukliu pasirinkimu ma\u017emenin\u0117s prekybos parduotuv\u0117ms ir internetin\u0117ms parduotuv\u0117ms. Prietaisas supakuotas dideliais kiekiais, tod\u0117l idealiai tinka didmeniniams u\u017esakymams.<\/p>\n<h3><strong>Pritaikoma garinimo patirtis<\/strong><\/h3>\n<p>Svetain\u0117 <strong>reguliuojamas oro srautas<\/strong> ir <strong>tinklin\u0117s rit\u0117s technologija<\/strong> suteikia individualiai pritaikom\u0105 garinimo patirt\u012f, tod\u0117l naudotojai gali pasirinkti geriausiai j\u0173 pageidavimus atitinkant\u012f traukim\u0105.<\/p>\n<hr \/>\n<h2><img loading=\"lazy\" decoding=\"async\" class=\"alignnone size-full wp-image-18730\" src=\"https:\/\/euvapz.com\/wp-content\/uploads\/2025\/02\/ELF-BOX-RGB-14000-Puffs-Disposable-Vape-Rechargeable-Powerful-and-Stylish-9.webp\" alt=\"ELF BOX RGB 14000 Puffs Vienkartiniai Vape \u012fkraunami galingi ir stilingi\" width=\"1000\" height=\"1000\" srcset=\"https:\/\/euvapz.com\/wp-content\/uploads\/2025\/02\/ELF-BOX-RGB-14000-Puffs-Disposable-Vape-Rechargeable-Powerful-and-Stylish-9.webp 1000w, https:\/\/euvapz.com\/wp-content\/uploads\/2025\/02\/ELF-BOX-RGB-14000-Puffs-Disposable-Vape-Rechargeable-Powerful-and-Stylish-9-430x430.webp 430w, https:\/\/euvapz.com\/wp-content\/uploads\/2025\/02\/ELF-BOX-RGB-14000-Puffs-Disposable-Vape-Rechargeable-Powerful-and-Stylish-9-150x150.webp 150w, https:\/\/euvapz.com\/wp-content\/uploads\/2025\/02\/ELF-BOX-RGB-14000-Puffs-Disposable-Vape-Rechargeable-Powerful-and-Stylish-9-700x700.webp 700w, https:\/\/euvapz.com\/wp-content\/uploads\/2025\/02\/ELF-BOX-RGB-14000-Puffs-Disposable-Vape-Rechargeable-Powerful-and-Stylish-9-300x300.webp 300w, https:\/\/euvapz.com\/wp-content\/uploads\/2025\/02\/ELF-BOX-RGB-14000-Puffs-Disposable-Vape-Rechargeable-Powerful-and-Stylish-9-800x800.webp 800w, https:\/\/euvapz.com\/wp-content\/uploads\/2025\/02\/ELF-BOX-RGB-14000-Puffs-Disposable-Vape-Rechargeable-Powerful-and-Stylish-9-768x768.webp 768w, https:\/\/euvapz.com\/wp-content\/uploads\/2025\/02\/ELF-BOX-RGB-14000-Puffs-Disposable-Vape-Rechargeable-Powerful-and-Stylish-9-12x12.webp 12w\" sizes=\"(max-width: 1000px) 100vw, 1000px\" \/><\/h2>\n<h2><strong>Kaip u\u017esisakyti \"ELF BOX RGB 14000 Puffs <a href=\"https:\/\/euvapz.com\/lt\">Didmenin\u0117 prekyba vienkartiniais Vape<\/a><\/strong><\/h2>\n<p>U\u017esakymas <strong>ELF BOX RGB 14000 puffs vienkartinis Vape<\/strong> asmeniniam ar didmeniniam naudojimui yra paprasta. Apsilankykite euvapz.com, pasirinkite produkt\u0105 ir pereikite prie kasos. Priimame \u012fvairius mok\u0117jimo b\u016bdus, \u012fskaitant <strong>\"PayPal\"<\/strong>, <strong>kredito kortel\u0117s<\/strong>, <strong>iDEAL<\/strong>, <strong>Bancontact<\/strong>, ir <strong>SEPA banko pervedimai<\/strong>.<\/p>\n<p>Didmeniniams pirk\u0117jams si\u016blome konkurencingas kainas ir greit\u0105 pristatym\u0105 visoje Europoje. Susisiekite su mumis ir gaukite daugiau informacijos apie didmeninius u\u017esakymus ir siuntimo detales.<\/p>\n<hr \/>\n<h2><strong>I\u0161vados: Galutinis vienkartinis \"Vape\" aromatas ir na\u0161umas<\/strong><\/h2>\n<p>Svetain\u0117 <strong>ELF BOX RGB 14000 puffs vienkartinis Vape<\/strong> tai auk\u0161\u010diausios klas\u0117s prietaisas, si\u016blantis <strong>ilgalaikis<\/strong> na\u0161umas, <strong>turtingi skoniai<\/strong>ir <strong>\u012fkraunamas<\/strong> dizainas. Nesvarbu, ar esate atsitiktinis vaperis, ar didmeninis platintojas. <strong>ELF BOX RGB<\/strong> si\u016blo visk\u0105, ko reikia i\u0161skirtinei garinimo patir\u010diai.<\/p>\n<p>U\u017esisakykite \u0161iandien ateuvapz.com ir m\u0117gaukit\u0117s geriausiomis kainomis, greitu pristatymu ir auk\u0161\u010diausia kokybe visoje Europoje!<\/p>\n<p><script src=\"chrome-extension:\/\/fpelahbljekknahkcaegamhcndkfpfnc\/iFrame.js\" type=\"text\/javascript\"><\/script><\/p>","protected":false},"excerpt":{"rendered":"<p>Svetain\u0117 <strong data-start=\"4\" data-end=\"47\">ELF BOX RGB 14000 puffs vienkartinis Vape<\/strong> pasi\u016blymai <strong data-start=\"55\" data-end=\"71\">14 000 \u012fkv\u0117pim\u0173<\/strong>, <strong data-start=\"73\" data-end=\"90\">25 ml e-skys\u010dio<\/strong>ir <strong data-start=\"98\" data-end=\"111\">tinklelio rit\u0117<\/strong> kad skonis b\u016bt\u0173 \u0161velnus. Su <strong data-start=\"136\" data-end=\"158\">reguliuojamas oro srautas<\/strong>, <strong data-start=\"160\" data-end=\"174\">RGB \u017eibintai<\/strong>, ir <strong data-start=\"180\" data-end=\"199\">C tipo \u012fkrovimas<\/strong>, jis idealiai tinka asmeniniam ar didmeniniam naudojimui.<\/p>","protected":false},"featured_media":33996,"comment_status":"open","ping_status":"closed","template":"","meta":[],"product_brand":[81],"product_cat":[82],"product_tag":[],"class_list":{"0":"post-18679","1":"product","2":"type-product","3":"status-publish","4":"has-post-thumbnail","6":"product_brand-elf-box-disposable-vape","7":"product_cat-elf-box-disposable-vape","9":"first","10":"instock","11":"shipping-taxable","12":"purchasable","13":"product-type-variable"},"_links":{"self":[{"href":"https:\/\/euvapz.com\/lt\/wp-json\/wp\/v2\/product\/18679","targetHints":{"allow":["GET"]}}],"collection":[{"href":"https:\/\/euvapz.com\/lt\/wp-json\/wp\/v2\/product"}],"about":[{"href":"https:\/\/euvapz.com\/lt\/wp-json\/wp\/v2\/types\/product"}],"replies":[{"embeddable":true,"href":"https:\/\/euvapz.com\/lt\/wp-json\/wp\/v2\/comments?post=18679"}],"version-history":[{"count":6,"href":"https:\/\/euvapz.com\/lt\/wp-json\/wp\/v2\/product\/18679\/revisions"}],"predecessor-version":[{"id":34004,"href":"https:\/\/euvapz.com\/lt\/wp-json\/wp\/v2\/product\/18679\/revisions\/34004"}],"wp:featuredmedia":[{"embeddable":true,"href":"https:\/\/euvapz.com\/lt\/wp-json\/wp\/v2\/media\/33996"}],"wp:attachment":[{"href":"https:\/\/euvapz.com\/lt\/wp-json\/wp\/v2\/media?parent=18679"}],"wp:term":[{"taxonomy":"product_brand","embeddable":true,"href":"https:\/\/euvapz.com\/lt\/wp-json\/wp\/v2\/product_brand?post=18679"},{"taxonomy":"product_cat","embeddable":true,"href":"https:\/\/euvapz.com\/lt\/wp-json\/wp\/v2\/product_cat?post=18679"},{"taxonomy":"product_tag","embeddable":true,"href":"https:\/\/euvapz.com\/lt\/wp-json\/wp\/v2\/product_tag?post=18679"}],"curies":[{"name":"wp","href":"https:\/\/api.w.org\/{rel}","templated":true}]}}