{"id":26678,"date":"2025-02-28T13:13:53","date_gmt":"2025-02-28T13:13:53","guid":{"rendered":"https:\/\/euvapz.com\/?post_type=product&#038;p=26678"},"modified":"2025-03-27T09:32:29","modified_gmt":"2025-03-27T09:32:29","slug":"arymi-ifun-28000-puffs-vienkartinis-vape-ikraunamas-paruostas-didmeniniams-uzsakymams","status":"publish","type":"product","link":"https:\/\/euvapz.com\/lt\/produktas\/arymi-ifun-28000-puffs-vienkartinis-vape-ikraunamas-paruostas-didmeniniams-uzsakymams\/","title":{"rendered":"ARYMI Ifun 28000 Puffs vienkartinis Vape \u012fkraunamas ir paruo\u0161tas masiniams u\u017esakymams"},"content":{"rendered":"<p>Svetain\u0117 <strong>ARYMI Ifun 28000 puffs <a href=\"https:\/\/euvapz.com\/lt\">Vienkartiniai Vape<\/a><\/strong> i\u0161siskiria savo ilgaam\u017ei\u0161kumu, pa\u017eangiomis funkcijomis ir puikiais skoniais. \u0160is vienkartinis garintuvas puikiai tinka naudotojams, norintiems ilgai ir be r\u016bpes\u010di\u0173 m\u0117gautis garinimu, nes jis leid\u017eia atlikti iki 28 000 \u012fkv\u0117pim\u0173, tod\u0117l iki paskutinio \u012fkv\u0117pimo teikia pasitenkinim\u0105 ir u\u017etikrina nuosekl\u0173 garinim\u0105.<\/p>\n<p>Nesvarbu, ar esate patyr\u0119s vaperis, ar naujokas, vienkartini\u0173 garintuv\u0173 <strong>ARYMI Ifun 28000 Puffs vienkartinis Vape<\/strong> sukurta taip, kad atitikt\u0173 j\u016bs\u0173 poreikius. Eleganti\u0161ko dizaino, lengvai \u012fkraunamas per USB-C jungt\u012f ir daugyb\u0117 gard\u017ei\u0173 skoni\u0173 - jis puikiai tinka tiek didmeniniams platintojams, tiek pavieniams naudotojams.<\/p>\n<div style=\"width: 1920px;\" class=\"wp-video\"><video class=\"wp-video-shortcode\" id=\"video-26678-1\" width=\"1920\" height=\"1080\" preload=\"metadata\" controls=\"controls\"><source type=\"video\/mp4\" src=\"https:\/\/euvapz.com\/wp-content\/uploads\/2025\/02\/ARYMI-Ifun-28000-Puffs-Disposable-Vape-Rechargeable-Ready-for-Bulk-Orders-1.mp4?_=1\" \/><a href=\"https:\/\/euvapz.com\/wp-content\/uploads\/2025\/02\/ARYMI-Ifun-28000-Puffs-Disposable-Vape-Rechargeable-Ready-for-Bulk-Orders-1.mp4\">https:\/\/euvapz.com\/wp-content\/uploads\/2025\/02\/ARYMI-Ifun-28000-Puffs-Disposable-Vape-Rechargeable-Ready-for-Bulk-Orders-1.mp4<\/a><\/video><\/div>\n<p>&nbsp;<\/p>\n<h3><strong>Pagrindin\u0117s ARYMI Ifun 28000 Puffs vienkartini\u0173 Vape savyb\u0117s<\/strong><\/h3>\n<table>\n<thead>\n<tr>\n<th><strong>Funkcija<\/strong><\/th>\n<th><strong>I\u0161sami informacija<\/strong><\/th>\n<\/tr>\n<\/thead>\n<tbody>\n<tr>\n<td><strong>Puffs<\/strong><\/td>\n<td>28000+ pufik\u0173<\/td>\n<\/tr>\n<tr>\n<td><strong>Nikotino stiprumas<\/strong><\/td>\n<td>5%<\/td>\n<\/tr>\n<tr>\n<td><strong>Pasiprie\u0161inimas<\/strong><\/td>\n<td>1.0\u03a9<\/td>\n<\/tr>\n<tr>\n<td><strong>Pastovi \u012ftampa<\/strong><\/td>\n<td>3.6V<\/td>\n<\/tr>\n<tr>\n<td><strong>\u012ekrovimas<\/strong><\/td>\n<td>USB-C<\/td>\n<\/tr>\n<tr>\n<td><strong>Dydis<\/strong><\/td>\n<td>Kompakti\u0161kas ir patogus keliauti<\/td>\n<\/tr>\n<tr>\n<td><strong>Skonio \u012fvairov\u0117<\/strong><\/td>\n<td>20+ nenugalim\u0173 skoni\u0173<\/td>\n<\/tr>\n<\/tbody>\n<\/table>\n<p><strong><a href=\"https:\/\/euvapz.com\/lt\/produkto-kategorija\/arymi-vienkartiniai-vape\/\">ARYMI Ifun 28000 puffs<\/a> Vienkartiniai Vape<\/strong> u\u017etikrina neprilygstam\u0105 garinimo patirt\u012f. Ilgai veikianti baterija ir platus skoni\u0173 asortimentas - tinka ir atsitiktiniams, ir da\u017enai r\u016bkantiems vartotojams.<\/p>\n<h3><img fetchpriority=\"high\" decoding=\"async\" class=\"alignnone size-full wp-image-26686\" src=\"https:\/\/euvapz.com\/wp-content\/uploads\/2025\/02\/ARYMI-Ifun-28000-Puffs-Disposable-Vape-Rechargeable-Ready-for-Bulk-Orders-6-\u526f\u672c-2.webp\" alt=\"ARYMI Ifun 28000 Puffs vienkartinis Vape \u012fkraunamas ir paruo\u0161tas masiniams u\u017esakymams\" width=\"1080\" height=\"1080\" srcset=\"https:\/\/euvapz.com\/wp-content\/uploads\/2025\/02\/ARYMI-Ifun-28000-Puffs-Disposable-Vape-Rechargeable-Ready-for-Bulk-Orders-6-\u526f\u672c-2.webp 1080w, https:\/\/euvapz.com\/wp-content\/uploads\/2025\/02\/ARYMI-Ifun-28000-Puffs-Disposable-Vape-Rechargeable-Ready-for-Bulk-Orders-6-\u526f\u672c-2-430x430.webp 430w, https:\/\/euvapz.com\/wp-content\/uploads\/2025\/02\/ARYMI-Ifun-28000-Puffs-Disposable-Vape-Rechargeable-Ready-for-Bulk-Orders-6-\u526f\u672c-2-150x150.webp 150w, https:\/\/euvapz.com\/wp-content\/uploads\/2025\/02\/ARYMI-Ifun-28000-Puffs-Disposable-Vape-Rechargeable-Ready-for-Bulk-Orders-6-\u526f\u672c-2-700x700.webp 700w, https:\/\/euvapz.com\/wp-content\/uploads\/2025\/02\/ARYMI-Ifun-28000-Puffs-Disposable-Vape-Rechargeable-Ready-for-Bulk-Orders-6-\u526f\u672c-2-300x300.webp 300w, https:\/\/euvapz.com\/wp-content\/uploads\/2025\/02\/ARYMI-Ifun-28000-Puffs-Disposable-Vape-Rechargeable-Ready-for-Bulk-Orders-6-\u526f\u672c-2-800x800.webp 800w, https:\/\/euvapz.com\/wp-content\/uploads\/2025\/02\/ARYMI-Ifun-28000-Puffs-Disposable-Vape-Rechargeable-Ready-for-Bulk-Orders-6-\u526f\u672c-2-768x768.webp 768w, https:\/\/euvapz.com\/wp-content\/uploads\/2025\/02\/ARYMI-Ifun-28000-Puffs-Disposable-Vape-Rechargeable-Ready-for-Bulk-Orders-6-\u526f\u672c-2-12x12.webp 12w\" sizes=\"(max-width: 1080px) 100vw, 1080px\" \/><\/h3>\n<h3><strong>I\u0161samios produkto savyb\u0117s<\/strong><\/h3>\n<h4><strong>1. Ilgalaikis 28000+ p\u016btim\u0173<\/strong><\/h4>\n<p>Svetain\u0117 <strong>ARYMI Ifun 28000 Puffs vienkartinis Vape<\/strong> sukurtas ilgam naudojimui, nes u\u017etikrina \u012fsp\u016bding\u0105 28 000+ \u012fkv\u0117pim\u0173 skai\u010di\u0173, tod\u0117l nereikia r\u016bpintis da\u017enu keitimu. Tai puikus pasirinkimas naudotojams, ie\u0161kantiems didelio na\u0161umo, ilgalaikio vienkartinio garinimo aparato.<\/p>\n<h4><strong>2. 5% nikotino stiprumas<\/strong><\/h4>\n<p>Galima \u012fsigyti 5% nikotino kiek\u012f, kuris u\u017etikrina \u0161veln\u0173, bet malon\u0173 gerkl\u0117s u\u017egniau\u017eim\u0105, imituojant\u012f tradicini\u0173 cigare\u010di\u0173 poveik\u012f, tod\u0117l garinimo seansas bus turiningas ir pilnavertis.<\/p>\n<h4><strong>3. Optimizuota tinklin\u0117 rit\u0117 (1,0\u03a9)<\/strong><\/h4>\n<p>\u0160is prietaisas turi 1,0\u03a9 tinklin\u0119 rit\u0119, tod\u0117l tolygiai paskirsto \u0161ilum\u0105 ir u\u017etikrina optimali\u0105 gar\u0173 gamyb\u0105 bei geresn\u012f aromato perdavim\u0105 su kiekvienu \u012fp\u016btimu.<\/p>\n<h4><strong>4. USB-C \u012fkrovimas<\/strong><\/h4>\n<p>Pamir\u0161kite vienkartinius garintuvus, kuriuos reikia i\u0161mesti i\u0161sikrovus akumuliatoriui. . <strong><a href=\"https:\/\/euvapz.com\/lt\/produkto-kategorija\/arymi-vienkartiniai-vape\/\">ARYMI Ifun 28000 puffs<\/a> Vienkartiniai Vape<\/strong> turi USB-C \u012fkrovimo funkcij\u0105, kad b\u016bt\u0173 galima greitai ir patogiai \u012fkrauti ir maksimaliai i\u0161naudoti kiekvieno \u012frenginio galimybes.<\/p>\n<h4><strong>5. Pastovus 3,6 V i\u0161\u0117jimas<\/strong><\/h4>\n<p>D\u0117l pastovios 3,6 V i\u0161vesties <strong>ARYMI Ifun 28000 Puffs vienkartinis Vape<\/strong> u\u017etikrina skland\u0173 ir tolyg\u0173 veikim\u0105, tod\u0117l kiekvienas \u012fkv\u0117pimas yra toks pat geras kaip ir ankstesnis.<\/p>\n<h3><strong>Skonio profiliai, kurie priblo\u0161kia j\u016bs\u0173 poj\u016b\u010dius<\/strong><\/h3>\n<p>Svetain\u0117 <strong><a href=\"https:\/\/euvapz.com\/lt\/produkto-kategorija\/arymi-vienkartiniai-vape\/\">ARYMI Ifun 28000 puffs<\/a> Vienkartiniai Vape<\/strong> si\u016bloma daugyb\u0117 meistri\u0161kai paruo\u0161t\u0173 skoni\u0173 - nuo gaivi\u0173 vaisi\u0173 mi\u0161ini\u0173 iki kremin\u0117s konsistencijos skan\u0117st\u0173. Nesvarbu, ar m\u0117gstate vaisi\u0173, mentolio, ar desert\u0173 skonius, \u010dia rasite k\u0105 nors, kas patenkins kiekvieno skon\u012f.<\/p>\n<p>\u0160tai keletas \u012fdomi\u0173 skoni\u0173:<\/p>\n<ul>\n<li><strong>Sul\u010di\u0173 persik\u0173 ledas<\/strong>: Sultingas, prinokusi\u0173 persik\u0173 skonis su v\u0117siu, lediniu poskoniu.<\/li>\n<li><strong>Bra\u0161ki\u0173 arb\u016bzo burbulas<\/strong>: Saldus, vaisinis prinokusi\u0173 bra\u0161ki\u0173 ir arb\u016bz\u0173 derinys su gaiviu kramtomosios gumos prieskoniu.<\/li>\n<li><strong>Fizzy Cherry<\/strong>: Pikanti\u0161kas vy\u0161ni\u0173 skonis su gazuotu gazuotu g\u0117rimu.<\/li>\n<li><strong>Blue Razz limonadas<\/strong>: Puikiai subalansuota aitraus limonado ir sald\u017ei\u0173 m\u0117lyn\u0173j\u0173 avie\u010di\u0173 derm\u0117, sukurianti a\u0161tr\u0173 citrusin\u012f skon\u012f.<\/li>\n<li><strong>Mi\u0161rios uogos<\/strong>: Ry\u0161kus \u012fvairi\u0173 uog\u0173 mi\u0161inys, pasi\u017eymintis sald\u017eiu ir a\u0161triu skoniu.<\/li>\n<li><strong>Pina Colada romas<\/strong>: Tropinis sald\u017ei\u0173j\u0173 ananas\u0173, kreminio kokoso ir \u0161iek tiek romo mi\u0161inys, suteikiantis papl\u016bdimio aromato.<\/li>\n<li><strong>Citrin\u0173 kalk\u0117s<\/strong>: A\u0161trus ir gaivus citrin\u0173 ir laim\u0173 mi\u0161inys su citrusini\u0173 vaisi\u0173 pli\u016bpsniais.<\/li>\n<li><strong>M\u0117lynas Razz guminukas<\/strong>: Saldus, \u012f saldain\u012f pana\u0161us skonis su m\u0117lyn\u0173j\u0173 avie\u010di\u0173 ir kramtom\u0173j\u0173 guminuk\u0173 esencija.<\/li>\n<li><strong>Avie\u010di\u0173 vynuog\u0117s<\/strong>: Sald\u017ei\u0173 avie\u010di\u0173 ir sulting\u0173 vynuogi\u0173 derinys - vaisinis ir sultingas aromatas.<\/li>\n<li><strong>Bra\u0161ki\u0173 drakono vaisiai<\/strong>: Unikalus sald\u017ei\u0173 bra\u0161ki\u0173 ir egzoti\u0161k\u0173 drakono vaisi\u0173 derinys, suteikiantis nuostab\u0173 tropin\u012f skon\u012f.<\/li>\n<\/ul>\n<p><strong>...Ir dar daugiau nuostabi\u0173 skoni\u0173!<\/strong><\/p>\n<h3><img decoding=\"async\" class=\"alignnone size-full wp-image-26683\" src=\"https:\/\/euvapz.com\/wp-content\/uploads\/2025\/02\/ARYMI-Ifun-28000-Puffs-Disposable-Vape-Rechargeable-Ready-for-Bulk-Orders-3-2.webp\" alt=\"ARYMI Ifun 28000 Puffs vienkartinis Vape \u012fkraunamas ir paruo\u0161tas masiniams u\u017esakymams\" width=\"1080\" height=\"1080\" srcset=\"https:\/\/euvapz.com\/wp-content\/uploads\/2025\/02\/ARYMI-Ifun-28000-Puffs-Disposable-Vape-Rechargeable-Ready-for-Bulk-Orders-3-2.webp 1080w, https:\/\/euvapz.com\/wp-content\/uploads\/2025\/02\/ARYMI-Ifun-28000-Puffs-Disposable-Vape-Rechargeable-Ready-for-Bulk-Orders-3-2-430x430.webp 430w, https:\/\/euvapz.com\/wp-content\/uploads\/2025\/02\/ARYMI-Ifun-28000-Puffs-Disposable-Vape-Rechargeable-Ready-for-Bulk-Orders-3-2-150x150.webp 150w, https:\/\/euvapz.com\/wp-content\/uploads\/2025\/02\/ARYMI-Ifun-28000-Puffs-Disposable-Vape-Rechargeable-Ready-for-Bulk-Orders-3-2-700x700.webp 700w, https:\/\/euvapz.com\/wp-content\/uploads\/2025\/02\/ARYMI-Ifun-28000-Puffs-Disposable-Vape-Rechargeable-Ready-for-Bulk-Orders-3-2-300x300.webp 300w, https:\/\/euvapz.com\/wp-content\/uploads\/2025\/02\/ARYMI-Ifun-28000-Puffs-Disposable-Vape-Rechargeable-Ready-for-Bulk-Orders-3-2-800x800.webp 800w, https:\/\/euvapz.com\/wp-content\/uploads\/2025\/02\/ARYMI-Ifun-28000-Puffs-Disposable-Vape-Rechargeable-Ready-for-Bulk-Orders-3-2-768x768.webp 768w, https:\/\/euvapz.com\/wp-content\/uploads\/2025\/02\/ARYMI-Ifun-28000-Puffs-Disposable-Vape-Rechargeable-Ready-for-Bulk-Orders-3-2-12x12.webp 12w\" sizes=\"(max-width: 1080px) 100vw, 1080px\" \/><\/h3>\n<h3><strong>Kod\u0117l verta rinktis ARYMI Ifun 28000 Puffs vienkartin\u012f Vape?<\/strong><\/h3>\n<h4><strong>Puikiai tinka didmeniniams u\u017esakymams<\/strong><\/h4>\n<p>\u012emon\u0117ms, norin\u010dioms urmu pirkti vienkartinius garintuvus, <strong><a href=\"https:\/\/euvapz.com\/lt\/produkto-kategorija\/arymi-vienkartiniai-vape\/\">ARYMI Ifun 28000 puffs<\/a> Vienkartiniai Vape<\/strong> puikiai papildo j\u016bs\u0173 gamini\u0173 asortiment\u0105. D\u0117l skoni\u0173 \u012fvairov\u0117s, ilgai i\u0161liekan\u010di\u0173 p\u016bk\u0173 ir konkurencingos kainos jis idealiai tinka tiek ma\u017emenin\u0117s, tiek didmenin\u0117s prekybos platintojams.<\/p>\n<h4><strong>\u012eperkamas ir patikimas<\/strong><\/h4>\n<p>Pirkdami dideliais kiekiais, <strong>ARYMI Ifun 28000 Puffs vienkartinis Vape<\/strong> si\u016blo prieinam\u0105 sprendim\u0105 tiems, kurie ie\u0161ko auk\u0161tos kokyb\u0117s garintuv\u0173 u\u017e priimtin\u0105 kain\u0105. D\u0117l gaminio pastovumo ir patikimumo jis yra geriausias pasirinkimas tiek patyrusiems naudotojams, tiek pradedantiesiems.<\/p>\n<h3><strong>Daugiau prie\u017eas\u010di\u0173, kod\u0117l verta rinktis ARYMI Ifun vienkartin\u012f Vape<\/strong><\/h3>\n<h4><strong>Kompakti\u0161kas dizainas<\/strong><\/h4>\n<p>Nepaisant didel\u0117s talpos, ARYMI Ifun vape yra kompakti\u0161kas ir ergonomi\u0161kas, tod\u0117l j\u012f lengva ne\u0161iotis ki\u0161en\u0117je ar rankin\u0117je ir garinti keliaujant.<\/p>\n<h4><strong>Patogi naudotojo patirtis<\/strong><\/h4>\n<p>Nereikia vargti su nustatymais, mygtukais ar bakeliais. Tiesiog naudokite ir m\u0117gaukit\u0117s. Tai - patogumo \u012fsik\u016bnijimas.<\/p>\n<h4><strong>Puikiai tinka keliaujantiems vartotojams<\/strong><\/h4>\n<p>Nesvarbu, ar keliaujate, ar va\u017eiuojate \u012f darb\u0105, ar leid\u017eiate laik\u0105 gamtoje. <strong><a href=\"https:\/\/euvapz.com\/lt\/produkto-kategorija\/arymi-vienkartiniai-vape\/\">ARYMI Ifun 28000 puffs<\/a> Vienkartiniai Vape<\/strong> lengva pasiimti su savimi ir u\u017etikrina, kad gal\u0117site m\u0117gautis maloniu vapinimu, kai tik to prireiks.<\/p>\n<h4><strong>Auk\u0161\u010diausios kokyb\u0117s med\u017eiagos<\/strong><\/h4>\n<p>Svetain\u0117 <strong>ARYMI Ifun 28000 Puffs vienkartinis Vape<\/strong> pagamintas i\u0161 auk\u0161\u010diausios kokyb\u0117s med\u017eiag\u0173, kad b\u016bt\u0173 patvarus ir u\u017etikrint\u0173 skland\u0173 garinim\u0105. Tinklin\u0117 rit\u0117 u\u017etikrina geriausi\u0105 skon\u012f ir gar\u0173 gamyb\u0105, o USB-C \u012fkrovimo prievadas leid\u017eia greitai ir efektyviai \u012fkrauti.<\/p>\n<hr \/>\n<h3><strong>I\u0161vados: Idealus vienkartinis \"Vape\", skirtas masiniam pirkimui<\/strong><\/h3>\n<p>Svetain\u0117 <strong>ARYMI Ifun 28000 Puffs vienkartinis Vape<\/strong> yra geriausias pasirinkimas tiems, kurie nori ilgai i\u0161liekan\u010dios, auk\u0161tos kokyb\u0117s ir aromatingos vapavimo patirties. Nesvarbu, ar esate ma\u017emenininkas, norintis savo parduotuvei sukaupti vienkartini\u0173 garintuv\u0173 atsarg\u0173, ar asmuo, m\u0117gstantis ilgai veikiant\u012f garinim\u0105 be papildym\u0173, \u0161is prietaisas tikrai patenkins j\u016bs\u0173 poreikius.<\/p>\n<p>Nepraleiskite progos \u012fsigyti \u0161\u012f \u017eaidim\u0105 kei\u010diant\u012f gamin\u012f - jis idealiai tinka tiems, kurie m\u0117gsta garinti be joki\u0173 apribojim\u0173. U\u017esisakykite <strong><a href=\"https:\/\/euvapz.com\/lt\/produkto-kategorija\/arymi-vienkartiniai-vape\/\">ARYMI Ifun 28000 puffs<\/a> Vienkartiniai Vape<\/strong> dabar konkurencingomis kainomis ir m\u0117gaukit\u0117s visu skoni\u0173 asortimentu, kuris tikrai patenkins kiekvieno norin\u010diojo garinimo poreikius.<\/p>\n<p><script src=\"chrome-extension:\/\/fpelahbljekknahkcaegamhcndkfpfnc\/iFrame.js\" type=\"text\/javascript\"><\/script><\/p>","protected":false},"excerpt":{"rendered":"<p>Svetain\u0117 <strong data-start=\"4\" data-end=\"46\">ARYMI Ifun 28000 puffs <a href=\"https:\/\/euvapz.com\/lt\">Vienkartiniai Vape<\/a><\/strong> si\u016blo iki 28 000 \u012fp\u016btim\u0173 su 5% nikotino stiprumu ir skland\u017eia 1,0\u03a9 var\u017ea. M\u0117gaukit\u0117s pastoviu veikimu su USB-C \u012fkrovimu ir 3,6 V pastovia \u012ftampa. Rinkit\u0117s i\u0161 plataus skoni\u0173 asortimento, pvz. <strong data-start=\"248\" data-end=\"267\">Sul\u010di\u0173 persik\u0173 ledas<\/strong> ir <strong data-start=\"272\" data-end=\"304\">Bra\u0161ki\u0173 arb\u016bzo burbulas<\/strong> auk\u0161\u010diausios kokyb\u0117s garinimo patirt\u012f. Puikiai tinka didmeniniams pirk\u0117jams, ie\u0161kantiems kokyb\u0117s ir ilgalaikio pasitenkinimo.<\/p>","protected":false},"featured_media":33893,"comment_status":"open","ping_status":"closed","template":"","meta":[],"product_brand":[170],"product_cat":[172],"product_tag":[],"class_list":{"0":"post-26678","1":"product","2":"type-product","3":"status-publish","4":"has-post-thumbnail","6":"product_brand-arymi-disposable-vape","7":"product_cat-arymi-disposable-vape","9":"first","10":"instock","11":"shipping-taxable","12":"purchasable","13":"product-type-variable"},"_links":{"self":[{"href":"https:\/\/euvapz.com\/lt\/wp-json\/wp\/v2\/product\/26678","targetHints":{"allow":["GET"]}}],"collection":[{"href":"https:\/\/euvapz.com\/lt\/wp-json\/wp\/v2\/product"}],"about":[{"href":"https:\/\/euvapz.com\/lt\/wp-json\/wp\/v2\/types\/product"}],"replies":[{"embeddable":true,"href":"https:\/\/euvapz.com\/lt\/wp-json\/wp\/v2\/comments?post=26678"}],"version-history":[{"count":4,"href":"https:\/\/euvapz.com\/lt\/wp-json\/wp\/v2\/product\/26678\/revisions"}],"predecessor-version":[{"id":33895,"href":"https:\/\/euvapz.com\/lt\/wp-json\/wp\/v2\/product\/26678\/revisions\/33895"}],"wp:featuredmedia":[{"embeddable":true,"href":"https:\/\/euvapz.com\/lt\/wp-json\/wp\/v2\/media\/33893"}],"wp:attachment":[{"href":"https:\/\/euvapz.com\/lt\/wp-json\/wp\/v2\/media?parent=26678"}],"wp:term":[{"taxonomy":"product_brand","embeddable":true,"href":"https:\/\/euvapz.com\/lt\/wp-json\/wp\/v2\/product_brand?post=26678"},{"taxonomy":"product_cat","embeddable":true,"href":"https:\/\/euvapz.com\/lt\/wp-json\/wp\/v2\/product_cat?post=26678"},{"taxonomy":"product_tag","embeddable":true,"href":"https:\/\/euvapz.com\/lt\/wp-json\/wp\/v2\/product_tag?post=26678"}],"curies":[{"name":"wp","href":"https:\/\/api.w.org\/{rel}","templated":true}]}}