{"id":30108,"date":"2025-03-22T02:18:14","date_gmt":"2025-03-22T02:18:14","guid":{"rendered":"https:\/\/euvapz.com\/?post_type=product&#038;p=30108"},"modified":"2025-03-24T08:51:07","modified_gmt":"2025-03-24T08:51:07","slug":"bang-king-50000-puffs-city-bk5-ct-disposable-vape-the-ultimate-vaping-experience-with-45ml-e-liquid","status":"publish","type":"product","link":"https:\/\/euvapz.com\/lt\/produktas\/bang-king-50000-puffs-city-bk5-ct-disposable-vape-the-ultimate-vaping-experience-with-45ml-e-liquid\/","title":{"rendered":"BANG KING 50000 Puffs CITY BK5 CT vienkartinis garintuvas Auk\u0161\u010diausia garinimo patirtis su 45 ml el. skys\u010dio"},"content":{"rendered":"<p data-start=\"179\" data-end=\"451\"><img fetchpriority=\"high\" decoding=\"async\" class=\"alignnone size-full wp-image-30115\" src=\"https:\/\/euvapz.com\/wp-content\/uploads\/2025\/03\/BANG-KING-50000-Puffs-CITY-BK5-CT-Disposable-Vape-The-Ultimate-Vaping-Experience-with-45mL-E-Liquid-6-scaled.webp\" alt=\"BANG KING 50000 Puffs CITY BK5 CT vienkartinis garintuvas Auk\u0161\u010diausia garinimo patirtis su 45 ml el. skys\u010dio\" width=\"1042\" height=\"2560\" srcset=\"https:\/\/euvapz.com\/wp-content\/uploads\/2025\/03\/BANG-KING-50000-Puffs-CITY-BK5-CT-Disposable-Vape-The-Ultimate-Vaping-Experience-with-45mL-E-Liquid-6-scaled.webp 1042w, https:\/\/euvapz.com\/wp-content\/uploads\/2025\/03\/BANG-KING-50000-Puffs-CITY-BK5-CT-Disposable-Vape-The-Ultimate-Vaping-Experience-with-45mL-E-Liquid-6-122x300.webp 122w, https:\/\/euvapz.com\/wp-content\/uploads\/2025\/03\/BANG-KING-50000-Puffs-CITY-BK5-CT-Disposable-Vape-The-Ultimate-Vaping-Experience-with-45mL-E-Liquid-6-326x800.webp 326w, https:\/\/euvapz.com\/wp-content\/uploads\/2025\/03\/BANG-KING-50000-Puffs-CITY-BK5-CT-Disposable-Vape-The-Ultimate-Vaping-Experience-with-45mL-E-Liquid-6-768x1887.webp 768w, https:\/\/euvapz.com\/wp-content\/uploads\/2025\/03\/BANG-KING-50000-Puffs-CITY-BK5-CT-Disposable-Vape-The-Ultimate-Vaping-Experience-with-45mL-E-Liquid-6-625x1536.webp 625w, https:\/\/euvapz.com\/wp-content\/uploads\/2025\/03\/BANG-KING-50000-Puffs-CITY-BK5-CT-Disposable-Vape-The-Ultimate-Vaping-Experience-with-45mL-E-Liquid-6-833x2048.webp 833w, https:\/\/euvapz.com\/wp-content\/uploads\/2025\/03\/BANG-KING-50000-Puffs-CITY-BK5-CT-Disposable-Vape-The-Ultimate-Vaping-Experience-with-45mL-E-Liquid-6-5x12.webp 5w, https:\/\/euvapz.com\/wp-content\/uploads\/2025\/03\/BANG-KING-50000-Puffs-CITY-BK5-CT-Disposable-Vape-The-Ultimate-Vaping-Experience-with-45mL-E-Liquid-6-430x1057.webp 430w, https:\/\/euvapz.com\/wp-content\/uploads\/2025\/03\/BANG-KING-50000-Puffs-CITY-BK5-CT-Disposable-Vape-The-Ultimate-Vaping-Experience-with-45mL-E-Liquid-6-700x1720.webp 700w, https:\/\/euvapz.com\/wp-content\/uploads\/2025\/03\/BANG-KING-50000-Puffs-CITY-BK5-CT-Disposable-Vape-The-Ultimate-Vaping-Experience-with-45mL-E-Liquid-6-150x369.webp 150w\" sizes=\"(max-width: 1042px) 100vw, 1042px\" \/><\/p>\n<p class=\"\" data-start=\"179\" data-end=\"451\">Svetain\u0117 <strong data-start=\"183\" data-end=\"236\">BANG KING 50000 Puffs CITY BK5 CT Disposable Vape<\/strong> is crafted for vapers who demand both power and performance in a single device. Offering up to <strong data-start=\"332\" data-end=\"348\">50,000 puffs<\/strong>, this disposable vape ensures an extended vaping experience without compromising on flavor or quality.<\/p>\n<p class=\"\" data-start=\"453\" data-end=\"705\">\u012erengtas <strong data-start=\"469\" data-end=\"500\">650 mAh \u012fkraunama baterija<\/strong>, the BK5 CT delivers reliable and consistent power for smooth, uninterrupted vaping. And with <strong data-start=\"595\" data-end=\"614\">C tipo \u012fkrovimas<\/strong>, you can quickly recharge, making it easier to keep your vape ready whenever you need it.<\/p>\n<p class=\"\" data-start=\"707\" data-end=\"1115\">I\u0161 anksto pripildyta <strong data-start=\"723\" data-end=\"751\">45mL of premium e-liquid<\/strong>... <strong data-start=\"757\" data-end=\"794\">BANG KING 50000 Puffs CITY BK5 CT<\/strong> offers a customizable nicotine experience with options for <strong data-start=\"854\" data-end=\"885\">0%, 2%, 3%, and 5% nicotine<\/strong> levels. The <strong data-start=\"898\" data-end=\"919\">1.0 ohm mesh coil<\/strong> ensures a rich, flavorful vapor, enhancing your vaping pleasure. Plus, the adjustable airflow lets you tailor your experience to your exact preferences, whether you want a tighter or looser draw.<\/p>\n<p class=\"\" data-start=\"1117\" data-end=\"1398\">Su <strong data-start=\"1122\" data-end=\"1145\">12 enticing flavors<\/strong> to choose from, including <strong data-start=\"1172\" data-end=\"1189\">M\u0117lynasis \"Razz Ice<\/strong>, <strong data-start=\"1191\" data-end=\"1210\">Bra\u0161ki\u0173 kiviai<\/strong>, ir <strong data-start=\"1216\" data-end=\"1235\">Juicy Peach Ice<\/strong>, the BK5 CT guarantees a satisfying and flavorful journey. Whether you&#8217;re craving something fruity, icy, or tropical, this vape has something to suit every taste.<\/p>\n<p class=\"\" data-start=\"1400\" data-end=\"1553\">Experience the next level of vaping with the <strong data-start=\"1445\" data-end=\"1498\">BANG KING 50000 Puffs CITY BK5 CT Disposable Vape<\/strong> \u2013 the perfect blend of power, flavor, and convenience.<\/p>\n<h2 data-start=\"1555\" data-end=\"1602\"><strong data-start=\"1555\" data-end=\"1602\">BANG KING 50000 Puffs CITY BK5 CT Features:<\/strong><\/h2>\n<ul data-start=\"1603\" data-end=\"1873\">\n<li class=\"\" data-start=\"1603\" data-end=\"1634\">\n<p class=\"\" data-start=\"1605\" data-end=\"1634\"><strong data-start=\"1605\" data-end=\"1614\">Puffs<\/strong>: Up to 50,000 puffs<\/p>\n<\/li>\n<li class=\"\" data-start=\"1635\" data-end=\"1675\">\n<p class=\"\" data-start=\"1637\" data-end=\"1675\"><strong data-start=\"1637\" data-end=\"1658\">E-skys\u010dio talpa<\/strong>: 45mL pre-filled<\/p>\n<\/li>\n<li class=\"\" data-start=\"1676\" data-end=\"1710\">\n<p class=\"\" data-start=\"1678\" data-end=\"1710\"><strong data-start=\"1678\" data-end=\"1689\">Akumuliatorius<\/strong>: 650 mAh \u012fkraunama<\/p>\n<\/li>\n<li class=\"\" data-start=\"1711\" data-end=\"1751\">\n<p class=\"\" data-start=\"1713\" data-end=\"1751\"><strong data-start=\"1713\" data-end=\"1732\">Coil Resistance<\/strong>: 1.0 ohm mesh coil<\/p>\n<\/li>\n<li class=\"\" data-start=\"1752\" data-end=\"1791\">\n<p class=\"\" data-start=\"1754\" data-end=\"1791\"><strong data-start=\"1754\" data-end=\"1775\">Nikotino stiprumas<\/strong>: 0%, 2%, 3%, 5%<\/p>\n<\/li>\n<li class=\"\" data-start=\"1792\" data-end=\"1832\">\n<p class=\"\" data-start=\"1794\" data-end=\"1832\"><strong data-start=\"1794\" data-end=\"1813\">Type-C Charging<\/strong> for quick recharge<\/p>\n<\/li>\n<li class=\"\" data-start=\"1833\" data-end=\"1873\">\n<p class=\"\" data-start=\"1835\" data-end=\"1873\"><strong data-start=\"1835\" data-end=\"1857\">Reguliuojamas oro srautas<\/strong> for custom draw<\/p>\n<\/li>\n<\/ul>\n<h2 data-start=\"1875\" data-end=\"1925\"><strong data-start=\"1875\" data-end=\"1925\">BANG KING 50000 Puffs CITY BK5 CT Flavor List:<\/strong><\/h2>\n<ol data-start=\"1926\" data-end=\"2164\">\n<li class=\"\" data-start=\"1926\" data-end=\"1942\">\n<p class=\"\" data-start=\"1929\" data-end=\"1942\">M\u0117lynasis \"Razz Ice<\/p>\n<\/li>\n<li class=\"\" data-start=\"1943\" data-end=\"1967\">\n<p class=\"\" data-start=\"1946\" data-end=\"1967\">Bra\u0161ki\u0173 arb\u016bzas<\/p>\n<\/li>\n<li class=\"\" data-start=\"1968\" data-end=\"1985\">\n<p class=\"\" data-start=\"1971\" data-end=\"1985\">Arb\u016bz\u0173 ledas<\/p>\n<\/li>\n<li class=\"\" data-start=\"1986\" data-end=\"2006\">\n<p class=\"\" data-start=\"1989\" data-end=\"2006\">Bra\u0161ki\u0173 bananai<\/p>\n<\/li>\n<li class=\"\" data-start=\"2007\" data-end=\"2024\">\n<p class=\"\" data-start=\"2010\" data-end=\"2024\">Tropical Fruit<\/p>\n<\/li>\n<li class=\"\" data-start=\"2025\" data-end=\"2044\">\n<p class=\"\" data-start=\"2028\" data-end=\"2044\">Triple Berry Ice<\/p>\n<\/li>\n<li class=\"\" data-start=\"2045\" data-end=\"2063\">\n<p class=\"\" data-start=\"2048\" data-end=\"2063\">Juicy Peach Ice<\/p>\n<\/li>\n<li class=\"\" data-start=\"2064\" data-end=\"2082\">\n<p class=\"\" data-start=\"2067\" data-end=\"2082\">Bra\u0161ki\u0173 kiviai<\/p>\n<\/li>\n<li class=\"\" data-start=\"2083\" data-end=\"2108\">\n<p class=\"\" data-start=\"2086\" data-end=\"2108\">Persik\u0173 Mango Arb\u016bzas<\/p>\n<\/li>\n<li class=\"\" data-start=\"2109\" data-end=\"2137\">\n<p class=\"\" data-start=\"2113\" data-end=\"2137\">Kiviai Pasifloros vaisiai Gvajavos<\/p>\n<\/li>\n<li class=\"\" data-start=\"2138\" data-end=\"2151\">\n<p class=\"\" data-start=\"2142\" data-end=\"2151\">Vynuogi\u0173 ledas<\/p>\n<\/li>\n<li class=\"\" data-start=\"2152\" data-end=\"2164\">\n<p class=\"\" data-start=\"2156\" data-end=\"2164\">Mr. Blue<\/p>\n<\/li>\n<\/ol>\n<p class=\"\" data-start=\"2166\" data-end=\"2494\">Svetain\u0117 <strong data-start=\"2170\" data-end=\"2207\">BANG KING 50000 Puffs CITY BK5 CT<\/strong> offers advanced mesh coil technology that provides a smooth, consistent experience with every puff. Available in various nicotine strengths and flavors, this disposable vape is ideal for both casual and experienced vapers, delivering long-lasting enjoyment and exceptional satisfaction.<\/p>\n<h2 data-start=\"2166\" data-end=\"2494\">\t\t\t<link rel=\"stylesheet\" id=\"elementor-post-32801-css\" href=\"https:\/\/euvapz.com\/wp-content\/uploads\/elementor\/css\/post-32801.css?ver=1778854920\" type=\"text\/css\" media=\"all\">\n\t\t\t\t\t<div data-elementor-type=\"wp-post\" data-elementor-id=\"32801\" class=\"elementor elementor-32801\" data-elementor-post-type=\"cms_block\">\n\t\t\t\t<div class=\"wd-negative-gap elementor-element elementor-element-311ef4d e-flex e-con-boxed e-con e-parent\" data-id=\"311ef4d\" data-element_type=\"container\" data-e-type=\"container\">\n\t\t\t\t\t<div class=\"e-con-inner\">\n\t\t\t\t<div class=\"elementor-element elementor-element-354d55bb color-scheme-inherit text-left elementor-widget elementor-widget-text-editor\" data-id=\"354d55bb\" data-element_type=\"widget\" data-e-type=\"widget\" data-widget_type=\"text-editor.default\">\n\t\t\t\t<div class=\"elementor-widget-container\">\n\t\t\t\t\t\t\t\t\t&nbsp;\n\n<script src=\"chrome-extension:\/\/fpelahbljekknahkcaegamhcndkfpfnc\/iFrame.js\" type=\"text\/javascript\"><\/script>\t\t\t\t\t\t\t\t<\/div>\n\t\t\t\t<\/div>\n\t\t\t\t\t<\/div>\n\t\t\t\t<\/div>\n\t\t<div class=\"wd-negative-gap elementor-element elementor-element-2f4b93b0 e-flex e-con-boxed e-con e-parent\" data-id=\"2f4b93b0\" data-element_type=\"container\" data-e-type=\"container\">\n\t\t\t\t\t<div class=\"e-con-inner\">\n\t\t\t\t\t<\/div>\n\t\t\t\t<\/div>\n\t\t<div class=\"wd-negative-gap elementor-element elementor-element-200eec29 e-flex e-con-boxed e-con e-parent\" data-id=\"200eec29\" data-element_type=\"container\" data-e-type=\"container\">\n\t\t\t\t\t<div class=\"e-con-inner\">\n\t\t\t\t<div class=\"elementor-element elementor-element-19faf1ba color-scheme-inherit text-left elementor-widget elementor-widget-text-editor\" data-id=\"19faf1ba\" data-element_type=\"widget\" data-e-type=\"widget\" data-widget_type=\"text-editor.default\">\n\t\t\t\t<div class=\"elementor-widget-container\">\n\t\t\t\t\t\t\t\t\t<h2><em><strong>DUK<\/strong><\/em><\/h2><ul><li><h2><em><strong>Kokius siuntimo b\u016bdus naudojate?<\/strong><\/em><\/h2><\/li><li><h2><em><strong><span style=\"color: #333333; font-size: 16px;\">Bendradarbiaujame su patikimais ve\u017e\u0117jais, tokiais kaip UPS, DHL, \"FedEx\" ir DPD. Atsi\u017evelgdami \u012f paskirties \u0161al\u012f, parinksime geriausi\u0105 pristatymo b\u016bd\u0105, kad u\u017etikrintume greit\u0105 ir saug\u0173 j\u016bs\u0173 gamini\u0173 pristatym\u0105.<\/span><\/strong><\/em><\/h2><\/li><\/ul><ul><li><h2><em><strong>Per kiek laiko bus pristatytas mano u\u017esakymas?<\/strong><\/em><\/h2><\/li><\/ul><p data-start=\"340\" data-end=\"490\"><em><strong>\u00a0 \u00a0 \u00a0 Paprastai pristatymas trunka nuo 7 iki 15 darbo dien\u0173. Ta\u010diau \u0161ven\u010di\u0173 dienomis arba nepalanki\u0173 oro s\u0105lyg\u0173 metu tai gali u\u017etrukti iki 20 darbo dien\u0173.<\/strong><\/em><\/p><ul><li data-start=\"492\" data-end=\"539\"><h2><em><strong>Ar mano u\u017esakymas bus i\u0161muitintas be problem\u0173?<\/strong><\/em><\/h2><\/li><li data-start=\"492\" data-end=\"539\"><h2><em><strong><span style=\"color: #333333; font-size: 16px;\">U\u017e jus sutvarkome visus muitin\u0117s formalumus ir u\u017etikriname skland\u0173 pristatym\u0105 be joki\u0173 papildom\u0173 mokes\u010di\u0173 ar rinkliav\u0173. Garantuojame, kad 100% m\u016bs\u0173 siuntos bus i\u0161muitintos be problem\u0173.<\/span><\/strong><\/em><\/h2><\/li><\/ul><ul><li data-start=\"718\" data-end=\"747\"><h2><em><strong>Ar galiu pasitik\u0117ti j\u016bs\u0173 paslaugomis?<\/strong><\/em><\/h2><\/li><li data-start=\"718\" data-end=\"747\"><h2><em><strong><span style=\"color: #333333; font-size: 16px;\">Absoliu\u010diai! Priimame \"PayPal\" saugius mok\u0117jimus, o j\u016bs\u0173 pirkin\u012f saugo \"PayPal\" pirk\u0117jo apsauga. Taip pat galite patikrinti m\u016bs\u0173 \"TrustPilot\" atsiliepimus ir su\u017einoti, k\u0105 apie mus sako kiti klientai.<\/span><\/strong><\/em><\/h2><\/li><\/ul>\t\t\t\t\t\t\t\t<\/div>\n\t\t\t\t<\/div>\n\t\t\t\t\t<\/div>\n\t\t\t\t<\/div>\n\t\t<div class=\"wd-negative-gap elementor-element elementor-element-d4517fd e-flex e-con-boxed e-con e-parent\" data-id=\"d4517fd\" data-element_type=\"container\" data-e-type=\"container\">\n\t\t\t\t\t<div class=\"e-con-inner\">\n\t\t\t\t<div class=\"elementor-element elementor-element-11cb93e5 elementor-widget elementor-widget-wd_button\" data-id=\"11cb93e5\" data-element_type=\"widget\" data-e-type=\"widget\" data-widget_type=\"wd_button.default\">\n\t\t\t\t<div class=\"elementor-widget-container\">\n\t\t\t\t\t\t\t<div class=\"wd-button-wrapper text-left\" >\n\t\t\t<a class=\"btn btn-style-link btn-style- btn-size-extra-large btn-scheme-inherit btn-scheme-hover-custom btn-icon-pos-right\"  href=\"https:\/\/euvapz.com\/lt\/faqs\/\">\n\t\t\t\t<span class=\"wd-btn-text\" data-elementor-setting-key=\"text\">\n\t\t\t\t\tSpustel\u0117kite \u010dia, jei norite gauti daugiau DUK.\t\t\t\t<\/span>\n\n\t\t\t\t\t\t\t<\/a>\n\t\t<\/div>\n\t\t\t\t\t\t<\/div>\n\t\t\t\t<\/div>\n\t\t\t\t\t<\/div>\n\t\t\t\t<\/div>\n\t\t\t\t<\/div>\n\t\t<\/h2>","protected":false},"excerpt":{"rendered":"<p>Svetain\u0117 <strong data-start=\"7\" data-end=\"44\">BANG KING 50000 Puffs CITY BK5 CT<\/strong> Disposable Vape offers up to <strong data-start=\"74\" data-end=\"90\">50,000 puffs<\/strong>, <strong data-start=\"92\" data-end=\"112\">45mL of e-liquid<\/strong>, ir <strong data-start=\"118\" data-end=\"142\">12 delicious flavors<\/strong> kaip <strong data-start=\"148\" data-end=\"165\">M\u0117lynasis \"Razz Ice<\/strong> ir <strong data-start=\"170\" data-end=\"189\">Bra\u0161ki\u0173 kiviai<\/strong>, kuri\u0173 nikotino kiekis yra <strong data-start=\"218\" data-end=\"240\">0%, 2%, 3%, and 5%<\/strong>.<\/p>","protected":false},"featured_media":30116,"comment_status":"open","ping_status":"closed","template":"","meta":[],"product_brand":[78],"product_cat":[77],"product_tag":[],"class_list":{"0":"post-30108","1":"product","2":"type-product","3":"status-publish","4":"has-post-thumbnail","6":"product_brand-bang-disposable-vape","7":"product_cat-bang-disposable-vape","9":"first","10":"instock","11":"shipping-taxable","12":"purchasable","13":"product-type-variable"},"_links":{"self":[{"href":"https:\/\/euvapz.com\/lt\/wp-json\/wp\/v2\/product\/30108","targetHints":{"allow":["GET"]}}],"collection":[{"href":"https:\/\/euvapz.com\/lt\/wp-json\/wp\/v2\/product"}],"about":[{"href":"https:\/\/euvapz.com\/lt\/wp-json\/wp\/v2\/types\/product"}],"replies":[{"embeddable":true,"href":"https:\/\/euvapz.com\/lt\/wp-json\/wp\/v2\/comments?post=30108"}],"version-history":[{"count":3,"href":"https:\/\/euvapz.com\/lt\/wp-json\/wp\/v2\/product\/30108\/revisions"}],"predecessor-version":[{"id":32858,"href":"https:\/\/euvapz.com\/lt\/wp-json\/wp\/v2\/product\/30108\/revisions\/32858"}],"wp:featuredmedia":[{"embeddable":true,"href":"https:\/\/euvapz.com\/lt\/wp-json\/wp\/v2\/media\/30116"}],"wp:attachment":[{"href":"https:\/\/euvapz.com\/lt\/wp-json\/wp\/v2\/media?parent=30108"}],"wp:term":[{"taxonomy":"product_brand","embeddable":true,"href":"https:\/\/euvapz.com\/lt\/wp-json\/wp\/v2\/product_brand?post=30108"},{"taxonomy":"product_cat","embeddable":true,"href":"https:\/\/euvapz.com\/lt\/wp-json\/wp\/v2\/product_cat?post=30108"},{"taxonomy":"product_tag","embeddable":true,"href":"https:\/\/euvapz.com\/lt\/wp-json\/wp\/v2\/product_tag?post=30108"}],"curies":[{"name":"wp","href":"https:\/\/api.w.org\/{rel}","templated":true}]}}