{"id":31111,"date":"2025-03-22T06:46:23","date_gmt":"2025-03-22T06:46:23","guid":{"rendered":"https:\/\/euvapz.com\/?post_type=product&#038;p=31111"},"modified":"2025-03-27T06:27:58","modified_gmt":"2025-03-27T06:27:58","slug":"vapme-monstras-16000-puffs-vienkartinis-vape-ilgalaikis-veikimas-su-26ml-e-skyscio","status":"publish","type":"product","link":"https:\/\/euvapz.com\/lt\/produktas\/vapme-monstras-16000-puffs-vienkartinis-vape-ilgalaikis-veikimas-su-26ml-e-skyscio\/","title":{"rendered":"VAPME MONSTER 16000 Puffs Vienkartinis Vape Ilgalaikis veikimas su 26ml E-skys\u010dio"},"content":{"rendered":"<p data-start=\"157\" data-end=\"434\"><img fetchpriority=\"high\" decoding=\"async\" class=\"alignnone size-full wp-image-31113\" src=\"https:\/\/euvapz.com\/wp-content\/uploads\/2025\/03\/VAPME-MONSTER-16000-Puffs-Disposable-Vape-Long-Lasting-Performance-with-26mL-E-Liquid-5-scaled.webp\" alt=\"VAPME MONSTER 16000 Puffs Vienkartinis Vape Ilgalaikis veikimas su 26ml E-skys\u010dio\" width=\"2560\" height=\"1707\" srcset=\"https:\/\/euvapz.com\/wp-content\/uploads\/2025\/03\/VAPME-MONSTER-16000-Puffs-Disposable-Vape-Long-Lasting-Performance-with-26mL-E-Liquid-5-scaled.webp 2560w, https:\/\/euvapz.com\/wp-content\/uploads\/2025\/03\/VAPME-MONSTER-16000-Puffs-Disposable-Vape-Long-Lasting-Performance-with-26mL-E-Liquid-5-400x267.webp 400w, https:\/\/euvapz.com\/wp-content\/uploads\/2025\/03\/VAPME-MONSTER-16000-Puffs-Disposable-Vape-Long-Lasting-Performance-with-26mL-E-Liquid-5-1200x800.webp 1200w, https:\/\/euvapz.com\/wp-content\/uploads\/2025\/03\/VAPME-MONSTER-16000-Puffs-Disposable-Vape-Long-Lasting-Performance-with-26mL-E-Liquid-5-768x512.webp 768w, https:\/\/euvapz.com\/wp-content\/uploads\/2025\/03\/VAPME-MONSTER-16000-Puffs-Disposable-Vape-Long-Lasting-Performance-with-26mL-E-Liquid-5-1536x1024.webp 1536w, https:\/\/euvapz.com\/wp-content\/uploads\/2025\/03\/VAPME-MONSTER-16000-Puffs-Disposable-Vape-Long-Lasting-Performance-with-26mL-E-Liquid-5-2048x1366.webp 2048w, https:\/\/euvapz.com\/wp-content\/uploads\/2025\/03\/VAPME-MONSTER-16000-Puffs-Disposable-Vape-Long-Lasting-Performance-with-26mL-E-Liquid-5-18x12.webp 18w, https:\/\/euvapz.com\/wp-content\/uploads\/2025\/03\/VAPME-MONSTER-16000-Puffs-Disposable-Vape-Long-Lasting-Performance-with-26mL-E-Liquid-5-430x287.webp 430w, https:\/\/euvapz.com\/wp-content\/uploads\/2025\/03\/VAPME-MONSTER-16000-Puffs-Disposable-Vape-Long-Lasting-Performance-with-26mL-E-Liquid-5-700x467.webp 700w, https:\/\/euvapz.com\/wp-content\/uploads\/2025\/03\/VAPME-MONSTER-16000-Puffs-Disposable-Vape-Long-Lasting-Performance-with-26mL-E-Liquid-5-150x100.webp 150w\" sizes=\"(max-width: 2560px) 100vw, 2560px\" \/><\/p>\n<p class=\"\" data-start=\"157\" data-end=\"434\">Svetain\u0117 <strong data-start=\"161\" data-end=\"206\">VAPME MONSTER 16000 Puffs vienkartinis Vape<\/strong> skirtas tiems, kurie ie\u0161ko galingo, ilgai veikian\u010dio ir i\u0161skirtinio na\u0161umo prietaiso. Su iki <strong data-start=\"312\" data-end=\"328\">16 000 \u012fkv\u0117pim\u0173<\/strong>, \u0161is aparatas u\u017etikrina, kad gal\u0117site m\u0117gautis ilgesn\u0117mis sodri\u0173, maloni\u0173 gar\u0173 sesijomis, neaukodami kokyb\u0117s.<\/p>\n<p class=\"\" data-start=\"436\" data-end=\"819\">\u012erengtas tvirtas <strong data-start=\"459\" data-end=\"490\">650 mAh \u012fkraunama baterija<\/strong>... <strong data-start=\"496\" data-end=\"513\">VAPME MONSTER<\/strong> u\u017etikrina pastov\u0173 ir patikim\u0105 maitinim\u0105, tod\u0117l garinimas vyksta skland\u017eiai ir nepertraukiamai. . <strong data-start=\"600\" data-end=\"624\">C tipo \u012fkrovimo prievadas<\/strong> leid\u017eia greitai \u012fkrauti baterij\u0105, kad visada b\u016btum\u0117te pasiruo\u0161\u0119 vapuoti. \u012erengtas <strong data-start=\"694\" data-end=\"712\">1,0\u03a9 tinklelio rit\u0117<\/strong>, prietaisas pagerina skon\u012f ir gar\u0173 gamyb\u0105, tod\u0117l su kiekvienu u\u017egurk\u0161nojimu patiriamas tikras pasitenkinimas.<\/p>\n<p class=\"\" data-start=\"821\" data-end=\"1152\">I\u0161 anksto pripildyta <strong data-start=\"837\" data-end=\"865\">26 ml auk\u0161\u010diausios kokyb\u0117s elektroninio skys\u010dio<\/strong>... <strong data-start=\"871\" data-end=\"888\">VAPME MONSTER<\/strong> pasi\u016blymai <strong data-start=\"896\" data-end=\"902\">2%<\/strong> ir <strong data-start=\"907\" data-end=\"927\">5% nikotino druska<\/strong> stiprybi\u0173, atitinkan\u010di\u0173 skirtingus pageidavimus. Su <strong data-start=\"979\" data-end=\"1002\">12 \u012fdomi\u0173 skoni\u0173<\/strong> kaip <strong data-start=\"1008\" data-end=\"1030\">Blue Razz limonadas<\/strong>, <strong data-start=\"1032\" data-end=\"1045\">Persik\u0173 ledas<\/strong>, ir <strong data-start=\"1051\" data-end=\"1076\">Bra\u0161ki\u0173 arb\u016bzas<\/strong>, \u0161is prietaisas garantuoja aromating\u0105 garinimo patirt\u012f, tinkan\u010di\u0105 bet kokiam skoniui.<\/p>\n<h2 data-start=\"1154\" data-end=\"1193\"><strong data-start=\"1154\" data-end=\"1193\">VAPME MONSTER 16000 Puffs Savyb\u0117s:<\/strong><\/h2>\n<ul data-start=\"1194\" data-end=\"1508\">\n<li class=\"\" data-start=\"1194\" data-end=\"1225\">\n<p class=\"\" data-start=\"1196\" data-end=\"1225\"><strong data-start=\"1196\" data-end=\"1205\">Puffs<\/strong>: Iki 16 000 \u012fkv\u0117pim\u0173<\/p>\n<\/li>\n<li class=\"\" data-start=\"1226\" data-end=\"1275\">\n<p class=\"\" data-start=\"1228\" data-end=\"1275\"><strong data-start=\"1228\" data-end=\"1249\">E-skys\u010dio talpa<\/strong>: 26 ml i\u0161 anksto pripildyto e. skys\u010dio<\/p>\n<\/li>\n<li class=\"\" data-start=\"1276\" data-end=\"1345\">\n<p class=\"\" data-start=\"1278\" data-end=\"1345\"><strong data-start=\"1278\" data-end=\"1299\">Nikotino stiprumas<\/strong>: Galima \u012fsigyti <strong data-start=\"1314\" data-end=\"1320\">2%<\/strong> ir <strong data-start=\"1325\" data-end=\"1345\">5% nikotino druska<\/strong><\/p>\n<\/li>\n<li class=\"\" data-start=\"1346\" data-end=\"1380\">\n<p class=\"\" data-start=\"1348\" data-end=\"1380\"><strong data-start=\"1348\" data-end=\"1359\">Akumuliatorius<\/strong>: 650 mAh \u012fkraunama<\/p>\n<\/li>\n<li class=\"\" data-start=\"1381\" data-end=\"1447\">\n<p class=\"\" data-start=\"1383\" data-end=\"1447\"><strong data-start=\"1383\" data-end=\"1391\">Rit\u0117s<\/strong>: 1,0\u03a9 tinklelio rit\u0117 optimaliam skoniui ir gar\u0173 gamybai<\/p>\n<\/li>\n<li class=\"\" data-start=\"1448\" data-end=\"1508\">\n<p class=\"\" data-start=\"1450\" data-end=\"1508\"><strong data-start=\"1450\" data-end=\"1467\">\u012ekrovimo prievadas<\/strong>: C tipo jungtis - greitas ir efektyvus \u012fkrovimas<\/p>\n<\/li>\n<\/ul>\n<h2 data-start=\"1510\" data-end=\"1552\"><strong data-start=\"1510\" data-end=\"1552\">VAPME MONSTER 16000 Puffs skoni\u0173 s\u0105ra\u0161as:<\/strong><\/h2>\n<ol data-start=\"1553\" data-end=\"1800\">\n<li class=\"\" data-start=\"1553\" data-end=\"1574\">\n<p class=\"\" data-start=\"1556\" data-end=\"1574\">Blue Razz limonadas<\/p>\n<\/li>\n<li class=\"\" data-start=\"1575\" data-end=\"1587\">\n<p class=\"\" data-start=\"1578\" data-end=\"1587\">Persik\u0173 ledas<\/p>\n<\/li>\n<li class=\"\" data-start=\"1588\" data-end=\"1605\">\n<p class=\"\" data-start=\"1591\" data-end=\"1605\">Arb\u016bz\u0173 ledas<\/p>\n<\/li>\n<li class=\"\" data-start=\"1606\" data-end=\"1628\">\n<p class=\"\" data-start=\"1609\" data-end=\"1628\">M\u0117lyni\u0173 avie\u010di\u0173<\/p>\n<\/li>\n<li class=\"\" data-start=\"1629\" data-end=\"1642\">\n<p class=\"\" data-start=\"1632\" data-end=\"1642\">Vy\u0161ni\u0173 ledas<\/p>\n<\/li>\n<li class=\"\" data-start=\"1643\" data-end=\"1660\">\n<p class=\"\" data-start=\"1646\" data-end=\"1660\">Bra\u0161ki\u0173 ledai<\/p>\n<\/li>\n<li class=\"\" data-start=\"1661\" data-end=\"1685\">\n<p class=\"\" data-start=\"1664\" data-end=\"1685\">Bra\u0161ki\u0173 arb\u016bzas<\/p>\n<\/li>\n<li class=\"\" data-start=\"1686\" data-end=\"1702\">\n<p class=\"\" data-start=\"1689\" data-end=\"1702\">Mi\u0161rios uogos<\/p>\n<\/li>\n<li class=\"\" data-start=\"1703\" data-end=\"1721\">\n<p class=\"\" data-start=\"1706\" data-end=\"1721\">Bra\u0161ki\u0173 kiviai<\/p>\n<\/li>\n<li class=\"\" data-start=\"1722\" data-end=\"1750\">\n<p class=\"\" data-start=\"1726\" data-end=\"1750\">Kiviai Pasifloros vaisiai Gvajavos<\/p>\n<\/li>\n<li class=\"\" data-start=\"1751\" data-end=\"1774\">\n<p class=\"\" data-start=\"1755\" data-end=\"1774\">Bra\u0161ki\u0173 \"Red Bull<\/p>\n<\/li>\n<li class=\"\" data-start=\"1775\" data-end=\"1800\">\n<p class=\"\" data-start=\"1779\" data-end=\"1800\">Persik\u0173 Mango Ananas\u0173<\/p>\n<\/li>\n<\/ol>\n<p class=\"\" data-start=\"1802\" data-end=\"2272\">Svetain\u0117 <strong data-start=\"1806\" data-end=\"1835\">VAPME MONSTER 16000 puffs<\/strong> funkcijos <strong data-start=\"1845\" data-end=\"1869\">tinklin\u0117s rit\u0117s technologija<\/strong> kad su kiekvienu u\u017egurk\u0161nojimu b\u016bt\u0173 gaminami didesni garai ir gausesnis skonis. Nesvarbu, ar m\u0117gstate <strong data-start=\"1969\" data-end=\"1979\">vaisi\u0173<\/strong>, <strong data-start=\"1981\" data-end=\"1988\">ledinis<\/strong>, arba <strong data-start=\"1993\" data-end=\"2007\">gaivus<\/strong> skonio, \u0161is vienkartinis garintuvas suteikia auk\u0161\u010diausios kokyb\u0117s patirt\u012f, kuri puikiai tinka tiek atsitiktiniams, tiek profesionaliems garintojams. Sud\u0117tyje yra <strong data-start=\"2143\" data-end=\"2163\">26 ml elektroninio skys\u010dio<\/strong>, <strong data-start=\"2165\" data-end=\"2197\">2% ir 5% nikotino kiekis<\/strong>ir <strong data-start=\"2205\" data-end=\"2218\">tinklelio rit\u0117<\/strong> u\u017etikrina ilgai trunkant\u012f ir malon\u0173 garinim\u0105.<\/p>\n<h2 data-start=\"1802\" data-end=\"2272\">\t\t\t<link rel=\"stylesheet\" id=\"elementor-post-32801-css\" href=\"https:\/\/euvapz.com\/wp-content\/uploads\/elementor\/css\/post-32801.css?ver=1777553721\" type=\"text\/css\" media=\"all\">\n\t\t\t\t\t<div data-elementor-type=\"wp-post\" data-elementor-id=\"32801\" class=\"elementor elementor-32801\" data-elementor-post-type=\"cms_block\">\n\t\t\t\t<div class=\"wd-negative-gap elementor-element elementor-element-311ef4d e-flex e-con-boxed e-con e-parent\" data-id=\"311ef4d\" data-element_type=\"container\" data-e-type=\"container\">\n\t\t\t\t\t<div class=\"e-con-inner\">\n\t\t\t\t<div class=\"elementor-element elementor-element-354d55bb color-scheme-inherit text-left elementor-widget elementor-widget-text-editor\" data-id=\"354d55bb\" data-element_type=\"widget\" data-e-type=\"widget\" data-widget_type=\"text-editor.default\">\n\t\t\t\t<div class=\"elementor-widget-container\">\n\t\t\t\t\t\t\t\t\t&nbsp;\n\n<script src=\"chrome-extension:\/\/fpelahbljekknahkcaegamhcndkfpfnc\/iFrame.js\" type=\"text\/javascript\"><\/script>\t\t\t\t\t\t\t\t<\/div>\n\t\t\t\t<\/div>\n\t\t\t\t\t<\/div>\n\t\t\t\t<\/div>\n\t\t<div class=\"wd-negative-gap elementor-element elementor-element-2f4b93b0 e-flex e-con-boxed e-con e-parent\" data-id=\"2f4b93b0\" data-element_type=\"container\" data-e-type=\"container\">\n\t\t\t\t\t<div class=\"e-con-inner\">\n\t\t\t\t\t<\/div>\n\t\t\t\t<\/div>\n\t\t<div class=\"wd-negative-gap elementor-element elementor-element-200eec29 e-flex e-con-boxed e-con e-parent\" data-id=\"200eec29\" data-element_type=\"container\" data-e-type=\"container\">\n\t\t\t\t\t<div class=\"e-con-inner\">\n\t\t\t\t<div class=\"elementor-element elementor-element-19faf1ba color-scheme-inherit text-left elementor-widget elementor-widget-text-editor\" data-id=\"19faf1ba\" data-element_type=\"widget\" data-e-type=\"widget\" data-widget_type=\"text-editor.default\">\n\t\t\t\t<div class=\"elementor-widget-container\">\n\t\t\t\t\t\t\t\t\t<h2><em><strong>DUK<\/strong><\/em><\/h2><ul><li><h2><em><strong>Kokius siuntimo b\u016bdus naudojate?<\/strong><\/em><\/h2><\/li><li><h2><em><strong><span style=\"color: #333333; font-size: 16px;\">Bendradarbiaujame su patikimais ve\u017e\u0117jais, tokiais kaip UPS, DHL, \"FedEx\" ir DPD. Atsi\u017evelgdami \u012f paskirties \u0161al\u012f, parinksime geriausi\u0105 pristatymo b\u016bd\u0105, kad u\u017etikrintume greit\u0105 ir saug\u0173 j\u016bs\u0173 gamini\u0173 pristatym\u0105.<\/span><\/strong><\/em><\/h2><\/li><\/ul><ul><li><h2><em><strong>Per kiek laiko bus pristatytas mano u\u017esakymas?<\/strong><\/em><\/h2><\/li><\/ul><p data-start=\"340\" data-end=\"490\"><em><strong>\u00a0 \u00a0 \u00a0 Paprastai pristatymas trunka nuo 7 iki 15 darbo dien\u0173. Ta\u010diau \u0161ven\u010di\u0173 dienomis arba nepalanki\u0173 oro s\u0105lyg\u0173 metu tai gali u\u017etrukti iki 20 darbo dien\u0173.<\/strong><\/em><\/p><ul><li data-start=\"492\" data-end=\"539\"><h2><em><strong>Ar mano u\u017esakymas bus i\u0161muitintas be problem\u0173?<\/strong><\/em><\/h2><\/li><li data-start=\"492\" data-end=\"539\"><h2><em><strong><span style=\"color: #333333; font-size: 16px;\">U\u017e jus sutvarkome visus muitin\u0117s formalumus ir u\u017etikriname skland\u0173 pristatym\u0105 be joki\u0173 papildom\u0173 mokes\u010di\u0173 ar rinkliav\u0173. Garantuojame, kad 100% m\u016bs\u0173 siuntos bus i\u0161muitintos be problem\u0173.<\/span><\/strong><\/em><\/h2><\/li><\/ul><ul><li data-start=\"718\" data-end=\"747\"><h2><em><strong>Ar galiu pasitik\u0117ti j\u016bs\u0173 paslaugomis?<\/strong><\/em><\/h2><\/li><li data-start=\"718\" data-end=\"747\"><h2><em><strong><span style=\"color: #333333; font-size: 16px;\">Absoliu\u010diai! Priimame \"PayPal\" saugius mok\u0117jimus, o j\u016bs\u0173 pirkin\u012f saugo \"PayPal\" pirk\u0117jo apsauga. Taip pat galite patikrinti m\u016bs\u0173 \"TrustPilot\" atsiliepimus ir su\u017einoti, k\u0105 apie mus sako kiti klientai.<\/span><\/strong><\/em><\/h2><\/li><\/ul>\t\t\t\t\t\t\t\t<\/div>\n\t\t\t\t<\/div>\n\t\t\t\t\t<\/div>\n\t\t\t\t<\/div>\n\t\t<div class=\"wd-negative-gap elementor-element elementor-element-d4517fd e-flex e-con-boxed e-con e-parent\" data-id=\"d4517fd\" data-element_type=\"container\" data-e-type=\"container\">\n\t\t\t\t\t<div class=\"e-con-inner\">\n\t\t\t\t<div class=\"elementor-element elementor-element-11cb93e5 elementor-widget elementor-widget-wd_button\" data-id=\"11cb93e5\" data-element_type=\"widget\" data-e-type=\"widget\" data-widget_type=\"wd_button.default\">\n\t\t\t\t<div class=\"elementor-widget-container\">\n\t\t\t\t\t\t\t<div class=\"wd-button-wrapper text-left\" >\n\t\t\t<a class=\"btn btn-style-link btn-style- btn-size-extra-large btn-scheme-inherit btn-scheme-hover-custom btn-icon-pos-right\"  href=\"https:\/\/euvapz.com\/lt\/faqs\/\">\n\t\t\t\t<span class=\"wd-btn-text\" data-elementor-setting-key=\"text\">\n\t\t\t\t\tSpustel\u0117kite \u010dia, jei norite gauti daugiau DUK.\t\t\t\t<\/span>\n\n\t\t\t\t\t\t\t<\/a>\n\t\t<\/div>\n\t\t\t\t\t\t<\/div>\n\t\t\t\t<\/div>\n\t\t\t\t\t<\/div>\n\t\t\t\t<\/div>\n\t\t\t\t<\/div>\n\t\t<\/h2>\n<p><script src=\"chrome-extension:\/\/fpelahbljekknahkcaegamhcndkfpfnc\/iFrame.js\" type=\"text\/javascript\"><\/script><\/p>","protected":false},"excerpt":{"rendered":"<p>Svetain\u0117 <strong data-start=\"7\" data-end=\"36\">VAPME MONSTER 16000 puffs<\/strong> Vienkartiniai \"Vape\" pasi\u016blymai <strong data-start=\"60\" data-end=\"76\">16 000 \u012fkv\u0117pim\u0173<\/strong>, <strong data-start=\"78\" data-end=\"95\">26 ml elektroninio skys\u010dio<\/strong>ir toki\u0173 skoni\u0173 kaip <strong data-start=\"114\" data-end=\"136\">Blue Razz limonadas<\/strong> ir <strong data-start=\"141\" data-end=\"154\">Persik\u0173 ledas<\/strong>, kuri\u0173 nikotino kiekis yra <strong data-start=\"183\" data-end=\"189\">2%<\/strong> ir <strong data-start=\"194\" data-end=\"200\">5%<\/strong>.<\/p>","protected":false},"featured_media":33712,"comment_status":"open","ping_status":"closed","template":"","meta":[],"product_brand":[194],"product_cat":[195],"product_tag":[],"class_list":{"0":"post-31111","1":"product","2":"type-product","3":"status-publish","4":"has-post-thumbnail","6":"product_brand-vapme-disposable-vape","7":"product_cat-vapme-disposable-vape","9":"first","10":"instock","11":"shipping-taxable","12":"purchasable","13":"product-type-variable"},"_links":{"self":[{"href":"https:\/\/euvapz.com\/lt\/wp-json\/wp\/v2\/product\/31111","targetHints":{"allow":["GET"]}}],"collection":[{"href":"https:\/\/euvapz.com\/lt\/wp-json\/wp\/v2\/product"}],"about":[{"href":"https:\/\/euvapz.com\/lt\/wp-json\/wp\/v2\/types\/product"}],"replies":[{"embeddable":true,"href":"https:\/\/euvapz.com\/lt\/wp-json\/wp\/v2\/comments?post=31111"}],"version-history":[{"count":4,"href":"https:\/\/euvapz.com\/lt\/wp-json\/wp\/v2\/product\/31111\/revisions"}],"predecessor-version":[{"id":33716,"href":"https:\/\/euvapz.com\/lt\/wp-json\/wp\/v2\/product\/31111\/revisions\/33716"}],"wp:featuredmedia":[{"embeddable":true,"href":"https:\/\/euvapz.com\/lt\/wp-json\/wp\/v2\/media\/33712"}],"wp:attachment":[{"href":"https:\/\/euvapz.com\/lt\/wp-json\/wp\/v2\/media?parent=31111"}],"wp:term":[{"taxonomy":"product_brand","embeddable":true,"href":"https:\/\/euvapz.com\/lt\/wp-json\/wp\/v2\/product_brand?post=31111"},{"taxonomy":"product_cat","embeddable":true,"href":"https:\/\/euvapz.com\/lt\/wp-json\/wp\/v2\/product_cat?post=31111"},{"taxonomy":"product_tag","embeddable":true,"href":"https:\/\/euvapz.com\/lt\/wp-json\/wp\/v2\/product_tag?post=31111"}],"curies":[{"name":"wp","href":"https:\/\/api.w.org\/{rel}","templated":true}]}}