{"id":30347,"date":"2025-03-22T02:53:42","date_gmt":"2025-03-22T02:53:42","guid":{"rendered":"https:\/\/euvapz.com\/?post_type=product&#038;p=30347"},"modified":"2025-10-13T01:30:58","modified_gmt":"2025-10-13T01:30:58","slug":"mrvi-bar-8000-puffs-disposable-vape-compact-powerful-and-flavorful","status":"publish","type":"product","link":"https:\/\/euvapz.com\/lv\/products\/mrvi-bar-8000-puffs-disposable-vape-compact-powerful-and-flavorful\/","title":{"rendered":"MRVI BAR 8000 Puffs Disposable Vape Compact Powerful and Flavorful"},"content":{"rendered":"<p class=\"\" data-start=\"134\" data-end=\"387\">Port\u0101ls <strong data-start=\"138\" data-end=\"177\">MRVI BAR 8000 Puffs Disposable Vape<\/strong> is crafted for vapers seeking a high-quality, long-lasting vaping experience. With up to <strong data-start=\"267\" data-end=\"282\">8,000 puffs<\/strong>, this compact device ensures extended enjoyment, all while maintaining excellent flavor and performance.<\/p>\n<p class=\"\" data-start=\"389\" data-end=\"794\">Apr\u012bkots ar <strong data-start=\"405\" data-end=\"436\">650 mAh uzl\u0101d\u0113jams akumulators<\/strong>, the MRVI BAR delivers efficient power to keep your vaping sessions smooth and uninterrupted. The <strong data-start=\"535\" data-end=\"559\">C tipa uzl\u0101des ports<\/strong> ensures quick and convenient recharging, so you&#8217;re always ready to enjoy your vape. The <strong data-start=\"648\" data-end=\"674\">15mL e-liquid capacity<\/strong> provides a satisfying experience, while the <strong data-start=\"719\" data-end=\"756\">2%, 3% un 5% nikot\u012bna stiprums<\/strong> cater to a wide range of preferences.<\/p>\n<p class=\"\" data-start=\"796\" data-end=\"1156\">Designed for convenience and portability, the <strong data-start=\"842\" data-end=\"865\">MRVI BAR 8000 Puffs<\/strong> comes in a compact size of <strong data-start=\"893\" data-end=\"907\">92<em data-start=\"897\" data-end=\"901\">41<\/em>19mm<\/strong>, making it easy to carry and use on the go. With <strong data-start=\"957\" data-end=\"980\">10 exciting flavors<\/strong> such as <strong data-start=\"989\" data-end=\"1002\">Blue Razz<\/strong>, <strong data-start=\"1004\" data-end=\"1023\">Zeme\u0146u kivi<\/strong>, un <strong data-start=\"1029\" data-end=\"1044\">Jauktas ogas<\/strong>, the MRVI BAR guarantees a flavorful and satisfying vaping experience that fits seamlessly into your lifestyle.<\/p>\n<p class=\"\" data-start=\"1158\" data-end=\"1277\">Elevate your vaping game with the <strong data-start=\"1192\" data-end=\"1231\">MRVI BAR 8000 Puffs Disposable Vape<\/strong> \u2013 power, flavor, and convenience, all in one.<\/p>\n<h2 data-start=\"1279\" data-end=\"1312\"><strong data-start=\"1279\" data-end=\"1312\">MRVI BAR 8000 Puffs Features:<\/strong><\/h2>\n<ul data-start=\"1313\" data-end=\"1565\">\n<li class=\"\" data-start=\"1313\" data-end=\"1343\">\n<p class=\"\" data-start=\"1315\" data-end=\"1343\"><strong data-start=\"1315\" data-end=\"1324\">Pufi<\/strong>: Up to 8,000 puffs<\/p>\n<\/li>\n<li class=\"\" data-start=\"1344\" data-end=\"1387\">\n<p class=\"\" data-start=\"1346\" data-end=\"1387\"><strong data-start=\"1346\" data-end=\"1366\">Akumulatora ietilp\u012bba<\/strong>: 650 mAh uzl\u0101d\u0113jams<\/p>\n<\/li>\n<li class=\"\" data-start=\"1388\" data-end=\"1435\">\n<p class=\"\" data-start=\"1390\" data-end=\"1435\"><strong data-start=\"1390\" data-end=\"1409\">Liquid Capacity<\/strong>: 15mL pre-filled e-liquid<\/p>\n<\/li>\n<li class=\"\" data-start=\"1436\" data-end=\"1471\">\n<p class=\"\" data-start=\"1438\" data-end=\"1471\"><strong data-start=\"1438\" data-end=\"1459\">Nikot\u012bna stiprums<\/strong>: 2%, 3%, 5%<\/p>\n<\/li>\n<li class=\"\" data-start=\"1472\" data-end=\"1518\">\n<p class=\"\" data-start=\"1474\" data-end=\"1518\"><strong data-start=\"1474\" data-end=\"1491\">Uzl\u0101des ports<\/strong>: Type-C for fast recharges<\/p>\n<\/li>\n<li class=\"\" data-start=\"1519\" data-end=\"1565\">\n<p class=\"\" data-start=\"1521\" data-end=\"1565\"><strong data-start=\"1521\" data-end=\"1537\">Produkta izm\u0113rs<\/strong>: 92<em data-start=\"1541\" data-end=\"1545\">41<\/em>19mm for portability<\/p>\n<\/li>\n<\/ul>\n<h2 data-start=\"1567\" data-end=\"1603\"><strong data-start=\"1567\" data-end=\"1603\">MRVI BAR 8000 Puffs Flavor List:<\/strong><\/h2>\n<ol data-start=\"1604\" data-end=\"1761\">\n<li class=\"\" data-start=\"1604\" data-end=\"1616\">\n<p class=\"\" data-start=\"1607\" data-end=\"1616\">Blue Razz<\/p>\n<\/li>\n<li class=\"\" data-start=\"1617\" data-end=\"1629\">\n<p class=\"\" data-start=\"1620\" data-end=\"1629\">For\u0161i piparm\u0113tras<\/p>\n<\/li>\n<li class=\"\" data-start=\"1630\" data-end=\"1641\">\n<p class=\"\" data-start=\"1633\" data-end=\"1641\">Lush Ice<\/p>\n<\/li>\n<li class=\"\" data-start=\"1642\" data-end=\"1656\">\n<p class=\"\" data-start=\"1645\" data-end=\"1656\">Jauktas ogas<\/p>\n<\/li>\n<li class=\"\" data-start=\"1657\" data-end=\"1669\">\n<p class=\"\" data-start=\"1660\" data-end=\"1669\">Persiku ledus<\/p>\n<\/li>\n<li class=\"\" data-start=\"1670\" data-end=\"1690\">\n<p class=\"\" data-start=\"1673\" data-end=\"1690\">Zeme\u0146u ban\u0101nu<\/p>\n<\/li>\n<li class=\"\" data-start=\"1691\" data-end=\"1708\">\n<p class=\"\" data-start=\"1694\" data-end=\"1708\">Zeme\u0146u ledus<\/p>\n<\/li>\n<li class=\"\" data-start=\"1709\" data-end=\"1727\">\n<p class=\"\" data-start=\"1712\" data-end=\"1727\">Zeme\u0146u kivi<\/p>\n<\/li>\n<li class=\"\" data-start=\"1728\" data-end=\"1741\">\n<p class=\"\" data-start=\"1731\" data-end=\"1741\">Ban\u0101nu ledus<\/p>\n<\/li>\n<li class=\"\" data-start=\"1742\" data-end=\"1761\">\n<p class=\"\" data-start=\"1746\" data-end=\"1761\">Cranberry Grape<\/p>\n<\/li>\n<\/ol>\n<p class=\"\" data-start=\"1763\" data-end=\"2065\">Ar t\u0101s <strong data-start=\"1772\" data-end=\"1796\">sieta spoles tehnolo\u0123ija<\/strong>, un <strong data-start=\"1802\" data-end=\"1825\">MRVI BAR 8000 Puffs<\/strong> delivers superior vapor and flavor, making each puff enjoyable. Whether you&#8217;re after something cool, fruity, or refreshing, the MRVI BAR offers something for everyone, providing a premium vaping experience in a convenient, portable design.<\/p>\n<h2 data-start=\"1763\" data-end=\"2065\">\t\t\t<link rel=\"stylesheet\" id=\"elementor-post-32801-css\" href=\"https:\/\/euvapz.com\/wp-content\/uploads\/elementor\/css\/post-32801.css?ver=1775418790\" type=\"text\/css\" media=\"all\">\n\t\t\t\t\t<div data-elementor-type=\"wp-post\" data-elementor-id=\"32801\" class=\"elementor elementor-32801\" data-elementor-post-type=\"cms_block\">\n\t\t\t\t<div class=\"wd-negative-gap elementor-element elementor-element-311ef4d e-flex e-con-boxed e-con e-parent\" data-id=\"311ef4d\" data-element_type=\"container\">\n\t\t\t\t\t<div class=\"e-con-inner\">\n\t\t\t\t<div class=\"elementor-element elementor-element-354d55bb color-scheme-inherit text-left elementor-widget elementor-widget-text-editor\" data-id=\"354d55bb\" data-element_type=\"widget\" data-widget_type=\"text-editor.default\">\n\t\t\t\t<div class=\"elementor-widget-container\">\n\t\t\t\t\t\t\t\t\t&nbsp;\n\n<script src=\"chrome-extension:\/\/fpelahbljekknahkcaegamhcndkfpfnc\/iFrame.js\" type=\"text\/javascript\"><\/script>\t\t\t\t\t\t\t\t<\/div>\n\t\t\t\t<\/div>\n\t\t\t\t\t<\/div>\n\t\t\t\t<\/div>\n\t\t<div class=\"wd-negative-gap elementor-element elementor-element-2f4b93b0 e-flex e-con-boxed e-con e-parent\" data-id=\"2f4b93b0\" data-element_type=\"container\">\n\t\t\t\t\t<div class=\"e-con-inner\">\n\t\t\t\t\t<\/div>\n\t\t\t\t<\/div>\n\t\t<div class=\"wd-negative-gap elementor-element elementor-element-200eec29 e-flex e-con-boxed e-con e-parent\" data-id=\"200eec29\" data-element_type=\"container\">\n\t\t\t\t\t<div class=\"e-con-inner\">\n\t\t\t\t<div class=\"elementor-element elementor-element-19faf1ba color-scheme-inherit text-left elementor-widget elementor-widget-text-editor\" data-id=\"19faf1ba\" data-element_type=\"widget\" data-widget_type=\"text-editor.default\">\n\t\t\t\t<div class=\"elementor-widget-container\">\n\t\t\t\t\t\t\t\t\t<h2><em><strong>BIE\u017d\u0100K UZDOTIE JAUT\u0100JUMI<\/strong><\/em><\/h2><ul><li><h2><em><strong>K\u0101das pieg\u0101des metodes izmantojat?<\/strong><\/em><\/h2><\/li><li><h2><em><strong><span style=\"color: #333333; font-size: 16px;\">M\u0113s sadarbojamies ar t\u0101diem uzticamiem p\u0101rvad\u0101t\u0101jiem k\u0101 UPS, DHL, FedEx un DPD. Atkar\u012bb\u0101 no galam\u0113r\u0137a valsts m\u0113s izv\u0113l\u0113simies lab\u0101ko pieg\u0101des metodi, lai nodro\u0161in\u0101tu \u0101tru un dro\u0161u j\u016bsu produktu pieg\u0101di.<\/span><\/strong><\/em><\/h2><\/li><\/ul><ul><li><h2><em><strong>Cik ilg\u0101 laik\u0101 mans pas\u016bt\u012bjums tiks pieg\u0101d\u0101ts?<\/strong><\/em><\/h2><\/li><\/ul><p data-start=\"340\" data-end=\"490\"><em><strong>\u00a0 \u00a0 \u00a0 Parasti pieg\u0101de ilgst 7-15 darba dienas. Tom\u0113r sv\u0113tku vai nelabv\u0113l\u012bgu laikapst\u0101k\u013cu laik\u0101 pieg\u0101de var aiz\u0146emt l\u012bdz pat 20 darba dien\u0101m.<\/strong><\/em><\/p><ul><li data-start=\"492\" data-end=\"539\"><h2><em><strong>Vai mans pas\u016bt\u012bjums bez probl\u0113m\u0101m tiks muitots?<\/strong><\/em><\/h2><\/li><li data-start=\"492\" data-end=\"539\"><h2><em><strong><span style=\"color: #333333; font-size: 16px;\">M\u0113s par\u016bp\u0113simies par visu muito\u0161anu, nodro\u0161inot netrauc\u0113tu pieg\u0101di bez papildu nodok\u013ciem vai maks\u0101jumiem. M\u0113s garant\u0113jam, ka 100% m\u016bsu s\u016bt\u012bjumu muito\u0161ana norit\u0113s bez probl\u0113m\u0101m.<\/span><\/strong><\/em><\/h2><\/li><\/ul><ul><li data-start=\"718\" data-end=\"747\"><h2><em><strong>Vai varu uztic\u0113ties j\u016bsu pakalpojumam?<\/strong><\/em><\/h2><\/li><li data-start=\"718\" data-end=\"747\"><h2><em><strong><span style=\"color: #333333; font-size: 16px;\">Piln\u012bgi noteikti! M\u0113s pie\u0146emam PayPal dro\u0161us maks\u0101jumus, un j\u016bsu pirkumu aizsarg\u0101 PayPal pirc\u0113ja aizsardz\u012bba. J\u016bs varat ar\u012b p\u0101rbaud\u012bt m\u016bsu TrustPilot atsauksmes, lai uzzin\u0101tu, ko par mums saka citi klienti.<\/span><\/strong><\/em><\/h2><\/li><\/ul>\t\t\t\t\t\t\t\t<\/div>\n\t\t\t\t<\/div>\n\t\t\t\t\t<\/div>\n\t\t\t\t<\/div>\n\t\t<div class=\"wd-negative-gap elementor-element elementor-element-d4517fd e-flex e-con-boxed e-con e-parent\" data-id=\"d4517fd\" data-element_type=\"container\">\n\t\t\t\t\t<div class=\"e-con-inner\">\n\t\t\t\t<div class=\"elementor-element elementor-element-11cb93e5 elementor-widget elementor-widget-wd_button\" data-id=\"11cb93e5\" data-element_type=\"widget\" data-widget_type=\"wd_button.default\">\n\t\t\t\t<div class=\"elementor-widget-container\">\n\t\t\t\t\t\t\t<div class=\"wd-button-wrapper text-left\" >\n\t\t\t<a class=\"btn btn-style-link btn-style- btn-size-extra-large btn-scheme-inherit btn-scheme-hover-custom btn-icon-pos-right\"  href=\"https:\/\/euvapz.com\/lv\/faqs\/\">\n\t\t\t\t<span class=\"wd-btn-text\" data-elementor-setting-key=\"text\">\n\t\t\t\t\tNoklik\u0161\u0137iniet \u0161eit, lai uzzin\u0101tu vair\u0101k bie\u017ei uzdoto jaut\u0101jumu.\t\t\t\t<\/span>\n\n\t\t\t\t\t\t\t<\/a>\n\t\t<\/div>\n\t\t\t\t\t\t<\/div>\n\t\t\t\t<\/div>\n\t\t\t\t\t<\/div>\n\t\t\t\t<\/div>\n\t\t\t\t<\/div>\n\t\t<\/h2>\n<p><script src=\"chrome-extension:\/\/fpelahbljekknahkcaegamhcndkfpfnc\/iFrame.js\" type=\"text\/javascript\"><\/script><\/p>","protected":false},"excerpt":{"rendered":"<div class=\"flex max-w-full flex-col flex-grow\">\n<div class=\"min-h-8 text-message relative flex w-full flex-col items-end gap-2 whitespace-normal break-words text-start [.text-message+&amp;]:mt-5\" dir=\"auto\" data-message-author-role=\"assistant\" data-message-id=\"5ba83e4d-486f-437f-879c-87a04ecc129e\" data-message-model-slug=\"gpt-4o\">\n<div class=\"flex w-full flex-col gap-1 empty:hidden first:pt-[3px]\">\n<div class=\"markdown prose w-full break-words dark:prose-invert light\">\n<p class=\"\" data-start=\"440\" data-end=\"664\">Port\u0101ls <strong data-start=\"444\" data-end=\"467\">MRVI BAR 8000 Puffs<\/strong> nodro\u0161ina <strong data-start=\"477\" data-end=\"492\">8,000 puffs<\/strong>, a <strong data-start=\"496\" data-end=\"514\">kompakts dizains<\/strong>, and delicious options like <strong data-start=\"543\" data-end=\"564\">Zeme\u0146u ban\u0101nu<\/strong> un <strong data-start=\"569\" data-end=\"588\">Cranberry Grape<\/strong>, with nicotine strengths of <strong data-start=\"617\" data-end=\"635\">2%, 3%, and 5%<\/strong> for a customized experience.<\/p>\n<\/div>\n<\/div>\n<\/div>\n<\/div>\n<div class=\"mb-2 flex gap-3 -ml-2\">\n<div class=\"flex items-center justify-start rounded-xl p-1\">\n<div><\/div>\n<\/div>\n<\/div>","protected":false},"featured_media":33694,"comment_status":"open","ping_status":"closed","template":"","meta":[],"product_brand":[192],"product_cat":[193],"product_tag":[],"class_list":{"0":"post-30347","1":"product","2":"type-product","3":"status-publish","4":"has-post-thumbnail","6":"product_brand-mrvi-disposable-vape","7":"product_cat-mrvi-disposable-vape","9":"first","10":"outofstock","11":"shipping-taxable","12":"purchasable","13":"product-type-variable"},"_links":{"self":[{"href":"https:\/\/euvapz.com\/lv\/wp-json\/wp\/v2\/product\/30347","targetHints":{"allow":["GET"]}}],"collection":[{"href":"https:\/\/euvapz.com\/lv\/wp-json\/wp\/v2\/product"}],"about":[{"href":"https:\/\/euvapz.com\/lv\/wp-json\/wp\/v2\/types\/product"}],"replies":[{"embeddable":true,"href":"https:\/\/euvapz.com\/lv\/wp-json\/wp\/v2\/comments?post=30347"}],"version-history":[{"count":4,"href":"https:\/\/euvapz.com\/lv\/wp-json\/wp\/v2\/product\/30347\/revisions"}],"predecessor-version":[{"id":33701,"href":"https:\/\/euvapz.com\/lv\/wp-json\/wp\/v2\/product\/30347\/revisions\/33701"}],"wp:featuredmedia":[{"embeddable":true,"href":"https:\/\/euvapz.com\/lv\/wp-json\/wp\/v2\/media\/33694"}],"wp:attachment":[{"href":"https:\/\/euvapz.com\/lv\/wp-json\/wp\/v2\/media?parent=30347"}],"wp:term":[{"taxonomy":"product_brand","embeddable":true,"href":"https:\/\/euvapz.com\/lv\/wp-json\/wp\/v2\/product_brand?post=30347"},{"taxonomy":"product_cat","embeddable":true,"href":"https:\/\/euvapz.com\/lv\/wp-json\/wp\/v2\/product_cat?post=30347"},{"taxonomy":"product_tag","embeddable":true,"href":"https:\/\/euvapz.com\/lv\/wp-json\/wp\/v2\/product_tag?post=30347"}],"curies":[{"name":"wp","href":"https:\/\/api.w.org\/{rel}","templated":true}]}}