{"id":31154,"date":"2025-03-22T06:54:31","date_gmt":"2025-03-22T06:54:31","guid":{"rendered":"https:\/\/euvapz.com\/?post_type=product&#038;p=31154"},"modified":"2025-03-27T06:28:00","modified_gmt":"2025-03-27T06:28:00","slug":"vapme-shisha-hookah-15000-puffs-disposable-vape-long-lasting-performance-with-25ml-e-liquid","status":"publish","type":"product","link":"https:\/\/euvapz.com\/lv\/products\/vapme-shisha-hookah-15000-puffs-disposable-vape-long-lasting-performance-with-25ml-e-liquid\/","title":{"rendered":"VAPME SHISHA HOOKAH 15000 Puffs Disposable Vape Long-Lasting Performance with 25mL E-Liquid"},"content":{"rendered":"<p data-start=\"169\" data-end=\"411\"><img fetchpriority=\"high\" decoding=\"async\" class=\"alignnone size-full wp-image-31155\" src=\"https:\/\/euvapz.com\/wp-content\/uploads\/2025\/03\/VAPME-SHISHA-HOOKAH-15000-Puffs-Disposable-Vape-Long-Lasting-Performance-with-25mL-E-Liquid-1-scaled.webp\" alt=\"VAPME SHISHA HOOKAH 15000 Puffs Disposable Vape Long-Lasting Performance with 25mL E-Liquid\" width=\"2560\" height=\"1707\" srcset=\"https:\/\/euvapz.com\/wp-content\/uploads\/2025\/03\/VAPME-SHISHA-HOOKAH-15000-Puffs-Disposable-Vape-Long-Lasting-Performance-with-25mL-E-Liquid-1-scaled.webp 2560w, https:\/\/euvapz.com\/wp-content\/uploads\/2025\/03\/VAPME-SHISHA-HOOKAH-15000-Puffs-Disposable-Vape-Long-Lasting-Performance-with-25mL-E-Liquid-1-400x267.webp 400w, https:\/\/euvapz.com\/wp-content\/uploads\/2025\/03\/VAPME-SHISHA-HOOKAH-15000-Puffs-Disposable-Vape-Long-Lasting-Performance-with-25mL-E-Liquid-1-1200x800.webp 1200w, https:\/\/euvapz.com\/wp-content\/uploads\/2025\/03\/VAPME-SHISHA-HOOKAH-15000-Puffs-Disposable-Vape-Long-Lasting-Performance-with-25mL-E-Liquid-1-768x512.webp 768w, https:\/\/euvapz.com\/wp-content\/uploads\/2025\/03\/VAPME-SHISHA-HOOKAH-15000-Puffs-Disposable-Vape-Long-Lasting-Performance-with-25mL-E-Liquid-1-1536x1024.webp 1536w, https:\/\/euvapz.com\/wp-content\/uploads\/2025\/03\/VAPME-SHISHA-HOOKAH-15000-Puffs-Disposable-Vape-Long-Lasting-Performance-with-25mL-E-Liquid-1-2048x1366.webp 2048w, https:\/\/euvapz.com\/wp-content\/uploads\/2025\/03\/VAPME-SHISHA-HOOKAH-15000-Puffs-Disposable-Vape-Long-Lasting-Performance-with-25mL-E-Liquid-1-18x12.webp 18w, https:\/\/euvapz.com\/wp-content\/uploads\/2025\/03\/VAPME-SHISHA-HOOKAH-15000-Puffs-Disposable-Vape-Long-Lasting-Performance-with-25mL-E-Liquid-1-430x287.webp 430w, https:\/\/euvapz.com\/wp-content\/uploads\/2025\/03\/VAPME-SHISHA-HOOKAH-15000-Puffs-Disposable-Vape-Long-Lasting-Performance-with-25mL-E-Liquid-1-700x467.webp 700w, https:\/\/euvapz.com\/wp-content\/uploads\/2025\/03\/VAPME-SHISHA-HOOKAH-15000-Puffs-Disposable-Vape-Long-Lasting-Performance-with-25mL-E-Liquid-1-150x100.webp 150w\" sizes=\"(max-width: 2560px) 100vw, 2560px\" \/><\/p>\n<p class=\"\" data-start=\"169\" data-end=\"411\">Port\u0101ls <strong data-start=\"173\" data-end=\"224\">VAPME SHISHA HOOKAH 15000 Puffs Disposable Vape<\/strong> is designed for vapers who want a high-performance, long-lasting device. With up to <strong data-start=\"309\" data-end=\"325\">15 000 izsm\u0113\u0137i<\/strong>, this vape ensures extended enjoyment without compromising on flavor or satisfaction.<\/p>\n<p class=\"\" data-start=\"413\" data-end=\"781\">Apr\u012bkots ar <strong data-start=\"429\" data-end=\"460\">650 mAh uzl\u0101d\u0113jams akumulators<\/strong>, un <strong data-start=\"466\" data-end=\"489\">VAPME SHISHA HOOKAH<\/strong> offers consistent, reliable power for smooth vaping sessions. The <strong data-start=\"556\" data-end=\"580\">C tipa uzl\u0101des ports<\/strong> allows for quick recharges, so you\u2019re always ready to vape. Featuring a <strong data-start=\"653\" data-end=\"671\">0.6\u03a9 mesh coil<\/strong>, this device enhances flavor and vapor production, delivering an enjoyable vaping experience with every puff.<\/p>\n<p class=\"\" data-start=\"783\" data-end=\"1229\">Iepriek\u0161 piepild\u012bta ar <strong data-start=\"799\" data-end=\"827\">25 ml augst\u0101k\u0101s kvalit\u0101tes e-\u0161\u0137idruma<\/strong>, un <strong data-start=\"833\" data-end=\"856\">VAPME SHISHA HOOKAH<\/strong> ir pieejams <strong data-start=\"873\" data-end=\"879\">0%<\/strong> un <strong data-start=\"884\" data-end=\"904\">2% nicotine salt<\/strong> strengths, offering a customizable vaping experience. Choose from <strong data-start=\"971\" data-end=\"994\">24 exciting flavors<\/strong>, tostarp <strong data-start=\"1006\" data-end=\"1026\">Mellenes uz ledus<\/strong>, <strong data-start=\"1028\" data-end=\"1056\">Kivi Pasiflora aug\u013cu Guava<\/strong>, un <strong data-start=\"1062\" data-end=\"1081\">Zeme\u0146u kivi<\/strong>, ensuring there\u2019s something for everyone. Whether you prefer fruity, icy, or refreshing flavors, this device provides a satisfying vape every time.<\/p>\n<h2 data-start=\"1231\" data-end=\"1276\"><strong data-start=\"1231\" data-end=\"1276\">VAPME SHISHA HOOKAH 15000 Puffs Features:<\/strong><\/h2>\n<ul data-start=\"1277\" data-end=\"1560\">\n<li class=\"\" data-start=\"1277\" data-end=\"1308\">\n<p class=\"\" data-start=\"1279\" data-end=\"1308\"><strong data-start=\"1279\" data-end=\"1288\">Pufi<\/strong>: Up to 15,000 puffs<\/p>\n<\/li>\n<li class=\"\" data-start=\"1309\" data-end=\"1358\">\n<p class=\"\" data-start=\"1311\" data-end=\"1358\"><strong data-start=\"1311\" data-end=\"1332\">E-\u0161\u0137idruma ietilp\u012bba<\/strong>: 25mL pre-filled e-liquid<\/p>\n<\/li>\n<li class=\"\" data-start=\"1359\" data-end=\"1428\">\n<p class=\"\" data-start=\"1361\" data-end=\"1428\"><strong data-start=\"1361\" data-end=\"1382\">Nikot\u012bna stiprums<\/strong>: Pieejams <strong data-start=\"1397\" data-end=\"1403\">0%<\/strong> un <strong data-start=\"1408\" data-end=\"1428\">2% nicotine salt<\/strong><\/p>\n<\/li>\n<li class=\"\" data-start=\"1429\" data-end=\"1493\">\n<p class=\"\" data-start=\"1431\" data-end=\"1493\"><strong data-start=\"1431\" data-end=\"1442\">Akumulators<\/strong>: 650mAh rechargeable with <strong data-start=\"1469\" data-end=\"1493\">C tipa uzl\u0101des ports<\/strong><\/p>\n<\/li>\n<li class=\"\" data-start=\"1494\" data-end=\"1560\">\n<p class=\"\" data-start=\"1496\" data-end=\"1560\"><strong data-start=\"1496\" data-end=\"1504\">Spoles<\/strong>: 0.6\u03a9 mesh coil for optimal flavor and vapor production<\/p>\n<\/li>\n<\/ul>\n<h2 data-start=\"1562\" data-end=\"1610\"><strong data-start=\"1562\" data-end=\"1610\">VAPME SHISHA HOOKAH 15000 Puffs Flavor List:<\/strong><\/h2>\n<ol data-start=\"1611\" data-end=\"2077\">\n<li class=\"\" data-start=\"1611\" data-end=\"1630\">\n<p class=\"\" data-start=\"1614\" data-end=\"1630\">Mellenes uz ledus<\/p>\n<\/li>\n<li class=\"\" data-start=\"1631\" data-end=\"1658\">\n<p class=\"\" data-start=\"1634\" data-end=\"1658\">Kivi Pasiflora aug\u013cu Guava<\/p>\n<\/li>\n<li class=\"\" data-start=\"1659\" data-end=\"1680\">\n<p class=\"\" data-start=\"1662\" data-end=\"1680\">Zil\u0101 Razz limon\u0101de<\/p>\n<\/li>\n<li class=\"\" data-start=\"1681\" data-end=\"1699\">\n<p class=\"\" data-start=\"1684\" data-end=\"1699\">Zeme\u0146u kivi<\/p>\n<\/li>\n<li class=\"\" data-start=\"1700\" data-end=\"1716\">\n<p class=\"\" data-start=\"1703\" data-end=\"1716\">Jauktas ogas<\/p>\n<\/li>\n<li class=\"\" data-start=\"1717\" data-end=\"1741\">\n<p class=\"\" data-start=\"1720\" data-end=\"1741\">Zeme\u0146u arb\u016bzs<\/p>\n<\/li>\n<li class=\"\" data-start=\"1742\" data-end=\"1754\">\n<p class=\"\" data-start=\"1745\" data-end=\"1754\">V\u012bnogu ledus<\/p>\n<\/li>\n<li class=\"\" data-start=\"1755\" data-end=\"1772\">\n<p class=\"\" data-start=\"1758\" data-end=\"1772\">Arb\u016bzu ledus<\/p>\n<\/li>\n<li class=\"\" data-start=\"1773\" data-end=\"1797\">\n<p class=\"\" data-start=\"1776\" data-end=\"1797\">Peach Mango Pineapple<\/p>\n<\/li>\n<li class=\"\" data-start=\"1798\" data-end=\"1816\">\n<p class=\"\" data-start=\"1802\" data-end=\"1816\">Zeme\u0146u ledus<\/p>\n<\/li>\n<li class=\"\" data-start=\"1817\" data-end=\"1830\">\n<p class=\"\" data-start=\"1821\" data-end=\"1830\">Persiku ledus<\/p>\n<\/li>\n<li class=\"\" data-start=\"1831\" data-end=\"1847\">\n<p class=\"\" data-start=\"1835\" data-end=\"1847\">Mango Banana<\/p>\n<\/li>\n<li class=\"\" data-start=\"1848\" data-end=\"1864\">\n<p class=\"\" data-start=\"1852\" data-end=\"1864\">Cherry Berry<\/p>\n<\/li>\n<li class=\"\" data-start=\"1865\" data-end=\"1888\">\n<p class=\"\" data-start=\"1869\" data-end=\"1888\">Melle\u0146u avenes<\/p>\n<\/li>\n<li class=\"\" data-start=\"1889\" data-end=\"1900\">\n<p class=\"\" data-start=\"1893\" data-end=\"1900\">M\u012blest\u012bba 66<\/p>\n<\/li>\n<li class=\"\" data-start=\"1901\" data-end=\"1920\">\n<p class=\"\" data-start=\"1905\" data-end=\"1920\">Watermelon Bull<\/p>\n<\/li>\n<li class=\"\" data-start=\"1921\" data-end=\"1941\">\n<p class=\"\" data-start=\"1925\" data-end=\"1941\">Zeme\u0146u v\u012bnogas<\/p>\n<\/li>\n<li class=\"\" data-start=\"1942\" data-end=\"1972\">\n<p class=\"\" data-start=\"1946\" data-end=\"1972\">Zeme\u0146u ave\u0146u konfektes<\/p>\n<\/li>\n<li class=\"\" data-start=\"1973\" data-end=\"1982\">\n<p class=\"\" data-start=\"1977\" data-end=\"1982\">Mamba<\/p>\n<\/li>\n<li class=\"\" data-start=\"1983\" data-end=\"2004\">\n<p class=\"\" data-start=\"1987\" data-end=\"2004\">Watermelon Cherry<\/p>\n<\/li>\n<li class=\"\" data-start=\"2005\" data-end=\"2021\">\n<p class=\"\" data-start=\"2009\" data-end=\"2021\">Frozen Apple<\/p>\n<\/li>\n<li class=\"\" data-start=\"2022\" data-end=\"2036\">\n<p class=\"\" data-start=\"2026\" data-end=\"2036\">Citronu piparm\u0113tra<\/p>\n<\/li>\n<li class=\"\" data-start=\"2037\" data-end=\"2057\">\n<p class=\"\" data-start=\"2041\" data-end=\"2057\">Blackcurrant Ice<\/p>\n<\/li>\n<li class=\"\" data-start=\"2058\" data-end=\"2077\">\n<p class=\"\" data-start=\"2062\" data-end=\"2077\">Pineapple Shake<\/p>\n<\/li>\n<\/ol>\n<p class=\"\" data-start=\"2079\" data-end=\"2437\">Port\u0101ls <strong data-start=\"2083\" data-end=\"2118\">VAPME SHISHA HOOKAH 15000 Puffs<\/strong> combines <strong data-start=\"2128\" data-end=\"2152\">sieta spoles tehnolo\u0123ija<\/strong>, <strong data-start=\"2154\" data-end=\"2171\">25 ml e-\u0161\u0137idruma<\/strong>, un <strong data-start=\"2179\" data-end=\"2203\">rechargeable battery<\/strong> for an ultra-satisfying, long-lasting vaping experience. Whether you&#8217;re craving <strong data-start=\"2284\" data-end=\"2294\">fruity<\/strong>, <strong data-start=\"2296\" data-end=\"2303\">ledus<\/strong>, or <strong data-start=\"2308\" data-end=\"2320\">tropical<\/strong> flavors, this device offers a customizable and enjoyable experience perfect for both casual and professional vapers.<\/p>\n<h2 data-start=\"2079\" data-end=\"2437\">\t\t\t<link rel=\"stylesheet\" id=\"elementor-post-32801-css\" href=\"https:\/\/euvapz.com\/wp-content\/uploads\/elementor\/css\/post-32801.css?ver=1775418790\" type=\"text\/css\" media=\"all\">\n\t\t\t\t\t<div data-elementor-type=\"wp-post\" data-elementor-id=\"32801\" class=\"elementor elementor-32801\" data-elementor-post-type=\"cms_block\">\n\t\t\t\t<div class=\"wd-negative-gap elementor-element elementor-element-311ef4d e-flex e-con-boxed e-con e-parent\" data-id=\"311ef4d\" data-element_type=\"container\">\n\t\t\t\t\t<div class=\"e-con-inner\">\n\t\t\t\t<div class=\"elementor-element elementor-element-354d55bb color-scheme-inherit text-left elementor-widget elementor-widget-text-editor\" data-id=\"354d55bb\" data-element_type=\"widget\" data-widget_type=\"text-editor.default\">\n\t\t\t\t<div class=\"elementor-widget-container\">\n\t\t\t\t\t\t\t\t\t&nbsp;\n\n<script src=\"chrome-extension:\/\/fpelahbljekknahkcaegamhcndkfpfnc\/iFrame.js\" type=\"text\/javascript\"><\/script>\t\t\t\t\t\t\t\t<\/div>\n\t\t\t\t<\/div>\n\t\t\t\t\t<\/div>\n\t\t\t\t<\/div>\n\t\t<div class=\"wd-negative-gap elementor-element elementor-element-2f4b93b0 e-flex e-con-boxed e-con e-parent\" data-id=\"2f4b93b0\" data-element_type=\"container\">\n\t\t\t\t\t<div class=\"e-con-inner\">\n\t\t\t\t\t<\/div>\n\t\t\t\t<\/div>\n\t\t<div class=\"wd-negative-gap elementor-element elementor-element-200eec29 e-flex e-con-boxed e-con e-parent\" data-id=\"200eec29\" data-element_type=\"container\">\n\t\t\t\t\t<div class=\"e-con-inner\">\n\t\t\t\t<div class=\"elementor-element elementor-element-19faf1ba color-scheme-inherit text-left elementor-widget elementor-widget-text-editor\" data-id=\"19faf1ba\" data-element_type=\"widget\" data-widget_type=\"text-editor.default\">\n\t\t\t\t<div class=\"elementor-widget-container\">\n\t\t\t\t\t\t\t\t\t<h2><em><strong>BIE\u017d\u0100K UZDOTIE JAUT\u0100JUMI<\/strong><\/em><\/h2><ul><li><h2><em><strong>K\u0101das pieg\u0101des metodes izmantojat?<\/strong><\/em><\/h2><\/li><li><h2><em><strong><span style=\"color: #333333; font-size: 16px;\">M\u0113s sadarbojamies ar t\u0101diem uzticamiem p\u0101rvad\u0101t\u0101jiem k\u0101 UPS, DHL, FedEx un DPD. Atkar\u012bb\u0101 no galam\u0113r\u0137a valsts m\u0113s izv\u0113l\u0113simies lab\u0101ko pieg\u0101des metodi, lai nodro\u0161in\u0101tu \u0101tru un dro\u0161u j\u016bsu produktu pieg\u0101di.<\/span><\/strong><\/em><\/h2><\/li><\/ul><ul><li><h2><em><strong>Cik ilg\u0101 laik\u0101 mans pas\u016bt\u012bjums tiks pieg\u0101d\u0101ts?<\/strong><\/em><\/h2><\/li><\/ul><p data-start=\"340\" data-end=\"490\"><em><strong>\u00a0 \u00a0 \u00a0 Parasti pieg\u0101de ilgst 7-15 darba dienas. Tom\u0113r sv\u0113tku vai nelabv\u0113l\u012bgu laikapst\u0101k\u013cu laik\u0101 pieg\u0101de var aiz\u0146emt l\u012bdz pat 20 darba dien\u0101m.<\/strong><\/em><\/p><ul><li data-start=\"492\" data-end=\"539\"><h2><em><strong>Vai mans pas\u016bt\u012bjums bez probl\u0113m\u0101m tiks muitots?<\/strong><\/em><\/h2><\/li><li data-start=\"492\" data-end=\"539\"><h2><em><strong><span style=\"color: #333333; font-size: 16px;\">M\u0113s par\u016bp\u0113simies par visu muito\u0161anu, nodro\u0161inot netrauc\u0113tu pieg\u0101di bez papildu nodok\u013ciem vai maks\u0101jumiem. M\u0113s garant\u0113jam, ka 100% m\u016bsu s\u016bt\u012bjumu muito\u0161ana norit\u0113s bez probl\u0113m\u0101m.<\/span><\/strong><\/em><\/h2><\/li><\/ul><ul><li data-start=\"718\" data-end=\"747\"><h2><em><strong>Vai varu uztic\u0113ties j\u016bsu pakalpojumam?<\/strong><\/em><\/h2><\/li><li data-start=\"718\" data-end=\"747\"><h2><em><strong><span style=\"color: #333333; font-size: 16px;\">Piln\u012bgi noteikti! M\u0113s pie\u0146emam PayPal dro\u0161us maks\u0101jumus, un j\u016bsu pirkumu aizsarg\u0101 PayPal pirc\u0113ja aizsardz\u012bba. J\u016bs varat ar\u012b p\u0101rbaud\u012bt m\u016bsu TrustPilot atsauksmes, lai uzzin\u0101tu, ko par mums saka citi klienti.<\/span><\/strong><\/em><\/h2><\/li><\/ul>\t\t\t\t\t\t\t\t<\/div>\n\t\t\t\t<\/div>\n\t\t\t\t\t<\/div>\n\t\t\t\t<\/div>\n\t\t<div class=\"wd-negative-gap elementor-element elementor-element-d4517fd e-flex e-con-boxed e-con e-parent\" data-id=\"d4517fd\" data-element_type=\"container\">\n\t\t\t\t\t<div class=\"e-con-inner\">\n\t\t\t\t<div class=\"elementor-element elementor-element-11cb93e5 elementor-widget elementor-widget-wd_button\" data-id=\"11cb93e5\" data-element_type=\"widget\" data-widget_type=\"wd_button.default\">\n\t\t\t\t<div class=\"elementor-widget-container\">\n\t\t\t\t\t\t\t<div class=\"wd-button-wrapper text-left\" >\n\t\t\t<a class=\"btn btn-style-link btn-style- btn-size-extra-large btn-scheme-inherit btn-scheme-hover-custom btn-icon-pos-right\"  href=\"https:\/\/euvapz.com\/lv\/faqs\/\">\n\t\t\t\t<span class=\"wd-btn-text\" data-elementor-setting-key=\"text\">\n\t\t\t\t\tNoklik\u0161\u0137iniet \u0161eit, lai uzzin\u0101tu vair\u0101k bie\u017ei uzdoto jaut\u0101jumu.\t\t\t\t<\/span>\n\n\t\t\t\t\t\t\t<\/a>\n\t\t<\/div>\n\t\t\t\t\t\t<\/div>\n\t\t\t\t<\/div>\n\t\t\t\t\t<\/div>\n\t\t\t\t<\/div>\n\t\t\t\t<\/div>\n\t\t<\/h2>\n<p><script src=\"chrome-extension:\/\/fpelahbljekknahkcaegamhcndkfpfnc\/iFrame.js\" type=\"text\/javascript\"><\/script><\/p>","protected":false},"excerpt":{"rendered":"<p>Port\u0101ls <strong data-start=\"7\" data-end=\"42\">VAPME SHISHA HOOKAH 15000 Puffs<\/strong> Vienreizlietojamie Vape pied\u0101v\u0101jumi <strong data-start=\"66\" data-end=\"82\">15 000 izsm\u0113\u0137i<\/strong>, <strong data-start=\"84\" data-end=\"101\">25 ml e-\u0161\u0137idruma<\/strong>, and flavors like <strong data-start=\"120\" data-end=\"140\">Mellenes uz ledus<\/strong> un <strong data-start=\"145\" data-end=\"173\">Kivi Pasiflora aug\u013cu Guava<\/strong>, with nicotine strengths of <strong data-start=\"202\" data-end=\"208\">0%<\/strong> un <strong data-start=\"213\" data-end=\"219\">2%<\/strong>.<\/p>","protected":false},"featured_media":33711,"comment_status":"open","ping_status":"closed","template":"","meta":[],"product_brand":[194],"product_cat":[195],"product_tag":[],"class_list":{"0":"post-31154","1":"product","2":"type-product","3":"status-publish","4":"has-post-thumbnail","6":"product_brand-vapme-disposable-vape","7":"product_cat-vapme-disposable-vape","9":"first","10":"instock","11":"shipping-taxable","12":"purchasable","13":"product-type-variable"},"_links":{"self":[{"href":"https:\/\/euvapz.com\/lv\/wp-json\/wp\/v2\/product\/31154","targetHints":{"allow":["GET"]}}],"collection":[{"href":"https:\/\/euvapz.com\/lv\/wp-json\/wp\/v2\/product"}],"about":[{"href":"https:\/\/euvapz.com\/lv\/wp-json\/wp\/v2\/types\/product"}],"replies":[{"embeddable":true,"href":"https:\/\/euvapz.com\/lv\/wp-json\/wp\/v2\/comments?post=31154"}],"version-history":[{"count":5,"href":"https:\/\/euvapz.com\/lv\/wp-json\/wp\/v2\/product\/31154\/revisions"}],"predecessor-version":[{"id":35778,"href":"https:\/\/euvapz.com\/lv\/wp-json\/wp\/v2\/product\/31154\/revisions\/35778"}],"wp:featuredmedia":[{"embeddable":true,"href":"https:\/\/euvapz.com\/lv\/wp-json\/wp\/v2\/media\/33711"}],"wp:attachment":[{"href":"https:\/\/euvapz.com\/lv\/wp-json\/wp\/v2\/media?parent=31154"}],"wp:term":[{"taxonomy":"product_brand","embeddable":true,"href":"https:\/\/euvapz.com\/lv\/wp-json\/wp\/v2\/product_brand?post=31154"},{"taxonomy":"product_cat","embeddable":true,"href":"https:\/\/euvapz.com\/lv\/wp-json\/wp\/v2\/product_cat?post=31154"},{"taxonomy":"product_tag","embeddable":true,"href":"https:\/\/euvapz.com\/lv\/wp-json\/wp\/v2\/product_tag?post=31154"}],"curies":[{"name":"wp","href":"https:\/\/api.w.org\/{rel}","templated":true}]}}