{"id":34640,"date":"2025-05-07T11:06:08","date_gmt":"2025-05-07T11:06:08","guid":{"rendered":"https:\/\/euvapz.com\/?post_type=product&#038;p=34640"},"modified":"2025-05-07T11:06:10","modified_gmt":"2025-05-07T11:06:10","slug":"wga-15000-pufi-vienreizejas-vape-dual-acs-20ml-e-skidrums","status":"publish","type":"product","link":"https:\/\/euvapz.com\/lv\/products\/wga-15000-pufi-vienreizejas-vape-dual-acs-20ml-e-skidrums\/","title":{"rendered":"WGA 15000 Pufi vienreiz\u0113j\u0101s Vape Dual Mesh 20ml E-\u0161\u0137idrums"},"content":{"rendered":"<h2 data-start=\"352\" data-end=\"588\"><strong data-start=\"356\" data-end=\"391\"><img fetchpriority=\"high\" decoding=\"async\" class=\"alignnone size-full wp-image-34652\" src=\"https:\/\/euvapz.com\/wp-content\/uploads\/2025\/05\/WGA-15000-Puffs-Disposable-Vape-Dual-Mesh-20ml-E-Liquid-9.webp\" alt=\"WGA 15000 Pufi vienreiz\u0113j\u0101s Vape Dual Mesh 20ml E-\u0161\u0137idrums\" width=\"1920\" height=\"862\" srcset=\"https:\/\/euvapz.com\/wp-content\/uploads\/2025\/05\/WGA-15000-Puffs-Disposable-Vape-Dual-Mesh-20ml-E-Liquid-9.webp 1920w, https:\/\/euvapz.com\/wp-content\/uploads\/2025\/05\/WGA-15000-Puffs-Disposable-Vape-Dual-Mesh-20ml-E-Liquid-9-400x180.webp 400w, https:\/\/euvapz.com\/wp-content\/uploads\/2025\/05\/WGA-15000-Puffs-Disposable-Vape-Dual-Mesh-20ml-E-Liquid-9-1300x584.webp 1300w, https:\/\/euvapz.com\/wp-content\/uploads\/2025\/05\/WGA-15000-Puffs-Disposable-Vape-Dual-Mesh-20ml-E-Liquid-9-768x345.webp 768w, https:\/\/euvapz.com\/wp-content\/uploads\/2025\/05\/WGA-15000-Puffs-Disposable-Vape-Dual-Mesh-20ml-E-Liquid-9-1536x690.webp 1536w, https:\/\/euvapz.com\/wp-content\/uploads\/2025\/05\/WGA-15000-Puffs-Disposable-Vape-Dual-Mesh-20ml-E-Liquid-9-18x8.webp 18w, https:\/\/euvapz.com\/wp-content\/uploads\/2025\/05\/WGA-15000-Puffs-Disposable-Vape-Dual-Mesh-20ml-E-Liquid-9-430x193.webp 430w, https:\/\/euvapz.com\/wp-content\/uploads\/2025\/05\/WGA-15000-Puffs-Disposable-Vape-Dual-Mesh-20ml-E-Liquid-9-700x314.webp 700w, https:\/\/euvapz.com\/wp-content\/uploads\/2025\/05\/WGA-15000-Puffs-Disposable-Vape-Dual-Mesh-20ml-E-Liquid-9-150x67.webp 150w\" sizes=\"(max-width: 1920px) 100vw, 1920px\" \/><\/strong><\/h2>\n<h2 data-start=\"352\" data-end=\"588\"><strong data-start=\"356\" data-end=\"391\">WGA 15000 pufi Vienreizlietojamie Vape Produkta apraksts:<\/strong><\/h2>\n<p class=\"\" data-start=\"352\" data-end=\"588\">Port\u0101ls <strong data-start=\"356\" data-end=\"391\">WGA 15000 izsm\u0113\u0137i <\/strong>\u00a0ir veidots tiem, kam nepiecie\u0161ama intens\u012bva gar\u0161a un ilgsto\u0161a lieto\u0161ana kompakt\u0101, elegant\u0101 form\u0101t\u0101. Ar l\u012bdz pat <strong data-start=\"495\" data-end=\"511\">15 000 izsm\u0113\u0137i<\/strong>, \u0161\u012b lieljaudas ier\u012bce sniedz uzticamu gandar\u012bjumu - d\u016bmu p\u0113c d\u016bmas.<\/p>\n<p class=\"\" data-start=\"590\" data-end=\"930\">Darbojas ar <strong data-start=\"604\" data-end=\"635\">850 mAh uzl\u0101d\u0113jams akumulators<\/strong>, WGA nodro\u0161ina vienm\u0113r\u012bgu izpl\u016bdi un konsekventu tvaika veido\u0161anos. Integr\u0113t\u0101 <strong data-start=\"715\" data-end=\"740\">dubult\u0101 sieta spole (1,2\u03a9)<\/strong> uzlabo arom\u0101ta skaidr\u012bbu un m\u0101ko\u0146u bl\u012bvumu, nodro\u0161inot vienm\u0113r\u012bgu izvilk\u0161anu. V\u0113l prec\u012bz\u0101k, tas nodro\u0161ina stabilu uzvilk\u0161anu. <strong data-start=\"860\" data-end=\"879\">3,5 V\/11 W izeja<\/strong> sabalans\u0113tam arom\u0101tam - ne p\u0101r\u0101k skarbs, ne p\u0101r\u0101k maigs.<\/p>\n<p class=\"\" data-start=\"932\" data-end=\"1185\">Iepriek\u0161 piepild\u012bta ar <strong data-start=\"948\" data-end=\"976\">20ml augst\u0101k\u0101s kvalit\u0101tes e-\u0161\u0137idruma<\/strong>, un pieejams <strong data-start=\"995\" data-end=\"1027\">2% un 5% nikot\u012bna stiprums<\/strong>, \u0161is vape ir piem\u0113rots da\u017e\u0101d\u0101m v\u0113lm\u0113m. . <strong data-start=\"1074\" data-end=\"1098\">C tipa uzl\u0101des ports<\/strong> nodro\u0161ina \u0101tru uzl\u0101di, t\u0101p\u0113c d\u012bkst\u0101ves laiks ir minim\u0101ls - ide\u0101li piem\u0113rots tiem, kas vap\u0113 ce\u013cojot.<\/p>\n<p class=\"\" data-start=\"1187\" data-end=\"1438\">WGA at\u0161\u0137iras ne tikai ar veiktsp\u0113ju, bet ar\u012b ar pieredzi. No t\u0101s <strong data-start=\"1260\" data-end=\"1288\">p\u0101rtikas klases PC iemuti\u0146\u0161<\/strong> uz t\u0101s <strong data-start=\"1296\" data-end=\"1329\">ko\u0161a, kr\u0101saina displeja kaste<\/strong>, katra deta\u013ca ir izstr\u0101d\u0101ta, dom\u0101jot par lietot\u0101ju. (Piebilde: noform\u0113jums patie\u0161\u0101m izce\u013cas mazumtirdzniec\u012bbas plauktos.)<\/p>\n<p class=\"\" data-start=\"1440\" data-end=\"1822\">Arom\u0101ti ir tas, ar ko WGA izce\u013cas. No pikant\u0101 vijuma <strong data-start=\"1494\" data-end=\"1524\">Melle\u0146u ave\u0146u \u0137ir\u0161u<\/strong>, uz v\u0113s\u0101 v\u0113suma br\u0101zm\u0101m <strong data-start=\"1547\" data-end=\"1565\">Tr\u012bsk\u0101r\u0161ais mentols<\/strong>vai nostal\u0123iski saldo <strong data-start=\"1597\" data-end=\"1611\">Gumijas l\u0101cis<\/strong>, katrs malks ir daudzsl\u0101\u0146ains un pies\u0101tin\u0101ts arom\u0101ts. Ir ar\u012b <strong data-start=\"1674\" data-end=\"1700\">Mango persiku arb\u016bzu<\/strong>, <strong data-start=\"1702\" data-end=\"1718\">Sakura Grape<\/strong>, un pat klasisko <strong data-start=\"1741\" data-end=\"1757\">Dubult\u0101 \u0101bols<\/strong> - kl\u0101stu, kas aptver aug\u013cu, ledus un konfek\u0161u iedvesmotus profilus.<\/p>\n<p class=\"\" data-start=\"1824\" data-end=\"1941\">Izbaudiet arom\u0101tisku iztur\u012bbu ar <strong data-start=\"1864\" data-end=\"1899\">WGA 15000 Puffs vienreizlietojamo Vape<\/strong> - drosm\u012bgi, uzticami un izstr\u0101d\u0101ti, lai apmierin\u0101tu.<\/p>\n<h2 data-start=\"1948\" data-end=\"2000\"><strong data-start=\"1948\" data-end=\"1998\">WGA 15000 Puffs vienreizlietojam\u0101s Vape - galven\u0101s iez\u012bmes<\/strong><\/h2>\n<ul data-start=\"2001\" data-end=\"2319\">\n<li class=\"\" data-start=\"2001\" data-end=\"2028\">\n<p class=\"\" data-start=\"2003\" data-end=\"2028\">Pufs: L\u012bdz <strong data-start=\"2016\" data-end=\"2026\">15,000<\/strong><\/p>\n<\/li>\n<li class=\"\" data-start=\"2029\" data-end=\"2064\">\n<p class=\"\" data-start=\"2031\" data-end=\"2064\"><strong data-start=\"2031\" data-end=\"2062\">850 mAh uzl\u0101d\u0113jams akumulators<\/strong><\/p>\n<\/li>\n<li class=\"\" data-start=\"2065\" data-end=\"2097\">\n<p class=\"\" data-start=\"2067\" data-end=\"2097\"><strong data-start=\"2067\" data-end=\"2095\">20ml iepriek\u0161 piepild\u012bta E-\u0161\u0137idrums<\/strong><\/p>\n<\/li>\n<li class=\"\" data-start=\"2098\" data-end=\"2132\">\n<p class=\"\" data-start=\"2100\" data-end=\"2132\"><strong data-start=\"2100\" data-end=\"2130\">2% \/ 5% Nikot\u012bna stiprums<\/strong><\/p>\n<\/li>\n<li class=\"\" data-start=\"2133\" data-end=\"2162\">\n<p class=\"\" data-start=\"2135\" data-end=\"2162\"><strong data-start=\"2135\" data-end=\"2160\">Dubult\u0101 sieta spole (1,2\u03a9)<\/strong><\/p>\n<\/li>\n<li class=\"\" data-start=\"2163\" data-end=\"2187\">\n<p class=\"\" data-start=\"2165\" data-end=\"2187\">C tipa \u0101tr\u0101 uzl\u0101de<\/p>\n<\/li>\n<li class=\"\" data-start=\"2188\" data-end=\"2214\">\n<p class=\"\" data-start=\"2190\" data-end=\"2214\">Izvades rezult\u0101ts: <strong data-start=\"2198\" data-end=\"2212\">3,5 V \/ 11 W<\/strong><\/p>\n<\/li>\n<li class=\"\" data-start=\"2215\" data-end=\"2243\">\n<p class=\"\" data-start=\"2217\" data-end=\"2243\">P\u0101rtikas klases PC mutene<\/p>\n<\/li>\n<li class=\"\" data-start=\"2244\" data-end=\"2274\">\n<p class=\"\" data-start=\"2246\" data-end=\"2274\">Kr\u0101sains displeja iepakojums<\/p>\n<\/li>\n<li class=\"\" data-start=\"2275\" data-end=\"2319\">\n<p class=\"\" data-start=\"2277\" data-end=\"2319\">180 gab.\/kartons | 23kg | Izm\u0113rs: 51\u00d732,5\u00d723cm<\/p>\n<\/li>\n<\/ul>\n<h2 data-start=\"1948\" data-end=\"2000\"><strong data-start=\"1948\" data-end=\"1998\">WGA 15000 Puffs vienreizlietojamo Vape <\/strong><strong data-start=\"2321\" data-end=\"2347\">Arom\u0101tu saraksta izc\u0113lumi<\/strong><\/h2>\n<ul data-start=\"2350\" data-end=\"2556\">\n<li class=\"\" data-start=\"2350\" data-end=\"2380\">\n<p class=\"\" data-start=\"2352\" data-end=\"2380\">Melle\u0146u ave\u0146u \u0137ir\u0161u<\/p>\n<\/li>\n<li class=\"\" data-start=\"2381\" data-end=\"2402\">\n<p class=\"\" data-start=\"2383\" data-end=\"2402\">Bluerazz limon\u0101de<\/p>\n<\/li>\n<li class=\"\" data-start=\"2403\" data-end=\"2418\">\n<p class=\"\" data-start=\"2405\" data-end=\"2418\">Sul\u012bgs persiku<\/p>\n<\/li>\n<li class=\"\" data-start=\"2419\" data-end=\"2435\">\n<p class=\"\" data-start=\"2421\" data-end=\"2435\">Fizzy Cherry<\/p>\n<\/li>\n<li class=\"\" data-start=\"2436\" data-end=\"2448\">\n<p class=\"\" data-start=\"2438\" data-end=\"2448\">K\u0113ksi\u0146i<\/p>\n<\/li>\n<li class=\"\" data-start=\"2449\" data-end=\"2466\">\n<p class=\"\" data-start=\"2451\" data-end=\"2466\">Anan\u0101su ledus<\/p>\n<\/li>\n<li class=\"\" data-start=\"2467\" data-end=\"2478\">\n<p class=\"\" data-start=\"2469\" data-end=\"2478\">Zilais kungs<\/p>\n<\/li>\n<li class=\"\" data-start=\"2479\" data-end=\"2495\">\n<p class=\"\" data-start=\"2481\" data-end=\"2495\">Led\u0101ja piparm\u0113tra<\/p>\n<\/li>\n<li class=\"\" data-start=\"2496\" data-end=\"2522\">\n<p class=\"\" data-start=\"2498\" data-end=\"2522\">Persiku Guava zeme\u0146u<\/p>\n<\/li>\n<li class=\"\" data-start=\"2523\" data-end=\"2541\">\n<p class=\"\" data-start=\"2525\" data-end=\"2541\">Arb\u016bzu ledus<\/p>\n<\/li>\n<li class=\"\" data-start=\"2542\" data-end=\"2556\">\n<p class=\"\" data-start=\"2544\" data-end=\"2556\">Dubult\u0101 \u0101bols<\/p>\n<\/li>\n<\/ul>","protected":false},"excerpt":{"rendered":"<p><strong data-start=\"299\" data-end=\"334\">WGA 15000 Puffs vienreizlietojamo Vape<\/strong> S\u0101t\u012bgs apvienojums no <strong data-start=\"355\" data-end=\"381\">Persiku Guava zeme\u0146u<\/strong>, kas savienots ar dubulto sieta spir\u0101li bag\u0101t\u012bgai tvaika un gar\u0161as uztverei. 20 ml augst\u0101k\u0101s kvalit\u0101tes e-\u0161\u0137idruma un \u0101tra C tipa uzl\u0101de nodro\u0161in\u0101s, ka sesijas turpin\u0101sies ilgi.<\/p>","protected":false},"featured_media":34642,"comment_status":"open","ping_status":"closed","template":"","meta":[],"product_brand":[],"product_cat":[203],"product_tag":[],"class_list":{"0":"post-34640","1":"product","2":"type-product","3":"status-publish","4":"has-post-thumbnail","6":"product_cat-wga-disposable-vape","8":"first","9":"instock","10":"shipping-taxable","11":"purchasable","12":"product-type-variable"},"_links":{"self":[{"href":"https:\/\/euvapz.com\/lv\/wp-json\/wp\/v2\/product\/34640","targetHints":{"allow":["GET"]}}],"collection":[{"href":"https:\/\/euvapz.com\/lv\/wp-json\/wp\/v2\/product"}],"about":[{"href":"https:\/\/euvapz.com\/lv\/wp-json\/wp\/v2\/types\/product"}],"replies":[{"embeddable":true,"href":"https:\/\/euvapz.com\/lv\/wp-json\/wp\/v2\/comments?post=34640"}],"version-history":[{"count":2,"href":"https:\/\/euvapz.com\/lv\/wp-json\/wp\/v2\/product\/34640\/revisions"}],"predecessor-version":[{"id":34711,"href":"https:\/\/euvapz.com\/lv\/wp-json\/wp\/v2\/product\/34640\/revisions\/34711"}],"wp:featuredmedia":[{"embeddable":true,"href":"https:\/\/euvapz.com\/lv\/wp-json\/wp\/v2\/media\/34642"}],"wp:attachment":[{"href":"https:\/\/euvapz.com\/lv\/wp-json\/wp\/v2\/media?parent=34640"}],"wp:term":[{"taxonomy":"product_brand","embeddable":true,"href":"https:\/\/euvapz.com\/lv\/wp-json\/wp\/v2\/product_brand?post=34640"},{"taxonomy":"product_cat","embeddable":true,"href":"https:\/\/euvapz.com\/lv\/wp-json\/wp\/v2\/product_cat?post=34640"},{"taxonomy":"product_tag","embeddable":true,"href":"https:\/\/euvapz.com\/lv\/wp-json\/wp\/v2\/product_tag?post=34640"}],"curies":[{"name":"wp","href":"https:\/\/api.w.org\/{rel}","templated":true}]}}