{"id":29427,"date":"2025-03-21T13:28:23","date_gmt":"2025-03-21T13:28:23","guid":{"rendered":"https:\/\/euvapz.com\/?post_type=product&#038;p=29427"},"modified":"2025-03-24T08:54:52","modified_gmt":"2025-03-24T08:54:52","slug":"bang-40000-puffs-b40s-disposable-vape-high-performance-vaping-with-mesh-coil","status":"publish","type":"product","link":"https:\/\/euvapz.com\/pl\/produkt\/bang-40000-puffs-b40s-disposable-vape-high-performance-vaping-with-mesh-coil\/","title":{"rendered":"BANG 40000 Puffs B40S Disposable Vape High-Performance Vaping with Mesh Coil"},"content":{"rendered":"<p data-start=\"144\" data-end=\"494\"><img fetchpriority=\"high\" decoding=\"async\" class=\"alignnone size-full wp-image-29433\" src=\"https:\/\/euvapz.com\/wp-content\/uploads\/2025\/03\/BANG-40000-Puffs-B40S-Disposable-Vape-High-Performance-Vaping-with-Mesh-Coil-5.webp\" alt=\"BANG 40000 Puffs B40S Disposable Vape High-Performance Vaping with Mesh Coil\" width=\"2275\" height=\"1280\" srcset=\"https:\/\/euvapz.com\/wp-content\/uploads\/2025\/03\/BANG-40000-Puffs-B40S-Disposable-Vape-High-Performance-Vaping-with-Mesh-Coil-5.webp 2275w, https:\/\/euvapz.com\/wp-content\/uploads\/2025\/03\/BANG-40000-Puffs-B40S-Disposable-Vape-High-Performance-Vaping-with-Mesh-Coil-5-400x225.webp 400w, https:\/\/euvapz.com\/wp-content\/uploads\/2025\/03\/BANG-40000-Puffs-B40S-Disposable-Vape-High-Performance-Vaping-with-Mesh-Coil-5-1300x731.webp 1300w, https:\/\/euvapz.com\/wp-content\/uploads\/2025\/03\/BANG-40000-Puffs-B40S-Disposable-Vape-High-Performance-Vaping-with-Mesh-Coil-5-768x432.webp 768w, https:\/\/euvapz.com\/wp-content\/uploads\/2025\/03\/BANG-40000-Puffs-B40S-Disposable-Vape-High-Performance-Vaping-with-Mesh-Coil-5-1536x864.webp 1536w, https:\/\/euvapz.com\/wp-content\/uploads\/2025\/03\/BANG-40000-Puffs-B40S-Disposable-Vape-High-Performance-Vaping-with-Mesh-Coil-5-2048x1152.webp 2048w, https:\/\/euvapz.com\/wp-content\/uploads\/2025\/03\/BANG-40000-Puffs-B40S-Disposable-Vape-High-Performance-Vaping-with-Mesh-Coil-5-18x10.webp 18w, https:\/\/euvapz.com\/wp-content\/uploads\/2025\/03\/BANG-40000-Puffs-B40S-Disposable-Vape-High-Performance-Vaping-with-Mesh-Coil-5-430x242.webp 430w, https:\/\/euvapz.com\/wp-content\/uploads\/2025\/03\/BANG-40000-Puffs-B40S-Disposable-Vape-High-Performance-Vaping-with-Mesh-Coil-5-700x394.webp 700w, https:\/\/euvapz.com\/wp-content\/uploads\/2025\/03\/BANG-40000-Puffs-B40S-Disposable-Vape-High-Performance-Vaping-with-Mesh-Coil-5-150x84.webp 150w\" sizes=\"(max-width: 2275px) 100vw, 2275px\" \/><\/p>\n<p data-start=\"144\" data-end=\"494\">The <strong data-start=\"148\" data-end=\"189\">BANG 40000 Puffs B40S Disposable Vape<\/strong> is engineered for vapers looking for a <strong data-start=\"229\" data-end=\"241\">pot\u0119\u017cny<\/strong>, <strong data-start=\"243\" data-end=\"259\">d\u0142ugotrwa\u0142y<\/strong> device. With up to <strong data-start=\"279\" data-end=\"295\">40,000 puffs<\/strong>, this vape offers an extended and satisfying experience without compromising on quality or flavor. Whether you&#8217;re a casual user or a seasoned vaper, this device ensures smooth, continuous enjoyment.<\/p>\n<p data-start=\"496\" data-end=\"907\">Wyposa\u017cony w <strong data-start=\"512\" data-end=\"543\">Akumulator o pojemno\u015bci 650 mAh<\/strong>w <strong data-start=\"549\" data-end=\"562\">BANG B40S<\/strong> delivers efficient and consistent power, ensuring uninterrupted vaping. The <strong data-start=\"639\" data-end=\"663\">Szybkie \u0142adowanie typu C<\/strong> feature allows for quick and convenient recharges, so you\u2019re always ready to vape without delay. The device is powered by a <strong data-start=\"788\" data-end=\"808\">1.0ohm mesh coil<\/strong>, enhancing vapor production and flavor intensity, providing a more satisfying hit with every puff.<\/p>\n<p data-start=\"909\" data-end=\"1240\">Wst\u0119pnie wype\u0142nione <strong data-start=\"925\" data-end=\"953\">10mL of premium e-liquid<\/strong>w <strong data-start=\"959\" data-end=\"972\">BANG B40S<\/strong> offers a fulfilling nicotine experience with <strong data-start=\"1018\" data-end=\"1049\">0%, 2%, 3% i 5% nikotyna<\/strong> options, catering to different preferences. The adjustable airflow system and <strong data-start=\"1128\" data-end=\"1147\">childproof lock<\/strong> ensure a safe and customizable experience, whether you prefer a tighter or more open inhale.<\/p>\n<p data-start=\"1242\" data-end=\"1560\">With 12 exciting flavors like <strong data-start=\"1272\" data-end=\"1290\">Arbuzowy l\u00f3d<\/strong>, <strong data-start=\"1292\" data-end=\"1312\">Mango truskawkowe<\/strong>oraz <strong data-start=\"1318\" data-end=\"1341\">Bor\u00f3wka Malina<\/strong>w <strong data-start=\"1347\" data-end=\"1388\">BANG 40000 Puffs B40S Disposable Vape<\/strong> delivers a range of refreshing and fruity flavors to suit every taste. From tangy fruit combinations to cool menthol sensations, this device offers something for everyone.<\/p>\n<p data-start=\"1562\" data-end=\"1750\">Experience the ultimate in vaping performance and satisfaction with the <strong data-start=\"1634\" data-end=\"1675\">BANG 40000 Puffs B40S Disposable Vape<\/strong>\u2014a device designed for those who want high-quality, long-lasting enjoyment.<\/p>\n<h2 data-start=\"1752\" data-end=\"1795\"><strong data-start=\"1752\" data-end=\"1777\">BANG 40000 Puffs B40S<\/strong><br data-start=\"1777\" data-end=\"1780\" \/><strong data-start=\"1780\" data-end=\"1793\">Cechy:<\/strong><\/h2>\n<ul data-start=\"1796\" data-end=\"2014\">\n<li data-start=\"1796\" data-end=\"1823\"><strong data-start=\"1798\" data-end=\"1807\">Puffy<\/strong>: Up to 40,000<\/li>\n<li data-start=\"1824\" data-end=\"1846\"><strong data-start=\"1826\" data-end=\"1838\">E-liquid<\/strong>: 10mL<\/li>\n<li data-start=\"1847\" data-end=\"1879\"><strong data-start=\"1849\" data-end=\"1861\">Nikotyna<\/strong>: 0%, 2%, 3%, 5%<\/li>\n<li data-start=\"1880\" data-end=\"1903\"><strong data-start=\"1882\" data-end=\"1893\">Bateria<\/strong>: 650mAh<\/li>\n<li data-start=\"1904\" data-end=\"1932\"><strong data-start=\"1906\" data-end=\"1922\">Akumulator<\/strong>: Type-C<\/li>\n<li data-start=\"1933\" data-end=\"1963\"><strong data-start=\"1935\" data-end=\"1943\">Rdze\u0144<\/strong>: 1.0ohm Mesh Coil<\/li>\n<li data-start=\"1964\" data-end=\"1990\"><strong data-start=\"1966\" data-end=\"1988\">Adjustable Airflow<\/strong><\/li>\n<li data-start=\"1991\" data-end=\"2014\"><strong data-start=\"1993\" data-end=\"2012\">Childproof Lock<\/strong><\/li>\n<\/ul>\n<h2 data-start=\"2016\" data-end=\"2062\"><strong data-start=\"2016\" data-end=\"2041\">BANG 40000 Puffs B40S<\/strong><br data-start=\"2041\" data-end=\"2044\" \/><strong data-start=\"2044\" data-end=\"2060\">Flavor List:<\/strong><\/h2>\n<ul data-start=\"2063\" data-end=\"2313\">\n<li data-start=\"2063\" data-end=\"2081\">Arbuzowy l\u00f3d<\/li>\n<li data-start=\"2082\" data-end=\"2102\">Mango truskawkowe<\/li>\n<li data-start=\"2103\" data-end=\"2128\">Arbuz truskawkowy<\/li>\n<li data-start=\"2129\" data-end=\"2142\">L\u00f3d winogronowy<\/li>\n<li data-start=\"2143\" data-end=\"2169\">Brzoskwinia Mango Arbuz<\/li>\n<li data-start=\"2170\" data-end=\"2193\">Bor\u00f3wka Malina<\/li>\n<li data-start=\"2194\" data-end=\"2211\">L\u00f3d jagodowy<\/li>\n<li data-start=\"2212\" data-end=\"2233\">Banan truskawkowy<\/li>\n<li data-start=\"2234\" data-end=\"2258\">Blueberry Watermelon<\/li>\n<li data-start=\"2259\" data-end=\"2271\">Red Bull<\/li>\n<li data-start=\"2272\" data-end=\"2291\">Truskawka Kiwi<\/li>\n<li data-start=\"2292\" data-end=\"2313\">Mixed Moldy Fruit<\/li>\n<\/ul>\n<p data-start=\"2315\" data-end=\"2556\" data-is-last-node=\"\" data-is-only-node=\"\">The <strong data-start=\"2319\" data-end=\"2344\">BANG 40000 Puffs B40S<\/strong> is the ultimate choice for vapers looking for a <strong data-start=\"2393\" data-end=\"2413\">high-performance<\/strong> oraz <strong data-start=\"2418\" data-end=\"2434\">d\u0142ugotrwa\u0142y<\/strong> vaping experience, offering powerful features, rich flavors, and customizable nicotine strengths to suit all preferences.<\/p>\n<h2 data-start=\"2315\" data-end=\"2556\">\t\t\t<link rel=\"stylesheet\" id=\"elementor-post-32801-css\" href=\"https:\/\/euvapz.com\/wp-content\/uploads\/elementor\/css\/post-32801.css?ver=1775418790\" type=\"text\/css\" media=\"all\">\n\t\t\t\t\t<div data-elementor-type=\"wp-post\" data-elementor-id=\"32801\" class=\"elementor elementor-32801\" data-elementor-post-type=\"cms_block\">\n\t\t\t\t<div class=\"wd-negative-gap elementor-element elementor-element-311ef4d e-flex e-con-boxed e-con e-parent\" data-id=\"311ef4d\" data-element_type=\"container\">\n\t\t\t\t\t<div class=\"e-con-inner\">\n\t\t\t\t<div class=\"elementor-element elementor-element-354d55bb color-scheme-inherit text-left elementor-widget elementor-widget-text-editor\" data-id=\"354d55bb\" data-element_type=\"widget\" data-widget_type=\"text-editor.default\">\n\t\t\t\t<div class=\"elementor-widget-container\">\n\t\t\t\t\t\t\t\t\t&nbsp;\n\n<script src=\"chrome-extension:\/\/fpelahbljekknahkcaegamhcndkfpfnc\/iFrame.js\" type=\"text\/javascript\"><\/script>\t\t\t\t\t\t\t\t<\/div>\n\t\t\t\t<\/div>\n\t\t\t\t\t<\/div>\n\t\t\t\t<\/div>\n\t\t<div class=\"wd-negative-gap elementor-element elementor-element-2f4b93b0 e-flex e-con-boxed e-con e-parent\" data-id=\"2f4b93b0\" data-element_type=\"container\">\n\t\t\t\t\t<div class=\"e-con-inner\">\n\t\t\t\t\t<\/div>\n\t\t\t\t<\/div>\n\t\t<div class=\"wd-negative-gap elementor-element elementor-element-200eec29 e-flex e-con-boxed e-con e-parent\" data-id=\"200eec29\" data-element_type=\"container\">\n\t\t\t\t\t<div class=\"e-con-inner\">\n\t\t\t\t<div class=\"elementor-element elementor-element-19faf1ba color-scheme-inherit text-left elementor-widget elementor-widget-text-editor\" data-id=\"19faf1ba\" data-element_type=\"widget\" data-widget_type=\"text-editor.default\">\n\t\t\t\t<div class=\"elementor-widget-container\">\n\t\t\t\t\t\t\t\t\t<h2><em><strong>FAQ<\/strong><\/em><\/h2><ul><li><h2><em><strong>Jakich metod wysy\u0142ki u\u017cywasz?<\/strong><\/em><\/h2><\/li><li><h2><em><strong><span style=\"color: #333333; font-size: 16px;\">Wsp\u00f3\u0142pracujemy z niezawodnymi przewo\u017anikami, takimi jak UPS, DHL, FedEx i DPD. W zale\u017cno\u015bci od kraju docelowego wybierzemy najlepsz\u0105 metod\u0119 wysy\u0142ki, aby zapewni\u0107 szybk\u0105 i bezpieczn\u0105 dostaw\u0119 produkt\u00f3w.<\/span><\/strong><\/em><\/h2><\/li><\/ul><ul><li><h2><em><strong>Jak d\u0142ugo potrwa dostawa mojego zam\u00f3wienia?<\/strong><\/em><\/h2><\/li><\/ul><p data-start=\"340\" data-end=\"490\"><em><strong>\u00a0 \u00a0 \u00a0 Zazwyczaj dostawa trwa od 7 do 15 dni roboczych. Jednak w okresie \u015bwi\u0105t lub niekorzystnych warunk\u00f3w pogodowych mo\u017ce to potrwa\u0107 do 20 dni roboczych.<\/strong><\/em><\/p><ul><li data-start=\"492\" data-end=\"539\"><h2><em><strong>Czy moje zam\u00f3wienie przejdzie odpraw\u0119 celn\u0105 bez problem\u00f3w?<\/strong><\/em><\/h2><\/li><li data-start=\"492\" data-end=\"539\"><h2><em><strong><span style=\"color: #333333; font-size: 16px;\">Zajmujemy si\u0119 ca\u0142\u0105 odpraw\u0105 celn\u0105, zapewniaj\u0105c sprawn\u0105 dostaw\u0119 bez dodatkowych podatk\u00f3w i op\u0142at. Gwarantujemy, \u017ce 100% naszych przesy\u0142ek przejdzie odpraw\u0119 celn\u0105 bez problem\u00f3w.<\/span><\/strong><\/em><\/h2><\/li><\/ul><ul><li data-start=\"718\" data-end=\"747\"><h2><em><strong>Czy mog\u0119 zaufa\u0107 waszej us\u0142udze?<\/strong><\/em><\/h2><\/li><li data-start=\"718\" data-end=\"747\"><h2><em><strong><span style=\"color: #333333; font-size: 16px;\">Absolutnie! Akceptujemy bezpieczne p\u0142atno\u015bci PayPal, a Tw\u00f3j zakup jest chroniony przez ochron\u0119 kupuj\u0105cych PayPal. Mo\u017cesz r\u00f3wnie\u017c sprawdzi\u0107 nasze recenzje TrustPilot, aby zobaczy\u0107, co m\u00f3wi\u0105 o nas inni klienci.<\/span><\/strong><\/em><\/h2><\/li><\/ul>\t\t\t\t\t\t\t\t<\/div>\n\t\t\t\t<\/div>\n\t\t\t\t\t<\/div>\n\t\t\t\t<\/div>\n\t\t<div class=\"wd-negative-gap elementor-element elementor-element-d4517fd e-flex e-con-boxed e-con e-parent\" data-id=\"d4517fd\" data-element_type=\"container\">\n\t\t\t\t\t<div class=\"e-con-inner\">\n\t\t\t\t<div class=\"elementor-element elementor-element-11cb93e5 elementor-widget elementor-widget-wd_button\" data-id=\"11cb93e5\" data-element_type=\"widget\" data-widget_type=\"wd_button.default\">\n\t\t\t\t<div class=\"elementor-widget-container\">\n\t\t\t\t\t\t\t<div class=\"wd-button-wrapper text-left\" >\n\t\t\t<a class=\"btn btn-style-link btn-style- btn-size-extra-large btn-scheme-inherit btn-scheme-hover-custom btn-icon-pos-right\"  href=\"https:\/\/euvapz.com\/pl\/faqs\/\">\n\t\t\t\t<span class=\"wd-btn-text\" data-elementor-setting-key=\"text\">\n\t\t\t\t\tKliknij tutaj, aby uzyska\u0107 wi\u0119cej cz\u0119sto zadawanych pyta\u0144.\t\t\t\t<\/span>\n\n\t\t\t\t\t\t\t<\/a>\n\t\t<\/div>\n\t\t\t\t\t\t<\/div>\n\t\t\t\t<\/div>\n\t\t\t\t\t<\/div>\n\t\t\t\t<\/div>\n\t\t\t\t<\/div>\n\t\t<\/h2>","protected":false},"excerpt":{"rendered":"<p>The <strong data-start=\"7\" data-end=\"48\">BANG 40000 Puffs B40S Disposable Vape<\/strong> oferty <strong data-start=\"56\" data-end=\"83\">0%, 2%, 3%, 5% nicotine<\/strong>, <strong data-start=\"85\" data-end=\"103\">650mAh battery<\/strong>oraz <strong data-start=\"109\" data-end=\"129\">1.0ohm mesh coil<\/strong>, with flavors like <strong data-start=\"149\" data-end=\"167\">Arbuzowy l\u00f3d<\/strong> oraz <strong data-start=\"172\" data-end=\"192\">Mango truskawkowe<\/strong> for a smooth, satisfying vape.<\/p>","protected":false},"featured_media":29438,"comment_status":"open","ping_status":"closed","template":"","meta":[],"product_brand":[78],"product_cat":[77],"product_tag":[],"class_list":{"0":"post-29427","1":"product","2":"type-product","3":"status-publish","4":"has-post-thumbnail","6":"product_brand-bang-disposable-vape","7":"product_cat-bang-disposable-vape","9":"first","10":"instock","11":"shipping-taxable","12":"purchasable","13":"product-type-variable"},"_links":{"self":[{"href":"https:\/\/euvapz.com\/pl\/wp-json\/wp\/v2\/product\/29427","targetHints":{"allow":["GET"]}}],"collection":[{"href":"https:\/\/euvapz.com\/pl\/wp-json\/wp\/v2\/product"}],"about":[{"href":"https:\/\/euvapz.com\/pl\/wp-json\/wp\/v2\/types\/product"}],"replies":[{"embeddable":true,"href":"https:\/\/euvapz.com\/pl\/wp-json\/wp\/v2\/comments?post=29427"}],"version-history":[{"count":3,"href":"https:\/\/euvapz.com\/pl\/wp-json\/wp\/v2\/product\/29427\/revisions"}],"predecessor-version":[{"id":32868,"href":"https:\/\/euvapz.com\/pl\/wp-json\/wp\/v2\/product\/29427\/revisions\/32868"}],"wp:featuredmedia":[{"embeddable":true,"href":"https:\/\/euvapz.com\/pl\/wp-json\/wp\/v2\/media\/29438"}],"wp:attachment":[{"href":"https:\/\/euvapz.com\/pl\/wp-json\/wp\/v2\/media?parent=29427"}],"wp:term":[{"taxonomy":"product_brand","embeddable":true,"href":"https:\/\/euvapz.com\/pl\/wp-json\/wp\/v2\/product_brand?post=29427"},{"taxonomy":"product_cat","embeddable":true,"href":"https:\/\/euvapz.com\/pl\/wp-json\/wp\/v2\/product_cat?post=29427"},{"taxonomy":"product_tag","embeddable":true,"href":"https:\/\/euvapz.com\/pl\/wp-json\/wp\/v2\/product_tag?post=29427"}],"curies":[{"name":"wp","href":"https:\/\/api.w.org\/{rel}","templated":true}]}}