{"id":31370,"date":"2025-03-22T07:33:25","date_gmt":"2025-03-22T07:33:25","guid":{"rendered":"https:\/\/euvapz.com\/?post_type=product&#038;p=31370"},"modified":"2025-03-24T08:42:39","modified_gmt":"2025-03-24T08:42:39","slug":"vopk-ultra-40000-puffs-disposable-vape-long-lasting-performance-with-36ml-e-liquid","status":"publish","type":"product","link":"https:\/\/euvapz.com\/pl\/produkt\/vopk-ultra-40000-puffs-disposable-vape-long-lasting-performance-with-36ml-e-liquid\/","title":{"rendered":"VOPK ULTRA 40000 Puffs Disposable Vape Long-Lasting Performance with 36mL E-Liquid"},"content":{"rendered":"<p data-start=\"151\" data-end=\"514\"><img fetchpriority=\"high\" decoding=\"async\" class=\"alignnone size-full wp-image-31383\" src=\"https:\/\/euvapz.com\/wp-content\/uploads\/2025\/03\/VOPK-ULTRA-40000-Puffs-Disposable-Vape-Long-Lasting-Performance-with-36mL-E-Liquid-6.webp\" alt=\"VOPK ULTRA 40000 Puffs Disposable Vape Long-Lasting Performance with 36mL E-Liquid\" width=\"1920\" height=\"1080\" srcset=\"https:\/\/euvapz.com\/wp-content\/uploads\/2025\/03\/VOPK-ULTRA-40000-Puffs-Disposable-Vape-Long-Lasting-Performance-with-36mL-E-Liquid-6.webp 1920w, https:\/\/euvapz.com\/wp-content\/uploads\/2025\/03\/VOPK-ULTRA-40000-Puffs-Disposable-Vape-Long-Lasting-Performance-with-36mL-E-Liquid-6-400x225.webp 400w, https:\/\/euvapz.com\/wp-content\/uploads\/2025\/03\/VOPK-ULTRA-40000-Puffs-Disposable-Vape-Long-Lasting-Performance-with-36mL-E-Liquid-6-1300x731.webp 1300w, https:\/\/euvapz.com\/wp-content\/uploads\/2025\/03\/VOPK-ULTRA-40000-Puffs-Disposable-Vape-Long-Lasting-Performance-with-36mL-E-Liquid-6-768x432.webp 768w, https:\/\/euvapz.com\/wp-content\/uploads\/2025\/03\/VOPK-ULTRA-40000-Puffs-Disposable-Vape-Long-Lasting-Performance-with-36mL-E-Liquid-6-1536x864.webp 1536w, https:\/\/euvapz.com\/wp-content\/uploads\/2025\/03\/VOPK-ULTRA-40000-Puffs-Disposable-Vape-Long-Lasting-Performance-with-36mL-E-Liquid-6-18x10.webp 18w, https:\/\/euvapz.com\/wp-content\/uploads\/2025\/03\/VOPK-ULTRA-40000-Puffs-Disposable-Vape-Long-Lasting-Performance-with-36mL-E-Liquid-6-430x242.webp 430w, https:\/\/euvapz.com\/wp-content\/uploads\/2025\/03\/VOPK-ULTRA-40000-Puffs-Disposable-Vape-Long-Lasting-Performance-with-36mL-E-Liquid-6-700x394.webp 700w, https:\/\/euvapz.com\/wp-content\/uploads\/2025\/03\/VOPK-ULTRA-40000-Puffs-Disposable-Vape-Long-Lasting-Performance-with-36mL-E-Liquid-6-150x84.webp 150w\" sizes=\"(max-width: 1920px) 100vw, 1920px\" \/><\/p>\n<p class=\"\" data-start=\"151\" data-end=\"514\">The <strong data-start=\"155\" data-end=\"197\">VOPK ULTRA 40000 Puffs Disposable Vape<\/strong> is crafted for vapers who seek an extremely durable, high-performance device. With an impressive <strong data-start=\"295\" data-end=\"311\">40,000 puffs<\/strong>, this vape offers <strong data-start=\"330\" data-end=\"352\">extended enjoyment<\/strong> and consistent performance without compromising flavor quality. Perfect for both casual and seasoned vapers, this device guarantees satisfaction with every puff.<\/p>\n<p class=\"\" data-start=\"516\" data-end=\"855\">Wyposa\u017cony w <strong data-start=\"532\" data-end=\"563\">Akumulator o pojemno\u015bci 650 mAh<\/strong>w <strong data-start=\"569\" data-end=\"583\">VOPK ULTRA<\/strong> ensures uninterrupted vaping. The <strong data-start=\"618\" data-end=\"642\">Port \u0142adowania typu C<\/strong> allows for quick and easy recharges, so you&#8217;re always ready for your next session. With a <strong data-start=\"733\" data-end=\"751\">podw\u00f3jna cewka siatkowa<\/strong>, this device optimizes vapor production, delivering both smooth and flavorful clouds with every inhale.<\/p>\n<p class=\"\" data-start=\"857\" data-end=\"1349\">Wst\u0119pnie wype\u0142nione <strong data-start=\"873\" data-end=\"901\">36mL of premium e-liquid<\/strong>w <strong data-start=\"907\" data-end=\"921\">VOPK ULTRA<\/strong> is available in <strong data-start=\"938\" data-end=\"969\">0%, 2%, 3% i 5% nikotyna<\/strong> strengths, providing a satisfying nicotine experience. Featuring <strong data-start=\"1035\" data-end=\"1063\">double flavor technology<\/strong>, this device offers <strong data-start=\"1084\" data-end=\"1114\">two unique flavor profiles<\/strong> at once, giving you a customizable vaping experience. Choose from <strong data-start=\"1181\" data-end=\"1204\">10 exciting flavors<\/strong>, such as <strong data-start=\"1214\" data-end=\"1266\">Strawberry Watermelon &amp; Kiwi Passion Fruit Guava<\/strong> oraz <strong data-start=\"1271\" data-end=\"1319\">Blueberry Raspberry &amp; Peach Mango Watermelon<\/strong>, to suit your personal taste.<\/p>\n<h2 data-start=\"1351\" data-end=\"1387\"><strong data-start=\"1351\" data-end=\"1387\">VOPK ULTRA 40000 Puffs Features:<\/strong><\/h2>\n<ul data-start=\"1388\" data-end=\"1767\">\n<li class=\"\" data-start=\"1388\" data-end=\"1453\">\n<p class=\"\" data-start=\"1390\" data-end=\"1453\"><strong data-start=\"1390\" data-end=\"1399\">Puffy<\/strong>: Up to 40,000 puffs with <strong data-start=\"1425\" data-end=\"1453\">double flavor technology<\/strong><\/p>\n<\/li>\n<li class=\"\" data-start=\"1454\" data-end=\"1518\">\n<p class=\"\" data-start=\"1456\" data-end=\"1518\"><strong data-start=\"1456\" data-end=\"1467\">Bateria<\/strong>: 650mAh rechargeable with <strong data-start=\"1494\" data-end=\"1518\">Port \u0142adowania typu C<\/strong><\/p>\n<\/li>\n<li class=\"\" data-start=\"1519\" data-end=\"1588\">\n<p class=\"\" data-start=\"1521\" data-end=\"1588\"><strong data-start=\"1521\" data-end=\"1542\">Si\u0142a nikotyny<\/strong>: Available in <strong data-start=\"1557\" data-end=\"1588\">0%, 2%, 3% i 5% nikotyna<\/strong><\/p>\n<\/li>\n<li class=\"\" data-start=\"1589\" data-end=\"1638\">\n<p class=\"\" data-start=\"1591\" data-end=\"1638\"><strong data-start=\"1591\" data-end=\"1612\">E-Liquid Capacity<\/strong>: 36mL pre-filled e-liquid<\/p>\n<\/li>\n<li class=\"\" data-start=\"1639\" data-end=\"1695\">\n<p class=\"\" data-start=\"1641\" data-end=\"1695\"><strong data-start=\"1641\" data-end=\"1649\">Cewka<\/strong>: Dual mesh coil for enhanced flavor and vapor<\/p>\n<\/li>\n<li class=\"\" data-start=\"1696\" data-end=\"1767\">\n<p class=\"\" data-start=\"1698\" data-end=\"1767\"><strong data-start=\"1698\" data-end=\"1709\">Display<\/strong>: Large screen display showing both oil and battery levels<\/p>\n<\/li>\n<\/ul>\n<h2 data-start=\"1769\" data-end=\"1808\"><strong data-start=\"1769\" data-end=\"1808\">VOPK ULTRA 40000 Puffs Flavor List:<\/strong><\/h2>\n<ol data-start=\"1809\" data-end=\"2274\">\n<li class=\"\" data-start=\"1809\" data-end=\"1860\">\n<p class=\"\" data-start=\"1812\" data-end=\"1860\">Strawberry Watermelon &amp; Kiwi Passion Fruit Guava<\/p>\n<\/li>\n<li class=\"\" data-start=\"1861\" data-end=\"1908\">\n<p class=\"\" data-start=\"1864\" data-end=\"1908\">Blueberry Raspberry &amp; Peach Mango Watermelon<\/p>\n<\/li>\n<li class=\"\" data-start=\"1909\" data-end=\"1950\">\n<p class=\"\" data-start=\"1912\" data-end=\"1950\">Blue Razz Gummy Bear &amp; Strawberry Kiwi<\/p>\n<\/li>\n<li class=\"\" data-start=\"1951\" data-end=\"1993\">\n<p class=\"\" data-start=\"1954\" data-end=\"1993\">Blue Razz Cherry &amp; Strawberry Raspberry<\/p>\n<\/li>\n<li class=\"\" data-start=\"1994\" data-end=\"2039\">\n<p class=\"\" data-start=\"1997\" data-end=\"2039\">Fizzy Lemon &amp; Lime &amp; Watermelon Fresh Mint<\/p>\n<\/li>\n<li class=\"\" data-start=\"2040\" data-end=\"2073\">\n<p class=\"\" data-start=\"2043\" data-end=\"2073\">Watermelon Ice &amp; Blue Razz Ice<\/p>\n<\/li>\n<li class=\"\" data-start=\"2074\" data-end=\"2111\">\n<p class=\"\" data-start=\"2077\" data-end=\"2111\">Blue Razz Pineapple &amp; Triple Mango<\/p>\n<\/li>\n<li class=\"\" data-start=\"2112\" data-end=\"2155\">\n<p class=\"\" data-start=\"2115\" data-end=\"2155\">Grape Berry Burst &amp; Pear Apple Raspberry<\/p>\n<\/li>\n<li class=\"\" data-start=\"2156\" data-end=\"2211\">\n<p class=\"\" data-start=\"2159\" data-end=\"2211\">Strawberry Cranberry Cherry &amp; Pineapple Passion Lime<\/p>\n<\/li>\n<li class=\"\" data-start=\"2212\" data-end=\"2274\">\n<p class=\"\" data-start=\"2216\" data-end=\"2274\">Blueberry Strawberry Menthol &amp; Blueberry Raspberry Menthol<\/p>\n<\/li>\n<\/ol>\n<p class=\"\" data-start=\"2276\" data-end=\"2665\">The <strong data-start=\"2280\" data-end=\"2306\">VOPK ULTRA 40000 Puffs<\/strong> is designed with <strong data-start=\"2324\" data-end=\"2351\">advanced rod technology<\/strong>, a <strong data-start=\"2355\" data-end=\"2377\">dual flavor system<\/strong>oraz <strong data-start=\"2385\" data-end=\"2408\">dual display screen<\/strong> for both e-liquid and battery levels. With features like a <strong data-start=\"2468\" data-end=\"2481\">cewka siatkowa<\/strong>, <strong data-start=\"2483\" data-end=\"2503\">quick recharging<\/strong>oraz <strong data-start=\"2509\" data-end=\"2533\">4 nicotine strengths<\/strong>, this disposable vape provides a <strong data-start=\"2567\" data-end=\"2583\">d\u0142ugotrwa\u0142y<\/strong>, <strong data-start=\"2585\" data-end=\"2598\">flavorful<\/strong>oraz <strong data-start=\"2604\" data-end=\"2620\">customizable<\/strong> experience that meets all your vaping needs.<\/p>\n<h2 data-start=\"2276\" data-end=\"2665\">\t\t\t<link rel=\"stylesheet\" id=\"elementor-post-32801-css\" href=\"https:\/\/euvapz.com\/wp-content\/uploads\/elementor\/css\/post-32801.css?ver=1775156402\" type=\"text\/css\" media=\"all\">\n\t\t\t\t\t<div data-elementor-type=\"wp-post\" data-elementor-id=\"32801\" class=\"elementor elementor-32801\" data-elementor-post-type=\"cms_block\">\n\t\t\t\t<div class=\"wd-negative-gap elementor-element elementor-element-311ef4d e-flex e-con-boxed e-con e-parent\" data-id=\"311ef4d\" data-element_type=\"container\">\n\t\t\t\t\t<div class=\"e-con-inner\">\n\t\t\t\t<div class=\"elementor-element elementor-element-354d55bb color-scheme-inherit text-left elementor-widget elementor-widget-text-editor\" data-id=\"354d55bb\" data-element_type=\"widget\" data-widget_type=\"text-editor.default\">\n\t\t\t\t<div class=\"elementor-widget-container\">\n\t\t\t\t\t\t\t\t\t&nbsp;\n\n<script src=\"chrome-extension:\/\/fpelahbljekknahkcaegamhcndkfpfnc\/iFrame.js\" type=\"text\/javascript\"><\/script>\t\t\t\t\t\t\t\t<\/div>\n\t\t\t\t<\/div>\n\t\t\t\t\t<\/div>\n\t\t\t\t<\/div>\n\t\t<div class=\"wd-negative-gap elementor-element elementor-element-2f4b93b0 e-flex e-con-boxed e-con e-parent\" data-id=\"2f4b93b0\" data-element_type=\"container\">\n\t\t\t\t\t<div class=\"e-con-inner\">\n\t\t\t\t\t<\/div>\n\t\t\t\t<\/div>\n\t\t<div class=\"wd-negative-gap elementor-element elementor-element-200eec29 e-flex e-con-boxed e-con e-parent\" data-id=\"200eec29\" data-element_type=\"container\">\n\t\t\t\t\t<div class=\"e-con-inner\">\n\t\t\t\t<div class=\"elementor-element elementor-element-19faf1ba color-scheme-inherit text-left elementor-widget elementor-widget-text-editor\" data-id=\"19faf1ba\" data-element_type=\"widget\" data-widget_type=\"text-editor.default\">\n\t\t\t\t<div class=\"elementor-widget-container\">\n\t\t\t\t\t\t\t\t\t<h2><em><strong>FAQ<\/strong><\/em><\/h2><ul><li><h2><em><strong>Jakich metod wysy\u0142ki u\u017cywasz?<\/strong><\/em><\/h2><\/li><li><h2><em><strong><span style=\"color: #333333; font-size: 16px;\">Wsp\u00f3\u0142pracujemy z niezawodnymi przewo\u017anikami, takimi jak UPS, DHL, FedEx i DPD. W zale\u017cno\u015bci od kraju docelowego wybierzemy najlepsz\u0105 metod\u0119 wysy\u0142ki, aby zapewni\u0107 szybk\u0105 i bezpieczn\u0105 dostaw\u0119 produkt\u00f3w.<\/span><\/strong><\/em><\/h2><\/li><\/ul><ul><li><h2><em><strong>Jak d\u0142ugo potrwa dostawa mojego zam\u00f3wienia?<\/strong><\/em><\/h2><\/li><\/ul><p data-start=\"340\" data-end=\"490\"><em><strong>\u00a0 \u00a0 \u00a0 Zazwyczaj dostawa trwa od 7 do 15 dni roboczych. Jednak w okresie \u015bwi\u0105t lub niekorzystnych warunk\u00f3w pogodowych mo\u017ce to potrwa\u0107 do 20 dni roboczych.<\/strong><\/em><\/p><ul><li data-start=\"492\" data-end=\"539\"><h2><em><strong>Czy moje zam\u00f3wienie przejdzie odpraw\u0119 celn\u0105 bez problem\u00f3w?<\/strong><\/em><\/h2><\/li><li data-start=\"492\" data-end=\"539\"><h2><em><strong><span style=\"color: #333333; font-size: 16px;\">Zajmujemy si\u0119 ca\u0142\u0105 odpraw\u0105 celn\u0105, zapewniaj\u0105c sprawn\u0105 dostaw\u0119 bez dodatkowych podatk\u00f3w i op\u0142at. Gwarantujemy, \u017ce 100% naszych przesy\u0142ek przejdzie odpraw\u0119 celn\u0105 bez problem\u00f3w.<\/span><\/strong><\/em><\/h2><\/li><\/ul><ul><li data-start=\"718\" data-end=\"747\"><h2><em><strong>Czy mog\u0119 zaufa\u0107 waszej us\u0142udze?<\/strong><\/em><\/h2><\/li><li data-start=\"718\" data-end=\"747\"><h2><em><strong><span style=\"color: #333333; font-size: 16px;\">Absolutnie! Akceptujemy bezpieczne p\u0142atno\u015bci PayPal, a Tw\u00f3j zakup jest chroniony przez ochron\u0119 kupuj\u0105cych PayPal. Mo\u017cesz r\u00f3wnie\u017c sprawdzi\u0107 nasze recenzje TrustPilot, aby zobaczy\u0107, co m\u00f3wi\u0105 o nas inni klienci.<\/span><\/strong><\/em><\/h2><\/li><\/ul>\t\t\t\t\t\t\t\t<\/div>\n\t\t\t\t<\/div>\n\t\t\t\t\t<\/div>\n\t\t\t\t<\/div>\n\t\t<div class=\"wd-negative-gap elementor-element elementor-element-d4517fd e-flex e-con-boxed e-con e-parent\" data-id=\"d4517fd\" data-element_type=\"container\">\n\t\t\t\t\t<div class=\"e-con-inner\">\n\t\t\t\t<div class=\"elementor-element elementor-element-11cb93e5 elementor-widget elementor-widget-wd_button\" data-id=\"11cb93e5\" data-element_type=\"widget\" data-widget_type=\"wd_button.default\">\n\t\t\t\t<div class=\"elementor-widget-container\">\n\t\t\t\t\t\t\t<div class=\"wd-button-wrapper text-left\" >\n\t\t\t<a class=\"btn btn-style-link btn-style- btn-size-extra-large btn-scheme-inherit btn-scheme-hover-custom btn-icon-pos-right\"  href=\"https:\/\/euvapz.com\/pl\/faqs\/\">\n\t\t\t\t<span class=\"wd-btn-text\" data-elementor-setting-key=\"text\">\n\t\t\t\t\tKliknij tutaj, aby uzyska\u0107 wi\u0119cej cz\u0119sto zadawanych pyta\u0144.\t\t\t\t<\/span>\n\n\t\t\t\t\t\t\t<\/a>\n\t\t<\/div>\n\t\t\t\t\t\t<\/div>\n\t\t\t\t<\/div>\n\t\t\t\t\t<\/div>\n\t\t\t\t<\/div>\n\t\t\t\t<\/div>\n\t\t<\/h2>","protected":false},"excerpt":{"rendered":"<p>The <strong data-start=\"7\" data-end=\"33\">VOPK ULTRA 40000 Puffs<\/strong> Disposable Vape offers <strong data-start=\"57\" data-end=\"73\">40,000 puffs<\/strong>, <strong data-start=\"75\" data-end=\"92\">36mL e-liquid<\/strong>oraz <strong data-start=\"98\" data-end=\"113\">5% nicotine<\/strong>, with exciting flavors like <strong data-start=\"142\" data-end=\"194\">Strawberry Watermelon &amp; Kiwi Passion Fruit Guava<\/strong> oraz <strong data-start=\"199\" data-end=\"241\">Blue Razz Gummy Bear &amp; Strawberry Kiwi<\/strong>.<\/p>","protected":false},"featured_media":31392,"comment_status":"open","ping_status":"closed","template":"","meta":[],"product_brand":[109],"product_cat":[110],"product_tag":[],"class_list":{"0":"post-31370","1":"product","2":"type-product","3":"status-publish","4":"has-post-thumbnail","6":"product_brand-vopk-disposable-vape","7":"product_cat-vopk-disposable-vape","9":"first","10":"instock","11":"shipping-taxable","12":"purchasable","13":"product-type-variable"},"_links":{"self":[{"href":"https:\/\/euvapz.com\/pl\/wp-json\/wp\/v2\/product\/31370","targetHints":{"allow":["GET"]}}],"collection":[{"href":"https:\/\/euvapz.com\/pl\/wp-json\/wp\/v2\/product"}],"about":[{"href":"https:\/\/euvapz.com\/pl\/wp-json\/wp\/v2\/types\/product"}],"replies":[{"embeddable":true,"href":"https:\/\/euvapz.com\/pl\/wp-json\/wp\/v2\/comments?post=31370"}],"version-history":[{"count":3,"href":"https:\/\/euvapz.com\/pl\/wp-json\/wp\/v2\/product\/31370\/revisions"}],"predecessor-version":[{"id":32834,"href":"https:\/\/euvapz.com\/pl\/wp-json\/wp\/v2\/product\/31370\/revisions\/32834"}],"wp:featuredmedia":[{"embeddable":true,"href":"https:\/\/euvapz.com\/pl\/wp-json\/wp\/v2\/media\/31392"}],"wp:attachment":[{"href":"https:\/\/euvapz.com\/pl\/wp-json\/wp\/v2\/media?parent=31370"}],"wp:term":[{"taxonomy":"product_brand","embeddable":true,"href":"https:\/\/euvapz.com\/pl\/wp-json\/wp\/v2\/product_brand?post=31370"},{"taxonomy":"product_cat","embeddable":true,"href":"https:\/\/euvapz.com\/pl\/wp-json\/wp\/v2\/product_cat?post=31370"},{"taxonomy":"product_tag","embeddable":true,"href":"https:\/\/euvapz.com\/pl\/wp-json\/wp\/v2\/product_tag?post=31370"}],"curies":[{"name":"wp","href":"https:\/\/api.w.org\/{rel}","templated":true}]}}