{"id":31832,"date":"2025-03-22T08:59:21","date_gmt":"2025-03-22T08:59:21","guid":{"rendered":"https:\/\/euvapz.com\/?post_type=product&#038;p=31832"},"modified":"2025-10-11T08:23:06","modified_gmt":"2025-10-11T08:23:06","slug":"zooy-magic-9000-puff-jednorazowe-vape-dlugotrwaly-smak-i-wydajnosc","status":"publish","type":"product","link":"https:\/\/euvapz.com\/pl\/produkt\/zooy-magic-9000-puff-jednorazowe-vape-dlugotrwaly-smak-i-wydajnosc\/","title":{"rendered":"Zooy Magic 9000 Puffs Jednorazowe Vape D\u0142ugotrwa\u0142y smak i wydajno\u015b\u0107"},"content":{"rendered":"<div class=\"flex max-w-full flex-col flex-grow\">\n<div class=\"min-h-8 text-message relative flex w-full flex-col items-end gap-2 whitespace-normal break-words text-start [.text-message+&amp;]:mt-5\" dir=\"auto\" data-message-author-role=\"assistant\" data-message-id=\"2d5e02bf-4caa-4e42-91e3-b41f4616516e\" data-message-model-slug=\"gpt-4o\">\n<div class=\"flex w-full flex-col gap-1 empty:hidden first:pt-[3px]\">\n<div class=\"markdown prose w-full break-words dark:prose-invert light\">\n<div style=\"width: 1920px;\" class=\"wp-video\"><video class=\"wp-video-shortcode\" id=\"video-31832-1\" width=\"1920\" height=\"1080\" preload=\"metadata\" controls=\"controls\"><source type=\"video\/mp4\" src=\"https:\/\/euvapz.com\/wp-content\/uploads\/2025\/03\/Zooy-Magic-9000-Puffs-Disposable-Vape-Long-Lasting-Flavor-and-Performance-1.mp4?_=1\" \/><a href=\"https:\/\/euvapz.com\/wp-content\/uploads\/2025\/03\/Zooy-Magic-9000-Puffs-Disposable-Vape-Long-Lasting-Flavor-and-Performance-1.mp4\">https:\/\/euvapz.com\/wp-content\/uploads\/2025\/03\/Zooy-Magic-9000-Puffs-Disposable-Vape-Long-Lasting-Flavor-and-Performance-1.mp4<\/a><\/video><\/div>\n<p class=\"\" data-start=\"141\" data-end=\"377\">The <strong data-start=\"145\" data-end=\"186\">Zooy Magic 9000 Puffs Vape jednorazowego u\u017cytku<\/strong> jest przeznaczony dla tych, kt\u00f3rzy pragn\u0105 <strong data-start=\"221\" data-end=\"233\">pot\u0119\u017cny<\/strong>i d\u0142ugotrwa\u0142e doznania z waporyzacji. Oferta <strong data-start=\"276\" data-end=\"296\">do 9000 zaci\u0105gni\u0119\u0107<\/strong>To urz\u0105dzenie zapewnia d\u0142u\u017csz\u0105 przyjemno\u015b\u0107 z wyj\u0105tkowego smaku i wydajno\u015bci.<\/p>\n<p class=\"\" data-start=\"379\" data-end=\"582\">Z jego <strong data-start=\"388\" data-end=\"419\">Akumulator o pojemno\u015bci 650 mAh<\/strong>Zooy Magic zapewnia sp\u00f3jn\u0105, p\u0142ynn\u0105 waporyzacj\u0119, a <strong data-start=\"480\" data-end=\"504\">Szybkie \u0142adowanie typu C<\/strong> Funkcja ta sprawia, \u017ce \u0142adowanie jest szybkie i \u0142atwe, dzi\u0119ki czemu zawsze mo\u017cesz by\u0107 gotowy do waporyzacji.<\/p>\n<p class=\"\" data-start=\"584\" data-end=\"836\">Wst\u0119pnie wype\u0142nione <strong data-start=\"600\" data-end=\"628\">16 ml najwy\u017cszej jako\u015bci e-liquidu<\/strong>Ten vape jest dost\u0119pny w nast\u0119puj\u0105cych wersjach <strong data-start=\"656\" data-end=\"689\">0%, 2% lub 5% poziomy nikotyny<\/strong>, zaspokajaj\u0105c r\u00f3\u017cnorodne preferencje. Zaawansowany <strong data-start=\"742\" data-end=\"755\">cewka siatkowa<\/strong> Technologia wzmacnia smak, zapewniaj\u0105c, \u017ce ka\u017cdy puff jest tak samo satysfakcjonuj\u0105cy jak poprzedni.<\/p>\n<p class=\"\" data-start=\"838\" data-end=\"1084\">Wybieraj spo\u015br\u00f3d ekscytuj\u0105cej gamy smak\u00f3w, takich jak <strong data-start=\"887\" data-end=\"909\">Blue Raspberry Ice<\/strong>, <strong data-start=\"911\" data-end=\"927\">Podw\u00f3jne jab\u0142ko<\/strong>oraz <strong data-start=\"933\" data-end=\"970\">Zooy Dream (lody truskawkowe)<\/strong>. Niezale\u017cnie od tego, czy masz ochot\u0119 na co\u015b owocowego, lodowego czy s\u0142odkiego, Zooy Magic ma smak odpowiedni dla ka\u017cdego wapera.<\/p>\n<p class=\"\" data-start=\"1086\" data-end=\"1234\">Do\u015bwiadcz kolejnego poziomu satysfakcji dzi\u0119ki <strong data-start=\"1137\" data-end=\"1178\">Zooy Magic 9000 Puffs Vape jednorazowego u\u017cytku<\/strong>Po\u0142\u0105czenie wydajno\u015bci, smaku i wygody.<\/p>\n<h2 data-start=\"1236\" data-end=\"1279\"><strong data-start=\"1236\" data-end=\"1261\">Zooy Magic 9000 Puffs<\/strong><br data-start=\"1261\" data-end=\"1264\" \/><strong data-start=\"1264\" data-end=\"1276\">Cechy<\/strong>:<\/h2>\n<ul data-start=\"1280\" data-end=\"1484\">\n<li class=\"\" data-start=\"1280\" data-end=\"1311\">\n<p class=\"\" data-start=\"1282\" data-end=\"1311\"><strong data-start=\"1282\" data-end=\"1291\">Puffy<\/strong>: Do 9000 zaci\u0105gni\u0119\u0107<\/p>\n<\/li>\n<li class=\"\" data-start=\"1312\" data-end=\"1356\">\n<p class=\"\" data-start=\"1314\" data-end=\"1356\"><strong data-start=\"1314\" data-end=\"1354\">Wbudowany akumulator 650 mAh<\/strong><\/p>\n<\/li>\n<li class=\"\" data-start=\"1357\" data-end=\"1389\">\n<p class=\"\" data-start=\"1359\" data-end=\"1389\"><strong data-start=\"1359\" data-end=\"1387\">E-liquid o pojemno\u015bci 16 ml<\/strong><\/p>\n<\/li>\n<li class=\"\" data-start=\"1390\" data-end=\"1425\">\n<p class=\"\" data-start=\"1392\" data-end=\"1425\"><strong data-start=\"1392\" data-end=\"1411\">Poziom nikotyny<\/strong>: 0%, 2%, 5%<\/p>\n<\/li>\n<li class=\"\" data-start=\"1426\" data-end=\"1463\">\n<p class=\"\" data-start=\"1428\" data-end=\"1463\"><strong data-start=\"1428\" data-end=\"1461\">Siatkowa cewka dla lepszego smaku<\/strong><\/p>\n<\/li>\n<li class=\"\" data-start=\"1464\" data-end=\"1484\">\n<p class=\"\" data-start=\"1466\" data-end=\"1484\"><strong data-start=\"1466\" data-end=\"1482\">Akumulator<\/strong><\/p>\n<\/li>\n<\/ul>\n<h2 data-start=\"1486\" data-end=\"1504\"><strong data-start=\"1486\" data-end=\"1501\">Lista smak\u00f3w<\/strong>:<\/h2>\n<ul data-start=\"1505\" data-end=\"1769\">\n<li class=\"\" data-start=\"1505\" data-end=\"1531\">\n<p class=\"\" data-start=\"1507\" data-end=\"1531\"><strong data-start=\"1507\" data-end=\"1529\">Blue Raspberry Ice<\/strong><\/p>\n<\/li>\n<li class=\"\" data-start=\"1532\" data-end=\"1552\">\n<p class=\"\" data-start=\"1534\" data-end=\"1552\"><strong data-start=\"1534\" data-end=\"1550\">Podw\u00f3jne jab\u0142ko<\/strong><\/p>\n<\/li>\n<li class=\"\" data-start=\"1553\" data-end=\"1575\">\n<p class=\"\" data-start=\"1555\" data-end=\"1575\"><strong data-start=\"1555\" data-end=\"1573\">Arbuzowy l\u00f3d<\/strong><\/p>\n<\/li>\n<li class=\"\" data-start=\"1576\" data-end=\"1617\">\n<p class=\"\" data-start=\"1578\" data-end=\"1617\"><strong data-start=\"1578\" data-end=\"1615\">Zooy Dream (lody truskawkowe)<\/strong><\/p>\n<\/li>\n<li class=\"\" data-start=\"1618\" data-end=\"1636\">\n<p class=\"\" data-start=\"1620\" data-end=\"1636\"><strong data-start=\"1620\" data-end=\"1634\">Aloe Grape<\/strong><\/p>\n<\/li>\n<li class=\"\" data-start=\"1637\" data-end=\"1661\">\n<p class=\"\" data-start=\"1639\" data-end=\"1661\"><strong data-start=\"1639\" data-end=\"1659\">Mango truskawkowe<\/strong><\/p>\n<\/li>\n<li class=\"\" data-start=\"1662\" data-end=\"1680\">\n<p class=\"\" data-start=\"1664\" data-end=\"1680\"><strong data-start=\"1664\" data-end=\"1678\">Lychee Ice<\/strong><\/p>\n<\/li>\n<li class=\"\" data-start=\"1681\" data-end=\"1700\">\n<p class=\"\" data-start=\"1683\" data-end=\"1700\"><strong data-start=\"1683\" data-end=\"1698\">Soczysta brzoskwinia<\/strong><\/p>\n<\/li>\n<li class=\"\" data-start=\"1701\" data-end=\"1747\">\n<p class=\"\" data-start=\"1703\" data-end=\"1747\"><strong data-start=\"1703\" data-end=\"1745\">Czarna Mamba (truskawka i smoczy owoc)<\/strong><\/p>\n<\/li>\n<li class=\"\" data-start=\"1748\" data-end=\"1769\">\n<p class=\"\" data-start=\"1750\" data-end=\"1769\"><strong data-start=\"1750\" data-end=\"1767\">Jagody mieszane<\/strong><\/p>\n<\/li>\n<\/ul>\n<p class=\"\" data-start=\"1771\" data-end=\"2013\">Zooy Magic 9000 Puffs jest wyposa\u017cony w zaawansowan\u0105 technologi\u0119 cewek siatkowych i oferuje wyb\u00f3r najwy\u017cszej jako\u015bci smak\u00f3w e-liquid\u00f3w. Niezale\u017cnie od tego, czy jeste\u015b zwyk\u0142ym waperem, czy do\u015bwiadczonym entuzjast\u0105, to urz\u0105dzenie zapewnia wyj\u0105tkowo satysfakcjonuj\u0105ce i d\u0142ugotrwa\u0142e wra\u017cenia.<\/p>\n<h2 data-start=\"1771\" data-end=\"2013\">\t\t\t<link rel=\"stylesheet\" id=\"elementor-post-32801-css\" href=\"https:\/\/euvapz.com\/wp-content\/uploads\/elementor\/css\/post-32801.css?ver=1778766677\" type=\"text\/css\" media=\"all\">\n\t\t\t\t\t<div data-elementor-type=\"wp-post\" data-elementor-id=\"32801\" class=\"elementor elementor-32801\" data-elementor-post-type=\"cms_block\">\n\t\t\t\t<div class=\"wd-negative-gap elementor-element elementor-element-311ef4d e-flex e-con-boxed e-con e-parent\" data-id=\"311ef4d\" data-element_type=\"container\" data-e-type=\"container\">\n\t\t\t\t\t<div class=\"e-con-inner\">\n\t\t\t\t<div class=\"elementor-element elementor-element-354d55bb color-scheme-inherit text-left elementor-widget elementor-widget-text-editor\" data-id=\"354d55bb\" data-element_type=\"widget\" data-e-type=\"widget\" data-widget_type=\"text-editor.default\">\n\t\t\t\t<div class=\"elementor-widget-container\">\n\t\t\t\t\t\t\t\t\t&nbsp;\n\n<script src=\"chrome-extension:\/\/fpelahbljekknahkcaegamhcndkfpfnc\/iFrame.js\" type=\"text\/javascript\"><\/script>\t\t\t\t\t\t\t\t<\/div>\n\t\t\t\t<\/div>\n\t\t\t\t\t<\/div>\n\t\t\t\t<\/div>\n\t\t<div class=\"wd-negative-gap elementor-element elementor-element-2f4b93b0 e-flex e-con-boxed e-con e-parent\" data-id=\"2f4b93b0\" data-element_type=\"container\" data-e-type=\"container\">\n\t\t\t\t\t<div class=\"e-con-inner\">\n\t\t\t\t\t<\/div>\n\t\t\t\t<\/div>\n\t\t<div class=\"wd-negative-gap elementor-element elementor-element-200eec29 e-flex e-con-boxed e-con e-parent\" data-id=\"200eec29\" data-element_type=\"container\" data-e-type=\"container\">\n\t\t\t\t\t<div class=\"e-con-inner\">\n\t\t\t\t<div class=\"elementor-element elementor-element-19faf1ba color-scheme-inherit text-left elementor-widget elementor-widget-text-editor\" data-id=\"19faf1ba\" data-element_type=\"widget\" data-e-type=\"widget\" data-widget_type=\"text-editor.default\">\n\t\t\t\t<div class=\"elementor-widget-container\">\n\t\t\t\t\t\t\t\t\t<h2><em><strong>FAQ<\/strong><\/em><\/h2><ul><li><h2><em><strong>Jakich metod wysy\u0142ki u\u017cywasz?<\/strong><\/em><\/h2><\/li><li><h2><em><strong><span style=\"color: #333333; font-size: 16px;\">Wsp\u00f3\u0142pracujemy z niezawodnymi przewo\u017anikami, takimi jak UPS, DHL, FedEx i DPD. W zale\u017cno\u015bci od kraju docelowego wybierzemy najlepsz\u0105 metod\u0119 wysy\u0142ki, aby zapewni\u0107 szybk\u0105 i bezpieczn\u0105 dostaw\u0119 produkt\u00f3w.<\/span><\/strong><\/em><\/h2><\/li><\/ul><ul><li><h2><em><strong>Jak d\u0142ugo potrwa dostawa mojego zam\u00f3wienia?<\/strong><\/em><\/h2><\/li><\/ul><p data-start=\"340\" data-end=\"490\"><em><strong>\u00a0 \u00a0 \u00a0 Zazwyczaj dostawa trwa od 7 do 15 dni roboczych. Jednak w okresie \u015bwi\u0105t lub niekorzystnych warunk\u00f3w pogodowych mo\u017ce to potrwa\u0107 do 20 dni roboczych.<\/strong><\/em><\/p><ul><li data-start=\"492\" data-end=\"539\"><h2><em><strong>Czy moje zam\u00f3wienie przejdzie odpraw\u0119 celn\u0105 bez problem\u00f3w?<\/strong><\/em><\/h2><\/li><li data-start=\"492\" data-end=\"539\"><h2><em><strong><span style=\"color: #333333; font-size: 16px;\">Zajmujemy si\u0119 ca\u0142\u0105 odpraw\u0105 celn\u0105, zapewniaj\u0105c sprawn\u0105 dostaw\u0119 bez dodatkowych podatk\u00f3w i op\u0142at. Gwarantujemy, \u017ce 100% naszych przesy\u0142ek przejdzie odpraw\u0119 celn\u0105 bez problem\u00f3w.<\/span><\/strong><\/em><\/h2><\/li><\/ul><ul><li data-start=\"718\" data-end=\"747\"><h2><em><strong>Czy mog\u0119 zaufa\u0107 waszej us\u0142udze?<\/strong><\/em><\/h2><\/li><li data-start=\"718\" data-end=\"747\"><h2><em><strong><span style=\"color: #333333; font-size: 16px;\">Absolutnie! Akceptujemy bezpieczne p\u0142atno\u015bci PayPal, a Tw\u00f3j zakup jest chroniony przez ochron\u0119 kupuj\u0105cych PayPal. Mo\u017cesz r\u00f3wnie\u017c sprawdzi\u0107 nasze recenzje TrustPilot, aby zobaczy\u0107, co m\u00f3wi\u0105 o nas inni klienci.<\/span><\/strong><\/em><\/h2><\/li><\/ul>\t\t\t\t\t\t\t\t<\/div>\n\t\t\t\t<\/div>\n\t\t\t\t\t<\/div>\n\t\t\t\t<\/div>\n\t\t<div class=\"wd-negative-gap elementor-element elementor-element-d4517fd e-flex e-con-boxed e-con e-parent\" data-id=\"d4517fd\" data-element_type=\"container\" data-e-type=\"container\">\n\t\t\t\t\t<div class=\"e-con-inner\">\n\t\t\t\t<div class=\"elementor-element elementor-element-11cb93e5 elementor-widget elementor-widget-wd_button\" data-id=\"11cb93e5\" data-element_type=\"widget\" data-e-type=\"widget\" data-widget_type=\"wd_button.default\">\n\t\t\t\t<div class=\"elementor-widget-container\">\n\t\t\t\t\t\t\t<div class=\"wd-button-wrapper text-left\" >\n\t\t\t<a class=\"btn btn-style-link btn-style- btn-size-extra-large btn-scheme-inherit btn-scheme-hover-custom btn-icon-pos-right\"  href=\"https:\/\/euvapz.com\/pl\/faqs\/\">\n\t\t\t\t<span class=\"wd-btn-text\" data-elementor-setting-key=\"text\">\n\t\t\t\t\tKliknij tutaj, aby uzyska\u0107 wi\u0119cej cz\u0119sto zadawanych pyta\u0144.\t\t\t\t<\/span>\n\n\t\t\t\t\t\t\t<\/a>\n\t\t<\/div>\n\t\t\t\t\t\t<\/div>\n\t\t\t\t<\/div>\n\t\t\t\t\t<\/div>\n\t\t\t\t<\/div>\n\t\t\t\t<\/div>\n\t\t<\/h2>\n<\/div>\n<\/div>\n<\/div>\n<\/div>\n<p><script src=\"chrome-extension:\/\/fpelahbljekknahkcaegamhcndkfpfnc\/iFrame.js\" type=\"text\/javascript\"><\/script><\/p>\n<p><script src=\"chrome-extension:\/\/fpelahbljekknahkcaegamhcndkfpfnc\/iFrame.js\" type=\"text\/javascript\"><\/script><\/p>","protected":false},"excerpt":{"rendered":"<div class=\"flex max-w-full flex-col flex-grow\">\n<div class=\"min-h-8 text-message relative flex w-full flex-col items-end gap-2 whitespace-normal break-words text-start [.text-message+&amp;]:mt-5\" dir=\"auto\" data-message-author-role=\"assistant\" data-message-id=\"f4fe9aa2-0e54-4132-b09d-9366387e634f\" data-message-model-slug=\"gpt-4o\">\n<div class=\"flex w-full flex-col gap-1 empty:hidden first:pt-[3px]\">\n<div class=\"markdown prose w-full break-words dark:prose-invert light\">\n<p class=\"\" data-start=\"408\" data-end=\"601\">The <strong data-start=\"412\" data-end=\"453\">Zooy Magic 9000 Puffs Vape jednorazowego u\u017cytku<\/strong> dostawcy <strong data-start=\"463\" data-end=\"483\">do 9000 zaci\u0105gni\u0119\u0107<\/strong>dost\u0119pny w <strong data-start=\"498\" data-end=\"525\">0%, 2% i 5% nikotyna<\/strong> poziomy, z \u017cywymi smakami, takimi jak <strong data-start=\"560\" data-end=\"578\">Arbuzowy l\u00f3d<\/strong> oraz <strong data-start=\"583\" data-end=\"600\">Jagody mieszane<\/strong>.<\/p>\n<\/div>\n<\/div>\n<\/div>\n<\/div>\n<div class=\"mb-2 flex gap-3 -ml-2\">\n<div class=\"flex items-center justify-start rounded-xl p-1\">\n<div><\/div>\n<\/div>\n<\/div>","protected":false},"featured_media":33662,"comment_status":"open","ping_status":"closed","template":"","meta":[],"product_brand":[198],"product_cat":[199],"product_tag":[],"class_list":{"0":"post-31832","1":"product","2":"type-product","3":"status-publish","4":"has-post-thumbnail","6":"product_brand-zooy-disposable-vape","7":"product_cat-zooy-disposable-vape","9":"first","10":"outofstock","11":"shipping-taxable","12":"purchasable","13":"product-type-variable"},"_links":{"self":[{"href":"https:\/\/euvapz.com\/pl\/wp-json\/wp\/v2\/product\/31832","targetHints":{"allow":["GET"]}}],"collection":[{"href":"https:\/\/euvapz.com\/pl\/wp-json\/wp\/v2\/product"}],"about":[{"href":"https:\/\/euvapz.com\/pl\/wp-json\/wp\/v2\/types\/product"}],"replies":[{"embeddable":true,"href":"https:\/\/euvapz.com\/pl\/wp-json\/wp\/v2\/comments?post=31832"}],"version-history":[{"count":6,"href":"https:\/\/euvapz.com\/pl\/wp-json\/wp\/v2\/product\/31832\/revisions"}],"predecessor-version":[{"id":33670,"href":"https:\/\/euvapz.com\/pl\/wp-json\/wp\/v2\/product\/31832\/revisions\/33670"}],"wp:featuredmedia":[{"embeddable":true,"href":"https:\/\/euvapz.com\/pl\/wp-json\/wp\/v2\/media\/33662"}],"wp:attachment":[{"href":"https:\/\/euvapz.com\/pl\/wp-json\/wp\/v2\/media?parent=31832"}],"wp:term":[{"taxonomy":"product_brand","embeddable":true,"href":"https:\/\/euvapz.com\/pl\/wp-json\/wp\/v2\/product_brand?post=31832"},{"taxonomy":"product_cat","embeddable":true,"href":"https:\/\/euvapz.com\/pl\/wp-json\/wp\/v2\/product_cat?post=31832"},{"taxonomy":"product_tag","embeddable":true,"href":"https:\/\/euvapz.com\/pl\/wp-json\/wp\/v2\/product_tag?post=31832"}],"curies":[{"name":"wp","href":"https:\/\/api.w.org\/{rel}","templated":true}]}}