{"id":36033,"date":"2025-05-27T02:37:46","date_gmt":"2025-05-27T02:37:46","guid":{"rendered":"https:\/\/euvapz.com\/?post_type=product&#038;p=36033"},"modified":"2025-05-27T02:37:47","modified_gmt":"2025-05-27T02:37:47","slug":"crystal-mary-groove-50000-puffs-smart-potezny-niezrownany","status":"publish","type":"product","link":"https:\/\/euvapz.com\/pl\/produkt\/crystal-mary-groove-50000-puffs-smart-potezny-niezrownany\/","title":{"rendered":"CRYSTAL MARY Groove 50000 PUFFS Inteligentny, pot\u0119\u017cny, niezr\u00f3wnany"},"content":{"rendered":"<h2 data-start=\"130\" data-end=\"150\"><strong data-start=\"134\" data-end=\"150\">CRYSTAL MARY Groove 50000 PUFFS Wprowadzenie<\/strong><\/h2>\n<p data-start=\"152\" data-end=\"578\">Wkrocz w przysz\u0142o\u015b\u0107 jednorazowej waporyzacji z urz\u0105dzeniem <strong data-start=\"203\" data-end=\"238\">CRYSTAL MARY Groove 50000 PUFFS Vape jednorazowego u\u017cytku\u00a0<\/strong>to inteligentny waporyzator o du\u017cej pojemno\u015bci, zaprojektowany z my\u015bl\u0105 o smaku, wydajno\u015bci i kontroli. Zaprojektowane z my\u015bl\u0105 o funkcjach premium i niezr\u00f3wnanej trwa\u0142o\u015bci, urz\u0105dzenie to jest prawdziwym prze\u0142omem zar\u00f3wno dla do\u015bwiadczonych vaper\u00f3w, jak i nowicjuszy. Niezale\u017cnie od tego, czy gonisz za chmurami, czy czystym smakiem, Groove 50K zapewnia p\u0142ynne, konfigurowalne wra\u017cenia przy ka\u017cdym zaci\u0105gni\u0119ciu.<\/p>\n<p data-start=\"580\" data-end=\"882\">To nie jest kolejny jednorazowy produkt - to <strong data-start=\"624\" data-end=\"665\">Rewolucja w wygodzie i kontroli<\/strong>Wentylator ten ma eleganck\u0105, kompaktow\u0105 konstrukcj\u0119 i jest wyposa\u017cony w najnowocze\u015bniejsz\u0105 technologi\u0119. Od inteligentnego ekranu dotykowego po regulowany przep\u0142yw powietrza i podw\u00f3jne cewki siatkowe, <strong data-start=\"817\" data-end=\"844\">CRYSTAL MARY Groove 50K Vape jednorazowego u\u017cytku\u00a0<\/strong> jest zbudowany tak, aby imponowa\u0107, puff za puffem.<\/p>\n<hr data-start=\"884\" data-end=\"887\" \/>\n<h2 data-start=\"889\" data-end=\"905\"><strong data-start=\"893\" data-end=\"905\">CRYSTAL MARY Groove 50000 PUFFS Cechy<\/strong><\/h2>\n<ul data-start=\"907\" data-end=\"2144\">\n<li data-start=\"907\" data-end=\"1152\">\n<p data-start=\"909\" data-end=\"1152\"><strong data-start=\"909\" data-end=\"946\">Ogromna liczba zaci\u0105gni\u0119\u0107 - 50 000 zaci\u0105gni\u0119\u0107<\/strong><br data-start=\"946\" data-end=\"949\" \/>The <strong data-start=\"955\" data-end=\"990\">CRYSTAL MARY Groove 50000 PUFFS Vape jednorazowego u\u017cytku\u00a0<\/strong> dostarcza do <strong data-start=\"1006\" data-end=\"1019\">50K puff\u00f3w<\/strong>oferuj\u0105c jedn\u0105 z najwy\u017cszych ilo\u015bci zaci\u0105gni\u0119\u0107 na rynku. D\u0142ugotrwa\u0142y i idealny dla intensywnych u\u017cytkownik\u00f3w lub tych, kt\u00f3rzy ceni\u0105 sobie wygod\u0119.<\/p>\n<\/li>\n<li data-start=\"1154\" data-end=\"1425\">\n<p data-start=\"1156\" data-end=\"1425\"><strong data-start=\"1156\" data-end=\"1200\">Inteligentny ekran dotykowy z kontrol\u0105 NIC i ICE<\/strong><br data-start=\"1200\" data-end=\"1203\" \/>Przejmij kontrol\u0119 nad swoim vape dzi\u0119ki wbudowanemu <strong data-start=\"1247\" data-end=\"1268\">inteligentny ekran dotykowy<\/strong> kt\u00f3ry umo\u017cliwia regulacj\u0119 w czasie rzeczywistym <strong data-start=\"1305\" data-end=\"1317\">nikotyna<\/strong> oraz <strong data-start=\"1322\" data-end=\"1336\">poziomy lodu<\/strong>. Dostosuj ka\u017cdego puffa do swoich preferencji - niezale\u017cnie od tego, czy lubisz odwa\u017cne, ch\u0142odne, czy \u0142agodne.<\/p>\n<\/li>\n<li data-start=\"1427\" data-end=\"1641\">\n<p data-start=\"1429\" data-end=\"1641\"><strong data-start=\"1429\" data-end=\"1461\">Cewka z podw\u00f3jn\u0105 siatk\u0105 - 0,6\u03a9 + 1,5\u03a9<\/strong><br data-start=\"1461\" data-end=\"1464\" \/>The <strong data-start=\"1470\" data-end=\"1495\">System cewek z podw\u00f3jn\u0105 siatk\u0105<\/strong> zapewnia r\u00f3wnomierne ogrzewanie, lepszy smak i g\u0142adsze chmury. Niezale\u017cnie od tego, czy jeste\u015b mi\u0142o\u015bnikiem smaku, czy entuzjast\u0105 chmur, ta konfiguracja cewki zapewnia wszystko.<\/p>\n<\/li>\n<li data-start=\"1643\" data-end=\"1788\">\n<p data-start=\"1645\" data-end=\"1788\"><strong data-start=\"1645\" data-end=\"1674\">Regulowany system przep\u0142ywu powietrza<\/strong><br data-start=\"1674\" data-end=\"1677\" \/>Dostosuj op\u00f3r zaci\u0105gania, aby uzyska\u0107 mocniejsze doznania z ust do p\u0142uc lub lu\u017aniejsze, bardziej przewiewne uderzenie bezpo\u015brednio do p\u0142uc.<\/p>\n<\/li>\n<li data-start=\"1790\" data-end=\"1983\">\n<p data-start=\"1792\" data-end=\"1983\"><strong data-start=\"1792\" data-end=\"1834\">Mo\u017cliwo\u015b\u0107 \u0142adowania za pomoc\u0105 szybkiego \u0142adowania typu C<\/strong><br data-start=\"1834\" data-end=\"1837\" \/>Wyposa\u017cony w <strong data-start=\"1855\" data-end=\"1866\">1000mAh<\/strong> akumulator i <strong data-start=\"1892\" data-end=\"1902\">Typ-C<\/strong> Port szybkiego \u0142adowania zapewnia nieprzerwan\u0105 wydajno\u015b\u0107 i kr\u00f3tki czas \u0142adowania.<\/p>\n<\/li>\n<li data-start=\"1985\" data-end=\"2144\">\n<p data-start=\"1987\" data-end=\"2144\"><strong data-start=\"1987\" data-end=\"2023\">Kompaktowa i przyjazna w podr\u00f3\u017cy konstrukcja<\/strong><br data-start=\"2023\" data-end=\"2026\" \/>Tylko <strong data-start=\"2036\" data-end=\"2062\">51,1 x 21,5 x 106,96 mm<\/strong> i wa\u017cenie <strong data-start=\"2076\" data-end=\"2084\">130g<\/strong>Jest ultraprzeno\u015bny bez po\u015bwi\u0119cania mocy lub funkcji.<\/p>\n<\/li>\n<\/ul>\n<hr data-start=\"2146\" data-end=\"2149\" \/>\n<h2 data-start=\"2151\" data-end=\"2176\"><strong data-start=\"2155\" data-end=\"2176\">CRYSTAL MARY Groove 50000 PUFFS Dost\u0119pne smaki<\/strong><\/h2>\n<p data-start=\"2178\" data-end=\"2347\">Poznaj dynamiczn\u0105 gam\u0119 smak\u00f3w stworzonych, aby zaspokoi\u0107 ka\u017cde podniebienie. Niezale\u017cnie od tego, czy preferujesz owocowe, mi\u0119towe, kwa\u015bne czy inspirowane cukierkami profile, mamy smak na ka\u017cdy nastr\u00f3j.<\/p>\n<ol data-start=\"2349\" data-end=\"3060\">\n<li data-start=\"2349\" data-end=\"2429\">\n<p data-start=\"2352\" data-end=\"2429\"><strong data-start=\"2352\" data-end=\"2369\">Blue Razz Ice<\/strong> - Podmuch soczystych niebieskich malin z ch\u0142odz\u0105cym finiszem.<\/p>\n<\/li>\n<li data-start=\"2430\" data-end=\"2489\">\n<p data-start=\"2433\" data-end=\"2489\"><strong data-start=\"2433\" data-end=\"2447\">Miami Mint<\/strong> - Ch\u0142odny, rze\u015bki i orze\u017awiaj\u0105co g\u0142adki.<\/p>\n<\/li>\n<li data-start=\"2490\" data-end=\"2550\">\n<p data-start=\"2493\" data-end=\"2550\"><strong data-start=\"2493\" data-end=\"2511\">Arbuzowy l\u00f3d<\/strong> - Letnia s\u0142odycz z ch\u0142odn\u0105 nut\u0105.<\/p>\n<\/li>\n<li data-start=\"2551\" data-end=\"2625\">\n<p data-start=\"2554\" data-end=\"2625\"><strong data-start=\"2554\" data-end=\"2574\">Strawberry B-Pop<\/strong> - P\u0119kaj\u0105cy smak jag\u00f3d z odrobin\u0105 s\u0142odyczy.<\/p>\n<\/li>\n<li data-start=\"2626\" data-end=\"2690\">\n<p data-start=\"2629\" data-end=\"2690\"><strong data-start=\"2629\" data-end=\"2647\">L\u00f3d z kwa\u015bnego jab\u0142ka<\/strong> - Cierpkie zielone jab\u0142ko \u0142\u0105czy si\u0119 z lodowatymi nutami.<\/p>\n<\/li>\n<li data-start=\"2691\" data-end=\"2755\">\n<p data-start=\"2694\" data-end=\"2755\"><strong data-start=\"2694\" data-end=\"2718\">Kwa\u015bny ananas z mango<\/strong> - Tropikalny twist z kwa\u015bn\u0105 nut\u0105.<\/p>\n<\/li>\n<li data-start=\"2756\" data-end=\"2811\">\n<p data-start=\"2759\" data-end=\"2811\"><strong data-start=\"2759\" data-end=\"2774\">Lemon Heads<\/strong> - Cytrusowy aromat, kt\u00f3ry ma moc.<\/p>\n<\/li>\n<li data-start=\"2812\" data-end=\"2887\">\n<p data-start=\"2815\" data-end=\"2887\"><strong data-start=\"2815\" data-end=\"2838\">Banana Taffy Freeze<\/strong> - Kremowy banan z nostalgicznym cukierkowym wyko\u0144czeniem.<\/p>\n<\/li>\n<li data-start=\"2888\" data-end=\"2983\">\n<p data-start=\"2891\" data-end=\"2983\"><strong data-start=\"2891\" data-end=\"2901\">Sour F<\/strong>*ing Fab** - Odwa\u017cny, pikantny i bezkompromisowo kwa\u015bny (dla mi\u0142o\u015bnik\u00f3w ekstremalnych smak\u00f3w).<\/p>\n<\/li>\n<li data-start=\"2984\" data-end=\"3060\">\n<p data-start=\"2988\" data-end=\"3060\"><strong data-start=\"2988\" data-end=\"3017\">Od\u015bwie\u017cacz Truskawka Kiwi<\/strong> - Owocowe po\u0142\u0105czenie klasycznych letnich wibracji.<\/p>\n<\/li>\n<\/ol>\n<hr data-start=\"3062\" data-end=\"3065\" \/>\n<h2 data-start=\"3067\" data-end=\"3100\"><strong data-start=\"3071\" data-end=\"3100\">FAQ - Zwroty i wymiana<\/strong><\/h2>\n<p data-start=\"3102\" data-end=\"3443\"><strong data-start=\"3102\" data-end=\"3185\">P: Jakie s\u0105 zasady zwrotu i wymiany produkt\u00f3w CRYSTAL MARY Groove 50000 PUFFS?<\/strong><br data-start=\"3185\" data-end=\"3188\" \/>D\u0105\u017cymy do zadowolenia klient\u00f3w i stoimy za jako\u015bci\u0105 naszych produkt\u00f3w. <strong data-start=\"3266\" data-end=\"3293\">CRYSTAL MARY Groove 50K<\/strong>. Je\u015bli produkt zostanie dostarczony wadliwy, uszkodzony lub znacz\u0105co niezgodny z opisem, u\u017cytkownik mo\u017ce za\u017c\u0105da\u0107 zwrotu pieni\u0119dzy. <strong data-start=\"3392\" data-end=\"3428\">zwrot lub wymiana w ci\u0105gu 7 dni<\/strong> dostawy.<\/p>\n<ul data-start=\"3444\" data-end=\"3731\">\n<li data-start=\"3444\" data-end=\"3503\">\n<p data-start=\"3446\" data-end=\"3503\">Przedmioty musz\u0105 by\u0107 <strong data-start=\"3460\" data-end=\"3470\">nieu\u017cywany<\/strong> oraz w <strong data-start=\"3478\" data-end=\"3500\">oryginalne opakowanie<\/strong>.<\/p>\n<\/li>\n<li data-start=\"3504\" data-end=\"3634\">\n<p data-start=\"3506\" data-end=\"3634\">Aby zainicjowa\u0107 zwrot lub wymian\u0119, prosimy o <strong data-start=\"3547\" data-end=\"3584\">Skontaktuj si\u0119 z naszym zespo\u0142em obs\u0142ugi klienta<\/strong> wraz z numerem zam\u00f3wienia i zdj\u0119ciami problemu.<\/p>\n<\/li>\n<li data-start=\"3635\" data-end=\"3731\">\n<p data-start=\"3637\" data-end=\"3731\">Po zatwierdzeniu zorganizujemy <strong data-start=\"3670\" data-end=\"3700\">wymiana lub pe\u0142ny zwrot pieni\u0119dzy<\/strong>w zale\u017cno\u015bci od preferencji.<\/p>\n<\/li>\n<\/ul>\n<p data-start=\"3733\" data-end=\"3822\"><em data-start=\"3733\" data-end=\"3822\">Uwaga: ze wzgl\u0119d\u00f3w higienicznych i bezpiecze\u0144stwa nie przyjmujemy zwrot\u00f3w u\u017cywanych produkt\u00f3w.<\/em><\/p>","protected":false},"excerpt":{"rendered":"<p>Do\u015bwiadczenie do 50 000 zaci\u0105gni\u0119\u0107 dzi\u0119ki <strong>CRYSTAL MARY Groove 50000 PUFFS<\/strong> <strong>Vape jednorazowego u\u017cytku<\/strong> - wyposa\u017cony w podw\u00f3jne cewki siatkowe, regulowany przep\u0142yw powietrza i inteligentny ekran dotykowy do pe\u0142nej kontroli nikotyny i lodu.<\/p>","protected":false},"featured_media":36140,"comment_status":"open","ping_status":"closed","template":"","meta":[],"product_brand":[],"product_cat":[207],"product_tag":[],"class_list":{"0":"post-36033","1":"product","2":"type-product","3":"status-publish","4":"has-post-thumbnail","6":"product_cat-crystal-disposable-vape","8":"first","9":"instock","10":"shipping-taxable","11":"purchasable","12":"product-type-variable"},"_links":{"self":[{"href":"https:\/\/euvapz.com\/pl\/wp-json\/wp\/v2\/product\/36033","targetHints":{"allow":["GET"]}}],"collection":[{"href":"https:\/\/euvapz.com\/pl\/wp-json\/wp\/v2\/product"}],"about":[{"href":"https:\/\/euvapz.com\/pl\/wp-json\/wp\/v2\/types\/product"}],"replies":[{"embeddable":true,"href":"https:\/\/euvapz.com\/pl\/wp-json\/wp\/v2\/comments?post=36033"}],"version-history":[{"count":2,"href":"https:\/\/euvapz.com\/pl\/wp-json\/wp\/v2\/product\/36033\/revisions"}],"predecessor-version":[{"id":36144,"href":"https:\/\/euvapz.com\/pl\/wp-json\/wp\/v2\/product\/36033\/revisions\/36144"}],"wp:featuredmedia":[{"embeddable":true,"href":"https:\/\/euvapz.com\/pl\/wp-json\/wp\/v2\/media\/36140"}],"wp:attachment":[{"href":"https:\/\/euvapz.com\/pl\/wp-json\/wp\/v2\/media?parent=36033"}],"wp:term":[{"taxonomy":"product_brand","embeddable":true,"href":"https:\/\/euvapz.com\/pl\/wp-json\/wp\/v2\/product_brand?post=36033"},{"taxonomy":"product_cat","embeddable":true,"href":"https:\/\/euvapz.com\/pl\/wp-json\/wp\/v2\/product_cat?post=36033"},{"taxonomy":"product_tag","embeddable":true,"href":"https:\/\/euvapz.com\/pl\/wp-json\/wp\/v2\/product_tag?post=36033"}],"curies":[{"name":"wp","href":"https:\/\/api.w.org\/{rel}","templated":true}]}}