{"id":27907,"date":"2025-03-12T08:35:03","date_gmt":"2025-03-12T08:35:03","guid":{"rendered":"https:\/\/euvapz.com\/?post_type=product&#038;p=27907"},"modified":"2025-03-27T14:30:00","modified_gmt":"2025-03-27T14:30:00","slug":"vape-descartavel-iqte-45000-puffs-perfeito-para-usar-em-viagem-com-um-design-elegante-e-portatil","status":"publish","type":"product","link":"https:\/\/euvapz.com\/pt\/produto\/vape-descartavel-iqte-45000-puffs-perfeito-para-usar-em-viagem-com-um-design-elegante-e-portatil\/","title":{"rendered":"IQTE 45000 Puffs Vape Descart\u00e1vel Perfeito para levar para todo o lado com um design elegante e port\u00e1til!"},"content":{"rendered":"<h2><strong>Introdu\u00e7\u00e3o ao IQTE 45000 Puffs <a href=\"https:\/\/euvapz.com\/pt\">Vape descart\u00e1vel<\/a><\/strong><\/h2>\n<p>O <strong>IQTE 45000 Puffs Vape descart\u00e1vel<\/strong> \u00e9 um produto inovador concebido para proporcionar uma <strong>duradouro<\/strong> e <strong>experi\u00eancia de vaporiza\u00e7\u00e3o satisfat\u00f3ria<\/strong>. Com <strong>45000 puffs<\/strong>, a <strong>28 ml de capacidade de l\u00edquido pr\u00e9-carregado<\/strong>e <strong>5% sal de nicotina<\/strong> este vape descart\u00e1vel oferece uma quantidade incr\u00edvel de utiliza\u00e7\u00e3o antes de precisar de ser substitu\u00eddo. Quer seja um <strong>fumador ocasional<\/strong> ou um <strong>grossista que procura abastecer-se<\/strong>, o <strong>IQTE 45000 Puffs Vape descart\u00e1vel<\/strong> garante que os clientes desfrutem de uma experi\u00eancia suave e saborosa durante um longo per\u00edodo de tempo.<\/p>\n<p>Com um <strong>Bateria de 700mAh<\/strong>, <strong>Porta de carregamento tipo C<\/strong>e <strong>pot\u00eancia de sa\u00edda<\/strong> variando de <strong>12W a 24W<\/strong>Com o seu design moderno, este dispositivo foi concebido para proporcionar um desempenho \u00f3timo, mantendo a facilidade de utiliza\u00e7\u00e3o. Neste artigo, vamos explorar as carater\u00edsticas do <strong>IQTE 45000 Puffs Vape descart\u00e1vel<\/strong>, os seus incr\u00edveis perfis de sabor e porque \u00e9 que \u00e9 o complemento perfeito para o seu <strong>caneta vape descart\u00e1vel por atacado<\/strong> invent\u00e1rio.<\/p>\n<hr \/>\n<div style=\"width: 1280px;\" class=\"wp-video\"><video class=\"wp-video-shortcode\" id=\"video-27907-1\" width=\"1280\" height=\"720\" preload=\"metadata\" controls=\"controls\"><source type=\"video\/mp4\" src=\"https:\/\/euvapz.com\/wp-content\/uploads\/2025\/03\/IQTE-45000-Puffs-Disposable-Vape-Perfect-for-On-the-Go-with-a-Sleek-and-Portable-Design-1.mp4?_=1\" \/><a href=\"https:\/\/euvapz.com\/wp-content\/uploads\/2025\/03\/IQTE-45000-Puffs-Disposable-Vape-Perfect-for-On-the-Go-with-a-Sleek-and-Portable-Design-1.mp4\">https:\/\/euvapz.com\/wp-content\/uploads\/2025\/03\/IQTE-45000-Puffs-Disposable-Vape-Perfect-for-On-the-Go-with-a-Sleek-and-Portable-Design-1.mp4<\/a><\/video><\/div>\n<h2><\/h2>\n<h2><strong>Carater\u00edsticas do <a href=\"https:\/\/euvapz.com\/pt\/categoria-produto\/iqte-disposable-vape\/\">IQTE<\/a> 45000 Puffs Vape descart\u00e1vel<\/strong><\/h2>\n<p>O <strong>IQTE 45000 Puffs Vape descart\u00e1vel<\/strong> oferece uma gama de <strong>funcionalidades avan\u00e7adas<\/strong> concebido para melhorar a experi\u00eancia do utilizador. Segue-se uma descri\u00e7\u00e3o pormenorizada das carater\u00edsticas do produto <strong>principais especifica\u00e7\u00f5es<\/strong> e carater\u00edsticas:<\/p>\n<table>\n<thead>\n<tr>\n<th><strong>Carater\u00edstica<\/strong><\/th>\n<th><strong>Descri\u00e7\u00e3o<\/strong><\/th>\n<\/tr>\n<\/thead>\n<tbody>\n<tr>\n<td><strong>Puffs<\/strong><\/td>\n<td>45000<\/td>\n<\/tr>\n<tr>\n<td><strong>L\u00edquido pr\u00e9-carregado<\/strong><\/td>\n<td>28ml<\/td>\n<\/tr>\n<tr>\n<td><strong>Sal de nicotina<\/strong><\/td>\n<td>0%, 2%, 3%, 5%<\/td>\n<\/tr>\n<tr>\n<td><strong>Bateria<\/strong><\/td>\n<td>700mAh<\/td>\n<\/tr>\n<tr>\n<td><strong>Porta de carregamento<\/strong><\/td>\n<td>Tipo C<\/td>\n<\/tr>\n<tr>\n<td><strong>Pot\u00eancia de sa\u00edda<\/strong><\/td>\n<td>12-24W<\/td>\n<\/tr>\n<tr>\n<td><strong>Tecnologia de bobinas<\/strong><\/td>\n<td>Bobina de malha dupla<\/td>\n<\/tr>\n<tr>\n<td><strong>Sabores dispon\u00edveis<\/strong><\/td>\n<td>10 Sabores Premium<\/td>\n<\/tr>\n<tr>\n<td><strong>Conce\u00e7\u00e3o<\/strong><\/td>\n<td>Elegante, compacto e port\u00e1til<\/td>\n<\/tr>\n<\/tbody>\n<\/table>\n<p>O <strong>45000 puffs<\/strong> e <strong>28 ml de l\u00edquido pr\u00e9-carregado<\/strong> significam menos substitui\u00e7\u00f5es e mais tempo de vaporiza\u00e7\u00e3o, tornando-o uma escolha econ\u00f3mica para os vapers regulares. O <strong>Bateria de 700mAh<\/strong> oferece uma pot\u00eancia fi\u00e1vel, enquanto o <strong>Porta de carregamento tipo C<\/strong> permite <strong>carregamento r\u00e1pido<\/strong>garantindo um tempo de inatividade m\u00ednimo. O <strong>Bobina de malha dupla<\/strong> ajuda a produzir um vapor rico e saboroso em cada tragada, garantindo uma \u00f3ptima experi\u00eancia de vaporiza\u00e7\u00e3o.<\/p>\n<hr \/>\n<h2><img fetchpriority=\"high\" decoding=\"async\" class=\"alignnone size-full wp-image-27934\" src=\"https:\/\/euvapz.com\/wp-content\/uploads\/2025\/03\/IQTE-45000-Puffs-Disposable-Vape-Perfect-for-On-the-Go-with-a-Sleek-and-Portable-Design-12.webp\" alt=\"IQTE 45000 Puffs Vape Descart\u00e1vel Perfeito para levar para todo o lado com um design elegante e port\u00e1til!\" width=\"1500\" height=\"1500\" srcset=\"https:\/\/euvapz.com\/wp-content\/uploads\/2025\/03\/IQTE-45000-Puffs-Disposable-Vape-Perfect-for-On-the-Go-with-a-Sleek-and-Portable-Design-12.webp 1500w, https:\/\/euvapz.com\/wp-content\/uploads\/2025\/03\/IQTE-45000-Puffs-Disposable-Vape-Perfect-for-On-the-Go-with-a-Sleek-and-Portable-Design-12-300x300.webp 300w, https:\/\/euvapz.com\/wp-content\/uploads\/2025\/03\/IQTE-45000-Puffs-Disposable-Vape-Perfect-for-On-the-Go-with-a-Sleek-and-Portable-Design-12-800x800.webp 800w, https:\/\/euvapz.com\/wp-content\/uploads\/2025\/03\/IQTE-45000-Puffs-Disposable-Vape-Perfect-for-On-the-Go-with-a-Sleek-and-Portable-Design-12-150x150.webp 150w, https:\/\/euvapz.com\/wp-content\/uploads\/2025\/03\/IQTE-45000-Puffs-Disposable-Vape-Perfect-for-On-the-Go-with-a-Sleek-and-Portable-Design-12-768x768.webp 768w, https:\/\/euvapz.com\/wp-content\/uploads\/2025\/03\/IQTE-45000-Puffs-Disposable-Vape-Perfect-for-On-the-Go-with-a-Sleek-and-Portable-Design-12-12x12.webp 12w, https:\/\/euvapz.com\/wp-content\/uploads\/2025\/03\/IQTE-45000-Puffs-Disposable-Vape-Perfect-for-On-the-Go-with-a-Sleek-and-Portable-Design-12-430x430.webp 430w, https:\/\/euvapz.com\/wp-content\/uploads\/2025\/03\/IQTE-45000-Puffs-Disposable-Vape-Perfect-for-On-the-Go-with-a-Sleek-and-Portable-Design-12-700x700.webp 700w\" sizes=\"(max-width: 1500px) 100vw, 1500px\" \/><\/h2>\n<h2><strong>Op\u00e7\u00f5es de sabores Premium da <a href=\"https:\/\/euvapz.com\/pt\/categoria-produto\/iqte-disposable-vape\/\">IQTE 45000 Puffs<\/a> Vape descart\u00e1vel<\/strong><\/h2>\n<p>Uma das maiores atrac\u00e7\u00f5es do <strong>IQTE 45000 Puffs Vape descart\u00e1vel<\/strong> \u00e9 a sua vasta gama de <strong>sabores premium<\/strong>. Cada sabor foi criado para proporcionar um <strong>encantador<\/strong> e <strong>experi\u00eancia satisfat\u00f3ria<\/strong>com algo para que todos os vapers possam desfrutar. Vamos dar uma vista de olhos aos 10 sabores premium dispon\u00edveis:<\/p>\n<h3><strong>1. Manga com morango<\/strong><\/h3>\n<p>Uma fus\u00e3o tropical de <strong>morangos doces<\/strong> e <strong>mangas maduras<\/strong>, criando um <strong>suculenta<\/strong> e <strong>refrescante<\/strong> que ir\u00e1 satisfazer qualquer amante de frutas.<\/p>\n<h3><strong>2. Gelo de p\u00eassego sumarento<\/strong><\/h3>\n<p>Um equil\u00edbrio perfeito de <strong>p\u00eassegos sumarentos e maduros<\/strong> combinado com um <strong>um toque de mentol gelado<\/strong>, proporcionando uma experi\u00eancia refrescante e refrescante com cada baforada.<\/p>\n<h3><strong>3. Amor 66<\/strong><\/h3>\n<p>Uma mistura ex\u00f3tica de <strong>frutos tropicais<\/strong> Com um final doce e picante, este sabor oferece uma experi\u00eancia de vaporiza\u00e7\u00e3o excitante e vibrante que \u00e9 perfeita para quem procura algo novo.<\/p>\n<h3><strong>4. Ma\u00e7\u00e3 dupla<\/strong><\/h3>\n<p>A <strong>mistura perfeitamente equilibrada de ma\u00e7\u00e3s vermelhas e verdes<\/strong>, combinando o <strong>do\u00e7ura de ma\u00e7\u00e3s vermelhas maduras<\/strong> com o <strong>acidez das ma\u00e7\u00e3s verdes<\/strong>criando um vapor refrescante e fresco.<\/p>\n<h3><strong>5. Blue Razz Cherry<\/strong><\/h3>\n<p>Uma combina\u00e7\u00e3o arrojada de <strong>framboesas azuis<\/strong> e <strong>cerejas<\/strong>, criando um <strong>doce e picante<\/strong> mistura que ir\u00e1 excitar as suas papilas gustativas a cada inala\u00e7\u00e3o.<\/p>\n<h3><strong>6. Amora preta Framboesa vermelha<\/strong><\/h3>\n<p>A <strong>explos\u00e3o de bagas<\/strong>, combinando o <strong>sabor rico e \u00e1cido das amoras<\/strong> com o <strong>do\u00e7ura das framboesas vermelhas<\/strong> para uma experi\u00eancia frutada perfeitamente equilibrada.<\/p>\n<h3><strong>7. Gelo de melancia<\/strong><\/h3>\n<p>Um cl\u00e1ssico, <strong>melancia fresca e refrescante<\/strong> combinado com um sabor <strong>acabamento mentolado<\/strong>. \u00c9 doce, hidratante e o vape perfeito para o ver\u00e3o.<\/p>\n<h3><strong>8. Cola de cereja<\/strong><\/h3>\n<p>Uma nostalgia, <strong>cola de cereja doce<\/strong> sabor que combina a ousadia da cola com um <strong>tor\u00e7\u00e3o de cereja picante<\/strong>, proporcionando um vape efervescente e divertido.<\/p>\n<h3><strong>9. Gomas<\/strong><\/h3>\n<p>Um produto cheio de sabor, <strong>vape inspirado em doces<\/strong> que re\u00fane uma mistura de <strong>aromas de frutos<\/strong> tal como o cl\u00e1ssico rebu\u00e7ado Skittles. \u00c9 vibrante, doce e cheio de sabor.<\/p>\n<h3><strong>10. Melancia com framboesa<\/strong><\/h3>\n<p>Uma combina\u00e7\u00e3o deliciosa de <strong>framboesas \u00e1cidas<\/strong> e <strong>melancia doce<\/strong>oferecendo uma experi\u00eancia de vaporiza\u00e7\u00e3o refrescante e suave que \u00e9 perfeita para o ver\u00e3o.<\/p>\n<hr \/>\n<h2><img decoding=\"async\" class=\"alignnone size-full wp-image-27933\" src=\"https:\/\/euvapz.com\/wp-content\/uploads\/2025\/03\/IQTE-45000-Puffs-Disposable-Vape-Perfect-for-On-the-Go-with-a-Sleek-and-Portable-Design-1.webp\" alt=\"IQTE 45000 Puffs Vape Descart\u00e1vel Perfeito para levar para todo o lado com um design elegante e port\u00e1til!\" width=\"1500\" height=\"1500\" srcset=\"https:\/\/euvapz.com\/wp-content\/uploads\/2025\/03\/IQTE-45000-Puffs-Disposable-Vape-Perfect-for-On-the-Go-with-a-Sleek-and-Portable-Design-1.webp 1500w, https:\/\/euvapz.com\/wp-content\/uploads\/2025\/03\/IQTE-45000-Puffs-Disposable-Vape-Perfect-for-On-the-Go-with-a-Sleek-and-Portable-Design-1-300x300.webp 300w, https:\/\/euvapz.com\/wp-content\/uploads\/2025\/03\/IQTE-45000-Puffs-Disposable-Vape-Perfect-for-On-the-Go-with-a-Sleek-and-Portable-Design-1-800x800.webp 800w, https:\/\/euvapz.com\/wp-content\/uploads\/2025\/03\/IQTE-45000-Puffs-Disposable-Vape-Perfect-for-On-the-Go-with-a-Sleek-and-Portable-Design-1-150x150.webp 150w, https:\/\/euvapz.com\/wp-content\/uploads\/2025\/03\/IQTE-45000-Puffs-Disposable-Vape-Perfect-for-On-the-Go-with-a-Sleek-and-Portable-Design-1-768x768.webp 768w, https:\/\/euvapz.com\/wp-content\/uploads\/2025\/03\/IQTE-45000-Puffs-Disposable-Vape-Perfect-for-On-the-Go-with-a-Sleek-and-Portable-Design-1-12x12.webp 12w, https:\/\/euvapz.com\/wp-content\/uploads\/2025\/03\/IQTE-45000-Puffs-Disposable-Vape-Perfect-for-On-the-Go-with-a-Sleek-and-Portable-Design-1-430x430.webp 430w, https:\/\/euvapz.com\/wp-content\/uploads\/2025\/03\/IQTE-45000-Puffs-Disposable-Vape-Perfect-for-On-the-Go-with-a-Sleek-and-Portable-Design-1-700x700.webp 700w\" sizes=\"(max-width: 1500px) 100vw, 1500px\" \/><\/h2>\n<h2><strong><a href=\"https:\/\/euvapz.com\/pt\/categoria-produto\/iqte-disposable-vape\/\">Porqu\u00ea escolher o IQTE<\/a> 45000 Puffs Vape descart\u00e1vel?<\/strong><\/h2>\n<p>O <strong>IQTE 45000 Puffs Vape descart\u00e1vel<\/strong> oferece uma gama de <strong>carater\u00edsticas<\/strong> que o tornam imprescind\u00edvel tanto para <strong>utilizadores individuais<\/strong> e <strong>compradores grossistas<\/strong>. Seguem-se algumas das principais raz\u00f5es pelas quais este produto se destaca:<\/p>\n<h3><strong>1. Vapores de longa dura\u00e7\u00e3o<\/strong><\/h3>\n<p>Com <strong>45000 puffs<\/strong> e um <strong>28 ml de capacidade de l\u00edquido pr\u00e9-carregado<\/strong>Este dispositivo oferece uma <strong>experi\u00eancia de vaporiza\u00e7\u00e3o de longa dura\u00e7\u00e3o<\/strong>reduzindo a necessidade de substitui\u00e7\u00f5es frequentes.<\/p>\n<h3><strong>2. Pr\u00e1tico e port\u00e1til<\/strong><\/h3>\n<p>O <strong>design elegante e compacto<\/strong> torna-o f\u00e1cil de transportar e utilizar em viagem, oferecendo uma <strong>solu\u00e7\u00e3o vaporizadora c\u00f3moda<\/strong> para utilizadores com um estilo de vida ativo.<\/p>\n<h3><strong>3. Op\u00e7\u00f5es vers\u00e1teis de nicotina<\/strong><\/h3>\n<p>Com <strong>0%, 2%, 3% e 5% sal de nicotina<\/strong> op\u00e7\u00f5es, o <strong>IQTE 45000 Puffs Vape descart\u00e1vel<\/strong> atende a uma grande variedade de prefer\u00eancias, desde os sem nicotina at\u00e9 aos com elevado teor de nicotina.<\/p>\n<h3><strong>4. Carregamento r\u00e1pido e bateria de longa dura\u00e7\u00e3o<\/strong><\/h3>\n<p>O <strong>Bateria de 700mAh<\/strong> fornece uma grande pot\u00eancia, e o <strong>Carregamento r\u00e1pido tipo C<\/strong> permite aos utilizadores recarregar o dispositivo rapidamente, reduzindo o tempo de inatividade.<\/p>\n<h3><strong>5. Bobina de malha dupla para um sabor \u00f3timo<\/strong><\/h3>\n<p>O <strong>Bobina de malha dupla<\/strong> garante uma produ\u00e7\u00e3o de vapor consistente e um sabor melhorado, proporcionando um <strong>vape suave e agrad\u00e1vel<\/strong> sempre.<\/p>\n<hr \/>\n<h2><strong>Oportunidades de venda por grosso para a <a href=\"https:\/\/euvapz.com\/pt\/categoria-produto\/iqte-disposable-vape\/\">IQTE<\/a> 45000 Puffs Vape descart\u00e1vel<\/strong><\/h2>\n<p>Para os grossistas, o <strong>IQTE 45000 Puffs Vape descart\u00e1vel<\/strong> \u00e9 um excelente produto para oferecer aos seus clientes. Seguem-se algumas raz\u00f5es pelas quais \u00e9 perfeito para <strong>compra a granel<\/strong>:<\/p>\n<h3><strong>1. Elevada procura e margens de lucro<\/strong><\/h3>\n<p>Com <strong>puffs de longa dura\u00e7\u00e3o<\/strong>, <strong>sabores premium<\/strong>e <strong>carater\u00edsticas inovadoras<\/strong>, o <strong>IQTE 45000 Puffs<\/strong> \u00e9 um <strong>produto com elevada procura<\/strong> que proporciona excelentes margens de lucro aos grossistas.<\/p>\n<h3><strong>2. Pre\u00e7os grossistas competitivos<\/strong><\/h3>\n<p>Desfrutar <strong>pre\u00e7os competitivos<\/strong> e <strong>descontos por volume<\/strong>permitindo-lhe fornecer produtos de alta qualidade aos seus clientes, mantendo ao mesmo tempo pre\u00e7os atractivos.<\/p>\n<h3><strong>3. Entrega r\u00e1pida<\/strong><\/h3>\n<p>Oferecemos <strong>entrega r\u00e1pida<\/strong> com <strong>prazos de expedi\u00e7\u00e3o entre 8-15 dias<\/strong>A sua empresa est\u00e1 a trabalhar com o seu pessoal, garantindo que recebe o seu stock rapidamente para satisfazer a procura dos clientes.<\/p>\n<hr \/>\n<h2><strong>Encomendar agora para entrega r\u00e1pida<\/strong><\/h2>\n<p>N\u00e3o perca a oportunidade de oferecer o <strong><a href=\"https:\/\/euvapz.com\/pt\/categoria-produto\/iqte-disposable-vape\/\">IQTE 45000 Puffs<\/a> Vape descart\u00e1vel<\/strong> aos seus clientes. Com <strong>pre\u00e7os competitivos<\/strong>, <strong>entrega r\u00e1pida<\/strong>e <strong>carater\u00edsticas premium<\/strong>Este \u00e9 o vape descart\u00e1vel ideal para armazenar.<\/p>\n<h3><strong>Porqu\u00ea comprar connosco?<\/strong><\/h3>\n<ul>\n<li><strong>Servi\u00e7o de apoio ao cliente 24 horas por dia<\/strong> para o ajudar com quaisquer quest\u00f5es ou problemas.<\/li>\n<li><strong>Entrega r\u00e1pida<\/strong> dentro de <strong>8-15 dias<\/strong> em toda a Europa.<\/li>\n<li><strong>Pre\u00e7os competitivos<\/strong> com <strong>descontos por volume<\/strong> dispon\u00edvel.<\/li>\n<\/ul>\n<hr \/>\n<h2><strong>Conclus\u00e3o: Melhore a sua experi\u00eancia de vaporiza\u00e7\u00e3o com IQTE 45000 Puffs <a href=\"https:\/\/euvapz.com\/pt\">Vape descart\u00e1vel<\/a><\/strong><\/h2>\n<p>O <strong>IQTE 45000 Puffs Vape descart\u00e1vel<\/strong> oferece um <strong>duradouro<\/strong>, <strong>experi\u00eancia de vaporiza\u00e7\u00e3o premium<\/strong> com <strong>carater\u00edsticas inovadoras<\/strong> e <strong>sabores deliciosos<\/strong>. Quer seja um utilizador individual ou um grossista que procura expandir a sua gama de produtos, este vape descart\u00e1vel \u00e9 a escolha perfeita.<\/p>\n<p><script src=\"chrome-extension:\/\/fpelahbljekknahkcaegamhcndkfpfnc\/iFrame.js\" type=\"text\/javascript\"><\/script><\/p>","protected":false},"excerpt":{"rendered":"<p>O <strong data-start=\"528\" data-end=\"564\">IQTE 45000 Puffs Vape descart\u00e1vel<\/strong> carater\u00edsticas <strong data-start=\"574\" data-end=\"592\">Bateria de 700mAh<\/strong>, <strong data-start=\"594\" data-end=\"611\">L\u00edquido eletr\u00f3nico de 28 ml<\/strong>e <strong data-start=\"617\" data-end=\"632\">45000 puffs<\/strong>, com sabores como <strong data-start=\"652\" data-end=\"669\">Bagas mistas<\/strong>, <strong data-start=\"671\" data-end=\"685\">Lima-lim\u00e3o<\/strong>e <strong data-start=\"691\" data-end=\"703\">Skittles<\/strong>, proporcionando um vapor suave e um prazer prolongado em <strong data-start=\"755\" data-end=\"785\">0%, 2%, 3% ou 5% de nicotina<\/strong> op\u00e7\u00f5es.<\/p>","protected":false},"featured_media":34052,"comment_status":"open","ping_status":"closed","template":"","meta":[],"product_brand":[89],"product_cat":[90],"product_tag":[],"class_list":{"0":"post-27907","1":"product","2":"type-product","3":"status-publish","4":"has-post-thumbnail","6":"product_brand-iqte-disposable-vape","7":"product_cat-iqte-disposable-vape","9":"first","10":"instock","11":"shipping-taxable","12":"purchasable","13":"product-type-variable"},"_links":{"self":[{"href":"https:\/\/euvapz.com\/pt\/wp-json\/wp\/v2\/product\/27907","targetHints":{"allow":["GET"]}}],"collection":[{"href":"https:\/\/euvapz.com\/pt\/wp-json\/wp\/v2\/product"}],"about":[{"href":"https:\/\/euvapz.com\/pt\/wp-json\/wp\/v2\/types\/product"}],"replies":[{"embeddable":true,"href":"https:\/\/euvapz.com\/pt\/wp-json\/wp\/v2\/comments?post=27907"}],"version-history":[{"count":3,"href":"https:\/\/euvapz.com\/pt\/wp-json\/wp\/v2\/product\/27907\/revisions"}],"predecessor-version":[{"id":34056,"href":"https:\/\/euvapz.com\/pt\/wp-json\/wp\/v2\/product\/27907\/revisions\/34056"}],"wp:featuredmedia":[{"embeddable":true,"href":"https:\/\/euvapz.com\/pt\/wp-json\/wp\/v2\/media\/34052"}],"wp:attachment":[{"href":"https:\/\/euvapz.com\/pt\/wp-json\/wp\/v2\/media?parent=27907"}],"wp:term":[{"taxonomy":"product_brand","embeddable":true,"href":"https:\/\/euvapz.com\/pt\/wp-json\/wp\/v2\/product_brand?post=27907"},{"taxonomy":"product_cat","embeddable":true,"href":"https:\/\/euvapz.com\/pt\/wp-json\/wp\/v2\/product_cat?post=27907"},{"taxonomy":"product_tag","embeddable":true,"href":"https:\/\/euvapz.com\/pt\/wp-json\/wp\/v2\/product_tag?post=27907"}],"curies":[{"name":"wp","href":"https:\/\/api.w.org\/{rel}","templated":true}]}}