{"id":29628,"date":"2025-03-22T01:26:17","date_gmt":"2025-03-22T01:26:17","guid":{"rendered":"https:\/\/euvapz.com\/?post_type=product&#038;p=29628"},"modified":"2025-03-24T08:53:49","modified_gmt":"2025-03-24T08:53:49","slug":"bang-blaze-40000-puffs-12flavors-bk40s-disposable-vape-ultimate-performance-with-mesh-coil","status":"publish","type":"product","link":"https:\/\/euvapz.com\/pt\/produto\/bang-blaze-40000-puffs-12flavors-bk40s-disposable-vape-ultimate-performance-with-mesh-coil\/","title":{"rendered":"BANG BLAZE 40000 Puffs 12FLAVORS BK40S Vape Descart\u00e1vel Desempenho M\u00e1ximo com Bobina de Malha"},"content":{"rendered":"<div class=\"flex max-w-full flex-col flex-grow\">\n<div class=\"min-h-8 text-message relative flex w-full flex-col items-end gap-2 whitespace-normal break-words text-start [.text-message+&amp;]:mt-5\" dir=\"auto\" data-message-author-role=\"assistant\" data-message-id=\"e2a5ddfd-2006-482b-a406-5b05b4327afd\" data-message-model-slug=\"gpt-4o\">\n<div class=\"flex w-full flex-col gap-1 empty:hidden first:pt-[3px]\">\n<div class=\"markdown prose w-full break-words dark:prose-invert light\">\n<p data-start=\"175\" data-end=\"569\"><img fetchpriority=\"high\" decoding=\"async\" class=\"alignnone size-full wp-image-29630\" src=\"https:\/\/euvapz.com\/wp-content\/uploads\/2025\/03\/BANG-BLAZE-40000-Puffs-12FLAVORS-BK40S-Disposable-Vape-Ultimate-Performance-with-Mesh-Coil-2-scaled.webp\" alt=\"BANG BLAZE 40000 Puffs 12FLAVORS BK40S Vape Descart\u00e1vel Desempenho M\u00e1ximo com Bobina de Malha\" width=\"828\" height=\"2560\" srcset=\"https:\/\/euvapz.com\/wp-content\/uploads\/2025\/03\/BANG-BLAZE-40000-Puffs-12FLAVORS-BK40S-Disposable-Vape-Ultimate-Performance-with-Mesh-Coil-2-scaled.webp 828w, https:\/\/euvapz.com\/wp-content\/uploads\/2025\/03\/BANG-BLAZE-40000-Puffs-12FLAVORS-BK40S-Disposable-Vape-Ultimate-Performance-with-Mesh-Coil-2-97x300.webp 97w, https:\/\/euvapz.com\/wp-content\/uploads\/2025\/03\/BANG-BLAZE-40000-Puffs-12FLAVORS-BK40S-Disposable-Vape-Ultimate-Performance-with-Mesh-Coil-2-259x800.webp 259w, https:\/\/euvapz.com\/wp-content\/uploads\/2025\/03\/BANG-BLAZE-40000-Puffs-12FLAVORS-BK40S-Disposable-Vape-Ultimate-Performance-with-Mesh-Coil-2-497x1536.webp 497w, https:\/\/euvapz.com\/wp-content\/uploads\/2025\/03\/BANG-BLAZE-40000-Puffs-12FLAVORS-BK40S-Disposable-Vape-Ultimate-Performance-with-Mesh-Coil-2-662x2048.webp 662w, https:\/\/euvapz.com\/wp-content\/uploads\/2025\/03\/BANG-BLAZE-40000-Puffs-12FLAVORS-BK40S-Disposable-Vape-Ultimate-Performance-with-Mesh-Coil-2-4x12.webp 4w, https:\/\/euvapz.com\/wp-content\/uploads\/2025\/03\/BANG-BLAZE-40000-Puffs-12FLAVORS-BK40S-Disposable-Vape-Ultimate-Performance-with-Mesh-Coil-2-430x1330.webp 430w, https:\/\/euvapz.com\/wp-content\/uploads\/2025\/03\/BANG-BLAZE-40000-Puffs-12FLAVORS-BK40S-Disposable-Vape-Ultimate-Performance-with-Mesh-Coil-2-700x2165.webp 700w, https:\/\/euvapz.com\/wp-content\/uploads\/2025\/03\/BANG-BLAZE-40000-Puffs-12FLAVORS-BK40S-Disposable-Vape-Ultimate-Performance-with-Mesh-Coil-2-150x464.webp 150w\" sizes=\"(max-width: 828px) 100vw, 828px\" \/><\/p>\n<p class=\"\" data-start=\"175\" data-end=\"569\">O <strong data-start=\"179\" data-end=\"237\">BANG BLAZE 40000 Puffs 12FLAVORS BK40S Disposable Vape<\/strong> is designed for vapers who demand a <strong data-start=\"274\" data-end=\"290\">duradouro<\/strong>, <strong data-start=\"292\" data-end=\"312\">de alto desempenho<\/strong> device. With up to <strong data-start=\"332\" data-end=\"348\">40,000 puffs<\/strong>, this vape ensures <strong data-start=\"368\" data-end=\"393\">extended satisfaction<\/strong> without compromising on quality or flavor. Whether you&#8217;re new to vaping or an experienced enthusiast, this device provides a smooth, enjoyable experience from start to finish.<\/p>\n<p class=\"\" data-start=\"571\" data-end=\"997\">Equipado com um <strong data-start=\"587\" data-end=\"618\">Bateria recarreg\u00e1vel de 650mAh<\/strong>, o <strong data-start=\"624\" data-end=\"644\">BANG BLAZE BK40S<\/strong> fornece <strong data-start=\"654\" data-end=\"668\">consistent<\/strong> e <strong data-start=\"673\" data-end=\"692\">efficient power<\/strong>, ensuring your vaping sessions are always smooth and uninterrupted. The <strong data-start=\"765\" data-end=\"789\">Type-C fast charging<\/strong> feature allows for <strong data-start=\"809\" data-end=\"828\">quick recharges<\/strong>, so you\u2019re always ready to vape. With a <strong data-start=\"869\" data-end=\"889\">1.2ohm mesh coil<\/strong>, the device ensures enhanced vapor production and rich flavor, delivering a satisfying hit with every puff.<\/p>\n<p class=\"\" data-start=\"999\" data-end=\"1317\">Pr\u00e9-preenchido com <strong data-start=\"1015\" data-end=\"1043\">40mL of premium e-liquid<\/strong>, o <strong data-start=\"1049\" data-end=\"1069\">BANG BLAZE BK40S<\/strong> offers a variety of nicotine strengths\u2014<strong data-start=\"1109\" data-end=\"1131\">0%, 2%, 3%, and 5%<\/strong>\u2014to suit every vaper&#8217;s preference. The device also features an <strong data-start=\"1194\" data-end=\"1216\">caudal de ar regul\u00e1vel<\/strong> system, allowing you to customize your vaping experience, whether you prefer a tight or open inhale.<\/p>\n<p class=\"\" data-start=\"1319\" data-end=\"1667\">With 12 exciting flavors, such as <strong data-start=\"1353\" data-end=\"1389\">Watermelon\/Strawberry Watermelon<\/strong>, <strong data-start=\"1391\" data-end=\"1428\">Blueberry Ice\/Blueberry Raspberry<\/strong>e <strong data-start=\"1434\" data-end=\"1464\">Mango Ice\/Strawberry Mango<\/strong>, o <strong data-start=\"1470\" data-end=\"1496\">BANG BLAZE 40000 Puffs<\/strong> guarantees a <strong data-start=\"1510\" data-end=\"1523\">flavorful<\/strong>, <strong data-start=\"1525\" data-end=\"1539\">refrescante<\/strong> vaping experience. Whether you&#8217;re in the mood for fruity, icy, or tropical flavors, this vape offers something for every taste.<\/p>\n<p class=\"\" data-start=\"1669\" data-end=\"1861\">Experience <strong data-start=\"1680\" data-end=\"1701\">next-level vaping<\/strong> com o <strong data-start=\"1711\" data-end=\"1769\">BANG BLAZE 40000 Puffs 12FLAVORS BK40S Disposable Vape<\/strong>\u2014a device that delivers <strong data-start=\"1793\" data-end=\"1802\">pot\u00eancia<\/strong>, <strong data-start=\"1804\" data-end=\"1819\">desempenho<\/strong>e <strong data-start=\"1825\" data-end=\"1845\">unmatched flavor<\/strong> in one package.<\/p>\n<h2 data-start=\"1863\" data-end=\"1923\"><strong data-start=\"1863\" data-end=\"1905\">BANG BLAZE 40000 Puffs 12FLAVORS BK40S<\/strong><br data-start=\"1905\" data-end=\"1908\" \/><strong data-start=\"1908\" data-end=\"1921\">Carater\u00edsticas:<\/strong><\/h2>\n<ul data-start=\"1924\" data-end=\"2116\">\n<li class=\"\" data-start=\"1924\" data-end=\"1951\">\n<p class=\"\" data-start=\"1926\" data-end=\"1951\"><strong data-start=\"1926\" data-end=\"1935\">Puffs<\/strong>: Up to 40,000<\/p>\n<\/li>\n<li class=\"\" data-start=\"1952\" data-end=\"1974\">\n<p class=\"\" data-start=\"1954\" data-end=\"1974\"><strong data-start=\"1954\" data-end=\"1966\">E-l\u00edquido<\/strong>: 40mL<\/p>\n<\/li>\n<li class=\"\" data-start=\"1975\" data-end=\"2007\">\n<p class=\"\" data-start=\"1977\" data-end=\"2007\"><strong data-start=\"1977\" data-end=\"1989\">Nicotina<\/strong>: 0%, 2%, 3%, 5%<\/p>\n<\/li>\n<li class=\"\" data-start=\"2008\" data-end=\"2031\">\n<p class=\"\" data-start=\"2010\" data-end=\"2031\"><strong data-start=\"2010\" data-end=\"2021\">Bateria<\/strong>: 650mAh<\/p>\n<\/li>\n<li class=\"\" data-start=\"2032\" data-end=\"2060\">\n<p class=\"\" data-start=\"2034\" data-end=\"2060\"><strong data-start=\"2034\" data-end=\"2050\">Recarreg\u00e1vel<\/strong>: Tipo C<\/p>\n<\/li>\n<li class=\"\" data-start=\"2061\" data-end=\"2091\">\n<p class=\"\" data-start=\"2063\" data-end=\"2091\"><strong data-start=\"2063\" data-end=\"2071\">N\u00facleo<\/strong>: 1.2ohm Mesh Coil<\/p>\n<\/li>\n<li class=\"\" data-start=\"2092\" data-end=\"2116\">\n<p class=\"\" data-start=\"2094\" data-end=\"2116\"><strong data-start=\"2094\" data-end=\"2114\">Suporta OEM\/ODM<\/strong><\/p>\n<\/li>\n<\/ul>\n<h2 data-start=\"2118\" data-end=\"2181\"><strong data-start=\"2118\" data-end=\"2160\">BANG BLAZE 40000 Puffs 12FLAVORS BK40S<\/strong><br data-start=\"2160\" data-end=\"2163\" \/><strong data-start=\"2163\" data-end=\"2179\">Lista de sabores:<\/strong><\/h2>\n<ul data-start=\"2182\" data-end=\"2552\">\n<li class=\"\" data-start=\"2182\" data-end=\"2218\">\n<p class=\"\" data-start=\"2184\" data-end=\"2218\">Watermelon\/Strawberry Watermelon<\/p>\n<\/li>\n<li class=\"\" data-start=\"2219\" data-end=\"2256\">\n<p class=\"\" data-start=\"2221\" data-end=\"2256\">Blueberry Ice\/Blueberry Raspberry<\/p>\n<\/li>\n<li class=\"\" data-start=\"2257\" data-end=\"2287\">\n<p class=\"\" data-start=\"2259\" data-end=\"2287\">Mango Ice\/Strawberry Mango<\/p>\n<\/li>\n<li class=\"\" data-start=\"2288\" data-end=\"2323\">\n<p class=\"\" data-start=\"2290\" data-end=\"2323\">Watermelon\/Watermelon Bubblegum<\/p>\n<\/li>\n<li class=\"\" data-start=\"2324\" data-end=\"2359\">\n<p class=\"\" data-start=\"2326\" data-end=\"2359\">Pineapple Ice\/Pineapple Coconut<\/p>\n<\/li>\n<li class=\"\" data-start=\"2360\" data-end=\"2388\">\n<p class=\"\" data-start=\"2362\" data-end=\"2388\">Mixed Fruit\/Triple Berry<\/p>\n<\/li>\n<li class=\"\" data-start=\"2389\" data-end=\"2414\">\n<p class=\"\" data-start=\"2391\" data-end=\"2414\">Peach Ice\/Mango Peach<\/p>\n<\/li>\n<li class=\"\" data-start=\"2415\" data-end=\"2437\">\n<p class=\"\" data-start=\"2417\" data-end=\"2437\">Cherry\/Cherry Coke<\/p>\n<\/li>\n<li class=\"\" data-start=\"2438\" data-end=\"2463\">\n<p class=\"\" data-start=\"2440\" data-end=\"2463\">Grape\/Blueberry Grape<\/p>\n<\/li>\n<li class=\"\" data-start=\"2464\" data-end=\"2487\">\n<p class=\"\" data-start=\"2466\" data-end=\"2487\">Mint\/Blueberry Mint<\/p>\n<\/li>\n<li class=\"\" data-start=\"2488\" data-end=\"2517\">\n<p class=\"\" data-start=\"2490\" data-end=\"2517\">Black Dragon Ice\/Red Bull<\/p>\n<\/li>\n<li class=\"\" data-start=\"2518\" data-end=\"2552\">\n<p class=\"\" data-start=\"2520\" data-end=\"2552\">Strawberry Ice\/Strawberry Kiwi<\/p>\n<\/li>\n<\/ul>\n<p class=\"\" data-start=\"2554\" data-end=\"2810\">O <strong data-start=\"2558\" data-end=\"2600\">BANG BLAZE 40000 Puffs 12FLAVORS BK40S<\/strong> provides an <strong data-start=\"2613\" data-end=\"2646\">exceptional vaping experience<\/strong> with long-lasting performance, an extensive flavor selection, and customizable nicotine strengths. Perfect for vapers seeking both <strong data-start=\"2778\" data-end=\"2789\">quality<\/strong> e <strong data-start=\"2794\" data-end=\"2809\">versatility<\/strong>.<\/p>\n<h2 data-start=\"2554\" data-end=\"2810\">\t\t\t<link rel=\"stylesheet\" id=\"elementor-post-32801-css\" href=\"https:\/\/euvapz.com\/wp-content\/uploads\/elementor\/css\/post-32801.css?ver=1775243812\" type=\"text\/css\" media=\"all\">\n\t\t\t\t\t<div data-elementor-type=\"wp-post\" data-elementor-id=\"32801\" class=\"elementor elementor-32801\" data-elementor-post-type=\"cms_block\">\n\t\t\t\t<div class=\"wd-negative-gap elementor-element elementor-element-311ef4d e-flex e-con-boxed e-con e-parent\" data-id=\"311ef4d\" data-element_type=\"container\">\n\t\t\t\t\t<div class=\"e-con-inner\">\n\t\t\t\t<div class=\"elementor-element elementor-element-354d55bb color-scheme-inherit text-left elementor-widget elementor-widget-text-editor\" data-id=\"354d55bb\" data-element_type=\"widget\" data-widget_type=\"text-editor.default\">\n\t\t\t\t<div class=\"elementor-widget-container\">\n\t\t\t\t\t\t\t\t\t&nbsp;\n\n<script src=\"chrome-extension:\/\/fpelahbljekknahkcaegamhcndkfpfnc\/iFrame.js\" type=\"text\/javascript\"><\/script>\t\t\t\t\t\t\t\t<\/div>\n\t\t\t\t<\/div>\n\t\t\t\t\t<\/div>\n\t\t\t\t<\/div>\n\t\t<div class=\"wd-negative-gap elementor-element elementor-element-2f4b93b0 e-flex e-con-boxed e-con e-parent\" data-id=\"2f4b93b0\" data-element_type=\"container\">\n\t\t\t\t\t<div class=\"e-con-inner\">\n\t\t\t\t\t<\/div>\n\t\t\t\t<\/div>\n\t\t<div class=\"wd-negative-gap elementor-element elementor-element-200eec29 e-flex e-con-boxed e-con e-parent\" data-id=\"200eec29\" data-element_type=\"container\">\n\t\t\t\t\t<div class=\"e-con-inner\">\n\t\t\t\t<div class=\"elementor-element elementor-element-19faf1ba color-scheme-inherit text-left elementor-widget elementor-widget-text-editor\" data-id=\"19faf1ba\" data-element_type=\"widget\" data-widget_type=\"text-editor.default\">\n\t\t\t\t<div class=\"elementor-widget-container\">\n\t\t\t\t\t\t\t\t\t<h2><em><strong>FAQS<\/strong><\/em><\/h2><ul><li><h2><em><strong>Que m\u00e9todos de envio utiliza?<\/strong><\/em><\/h2><\/li><li><h2><em><strong><span style=\"color: #333333; font-size: 16px;\">Temos parcerias com transportadoras fi\u00e1veis, como a UPS, a DHL, a FedEx e a DPD. Dependendo do pa\u00eds de destino, seleccionaremos o melhor m\u00e9todo de envio para garantir uma entrega r\u00e1pida e segura dos seus produtos.<\/span><\/strong><\/em><\/h2><\/li><\/ul><ul><li><h2><em><strong>Quanto tempo demora a minha encomenda a chegar?<\/strong><\/em><\/h2><\/li><\/ul><p data-start=\"340\" data-end=\"490\"><em><strong>\u00a0 \u00a0 \u00a0 Normalmente, a entrega demora entre 7 e 15 dias \u00fateis. No entanto, durante os feriados de pico ou condi\u00e7\u00f5es climat\u00e9ricas adversas, pode demorar at\u00e9 20 dias \u00fateis.<\/strong><\/em><\/p><ul><li data-start=\"492\" data-end=\"539\"><h2><em><strong>A minha encomenda ser\u00e1 desalfandegada sem problemas?<\/strong><\/em><\/h2><\/li><li data-start=\"492\" data-end=\"539\"><h2><em><strong><span style=\"color: #333333; font-size: 16px;\">Tratamos de todo o desalfandegamento por si, assegurando uma entrega sem problemas, sem quaisquer impostos ou taxas adicionais. Garantimos que 100% dos nossos envios ser\u00e3o desalfandegados sem problemas.<\/span><\/strong><\/em><\/h2><\/li><\/ul><ul><li data-start=\"718\" data-end=\"747\"><h2><em><strong>Posso confiar no vosso servi\u00e7o?<\/strong><\/em><\/h2><\/li><li data-start=\"718\" data-end=\"747\"><h2><em><strong><span style=\"color: #333333; font-size: 16px;\">Sem d\u00favida! Aceitamos PayPal para pagamentos seguros, e a sua compra est\u00e1 protegida pela prote\u00e7\u00e3o do comprador do PayPal. Tamb\u00e9m pode consultar as nossas avalia\u00e7\u00f5es TrustPilot para ver o que os outros clientes dizem sobre n\u00f3s.<\/span><\/strong><\/em><\/h2><\/li><\/ul>\t\t\t\t\t\t\t\t<\/div>\n\t\t\t\t<\/div>\n\t\t\t\t\t<\/div>\n\t\t\t\t<\/div>\n\t\t<div class=\"wd-negative-gap elementor-element elementor-element-d4517fd e-flex e-con-boxed e-con e-parent\" data-id=\"d4517fd\" data-element_type=\"container\">\n\t\t\t\t\t<div class=\"e-con-inner\">\n\t\t\t\t<div class=\"elementor-element elementor-element-11cb93e5 elementor-widget elementor-widget-wd_button\" data-id=\"11cb93e5\" data-element_type=\"widget\" data-widget_type=\"wd_button.default\">\n\t\t\t\t<div class=\"elementor-widget-container\">\n\t\t\t\t\t\t\t<div class=\"wd-button-wrapper text-left\" >\n\t\t\t<a class=\"btn btn-style-link btn-style- btn-size-extra-large btn-scheme-inherit btn-scheme-hover-custom btn-icon-pos-right\"  href=\"https:\/\/euvapz.com\/pt\/faqs\/\">\n\t\t\t\t<span class=\"wd-btn-text\" data-elementor-setting-key=\"text\">\n\t\t\t\t\tClique aqui para obter mais FAQs.\t\t\t\t<\/span>\n\n\t\t\t\t\t\t\t<\/a>\n\t\t<\/div>\n\t\t\t\t\t\t<\/div>\n\t\t\t\t<\/div>\n\t\t\t\t\t<\/div>\n\t\t\t\t<\/div>\n\t\t\t\t<\/div>\n\t\t<\/h2>\n<\/div>\n<\/div>\n<\/div>\n<\/div>","protected":false},"excerpt":{"rendered":"<div class=\"flex max-w-full flex-col flex-grow\">\n<div class=\"min-h-8 text-message relative flex w-full flex-col items-end gap-2 whitespace-normal break-words text-start [.text-message+&amp;]:mt-5\" dir=\"auto\" data-message-author-role=\"assistant\" data-message-id=\"16aaaf1e-526e-4ec9-9545-384f8083d6a8\" data-message-model-slug=\"gpt-4o\">\n<div class=\"flex w-full flex-col gap-1 empty:hidden first:pt-[3px]\">\n<div class=\"markdown prose w-full break-words dark:prose-invert light\">\n<p class=\"\" data-start=\"486\" data-end=\"747\">O <strong data-start=\"490\" data-end=\"516\">BANG BLAZE 40000 Puffs<\/strong> provides a premium vaping experience with <strong data-start=\"559\" data-end=\"581\">caudal de ar regul\u00e1vel<\/strong>, <strong data-start=\"583\" data-end=\"608\">quick Type-C charging<\/strong>, and bold flavors like <strong data-start=\"632\" data-end=\"661\">Black Dragon Ice\/Red Bull<\/strong> e <strong data-start=\"666\" data-end=\"700\">Strawberry Ice\/Strawberry Kiwi<\/strong>, available in <strong data-start=\"715\" data-end=\"746\">0%, 2%, 3% e 5% de nicotina<\/strong>.<\/p>\n<\/div>\n<\/div>\n<\/div>\n<\/div>\n<div class=\"mb-2 flex gap-3 -ml-2\">\n<div class=\"flex items-center justify-start rounded-xl p-1\">\n<div><\/div>\n<\/div>\n<\/div>","protected":false},"featured_media":29635,"comment_status":"open","ping_status":"closed","template":"","meta":[],"product_brand":[78],"product_cat":[77],"product_tag":[],"class_list":{"0":"post-29628","1":"product","2":"type-product","3":"status-publish","4":"has-post-thumbnail","6":"product_brand-bang-disposable-vape","7":"product_cat-bang-disposable-vape","9":"first","10":"instock","11":"shipping-taxable","12":"purchasable","13":"product-type-variable"},"_links":{"self":[{"href":"https:\/\/euvapz.com\/pt\/wp-json\/wp\/v2\/product\/29628","targetHints":{"allow":["GET"]}}],"collection":[{"href":"https:\/\/euvapz.com\/pt\/wp-json\/wp\/v2\/product"}],"about":[{"href":"https:\/\/euvapz.com\/pt\/wp-json\/wp\/v2\/types\/product"}],"replies":[{"embeddable":true,"href":"https:\/\/euvapz.com\/pt\/wp-json\/wp\/v2\/comments?post=29628"}],"version-history":[{"count":4,"href":"https:\/\/euvapz.com\/pt\/wp-json\/wp\/v2\/product\/29628\/revisions"}],"predecessor-version":[{"id":32865,"href":"https:\/\/euvapz.com\/pt\/wp-json\/wp\/v2\/product\/29628\/revisions\/32865"}],"wp:featuredmedia":[{"embeddable":true,"href":"https:\/\/euvapz.com\/pt\/wp-json\/wp\/v2\/media\/29635"}],"wp:attachment":[{"href":"https:\/\/euvapz.com\/pt\/wp-json\/wp\/v2\/media?parent=29628"}],"wp:term":[{"taxonomy":"product_brand","embeddable":true,"href":"https:\/\/euvapz.com\/pt\/wp-json\/wp\/v2\/product_brand?post=29628"},{"taxonomy":"product_cat","embeddable":true,"href":"https:\/\/euvapz.com\/pt\/wp-json\/wp\/v2\/product_cat?post=29628"},{"taxonomy":"product_tag","embeddable":true,"href":"https:\/\/euvapz.com\/pt\/wp-json\/wp\/v2\/product_tag?post=29628"}],"curies":[{"name":"wp","href":"https:\/\/api.w.org\/{rel}","templated":true}]}}