{"id":31914,"date":"2025-03-22T09:20:37","date_gmt":"2025-03-22T09:20:37","guid":{"rendered":"https:\/\/euvapz.com\/?post_type=product&#038;p=31914"},"modified":"2025-10-13T09:08:52","modified_gmt":"2025-10-13T09:08:52","slug":"zooy-power-28000-puffs-disposable-vape-650mah-battery-mesh-coil-adjustable-power-touch-screen-control","status":"publish","type":"product","link":"https:\/\/euvapz.com\/pt\/produto\/zooy-power-28000-puffs-disposable-vape-650mah-battery-mesh-coil-adjustable-power-touch-screen-control\/","title":{"rendered":"ZOOY POWER 28000 Puffs Disposable Vape 650mAh Battery Mesh Coil Adjustable Power Touch Screen Control"},"content":{"rendered":"<p class=\"\" data-start=\"177\" data-end=\"442\">O <strong data-start=\"181\" data-end=\"223\">ZOOY POWER 28000 Puffs Disposable Vape<\/strong> is the ultimate choice for vapers who want a powerful, durable, and innovative device. With <strong data-start=\"316\" data-end=\"338\">up to 28,000 puffs<\/strong>, it offers an impressive, long-lasting vaping experience without compromising on performance or flavor.<\/p>\n<p class=\"\" data-start=\"444\" data-end=\"726\">Com um <strong data-start=\"456\" data-end=\"496\">650mAh built-in rechargeable battery<\/strong>, this device ensures consistent power delivery, making sure your vape sessions are smooth from start to finish. Plus, the <strong data-start=\"619\" data-end=\"643\">Type-C fast charging<\/strong> feature guarantees quick recharges, so you can always be ready for your next vape.<\/p>\n<p class=\"\" data-start=\"728\" data-end=\"1009\">Equipado com um <strong data-start=\"744\" data-end=\"764\">double mesh coil<\/strong>, o <strong data-start=\"770\" data-end=\"784\">ZOOY POWER<\/strong> enhances the flavor profile, providing a richer, more satisfying vape. The smart display screen with touch controls gives you full control over your vaping experience, allowing you to adjust power and switch settings easily.<\/p>\n<p class=\"\" data-start=\"1011\" data-end=\"1283\">The device also offers a <strong data-start=\"1036\" data-end=\"1070\">compact and lightweight design<\/strong> (only <strong data-start=\"1077\" data-end=\"1085\">130g<\/strong>), making it perfect for on-the-go use. Whether you prefer a <strong data-start=\"1146\" data-end=\"1181\">2%, 3%, or 5% nicotine strength<\/strong>, there\u2019s a nicotine option for everyone, providing a tailored vaping experience that fits your needs.<\/p>\n<p class=\"\" data-start=\"1285\" data-end=\"1593\">With a variety of vibrant flavors like <strong data-start=\"1324\" data-end=\"1341\">Mexican Mango<\/strong>, <strong data-start=\"1343\" data-end=\"1362\">Morango Kiwi<\/strong>e <strong data-start=\"1368\" data-end=\"1385\">Passion Fruit<\/strong>, o <strong data-start=\"1391\" data-end=\"1433\">ZOOY POWER 28000 Puffs Disposable Vape<\/strong> ensures every puff is packed with flavor. Whether you&#8217;re looking for fruity, icy, or creamy notes, this device has something to satisfy every taste preference.<\/p>\n<p class=\"\" data-start=\"1595\" data-end=\"1730\"><strong data-start=\"1595\" data-end=\"1637\">ZOOY POWER 28000 Puffs Disposable Vape<\/strong> \u2013 Experience the next level of vaping with power, flavor, and convenience all in one device.<\/p>\n<h2 data-start=\"1732\" data-end=\"1772\"><strong data-start=\"1732\" data-end=\"1758\">ZOOY POWER 28000 Puffs<\/strong> <strong data-start=\"1759\" data-end=\"1771\">Carater\u00edsticas<\/strong>:<\/h2>\n<ul data-start=\"1773\" data-end=\"2086\">\n<li class=\"\" data-start=\"1773\" data-end=\"1797\">\n<p class=\"\" data-start=\"1775\" data-end=\"1797\"><strong data-start=\"1775\" data-end=\"1797\">Up to 28,000 puffs<\/strong><\/p>\n<\/li>\n<li class=\"\" data-start=\"1798\" data-end=\"1827\">\n<p class=\"\" data-start=\"1800\" data-end=\"1827\"><strong data-start=\"1800\" data-end=\"1827\">650mAh built-in battery<\/strong><\/p>\n<\/li>\n<li class=\"\" data-start=\"1828\" data-end=\"1872\">\n<p class=\"\" data-start=\"1830\" data-end=\"1872\"><strong data-start=\"1830\" data-end=\"1846\">Recarreg\u00e1vel<\/strong> with Type-C fast charging<\/p>\n<\/li>\n<li class=\"\" data-start=\"1873\" data-end=\"1915\">\n<p class=\"\" data-start=\"1875\" data-end=\"1915\"><strong data-start=\"1875\" data-end=\"1895\">Double mesh coil<\/strong> for enhanced flavor<\/p>\n<\/li>\n<li class=\"\" data-start=\"1916\" data-end=\"1969\">\n<p class=\"\" data-start=\"1918\" data-end=\"1969\"><strong data-start=\"1918\" data-end=\"1942\">Smart display screen<\/strong> with touch screen controls<\/p>\n<\/li>\n<li class=\"\" data-start=\"1970\" data-end=\"2009\">\n<p class=\"\" data-start=\"1972\" data-end=\"2009\"><strong data-start=\"1972\" data-end=\"2009\">Adjustable power &amp; free switching<\/strong><\/p>\n<\/li>\n<li class=\"\" data-start=\"2010\" data-end=\"2044\">\n<p class=\"\" data-start=\"2012\" data-end=\"2044\"><strong data-start=\"2012\" data-end=\"2037\">Compact &amp; lightweight<\/strong> (130g)<\/p>\n<\/li>\n<li class=\"\" data-start=\"2045\" data-end=\"2086\">\n<p class=\"\" data-start=\"2047\" data-end=\"2086\"><strong data-start=\"2047\" data-end=\"2068\">For\u00e7a da nicotina<\/strong>: 20mg, 30mg, 50mg<\/p>\n<\/li>\n<\/ul>\n<h2 data-start=\"2088\" data-end=\"2131\"><strong data-start=\"2088\" data-end=\"2114\">ZOOY POWER 28000 Puffs<\/strong> <strong data-start=\"2115\" data-end=\"2130\">Flavor List<\/strong>:<\/h2>\n<ul data-start=\"2132\" data-end=\"2333\">\n<li class=\"\" data-start=\"2132\" data-end=\"2151\">\n<p class=\"\" data-start=\"2134\" data-end=\"2151\"><strong data-start=\"2134\" data-end=\"2151\">Mexican Mango<\/strong><\/p>\n<\/li>\n<li class=\"\" data-start=\"2152\" data-end=\"2168\">\n<p class=\"\" data-start=\"2154\" data-end=\"2168\"><strong data-start=\"2154\" data-end=\"2168\">Melancia<\/strong><\/p>\n<\/li>\n<li class=\"\" data-start=\"2169\" data-end=\"2191\">\n<p class=\"\" data-start=\"2171\" data-end=\"2191\"><strong data-start=\"2171\" data-end=\"2191\">Strawberry Punch<\/strong><\/p>\n<\/li>\n<li class=\"\" data-start=\"2192\" data-end=\"2217\">\n<p class=\"\" data-start=\"2194\" data-end=\"2217\"><strong data-start=\"2194\" data-end=\"2217\">Mirtilo Framboesa<\/strong><\/p>\n<\/li>\n<li class=\"\" data-start=\"2218\" data-end=\"2239\">\n<p class=\"\" data-start=\"2220\" data-end=\"2239\"><strong data-start=\"2220\" data-end=\"2239\">Morango Kiwi<\/strong><\/p>\n<\/li>\n<li class=\"\" data-start=\"2240\" data-end=\"2255\">\n<p class=\"\" data-start=\"2242\" data-end=\"2255\"><strong data-start=\"2242\" data-end=\"2255\">Blueberry<\/strong><\/p>\n<\/li>\n<li class=\"\" data-start=\"2256\" data-end=\"2271\">\n<p class=\"\" data-start=\"2258\" data-end=\"2271\"><strong data-start=\"2258\" data-end=\"2271\">Gelo de uva<\/strong><\/p>\n<\/li>\n<li class=\"\" data-start=\"2272\" data-end=\"2289\">\n<p class=\"\" data-start=\"2274\" data-end=\"2289\"><strong data-start=\"2274\" data-end=\"2289\">Frutos mistos<\/strong><\/p>\n<\/li>\n<li class=\"\" data-start=\"2290\" data-end=\"2313\">\n<p class=\"\" data-start=\"2292\" data-end=\"2313\"><strong data-start=\"2292\" data-end=\"2313\">Vanilla Ice Cream<\/strong><\/p>\n<\/li>\n<li class=\"\" data-start=\"2314\" data-end=\"2333\">\n<p class=\"\" data-start=\"2316\" data-end=\"2333\"><strong data-start=\"2316\" data-end=\"2333\">Passion Fruit<\/strong><\/p>\n<\/li>\n<\/ul>\n<p class=\"\" data-start=\"2335\" data-end=\"2543\">This device incorporates cutting-edge technology and offers a diverse range of high-quality flavors, perfect for both casual and professional vapers looking for a long-lasting and ultra-satisfying experience.<\/p>\n<h2 data-start=\"2335\" data-end=\"2543\">\t\t\t<link rel=\"stylesheet\" id=\"elementor-post-32801-css\" href=\"https:\/\/euvapz.com\/wp-content\/uploads\/elementor\/css\/post-32801.css?ver=1778762586\" type=\"text\/css\" media=\"all\">\n\t\t\t\t\t<div data-elementor-type=\"wp-post\" data-elementor-id=\"32801\" class=\"elementor elementor-32801\" data-elementor-post-type=\"cms_block\">\n\t\t\t\t<div class=\"wd-negative-gap elementor-element elementor-element-311ef4d e-flex e-con-boxed e-con e-parent\" data-id=\"311ef4d\" data-element_type=\"container\" data-e-type=\"container\">\n\t\t\t\t\t<div class=\"e-con-inner\">\n\t\t\t\t<div class=\"elementor-element elementor-element-354d55bb color-scheme-inherit text-left elementor-widget elementor-widget-text-editor\" data-id=\"354d55bb\" data-element_type=\"widget\" data-e-type=\"widget\" data-widget_type=\"text-editor.default\">\n\t\t\t\t<div class=\"elementor-widget-container\">\n\t\t\t\t\t\t\t\t\t&nbsp;\n\n<script src=\"chrome-extension:\/\/fpelahbljekknahkcaegamhcndkfpfnc\/iFrame.js\" type=\"text\/javascript\"><\/script>\t\t\t\t\t\t\t\t<\/div>\n\t\t\t\t<\/div>\n\t\t\t\t\t<\/div>\n\t\t\t\t<\/div>\n\t\t<div class=\"wd-negative-gap elementor-element elementor-element-2f4b93b0 e-flex e-con-boxed e-con e-parent\" data-id=\"2f4b93b0\" data-element_type=\"container\" data-e-type=\"container\">\n\t\t\t\t\t<div class=\"e-con-inner\">\n\t\t\t\t\t<\/div>\n\t\t\t\t<\/div>\n\t\t<div class=\"wd-negative-gap elementor-element elementor-element-200eec29 e-flex e-con-boxed e-con e-parent\" data-id=\"200eec29\" data-element_type=\"container\" data-e-type=\"container\">\n\t\t\t\t\t<div class=\"e-con-inner\">\n\t\t\t\t<div class=\"elementor-element elementor-element-19faf1ba color-scheme-inherit text-left elementor-widget elementor-widget-text-editor\" data-id=\"19faf1ba\" data-element_type=\"widget\" data-e-type=\"widget\" data-widget_type=\"text-editor.default\">\n\t\t\t\t<div class=\"elementor-widget-container\">\n\t\t\t\t\t\t\t\t\t<h2><em><strong>FAQS<\/strong><\/em><\/h2><ul><li><h2><em><strong>Que m\u00e9todos de envio utiliza?<\/strong><\/em><\/h2><\/li><li><h2><em><strong><span style=\"color: #333333; font-size: 16px;\">Temos parcerias com transportadoras fi\u00e1veis, como a UPS, a DHL, a FedEx e a DPD. Dependendo do pa\u00eds de destino, seleccionaremos o melhor m\u00e9todo de envio para garantir uma entrega r\u00e1pida e segura dos seus produtos.<\/span><\/strong><\/em><\/h2><\/li><\/ul><ul><li><h2><em><strong>Quanto tempo demora a minha encomenda a chegar?<\/strong><\/em><\/h2><\/li><\/ul><p data-start=\"340\" data-end=\"490\"><em><strong>\u00a0 \u00a0 \u00a0 Normalmente, a entrega demora entre 7 e 15 dias \u00fateis. No entanto, durante os feriados de pico ou condi\u00e7\u00f5es climat\u00e9ricas adversas, pode demorar at\u00e9 20 dias \u00fateis.<\/strong><\/em><\/p><ul><li data-start=\"492\" data-end=\"539\"><h2><em><strong>A minha encomenda ser\u00e1 desalfandegada sem problemas?<\/strong><\/em><\/h2><\/li><li data-start=\"492\" data-end=\"539\"><h2><em><strong><span style=\"color: #333333; font-size: 16px;\">Tratamos de todo o desalfandegamento por si, assegurando uma entrega sem problemas, sem quaisquer impostos ou taxas adicionais. Garantimos que 100% dos nossos envios ser\u00e3o desalfandegados sem problemas.<\/span><\/strong><\/em><\/h2><\/li><\/ul><ul><li data-start=\"718\" data-end=\"747\"><h2><em><strong>Posso confiar no vosso servi\u00e7o?<\/strong><\/em><\/h2><\/li><li data-start=\"718\" data-end=\"747\"><h2><em><strong><span style=\"color: #333333; font-size: 16px;\">Sem d\u00favida! Aceitamos PayPal para pagamentos seguros, e a sua compra est\u00e1 protegida pela prote\u00e7\u00e3o do comprador do PayPal. Tamb\u00e9m pode consultar as nossas avalia\u00e7\u00f5es TrustPilot para ver o que os outros clientes dizem sobre n\u00f3s.<\/span><\/strong><\/em><\/h2><\/li><\/ul>\t\t\t\t\t\t\t\t<\/div>\n\t\t\t\t<\/div>\n\t\t\t\t\t<\/div>\n\t\t\t\t<\/div>\n\t\t<div class=\"wd-negative-gap elementor-element elementor-element-d4517fd e-flex e-con-boxed e-con e-parent\" data-id=\"d4517fd\" data-element_type=\"container\" data-e-type=\"container\">\n\t\t\t\t\t<div class=\"e-con-inner\">\n\t\t\t\t<div class=\"elementor-element elementor-element-11cb93e5 elementor-widget elementor-widget-wd_button\" data-id=\"11cb93e5\" data-element_type=\"widget\" data-e-type=\"widget\" data-widget_type=\"wd_button.default\">\n\t\t\t\t<div class=\"elementor-widget-container\">\n\t\t\t\t\t\t\t<div class=\"wd-button-wrapper text-left\" >\n\t\t\t<a class=\"btn btn-style-link btn-style- btn-size-extra-large btn-scheme-inherit btn-scheme-hover-custom btn-icon-pos-right\"  href=\"https:\/\/euvapz.com\/pt\/faqs\/\">\n\t\t\t\t<span class=\"wd-btn-text\" data-elementor-setting-key=\"text\">\n\t\t\t\t\tClique aqui para obter mais FAQs.\t\t\t\t<\/span>\n\n\t\t\t\t\t\t\t<\/a>\n\t\t<\/div>\n\t\t\t\t\t\t<\/div>\n\t\t\t\t<\/div>\n\t\t\t\t\t<\/div>\n\t\t\t\t<\/div>\n\t\t\t\t<\/div>\n\t\t<\/h2>\n<p><script src=\"chrome-extension:\/\/fpelahbljekknahkcaegamhcndkfpfnc\/iFrame.js\" type=\"text\/javascript\"><\/script><\/p>\n<p><script src=\"chrome-extension:\/\/fpelahbljekknahkcaegamhcndkfpfnc\/iFrame.js\" type=\"text\/javascript\"><\/script><\/p>","protected":false},"excerpt":{"rendered":"<p>O <strong data-start=\"7\" data-end=\"49\">ZOOY POWER 28000 Puffs Disposable Vape<\/strong> delivers up to 28,000 puffs, enhanced by <strong data-start=\"91\" data-end=\"111\">double mesh coil<\/strong> technology for rich flavor and <strong data-start=\"143\" data-end=\"163\">adjustable power<\/strong>, available in <strong data-start=\"178\" data-end=\"205\">2%, 3%, and 5% nicotine<\/strong> strengths.<\/p>","protected":false},"featured_media":33664,"comment_status":"open","ping_status":"closed","template":"","meta":[],"product_brand":[198],"product_cat":[199],"product_tag":[],"class_list":{"0":"post-31914","1":"product","2":"type-product","3":"status-publish","4":"has-post-thumbnail","6":"product_brand-zooy-disposable-vape","7":"product_cat-zooy-disposable-vape","9":"first","10":"outofstock","11":"shipping-taxable","12":"purchasable","13":"product-type-variable"},"_links":{"self":[{"href":"https:\/\/euvapz.com\/pt\/wp-json\/wp\/v2\/product\/31914","targetHints":{"allow":["GET"]}}],"collection":[{"href":"https:\/\/euvapz.com\/pt\/wp-json\/wp\/v2\/product"}],"about":[{"href":"https:\/\/euvapz.com\/pt\/wp-json\/wp\/v2\/types\/product"}],"replies":[{"embeddable":true,"href":"https:\/\/euvapz.com\/pt\/wp-json\/wp\/v2\/comments?post=31914"}],"version-history":[{"count":7,"href":"https:\/\/euvapz.com\/pt\/wp-json\/wp\/v2\/product\/31914\/revisions"}],"predecessor-version":[{"id":40033,"href":"https:\/\/euvapz.com\/pt\/wp-json\/wp\/v2\/product\/31914\/revisions\/40033"}],"wp:featuredmedia":[{"embeddable":true,"href":"https:\/\/euvapz.com\/pt\/wp-json\/wp\/v2\/media\/33664"}],"wp:attachment":[{"href":"https:\/\/euvapz.com\/pt\/wp-json\/wp\/v2\/media?parent=31914"}],"wp:term":[{"taxonomy":"product_brand","embeddable":true,"href":"https:\/\/euvapz.com\/pt\/wp-json\/wp\/v2\/product_brand?post=31914"},{"taxonomy":"product_cat","embeddable":true,"href":"https:\/\/euvapz.com\/pt\/wp-json\/wp\/v2\/product_cat?post=31914"},{"taxonomy":"product_tag","embeddable":true,"href":"https:\/\/euvapz.com\/pt\/wp-json\/wp\/v2\/product_tag?post=31914"}],"curies":[{"name":"wp","href":"https:\/\/api.w.org\/{rel}","templated":true}]}}