{"id":36033,"date":"2025-05-27T02:37:46","date_gmt":"2025-05-27T02:37:46","guid":{"rendered":"https:\/\/euvapz.com\/?post_type=product&#038;p=36033"},"modified":"2025-05-27T02:37:47","modified_gmt":"2025-05-27T02:37:47","slug":"crystal-mary-groove-50000-puffs-smart-powerful-unmatched","status":"publish","type":"product","link":"https:\/\/euvapz.com\/pt\/produto\/crystal-mary-groove-50000-puffs-smart-powerful-unmatched\/","title":{"rendered":"CRYSTAL MARY Groove 50000 PUFFS Inteligente Poderoso Inigual\u00e1vel"},"content":{"rendered":"<h2 data-start=\"130\" data-end=\"150\"><strong data-start=\"134\" data-end=\"150\">CRYSTAL MARY Groove 50000 PUFFS Introdu\u00e7\u00e3o<\/strong><\/h2>\n<p data-start=\"152\" data-end=\"578\">Entre no futuro do vaping descart\u00e1vel com o <strong data-start=\"203\" data-end=\"238\">CRYSTAL MARY Groove 50000 PUFFS Vape descart\u00e1vel\u00a0<\/strong>um vape de alta capacidade e fun\u00e7\u00e3o inteligente concebido para proporcionar sabor, desempenho e controlo. Concebido com carater\u00edsticas de primeira qualidade e uma longevidade inigual\u00e1vel, este dispositivo \u00e9 uma verdadeira mudan\u00e7a de paradigma tanto para os vapers experientes como para os rec\u00e9m-chegados. Quer esteja \u00e0 procura de nuvens ou de puro sabor, o Groove 50K proporciona uma experi\u00eancia suave e personaliz\u00e1vel em cada tragada.<\/p>\n<p data-start=\"580\" data-end=\"882\">Este n\u00e3o \u00e9 apenas mais um descart\u00e1vel - \u00e9 um <strong data-start=\"624\" data-end=\"665\">revolu\u00e7\u00e3o na comodidade e no controlo<\/strong>O design compacto e elegante do seu produto \u00e9 equipado com tecnologia de ponta. Desde o ecr\u00e3 t\u00e1til inteligente ao fluxo de ar ajust\u00e1vel e \u00e0s bobinas de malha dupla, <strong data-start=\"817\" data-end=\"844\">CRYSTAL MARY Groove 50K Vape descart\u00e1vel\u00a0<\/strong> foi concebido para impressionar, baforada ap\u00f3s baforada.<\/p>\n<hr data-start=\"884\" data-end=\"887\" \/>\n<h2 data-start=\"889\" data-end=\"905\"><strong data-start=\"893\" data-end=\"905\">CRYSTAL MARY Groove 50000 PUFFS Carater\u00edsticas<\/strong><\/h2>\n<ul data-start=\"907\" data-end=\"2144\">\n<li data-start=\"907\" data-end=\"1152\">\n<p data-start=\"909\" data-end=\"1152\"><strong data-start=\"909\" data-end=\"946\">Grande n\u00famero de baforadas - 50.000 baforadas<\/strong><br data-start=\"946\" data-end=\"949\" \/>O <strong data-start=\"955\" data-end=\"990\">CRYSTAL MARY Groove 50000 PUFFS Vape descart\u00e1vel\u00a0<\/strong> fornece at\u00e9 <strong data-start=\"1006\" data-end=\"1019\">50K puffs<\/strong>O cigarro de tabaco \u00e9 um dos mais potentes no mercado atual. De longa dura\u00e7\u00e3o e ideal para utilizadores intensivos ou para aqueles que valorizam a comodidade.<\/p>\n<\/li>\n<li data-start=\"1154\" data-end=\"1425\">\n<p data-start=\"1156\" data-end=\"1425\"><strong data-start=\"1156\" data-end=\"1200\">Ecr\u00e3 t\u00e1til inteligente com NIC e controlo ICE<\/strong><br data-start=\"1200\" data-end=\"1203\" \/>Assuma o controlo do seu vape com um <strong data-start=\"1247\" data-end=\"1268\">ecr\u00e3 t\u00e1til inteligente<\/strong> que permite o ajuste em tempo real de <strong data-start=\"1305\" data-end=\"1317\">nicotina<\/strong> e <strong data-start=\"1322\" data-end=\"1336\">n\u00edveis de gelo<\/strong>. Personalize cada baforada de acordo com a sua prefer\u00eancia exacta - quer goste de ousadia, frescura ou suavidade.<\/p>\n<\/li>\n<li data-start=\"1427\" data-end=\"1641\">\n<p data-start=\"1429\" data-end=\"1641\"><strong data-start=\"1429\" data-end=\"1461\">Bobina de malha dupla - 0,6\u03a9 + 1,5\u03a9<\/strong><br data-start=\"1461\" data-end=\"1464\" \/>O <strong data-start=\"1470\" data-end=\"1495\">sistema de bobina de malha dupla<\/strong> garante um aquecimento uniforme, um sabor melhorado e nuvens mais suaves. Quer seja um ca\u00e7ador de sabores ou um entusiasta de nuvens, esta configura\u00e7\u00e3o de bobina oferece-o.<\/p>\n<\/li>\n<li data-start=\"1643\" data-end=\"1788\">\n<p data-start=\"1645\" data-end=\"1788\"><strong data-start=\"1645\" data-end=\"1674\">Sistema de fluxo de ar ajust\u00e1vel<\/strong><br data-start=\"1674\" data-end=\"1677\" \/>Personalize a sua resist\u00eancia ao tra\u00e7\u00e3o para uma experi\u00eancia mais apertada da boca para o pulm\u00e3o ou uma batida direta no pulm\u00e3o mais solta e arejada.<\/p>\n<\/li>\n<li data-start=\"1790\" data-end=\"1983\">\n<p data-start=\"1792\" data-end=\"1983\"><strong data-start=\"1792\" data-end=\"1834\">Recarreg\u00e1vel com carregamento r\u00e1pido tipo C<\/strong><br data-start=\"1834\" data-end=\"1837\" \/>Equipado com um <strong data-start=\"1855\" data-end=\"1866\">1000mAh<\/strong> bateria recarreg\u00e1vel e <strong data-start=\"1892\" data-end=\"1902\">Tipo C<\/strong> porta de carregamento r\u00e1pido, obt\u00e9m um desempenho ininterrupto com tempos de recarga r\u00e1pidos.<\/p>\n<\/li>\n<li data-start=\"1985\" data-end=\"2144\">\n<p data-start=\"1987\" data-end=\"2144\"><strong data-start=\"1987\" data-end=\"2023\">Design compacto e f\u00e1cil de viajar<\/strong><br data-start=\"2023\" data-end=\"2026\" \/>Em apenas <strong data-start=\"2036\" data-end=\"2062\">51,1 x 21,5 x 106,96 mm<\/strong> e pesagem <strong data-start=\"2076\" data-end=\"2084\">130g<\/strong>O seu design \u00e9 ultra-port\u00e1til sem sacrificar a pot\u00eancia ou as funcionalidades.<\/p>\n<\/li>\n<\/ul>\n<hr data-start=\"2146\" data-end=\"2149\" \/>\n<h2 data-start=\"2151\" data-end=\"2176\"><strong data-start=\"2155\" data-end=\"2176\">CRYSTAL MARY Groove 50000 PUFFS Sabores dispon\u00edveis<\/strong><\/h2>\n<p data-start=\"2178\" data-end=\"2347\">Explore uma linha din\u00e2mica de sabores criados para satisfazer todos os paladares. Quer prefira perfis frutados, mentolados, azedos ou inspirados em doces, h\u00e1 um sabor para cada disposi\u00e7\u00e3o.<\/p>\n<ol data-start=\"2349\" data-end=\"3060\">\n<li data-start=\"2349\" data-end=\"2429\">\n<p data-start=\"2352\" data-end=\"2429\"><strong data-start=\"2352\" data-end=\"2369\">Gelo Blue Razz<\/strong> - Uma explos\u00e3o de suculenta framboesa azul com um final arrepiante.<\/p>\n<\/li>\n<li data-start=\"2430\" data-end=\"2489\">\n<p data-start=\"2433\" data-end=\"2489\"><strong data-start=\"2433\" data-end=\"2447\">Miami Mint<\/strong> - Fresco, crocante e refrescantemente suave.<\/p>\n<\/li>\n<li data-start=\"2490\" data-end=\"2550\">\n<p data-start=\"2493\" data-end=\"2550\"><strong data-start=\"2493\" data-end=\"2511\">Gelo de melancia<\/strong> - Do\u00e7ura de ver\u00e3o com um toque fresco.<\/p>\n<\/li>\n<li data-start=\"2551\" data-end=\"2625\">\n<p data-start=\"2554\" data-end=\"2625\"><strong data-start=\"2554\" data-end=\"2574\">Morango B-Pop<\/strong> - Sabor a frutos silvestres com um toque de do\u00e7ura.<\/p>\n<\/li>\n<li data-start=\"2626\" data-end=\"2690\">\n<p data-start=\"2629\" data-end=\"2690\"><strong data-start=\"2629\" data-end=\"2647\">Gelo de ma\u00e7\u00e3 azeda<\/strong> - A ma\u00e7\u00e3 verde azeda encontra tons de gelo.<\/p>\n<\/li>\n<li data-start=\"2691\" data-end=\"2755\">\n<p data-start=\"2694\" data-end=\"2755\"><strong data-start=\"2694\" data-end=\"2718\">Manga azeda Anan\u00e1s<\/strong> - Um toque tropical com um toque azedo.<\/p>\n<\/li>\n<li data-start=\"2756\" data-end=\"2811\">\n<p data-start=\"2759\" data-end=\"2811\"><strong data-start=\"2759\" data-end=\"2774\">Cabe\u00e7as de lim\u00e3o<\/strong> - Um zing c\u00edtrico que d\u00e1 um murro.<\/p>\n<\/li>\n<li data-start=\"2812\" data-end=\"2887\">\n<p data-start=\"2815\" data-end=\"2887\"><strong data-start=\"2815\" data-end=\"2838\">Caramelo de banana congelado<\/strong> - Banana cremosa com um final nost\u00e1lgico de rebu\u00e7ado.<\/p>\n<\/li>\n<li data-start=\"2888\" data-end=\"2983\">\n<p data-start=\"2891\" data-end=\"2983\"><strong data-start=\"2891\" data-end=\"2901\">Azedo F<\/strong>*ing Fab** - Ousado, picante e sem desculpas azedo (para os amantes de sabores extremos).<\/p>\n<\/li>\n<li data-start=\"2984\" data-end=\"3060\">\n<p data-start=\"2988\" data-end=\"3060\"><strong data-start=\"2988\" data-end=\"3017\">Refrescante de morango e kiwi<\/strong> - Uma fus\u00e3o frutada de vibra\u00e7\u00f5es cl\u00e1ssicas de ver\u00e3o.<\/p>\n<\/li>\n<\/ol>\n<hr data-start=\"3062\" data-end=\"3065\" \/>\n<h2 data-start=\"3067\" data-end=\"3100\"><strong data-start=\"3071\" data-end=\"3100\">FAQ - Devolu\u00e7\u00f5es e trocas<\/strong><\/h2>\n<p data-start=\"3102\" data-end=\"3443\"><strong data-start=\"3102\" data-end=\"3185\">P: Qual \u00e9 a vossa pol\u00edtica de devolu\u00e7\u00f5es e trocas para CRYSTAL MARY Groove 50000 PUFFS?<\/strong><br data-start=\"3185\" data-end=\"3188\" \/>Estamos empenhados na satisfa\u00e7\u00e3o do cliente e garantimos a qualidade dos nossos produtos. <strong data-start=\"3266\" data-end=\"3293\">CRYSTAL MARY Groove 50K<\/strong>. Se o produto chegar com defeito, danificado ou significativamente diferente da descri\u00e7\u00e3o, o utilizador pode solicitar uma <strong data-start=\"3392\" data-end=\"3428\">devolu\u00e7\u00e3o ou troca no prazo de 7 dias<\/strong> de entrega.<\/p>\n<ul data-start=\"3444\" data-end=\"3731\">\n<li data-start=\"3444\" data-end=\"3503\">\n<p data-start=\"3446\" data-end=\"3503\">Os artigos devem ser <strong data-start=\"3460\" data-end=\"3470\">n\u00e3o utilizado<\/strong> e em <strong data-start=\"3478\" data-end=\"3500\">embalagem original<\/strong>.<\/p>\n<\/li>\n<li data-start=\"3504\" data-end=\"3634\">\n<p data-start=\"3506\" data-end=\"3634\">Para iniciar uma devolu\u00e7\u00e3o ou troca, por favor <strong data-start=\"3547\" data-end=\"3584\">contactar a nossa equipa de apoio ao cliente<\/strong> com o seu n\u00famero de encomenda e fotografias do problema.<\/p>\n<\/li>\n<li data-start=\"3635\" data-end=\"3731\">\n<p data-start=\"3637\" data-end=\"3731\">Uma vez aprovado, marcaremos uma <strong data-start=\"3670\" data-end=\"3700\">substitui\u00e7\u00e3o ou reembolso total<\/strong>, consoante a sua prefer\u00eancia.<\/p>\n<\/li>\n<\/ul>\n<p data-start=\"3733\" data-end=\"3822\"><em data-start=\"3733\" data-end=\"3822\">Nota: N\u00e3o aceitamos devolu\u00e7\u00f5es de artigos usados por motivos de higiene e seguran\u00e7a.<\/em><\/p>","protected":false},"excerpt":{"rendered":"<p>Experimente at\u00e9 50.000 baforadas com <strong>CRYSTAL MARY Groove 50000 PUFFS<\/strong> <strong>Vape descart\u00e1vel<\/strong> - com bobinas de malha dupla, fluxo de ar ajust\u00e1vel e um ecr\u00e3 t\u00e1til inteligente para um controlo total da nicotina e do gelo.<\/p>","protected":false},"featured_media":36140,"comment_status":"open","ping_status":"closed","template":"","meta":[],"product_brand":[],"product_cat":[207],"product_tag":[],"class_list":{"0":"post-36033","1":"product","2":"type-product","3":"status-publish","4":"has-post-thumbnail","6":"product_cat-crystal-disposable-vape","8":"first","9":"instock","10":"shipping-taxable","11":"purchasable","12":"product-type-variable"},"_links":{"self":[{"href":"https:\/\/euvapz.com\/pt\/wp-json\/wp\/v2\/product\/36033","targetHints":{"allow":["GET"]}}],"collection":[{"href":"https:\/\/euvapz.com\/pt\/wp-json\/wp\/v2\/product"}],"about":[{"href":"https:\/\/euvapz.com\/pt\/wp-json\/wp\/v2\/types\/product"}],"replies":[{"embeddable":true,"href":"https:\/\/euvapz.com\/pt\/wp-json\/wp\/v2\/comments?post=36033"}],"version-history":[{"count":2,"href":"https:\/\/euvapz.com\/pt\/wp-json\/wp\/v2\/product\/36033\/revisions"}],"predecessor-version":[{"id":36144,"href":"https:\/\/euvapz.com\/pt\/wp-json\/wp\/v2\/product\/36033\/revisions\/36144"}],"wp:featuredmedia":[{"embeddable":true,"href":"https:\/\/euvapz.com\/pt\/wp-json\/wp\/v2\/media\/36140"}],"wp:attachment":[{"href":"https:\/\/euvapz.com\/pt\/wp-json\/wp\/v2\/media?parent=36033"}],"wp:term":[{"taxonomy":"product_brand","embeddable":true,"href":"https:\/\/euvapz.com\/pt\/wp-json\/wp\/v2\/product_brand?post=36033"},{"taxonomy":"product_cat","embeddable":true,"href":"https:\/\/euvapz.com\/pt\/wp-json\/wp\/v2\/product_cat?post=36033"},{"taxonomy":"product_tag","embeddable":true,"href":"https:\/\/euvapz.com\/pt\/wp-json\/wp\/v2\/product_tag?post=36033"}],"curies":[{"name":"wp","href":"https:\/\/api.w.org\/{rel}","templated":true}]}}